{"id":49872,"date":"2023-04-13T18:01:41","date_gmt":"2023-04-13T18:01:41","guid":{"rendered":"https:\/\/redfoxlotto.eu\/?page_id=49872"},"modified":"2026-01-06T08:19:29","modified_gmt":"2026-01-06T08:19:29","slug":"home","status":"publish","type":"page","link":"https:\/\/redfoxlotto.com\/hr\/","title":{"rendered":"Dr\u017eava u kojoj \u017eivite nije bitna, igrajte najve\u0107e lutrije svijeta"},"content":{"rendered":"<p><script type=\"application\/ld+json\">\n{\n  \"@context\": \"https:\/\/schema.org\",\n  \"@type\": \"Service\",\n  \"name\": \"Igraj Powerball online\",\n  \"url\": \"https:\/\/redfoxlotto.com\/hr\/\",\n  \"description\": \"Najve\u0107i svjetski loto jackpotovi dostupni su odakle god \u2013 kupite loto listi\u0107e online odmah!\",\n  \"serviceType\": \"Online usluga posredovanja za loto listi\u0107e\",\n  \"provider\": {\n    \"@type\": \"Organization\",\n    \"name\": \"RedFoxLotto\",\n    \"url\": \"https:\/\/redfoxlotto.com\/hr\/\",\n    \"image\": \"https:\/\/redfoxlotto.com\/wp-content\/uploads\/2025\/12\/ticket_scans.jpg\"\n  },\n  \"areaServed\": \"Diljem svijeta\",\n  \"termsOfService\": \"https:\/\/redfoxlotto.com\/terms-and-conditions\",\n  \"additionalProperty\": {\n    \"@type\": \"PropertyValue\",\n    \"name\": \"\u010cesta pitanja\",\n    \"value\": \"https:\/\/redfoxlotto.com\/hr\/faq\/\"\n  },\n  \"hasOfferCatalog\": {\n    \"@type\": \"OfferCatalog\",\n    \"name\": \"Loto listi\u0107i za me\u0111unarodne lutrije\",\n    \"itemListElement\": [\n      {\n        \"@type\": \"Offer\",\n        \"name\": \"Listi\u0107i za Powerball, Mega Millions, Euromillions i druge\",\n        \"url\": \"https:\/\/redfoxlotto.com\/hr\/\",\n        \"description\": \"Kupite listi\u0107e za najve\u0107e loto jackpotove na svijetu.\",\n        \"availability\": \"https:\/\/schema.org\/InStock\",\n        \"itemOffered\": {\n          \"@type\": \"Service\",\n          \"name\": \"Me\u0111unarodni loto listi\u0107i\",\n          \"description\": \"Sudjelujte u me\u0111unarodnim lutrijama putem RedFoxLotto.\"\n        }\n      }\n    ]\n  },\n  \"mainEntityOfPage\": {\n    \"@type\": \"WebPage\",\n    \"@id\": \"https:\/\/redfoxlotto.com\/hr\/\"\n  }\n}\n<\/script><\/p>\n<h2>Va\u0161a dr\u017eava prebivali\u0161ta nije bitna, igrajte najve\u0107e lutrije na svijetu<\/h2>\n<p><img loading=\"lazy\" decoding=\"async\" class=\"size-full wp-image-4467 alignright\" src=\"https:\/\/redfoxlotto.com\/wp-content\/uploads\/2024\/03\/Balls_2.png\" alt=\"online lutrijski listi\u0107\" width=\"212\" height=\"250\" \/>Koliko ste puta \u010duli za dobitnike lutrije diljem svijeta koji su osvojili ogromne svote novca? Na\u017ealost, ti su veliki dobici uglavnom ostvareni u drugim zemljama. Naravno, i u va\u0161oj zemlji se s vremena na vrijeme pojavljuju veliki jackpotovi. No \u010desto je potrebno dosta vremena da jackpot postane dovoljno velik. Ako \u010dekate veliki jackpot, mo\u017eda \u0107ete morati pri\u010dekati.<\/p>\n<p>Ali sada mo\u017eete kupovati lutrijske listi\u0107e online za najve\u0107e svjetske jackpotove. To zna\u010di da mo\u017eete sudjelovati u lutrijama izvan svoje zemlje. To je potpuno legalno i vrlo prakti\u010dno. Svoj lutrijski listi\u0107 mo\u017eete naru\u010diti online uz samo nekoliko klikova. Zatim pla\u0107ate, primjerice, kreditnom karticom putem potpuno sigurnog procesa. Alternativno, mo\u017eete koristiti neki od na\u0161ih drugih na\u010dina pla\u0107anja. Ubrzo \u0107ete primiti e-mail s potvrdom. Nijedan lutrijski listi\u0107 ne mo\u017ee se izgubiti, a mi \u0107emo vas automatski obavijestiti o svakoj dobitnoj kombinaciji. Na taj na\u010din ne mo\u017eete propustiti dobitak jer ste zaboravili provjeriti rezultate!<\/p>\n<h2>Najve\u0107a prednost kupnje lutrijskog listi\u0107a online<\/h2>\n<p>Najve\u0107a prednost je ta \u0161to uvijek mo\u017eete kupiti listi\u0107e za one lutrije \u010diji su jackpotovi trenutno na najvi\u0161im razinama. Nije va\u017eno koliko novca tro\u0161ite na lutrijske listi\u0107e. Svakako je isplativije ulo\u017eiti u jackpot od 150 milijuna nego u isplatu od dva milijuna. Uz ve\u0107i izbor lutrija dostupnih online, mo\u0107i \u0107ete prona\u0107i barem jedan ogroman jackpot svakog tjedna. To vam daje bolji omjer cijene i potencijalne dobitke u usporedbi s lokalnom lutrijom. A ponekad ti jackpotovi dose\u017eu zapanjuju\u0107e iznose.<\/p>\n<p>Svjetski rekord za jackpot iznosi 2.040.000.000 USD (stanje u srpnju 2023.). Osvojen je 22. studenog 2022. u ameri\u010dkoj lutriji Powerball. Dana 13. sije\u010dnja 2016. postojao je jo\u0161 jedan jackpot od 1,586 milijardi USD, tako\u0111er osvojen u Powerballu. Tre\u0107i najve\u0107i jackpot u povijesti osvojen je u lutriji Mega Millions 23. listopada 2018., kada je sretni dobitnik osvojio 1,537 milijardi USD.<\/p>\n<p>Mnogi od prethodnih velikih dobitaka u tim lutrijama ostvareni su kupnjom listi\u0107a online.<\/p>\n<h2>\u0160to se doga\u0111a nakon \u0161to naru\u010dim listi\u0107 online?<\/h2>\n<p><img loading=\"lazy\" decoding=\"async\" class=\"size-medium wp-image-39298 alignright\" src=\"https:\/\/redfoxlotto.com\/wp-content\/uploads\/2023\/04\/1_play_online_lotto.jpg\" alt=\"igrajte online loto\" width=\"300\" height=\"300\" \/>Usluga koju pru\u017ea RedFoxLotto.com uklju\u010duje zaposlenike u zemljama u kojima se odr\u017eavaju pojedine lutrije. Oni \u0107e kupiti listi\u0107e koje ste naru\u010dili. Rije\u010d je o stvarnim, slu\u017ebenim lutrijskim listi\u0107ima. Osiguravamo da listi\u0107i sadr\u017ee brojeve koje ste odabrali. Nakon kupnje primit \u0107ete e-mail s potvrdom. Svoju narud\u017ebu i brojeve mo\u017eete provjeriti u korisni\u010dkom podru\u010dju. Ubrzo nakon narud\u017ebe, skenirana kopija listi\u0107a koji smo kupili za vas bit \u0107e prenesena na va\u0161 korisni\u010dki ra\u010dun.<\/p>\n<h2>A \u0161to ako osvojim dobitak?<\/h2>\n<p>I to smo vam olak\u0161ali. Svi dobici manji od 2.500 \u20ac bit \u0107e odmah pripisani na va\u0161 RedFoxLotto korisni\u010dki ra\u010dun. Odatle imate iste opcije isplate koje ste koristili prilikom pla\u0107anja listi\u0107a. Ako va\u0161 dobitak prema\u0161uje 2.500 \u20ac, na\u0161 tim za korisni\u010dku podr\u0161ku kontaktirat \u0107e vas radi dogovora isplate. U va\u0161e ime kontaktirat \u0107emo odgovaraju\u0107u lutrijsku komisiju. Takva isplata obi\u010dno se izvr\u0161ava izravno na va\u0161 bankovni ra\u010dun ili putem \u010deka.<\/p>\n<p>Va\u0161e dobitke obra\u0111ujemo besplatno, osim male naknade za bankovne prijenose prema odre\u0111enim bankama.<\/p>\n<p>Za vi\u0161e informacija pogledajte na\u0161 FAQ. Ako tamo ne prona\u0111ete odgovor na svoje pitanje, slobodno kontaktirajte na\u0161 tim za podr\u0161ku.<\/p>\n<p>Vi\u0161e nema razloga da se zadovoljavate manjim lutrijskim jackpotovima! Jednostavno odaberite ve\u0107i jackpot na na\u0161oj web stranici. Zatim odaberite svoje brojeve i uskoro mo\u017eete postati sljede\u0107i lutrijski multimilijuna\u0161! \u017delimo vam puno sre\u0107e!<\/p>\n","protected":false},"excerpt":{"rendered":"<p>Va\u0161a dr\u017eava prebivali\u0161ta nije bitna, igrajte najve\u0107e lutrije na svijetu Koliko ste puta \u010duli za dobitnike lutrije diljem svijeta koji su osvojili ogromne svote novca? Na\u017ealost, ti su veliki dobici uglavnom ostvareni u drugim zemljama. Naravno, i u va\u0161oj zemlji se s vremena na vrijeme pojavljuju veliki jackpotovi. No \u010desto je potrebno dosta vremena da [&hellip;]<\/p>\n","protected":false},"author":1,"featured_media":0,"parent":0,"menu_order":1,"comment_status":"closed","ping_status":"closed","template":"lotto.php","meta":{"_et_pb_use_builder":"","_et_pb_old_content":"","_et_gb_content_width":"","exclude_from_search":false,"footnotes":""},"class_list":["post-49872","page","type-page","status-publish","hentry"],"yoast_head":"<!-- This site is optimized with the Yoast SEO plugin v23.8 - https:\/\/yoast.com\/wordpress\/plugins\/seo\/ -->\n<title>Lutrija on-line | Kupite listi\u0107e za najve\u0107e svjetske vrijednosti jackpota<\/title>\n<meta name=\"description\" content=\"Najve\u0107i svjetski loto jackpot iznosi dostupni bilo gdje \u2013 kupite Va\u0161e listi\u0107e on-line sada!\" \/>\n<meta name=\"robots\" content=\"index, follow, max-snippet:-1, max-image-preview:large, max-video-preview:-1\" \/>\n<link rel=\"canonical\" href=\"https:\/\/redfoxlotto.com\/hr\/\" \/>\n<meta property=\"og:locale\" content=\"hr_HR\" \/>\n<meta property=\"og:type\" content=\"article\" \/>\n<meta property=\"og:title\" content=\"Lutrija on-line | Kupite listi\u0107e za najve\u0107e svjetske vrijednosti jackpota\" \/>\n<meta property=\"og:description\" content=\"Najve\u0107i svjetski loto jackpot iznosi dostupni bilo gdje \u2013 kupite Va\u0161e listi\u0107e on-line sada!\" \/>\n<meta property=\"og:url\" content=\"https:\/\/redfoxlotto.com\/hr\/\" \/>\n<meta property=\"og:site_name\" content=\"Get Tickets for the World\u2019s largest jackpots\" \/>\n<meta property=\"article:modified_time\" content=\"2026-01-06T08:19:29+00:00\" \/>\n<meta property=\"og:image\" content=\"https:\/\/redfoxlotto.com\/wp-content\/uploads\/2024\/03\/Balls_2.png\" \/>\n<meta name=\"twitter:card\" content=\"summary_large_image\" \/>\n<meta name=\"twitter:label1\" content=\"Procijenjeno vrijeme \u010ditanja\" \/>\n\t<meta name=\"twitter:data1\" content=\"4 minute\" \/>\n<script type=\"application\/ld+json\" class=\"yoast-schema-graph\">{\"@context\":\"https:\/\/schema.org\",\"@graph\":[{\"@type\":\"WebPage\",\"@id\":\"https:\/\/redfoxlotto.com\/hr\/\",\"url\":\"https:\/\/redfoxlotto.com\/hr\/\",\"name\":\"Lutrija on-line | Kupite listi\u0107e za najve\u0107e svjetske vrijednosti jackpota\",\"isPartOf\":{\"@id\":\"https:\/\/redfoxlotto.com\/hr\/#website\"},\"primaryImageOfPage\":{\"@id\":\"https:\/\/redfoxlotto.com\/hr\/#primaryimage\"},\"image\":{\"@id\":\"https:\/\/redfoxlotto.com\/hr\/#primaryimage\"},\"thumbnailUrl\":\"https:\/\/redfoxlotto.com\/wp-content\/uploads\/2024\/03\/Balls_2.png\",\"datePublished\":\"2023-04-13T18:01:41+00:00\",\"dateModified\":\"2026-01-06T08:19:29+00:00\",\"description\":\"Najve\u0107i svjetski loto jackpot iznosi dostupni bilo gdje \u2013 kupite Va\u0161e listi\u0107e on-line sada!\",\"breadcrumb\":{\"@id\":\"https:\/\/redfoxlotto.com\/hr\/#breadcrumb\"},\"inLanguage\":\"hr\",\"potentialAction\":[{\"@type\":\"ReadAction\",\"target\":[\"https:\/\/redfoxlotto.com\/hr\/\"]}]},{\"@type\":\"ImageObject\",\"inLanguage\":\"hr\",\"@id\":\"https:\/\/redfoxlotto.com\/hr\/#primaryimage\",\"url\":\"https:\/\/redfoxlotto.com\/wp-content\/uploads\/2024\/03\/Balls_2.png\",\"contentUrl\":\"https:\/\/redfoxlotto.com\/wp-content\/uploads\/2024\/03\/Balls_2.png\"},{\"@type\":\"BreadcrumbList\",\"@id\":\"https:\/\/redfoxlotto.com\/hr\/#breadcrumb\",\"itemListElement\":[{\"@type\":\"ListItem\",\"position\":1,\"name\":\"Home\",\"item\":\"https:\/\/redfoxlotto.com\/hr\/\"},{\"@type\":\"ListItem\",\"position\":2,\"name\":\"Dr\u017eava u kojoj \u017eivite nije bitna, igrajte najve\u0107e lutrije svijeta\"}]},{\"@type\":\"WebSite\",\"@id\":\"https:\/\/redfoxlotto.com\/hr\/#website\",\"url\":\"https:\/\/redfoxlotto.com\/hr\/\",\"name\":\"Get Tickets for the World\u2019s largest jackpots\",\"description\":\"Participate in worldwide lottery jackpots from any country\",\"publisher\":{\"@id\":\"https:\/\/redfoxlotto.com\/hr\/#organization\"},\"potentialAction\":[{\"@type\":\"SearchAction\",\"target\":{\"@type\":\"EntryPoint\",\"urlTemplate\":\"https:\/\/redfoxlotto.com\/hr\/?s={search_term_string}\"},\"query-input\":{\"@type\":\"PropertyValueSpecification\",\"valueRequired\":true,\"valueName\":\"search_term_string\"}}],\"inLanguage\":\"hr\"},{\"@type\":\"Organization\",\"@id\":\"https:\/\/redfoxlotto.com\/hr\/#organization\",\"name\":\"Get Tickets for the World\u2019s largest jackpots\",\"url\":\"https:\/\/redfoxlotto.com\/hr\/\",\"logo\":{\"@type\":\"ImageObject\",\"inLanguage\":\"hr\",\"@id\":\"https:\/\/redfoxlotto.com\/hr\/#\/schema\/logo\/image\/\",\"url\":\"https:\/\/redfoxlotto.com\/wp-content\/uploads\/2023\/04\/logo.png\",\"contentUrl\":\"https:\/\/redfoxlotto.com\/wp-content\/uploads\/2023\/04\/logo.png\",\"width\":269,\"height\":53,\"caption\":\"Get Tickets for the World\u2019s largest jackpots\"},\"image\":{\"@id\":\"https:\/\/redfoxlotto.com\/hr\/#\/schema\/logo\/image\/\"}}]}<\/script>\n<!-- \/ Yoast SEO plugin. -->","yoast_head_json":{"title":"Lutrija on-line | Kupite listi\u0107e za najve\u0107e svjetske vrijednosti jackpota","description":"Najve\u0107i svjetski loto jackpot iznosi dostupni bilo gdje \u2013 kupite Va\u0161e listi\u0107e on-line sada!","robots":{"index":"index","follow":"follow","max-snippet":"max-snippet:-1","max-image-preview":"max-image-preview:large","max-video-preview":"max-video-preview:-1"},"canonical":"https:\/\/redfoxlotto.com\/hr\/","og_locale":"hr_HR","og_type":"article","og_title":"Lutrija on-line | Kupite listi\u0107e za najve\u0107e svjetske vrijednosti jackpota","og_description":"Najve\u0107i svjetski loto jackpot iznosi dostupni bilo gdje \u2013 kupite Va\u0161e listi\u0107e on-line sada!","og_url":"https:\/\/redfoxlotto.com\/hr\/","og_site_name":"Get Tickets for the World\u2019s largest jackpots","article_modified_time":"2026-01-06T08:19:29+00:00","og_image":[{"url":"https:\/\/redfoxlotto.com\/wp-content\/uploads\/2024\/03\/Balls_2.png"}],"twitter_card":"summary_large_image","twitter_misc":{"Procijenjeno vrijeme \u010ditanja":"4 minute"},"schema":{"@context":"https:\/\/schema.org","@graph":[{"@type":"WebPage","@id":"https:\/\/redfoxlotto.com\/hr\/","url":"https:\/\/redfoxlotto.com\/hr\/","name":"Lutrija on-line | Kupite listi\u0107e za najve\u0107e svjetske vrijednosti jackpota","isPartOf":{"@id":"https:\/\/redfoxlotto.com\/hr\/#website"},"primaryImageOfPage":{"@id":"https:\/\/redfoxlotto.com\/hr\/#primaryimage"},"image":{"@id":"https:\/\/redfoxlotto.com\/hr\/#primaryimage"},"thumbnailUrl":"https:\/\/redfoxlotto.com\/wp-content\/uploads\/2024\/03\/Balls_2.png","datePublished":"2023-04-13T18:01:41+00:00","dateModified":"2026-01-06T08:19:29+00:00","description":"Najve\u0107i svjetski loto jackpot iznosi dostupni bilo gdje \u2013 kupite Va\u0161e listi\u0107e on-line sada!","breadcrumb":{"@id":"https:\/\/redfoxlotto.com\/hr\/#breadcrumb"},"inLanguage":"hr","potentialAction":[{"@type":"ReadAction","target":["https:\/\/redfoxlotto.com\/hr\/"]}]},{"@type":"ImageObject","inLanguage":"hr","@id":"https:\/\/redfoxlotto.com\/hr\/#primaryimage","url":"https:\/\/redfoxlotto.com\/wp-content\/uploads\/2024\/03\/Balls_2.png","contentUrl":"https:\/\/redfoxlotto.com\/wp-content\/uploads\/2024\/03\/Balls_2.png"},{"@type":"BreadcrumbList","@id":"https:\/\/redfoxlotto.com\/hr\/#breadcrumb","itemListElement":[{"@type":"ListItem","position":1,"name":"Home","item":"https:\/\/redfoxlotto.com\/hr\/"},{"@type":"ListItem","position":2,"name":"Dr\u017eava u kojoj \u017eivite nije bitna, igrajte najve\u0107e lutrije svijeta"}]},{"@type":"WebSite","@id":"https:\/\/redfoxlotto.com\/hr\/#website","url":"https:\/\/redfoxlotto.com\/hr\/","name":"Get Tickets for the World\u2019s largest jackpots","description":"Participate in worldwide lottery jackpots from any country","publisher":{"@id":"https:\/\/redfoxlotto.com\/hr\/#organization"},"potentialAction":[{"@type":"SearchAction","target":{"@type":"EntryPoint","urlTemplate":"https:\/\/redfoxlotto.com\/hr\/?s={search_term_string}"},"query-input":{"@type":"PropertyValueSpecification","valueRequired":true,"valueName":"search_term_string"}}],"inLanguage":"hr"},{"@type":"Organization","@id":"https:\/\/redfoxlotto.com\/hr\/#organization","name":"Get Tickets for the World\u2019s largest jackpots","url":"https:\/\/redfoxlotto.com\/hr\/","logo":{"@type":"ImageObject","inLanguage":"hr","@id":"https:\/\/redfoxlotto.com\/hr\/#\/schema\/logo\/image\/","url":"https:\/\/redfoxlotto.com\/wp-content\/uploads\/2023\/04\/logo.png","contentUrl":"https:\/\/redfoxlotto.com\/wp-content\/uploads\/2023\/04\/logo.png","width":269,"height":53,"caption":"Get Tickets for the World\u2019s largest jackpots"},"image":{"@id":"https:\/\/redfoxlotto.com\/hr\/#\/schema\/logo\/image\/"}}]}},"_links":{"self":[{"href":"https:\/\/redfoxlotto.com\/hr\/wp-json\/wp\/v2\/pages\/49872","targetHints":{"allow":["GET"]}}],"collection":[{"href":"https:\/\/redfoxlotto.com\/hr\/wp-json\/wp\/v2\/pages"}],"about":[{"href":"https:\/\/redfoxlotto.com\/hr\/wp-json\/wp\/v2\/types\/page"}],"author":[{"embeddable":true,"href":"https:\/\/redfoxlotto.com\/hr\/wp-json\/wp\/v2\/users\/1"}],"replies":[{"embeddable":true,"href":"https:\/\/redfoxlotto.com\/hr\/wp-json\/wp\/v2\/comments?post=49872"}],"version-history":[{"count":0,"href":"https:\/\/redfoxlotto.com\/hr\/wp-json\/wp\/v2\/pages\/49872\/revisions"}],"wp:attachment":[{"href":"https:\/\/redfoxlotto.com\/hr\/wp-json\/wp\/v2\/media?parent=49872"}],"curies":[{"name":"wp","href":"https:\/\/api.w.org\/{rel}","templated":true}]}}