{"id":18213,"date":"2018-11-18T08:54:25","date_gmt":"2018-11-18T08:54:25","guid":{"rendered":"https:\/\/redfoxlotto.com\/?page_id=18213"},"modified":"2023-05-10T08:46:20","modified_gmt":"2023-05-10T08:46:20","slug":"el-gordo-primitiva","status":"publish","type":"page","link":"https:\/\/redfoxlotto.com\/hr\/rezultati\/el-gordo-primitiva\/","title":{"rendered":"El Gordo rezultati"},"content":{"rendered":"<p><\/p>\n<p>Provjerite posljednje rezultate izvla\u010denja za El Gordo ovdje na na\u0161oj internet stranici. Ako ve\u0107 imate listi\u0107, oti\u0111ite na podru\u010dje &#8220;Moji listi\u0107i&#8221; na svom korisni\u010dkom ra\u010dunu i tamo odmah mo\u017eete provjeriti da li je va\u0161 listi\u0107 dobitan.<\/p>\n<p><\/p>\n<p><img decoding=\"async\" class=\"size-full wp-image alignright\" src=\"https:\/\/content.redfoxlotto.com\/uploads\/sites\/9\/1_results_draw_numbers.jpg\" alt=\"rezultati lotoa\"><\/p>\n<p><\/p>\n<h2 class=\"wp-block-heading\">Rezultati za El Gordo Navidad<\/h2>\n<p><\/p>\n<p><\/p>\n<p>Kada izvode \u0161panjolski El Gordo, Bo\u017ei\u0107nu lutriju, budite spremni na posebnu vrstu izvla\u010denja. U trosatnoj sve\u010danosti, koja se izvodi 22. prosinca svake godine, izvla\u010de se dobitni brojevi. Cijeli se proces prenosi u\u017eivo preko televizije. Tamo se nalaze dva velika zlatna bubnja, gdje prvi od njih sadr\u017ei sve brojeve izme\u0111u 00000 i 99999, a drugi sadr\u017ei loptice u kojima se nalazi vrsta dobitka.<\/p>\n<p><\/p>\n<p><\/p>\n<p>Rezultati El Gordoa ne\u0107e samo biti prikazani, ve\u0107 \u0107e ih i otpjevati zbor djece iz San Ildefenso \u0161kole u Madridu.<\/p>\n<p><\/p>","protected":false},"excerpt":{"rendered":"<p>Provjerite posljednje rezultate izvla\u010denja za El Gordo ovdje na na\u0161oj internet stranici. Ako ve\u0107 imate listi\u0107, oti\u0111ite na podru\u010dje &#8220;Moji listi\u0107i&#8221; na svom korisni\u010dkom ra\u010dunu i tamo odmah mo\u017eete provjeriti da li je va\u0161 listi\u0107 dobitan. Rezultati za El Gordo Navidad Kada izvode \u0161panjolski El Gordo, Bo\u017ei\u0107nu lutriju, budite spremni na posebnu vrstu izvla\u010denja. U [&hellip;]<\/p>\n","protected":false},"author":1,"featured_media":0,"parent":16722,"menu_order":6,"comment_status":"closed","ping_status":"closed","template":"el-gordo-results.php","meta":{"_et_pb_use_builder":"","_et_pb_old_content":"","_et_gb_content_width":"","exclude_from_search":false,"footnotes":""},"class_list":["post-18213","page","type-page","status-publish","hentry"],"yoast_head":"<!-- This site is optimized with the Yoast SEO plugin v27.3 - https:\/\/yoast.com\/product\/yoast-seo-wordpress\/ -->\n<title>Rezultati, dobitni brojevi \u0161panjolske El Gordo lutrije<\/title>\n<meta name=\"description\" content=\"El Gordo, Bo\u017ei\u0107na verzija La Primitive - njegovi su rezultati prikazani kao poseban doga\u0111aj!\" \/>\n<meta name=\"robots\" content=\"index, follow, max-snippet:-1, max-image-preview:large, max-video-preview:-1\" \/>\n<link rel=\"canonical\" href=\"https:\/\/redfoxlotto.com\/hr\/rezultati\/el-gordo-primitiva\/\" \/>\n<meta property=\"og:locale\" content=\"hr_HR\" \/>\n<meta property=\"og:type\" content=\"article\" \/>\n<meta property=\"og:title\" content=\"Rezultati, dobitni brojevi \u0161panjolske El Gordo lutrije\" \/>\n<meta property=\"og:description\" content=\"El Gordo, Bo\u017ei\u0107na verzija La Primitive - njegovi su rezultati prikazani kao poseban doga\u0111aj!\" \/>\n<meta property=\"og:url\" content=\"https:\/\/redfoxlotto.com\/hr\/rezultati\/el-gordo-primitiva\/\" \/>\n<meta property=\"og:site_name\" content=\"Get Tickets for the World\u2019s largest jackpots\" \/>\n<meta property=\"article:modified_time\" content=\"2023-05-10T08:46:20+00:00\" \/>\n<meta property=\"og:image\" content=\"https:\/\/content.redfoxlotto.com\/uploads\/sites\/9\/1_results_draw_numbers.jpg\" \/>\n<meta name=\"twitter:card\" content=\"summary_large_image\" \/>\n<meta name=\"twitter:label1\" content=\"Procijenjeno vrijeme \u010ditanja\" \/>\n\t<meta name=\"twitter:data1\" content=\"1 minuta\" \/>\n<script type=\"application\/ld+json\" class=\"yoast-schema-graph\">{\"@context\":\"https:\\\/\\\/schema.org\",\"@graph\":[{\"@type\":\"WebPage\",\"@id\":\"https:\\\/\\\/redfoxlotto.com\\\/hr\\\/rezultati\\\/el-gordo-primitiva\\\/\",\"url\":\"https:\\\/\\\/redfoxlotto.com\\\/hr\\\/rezultati\\\/el-gordo-primitiva\\\/\",\"name\":\"Rezultati, dobitni brojevi \u0161panjolske El Gordo lutrije\",\"isPartOf\":{\"@id\":\"https:\\\/\\\/redfoxlotto.com\\\/hr\\\/#website\"},\"primaryImageOfPage\":{\"@id\":\"https:\\\/\\\/redfoxlotto.com\\\/hr\\\/rezultati\\\/el-gordo-primitiva\\\/#primaryimage\"},\"image\":{\"@id\":\"https:\\\/\\\/redfoxlotto.com\\\/hr\\\/rezultati\\\/el-gordo-primitiva\\\/#primaryimage\"},\"thumbnailUrl\":\"https:\\\/\\\/content.redfoxlotto.com\\\/uploads\\\/sites\\\/9\\\/1_results_draw_numbers.jpg\",\"datePublished\":\"2018-11-18T08:54:25+00:00\",\"dateModified\":\"2023-05-10T08:46:20+00:00\",\"description\":\"El Gordo, Bo\u017ei\u0107na verzija La Primitive - njegovi su rezultati prikazani kao poseban doga\u0111aj!\",\"breadcrumb\":{\"@id\":\"https:\\\/\\\/redfoxlotto.com\\\/hr\\\/rezultati\\\/el-gordo-primitiva\\\/#breadcrumb\"},\"inLanguage\":\"hr\",\"potentialAction\":[{\"@type\":\"ReadAction\",\"target\":[\"https:\\\/\\\/redfoxlotto.com\\\/hr\\\/rezultati\\\/el-gordo-primitiva\\\/\"]}]},{\"@type\":\"ImageObject\",\"inLanguage\":\"hr\",\"@id\":\"https:\\\/\\\/redfoxlotto.com\\\/hr\\\/rezultati\\\/el-gordo-primitiva\\\/#primaryimage\",\"url\":\"https:\\\/\\\/content.redfoxlotto.com\\\/uploads\\\/sites\\\/9\\\/1_results_draw_numbers.jpg\",\"contentUrl\":\"https:\\\/\\\/content.redfoxlotto.com\\\/uploads\\\/sites\\\/9\\\/1_results_draw_numbers.jpg\"},{\"@type\":\"BreadcrumbList\",\"@id\":\"https:\\\/\\\/redfoxlotto.com\\\/hr\\\/rezultati\\\/el-gordo-primitiva\\\/#breadcrumb\",\"itemListElement\":[{\"@type\":\"ListItem\",\"position\":1,\"name\":\"Home\",\"item\":\"https:\\\/\\\/redfoxlotto.com\\\/hr\\\/\"},{\"@type\":\"ListItem\",\"position\":2,\"name\":\"Rezultati internacionalnih lutrija\",\"item\":\"https:\\\/\\\/redfoxlotto.com\\\/hr\\\/rezultati\\\/\"},{\"@type\":\"ListItem\",\"position\":3,\"name\":\"El Gordo rezultati\"}]},{\"@type\":\"WebSite\",\"@id\":\"https:\\\/\\\/redfoxlotto.com\\\/hr\\\/#website\",\"url\":\"https:\\\/\\\/redfoxlotto.com\\\/hr\\\/\",\"name\":\"Get Tickets for the World\u2019s largest jackpots\",\"description\":\"Participate in worldwide lottery jackpots from any country\",\"publisher\":{\"@id\":\"https:\\\/\\\/redfoxlotto.com\\\/hr\\\/#organization\"},\"potentialAction\":[{\"@type\":\"SearchAction\",\"target\":{\"@type\":\"EntryPoint\",\"urlTemplate\":\"https:\\\/\\\/redfoxlotto.com\\\/hr\\\/?s={search_term_string}\"},\"query-input\":{\"@type\":\"PropertyValueSpecification\",\"valueRequired\":true,\"valueName\":\"search_term_string\"}}],\"inLanguage\":\"hr\"},{\"@type\":\"Organization\",\"@id\":\"https:\\\/\\\/redfoxlotto.com\\\/hr\\\/#organization\",\"name\":\"Get Tickets for the World\u2019s largest jackpots\",\"url\":\"https:\\\/\\\/redfoxlotto.com\\\/hr\\\/\",\"logo\":{\"@type\":\"ImageObject\",\"inLanguage\":\"hr\",\"@id\":\"https:\\\/\\\/redfoxlotto.com\\\/hr\\\/#\\\/schema\\\/logo\\\/image\\\/\",\"url\":\"https:\\\/\\\/redfoxlotto.com\\\/wp-content\\\/uploads\\\/2023\\\/04\\\/logo.png\",\"contentUrl\":\"https:\\\/\\\/redfoxlotto.com\\\/wp-content\\\/uploads\\\/2023\\\/04\\\/logo.png\",\"width\":269,\"height\":53,\"caption\":\"Get Tickets for the World\u2019s largest jackpots\"},\"image\":{\"@id\":\"https:\\\/\\\/redfoxlotto.com\\\/hr\\\/#\\\/schema\\\/logo\\\/image\\\/\"}}]}<\/script>\n<!-- \/ Yoast SEO plugin. -->","yoast_head_json":{"title":"Rezultati, dobitni brojevi \u0161panjolske El Gordo lutrije","description":"El Gordo, Bo\u017ei\u0107na verzija La Primitive - njegovi su rezultati prikazani kao poseban doga\u0111aj!","robots":{"index":"index","follow":"follow","max-snippet":"max-snippet:-1","max-image-preview":"max-image-preview:large","max-video-preview":"max-video-preview:-1"},"canonical":"https:\/\/redfoxlotto.com\/hr\/rezultati\/el-gordo-primitiva\/","og_locale":"hr_HR","og_type":"article","og_title":"Rezultati, dobitni brojevi \u0161panjolske El Gordo lutrije","og_description":"El Gordo, Bo\u017ei\u0107na verzija La Primitive - njegovi su rezultati prikazani kao poseban doga\u0111aj!","og_url":"https:\/\/redfoxlotto.com\/hr\/rezultati\/el-gordo-primitiva\/","og_site_name":"Get Tickets for the World\u2019s largest jackpots","article_modified_time":"2023-05-10T08:46:20+00:00","og_image":[{"url":"https:\/\/content.redfoxlotto.com\/uploads\/sites\/9\/1_results_draw_numbers.jpg","type":"","width":"","height":""}],"twitter_card":"summary_large_image","twitter_misc":{"Procijenjeno vrijeme \u010ditanja":"1 minuta"},"schema":{"@context":"https:\/\/schema.org","@graph":[{"@type":"WebPage","@id":"https:\/\/redfoxlotto.com\/hr\/rezultati\/el-gordo-primitiva\/","url":"https:\/\/redfoxlotto.com\/hr\/rezultati\/el-gordo-primitiva\/","name":"Rezultati, dobitni brojevi \u0161panjolske El Gordo lutrije","isPartOf":{"@id":"https:\/\/redfoxlotto.com\/hr\/#website"},"primaryImageOfPage":{"@id":"https:\/\/redfoxlotto.com\/hr\/rezultati\/el-gordo-primitiva\/#primaryimage"},"image":{"@id":"https:\/\/redfoxlotto.com\/hr\/rezultati\/el-gordo-primitiva\/#primaryimage"},"thumbnailUrl":"https:\/\/content.redfoxlotto.com\/uploads\/sites\/9\/1_results_draw_numbers.jpg","datePublished":"2018-11-18T08:54:25+00:00","dateModified":"2023-05-10T08:46:20+00:00","description":"El Gordo, Bo\u017ei\u0107na verzija La Primitive - njegovi su rezultati prikazani kao poseban doga\u0111aj!","breadcrumb":{"@id":"https:\/\/redfoxlotto.com\/hr\/rezultati\/el-gordo-primitiva\/#breadcrumb"},"inLanguage":"hr","potentialAction":[{"@type":"ReadAction","target":["https:\/\/redfoxlotto.com\/hr\/rezultati\/el-gordo-primitiva\/"]}]},{"@type":"ImageObject","inLanguage":"hr","@id":"https:\/\/redfoxlotto.com\/hr\/rezultati\/el-gordo-primitiva\/#primaryimage","url":"https:\/\/content.redfoxlotto.com\/uploads\/sites\/9\/1_results_draw_numbers.jpg","contentUrl":"https:\/\/content.redfoxlotto.com\/uploads\/sites\/9\/1_results_draw_numbers.jpg"},{"@type":"BreadcrumbList","@id":"https:\/\/redfoxlotto.com\/hr\/rezultati\/el-gordo-primitiva\/#breadcrumb","itemListElement":[{"@type":"ListItem","position":1,"name":"Home","item":"https:\/\/redfoxlotto.com\/hr\/"},{"@type":"ListItem","position":2,"name":"Rezultati internacionalnih lutrija","item":"https:\/\/redfoxlotto.com\/hr\/rezultati\/"},{"@type":"ListItem","position":3,"name":"El Gordo rezultati"}]},{"@type":"WebSite","@id":"https:\/\/redfoxlotto.com\/hr\/#website","url":"https:\/\/redfoxlotto.com\/hr\/","name":"Get Tickets for the World\u2019s largest jackpots","description":"Participate in worldwide lottery jackpots from any country","publisher":{"@id":"https:\/\/redfoxlotto.com\/hr\/#organization"},"potentialAction":[{"@type":"SearchAction","target":{"@type":"EntryPoint","urlTemplate":"https:\/\/redfoxlotto.com\/hr\/?s={search_term_string}"},"query-input":{"@type":"PropertyValueSpecification","valueRequired":true,"valueName":"search_term_string"}}],"inLanguage":"hr"},{"@type":"Organization","@id":"https:\/\/redfoxlotto.com\/hr\/#organization","name":"Get Tickets for the World\u2019s largest jackpots","url":"https:\/\/redfoxlotto.com\/hr\/","logo":{"@type":"ImageObject","inLanguage":"hr","@id":"https:\/\/redfoxlotto.com\/hr\/#\/schema\/logo\/image\/","url":"https:\/\/redfoxlotto.com\/wp-content\/uploads\/2023\/04\/logo.png","contentUrl":"https:\/\/redfoxlotto.com\/wp-content\/uploads\/2023\/04\/logo.png","width":269,"height":53,"caption":"Get Tickets for the World\u2019s largest jackpots"},"image":{"@id":"https:\/\/redfoxlotto.com\/hr\/#\/schema\/logo\/image\/"}}]}},"_links":{"self":[{"href":"https:\/\/redfoxlotto.com\/hr\/wp-json\/wp\/v2\/pages\/18213","targetHints":{"allow":["GET"]}}],"collection":[{"href":"https:\/\/redfoxlotto.com\/hr\/wp-json\/wp\/v2\/pages"}],"about":[{"href":"https:\/\/redfoxlotto.com\/hr\/wp-json\/wp\/v2\/types\/page"}],"author":[{"embeddable":true,"href":"https:\/\/redfoxlotto.com\/hr\/wp-json\/wp\/v2\/users\/1"}],"replies":[{"embeddable":true,"href":"https:\/\/redfoxlotto.com\/hr\/wp-json\/wp\/v2\/comments?post=18213"}],"version-history":[{"count":0,"href":"https:\/\/redfoxlotto.com\/hr\/wp-json\/wp\/v2\/pages\/18213\/revisions"}],"up":[{"embeddable":true,"href":"https:\/\/redfoxlotto.com\/hr\/wp-json\/wp\/v2\/pages\/16722"}],"wp:attachment":[{"href":"https:\/\/redfoxlotto.com\/hr\/wp-json\/wp\/v2\/media?parent=18213"}],"curies":[{"name":"wp","href":"https:\/\/api.w.org\/{rel}","templated":true}]}}