{"id":18115,"date":"2018-11-18T08:54:25","date_gmt":"2018-11-18T08:54:25","guid":{"rendered":"https:\/\/redfoxlotto.com\/?page_id=18115"},"modified":"2021-01-07T10:33:32","modified_gmt":"2021-01-07T10:33:32","slug":"powerball-au","status":"publish","type":"page","link":"https:\/\/redfoxlotto.com\/hr\/lutrije\/powerball-au\/","title":{"rendered":"O Powerballu Australija"},"content":{"rendered":"<p>Izvla\u010denje za australijski Powerball odr\u017eava se svakog \u010detvrtka u 21:00 AEST. Izvla\u010di se 7 brojeva iz prvog bazena koji sadr\u017ei brojeve od 1-35 i 1 Powerball broj iz drugog bazena koji sadr\u017ei brojeve 1-20.<\/p><p><img loading=\"lazy\" decoding=\"async\" class=\" wp-image alignright\" src=\"https:\/\/content.redfoxlotto.com\/uploads\/sites\/9\/2_ticket_powerball_au2.jpg\" alt=\"Powerball Australia\" width=\"112\" height=\"206\" \/><\/p><p>Listi\u0107i za australijski Powerball mogu se nabaviti putem interneta, tako da ne postoje ograni\u010denja za sudjelovanje u lutriji jer listi\u0107e mo\u017eete nabaviti s bilo kojeg mjesta u svijetu.<\/p>","protected":false},"excerpt":{"rendered":"<p>Izvla\u010denje za australijski Powerball odr\u017eava se svakog \u010detvrtka u 21:00 AEST. Izvla\u010di se 7 brojeva iz prvog bazena koji sadr\u017ei brojeve od 1-35 i 1 Powerball broj iz drugog bazena koji sadr\u017ei brojeve 1-20. Listi\u0107i za australijski Powerball mogu se nabaviti putem interneta, tako da ne postoje ograni\u010denja za sudjelovanje u lutriji jer listi\u0107e mo\u017eete [&hellip;]<\/p>\n","protected":false},"author":1,"featured_media":0,"parent":16714,"menu_order":20,"comment_status":"closed","ping_status":"closed","template":"powerball-au-info.php","meta":{"_et_pb_use_builder":"","_et_pb_old_content":"","_et_gb_content_width":"","exclude_from_search":false,"footnotes":""},"class_list":["post-18115","page","type-page","status-publish","hentry"],"yoast_head":"<!-- This site is optimized with the Yoast SEO plugin v27.3 - https:\/\/yoast.com\/product\/yoast-seo-wordpress\/ -->\n<title>\u0160to trebate znati da bi nabavili listi\u0107e za Australian Powerball|<\/title>\n<meta name=\"description\" content=\"Au Powerball mo\u017ee se pohvaliti jednim od najve\u0107ih jackpotova - vi\u0161e informacije ovdje\" \/>\n<meta name=\"robots\" content=\"index, follow, max-snippet:-1, max-image-preview:large, max-video-preview:-1\" \/>\n<link rel=\"canonical\" href=\"https:\/\/redfoxlotto.com\/hr\/lutrije\/powerball-au\/\" \/>\n<meta property=\"og:locale\" content=\"hr_HR\" \/>\n<meta property=\"og:type\" content=\"article\" \/>\n<meta property=\"og:title\" content=\"\u0160to trebate znati da bi nabavili listi\u0107e za Australian Powerball|\" \/>\n<meta property=\"og:description\" content=\"Au Powerball mo\u017ee se pohvaliti jednim od najve\u0107ih jackpotova - vi\u0161e informacije ovdje\" \/>\n<meta property=\"og:url\" content=\"https:\/\/redfoxlotto.com\/hr\/lutrije\/powerball-au\/\" \/>\n<meta property=\"og:site_name\" content=\"Get Tickets for the World\u2019s largest jackpots\" \/>\n<meta property=\"article:modified_time\" content=\"2021-01-07T10:33:32+00:00\" \/>\n<meta property=\"og:image\" content=\"https:\/\/content.redfoxlotto.com\/uploads\/sites\/9\/2_ticket_powerball_au2.jpg\" \/>\n<meta name=\"twitter:card\" content=\"summary_large_image\" \/>\n<meta name=\"twitter:label1\" content=\"Procijenjeno vrijeme \u010ditanja\" \/>\n\t<meta name=\"twitter:data1\" content=\"1 minuta\" \/>\n<script type=\"application\/ld+json\" class=\"yoast-schema-graph\">{\"@context\":\"https:\\\/\\\/schema.org\",\"@graph\":[{\"@type\":\"WebPage\",\"@id\":\"https:\\\/\\\/redfoxlotto.com\\\/hr\\\/lutrije\\\/powerball-au\\\/\",\"url\":\"https:\\\/\\\/redfoxlotto.com\\\/hr\\\/lutrije\\\/powerball-au\\\/\",\"name\":\"\u0160to trebate znati da bi nabavili listi\u0107e za Australian Powerball|\",\"isPartOf\":{\"@id\":\"https:\\\/\\\/redfoxlotto.com\\\/hr\\\/#website\"},\"primaryImageOfPage\":{\"@id\":\"https:\\\/\\\/redfoxlotto.com\\\/hr\\\/lutrije\\\/powerball-au\\\/#primaryimage\"},\"image\":{\"@id\":\"https:\\\/\\\/redfoxlotto.com\\\/hr\\\/lutrije\\\/powerball-au\\\/#primaryimage\"},\"thumbnailUrl\":\"https:\\\/\\\/content.redfoxlotto.com\\\/uploads\\\/sites\\\/9\\\/2_ticket_powerball_au2.jpg\",\"datePublished\":\"2018-11-18T08:54:25+00:00\",\"dateModified\":\"2021-01-07T10:33:32+00:00\",\"description\":\"Au Powerball mo\u017ee se pohvaliti jednim od najve\u0107ih jackpotova - vi\u0161e informacije ovdje\",\"breadcrumb\":{\"@id\":\"https:\\\/\\\/redfoxlotto.com\\\/hr\\\/lutrije\\\/powerball-au\\\/#breadcrumb\"},\"inLanguage\":\"hr\",\"potentialAction\":[{\"@type\":\"ReadAction\",\"target\":[\"https:\\\/\\\/redfoxlotto.com\\\/hr\\\/lutrije\\\/powerball-au\\\/\"]}]},{\"@type\":\"ImageObject\",\"inLanguage\":\"hr\",\"@id\":\"https:\\\/\\\/redfoxlotto.com\\\/hr\\\/lutrije\\\/powerball-au\\\/#primaryimage\",\"url\":\"https:\\\/\\\/content.redfoxlotto.com\\\/uploads\\\/sites\\\/9\\\/2_ticket_powerball_au2.jpg\",\"contentUrl\":\"https:\\\/\\\/content.redfoxlotto.com\\\/uploads\\\/sites\\\/9\\\/2_ticket_powerball_au2.jpg\"},{\"@type\":\"BreadcrumbList\",\"@id\":\"https:\\\/\\\/redfoxlotto.com\\\/hr\\\/lutrije\\\/powerball-au\\\/#breadcrumb\",\"itemListElement\":[{\"@type\":\"ListItem\",\"position\":1,\"name\":\"Home\",\"item\":\"https:\\\/\\\/redfoxlotto.com\\\/hr\\\/\"},{\"@type\":\"ListItem\",\"position\":2,\"name\":\"Kako kupiti loto listi\u0107e on-line \u2013 proces kupovine\",\"item\":\"https:\\\/\\\/redfoxlotto.com\\\/hr\\\/lutrije\\\/\"},{\"@type\":\"ListItem\",\"position\":3,\"name\":\"O Powerballu Australija\"}]},{\"@type\":\"WebSite\",\"@id\":\"https:\\\/\\\/redfoxlotto.com\\\/hr\\\/#website\",\"url\":\"https:\\\/\\\/redfoxlotto.com\\\/hr\\\/\",\"name\":\"Get Tickets for the World\u2019s largest jackpots\",\"description\":\"Participate in worldwide lottery jackpots from any country\",\"publisher\":{\"@id\":\"https:\\\/\\\/redfoxlotto.com\\\/hr\\\/#organization\"},\"potentialAction\":[{\"@type\":\"SearchAction\",\"target\":{\"@type\":\"EntryPoint\",\"urlTemplate\":\"https:\\\/\\\/redfoxlotto.com\\\/hr\\\/?s={search_term_string}\"},\"query-input\":{\"@type\":\"PropertyValueSpecification\",\"valueRequired\":true,\"valueName\":\"search_term_string\"}}],\"inLanguage\":\"hr\"},{\"@type\":\"Organization\",\"@id\":\"https:\\\/\\\/redfoxlotto.com\\\/hr\\\/#organization\",\"name\":\"Get Tickets for the World\u2019s largest jackpots\",\"url\":\"https:\\\/\\\/redfoxlotto.com\\\/hr\\\/\",\"logo\":{\"@type\":\"ImageObject\",\"inLanguage\":\"hr\",\"@id\":\"https:\\\/\\\/redfoxlotto.com\\\/hr\\\/#\\\/schema\\\/logo\\\/image\\\/\",\"url\":\"https:\\\/\\\/redfoxlotto.com\\\/wp-content\\\/uploads\\\/2023\\\/04\\\/logo.png\",\"contentUrl\":\"https:\\\/\\\/redfoxlotto.com\\\/wp-content\\\/uploads\\\/2023\\\/04\\\/logo.png\",\"width\":269,\"height\":53,\"caption\":\"Get Tickets for the World\u2019s largest jackpots\"},\"image\":{\"@id\":\"https:\\\/\\\/redfoxlotto.com\\\/hr\\\/#\\\/schema\\\/logo\\\/image\\\/\"}}]}<\/script>\n<!-- \/ Yoast SEO plugin. -->","yoast_head_json":{"title":"\u0160to trebate znati da bi nabavili listi\u0107e za Australian Powerball|","description":"Au Powerball mo\u017ee se pohvaliti jednim od najve\u0107ih jackpotova - vi\u0161e informacije ovdje","robots":{"index":"index","follow":"follow","max-snippet":"max-snippet:-1","max-image-preview":"max-image-preview:large","max-video-preview":"max-video-preview:-1"},"canonical":"https:\/\/redfoxlotto.com\/hr\/lutrije\/powerball-au\/","og_locale":"hr_HR","og_type":"article","og_title":"\u0160to trebate znati da bi nabavili listi\u0107e za Australian Powerball|","og_description":"Au Powerball mo\u017ee se pohvaliti jednim od najve\u0107ih jackpotova - vi\u0161e informacije ovdje","og_url":"https:\/\/redfoxlotto.com\/hr\/lutrije\/powerball-au\/","og_site_name":"Get Tickets for the World\u2019s largest jackpots","article_modified_time":"2021-01-07T10:33:32+00:00","og_image":[{"url":"https:\/\/content.redfoxlotto.com\/uploads\/sites\/9\/2_ticket_powerball_au2.jpg","type":"","width":"","height":""}],"twitter_card":"summary_large_image","twitter_misc":{"Procijenjeno vrijeme \u010ditanja":"1 minuta"},"schema":{"@context":"https:\/\/schema.org","@graph":[{"@type":"WebPage","@id":"https:\/\/redfoxlotto.com\/hr\/lutrije\/powerball-au\/","url":"https:\/\/redfoxlotto.com\/hr\/lutrije\/powerball-au\/","name":"\u0160to trebate znati da bi nabavili listi\u0107e za Australian Powerball|","isPartOf":{"@id":"https:\/\/redfoxlotto.com\/hr\/#website"},"primaryImageOfPage":{"@id":"https:\/\/redfoxlotto.com\/hr\/lutrije\/powerball-au\/#primaryimage"},"image":{"@id":"https:\/\/redfoxlotto.com\/hr\/lutrije\/powerball-au\/#primaryimage"},"thumbnailUrl":"https:\/\/content.redfoxlotto.com\/uploads\/sites\/9\/2_ticket_powerball_au2.jpg","datePublished":"2018-11-18T08:54:25+00:00","dateModified":"2021-01-07T10:33:32+00:00","description":"Au Powerball mo\u017ee se pohvaliti jednim od najve\u0107ih jackpotova - vi\u0161e informacije ovdje","breadcrumb":{"@id":"https:\/\/redfoxlotto.com\/hr\/lutrije\/powerball-au\/#breadcrumb"},"inLanguage":"hr","potentialAction":[{"@type":"ReadAction","target":["https:\/\/redfoxlotto.com\/hr\/lutrije\/powerball-au\/"]}]},{"@type":"ImageObject","inLanguage":"hr","@id":"https:\/\/redfoxlotto.com\/hr\/lutrije\/powerball-au\/#primaryimage","url":"https:\/\/content.redfoxlotto.com\/uploads\/sites\/9\/2_ticket_powerball_au2.jpg","contentUrl":"https:\/\/content.redfoxlotto.com\/uploads\/sites\/9\/2_ticket_powerball_au2.jpg"},{"@type":"BreadcrumbList","@id":"https:\/\/redfoxlotto.com\/hr\/lutrije\/powerball-au\/#breadcrumb","itemListElement":[{"@type":"ListItem","position":1,"name":"Home","item":"https:\/\/redfoxlotto.com\/hr\/"},{"@type":"ListItem","position":2,"name":"Kako kupiti loto listi\u0107e on-line \u2013 proces kupovine","item":"https:\/\/redfoxlotto.com\/hr\/lutrije\/"},{"@type":"ListItem","position":3,"name":"O Powerballu Australija"}]},{"@type":"WebSite","@id":"https:\/\/redfoxlotto.com\/hr\/#website","url":"https:\/\/redfoxlotto.com\/hr\/","name":"Get Tickets for the World\u2019s largest jackpots","description":"Participate in worldwide lottery jackpots from any country","publisher":{"@id":"https:\/\/redfoxlotto.com\/hr\/#organization"},"potentialAction":[{"@type":"SearchAction","target":{"@type":"EntryPoint","urlTemplate":"https:\/\/redfoxlotto.com\/hr\/?s={search_term_string}"},"query-input":{"@type":"PropertyValueSpecification","valueRequired":true,"valueName":"search_term_string"}}],"inLanguage":"hr"},{"@type":"Organization","@id":"https:\/\/redfoxlotto.com\/hr\/#organization","name":"Get Tickets for the World\u2019s largest jackpots","url":"https:\/\/redfoxlotto.com\/hr\/","logo":{"@type":"ImageObject","inLanguage":"hr","@id":"https:\/\/redfoxlotto.com\/hr\/#\/schema\/logo\/image\/","url":"https:\/\/redfoxlotto.com\/wp-content\/uploads\/2023\/04\/logo.png","contentUrl":"https:\/\/redfoxlotto.com\/wp-content\/uploads\/2023\/04\/logo.png","width":269,"height":53,"caption":"Get Tickets for the World\u2019s largest jackpots"},"image":{"@id":"https:\/\/redfoxlotto.com\/hr\/#\/schema\/logo\/image\/"}}]}},"_links":{"self":[{"href":"https:\/\/redfoxlotto.com\/hr\/wp-json\/wp\/v2\/pages\/18115","targetHints":{"allow":["GET"]}}],"collection":[{"href":"https:\/\/redfoxlotto.com\/hr\/wp-json\/wp\/v2\/pages"}],"about":[{"href":"https:\/\/redfoxlotto.com\/hr\/wp-json\/wp\/v2\/types\/page"}],"author":[{"embeddable":true,"href":"https:\/\/redfoxlotto.com\/hr\/wp-json\/wp\/v2\/users\/1"}],"replies":[{"embeddable":true,"href":"https:\/\/redfoxlotto.com\/hr\/wp-json\/wp\/v2\/comments?post=18115"}],"version-history":[{"count":0,"href":"https:\/\/redfoxlotto.com\/hr\/wp-json\/wp\/v2\/pages\/18115\/revisions"}],"up":[{"embeddable":true,"href":"https:\/\/redfoxlotto.com\/hr\/wp-json\/wp\/v2\/pages\/16714"}],"wp:attachment":[{"href":"https:\/\/redfoxlotto.com\/hr\/wp-json\/wp\/v2\/media?parent=18115"}],"curies":[{"name":"wp","href":"https:\/\/api.w.org\/{rel}","templated":true}]}}