{"id":18010,"date":"2020-08-18T09:14:14","date_gmt":"2020-08-18T09:14:14","guid":{"rendered":"https:\/\/redfoxlotto.com\/?page_id=18010"},"modified":"2021-01-07T10:22:24","modified_gmt":"2021-01-07T10:22:24","slug":"lotto-at","status":"publish","type":"page","link":"https:\/\/redfoxlotto.com\/hr\/rezultati\/lotto-at\/","title":{"rendered":"Lotto Austrija rezultati"},"content":{"rendered":"<h2 class=\"wp-block-heading\">Dobitni brojevi Lotto Austria<\/h2><p>Gdje \u0107ete prona\u0107i dobitne brojeve austrijskog lota nakon \u0161to je izvla\u010denje gotovo? Sve \u0161to morate napraviti je ulogirati se na na\u0161u internet stranicu gdje ste kupili svoj listi\u0107 i brojevi \u0107e biti tamo za vas.<\/p><p>Uz RedFoxLotto.com mo\u017eete prona\u0107i najnovije rezultate za sve svoje omiljene igre dostupne direktno na na\u0161oj internet stranici. Ne morate brinuti ni oko \u010dega, jer sve \u0107e biti tamo.<\/p><h2 class=\"wp-block-heading\">Arhiva rezultata austrijskog lota<\/h2><p>Jednom kad saznate trenutne dobitne brojeve austrijskog lota, mo\u017eda \u0107ete htjeti saznati i stare rezultate. Sve \u0161to trebate napraviti je provjeriti arhivu rezultata i mo\u017eete provjeriti koji su brojevi bili dobitni u pro\u0161losti, te koji naj\u010de\u0161\u0107e pobje\u0111uju. <\/p>","protected":false},"excerpt":{"rendered":"<p>Dobitni brojevi Lotto Austria Gdje \u0107ete prona\u0107i dobitne brojeve austrijskog lota nakon \u0161to je izvla\u010denje gotovo? Sve \u0161to morate napraviti je ulogirati se na na\u0161u internet stranicu gdje ste kupili svoj listi\u0107 i brojevi \u0107e biti tamo za vas. Uz RedFoxLotto.com mo\u017eete prona\u0107i najnovije rezultate za sve svoje omiljene igre dostupne direktno na na\u0161oj internet [&hellip;]<\/p>\n","protected":false},"author":1,"featured_media":0,"parent":16722,"menu_order":16,"comment_status":"closed","ping_status":"closed","template":"","meta":{"_et_pb_use_builder":"","_et_pb_old_content":"","_et_gb_content_width":"","exclude_from_search":false,"footnotes":""},"class_list":["post-18010","page","type-page","status-publish","hentry"],"yoast_head":"<!-- This site is optimized with the Yoast SEO plugin v23.8 - https:\/\/yoast.com\/wordpress\/plugins\/seo\/ -->\n<title>Dobitni brojevi i rezultati Lotto Austrije<\/title>\n<meta name=\"description\" content=\"Tjedni novi i prethodni rezultati izvla\u010denja za Lotto Austrija\" \/>\n<meta name=\"robots\" content=\"index, follow, max-snippet:-1, max-image-preview:large, max-video-preview:-1\" \/>\n<link rel=\"canonical\" href=\"https:\/\/redfoxlotto.com\/hr\/rezultati\/lotto-at\/\" \/>\n<meta property=\"og:locale\" content=\"hr_HR\" \/>\n<meta property=\"og:type\" content=\"article\" \/>\n<meta property=\"og:title\" content=\"Dobitni brojevi i rezultati Lotto Austrije\" \/>\n<meta property=\"og:description\" content=\"Tjedni novi i prethodni rezultati izvla\u010denja za Lotto Austrija\" \/>\n<meta property=\"og:url\" content=\"https:\/\/redfoxlotto.com\/hr\/rezultati\/lotto-at\/\" \/>\n<meta property=\"og:site_name\" content=\"Get Tickets for the World\u2019s largest jackpots\" \/>\n<meta property=\"article:modified_time\" content=\"2021-01-07T10:22:24+00:00\" \/>\n<meta name=\"twitter:card\" content=\"summary_large_image\" \/>\n<meta name=\"twitter:label1\" content=\"Procijenjeno vrijeme \u010ditanja\" \/>\n\t<meta name=\"twitter:data1\" content=\"1 minuta\" \/>\n<script type=\"application\/ld+json\" class=\"yoast-schema-graph\">{\"@context\":\"https:\/\/schema.org\",\"@graph\":[{\"@type\":\"WebPage\",\"@id\":\"https:\/\/redfoxlotto.com\/hr\/rezultati\/lotto-at\/\",\"url\":\"https:\/\/redfoxlotto.com\/hr\/rezultati\/lotto-at\/\",\"name\":\"Dobitni brojevi i rezultati Lotto Austrije\",\"isPartOf\":{\"@id\":\"https:\/\/redfoxlotto.com\/hr\/#website\"},\"datePublished\":\"2020-08-18T09:14:14+00:00\",\"dateModified\":\"2021-01-07T10:22:24+00:00\",\"description\":\"Tjedni novi i prethodni rezultati izvla\u010denja za Lotto Austrija\",\"breadcrumb\":{\"@id\":\"https:\/\/redfoxlotto.com\/hr\/rezultati\/lotto-at\/#breadcrumb\"},\"inLanguage\":\"hr\",\"potentialAction\":[{\"@type\":\"ReadAction\",\"target\":[\"https:\/\/redfoxlotto.com\/hr\/rezultati\/lotto-at\/\"]}]},{\"@type\":\"BreadcrumbList\",\"@id\":\"https:\/\/redfoxlotto.com\/hr\/rezultati\/lotto-at\/#breadcrumb\",\"itemListElement\":[{\"@type\":\"ListItem\",\"position\":1,\"name\":\"Home\",\"item\":\"https:\/\/redfoxlotto.com\/hr\/\"},{\"@type\":\"ListItem\",\"position\":2,\"name\":\"Rezultati internacionalnih lutrija\",\"item\":\"https:\/\/redfoxlotto.com\/hr\/rezultati\/\"},{\"@type\":\"ListItem\",\"position\":3,\"name\":\"Lotto Austrija rezultati\"}]},{\"@type\":\"WebSite\",\"@id\":\"https:\/\/redfoxlotto.com\/hr\/#website\",\"url\":\"https:\/\/redfoxlotto.com\/hr\/\",\"name\":\"Get Tickets for the World\u2019s largest jackpots\",\"description\":\"Participate in worldwide lottery jackpots from any country\",\"publisher\":{\"@id\":\"https:\/\/redfoxlotto.com\/hr\/#organization\"},\"potentialAction\":[{\"@type\":\"SearchAction\",\"target\":{\"@type\":\"EntryPoint\",\"urlTemplate\":\"https:\/\/redfoxlotto.com\/hr\/?s={search_term_string}\"},\"query-input\":{\"@type\":\"PropertyValueSpecification\",\"valueRequired\":true,\"valueName\":\"search_term_string\"}}],\"inLanguage\":\"hr\"},{\"@type\":\"Organization\",\"@id\":\"https:\/\/redfoxlotto.com\/hr\/#organization\",\"name\":\"Get Tickets for the World\u2019s largest jackpots\",\"url\":\"https:\/\/redfoxlotto.com\/hr\/\",\"logo\":{\"@type\":\"ImageObject\",\"inLanguage\":\"hr\",\"@id\":\"https:\/\/redfoxlotto.com\/hr\/#\/schema\/logo\/image\/\",\"url\":\"https:\/\/redfoxlotto.com\/wp-content\/uploads\/2023\/04\/logo.png\",\"contentUrl\":\"https:\/\/redfoxlotto.com\/wp-content\/uploads\/2023\/04\/logo.png\",\"width\":269,\"height\":53,\"caption\":\"Get Tickets for the World\u2019s largest jackpots\"},\"image\":{\"@id\":\"https:\/\/redfoxlotto.com\/hr\/#\/schema\/logo\/image\/\"}}]}<\/script>\n<!-- \/ Yoast SEO plugin. -->","yoast_head_json":{"title":"Dobitni brojevi i rezultati Lotto Austrije","description":"Tjedni novi i prethodni rezultati izvla\u010denja za Lotto Austrija","robots":{"index":"index","follow":"follow","max-snippet":"max-snippet:-1","max-image-preview":"max-image-preview:large","max-video-preview":"max-video-preview:-1"},"canonical":"https:\/\/redfoxlotto.com\/hr\/rezultati\/lotto-at\/","og_locale":"hr_HR","og_type":"article","og_title":"Dobitni brojevi i rezultati Lotto Austrije","og_description":"Tjedni novi i prethodni rezultati izvla\u010denja za Lotto Austrija","og_url":"https:\/\/redfoxlotto.com\/hr\/rezultati\/lotto-at\/","og_site_name":"Get Tickets for the World\u2019s largest jackpots","article_modified_time":"2021-01-07T10:22:24+00:00","twitter_card":"summary_large_image","twitter_misc":{"Procijenjeno vrijeme \u010ditanja":"1 minuta"},"schema":{"@context":"https:\/\/schema.org","@graph":[{"@type":"WebPage","@id":"https:\/\/redfoxlotto.com\/hr\/rezultati\/lotto-at\/","url":"https:\/\/redfoxlotto.com\/hr\/rezultati\/lotto-at\/","name":"Dobitni brojevi i rezultati Lotto Austrije","isPartOf":{"@id":"https:\/\/redfoxlotto.com\/hr\/#website"},"datePublished":"2020-08-18T09:14:14+00:00","dateModified":"2021-01-07T10:22:24+00:00","description":"Tjedni novi i prethodni rezultati izvla\u010denja za Lotto Austrija","breadcrumb":{"@id":"https:\/\/redfoxlotto.com\/hr\/rezultati\/lotto-at\/#breadcrumb"},"inLanguage":"hr","potentialAction":[{"@type":"ReadAction","target":["https:\/\/redfoxlotto.com\/hr\/rezultati\/lotto-at\/"]}]},{"@type":"BreadcrumbList","@id":"https:\/\/redfoxlotto.com\/hr\/rezultati\/lotto-at\/#breadcrumb","itemListElement":[{"@type":"ListItem","position":1,"name":"Home","item":"https:\/\/redfoxlotto.com\/hr\/"},{"@type":"ListItem","position":2,"name":"Rezultati internacionalnih lutrija","item":"https:\/\/redfoxlotto.com\/hr\/rezultati\/"},{"@type":"ListItem","position":3,"name":"Lotto Austrija rezultati"}]},{"@type":"WebSite","@id":"https:\/\/redfoxlotto.com\/hr\/#website","url":"https:\/\/redfoxlotto.com\/hr\/","name":"Get Tickets for the World\u2019s largest jackpots","description":"Participate in worldwide lottery jackpots from any country","publisher":{"@id":"https:\/\/redfoxlotto.com\/hr\/#organization"},"potentialAction":[{"@type":"SearchAction","target":{"@type":"EntryPoint","urlTemplate":"https:\/\/redfoxlotto.com\/hr\/?s={search_term_string}"},"query-input":{"@type":"PropertyValueSpecification","valueRequired":true,"valueName":"search_term_string"}}],"inLanguage":"hr"},{"@type":"Organization","@id":"https:\/\/redfoxlotto.com\/hr\/#organization","name":"Get Tickets for the World\u2019s largest jackpots","url":"https:\/\/redfoxlotto.com\/hr\/","logo":{"@type":"ImageObject","inLanguage":"hr","@id":"https:\/\/redfoxlotto.com\/hr\/#\/schema\/logo\/image\/","url":"https:\/\/redfoxlotto.com\/wp-content\/uploads\/2023\/04\/logo.png","contentUrl":"https:\/\/redfoxlotto.com\/wp-content\/uploads\/2023\/04\/logo.png","width":269,"height":53,"caption":"Get Tickets for the World\u2019s largest jackpots"},"image":{"@id":"https:\/\/redfoxlotto.com\/hr\/#\/schema\/logo\/image\/"}}]}},"_links":{"self":[{"href":"https:\/\/redfoxlotto.com\/hr\/wp-json\/wp\/v2\/pages\/18010","targetHints":{"allow":["GET"]}}],"collection":[{"href":"https:\/\/redfoxlotto.com\/hr\/wp-json\/wp\/v2\/pages"}],"about":[{"href":"https:\/\/redfoxlotto.com\/hr\/wp-json\/wp\/v2\/types\/page"}],"author":[{"embeddable":true,"href":"https:\/\/redfoxlotto.com\/hr\/wp-json\/wp\/v2\/users\/1"}],"replies":[{"embeddable":true,"href":"https:\/\/redfoxlotto.com\/hr\/wp-json\/wp\/v2\/comments?post=18010"}],"version-history":[{"count":0,"href":"https:\/\/redfoxlotto.com\/hr\/wp-json\/wp\/v2\/pages\/18010\/revisions"}],"up":[{"embeddable":true,"href":"https:\/\/redfoxlotto.com\/hr\/wp-json\/wp\/v2\/pages\/16722"}],"wp:attachment":[{"href":"https:\/\/redfoxlotto.com\/hr\/wp-json\/wp\/v2\/media?parent=18010"}],"curies":[{"name":"wp","href":"https:\/\/api.w.org\/{rel}","templated":true}]}}