{"id":17926,"date":"2020-07-20T08:57:09","date_gmt":"2020-07-20T08:57:09","guid":{"rendered":"https:\/\/redfoxlotto.com\/?page_id=17926"},"modified":"2021-01-07T10:12:32","modified_gmt":"2021-01-07T10:12:32","slug":"mega-sena","status":"publish","type":"page","link":"https:\/\/redfoxlotto.com\/hr\/rezultati\/mega-sena\/","title":{"rendered":"Mega Sena rezultati"},"content":{"rendered":"<h2 class=\"wp-block-heading\">Dobitni brojevi brazilske Mega Sene<\/h2><p><img loading=\"lazy\" decoding=\"async\" class=\" wp-image alignright\" src=\"https:\/\/content.redfoxlotto.com\/uploads\/sites\/9\/1_you_win_jackpot.jpg\" alt=\"win jackpot na lutriji\" width=\"240\" height=\"240\" \/><\/p><p>Ako ste ve\u0107 igrali Mega Senu onda morate i saznati da li ste \u0161to dobili, zar ne? Dakle, kako provjeriti dobitne brojeve brazilske Mega Sene? Samo posjetite va\u0161 ra\u010dun na RedFoxLotto.com. Mo\u0107i \u0107ete prona\u0107i najnovije rezultate igri a ako ste ih odigrali, prona\u0107i \u0107ete rezultate jo\u0161 lak\u0161e.<\/p><h2 class=\"wp-block-heading\">Provjera starih dobitnih brojeva<\/h2><p>Ako imate stariji listi\u0107 koji \u017eelite provjeriti, mo\u017eete to napraviti pretra\u017eivanjem arhive. Istra\u017eivanje starih Mega Sena dobitnih brojeva tako\u0111er je dobro ako se planirate kladiti na neke od tih brojeva. Sve \u0161to trebate napraviti je pogledati i mo\u0107i \u0107ete vidjeti koji se brojevi \u010de\u0161\u0107e (ili rje\u0111e) pojavljuju.<\/p>","protected":false},"excerpt":{"rendered":"<p>Dobitni brojevi brazilske Mega Sene Ako ste ve\u0107 igrali Mega Senu onda morate i saznati da li ste \u0161to dobili, zar ne? Dakle, kako provjeriti dobitne brojeve brazilske Mega Sene? Samo posjetite va\u0161 ra\u010dun na RedFoxLotto.com. Mo\u0107i \u0107ete prona\u0107i najnovije rezultate igri a ako ste ih odigrali, prona\u0107i \u0107ete rezultate jo\u0161 lak\u0161e. Provjera starih dobitnih [&hellip;]<\/p>\n","protected":false},"author":1,"featured_media":0,"parent":16722,"menu_order":13,"comment_status":"closed","ping_status":"closed","template":"megasena-results.php","meta":{"_et_pb_use_builder":"","_et_pb_old_content":"","_et_gb_content_width":"","exclude_from_search":false,"footnotes":""},"class_list":["post-17926","page","type-page","status-publish","hentry"],"yoast_head":"<!-- This site is optimized with the Yoast SEO plugin v27.3 - https:\/\/yoast.com\/product\/yoast-seo-wordpress\/ -->\n<title>Mega Sena dobitni brojevi | Rezultati izvla\u010denja brazilske Mega Sene<\/title>\n<meta name=\"description\" content=\"Provjerite najnovije nagrade i dobitne brojeve za Mega Senu\" \/>\n<meta name=\"robots\" content=\"index, follow, max-snippet:-1, max-image-preview:large, max-video-preview:-1\" \/>\n<link rel=\"canonical\" href=\"https:\/\/redfoxlotto.com\/hr\/rezultati\/mega-sena\/\" \/>\n<meta property=\"og:locale\" content=\"hr_HR\" \/>\n<meta property=\"og:type\" content=\"article\" \/>\n<meta property=\"og:title\" content=\"Mega Sena dobitni brojevi | Rezultati izvla\u010denja brazilske Mega Sene\" \/>\n<meta property=\"og:description\" content=\"Provjerite najnovije nagrade i dobitne brojeve za Mega Senu\" \/>\n<meta property=\"og:url\" content=\"https:\/\/redfoxlotto.com\/hr\/rezultati\/mega-sena\/\" \/>\n<meta property=\"og:site_name\" content=\"Get Tickets for the World\u2019s largest jackpots\" \/>\n<meta property=\"article:modified_time\" content=\"2021-01-07T10:12:32+00:00\" \/>\n<meta property=\"og:image\" content=\"https:\/\/content.redfoxlotto.com\/uploads\/sites\/9\/1_you_win_jackpot.jpg\" \/>\n<meta name=\"twitter:card\" content=\"summary_large_image\" \/>\n<meta name=\"twitter:label1\" content=\"Procijenjeno vrijeme \u010ditanja\" \/>\n\t<meta name=\"twitter:data1\" content=\"1 minuta\" \/>\n<script type=\"application\/ld+json\" class=\"yoast-schema-graph\">{\"@context\":\"https:\\\/\\\/schema.org\",\"@graph\":[{\"@type\":\"WebPage\",\"@id\":\"https:\\\/\\\/redfoxlotto.com\\\/hr\\\/rezultati\\\/mega-sena\\\/\",\"url\":\"https:\\\/\\\/redfoxlotto.com\\\/hr\\\/rezultati\\\/mega-sena\\\/\",\"name\":\"Mega Sena dobitni brojevi | Rezultati izvla\u010denja brazilske Mega Sene\",\"isPartOf\":{\"@id\":\"https:\\\/\\\/redfoxlotto.com\\\/hr\\\/#website\"},\"primaryImageOfPage\":{\"@id\":\"https:\\\/\\\/redfoxlotto.com\\\/hr\\\/rezultati\\\/mega-sena\\\/#primaryimage\"},\"image\":{\"@id\":\"https:\\\/\\\/redfoxlotto.com\\\/hr\\\/rezultati\\\/mega-sena\\\/#primaryimage\"},\"thumbnailUrl\":\"https:\\\/\\\/content.redfoxlotto.com\\\/uploads\\\/sites\\\/9\\\/1_you_win_jackpot.jpg\",\"datePublished\":\"2020-07-20T08:57:09+00:00\",\"dateModified\":\"2021-01-07T10:12:32+00:00\",\"description\":\"Provjerite najnovije nagrade i dobitne brojeve za Mega Senu\",\"breadcrumb\":{\"@id\":\"https:\\\/\\\/redfoxlotto.com\\\/hr\\\/rezultati\\\/mega-sena\\\/#breadcrumb\"},\"inLanguage\":\"hr\",\"potentialAction\":[{\"@type\":\"ReadAction\",\"target\":[\"https:\\\/\\\/redfoxlotto.com\\\/hr\\\/rezultati\\\/mega-sena\\\/\"]}]},{\"@type\":\"ImageObject\",\"inLanguage\":\"hr\",\"@id\":\"https:\\\/\\\/redfoxlotto.com\\\/hr\\\/rezultati\\\/mega-sena\\\/#primaryimage\",\"url\":\"https:\\\/\\\/content.redfoxlotto.com\\\/uploads\\\/sites\\\/9\\\/1_you_win_jackpot.jpg\",\"contentUrl\":\"https:\\\/\\\/content.redfoxlotto.com\\\/uploads\\\/sites\\\/9\\\/1_you_win_jackpot.jpg\"},{\"@type\":\"BreadcrumbList\",\"@id\":\"https:\\\/\\\/redfoxlotto.com\\\/hr\\\/rezultati\\\/mega-sena\\\/#breadcrumb\",\"itemListElement\":[{\"@type\":\"ListItem\",\"position\":1,\"name\":\"Home\",\"item\":\"https:\\\/\\\/redfoxlotto.com\\\/hr\\\/\"},{\"@type\":\"ListItem\",\"position\":2,\"name\":\"Rezultati internacionalnih lutrija\",\"item\":\"https:\\\/\\\/redfoxlotto.com\\\/hr\\\/rezultati\\\/\"},{\"@type\":\"ListItem\",\"position\":3,\"name\":\"Mega Sena rezultati\"}]},{\"@type\":\"WebSite\",\"@id\":\"https:\\\/\\\/redfoxlotto.com\\\/hr\\\/#website\",\"url\":\"https:\\\/\\\/redfoxlotto.com\\\/hr\\\/\",\"name\":\"Get Tickets for the World\u2019s largest jackpots\",\"description\":\"Participate in worldwide lottery jackpots from any country\",\"publisher\":{\"@id\":\"https:\\\/\\\/redfoxlotto.com\\\/hr\\\/#organization\"},\"potentialAction\":[{\"@type\":\"SearchAction\",\"target\":{\"@type\":\"EntryPoint\",\"urlTemplate\":\"https:\\\/\\\/redfoxlotto.com\\\/hr\\\/?s={search_term_string}\"},\"query-input\":{\"@type\":\"PropertyValueSpecification\",\"valueRequired\":true,\"valueName\":\"search_term_string\"}}],\"inLanguage\":\"hr\"},{\"@type\":\"Organization\",\"@id\":\"https:\\\/\\\/redfoxlotto.com\\\/hr\\\/#organization\",\"name\":\"Get Tickets for the World\u2019s largest jackpots\",\"url\":\"https:\\\/\\\/redfoxlotto.com\\\/hr\\\/\",\"logo\":{\"@type\":\"ImageObject\",\"inLanguage\":\"hr\",\"@id\":\"https:\\\/\\\/redfoxlotto.com\\\/hr\\\/#\\\/schema\\\/logo\\\/image\\\/\",\"url\":\"https:\\\/\\\/redfoxlotto.com\\\/wp-content\\\/uploads\\\/2023\\\/04\\\/logo.png\",\"contentUrl\":\"https:\\\/\\\/redfoxlotto.com\\\/wp-content\\\/uploads\\\/2023\\\/04\\\/logo.png\",\"width\":269,\"height\":53,\"caption\":\"Get Tickets for the World\u2019s largest jackpots\"},\"image\":{\"@id\":\"https:\\\/\\\/redfoxlotto.com\\\/hr\\\/#\\\/schema\\\/logo\\\/image\\\/\"}}]}<\/script>\n<!-- \/ Yoast SEO plugin. -->","yoast_head_json":{"title":"Mega Sena dobitni brojevi | Rezultati izvla\u010denja brazilske Mega Sene","description":"Provjerite najnovije nagrade i dobitne brojeve za Mega Senu","robots":{"index":"index","follow":"follow","max-snippet":"max-snippet:-1","max-image-preview":"max-image-preview:large","max-video-preview":"max-video-preview:-1"},"canonical":"https:\/\/redfoxlotto.com\/hr\/rezultati\/mega-sena\/","og_locale":"hr_HR","og_type":"article","og_title":"Mega Sena dobitni brojevi | Rezultati izvla\u010denja brazilske Mega Sene","og_description":"Provjerite najnovije nagrade i dobitne brojeve za Mega Senu","og_url":"https:\/\/redfoxlotto.com\/hr\/rezultati\/mega-sena\/","og_site_name":"Get Tickets for the World\u2019s largest jackpots","article_modified_time":"2021-01-07T10:12:32+00:00","og_image":[{"url":"https:\/\/content.redfoxlotto.com\/uploads\/sites\/9\/1_you_win_jackpot.jpg","type":"","width":"","height":""}],"twitter_card":"summary_large_image","twitter_misc":{"Procijenjeno vrijeme \u010ditanja":"1 minuta"},"schema":{"@context":"https:\/\/schema.org","@graph":[{"@type":"WebPage","@id":"https:\/\/redfoxlotto.com\/hr\/rezultati\/mega-sena\/","url":"https:\/\/redfoxlotto.com\/hr\/rezultati\/mega-sena\/","name":"Mega Sena dobitni brojevi | Rezultati izvla\u010denja brazilske Mega Sene","isPartOf":{"@id":"https:\/\/redfoxlotto.com\/hr\/#website"},"primaryImageOfPage":{"@id":"https:\/\/redfoxlotto.com\/hr\/rezultati\/mega-sena\/#primaryimage"},"image":{"@id":"https:\/\/redfoxlotto.com\/hr\/rezultati\/mega-sena\/#primaryimage"},"thumbnailUrl":"https:\/\/content.redfoxlotto.com\/uploads\/sites\/9\/1_you_win_jackpot.jpg","datePublished":"2020-07-20T08:57:09+00:00","dateModified":"2021-01-07T10:12:32+00:00","description":"Provjerite najnovije nagrade i dobitne brojeve za Mega Senu","breadcrumb":{"@id":"https:\/\/redfoxlotto.com\/hr\/rezultati\/mega-sena\/#breadcrumb"},"inLanguage":"hr","potentialAction":[{"@type":"ReadAction","target":["https:\/\/redfoxlotto.com\/hr\/rezultati\/mega-sena\/"]}]},{"@type":"ImageObject","inLanguage":"hr","@id":"https:\/\/redfoxlotto.com\/hr\/rezultati\/mega-sena\/#primaryimage","url":"https:\/\/content.redfoxlotto.com\/uploads\/sites\/9\/1_you_win_jackpot.jpg","contentUrl":"https:\/\/content.redfoxlotto.com\/uploads\/sites\/9\/1_you_win_jackpot.jpg"},{"@type":"BreadcrumbList","@id":"https:\/\/redfoxlotto.com\/hr\/rezultati\/mega-sena\/#breadcrumb","itemListElement":[{"@type":"ListItem","position":1,"name":"Home","item":"https:\/\/redfoxlotto.com\/hr\/"},{"@type":"ListItem","position":2,"name":"Rezultati internacionalnih lutrija","item":"https:\/\/redfoxlotto.com\/hr\/rezultati\/"},{"@type":"ListItem","position":3,"name":"Mega Sena rezultati"}]},{"@type":"WebSite","@id":"https:\/\/redfoxlotto.com\/hr\/#website","url":"https:\/\/redfoxlotto.com\/hr\/","name":"Get Tickets for the World\u2019s largest jackpots","description":"Participate in worldwide lottery jackpots from any country","publisher":{"@id":"https:\/\/redfoxlotto.com\/hr\/#organization"},"potentialAction":[{"@type":"SearchAction","target":{"@type":"EntryPoint","urlTemplate":"https:\/\/redfoxlotto.com\/hr\/?s={search_term_string}"},"query-input":{"@type":"PropertyValueSpecification","valueRequired":true,"valueName":"search_term_string"}}],"inLanguage":"hr"},{"@type":"Organization","@id":"https:\/\/redfoxlotto.com\/hr\/#organization","name":"Get Tickets for the World\u2019s largest jackpots","url":"https:\/\/redfoxlotto.com\/hr\/","logo":{"@type":"ImageObject","inLanguage":"hr","@id":"https:\/\/redfoxlotto.com\/hr\/#\/schema\/logo\/image\/","url":"https:\/\/redfoxlotto.com\/wp-content\/uploads\/2023\/04\/logo.png","contentUrl":"https:\/\/redfoxlotto.com\/wp-content\/uploads\/2023\/04\/logo.png","width":269,"height":53,"caption":"Get Tickets for the World\u2019s largest jackpots"},"image":{"@id":"https:\/\/redfoxlotto.com\/hr\/#\/schema\/logo\/image\/"}}]}},"_links":{"self":[{"href":"https:\/\/redfoxlotto.com\/hr\/wp-json\/wp\/v2\/pages\/17926","targetHints":{"allow":["GET"]}}],"collection":[{"href":"https:\/\/redfoxlotto.com\/hr\/wp-json\/wp\/v2\/pages"}],"about":[{"href":"https:\/\/redfoxlotto.com\/hr\/wp-json\/wp\/v2\/types\/page"}],"author":[{"embeddable":true,"href":"https:\/\/redfoxlotto.com\/hr\/wp-json\/wp\/v2\/users\/1"}],"replies":[{"embeddable":true,"href":"https:\/\/redfoxlotto.com\/hr\/wp-json\/wp\/v2\/comments?post=17926"}],"version-history":[{"count":0,"href":"https:\/\/redfoxlotto.com\/hr\/wp-json\/wp\/v2\/pages\/17926\/revisions"}],"up":[{"embeddable":true,"href":"https:\/\/redfoxlotto.com\/hr\/wp-json\/wp\/v2\/pages\/16722"}],"wp:attachment":[{"href":"https:\/\/redfoxlotto.com\/hr\/wp-json\/wp\/v2\/media?parent=17926"}],"curies":[{"name":"wp","href":"https:\/\/api.w.org\/{rel}","templated":true}]}}