{"id":17905,"date":"2020-08-18T09:10:34","date_gmt":"2020-08-18T09:10:34","guid":{"rendered":"https:\/\/redfoxlotto.com\/?page_id=17905"},"modified":"2021-01-07T10:09:40","modified_gmt":"2021-01-07T10:09:40","slug":"lotto-america","status":"publish","type":"page","link":"https:\/\/redfoxlotto.com\/hr\/lutrije\/lotto-america\/","title":{"rendered":"O Lotto America"},"content":{"rendered":"<h2 class=\"wp-block-heading\">Kupite listi\u0107 za Lotto America putem interneta<\/h2><p><img loading=\"lazy\" decoding=\"async\" class=\" wp-image alignright\" src=\"https:\/\/content.redfoxlotto.com\/uploads\/sites\/9\/1_ticket_online_buying.jpg\" alt=\"loto ameri\u010dka karta online\" width=\"234\" height=\"158\" \/><\/p>\n<p>\u0160to se ti\u010de kupnje listi\u0107a za lutriju putem interneta, \u017eelite biti sigurni da sudjelujete u najboljim igrama. Postoje igre u drugim dr\u017eavama kao \u0161to su Lotto America koje bi mogli igrati putem interneta.<\/p>\n<p><!-- \/wp:post-content --><\/p>\n<p><!-- wp:heading --><\/p>\n<h2>\u0160to je Lotto America?<\/h2>\n<p><!-- \/wp:heading --><\/p>\n<p><!-- wp:paragraph --><\/p>\n<p>Lotto America je me\u0111unarodna igra koja se odvija u Sjedinjenim Ameri\u010dkim Dr\u017eavama. Ali ne morate \u017eivjeti tamo da biste ju igrali. Zapravo ju mo\u017eete igrati s bilo kojeg mjesta na svijetu.<\/p>\n<p><!-- \/wp:paragraph --><\/p>\n<p><!-- wp:heading --><\/p>\n<h2>Kupnja listi\u0107a<\/h2>\n<p><img loading=\"lazy\" decoding=\"async\" class=\" wp-image alignright\" src=\"https:\/\/content.redfoxlotto.com\/uploads\/sites\/9\/1_usa_lottery_win.jpg\" alt=\"lotto america\" width=\"260\" height=\"172\" \/><br \/><!-- wp:paragraph --><\/p>\n<p><!-- \/wp:paragraph --><\/p>\n<p><!-- wp:paragraph --><\/p>\n<p>Ako ste zainteresirani za igranje Lotto America, samo morate znati gdje nabaviti listi\u0107e. Mi vam mo\u017eemo pomo\u0107i da nabavite listi\u0107 za ovu ili bilo koju drugu lutrijsku igru koju \u017eelite igrati \u0161irom svijeta. To je jednostavno za napraviti i treba vam samo nekoliko sekundi za potpunu postavu i pripremu. Mo\u0107i \u0107ete zapo\u010deti pretra\u017eivanje kroz razli\u010dite dostupne lutrijske igre. Jednom kada se odlu\u010dite za igru, vrijeme je da po\u010dnete birati svoje brojeve.<\/p>\n<p><!-- \/wp:paragraph --><\/p>\n<p><!-- wp:heading --><\/p>\n<h2>Biranje brojeva<\/h2>\n<p><!-- \/wp:heading --><\/p>\n<p><!-- wp:paragraph --><\/p>\n<p>Postoji pet standardnih brojeva i jedan dodatni broj za Lotto America. Pomo\u0107u generatora brojeva odaberite sve svoje brojeve ili upotrijebite svoje vlastite omiljene brojeve.<\/p>\n<p><!-- \/wp:paragraph --><\/p>","protected":false},"excerpt":{"rendered":"<p>Kupite listi\u0107 za Lotto America putem interneta \u0160to se ti\u010de kupnje listi\u0107a za lutriju putem interneta, \u017eelite biti sigurni da sudjelujete u najboljim igrama. Postoje igre u drugim dr\u017eavama kao \u0161to su Lotto America koje bi mogli igrati putem interneta. \u0160to je Lotto America? Lotto America je me\u0111unarodna igra koja se odvija u Sjedinjenim Ameri\u010dkim [&hellip;]<\/p>\n","protected":false},"author":1,"featured_media":0,"parent":16714,"menu_order":12,"comment_status":"closed","ping_status":"closed","template":"lotto-america-info.php","meta":{"_et_pb_use_builder":"","_et_pb_old_content":"","_et_gb_content_width":"","exclude_from_search":false,"footnotes":""},"class_list":["post-17905","page","type-page","status-publish","hentry"],"yoast_head":"<!-- This site is optimized with the Yoast SEO plugin v23.8 - https:\/\/yoast.com\/wordpress\/plugins\/seo\/ -->\n<title>Kupite Lotto America listi\u0107 putem interneta<\/title>\n<meta name=\"description\" content=\"Ako \u017eelite osvojiti Lotto America, kupite listi\u0107 putem interneta!\" \/>\n<meta name=\"robots\" content=\"index, follow, max-snippet:-1, max-image-preview:large, max-video-preview:-1\" \/>\n<link rel=\"canonical\" href=\"https:\/\/redfoxlotto.com\/hr\/lutrije\/lotto-america\/\" \/>\n<meta property=\"og:locale\" content=\"hr_HR\" \/>\n<meta property=\"og:type\" content=\"article\" \/>\n<meta property=\"og:title\" content=\"Kupite Lotto America listi\u0107 putem interneta\" \/>\n<meta property=\"og:description\" content=\"Ako \u017eelite osvojiti Lotto America, kupite listi\u0107 putem interneta!\" \/>\n<meta property=\"og:url\" content=\"https:\/\/redfoxlotto.com\/hr\/lutrije\/lotto-america\/\" \/>\n<meta property=\"og:site_name\" content=\"Get Tickets for the World\u2019s largest jackpots\" \/>\n<meta property=\"article:modified_time\" content=\"2021-01-07T10:09:40+00:00\" \/>\n<meta property=\"og:image\" content=\"https:\/\/content.redfoxlotto.com\/uploads\/sites\/9\/1_ticket_online_buying.jpg\" \/>\n<meta name=\"twitter:card\" content=\"summary_large_image\" \/>\n<meta name=\"twitter:label1\" content=\"Procijenjeno vrijeme \u010ditanja\" \/>\n\t<meta name=\"twitter:data1\" content=\"2 minute\" \/>\n<script type=\"application\/ld+json\" class=\"yoast-schema-graph\">{\"@context\":\"https:\/\/schema.org\",\"@graph\":[{\"@type\":\"WebPage\",\"@id\":\"https:\/\/redfoxlotto.com\/hr\/lutrije\/lotto-america\/\",\"url\":\"https:\/\/redfoxlotto.com\/hr\/lutrije\/lotto-america\/\",\"name\":\"Kupite Lotto America listi\u0107 putem interneta\",\"isPartOf\":{\"@id\":\"https:\/\/redfoxlotto.com\/hr\/#website\"},\"primaryImageOfPage\":{\"@id\":\"https:\/\/redfoxlotto.com\/hr\/lutrije\/lotto-america\/#primaryimage\"},\"image\":{\"@id\":\"https:\/\/redfoxlotto.com\/hr\/lutrije\/lotto-america\/#primaryimage\"},\"thumbnailUrl\":\"https:\/\/content.redfoxlotto.com\/uploads\/sites\/9\/1_ticket_online_buying.jpg\",\"datePublished\":\"2020-08-18T09:10:34+00:00\",\"dateModified\":\"2021-01-07T10:09:40+00:00\",\"description\":\"Ako \u017eelite osvojiti Lotto America, kupite listi\u0107 putem interneta!\",\"breadcrumb\":{\"@id\":\"https:\/\/redfoxlotto.com\/hr\/lutrije\/lotto-america\/#breadcrumb\"},\"inLanguage\":\"hr\",\"potentialAction\":[{\"@type\":\"ReadAction\",\"target\":[\"https:\/\/redfoxlotto.com\/hr\/lutrije\/lotto-america\/\"]}]},{\"@type\":\"ImageObject\",\"inLanguage\":\"hr\",\"@id\":\"https:\/\/redfoxlotto.com\/hr\/lutrije\/lotto-america\/#primaryimage\",\"url\":\"https:\/\/content.redfoxlotto.com\/uploads\/sites\/9\/1_ticket_online_buying.jpg\",\"contentUrl\":\"https:\/\/content.redfoxlotto.com\/uploads\/sites\/9\/1_ticket_online_buying.jpg\"},{\"@type\":\"BreadcrumbList\",\"@id\":\"https:\/\/redfoxlotto.com\/hr\/lutrije\/lotto-america\/#breadcrumb\",\"itemListElement\":[{\"@type\":\"ListItem\",\"position\":1,\"name\":\"Home\",\"item\":\"https:\/\/redfoxlotto.com\/hr\/\"},{\"@type\":\"ListItem\",\"position\":2,\"name\":\"Kako kupiti loto listi\u0107e on-line \u2013 proces kupovine\",\"item\":\"https:\/\/redfoxlotto.com\/hr\/lutrije\/\"},{\"@type\":\"ListItem\",\"position\":3,\"name\":\"O Lotto America\"}]},{\"@type\":\"WebSite\",\"@id\":\"https:\/\/redfoxlotto.com\/hr\/#website\",\"url\":\"https:\/\/redfoxlotto.com\/hr\/\",\"name\":\"Get Tickets for the World\u2019s largest jackpots\",\"description\":\"Participate in worldwide lottery jackpots from any country\",\"publisher\":{\"@id\":\"https:\/\/redfoxlotto.com\/hr\/#organization\"},\"potentialAction\":[{\"@type\":\"SearchAction\",\"target\":{\"@type\":\"EntryPoint\",\"urlTemplate\":\"https:\/\/redfoxlotto.com\/hr\/?s={search_term_string}\"},\"query-input\":{\"@type\":\"PropertyValueSpecification\",\"valueRequired\":true,\"valueName\":\"search_term_string\"}}],\"inLanguage\":\"hr\"},{\"@type\":\"Organization\",\"@id\":\"https:\/\/redfoxlotto.com\/hr\/#organization\",\"name\":\"Get Tickets for the World\u2019s largest jackpots\",\"url\":\"https:\/\/redfoxlotto.com\/hr\/\",\"logo\":{\"@type\":\"ImageObject\",\"inLanguage\":\"hr\",\"@id\":\"https:\/\/redfoxlotto.com\/hr\/#\/schema\/logo\/image\/\",\"url\":\"https:\/\/redfoxlotto.com\/wp-content\/uploads\/2023\/04\/logo.png\",\"contentUrl\":\"https:\/\/redfoxlotto.com\/wp-content\/uploads\/2023\/04\/logo.png\",\"width\":269,\"height\":53,\"caption\":\"Get Tickets for the World\u2019s largest jackpots\"},\"image\":{\"@id\":\"https:\/\/redfoxlotto.com\/hr\/#\/schema\/logo\/image\/\"}}]}<\/script>\n<!-- \/ Yoast SEO plugin. -->","yoast_head_json":{"title":"Kupite Lotto America listi\u0107 putem interneta","description":"Ako \u017eelite osvojiti Lotto America, kupite listi\u0107 putem interneta!","robots":{"index":"index","follow":"follow","max-snippet":"max-snippet:-1","max-image-preview":"max-image-preview:large","max-video-preview":"max-video-preview:-1"},"canonical":"https:\/\/redfoxlotto.com\/hr\/lutrije\/lotto-america\/","og_locale":"hr_HR","og_type":"article","og_title":"Kupite Lotto America listi\u0107 putem interneta","og_description":"Ako \u017eelite osvojiti Lotto America, kupite listi\u0107 putem interneta!","og_url":"https:\/\/redfoxlotto.com\/hr\/lutrije\/lotto-america\/","og_site_name":"Get Tickets for the World\u2019s largest jackpots","article_modified_time":"2021-01-07T10:09:40+00:00","og_image":[{"url":"https:\/\/content.redfoxlotto.com\/uploads\/sites\/9\/1_ticket_online_buying.jpg"}],"twitter_card":"summary_large_image","twitter_misc":{"Procijenjeno vrijeme \u010ditanja":"2 minute"},"schema":{"@context":"https:\/\/schema.org","@graph":[{"@type":"WebPage","@id":"https:\/\/redfoxlotto.com\/hr\/lutrije\/lotto-america\/","url":"https:\/\/redfoxlotto.com\/hr\/lutrije\/lotto-america\/","name":"Kupite Lotto America listi\u0107 putem interneta","isPartOf":{"@id":"https:\/\/redfoxlotto.com\/hr\/#website"},"primaryImageOfPage":{"@id":"https:\/\/redfoxlotto.com\/hr\/lutrije\/lotto-america\/#primaryimage"},"image":{"@id":"https:\/\/redfoxlotto.com\/hr\/lutrije\/lotto-america\/#primaryimage"},"thumbnailUrl":"https:\/\/content.redfoxlotto.com\/uploads\/sites\/9\/1_ticket_online_buying.jpg","datePublished":"2020-08-18T09:10:34+00:00","dateModified":"2021-01-07T10:09:40+00:00","description":"Ako \u017eelite osvojiti Lotto America, kupite listi\u0107 putem interneta!","breadcrumb":{"@id":"https:\/\/redfoxlotto.com\/hr\/lutrije\/lotto-america\/#breadcrumb"},"inLanguage":"hr","potentialAction":[{"@type":"ReadAction","target":["https:\/\/redfoxlotto.com\/hr\/lutrije\/lotto-america\/"]}]},{"@type":"ImageObject","inLanguage":"hr","@id":"https:\/\/redfoxlotto.com\/hr\/lutrije\/lotto-america\/#primaryimage","url":"https:\/\/content.redfoxlotto.com\/uploads\/sites\/9\/1_ticket_online_buying.jpg","contentUrl":"https:\/\/content.redfoxlotto.com\/uploads\/sites\/9\/1_ticket_online_buying.jpg"},{"@type":"BreadcrumbList","@id":"https:\/\/redfoxlotto.com\/hr\/lutrije\/lotto-america\/#breadcrumb","itemListElement":[{"@type":"ListItem","position":1,"name":"Home","item":"https:\/\/redfoxlotto.com\/hr\/"},{"@type":"ListItem","position":2,"name":"Kako kupiti loto listi\u0107e on-line \u2013 proces kupovine","item":"https:\/\/redfoxlotto.com\/hr\/lutrije\/"},{"@type":"ListItem","position":3,"name":"O Lotto America"}]},{"@type":"WebSite","@id":"https:\/\/redfoxlotto.com\/hr\/#website","url":"https:\/\/redfoxlotto.com\/hr\/","name":"Get Tickets for the World\u2019s largest jackpots","description":"Participate in worldwide lottery jackpots from any country","publisher":{"@id":"https:\/\/redfoxlotto.com\/hr\/#organization"},"potentialAction":[{"@type":"SearchAction","target":{"@type":"EntryPoint","urlTemplate":"https:\/\/redfoxlotto.com\/hr\/?s={search_term_string}"},"query-input":{"@type":"PropertyValueSpecification","valueRequired":true,"valueName":"search_term_string"}}],"inLanguage":"hr"},{"@type":"Organization","@id":"https:\/\/redfoxlotto.com\/hr\/#organization","name":"Get Tickets for the World\u2019s largest jackpots","url":"https:\/\/redfoxlotto.com\/hr\/","logo":{"@type":"ImageObject","inLanguage":"hr","@id":"https:\/\/redfoxlotto.com\/hr\/#\/schema\/logo\/image\/","url":"https:\/\/redfoxlotto.com\/wp-content\/uploads\/2023\/04\/logo.png","contentUrl":"https:\/\/redfoxlotto.com\/wp-content\/uploads\/2023\/04\/logo.png","width":269,"height":53,"caption":"Get Tickets for the World\u2019s largest jackpots"},"image":{"@id":"https:\/\/redfoxlotto.com\/hr\/#\/schema\/logo\/image\/"}}]}},"_links":{"self":[{"href":"https:\/\/redfoxlotto.com\/hr\/wp-json\/wp\/v2\/pages\/17905","targetHints":{"allow":["GET"]}}],"collection":[{"href":"https:\/\/redfoxlotto.com\/hr\/wp-json\/wp\/v2\/pages"}],"about":[{"href":"https:\/\/redfoxlotto.com\/hr\/wp-json\/wp\/v2\/types\/page"}],"author":[{"embeddable":true,"href":"https:\/\/redfoxlotto.com\/hr\/wp-json\/wp\/v2\/users\/1"}],"replies":[{"embeddable":true,"href":"https:\/\/redfoxlotto.com\/hr\/wp-json\/wp\/v2\/comments?post=17905"}],"version-history":[{"count":0,"href":"https:\/\/redfoxlotto.com\/hr\/wp-json\/wp\/v2\/pages\/17905\/revisions"}],"up":[{"embeddable":true,"href":"https:\/\/redfoxlotto.com\/hr\/wp-json\/wp\/v2\/pages\/16714"}],"wp:attachment":[{"href":"https:\/\/redfoxlotto.com\/hr\/wp-json\/wp\/v2\/media?parent=17905"}],"curies":[{"name":"wp","href":"https:\/\/api.w.org\/{rel}","templated":true}]}}