{"id":17805,"date":"2023-04-24T18:22:46","date_gmt":"2023-04-24T18:22:46","guid":{"rendered":"https:\/\/redfoxlotto.com\/?page_id=17805"},"modified":"2021-01-07T07:50:26","modified_gmt":"2021-01-07T07:50:26","slug":"oz-lotto","status":"publish","type":"page","link":"https:\/\/redfoxlotto.com\/hr\/igrajte\/oz-lotto\/","title":{"rendered":"Igrajte Oz Lotto \u2013 Australijsku lutriju"},"content":{"rendered":"<p><img loading=\"lazy\" decoding=\"async\" class=\" wp-image alignright\" src=\"https:\/\/content.redfoxlotto.com\/uploads\/sites\/9\/2_ticket_oz_lotto.jpg\" alt=\"Oz Loto\" width=\"209\" height=\"323\" \/><\/p><p>Oz Lotto izvla\u010denje odvija se svakog utorka nave\u010der u 20:30h (po lokalnom vremenu: Australsko isto\u010dno vrijeme). Oz Lotto je uspio nadma\u0161iti jackpot svog ro\u0111aka Powerball Australia \u010detvrtkom. Mo\u017ee \u010desto ponuditi u jackpote do $100 milijuna. Morate uskladiti svih 7 izvu\u010denih brojeva kako bi osvojili jackpot.<\/p><h2 class=\"wp-block-heading\">Pogodnosti igranja putem interneta<\/h2><p>Prikladnije je igrati Oz Lotto putem interneta. Igra\u010di se obi\u010dno registriraju i odaberu svoje listi\u0107e. Izvla\u010denje se odvija utorkom nave\u010der. Svi pobjednici budu obavije\u0161teni putem e-maila, ali mogu\u0107a je i provjera Oz Lotto rezultata kroz va\u0161 korisni\u010dki ra\u010dun.<\/p>","protected":false},"excerpt":{"rendered":"<p>Oz Lotto izvla\u010denje odvija se svakog utorka nave\u010der u 20:30h (po lokalnom vremenu: Australsko isto\u010dno vrijeme). Oz Lotto je uspio nadma\u0161iti jackpot svog ro\u0111aka Powerball Australia \u010detvrtkom. Mo\u017ee \u010desto ponuditi u jackpote do $100 milijuna. Morate uskladiti svih 7 izvu\u010denih brojeva kako bi osvojili jackpot. Pogodnosti igranja putem interneta Prikladnije je igrati Oz Lotto putem [&hellip;]<\/p>\n","protected":false},"author":1,"featured_media":0,"parent":16732,"menu_order":18,"comment_status":"closed","ping_status":"closed","template":"","meta":{"_et_pb_use_builder":"","_et_pb_old_content":"","_et_gb_content_width":"","exclude_from_search":false,"footnotes":""},"class_list":["post-17805","page","type-page","status-publish","hentry"],"yoast_head":"<!-- This site is optimized with the Yoast SEO plugin v23.8 - https:\/\/yoast.com\/wordpress\/plugins\/seo\/ -->\n<title>Igrajte Oz Lotto iz bilo kojeg mjesta izvan Australije<\/title>\n<meta name=\"description\" content=\"Oz Lotto s vama je ve\u0107 vi\u0161e od 25 godina i tamo dolje je omiljena lutrijska igra.\" \/>\n<meta name=\"robots\" content=\"index, follow, max-snippet:-1, max-image-preview:large, max-video-preview:-1\" \/>\n<link rel=\"canonical\" href=\"https:\/\/redfoxlotto.com\/hr\/igrajte\/oz-lotto\/\" \/>\n<meta property=\"og:locale\" content=\"hr_HR\" \/>\n<meta property=\"og:type\" content=\"article\" \/>\n<meta property=\"og:title\" content=\"Igrajte Oz Lotto iz bilo kojeg mjesta izvan Australije\" \/>\n<meta property=\"og:description\" content=\"Oz Lotto s vama je ve\u0107 vi\u0161e od 25 godina i tamo dolje je omiljena lutrijska igra.\" \/>\n<meta property=\"og:url\" content=\"https:\/\/redfoxlotto.com\/hr\/igrajte\/oz-lotto\/\" \/>\n<meta property=\"og:site_name\" content=\"Get Tickets for the World\u2019s largest jackpots\" \/>\n<meta property=\"article:modified_time\" content=\"2021-01-07T07:50:26+00:00\" \/>\n<meta property=\"og:image\" content=\"https:\/\/content.redfoxlotto.com\/uploads\/sites\/9\/2_ticket_oz_lotto.jpg\" \/>\n<meta name=\"twitter:card\" content=\"summary_large_image\" \/>\n<meta name=\"twitter:label1\" content=\"Procijenjeno vrijeme \u010ditanja\" \/>\n\t<meta name=\"twitter:data1\" content=\"1 minuta\" \/>\n<script type=\"application\/ld+json\" class=\"yoast-schema-graph\">{\"@context\":\"https:\/\/schema.org\",\"@graph\":[{\"@type\":\"WebPage\",\"@id\":\"https:\/\/redfoxlotto.com\/hr\/igrajte\/oz-lotto\/\",\"url\":\"https:\/\/redfoxlotto.com\/hr\/igrajte\/oz-lotto\/\",\"name\":\"Igrajte Oz Lotto iz bilo kojeg mjesta izvan Australije\",\"isPartOf\":{\"@id\":\"https:\/\/redfoxlotto.com\/hr\/#website\"},\"primaryImageOfPage\":{\"@id\":\"https:\/\/redfoxlotto.com\/hr\/igrajte\/oz-lotto\/#primaryimage\"},\"image\":{\"@id\":\"https:\/\/redfoxlotto.com\/hr\/igrajte\/oz-lotto\/#primaryimage\"},\"thumbnailUrl\":\"https:\/\/content.redfoxlotto.com\/uploads\/sites\/9\/2_ticket_oz_lotto.jpg\",\"datePublished\":\"2023-04-24T18:22:46+00:00\",\"dateModified\":\"2021-01-07T07:50:26+00:00\",\"description\":\"Oz Lotto s vama je ve\u0107 vi\u0161e od 25 godina i tamo dolje je omiljena lutrijska igra.\",\"breadcrumb\":{\"@id\":\"https:\/\/redfoxlotto.com\/hr\/igrajte\/oz-lotto\/#breadcrumb\"},\"inLanguage\":\"hr\",\"potentialAction\":[{\"@type\":\"ReadAction\",\"target\":[\"https:\/\/redfoxlotto.com\/hr\/igrajte\/oz-lotto\/\"]}]},{\"@type\":\"ImageObject\",\"inLanguage\":\"hr\",\"@id\":\"https:\/\/redfoxlotto.com\/hr\/igrajte\/oz-lotto\/#primaryimage\",\"url\":\"https:\/\/content.redfoxlotto.com\/uploads\/sites\/9\/2_ticket_oz_lotto.jpg\",\"contentUrl\":\"https:\/\/content.redfoxlotto.com\/uploads\/sites\/9\/2_ticket_oz_lotto.jpg\"},{\"@type\":\"BreadcrumbList\",\"@id\":\"https:\/\/redfoxlotto.com\/hr\/igrajte\/oz-lotto\/#breadcrumb\",\"itemListElement\":[{\"@type\":\"ListItem\",\"position\":1,\"name\":\"Home\",\"item\":\"https:\/\/redfoxlotto.com\/hr\/\"},{\"@type\":\"ListItem\",\"position\":2,\"name\":\"Kako sudjelovati u lutrijama drugih dr\u017eava\",\"item\":\"https:\/\/redfoxlotto.com\/hr\/igrajte\/\"},{\"@type\":\"ListItem\",\"position\":3,\"name\":\"Igrajte Oz Lotto \u2013 Australijsku lutriju\"}]},{\"@type\":\"WebSite\",\"@id\":\"https:\/\/redfoxlotto.com\/hr\/#website\",\"url\":\"https:\/\/redfoxlotto.com\/hr\/\",\"name\":\"Get Tickets for the World\u2019s largest jackpots\",\"description\":\"Participate in worldwide lottery jackpots from any country\",\"publisher\":{\"@id\":\"https:\/\/redfoxlotto.com\/hr\/#organization\"},\"potentialAction\":[{\"@type\":\"SearchAction\",\"target\":{\"@type\":\"EntryPoint\",\"urlTemplate\":\"https:\/\/redfoxlotto.com\/hr\/?s={search_term_string}\"},\"query-input\":{\"@type\":\"PropertyValueSpecification\",\"valueRequired\":true,\"valueName\":\"search_term_string\"}}],\"inLanguage\":\"hr\"},{\"@type\":\"Organization\",\"@id\":\"https:\/\/redfoxlotto.com\/hr\/#organization\",\"name\":\"Get Tickets for the World\u2019s largest jackpots\",\"url\":\"https:\/\/redfoxlotto.com\/hr\/\",\"logo\":{\"@type\":\"ImageObject\",\"inLanguage\":\"hr\",\"@id\":\"https:\/\/redfoxlotto.com\/hr\/#\/schema\/logo\/image\/\",\"url\":\"https:\/\/redfoxlotto.com\/wp-content\/uploads\/2023\/04\/logo.png\",\"contentUrl\":\"https:\/\/redfoxlotto.com\/wp-content\/uploads\/2023\/04\/logo.png\",\"width\":269,\"height\":53,\"caption\":\"Get Tickets for the World\u2019s largest jackpots\"},\"image\":{\"@id\":\"https:\/\/redfoxlotto.com\/hr\/#\/schema\/logo\/image\/\"}}]}<\/script>\n<!-- \/ Yoast SEO plugin. -->","yoast_head_json":{"title":"Igrajte Oz Lotto iz bilo kojeg mjesta izvan Australije","description":"Oz Lotto s vama je ve\u0107 vi\u0161e od 25 godina i tamo dolje je omiljena lutrijska igra.","robots":{"index":"index","follow":"follow","max-snippet":"max-snippet:-1","max-image-preview":"max-image-preview:large","max-video-preview":"max-video-preview:-1"},"canonical":"https:\/\/redfoxlotto.com\/hr\/igrajte\/oz-lotto\/","og_locale":"hr_HR","og_type":"article","og_title":"Igrajte Oz Lotto iz bilo kojeg mjesta izvan Australije","og_description":"Oz Lotto s vama je ve\u0107 vi\u0161e od 25 godina i tamo dolje je omiljena lutrijska igra.","og_url":"https:\/\/redfoxlotto.com\/hr\/igrajte\/oz-lotto\/","og_site_name":"Get Tickets for the World\u2019s largest jackpots","article_modified_time":"2021-01-07T07:50:26+00:00","og_image":[{"url":"https:\/\/content.redfoxlotto.com\/uploads\/sites\/9\/2_ticket_oz_lotto.jpg"}],"twitter_card":"summary_large_image","twitter_misc":{"Procijenjeno vrijeme \u010ditanja":"1 minuta"},"schema":{"@context":"https:\/\/schema.org","@graph":[{"@type":"WebPage","@id":"https:\/\/redfoxlotto.com\/hr\/igrajte\/oz-lotto\/","url":"https:\/\/redfoxlotto.com\/hr\/igrajte\/oz-lotto\/","name":"Igrajte Oz Lotto iz bilo kojeg mjesta izvan Australije","isPartOf":{"@id":"https:\/\/redfoxlotto.com\/hr\/#website"},"primaryImageOfPage":{"@id":"https:\/\/redfoxlotto.com\/hr\/igrajte\/oz-lotto\/#primaryimage"},"image":{"@id":"https:\/\/redfoxlotto.com\/hr\/igrajte\/oz-lotto\/#primaryimage"},"thumbnailUrl":"https:\/\/content.redfoxlotto.com\/uploads\/sites\/9\/2_ticket_oz_lotto.jpg","datePublished":"2023-04-24T18:22:46+00:00","dateModified":"2021-01-07T07:50:26+00:00","description":"Oz Lotto s vama je ve\u0107 vi\u0161e od 25 godina i tamo dolje je omiljena lutrijska igra.","breadcrumb":{"@id":"https:\/\/redfoxlotto.com\/hr\/igrajte\/oz-lotto\/#breadcrumb"},"inLanguage":"hr","potentialAction":[{"@type":"ReadAction","target":["https:\/\/redfoxlotto.com\/hr\/igrajte\/oz-lotto\/"]}]},{"@type":"ImageObject","inLanguage":"hr","@id":"https:\/\/redfoxlotto.com\/hr\/igrajte\/oz-lotto\/#primaryimage","url":"https:\/\/content.redfoxlotto.com\/uploads\/sites\/9\/2_ticket_oz_lotto.jpg","contentUrl":"https:\/\/content.redfoxlotto.com\/uploads\/sites\/9\/2_ticket_oz_lotto.jpg"},{"@type":"BreadcrumbList","@id":"https:\/\/redfoxlotto.com\/hr\/igrajte\/oz-lotto\/#breadcrumb","itemListElement":[{"@type":"ListItem","position":1,"name":"Home","item":"https:\/\/redfoxlotto.com\/hr\/"},{"@type":"ListItem","position":2,"name":"Kako sudjelovati u lutrijama drugih dr\u017eava","item":"https:\/\/redfoxlotto.com\/hr\/igrajte\/"},{"@type":"ListItem","position":3,"name":"Igrajte Oz Lotto \u2013 Australijsku lutriju"}]},{"@type":"WebSite","@id":"https:\/\/redfoxlotto.com\/hr\/#website","url":"https:\/\/redfoxlotto.com\/hr\/","name":"Get Tickets for the World\u2019s largest jackpots","description":"Participate in worldwide lottery jackpots from any country","publisher":{"@id":"https:\/\/redfoxlotto.com\/hr\/#organization"},"potentialAction":[{"@type":"SearchAction","target":{"@type":"EntryPoint","urlTemplate":"https:\/\/redfoxlotto.com\/hr\/?s={search_term_string}"},"query-input":{"@type":"PropertyValueSpecification","valueRequired":true,"valueName":"search_term_string"}}],"inLanguage":"hr"},{"@type":"Organization","@id":"https:\/\/redfoxlotto.com\/hr\/#organization","name":"Get Tickets for the World\u2019s largest jackpots","url":"https:\/\/redfoxlotto.com\/hr\/","logo":{"@type":"ImageObject","inLanguage":"hr","@id":"https:\/\/redfoxlotto.com\/hr\/#\/schema\/logo\/image\/","url":"https:\/\/redfoxlotto.com\/wp-content\/uploads\/2023\/04\/logo.png","contentUrl":"https:\/\/redfoxlotto.com\/wp-content\/uploads\/2023\/04\/logo.png","width":269,"height":53,"caption":"Get Tickets for the World\u2019s largest jackpots"},"image":{"@id":"https:\/\/redfoxlotto.com\/hr\/#\/schema\/logo\/image\/"}}]}},"_links":{"self":[{"href":"https:\/\/redfoxlotto.com\/hr\/wp-json\/wp\/v2\/pages\/17805","targetHints":{"allow":["GET"]}}],"collection":[{"href":"https:\/\/redfoxlotto.com\/hr\/wp-json\/wp\/v2\/pages"}],"about":[{"href":"https:\/\/redfoxlotto.com\/hr\/wp-json\/wp\/v2\/types\/page"}],"author":[{"embeddable":true,"href":"https:\/\/redfoxlotto.com\/hr\/wp-json\/wp\/v2\/users\/1"}],"replies":[{"embeddable":true,"href":"https:\/\/redfoxlotto.com\/hr\/wp-json\/wp\/v2\/comments?post=17805"}],"version-history":[{"count":0,"href":"https:\/\/redfoxlotto.com\/hr\/wp-json\/wp\/v2\/pages\/17805\/revisions"}],"up":[{"embeddable":true,"href":"https:\/\/redfoxlotto.com\/hr\/wp-json\/wp\/v2\/pages\/16732"}],"wp:attachment":[{"href":"https:\/\/redfoxlotto.com\/hr\/wp-json\/wp\/v2\/media?parent=17805"}],"curies":[{"name":"wp","href":"https:\/\/api.w.org\/{rel}","templated":true}]}}