{"id":17793,"date":"2023-04-24T18:19:55","date_gmt":"2023-04-24T18:19:55","guid":{"rendered":"https:\/\/redfoxlotto.com\/?page_id=17793"},"modified":"2023-05-15T10:19:45","modified_gmt":"2023-05-15T10:19:45","slug":"powerball-au","status":"publish","type":"page","link":"https:\/\/redfoxlotto.com\/hr\/igrajte\/powerball-au\/","title":{"rendered":"Powerball od tamo dolje &#8211; kako igrati"},"content":{"rendered":"<p>Svakog tjedna, svakog \u010detvrtka uve\u010der, Powerball Australia uzbu\u0111uje naciju.<\/p><p><img loading=\"lazy\" decoding=\"async\" class=\" wp-image alignright\" src=\"https:\/\/content.redfoxlotto.com\/uploads\/sites\/9\/2_ticket_powerball_au.jpg\" alt=\"Powerball Australia online\" width=\"186\" height=\"358\" \/><\/p><p>Sretan dobitnik u Sydneyu nedavno je osvojio 107 milijuna australijskih dolara ba\u0161 na ovoj Powerball igri. Ali pobjede mogu proiza\u0107i iz puno razli\u010ditih kombinacija.<\/p><h2 class=\"wp-block-heading\">Igrajte Powerball Australia lutriju preko interneta<\/h2><p>Za razliku od mnogih lutrija koje imaju raspon brojeva od 1 do 49 ili od 1 do 59, Powerball Australia ima znatno smanjen fond. Postoji samo 35 brojeva me\u0111u kojima morate odabrati one pobjedni\u010dke. To znatno pove\u0107ava \u0161anse za pogodak.<\/p><p>Nabavite svoj listi\u0107 odmah putem interneta!<\/p>","protected":false},"excerpt":{"rendered":"<p>Svakog tjedna, svakog \u010detvrtka uve\u010der, Powerball Australia uzbu\u0111uje naciju. Sretan dobitnik u Sydneyu nedavno je osvojio 107 milijuna australijskih dolara ba\u0161 na ovoj Powerball igri. Ali pobjede mogu proiza\u0107i iz puno razli\u010ditih kombinacija. Igrajte Powerball Australia lutriju preko interneta Za razliku od mnogih lutrija koje imaju raspon brojeva od 1 do 49 ili od 1 [&hellip;]<\/p>\n","protected":false},"author":1,"featured_media":0,"parent":16732,"menu_order":17,"comment_status":"closed","ping_status":"closed","template":"powerball-au.php","meta":{"_et_pb_use_builder":"","_et_pb_old_content":"","_et_gb_content_width":"","exclude_from_search":false,"footnotes":""},"class_list":["post-17793","page","type-page","status-publish","hentry"],"yoast_head":"<!-- This site is optimized with the Yoast SEO plugin v23.8 - https:\/\/yoast.com\/wordpress\/plugins\/seo\/ -->\n<title>Igrajte Powerball Australia lutriju putem interneta<\/title>\n<meta name=\"description\" content=\"Australska omiljena lutrija sada dostupna i putem interneta \u0161irom svijeta\" \/>\n<meta name=\"robots\" content=\"index, follow, max-snippet:-1, max-image-preview:large, max-video-preview:-1\" \/>\n<link rel=\"canonical\" href=\"https:\/\/redfoxlotto.com\/hr\/igrajte\/powerball-au\/\" \/>\n<meta property=\"og:locale\" content=\"hr_HR\" \/>\n<meta property=\"og:type\" content=\"article\" \/>\n<meta property=\"og:title\" content=\"Igrajte Powerball Australia lutriju putem interneta\" \/>\n<meta property=\"og:description\" content=\"Australska omiljena lutrija sada dostupna i putem interneta \u0161irom svijeta\" \/>\n<meta property=\"og:url\" content=\"https:\/\/redfoxlotto.com\/hr\/igrajte\/powerball-au\/\" \/>\n<meta property=\"og:site_name\" content=\"Get Tickets for the World\u2019s largest jackpots\" \/>\n<meta property=\"article:modified_time\" content=\"2023-05-15T10:19:45+00:00\" \/>\n<meta property=\"og:image\" content=\"https:\/\/content.redfoxlotto.com\/uploads\/sites\/9\/2_ticket_powerball_au.jpg\" \/>\n<meta name=\"twitter:card\" content=\"summary_large_image\" \/>\n<meta name=\"twitter:label1\" content=\"Procijenjeno vrijeme \u010ditanja\" \/>\n\t<meta name=\"twitter:data1\" content=\"1 minuta\" \/>\n<script type=\"application\/ld+json\" class=\"yoast-schema-graph\">{\"@context\":\"https:\/\/schema.org\",\"@graph\":[{\"@type\":\"WebPage\",\"@id\":\"https:\/\/redfoxlotto.com\/hr\/igrajte\/powerball-au\/\",\"url\":\"https:\/\/redfoxlotto.com\/hr\/igrajte\/powerball-au\/\",\"name\":\"Igrajte Powerball Australia lutriju putem interneta\",\"isPartOf\":{\"@id\":\"https:\/\/redfoxlotto.com\/hr\/#website\"},\"primaryImageOfPage\":{\"@id\":\"https:\/\/redfoxlotto.com\/hr\/igrajte\/powerball-au\/#primaryimage\"},\"image\":{\"@id\":\"https:\/\/redfoxlotto.com\/hr\/igrajte\/powerball-au\/#primaryimage\"},\"thumbnailUrl\":\"https:\/\/content.redfoxlotto.com\/uploads\/sites\/9\/2_ticket_powerball_au.jpg\",\"datePublished\":\"2023-04-24T18:19:55+00:00\",\"dateModified\":\"2023-05-15T10:19:45+00:00\",\"description\":\"Australska omiljena lutrija sada dostupna i putem interneta \u0161irom svijeta\",\"breadcrumb\":{\"@id\":\"https:\/\/redfoxlotto.com\/hr\/igrajte\/powerball-au\/#breadcrumb\"},\"inLanguage\":\"hr\",\"potentialAction\":[{\"@type\":\"ReadAction\",\"target\":[\"https:\/\/redfoxlotto.com\/hr\/igrajte\/powerball-au\/\"]}]},{\"@type\":\"ImageObject\",\"inLanguage\":\"hr\",\"@id\":\"https:\/\/redfoxlotto.com\/hr\/igrajte\/powerball-au\/#primaryimage\",\"url\":\"https:\/\/content.redfoxlotto.com\/uploads\/sites\/9\/2_ticket_powerball_au.jpg\",\"contentUrl\":\"https:\/\/content.redfoxlotto.com\/uploads\/sites\/9\/2_ticket_powerball_au.jpg\"},{\"@type\":\"BreadcrumbList\",\"@id\":\"https:\/\/redfoxlotto.com\/hr\/igrajte\/powerball-au\/#breadcrumb\",\"itemListElement\":[{\"@type\":\"ListItem\",\"position\":1,\"name\":\"Home\",\"item\":\"https:\/\/redfoxlotto.com\/hr\/\"},{\"@type\":\"ListItem\",\"position\":2,\"name\":\"Kako sudjelovati u lutrijama drugih dr\u017eava\",\"item\":\"https:\/\/redfoxlotto.com\/hr\/igrajte\/\"},{\"@type\":\"ListItem\",\"position\":3,\"name\":\"Powerball od tamo dolje &#8211; kako igrati\"}]},{\"@type\":\"WebSite\",\"@id\":\"https:\/\/redfoxlotto.com\/hr\/#website\",\"url\":\"https:\/\/redfoxlotto.com\/hr\/\",\"name\":\"Get Tickets for the World\u2019s largest jackpots\",\"description\":\"Participate in worldwide lottery jackpots from any country\",\"publisher\":{\"@id\":\"https:\/\/redfoxlotto.com\/hr\/#organization\"},\"potentialAction\":[{\"@type\":\"SearchAction\",\"target\":{\"@type\":\"EntryPoint\",\"urlTemplate\":\"https:\/\/redfoxlotto.com\/hr\/?s={search_term_string}\"},\"query-input\":{\"@type\":\"PropertyValueSpecification\",\"valueRequired\":true,\"valueName\":\"search_term_string\"}}],\"inLanguage\":\"hr\"},{\"@type\":\"Organization\",\"@id\":\"https:\/\/redfoxlotto.com\/hr\/#organization\",\"name\":\"Get Tickets for the World\u2019s largest jackpots\",\"url\":\"https:\/\/redfoxlotto.com\/hr\/\",\"logo\":{\"@type\":\"ImageObject\",\"inLanguage\":\"hr\",\"@id\":\"https:\/\/redfoxlotto.com\/hr\/#\/schema\/logo\/image\/\",\"url\":\"https:\/\/redfoxlotto.com\/wp-content\/uploads\/2023\/04\/logo.png\",\"contentUrl\":\"https:\/\/redfoxlotto.com\/wp-content\/uploads\/2023\/04\/logo.png\",\"width\":269,\"height\":53,\"caption\":\"Get Tickets for the World\u2019s largest jackpots\"},\"image\":{\"@id\":\"https:\/\/redfoxlotto.com\/hr\/#\/schema\/logo\/image\/\"}}]}<\/script>\n<!-- \/ Yoast SEO plugin. -->","yoast_head_json":{"title":"Igrajte Powerball Australia lutriju putem interneta","description":"Australska omiljena lutrija sada dostupna i putem interneta \u0161irom svijeta","robots":{"index":"index","follow":"follow","max-snippet":"max-snippet:-1","max-image-preview":"max-image-preview:large","max-video-preview":"max-video-preview:-1"},"canonical":"https:\/\/redfoxlotto.com\/hr\/igrajte\/powerball-au\/","og_locale":"hr_HR","og_type":"article","og_title":"Igrajte Powerball Australia lutriju putem interneta","og_description":"Australska omiljena lutrija sada dostupna i putem interneta \u0161irom svijeta","og_url":"https:\/\/redfoxlotto.com\/hr\/igrajte\/powerball-au\/","og_site_name":"Get Tickets for the World\u2019s largest jackpots","article_modified_time":"2023-05-15T10:19:45+00:00","og_image":[{"url":"https:\/\/content.redfoxlotto.com\/uploads\/sites\/9\/2_ticket_powerball_au.jpg"}],"twitter_card":"summary_large_image","twitter_misc":{"Procijenjeno vrijeme \u010ditanja":"1 minuta"},"schema":{"@context":"https:\/\/schema.org","@graph":[{"@type":"WebPage","@id":"https:\/\/redfoxlotto.com\/hr\/igrajte\/powerball-au\/","url":"https:\/\/redfoxlotto.com\/hr\/igrajte\/powerball-au\/","name":"Igrajte Powerball Australia lutriju putem interneta","isPartOf":{"@id":"https:\/\/redfoxlotto.com\/hr\/#website"},"primaryImageOfPage":{"@id":"https:\/\/redfoxlotto.com\/hr\/igrajte\/powerball-au\/#primaryimage"},"image":{"@id":"https:\/\/redfoxlotto.com\/hr\/igrajte\/powerball-au\/#primaryimage"},"thumbnailUrl":"https:\/\/content.redfoxlotto.com\/uploads\/sites\/9\/2_ticket_powerball_au.jpg","datePublished":"2023-04-24T18:19:55+00:00","dateModified":"2023-05-15T10:19:45+00:00","description":"Australska omiljena lutrija sada dostupna i putem interneta \u0161irom svijeta","breadcrumb":{"@id":"https:\/\/redfoxlotto.com\/hr\/igrajte\/powerball-au\/#breadcrumb"},"inLanguage":"hr","potentialAction":[{"@type":"ReadAction","target":["https:\/\/redfoxlotto.com\/hr\/igrajte\/powerball-au\/"]}]},{"@type":"ImageObject","inLanguage":"hr","@id":"https:\/\/redfoxlotto.com\/hr\/igrajte\/powerball-au\/#primaryimage","url":"https:\/\/content.redfoxlotto.com\/uploads\/sites\/9\/2_ticket_powerball_au.jpg","contentUrl":"https:\/\/content.redfoxlotto.com\/uploads\/sites\/9\/2_ticket_powerball_au.jpg"},{"@type":"BreadcrumbList","@id":"https:\/\/redfoxlotto.com\/hr\/igrajte\/powerball-au\/#breadcrumb","itemListElement":[{"@type":"ListItem","position":1,"name":"Home","item":"https:\/\/redfoxlotto.com\/hr\/"},{"@type":"ListItem","position":2,"name":"Kako sudjelovati u lutrijama drugih dr\u017eava","item":"https:\/\/redfoxlotto.com\/hr\/igrajte\/"},{"@type":"ListItem","position":3,"name":"Powerball od tamo dolje &#8211; kako igrati"}]},{"@type":"WebSite","@id":"https:\/\/redfoxlotto.com\/hr\/#website","url":"https:\/\/redfoxlotto.com\/hr\/","name":"Get Tickets for the World\u2019s largest jackpots","description":"Participate in worldwide lottery jackpots from any country","publisher":{"@id":"https:\/\/redfoxlotto.com\/hr\/#organization"},"potentialAction":[{"@type":"SearchAction","target":{"@type":"EntryPoint","urlTemplate":"https:\/\/redfoxlotto.com\/hr\/?s={search_term_string}"},"query-input":{"@type":"PropertyValueSpecification","valueRequired":true,"valueName":"search_term_string"}}],"inLanguage":"hr"},{"@type":"Organization","@id":"https:\/\/redfoxlotto.com\/hr\/#organization","name":"Get Tickets for the World\u2019s largest jackpots","url":"https:\/\/redfoxlotto.com\/hr\/","logo":{"@type":"ImageObject","inLanguage":"hr","@id":"https:\/\/redfoxlotto.com\/hr\/#\/schema\/logo\/image\/","url":"https:\/\/redfoxlotto.com\/wp-content\/uploads\/2023\/04\/logo.png","contentUrl":"https:\/\/redfoxlotto.com\/wp-content\/uploads\/2023\/04\/logo.png","width":269,"height":53,"caption":"Get Tickets for the World\u2019s largest jackpots"},"image":{"@id":"https:\/\/redfoxlotto.com\/hr\/#\/schema\/logo\/image\/"}}]}},"_links":{"self":[{"href":"https:\/\/redfoxlotto.com\/hr\/wp-json\/wp\/v2\/pages\/17793","targetHints":{"allow":["GET"]}}],"collection":[{"href":"https:\/\/redfoxlotto.com\/hr\/wp-json\/wp\/v2\/pages"}],"about":[{"href":"https:\/\/redfoxlotto.com\/hr\/wp-json\/wp\/v2\/types\/page"}],"author":[{"embeddable":true,"href":"https:\/\/redfoxlotto.com\/hr\/wp-json\/wp\/v2\/users\/1"}],"replies":[{"embeddable":true,"href":"https:\/\/redfoxlotto.com\/hr\/wp-json\/wp\/v2\/comments?post=17793"}],"version-history":[{"count":0,"href":"https:\/\/redfoxlotto.com\/hr\/wp-json\/wp\/v2\/pages\/17793\/revisions"}],"up":[{"embeddable":true,"href":"https:\/\/redfoxlotto.com\/hr\/wp-json\/wp\/v2\/pages\/16732"}],"wp:attachment":[{"href":"https:\/\/redfoxlotto.com\/hr\/wp-json\/wp\/v2\/media?parent=17793"}],"curies":[{"name":"wp","href":"https:\/\/api.w.org\/{rel}","templated":true}]}}