{"id":17653,"date":"2023-04-24T17:59:25","date_gmt":"2023-04-24T17:59:25","guid":{"rendered":"https:\/\/redfoxlotto.com\/?page_id=17653"},"modified":"2023-05-15T10:21:34","modified_gmt":"2023-05-15T10:21:34","slug":"set-for-life-uk","status":"publish","type":"page","link":"https:\/\/redfoxlotto.com\/hr\/igrajte\/set-for-life-uk\/","title":{"rendered":"Sudjelujte u internetskom lotu Set for life"},"content":{"rendered":"<p><img loading=\"lazy\" decoding=\"async\" class=\" wp-image alignright\" src=\"https:\/\/content.redfoxlotto.com\/uploads\/sites\/9\/1_play_online_jackpot.jpg\" alt=\"postavljen za \u017eivot na mre\u017ei\" width=\"236\" height=\"236\" \/><\/p><p>Britanska &#8220;Set for life&#8221; lutrija poprili\u010dno se razlikuje od drugih lutrija. Ako osvojite prvu ili drugu nagradu, umjesto fiksnog iznosa, dobivat \u0107ete mjese\u010dne uplate.<\/p><p>Prva nagrada zna\u010di da \u0107ete dobivati mjese\u010dnu uplatu od \u00a310.000 sljede\u0107ih 30 godina, druga nagrada zna\u010di da \u0107ete dobivati istih \u00a310.000 mjese\u010dno godinu dana.<\/p><h2 class=\"wp-block-heading\">Kako igrati &#8220;Set for life&#8221; putem interneta<\/h2><p>Nakon \u0161to ste kreirali korisni\u010dki ra\u010dun putem na\u0161e stranice, jednostavno oti\u0111ite na lutriju i odaberite 5 brojeva izme\u0111u 1 i 47, a zatim jedan broj &#8220;loptice \u017eivota&#8221; izme\u0111u 1 i 10.<\/p>","protected":false},"excerpt":{"rendered":"<p>Britanska &#8220;Set for life&#8221; lutrija poprili\u010dno se razlikuje od drugih lutrija. Ako osvojite prvu ili drugu nagradu, umjesto fiksnog iznosa, dobivat \u0107ete mjese\u010dne uplate. Prva nagrada zna\u010di da \u0107ete dobivati mjese\u010dnu uplatu od \u00a310.000 sljede\u0107ih 30 godina, druga nagrada zna\u010di da \u0107ete dobivati istih \u00a310.000 mjese\u010dno godinu dana. Kako igrati &#8220;Set for life&#8221; putem interneta [&hellip;]<\/p>\n","protected":false},"author":1,"featured_media":0,"parent":16732,"menu_order":10,"comment_status":"closed","ping_status":"closed","template":"set-for-life.php","meta":{"_et_pb_use_builder":"","_et_pb_old_content":"","_et_gb_content_width":"","exclude_from_search":false,"footnotes":""},"class_list":["post-17653","page","type-page","status-publish","hentry"],"yoast_head":"<!-- This site is optimized with the Yoast SEO plugin v23.8 - https:\/\/yoast.com\/wordpress\/plugins\/seo\/ -->\n<title>Igrajte Set for life Loto putem interneta<\/title>\n<meta name=\"description\" content=\"Sada i vi mo\u017eete igrati britansku Set for life lutriju putem interneta\" \/>\n<meta name=\"robots\" content=\"index, follow, max-snippet:-1, max-image-preview:large, max-video-preview:-1\" \/>\n<link rel=\"canonical\" href=\"https:\/\/redfoxlotto.com\/hr\/igrajte\/set-for-life-uk\/\" \/>\n<meta property=\"og:locale\" content=\"hr_HR\" \/>\n<meta property=\"og:type\" content=\"article\" \/>\n<meta property=\"og:title\" content=\"Igrajte Set for life Loto putem interneta\" \/>\n<meta property=\"og:description\" content=\"Sada i vi mo\u017eete igrati britansku Set for life lutriju putem interneta\" \/>\n<meta property=\"og:url\" content=\"https:\/\/redfoxlotto.com\/hr\/igrajte\/set-for-life-uk\/\" \/>\n<meta property=\"og:site_name\" content=\"Get Tickets for the World\u2019s largest jackpots\" \/>\n<meta property=\"article:modified_time\" content=\"2023-05-15T10:21:34+00:00\" \/>\n<meta property=\"og:image\" content=\"https:\/\/content.redfoxlotto.com\/uploads\/sites\/9\/1_play_online_jackpot.jpg\" \/>\n<meta name=\"twitter:card\" content=\"summary_large_image\" \/>\n<meta name=\"twitter:label1\" content=\"Procijenjeno vrijeme \u010ditanja\" \/>\n\t<meta name=\"twitter:data1\" content=\"1 minuta\" \/>\n<script type=\"application\/ld+json\" class=\"yoast-schema-graph\">{\"@context\":\"https:\/\/schema.org\",\"@graph\":[{\"@type\":\"WebPage\",\"@id\":\"https:\/\/redfoxlotto.com\/hr\/igrajte\/set-for-life-uk\/\",\"url\":\"https:\/\/redfoxlotto.com\/hr\/igrajte\/set-for-life-uk\/\",\"name\":\"Igrajte Set for life Loto putem interneta\",\"isPartOf\":{\"@id\":\"https:\/\/redfoxlotto.com\/hr\/#website\"},\"primaryImageOfPage\":{\"@id\":\"https:\/\/redfoxlotto.com\/hr\/igrajte\/set-for-life-uk\/#primaryimage\"},\"image\":{\"@id\":\"https:\/\/redfoxlotto.com\/hr\/igrajte\/set-for-life-uk\/#primaryimage\"},\"thumbnailUrl\":\"https:\/\/content.redfoxlotto.com\/uploads\/sites\/9\/1_play_online_jackpot.jpg\",\"datePublished\":\"2023-04-24T17:59:25+00:00\",\"dateModified\":\"2023-05-15T10:21:34+00:00\",\"description\":\"Sada i vi mo\u017eete igrati britansku Set for life lutriju putem interneta\",\"breadcrumb\":{\"@id\":\"https:\/\/redfoxlotto.com\/hr\/igrajte\/set-for-life-uk\/#breadcrumb\"},\"inLanguage\":\"hr\",\"potentialAction\":[{\"@type\":\"ReadAction\",\"target\":[\"https:\/\/redfoxlotto.com\/hr\/igrajte\/set-for-life-uk\/\"]}]},{\"@type\":\"ImageObject\",\"inLanguage\":\"hr\",\"@id\":\"https:\/\/redfoxlotto.com\/hr\/igrajte\/set-for-life-uk\/#primaryimage\",\"url\":\"https:\/\/content.redfoxlotto.com\/uploads\/sites\/9\/1_play_online_jackpot.jpg\",\"contentUrl\":\"https:\/\/content.redfoxlotto.com\/uploads\/sites\/9\/1_play_online_jackpot.jpg\"},{\"@type\":\"BreadcrumbList\",\"@id\":\"https:\/\/redfoxlotto.com\/hr\/igrajte\/set-for-life-uk\/#breadcrumb\",\"itemListElement\":[{\"@type\":\"ListItem\",\"position\":1,\"name\":\"Home\",\"item\":\"https:\/\/redfoxlotto.com\/hr\/\"},{\"@type\":\"ListItem\",\"position\":2,\"name\":\"Kako sudjelovati u lutrijama drugih dr\u017eava\",\"item\":\"https:\/\/redfoxlotto.com\/hr\/igrajte\/\"},{\"@type\":\"ListItem\",\"position\":3,\"name\":\"Sudjelujte u internetskom lotu Set for life\"}]},{\"@type\":\"WebSite\",\"@id\":\"https:\/\/redfoxlotto.com\/hr\/#website\",\"url\":\"https:\/\/redfoxlotto.com\/hr\/\",\"name\":\"Get Tickets for the World\u2019s largest jackpots\",\"description\":\"Participate in worldwide lottery jackpots from any country\",\"publisher\":{\"@id\":\"https:\/\/redfoxlotto.com\/hr\/#organization\"},\"potentialAction\":[{\"@type\":\"SearchAction\",\"target\":{\"@type\":\"EntryPoint\",\"urlTemplate\":\"https:\/\/redfoxlotto.com\/hr\/?s={search_term_string}\"},\"query-input\":{\"@type\":\"PropertyValueSpecification\",\"valueRequired\":true,\"valueName\":\"search_term_string\"}}],\"inLanguage\":\"hr\"},{\"@type\":\"Organization\",\"@id\":\"https:\/\/redfoxlotto.com\/hr\/#organization\",\"name\":\"Get Tickets for the World\u2019s largest jackpots\",\"url\":\"https:\/\/redfoxlotto.com\/hr\/\",\"logo\":{\"@type\":\"ImageObject\",\"inLanguage\":\"hr\",\"@id\":\"https:\/\/redfoxlotto.com\/hr\/#\/schema\/logo\/image\/\",\"url\":\"https:\/\/redfoxlotto.com\/wp-content\/uploads\/2023\/04\/logo.png\",\"contentUrl\":\"https:\/\/redfoxlotto.com\/wp-content\/uploads\/2023\/04\/logo.png\",\"width\":269,\"height\":53,\"caption\":\"Get Tickets for the World\u2019s largest jackpots\"},\"image\":{\"@id\":\"https:\/\/redfoxlotto.com\/hr\/#\/schema\/logo\/image\/\"}}]}<\/script>\n<!-- \/ Yoast SEO plugin. -->","yoast_head_json":{"title":"Igrajte Set for life Loto putem interneta","description":"Sada i vi mo\u017eete igrati britansku Set for life lutriju putem interneta","robots":{"index":"index","follow":"follow","max-snippet":"max-snippet:-1","max-image-preview":"max-image-preview:large","max-video-preview":"max-video-preview:-1"},"canonical":"https:\/\/redfoxlotto.com\/hr\/igrajte\/set-for-life-uk\/","og_locale":"hr_HR","og_type":"article","og_title":"Igrajte Set for life Loto putem interneta","og_description":"Sada i vi mo\u017eete igrati britansku Set for life lutriju putem interneta","og_url":"https:\/\/redfoxlotto.com\/hr\/igrajte\/set-for-life-uk\/","og_site_name":"Get Tickets for the World\u2019s largest jackpots","article_modified_time":"2023-05-15T10:21:34+00:00","og_image":[{"url":"https:\/\/content.redfoxlotto.com\/uploads\/sites\/9\/1_play_online_jackpot.jpg"}],"twitter_card":"summary_large_image","twitter_misc":{"Procijenjeno vrijeme \u010ditanja":"1 minuta"},"schema":{"@context":"https:\/\/schema.org","@graph":[{"@type":"WebPage","@id":"https:\/\/redfoxlotto.com\/hr\/igrajte\/set-for-life-uk\/","url":"https:\/\/redfoxlotto.com\/hr\/igrajte\/set-for-life-uk\/","name":"Igrajte Set for life Loto putem interneta","isPartOf":{"@id":"https:\/\/redfoxlotto.com\/hr\/#website"},"primaryImageOfPage":{"@id":"https:\/\/redfoxlotto.com\/hr\/igrajte\/set-for-life-uk\/#primaryimage"},"image":{"@id":"https:\/\/redfoxlotto.com\/hr\/igrajte\/set-for-life-uk\/#primaryimage"},"thumbnailUrl":"https:\/\/content.redfoxlotto.com\/uploads\/sites\/9\/1_play_online_jackpot.jpg","datePublished":"2023-04-24T17:59:25+00:00","dateModified":"2023-05-15T10:21:34+00:00","description":"Sada i vi mo\u017eete igrati britansku Set for life lutriju putem interneta","breadcrumb":{"@id":"https:\/\/redfoxlotto.com\/hr\/igrajte\/set-for-life-uk\/#breadcrumb"},"inLanguage":"hr","potentialAction":[{"@type":"ReadAction","target":["https:\/\/redfoxlotto.com\/hr\/igrajte\/set-for-life-uk\/"]}]},{"@type":"ImageObject","inLanguage":"hr","@id":"https:\/\/redfoxlotto.com\/hr\/igrajte\/set-for-life-uk\/#primaryimage","url":"https:\/\/content.redfoxlotto.com\/uploads\/sites\/9\/1_play_online_jackpot.jpg","contentUrl":"https:\/\/content.redfoxlotto.com\/uploads\/sites\/9\/1_play_online_jackpot.jpg"},{"@type":"BreadcrumbList","@id":"https:\/\/redfoxlotto.com\/hr\/igrajte\/set-for-life-uk\/#breadcrumb","itemListElement":[{"@type":"ListItem","position":1,"name":"Home","item":"https:\/\/redfoxlotto.com\/hr\/"},{"@type":"ListItem","position":2,"name":"Kako sudjelovati u lutrijama drugih dr\u017eava","item":"https:\/\/redfoxlotto.com\/hr\/igrajte\/"},{"@type":"ListItem","position":3,"name":"Sudjelujte u internetskom lotu Set for life"}]},{"@type":"WebSite","@id":"https:\/\/redfoxlotto.com\/hr\/#website","url":"https:\/\/redfoxlotto.com\/hr\/","name":"Get Tickets for the World\u2019s largest jackpots","description":"Participate in worldwide lottery jackpots from any country","publisher":{"@id":"https:\/\/redfoxlotto.com\/hr\/#organization"},"potentialAction":[{"@type":"SearchAction","target":{"@type":"EntryPoint","urlTemplate":"https:\/\/redfoxlotto.com\/hr\/?s={search_term_string}"},"query-input":{"@type":"PropertyValueSpecification","valueRequired":true,"valueName":"search_term_string"}}],"inLanguage":"hr"},{"@type":"Organization","@id":"https:\/\/redfoxlotto.com\/hr\/#organization","name":"Get Tickets for the World\u2019s largest jackpots","url":"https:\/\/redfoxlotto.com\/hr\/","logo":{"@type":"ImageObject","inLanguage":"hr","@id":"https:\/\/redfoxlotto.com\/hr\/#\/schema\/logo\/image\/","url":"https:\/\/redfoxlotto.com\/wp-content\/uploads\/2023\/04\/logo.png","contentUrl":"https:\/\/redfoxlotto.com\/wp-content\/uploads\/2023\/04\/logo.png","width":269,"height":53,"caption":"Get Tickets for the World\u2019s largest jackpots"},"image":{"@id":"https:\/\/redfoxlotto.com\/hr\/#\/schema\/logo\/image\/"}}]}},"_links":{"self":[{"href":"https:\/\/redfoxlotto.com\/hr\/wp-json\/wp\/v2\/pages\/17653","targetHints":{"allow":["GET"]}}],"collection":[{"href":"https:\/\/redfoxlotto.com\/hr\/wp-json\/wp\/v2\/pages"}],"about":[{"href":"https:\/\/redfoxlotto.com\/hr\/wp-json\/wp\/v2\/types\/page"}],"author":[{"embeddable":true,"href":"https:\/\/redfoxlotto.com\/hr\/wp-json\/wp\/v2\/users\/1"}],"replies":[{"embeddable":true,"href":"https:\/\/redfoxlotto.com\/hr\/wp-json\/wp\/v2\/comments?post=17653"}],"version-history":[{"count":0,"href":"https:\/\/redfoxlotto.com\/hr\/wp-json\/wp\/v2\/pages\/17653\/revisions"}],"up":[{"embeddable":true,"href":"https:\/\/redfoxlotto.com\/hr\/wp-json\/wp\/v2\/pages\/16732"}],"wp:attachment":[{"href":"https:\/\/redfoxlotto.com\/hr\/wp-json\/wp\/v2\/media?parent=17653"}],"curies":[{"name":"wp","href":"https:\/\/api.w.org\/{rel}","templated":true}]}}