{"id":17629,"date":"2023-04-24T17:52:16","date_gmt":"2023-04-24T17:52:16","guid":{"rendered":"https:\/\/redfoxlotto.com\/?page_id=17629"},"modified":"2021-01-07T06:26:03","modified_gmt":"2021-01-07T06:26:03","slug":"la-primitiva","status":"publish","type":"page","link":"https:\/\/redfoxlotto.com\/hr\/igrajte\/la-primitiva\/","title":{"rendered":"Kako sudjelovati u La Primitiva"},"content":{"rendered":"<h2 class=\"wp-block-heading\">\u0160panjolska tjedna lutrija La Primitiva<\/h2><p><img loading=\"lazy\" decoding=\"async\" class=\" wp-image alignright\" src=\"https:\/\/content.redfoxlotto.com\/uploads\/sites\/9\/1_play_lotto_to_win.jpg\" alt=\"La Primitiva igrajte na mre\u017ei\" width=\"247\" height=\"176\" \/><\/p><p>La Primitiva je \u0161panjolska lutrija koju ljudi \u010desto mije\u0161aju s El Gordom. La Primitiva je tjedna \u0161panjolska lutrija koja nudi izvla\u010denje svakog \u010detvrtka i subote. Za pravilno ispunjavanje listi\u0107a morate odabrati 6 od 49 brojeva.<\/p><h2 class=\"wp-block-heading\">Gdje mogu igrati La Primitivu putem interneta?<\/h2><p><img decoding=\"async\" class=\"size-full wp-image alignright\" src=\"https:\/\/content.redfoxlotto.com\/uploads\/sites\/9\/2_ticket_la_primitiva4.jpg\" alt=\"win La Primitiva\"><\/p><p>Ako \u017eelite zaigrati La Primitivu iz Hrvatske, mo\u017eete to napraviti ovdje na na\u0161oj stranici.<\/p><p>Nakon \u0161to napravite narud\u017ebu listi\u0107a, morate kod nas kreirati korisni\u010dki ra\u010dun za igranje putem interneta. Nemojte zaboraviti provjeriti svoju pristiglu po\u0161tu zbog poruke koja sadr\u017ei poveznicu za potvrdu va\u0161e registracije. Naravno, uvijek se mo\u017eete vratiti i odigrati jo\u0161 lutrija.<\/p>","protected":false},"excerpt":{"rendered":"<p>\u0160panjolska tjedna lutrija La Primitiva La Primitiva je \u0161panjolska lutrija koju ljudi \u010desto mije\u0161aju s El Gordom. La Primitiva je tjedna \u0161panjolska lutrija koja nudi izvla\u010denje svakog \u010detvrtka i subote. Za pravilno ispunjavanje listi\u0107a morate odabrati 6 od 49 brojeva. Gdje mogu igrati La Primitivu putem interneta? Ako \u017eelite zaigrati La Primitivu iz Hrvatske, mo\u017eete [&hellip;]<\/p>\n","protected":false},"author":1,"featured_media":0,"parent":16732,"menu_order":7,"comment_status":"closed","ping_status":"closed","template":"la-primitiva.php","meta":{"_et_pb_use_builder":"","_et_pb_old_content":"","_et_gb_content_width":"","exclude_from_search":false,"footnotes":""},"class_list":["post-17629","page","type-page","status-publish","hentry"],"yoast_head":"<!-- This site is optimized with the Yoast SEO plugin v23.8 - https:\/\/yoast.com\/wordpress\/plugins\/seo\/ -->\n<title>Igrajte La Primitiva iz Hrvatske<\/title>\n<meta name=\"description\" content=\"Dopustite nam da vam poka\u017eemo kako mo\u017eete odigrati \u0161panjolsku La Primitiva lutriju iz Hrvatske\" \/>\n<meta name=\"robots\" content=\"index, follow, max-snippet:-1, max-image-preview:large, max-video-preview:-1\" \/>\n<link rel=\"canonical\" href=\"https:\/\/redfoxlotto.com\/hr\/igrajte\/la-primitiva\/\" \/>\n<meta property=\"og:locale\" content=\"hr_HR\" \/>\n<meta property=\"og:type\" content=\"article\" \/>\n<meta property=\"og:title\" content=\"Igrajte La Primitiva iz Hrvatske\" \/>\n<meta property=\"og:description\" content=\"Dopustite nam da vam poka\u017eemo kako mo\u017eete odigrati \u0161panjolsku La Primitiva lutriju iz Hrvatske\" \/>\n<meta property=\"og:url\" content=\"https:\/\/redfoxlotto.com\/hr\/igrajte\/la-primitiva\/\" \/>\n<meta property=\"og:site_name\" content=\"Get Tickets for the World\u2019s largest jackpots\" \/>\n<meta property=\"article:modified_time\" content=\"2021-01-07T06:26:03+00:00\" \/>\n<meta property=\"og:image\" content=\"https:\/\/content.redfoxlotto.com\/uploads\/sites\/9\/1_play_lotto_to_win.jpg\" \/>\n<meta name=\"twitter:card\" content=\"summary_large_image\" \/>\n<meta name=\"twitter:label1\" content=\"Procijenjeno vrijeme \u010ditanja\" \/>\n\t<meta name=\"twitter:data1\" content=\"1 minuta\" \/>\n<script type=\"application\/ld+json\" class=\"yoast-schema-graph\">{\"@context\":\"https:\/\/schema.org\",\"@graph\":[{\"@type\":\"WebPage\",\"@id\":\"https:\/\/redfoxlotto.com\/hr\/igrajte\/la-primitiva\/\",\"url\":\"https:\/\/redfoxlotto.com\/hr\/igrajte\/la-primitiva\/\",\"name\":\"Igrajte La Primitiva iz Hrvatske\",\"isPartOf\":{\"@id\":\"https:\/\/redfoxlotto.com\/hr\/#website\"},\"primaryImageOfPage\":{\"@id\":\"https:\/\/redfoxlotto.com\/hr\/igrajte\/la-primitiva\/#primaryimage\"},\"image\":{\"@id\":\"https:\/\/redfoxlotto.com\/hr\/igrajte\/la-primitiva\/#primaryimage\"},\"thumbnailUrl\":\"https:\/\/content.redfoxlotto.com\/uploads\/sites\/9\/1_play_lotto_to_win.jpg\",\"datePublished\":\"2023-04-24T17:52:16+00:00\",\"dateModified\":\"2021-01-07T06:26:03+00:00\",\"description\":\"Dopustite nam da vam poka\u017eemo kako mo\u017eete odigrati \u0161panjolsku La Primitiva lutriju iz Hrvatske\",\"breadcrumb\":{\"@id\":\"https:\/\/redfoxlotto.com\/hr\/igrajte\/la-primitiva\/#breadcrumb\"},\"inLanguage\":\"hr\",\"potentialAction\":[{\"@type\":\"ReadAction\",\"target\":[\"https:\/\/redfoxlotto.com\/hr\/igrajte\/la-primitiva\/\"]}]},{\"@type\":\"ImageObject\",\"inLanguage\":\"hr\",\"@id\":\"https:\/\/redfoxlotto.com\/hr\/igrajte\/la-primitiva\/#primaryimage\",\"url\":\"https:\/\/content.redfoxlotto.com\/uploads\/sites\/9\/1_play_lotto_to_win.jpg\",\"contentUrl\":\"https:\/\/content.redfoxlotto.com\/uploads\/sites\/9\/1_play_lotto_to_win.jpg\"},{\"@type\":\"BreadcrumbList\",\"@id\":\"https:\/\/redfoxlotto.com\/hr\/igrajte\/la-primitiva\/#breadcrumb\",\"itemListElement\":[{\"@type\":\"ListItem\",\"position\":1,\"name\":\"Home\",\"item\":\"https:\/\/redfoxlotto.com\/hr\/\"},{\"@type\":\"ListItem\",\"position\":2,\"name\":\"Kako sudjelovati u lutrijama drugih dr\u017eava\",\"item\":\"https:\/\/redfoxlotto.com\/hr\/igrajte\/\"},{\"@type\":\"ListItem\",\"position\":3,\"name\":\"Kako sudjelovati u La Primitiva\"}]},{\"@type\":\"WebSite\",\"@id\":\"https:\/\/redfoxlotto.com\/hr\/#website\",\"url\":\"https:\/\/redfoxlotto.com\/hr\/\",\"name\":\"Get Tickets for the World\u2019s largest jackpots\",\"description\":\"Participate in worldwide lottery jackpots from any country\",\"publisher\":{\"@id\":\"https:\/\/redfoxlotto.com\/hr\/#organization\"},\"potentialAction\":[{\"@type\":\"SearchAction\",\"target\":{\"@type\":\"EntryPoint\",\"urlTemplate\":\"https:\/\/redfoxlotto.com\/hr\/?s={search_term_string}\"},\"query-input\":{\"@type\":\"PropertyValueSpecification\",\"valueRequired\":true,\"valueName\":\"search_term_string\"}}],\"inLanguage\":\"hr\"},{\"@type\":\"Organization\",\"@id\":\"https:\/\/redfoxlotto.com\/hr\/#organization\",\"name\":\"Get Tickets for the World\u2019s largest jackpots\",\"url\":\"https:\/\/redfoxlotto.com\/hr\/\",\"logo\":{\"@type\":\"ImageObject\",\"inLanguage\":\"hr\",\"@id\":\"https:\/\/redfoxlotto.com\/hr\/#\/schema\/logo\/image\/\",\"url\":\"https:\/\/redfoxlotto.com\/wp-content\/uploads\/2023\/04\/logo.png\",\"contentUrl\":\"https:\/\/redfoxlotto.com\/wp-content\/uploads\/2023\/04\/logo.png\",\"width\":269,\"height\":53,\"caption\":\"Get Tickets for the World\u2019s largest jackpots\"},\"image\":{\"@id\":\"https:\/\/redfoxlotto.com\/hr\/#\/schema\/logo\/image\/\"}}]}<\/script>\n<!-- \/ Yoast SEO plugin. -->","yoast_head_json":{"title":"Igrajte La Primitiva iz Hrvatske","description":"Dopustite nam da vam poka\u017eemo kako mo\u017eete odigrati \u0161panjolsku La Primitiva lutriju iz Hrvatske","robots":{"index":"index","follow":"follow","max-snippet":"max-snippet:-1","max-image-preview":"max-image-preview:large","max-video-preview":"max-video-preview:-1"},"canonical":"https:\/\/redfoxlotto.com\/hr\/igrajte\/la-primitiva\/","og_locale":"hr_HR","og_type":"article","og_title":"Igrajte La Primitiva iz Hrvatske","og_description":"Dopustite nam da vam poka\u017eemo kako mo\u017eete odigrati \u0161panjolsku La Primitiva lutriju iz Hrvatske","og_url":"https:\/\/redfoxlotto.com\/hr\/igrajte\/la-primitiva\/","og_site_name":"Get Tickets for the World\u2019s largest jackpots","article_modified_time":"2021-01-07T06:26:03+00:00","og_image":[{"url":"https:\/\/content.redfoxlotto.com\/uploads\/sites\/9\/1_play_lotto_to_win.jpg"}],"twitter_card":"summary_large_image","twitter_misc":{"Procijenjeno vrijeme \u010ditanja":"1 minuta"},"schema":{"@context":"https:\/\/schema.org","@graph":[{"@type":"WebPage","@id":"https:\/\/redfoxlotto.com\/hr\/igrajte\/la-primitiva\/","url":"https:\/\/redfoxlotto.com\/hr\/igrajte\/la-primitiva\/","name":"Igrajte La Primitiva iz Hrvatske","isPartOf":{"@id":"https:\/\/redfoxlotto.com\/hr\/#website"},"primaryImageOfPage":{"@id":"https:\/\/redfoxlotto.com\/hr\/igrajte\/la-primitiva\/#primaryimage"},"image":{"@id":"https:\/\/redfoxlotto.com\/hr\/igrajte\/la-primitiva\/#primaryimage"},"thumbnailUrl":"https:\/\/content.redfoxlotto.com\/uploads\/sites\/9\/1_play_lotto_to_win.jpg","datePublished":"2023-04-24T17:52:16+00:00","dateModified":"2021-01-07T06:26:03+00:00","description":"Dopustite nam da vam poka\u017eemo kako mo\u017eete odigrati \u0161panjolsku La Primitiva lutriju iz Hrvatske","breadcrumb":{"@id":"https:\/\/redfoxlotto.com\/hr\/igrajte\/la-primitiva\/#breadcrumb"},"inLanguage":"hr","potentialAction":[{"@type":"ReadAction","target":["https:\/\/redfoxlotto.com\/hr\/igrajte\/la-primitiva\/"]}]},{"@type":"ImageObject","inLanguage":"hr","@id":"https:\/\/redfoxlotto.com\/hr\/igrajte\/la-primitiva\/#primaryimage","url":"https:\/\/content.redfoxlotto.com\/uploads\/sites\/9\/1_play_lotto_to_win.jpg","contentUrl":"https:\/\/content.redfoxlotto.com\/uploads\/sites\/9\/1_play_lotto_to_win.jpg"},{"@type":"BreadcrumbList","@id":"https:\/\/redfoxlotto.com\/hr\/igrajte\/la-primitiva\/#breadcrumb","itemListElement":[{"@type":"ListItem","position":1,"name":"Home","item":"https:\/\/redfoxlotto.com\/hr\/"},{"@type":"ListItem","position":2,"name":"Kako sudjelovati u lutrijama drugih dr\u017eava","item":"https:\/\/redfoxlotto.com\/hr\/igrajte\/"},{"@type":"ListItem","position":3,"name":"Kako sudjelovati u La Primitiva"}]},{"@type":"WebSite","@id":"https:\/\/redfoxlotto.com\/hr\/#website","url":"https:\/\/redfoxlotto.com\/hr\/","name":"Get Tickets for the World\u2019s largest jackpots","description":"Participate in worldwide lottery jackpots from any country","publisher":{"@id":"https:\/\/redfoxlotto.com\/hr\/#organization"},"potentialAction":[{"@type":"SearchAction","target":{"@type":"EntryPoint","urlTemplate":"https:\/\/redfoxlotto.com\/hr\/?s={search_term_string}"},"query-input":{"@type":"PropertyValueSpecification","valueRequired":true,"valueName":"search_term_string"}}],"inLanguage":"hr"},{"@type":"Organization","@id":"https:\/\/redfoxlotto.com\/hr\/#organization","name":"Get Tickets for the World\u2019s largest jackpots","url":"https:\/\/redfoxlotto.com\/hr\/","logo":{"@type":"ImageObject","inLanguage":"hr","@id":"https:\/\/redfoxlotto.com\/hr\/#\/schema\/logo\/image\/","url":"https:\/\/redfoxlotto.com\/wp-content\/uploads\/2023\/04\/logo.png","contentUrl":"https:\/\/redfoxlotto.com\/wp-content\/uploads\/2023\/04\/logo.png","width":269,"height":53,"caption":"Get Tickets for the World\u2019s largest jackpots"},"image":{"@id":"https:\/\/redfoxlotto.com\/hr\/#\/schema\/logo\/image\/"}}]}},"_links":{"self":[{"href":"https:\/\/redfoxlotto.com\/hr\/wp-json\/wp\/v2\/pages\/17629","targetHints":{"allow":["GET"]}}],"collection":[{"href":"https:\/\/redfoxlotto.com\/hr\/wp-json\/wp\/v2\/pages"}],"about":[{"href":"https:\/\/redfoxlotto.com\/hr\/wp-json\/wp\/v2\/types\/page"}],"author":[{"embeddable":true,"href":"https:\/\/redfoxlotto.com\/hr\/wp-json\/wp\/v2\/users\/1"}],"replies":[{"embeddable":true,"href":"https:\/\/redfoxlotto.com\/hr\/wp-json\/wp\/v2\/comments?post=17629"}],"version-history":[{"count":0,"href":"https:\/\/redfoxlotto.com\/hr\/wp-json\/wp\/v2\/pages\/17629\/revisions"}],"up":[{"embeddable":true,"href":"https:\/\/redfoxlotto.com\/hr\/wp-json\/wp\/v2\/pages\/16732"}],"wp:attachment":[{"href":"https:\/\/redfoxlotto.com\/hr\/wp-json\/wp\/v2\/media?parent=17629"}],"curies":[{"name":"wp","href":"https:\/\/api.w.org\/{rel}","templated":true}]}}