{"id":16735,"date":"2023-04-24T17:37:44","date_gmt":"2023-04-24T17:37:44","guid":{"rendered":"https:\/\/redfoxlotto.com\/?page_id=1401"},"modified":"2025-12-17T08:53:54","modified_gmt":"2025-12-17T08:53:54","slug":"mega-millions","status":"publish","type":"page","link":"https:\/\/redfoxlotto.com\/hr\/igrajte\/mega-millions\/","title":{"rendered":"Igrajte Mega Millions iz Hrvatske"},"content":{"rendered":"<script type=\"application\/ld+json\">\r\n{\r\n  \"@context\": \"https:\/\/schema.org\",\r\n  \"@type\": \"Service\",\r\n  \"name\": \"Igraj Mega Millions online\",\r\n  \"url\": \"https:\/\/redfoxlotto.com\/hr\/igrajte\/mega-millions\/\",\r\n  \"description\": \"Igraj Mega Millions lutriju online iz bilo koje zemlje. Posjeti RedFoxLotto, odaberi svoje brojeve i preuzmi svoje listi\u0107e.\",\r\n  \"serviceType\": \"Online posredni\u010dka usluga za lutrijske listi\u0107e\",\r\n\r\n  \"provider\": {\r\n    \"@type\": \"Organization\",\r\n    \"name\": \"RedFoxLotto\",\r\n    \"url\": \"https:\/\/redfoxlotto.com\/hr\/igrajte\/mega-millions\/\",\r\n    \"image\": \"https:\/\/redfoxlotto.com\/wp-content\/uploads\/2025\/12\/ticket_scans.jpg\",\r\n    \"sameAs\": []\r\n  },\r\n\r\n  \"areaServed\": \"Worldwide\",\r\n  \"termsOfService\": \"https:\/\/redfoxlotto.com\/terms-and-conditions\",\r\n\r\n  \"additionalProperty\": {\r\n    \"@type\": \"PropertyValue\",\r\n    \"name\": \"FAQ\",\r\n    \"value\": \"https:\/\/redfoxlotto.com\/hr\/igrajte\/mega-millions\/\"\r\n  },\r\n\r\n  \"hasOfferCatalog\": {\r\n    \"@type\": \"OfferCatalog\",\r\n    \"name\": \"Mega Millions lutrijski listi\u0107i\",\r\n    \"itemListElement\": [\r\n      {\r\n        \"@type\": \"Offer\",\r\n        \"name\": \"Mega Millions listi\u0107i\",\r\n        \"url\": \"https:\/\/redfoxlotto.com\/hr\/igrajte\/mega-millions\/\",\r\n        \"description\": \"Kliknite ovdje kako biste odabrali brojeve za sljede\u0107e izvla\u010denje Mega Millions i naru\u010dili listi\u0107e online.\",\r\n        \"price\": \"13.00\",\r\n        \"priceCurrency\": \"EUR\",\r\n        \"availability\": \"https:\/\/schema.org\/InStock\",\r\n\r\n        \"itemOffered\": {\r\n          \"@type\": \"Service\",\r\n          \"name\": \"Mega Millions lutrijski listi\u0107i\",\r\n          \"description\": \"Igrajte u sljede\u0107em Mega Millions izvla\u010denju putem RedFoxLotto.\"\r\n        }\r\n      }\r\n    ]\r\n  },\r\n\r\n  \"mainEntityOfPage\": {\r\n    \"@type\": \"WebPage\",\r\n    \"@id\": \"https:\/\/redfoxlotto.com\/hr\/igrajte\/mega-millions\/\"\r\n  }\r\n}\r\n<\/script>\r\n\r\n<p><!--more--><\/p><p>Ne morate i\u0107i u Ameriku da bi igrali US Mega Millions lutriju. Mo\u017eete igrati Mega Millions i iz Hrvatske. Osigurat \u0107emo Vam listi\u0107e preko na\u0161eg on-line servisa. Iz Hrvatske ih mo\u017eete poru\u010diti preko na\u0161e web stranice. A jedan od na\u0161ih agenata u SAD-u \u0107e kupiti listi\u0107e (s brojevima koje ste odabrali).<\/p><p>Nakon kupovine dobit \u0107ete potvrdu putem e-mail od nas. Mi se tako\u0111er brinemo o isplati Va\u0161eg dobitka. Molimo pogledajte na\u0161 dio pitanja i odgovori (FAQ) za vi\u0161e detalja o na\u0161im uslugama.<\/p><h2 class=\"wp-block-heading\">Pravila lutrije Mega Million<\/h2><p><img loading=\"lazy\" decoding=\"async\" class=\"alignright  wp-image\" src=\"https:\/\/content.redfoxlotto.com\/uploads\/sites\/9\/lotto-online-495x329.jpeg\" alt=\"mega millions on-line\" width=\"216\" height=\"144\"><\/p><p>Igra\u010d bira 5 brojeva od 1 do 70 i dodatni broj od 1 do 25. Da bi osvojili glavni dobitak morate pogoditi svih 6 brojeva. Glavnih 5 brojeva zna\u010di nagradu u iznosu od 1 milijun $.<\/p><h2 class=\"wp-block-heading\">Mega Millions jackpot<\/h2><p>Mega Millions lutrija je poznata po brzorastu\u0107em jackpotu. To se de\u0161ava jer se u SAD-u iz tjedna u tjedan prodaju stotine milijuna listi\u0107a. Ali jackpot se \u010desto ne osvoji tjednima. Glavni dobitak uvijek krene s iznosom od 40 milijuna $. Jackpot obi\u010dno krene sporije rasti, za nekih 10-15 milijuna $ po izvla\u010denju ( 2 izvla\u010denja sedmi\u010dno).<\/p><p>Kada nitko ne osvoji glavni dobitak, do iznosa od 100 milijuna $ do\u0111e se veoma brzo. Jednom kada se taj prag pre\u0111e proda se vi\u0161e nego ina\u010de listi\u0107a jer onda svi \u017eele da sudjeluju u izvla\u010denju. Tada jackpot raste veoma brzo. Pove\u0107anja s 200 na 500 milijuna u roku od tjedan dana sasvim su normalna.<\/p><p>A ako jackpot nije osvojen tijekom 10 tjedana, tada \u0107e \u010dak prema\u0161iti iznos od milijardu dolara, \u0161to se posljednji put dogodilo 19.10.2018. Jackpot je kona\u010dno osvojio jedan pobjednik 23.10.2018. i tada je iznosio 1,6 milijardi.<br>Kad god je veli\u010dina jackpota zna\u010dajna, bilo bi pametno razmisliti o kupovini listi\u0107a on-line i to tako da sudjelujete u vi\u0161e uzastopnih izvla\u010denja. Tako osiguravate da ste u igri i za sljede\u0107i, \u010dak i ve\u0107i jackpot.<\/p><p>Va\u017eno je napomenuti da osvaja\u010d jackpota mo\u017ee birati izme\u0111u dvije opcije. Mo\u017ee odabrati da prima puni iznos na 30 godi\u0161njih isplata (s 5% rastu\u0107om kamatom zbog inflacije) ili mo\u017ee tra\u017eiti isplatu glavnog iznosa odmah. Ova bi isplata bila ni\u017ea od punog iznosa jackpota. U oba slu\u010daja mo\u017ee se organizirati isplata na bankovni ra\u010dun u Hrvatskoj.<\/p><h2 class=\"wp-block-heading\">Da li je ovaj on-line servis legalan za igra\u010de iz Hrvatske?<\/h2><p><img loading=\"lazy\" decoding=\"async\" class=\"alignright size-full wp-image-4455\" src=\"https:\/\/content.redfoxlotto.com\/uploads\/sites\/9\/online_winners.jpg\" alt=\"Igrajte iz Hrvatske\" width=\"212\" height=\"142\"><\/p><p>Ovo je 100% legalno za igra\u010de iz svih zemalja, uklju\u010duju\u0107i Hrvatsku. U osnovi, to je kao da ste kupili listi\u0107 za Mega Millions tijekom boravka u SAD-u. Budu\u0107i da se u SAD-u lutrijski listi\u0107i mogu prodati svima starijim od 18 godina, stranci mogu legalno pobijediti. U kona\u010dnici, va\u017eno je samo da imate svoj listi\u0107. \u0160tovi\u0161e, pobrinut \u0107emo se i da Vam se isplati ono \u0161to ste osvojili. Za ve\u0107e dobitke (iznad 2500 \u20ac) dobit \u0107ete \u010dek ili prebacivanje sredstava na ra\u010dun.<\/p><p>Mada u slu\u010daju da osvojite jackpot morat \u0107ete otputovati u Ameriku, gdje \u0107e Vam li\u010dno uru\u010diti \u010dek. Sigurno bi bili sretni i uzbu\u0111eni zbog putovanja.<\/p><p>Da li je idu\u0107i Mega Millions jackpot rezerviran za Vas? Oku\u0161ajte Va\u0161u sre\u0107u \u2013 ne mo\u017eete pobijediti, ako ne kupite listi\u0107!<\/p>","protected":false},"excerpt":{"rendered":"","protected":false},"author":1,"featured_media":0,"parent":16732,"menu_order":2,"comment_status":"closed","ping_status":"closed","template":"megamillion.php","meta":{"_et_pb_use_builder":"","_et_pb_old_content":"","_et_gb_content_width":"","exclude_from_search":false,"footnotes":""},"class_list":["post-16735","page","type-page","status-publish","hentry"],"yoast_head":"<!-- This site is optimized with the Yoast SEO plugin v23.8 - https:\/\/yoast.com\/wordpress\/plugins\/seo\/ -->\n<title>Mega Million on-line internacionalna lutrija iz Hrvatske<\/title>\n<meta name=\"description\" content=\"Poru\u010dite svoj MegaMillions listi\u0107 ovdje - iz Hrvatske ili bilo koje dr\u017eave!\" \/>\n<meta name=\"robots\" content=\"index, follow, max-snippet:-1, max-image-preview:large, max-video-preview:-1\" \/>\n<link rel=\"canonical\" href=\"https:\/\/redfoxlotto.com\/hr\/igrajte\/mega-millions\/\" \/>\n<meta property=\"og:locale\" content=\"hr_HR\" \/>\n<meta property=\"og:type\" content=\"article\" \/>\n<meta property=\"og:title\" content=\"Mega Million on-line internacionalna lutrija iz Hrvatske\" \/>\n<meta property=\"og:description\" content=\"Poru\u010dite svoj MegaMillions listi\u0107 ovdje - iz Hrvatske ili bilo koje dr\u017eave!\" \/>\n<meta property=\"og:url\" content=\"https:\/\/redfoxlotto.com\/hr\/igrajte\/mega-millions\/\" \/>\n<meta property=\"og:site_name\" content=\"Get Tickets for the World\u2019s largest jackpots\" \/>\n<meta property=\"article:modified_time\" content=\"2025-12-17T08:53:54+00:00\" \/>\n<meta property=\"og:image\" content=\"https:\/\/content.redfoxlotto.com\/uploads\/sites\/9\/lotto-online-495x329.jpeg\" \/>\n<meta name=\"twitter:card\" content=\"summary_large_image\" \/>\n<meta name=\"twitter:label1\" content=\"Procijenjeno vrijeme \u010ditanja\" \/>\n\t<meta name=\"twitter:data1\" content=\"3 minute\" \/>\n<script type=\"application\/ld+json\" class=\"yoast-schema-graph\">{\"@context\":\"https:\/\/schema.org\",\"@graph\":[{\"@type\":\"WebPage\",\"@id\":\"https:\/\/redfoxlotto.com\/hr\/igrajte\/mega-millions\/\",\"url\":\"https:\/\/redfoxlotto.com\/hr\/igrajte\/mega-millions\/\",\"name\":\"Mega Million on-line internacionalna lutrija iz Hrvatske\",\"isPartOf\":{\"@id\":\"https:\/\/redfoxlotto.com\/hr\/#website\"},\"primaryImageOfPage\":{\"@id\":\"https:\/\/redfoxlotto.com\/hr\/igrajte\/mega-millions\/#primaryimage\"},\"image\":{\"@id\":\"https:\/\/redfoxlotto.com\/hr\/igrajte\/mega-millions\/#primaryimage\"},\"thumbnailUrl\":\"https:\/\/content.redfoxlotto.com\/uploads\/sites\/9\/lotto-online-495x329.jpeg\",\"datePublished\":\"2023-04-24T17:37:44+00:00\",\"dateModified\":\"2025-12-17T08:53:54+00:00\",\"description\":\"Poru\u010dite svoj MegaMillions listi\u0107 ovdje - iz Hrvatske ili bilo koje dr\u017eave!\",\"breadcrumb\":{\"@id\":\"https:\/\/redfoxlotto.com\/hr\/igrajte\/mega-millions\/#breadcrumb\"},\"inLanguage\":\"hr\",\"potentialAction\":[{\"@type\":\"ReadAction\",\"target\":[\"https:\/\/redfoxlotto.com\/hr\/igrajte\/mega-millions\/\"]}]},{\"@type\":\"ImageObject\",\"inLanguage\":\"hr\",\"@id\":\"https:\/\/redfoxlotto.com\/hr\/igrajte\/mega-millions\/#primaryimage\",\"url\":\"https:\/\/content.redfoxlotto.com\/uploads\/sites\/9\/lotto-online-495x329.jpeg\",\"contentUrl\":\"https:\/\/content.redfoxlotto.com\/uploads\/sites\/9\/lotto-online-495x329.jpeg\"},{\"@type\":\"BreadcrumbList\",\"@id\":\"https:\/\/redfoxlotto.com\/hr\/igrajte\/mega-millions\/#breadcrumb\",\"itemListElement\":[{\"@type\":\"ListItem\",\"position\":1,\"name\":\"Home\",\"item\":\"https:\/\/redfoxlotto.com\/hr\/\"},{\"@type\":\"ListItem\",\"position\":2,\"name\":\"Kako sudjelovati u lutrijama drugih dr\u017eava\",\"item\":\"https:\/\/redfoxlotto.com\/hr\/igrajte\/\"},{\"@type\":\"ListItem\",\"position\":3,\"name\":\"Igrajte Mega Millions iz Hrvatske\"}]},{\"@type\":\"WebSite\",\"@id\":\"https:\/\/redfoxlotto.com\/hr\/#website\",\"url\":\"https:\/\/redfoxlotto.com\/hr\/\",\"name\":\"Get Tickets for the World\u2019s largest jackpots\",\"description\":\"Participate in worldwide lottery jackpots from any country\",\"publisher\":{\"@id\":\"https:\/\/redfoxlotto.com\/hr\/#organization\"},\"potentialAction\":[{\"@type\":\"SearchAction\",\"target\":{\"@type\":\"EntryPoint\",\"urlTemplate\":\"https:\/\/redfoxlotto.com\/hr\/?s={search_term_string}\"},\"query-input\":{\"@type\":\"PropertyValueSpecification\",\"valueRequired\":true,\"valueName\":\"search_term_string\"}}],\"inLanguage\":\"hr\"},{\"@type\":\"Organization\",\"@id\":\"https:\/\/redfoxlotto.com\/hr\/#organization\",\"name\":\"Get Tickets for the World\u2019s largest jackpots\",\"url\":\"https:\/\/redfoxlotto.com\/hr\/\",\"logo\":{\"@type\":\"ImageObject\",\"inLanguage\":\"hr\",\"@id\":\"https:\/\/redfoxlotto.com\/hr\/#\/schema\/logo\/image\/\",\"url\":\"https:\/\/redfoxlotto.com\/wp-content\/uploads\/2023\/04\/logo.png\",\"contentUrl\":\"https:\/\/redfoxlotto.com\/wp-content\/uploads\/2023\/04\/logo.png\",\"width\":269,\"height\":53,\"caption\":\"Get Tickets for the World\u2019s largest jackpots\"},\"image\":{\"@id\":\"https:\/\/redfoxlotto.com\/hr\/#\/schema\/logo\/image\/\"}}]}<\/script>\n<!-- \/ Yoast SEO plugin. -->","yoast_head_json":{"title":"Mega Million on-line internacionalna lutrija iz Hrvatske","description":"Poru\u010dite svoj MegaMillions listi\u0107 ovdje - iz Hrvatske ili bilo koje dr\u017eave!","robots":{"index":"index","follow":"follow","max-snippet":"max-snippet:-1","max-image-preview":"max-image-preview:large","max-video-preview":"max-video-preview:-1"},"canonical":"https:\/\/redfoxlotto.com\/hr\/igrajte\/mega-millions\/","og_locale":"hr_HR","og_type":"article","og_title":"Mega Million on-line internacionalna lutrija iz Hrvatske","og_description":"Poru\u010dite svoj MegaMillions listi\u0107 ovdje - iz Hrvatske ili bilo koje dr\u017eave!","og_url":"https:\/\/redfoxlotto.com\/hr\/igrajte\/mega-millions\/","og_site_name":"Get Tickets for the World\u2019s largest jackpots","article_modified_time":"2025-12-17T08:53:54+00:00","og_image":[{"url":"https:\/\/content.redfoxlotto.com\/uploads\/sites\/9\/lotto-online-495x329.jpeg"}],"twitter_card":"summary_large_image","twitter_misc":{"Procijenjeno vrijeme \u010ditanja":"3 minute"},"schema":{"@context":"https:\/\/schema.org","@graph":[{"@type":"WebPage","@id":"https:\/\/redfoxlotto.com\/hr\/igrajte\/mega-millions\/","url":"https:\/\/redfoxlotto.com\/hr\/igrajte\/mega-millions\/","name":"Mega Million on-line internacionalna lutrija iz Hrvatske","isPartOf":{"@id":"https:\/\/redfoxlotto.com\/hr\/#website"},"primaryImageOfPage":{"@id":"https:\/\/redfoxlotto.com\/hr\/igrajte\/mega-millions\/#primaryimage"},"image":{"@id":"https:\/\/redfoxlotto.com\/hr\/igrajte\/mega-millions\/#primaryimage"},"thumbnailUrl":"https:\/\/content.redfoxlotto.com\/uploads\/sites\/9\/lotto-online-495x329.jpeg","datePublished":"2023-04-24T17:37:44+00:00","dateModified":"2025-12-17T08:53:54+00:00","description":"Poru\u010dite svoj MegaMillions listi\u0107 ovdje - iz Hrvatske ili bilo koje dr\u017eave!","breadcrumb":{"@id":"https:\/\/redfoxlotto.com\/hr\/igrajte\/mega-millions\/#breadcrumb"},"inLanguage":"hr","potentialAction":[{"@type":"ReadAction","target":["https:\/\/redfoxlotto.com\/hr\/igrajte\/mega-millions\/"]}]},{"@type":"ImageObject","inLanguage":"hr","@id":"https:\/\/redfoxlotto.com\/hr\/igrajte\/mega-millions\/#primaryimage","url":"https:\/\/content.redfoxlotto.com\/uploads\/sites\/9\/lotto-online-495x329.jpeg","contentUrl":"https:\/\/content.redfoxlotto.com\/uploads\/sites\/9\/lotto-online-495x329.jpeg"},{"@type":"BreadcrumbList","@id":"https:\/\/redfoxlotto.com\/hr\/igrajte\/mega-millions\/#breadcrumb","itemListElement":[{"@type":"ListItem","position":1,"name":"Home","item":"https:\/\/redfoxlotto.com\/hr\/"},{"@type":"ListItem","position":2,"name":"Kako sudjelovati u lutrijama drugih dr\u017eava","item":"https:\/\/redfoxlotto.com\/hr\/igrajte\/"},{"@type":"ListItem","position":3,"name":"Igrajte Mega Millions iz Hrvatske"}]},{"@type":"WebSite","@id":"https:\/\/redfoxlotto.com\/hr\/#website","url":"https:\/\/redfoxlotto.com\/hr\/","name":"Get Tickets for the World\u2019s largest jackpots","description":"Participate in worldwide lottery jackpots from any country","publisher":{"@id":"https:\/\/redfoxlotto.com\/hr\/#organization"},"potentialAction":[{"@type":"SearchAction","target":{"@type":"EntryPoint","urlTemplate":"https:\/\/redfoxlotto.com\/hr\/?s={search_term_string}"},"query-input":{"@type":"PropertyValueSpecification","valueRequired":true,"valueName":"search_term_string"}}],"inLanguage":"hr"},{"@type":"Organization","@id":"https:\/\/redfoxlotto.com\/hr\/#organization","name":"Get Tickets for the World\u2019s largest jackpots","url":"https:\/\/redfoxlotto.com\/hr\/","logo":{"@type":"ImageObject","inLanguage":"hr","@id":"https:\/\/redfoxlotto.com\/hr\/#\/schema\/logo\/image\/","url":"https:\/\/redfoxlotto.com\/wp-content\/uploads\/2023\/04\/logo.png","contentUrl":"https:\/\/redfoxlotto.com\/wp-content\/uploads\/2023\/04\/logo.png","width":269,"height":53,"caption":"Get Tickets for the World\u2019s largest jackpots"},"image":{"@id":"https:\/\/redfoxlotto.com\/hr\/#\/schema\/logo\/image\/"}}]}},"_links":{"self":[{"href":"https:\/\/redfoxlotto.com\/hr\/wp-json\/wp\/v2\/pages\/16735","targetHints":{"allow":["GET"]}}],"collection":[{"href":"https:\/\/redfoxlotto.com\/hr\/wp-json\/wp\/v2\/pages"}],"about":[{"href":"https:\/\/redfoxlotto.com\/hr\/wp-json\/wp\/v2\/types\/page"}],"author":[{"embeddable":true,"href":"https:\/\/redfoxlotto.com\/hr\/wp-json\/wp\/v2\/users\/1"}],"replies":[{"embeddable":true,"href":"https:\/\/redfoxlotto.com\/hr\/wp-json\/wp\/v2\/comments?post=16735"}],"version-history":[{"count":0,"href":"https:\/\/redfoxlotto.com\/hr\/wp-json\/wp\/v2\/pages\/16735\/revisions"}],"up":[{"embeddable":true,"href":"https:\/\/redfoxlotto.com\/hr\/wp-json\/wp\/v2\/pages\/16732"}],"wp:attachment":[{"href":"https:\/\/redfoxlotto.com\/hr\/wp-json\/wp\/v2\/media?parent=16735"}],"curies":[{"name":"wp","href":"https:\/\/api.w.org\/{rel}","templated":true}]}}