{"id":16734,"date":"2022-10-26T09:30:02","date_gmt":"2022-10-26T09:30:02","guid":{"rendered":"https:\/\/redfoxlotto.com\/?page_id=1399"},"modified":"2025-12-17T07:19:51","modified_gmt":"2025-12-17T07:19:51","slug":"euromillions","status":"publish","type":"page","link":"https:\/\/redfoxlotto.com\/hr\/igrajte\/euromillions\/","title":{"rendered":"Kako igrati Euromillions iz Hrvatske"},"content":{"rendered":"<p><script type=\"application\/ld+json\">\n{\n  \"@context\": \"https:\/\/schema.org\",\n  \"@type\": \"Service\",\n  \"name\": \"Igrajte Euromillions Online\",\n  \"url\": \"https:\/\/redfoxlotto.com\/hr\/igrajte\/euromillions\/\",\n  \"description\": \"Igrajte Euromillions online iz bilo koje zemlje. Posjetite RedFoxLotto, odaberite svoje brojeve i nabavite ulaznice.\",\n  \"serviceType\": \"Online lottery ticket messenger service\",\n  \"provider\": {\n    \"@type\": \"Organization\",\n    \"name\": \"RedFoxLotto\",\n    \"url\": \"https:\/\/redfoxlotto.com\/hr\/\",\n    \"image\": \"https:\/\/redfoxlotto.com\/wp-content\/uploads\/2025\/12\/ticket_scans.jpg\",\n    \"sameAs\": []\n  },\n  \"areaServed\": \"Worldwide\",\n  \"termsOfService\": \"https:\/\/redfoxlotto.com\/terms-and-conditions\",\n  \"additionalProperty\": {\n    \"@type\": \"PropertyValue\",\n    \"name\": \"FAQ\",\n    \"value\": \"https:\/\/redfoxlotto.com\/hr\/faq\/\"\n  },\n  \"hasOfferCatalog\": {\n    \"@type\": \"OfferCatalog\",\n    \"name\": \"Euromillions Lutrijske Karte\",\n    \"itemListElement\": [\n      {\n        \"@type\": \"Offer\",\n        \"name\": \"Euromillions Karte\",\n        \"url\": \"https:\/\/redfoxlotto.com\/hr\/igrajte\/euromillions\/\",\n        \"description\": \"Kliknite ovdje za odabir svojih brojeva za sljede\u0107e Euromillions izvla\u010denje - naru\u010dite ulaznice online.\",\n        \"price\": \"7.00\",\n        \"priceCurrency\": \"EUR\",\n        \"availability\": \"https:\/\/schema.org\/InStock\",\n        \"itemOffered\": {\n          \"@type\": \"Service\",\n          \"name\": \"Euromillions Lutrijske Karte\",\n          \"description\": \"Sudjelujte u sljede\u0107em Euromillions izvla\u010denju putem RedFoxLotto.\"\n        }\n      }\n    ]\n  },\n  \"mainEntityOfPage\": {\n    \"@type\": \"WebPage\",\n    \"@id\": \"https:\/\/redfoxlotto.com\/hr\/igrajte\/euromillions\/\"\n  }\n}\n<\/script><\/p>\n<p>Jeste li ikada \u010duli za EuroMillions? Ako \u017eivite u europskoj zemlji, sigurno jeste. Ali ako \u017eivite u Hrvatskoj, mo\u017eda niste. Zato, hajde da malo detaljnije pogledamo kako igrati Euromillions online, zar ne?<\/p>\n<p>Euromillions je me\u0111unarodna lutrija koja se mo\u017ee igrati u devet europskih zemalja. To zna\u010di da mo\u017eda ve\u0107 \u017eivite u zemlji u kojoj mo\u017eete kupiti ulaznicu. Me\u0111utim, ulaznice za lutriju Euromillions ne mogu se kupiti u trgovinama drugih zemalja, a to uklju\u010duje i Hrvatsku.<\/p>\n<p>Sada, sigurno \u0107ete htjeti ne\u0161to poduzeti u vezi s tim jer je Euromillions, osim Eurojackpota, najve\u0107a lutrija u Europi. Lutrija je osnovana 2004. godine, a dosad najve\u0107i dobitak iznosio je 190 milijuna eura. Osvojio ga je jedan, nepoznati igra\u010d u listopadu 2014. godine. To je definitivno ne\u0161to \u0161to \u0107ete barem po\u017eeljeti imati \u0161ansu za, zar ne?<\/p>\n<p>\u017delite li mo\u0107i re\u0107i da ste gotovo osvojili Euromillions? Pa, zato \u0107ete trebati saznati vi\u0161e o njihovim ulaznicama.<\/p>\n<p>Izvla\u010denja Euromillions lutrije odr\u017eavaju se u Parizu utorkom i petkom. Da biste osvojili glavni dobitak, ulaznica mora ispravno prikazati 5 brojeva od 1 do 50, kao i &#8220;sretan broj&#8221;, broj izme\u0111u 1 i 12. Naravno, postoje i druge dobitne kategorije. Za najmanju dobitak, morate to\u010dno pogoditi 2 od 5 glavnih brojeva.<\/p>\n<p>Sve to zna\u010di da \u0107ete imati vrlo dobru \u0161ansu za osvajanje ne\u010dega jer vam je potrebno samo poklapanje 2 broja kako biste osvojili nagradu. A kada osvojite \u010dak i manju nagradu, imat \u0107ete novac potreban za kupovinu nove ulaznice i poku\u0161aj u sljede\u0107em izvla\u010denju.<\/p>\n<h2>Kako funkcionira online kupovina ulaznica iz Hrvatske?<\/h2>\n<p>Da biste kupili ulaznice i igrali Euromillions online iz Hrvatske, sve \u0161to trebate u\u010diniti je kliknuti na Euromillions na na\u0161oj web stranici. Od tamo, bit \u0107ete vodeni kroz korake koje trebate poduzeti kako biste dobili tu ulaznicu. Odaberite svoje brojeve, bilo koje brojeve koje \u017eelite (dok se pridr\u017eavate pravila). T<\/p>\n<p>ako\u0111er je dostupna funkcija &#8220;Brzo odabiranje&#8221;.<img loading=\"lazy\" decoding=\"async\" class=\"wp-image-4203 alignright\" src=\"https:\/\/content.redfoxlotto.com\/uploads\/sites\/9\/2_ticket_euromillions.jpg\" alt=\"euromillions online\" width=\"156\" height=\"416\" \/><\/p>\n<p>Jednim klikom mi\u0161a mo\u017eete imati generator slu\u010dajnih brojeva koji \u0107e odabrati va\u0161e brojeve. Jo\u0161 uvijek mo\u017eete ru\u010dno promijeniti odabrane brojeve ako \u017eelite kombinaciju vlastitih odabranih brojeva i brojeva koji su slu\u010dajno odabrani za vas. Zatim dodajte u ko\u0161aricu koliko god ulaznica \u017eelite kako biste bili spremni za kupovinu.<\/p>\n<p>Ako \u017eelite, mo\u017eete dodati jo\u0161 ulaznica u svoju narud\u017ebu. Va\u0161a narud\u017eba mo\u017ee uklju\u010divati \u010dak i ulaznice za druge lutrije. Mnogi na\u0161i klijenti igraju nekoliko me\u0111unarodnih lutrija istovremeno. Ve\u0107ina ljudi bira lutrije na temelju trenutne veli\u010dine glavnog dobitka, a tu \u0107ete vjerojatno prona\u0107i i Euromillions. Glavni dobitak obi\u010dno je vrlo velik i to je ne\u0161to \u0161to \u0107ete sigurno htjeti vidjeti sami (i pridru\u017eiti se).<\/p>\n<p>Zatim slijedite upute na na\u0161oj web stranici kako biste dovr\u0161ili kupovinu i platili online. Mo\u017eete imati svoju ulaznicu za samo nekoliko minuta, \u010dak i ako ve\u0107 nemate ra\u010dun kod nas. Zaista je jednostavno krenuti.<\/p>\n<h2>Prednosti igranja me\u0111unarodnih lutrija poput Euromillions online<\/h2>\n<p>Osim prakti\u010dnosti, ovo je jedna od glavnih prednosti igranja me\u0111unarodnih lutrijskih dobitaka. Mo\u017eete iskoristiti svoj novac od lutrije na profitabilniji na\u010din kupuju\u0107i samo ulaznice za lutrije \u010diji su dobitci trenutno dovoljno visoki. Ne morate \u010dekati tjednima da nacionalni lutrijski dobitak bude dovoljno visok u va\u0161oj zemlji. Mo\u017eete odabrati puno ve\u0107i dobitak online prakti\u010dki u bilo koje vrijeme. U stvari, ve\u0107ina zemalja svijeta ima lutrije koje nikad ne dose\u017eu dobitke ni blizu onih najve\u0107ih svjetskih lutrija.<\/p>\n<p>Za one koji stvarno \u017eele \u0161ansu za osvajanjem nekih od najve\u0107ih nagrada, to je definitivno najbolji dio. \u017delite imati \u0161ansu za osvajanje milijuna umjesto samo manjih iznosa s kojima po\u010dinje mnogo lutrija u Hrvatskoj. Naravno, lijepo je osvojiti. Ali bit \u0107e jo\u0161 ljep\u0161e osvojiti ne\u0161to \u0161to \u0107e zaista promijeniti va\u0161 \u017eivot umjesto da osvojite ne\u0161to \u0161to \u0107e vam samo kupiti sljede\u0107u ulaznicu koju \u017eelite.<\/p>\n<p>Zbog \u010dinjenice da postoje dva tjed<\/p>\n<p>na izvla\u010denja, glavni dobitak Euromillionsa brzo raste. Iz tog razloga, mo\u017eda \u0107ete htjeti razmotriti aktiviranje opcije da va\u0161e ulaznice sudjeluju u nekoliko uzastopnih izvla\u010denja. To mo\u017eete u\u010diniti tijekom procesa va\u0161e online kupovine.<\/p>\n<p>Opcija vam je dostupna prije nego \u0161to narud\u017eba bude dovr\u0161ena. Tako uvijek ostajete u igri za sljede\u0107i najve\u0107i dobitak u idu\u0107em izvla\u010denju. Mo\u017eda ne\u0107e biti dobitnika glavne nagrade u sljede\u0107em izvla\u010denju, ali mo\u017eda \u0107e ono nakon toga biti va\u0161a sretna prilika.<\/p>\n<p>Ako kupite dodatna izvla\u010denja za jednu ulaznicu, to tako\u0111er zna\u010di da se ne morate brinuti o kupovini vi\u0161e ulaznica neko vrijeme. Mo\u017eete samo \u010dekati i vidjeti \u0161to va\u0161a trenutna ulaznica radi i kako \u0107e vam donijeti veliki dobitak. To je vrlo jednostavno i sigurno \u0107ete biti sretni kad vidite mogu\u0107u isplatu.<\/p>\n<p>\u0418\u0433\u0440\u0430\u0447\u0438 \u043f\u043b\u0430\u045b\u0430\u0458\u0443 \u043c\u0430\u043b\u043e \u0432\u0438\u0448\u0435 \u0458\u0435\u0440 \u0441\u0435 \u043a\u0430\u0440\u0442\u0435 \u0437\u0430 \u0415\u0443\u0440\u043e\u041c\u0438\u043b\u043b\u0438\u043e\u043d\u0441 \u043a\u0443\u043f\u0443\u0458\u0443 \u0443 \u0412\u0435\u043b\u0438\u043a\u043e\u0458 \u0411\u0440\u0438\u0442\u0430\u043d\u0438\u0458\u0438. \u0422\u043e \u0458\u0435 \u0437\u0431\u043e\u0433 \u0447\u0438\u045a\u0435\u043d\u0438\u0446\u0435 \u0434\u0430 \u0443\u043b\u0430\u0437\u043d\u0438\u0446\u0435 \u0437\u0430 \u0423\u041a \u0434\u043e\u043b\u0430\u0437\u0435 \u0441\u0430 \u0430\u0443\u0442\u043e\u043c\u0430\u0442\u0441\u043a\u0438\u043c \u0443\u043b\u0430\u0441\u043a\u043e\u043c \u0443 \u0438\u0437\u0432\u043b\u0430\u0447\u0435\u045a\u0435 \u041c\u0438\u043b\u043b\u0438\u043e\u043d\u0430\u0438\u0440\u0435 \u041c\u0430\u043a\u0435\u0440, \u0448\u0442\u043e \u043f\u0440\u0443\u0436\u0430 \u0434\u043e\u0434\u0430\u0442\u043d\u0443 \u043f\u0440\u0438\u043b\u0438\u043a\u0443 \u0434\u0430 \u043e\u0441\u0432\u043e\u0458\u0438\u0442\u0435 \u043d\u0430\u0433\u0440\u0430\u0434\u0443 \u043e\u0434 \u043c\u0438\u043b\u0438\u043e\u043d \u0444\u0443\u043d\u0442\u0438.<\/p>\n<p>\u041c\u0438\u043b\u043b\u0438\u043e\u043d\u0430\u0438\u0440\u0435 \u041c\u0430\u043a\u0435\u0440 \u0440\u0430\u0434\u0438 \u0442\u0430\u043a\u043e \u0448\u0442\u043e \u0433\u0435\u043d\u0435\u0440\u0438\u0448\u0435 \u0458\u0435\u0434\u0438\u043d\u0441\u0442\u0432\u0435\u043d\u0438 \u043a\u043e\u0434 \u0437\u0430 \u0441\u0432\u0430\u043a\u0443 \u043a\u0443\u043f\u0459\u0435\u043d\u0443 \u043a\u0430\u0440\u0442\u0443. \u041e\u0432\u0430\u0458 \u043a\u043e\u0434 \u0441\u0435 \u0441\u0430\u0441\u0442\u043e\u0458\u0438 \u043e\u0434 \u0447\u0435\u0442\u0438\u0440\u0438 \u0441\u043b\u043e\u0432\u0430 \u043f\u0440\u0430\u045b\u0435\u043d\u0430 \u043f\u0435\u0442 \u0431\u0440\u043e\u0458\u0435\u0432\u0430 (\u043d\u043f\u0440. \u0410\u0411\u0426\u041412345). \u0423 \u0441\u0432\u0430\u043a\u043e\u043c \u0438\u0437\u0432\u043b\u0430\u0447\u0435\u045a\u0443, \u0458\u0435\u0434\u0430\u043d \u0438\u043b\u0438 \u0432\u0438\u0448\u0435 \u043e\u0432\u0438\u0445 \u043a\u043e\u0434\u043e\u0432\u0430 \u0441\u0435 \u043d\u0430\u0441\u0443\u043c\u0438\u0447\u043d\u043e \u0431\u0438\u0440\u0430, \u0430 \u0432\u043b\u0430\u0441\u043d\u0438\u043a \u0442\u0438\u043a\u0435\u0442\u0430 \u0441\u0430 \u043e\u0434\u0433\u043e\u0432\u0430\u0440\u0430\u0458\u0443\u045b\u0438\u043c \u043a\u043e\u0434\u043e\u043c \u043e\u0434\u043c\u0430\u0445 \u043e\u0441\u0432\u0430\u0458\u0430 \u043c\u0438\u043b\u0438\u043e\u043d \u0444\u0443\u043d\u0442\u0438, \u0431\u0435\u0437 \u043e\u0431\u0437\u0438\u0440\u0430 \u043d\u0430 \u0433\u043b\u0430\u0432\u043d\u0435 \u0438\u0437\u0432\u0443\u0447\u0435\u043d\u0435 \u0415\u0443\u0440\u043e\u041c\u0438\u043b\u043b\u0438\u043e\u043d\u0441 \u0431\u0440\u043e\u0458\u0435\u0432\u0435.<\/p>\n<p>\u041e\u0432\u0430 \u0444\u0443\u043d\u043a\u0446\u0438\u0458\u0430 \u0447\u0438\u043d\u0438 \u0438\u0433\u0440\u0430\u045a\u0435 \u0415\u0443\u0440\u043e\u041c\u0438\u043b\u043b\u0438\u043e\u043d\u0441-\u0430 \u0443 \u0412\u0435\u043b\u0438\u043a\u043e\u0458 \u0411\u0440\u0438\u0442\u0430\u043d\u0438\u0458\u0438 \u043f\u043e\u0441\u0435\u0431\u043d\u043e \u0430\u0442\u0440\u0430\u043a\u0442\u0438\u0432\u043d\u0438\u043c, \u0458\u0435\u0440 \u043f\u0440\u0443\u0436\u0430 \u0434\u043e\u0434\u0430\u0442\u043d\u0443 \u043f\u0440\u0438\u043b\u0438\u043a\u0443 \u0437\u0430 \u043e\u0441\u0432\u0430\u0458\u0430\u045a\u0435 \u0437\u043d\u0430\u0447\u0430\u0458\u043d\u0435 \u043d\u0430\u0433\u0440\u0430\u0434\u0435 \u043e\u0441\u0438\u043c \u0441\u0442\u0430\u043d\u0434\u0430\u0440\u0434\u043d\u043e\u0433 \u045f\u0435\u043a\u043f\u043e\u0442\u0430 \u0438 \u043d\u0430\u0433\u0440\u0430\u0434\u0430 \u043d\u0438\u0436\u0435\u0433 \u043d\u0438\u0432\u043e\u0430.<\/p>\n<p><img loading=\"lazy\" decoding=\"async\" class=\"alignright size-full wp-image-4215\" src=\"https:\/\/content.redfoxlotto.com\/uploads\/sites\/9\/1_play_onlinelottery4.jpg\" alt=\"igrajte online\" width=\"231\" height=\"130\" \/><br \/>\nDakle, ako jackpot u va\u0161oj lokalnoj lutriji u Hrvatskoj trenutno nije toliko privla\u010dan, za\u0161to ne isku\u0161ate sre\u0107u i igrate Euromillions online? Nikad ne znate za \u0161to se mo\u017eete natjecati ili \u0161to mo\u017eete osvojiti. A cijeli proces je vrlo jednostavan za po\u010detak. \u0160to imate izgubiti ako isprobate potpuno novu igru s jackpotima od preko 100 milijuna? Potpuno ni\u0161ta! A mo\u017eete osvojiti ne\u0161to ogromno na sljede\u0107em izvla\u010denju.<\/p>\n<section class=\"layout\" style=\"border: solid 1px; width: 100%;\">\n<div class=\"img-div\" style=\"margin-top: 5px;\"><img decoding=\"async\" class=\"wp-image-17212 alignleft\" style=\"height: 45px; margin: 8px 8px 0px;\" src=\"https:\/\/redfoxlotto.com\/wp-content\/uploads\/sites\/9\/read1.jpg\" alt=\"kupi lutriju online\" width=\"\" height=\"\" \/><\/div>\n<div style=\"padding-left: 5px;\">\n<div style=\"font-size: 1.1em;\">\n<p><strong>Najve\u0107i dobitci na lutriji koji su obilje\u017eili povijest<\/strong><\/p>\n<p style=\"font-size: 0.8em; margin-top: -1.5em;\">Saznajte o nekim od najve\u0107ih dobitaka na lutriji u povijesti koji su preko no\u0107i promijenili \u017eivot dobitnicima.<a href=\"https:\/\/redfoxlotto.com\/hr\/najveci-lutrijski-jackpoti\/\">Saznajte vi\u0161e<\/a><\/p>\n<\/div>\n<\/div>\n<\/section>\n","protected":false},"excerpt":{"rendered":"<p>Jeste li ikada \u010duli za EuroMillions? Ako \u017eivite u europskoj zemlji, sigurno jeste. Ali ako \u017eivite u Hrvatskoj, mo\u017eda niste. Zato, hajde da malo detaljnije pogledamo kako igrati Euromillions online, zar ne? Euromillions je me\u0111unarodna lutrija koja se mo\u017ee igrati u devet europskih zemalja. To zna\u010di da mo\u017eda ve\u0107 \u017eivite u zemlji u kojoj mo\u017eete [&hellip;]<\/p>\n","protected":false},"author":1,"featured_media":0,"parent":16732,"menu_order":3,"comment_status":"closed","ping_status":"closed","template":"euromillions.php","meta":{"_et_pb_use_builder":"","_et_pb_old_content":"","_et_gb_content_width":"","exclude_from_search":false,"footnotes":""},"class_list":["post-16734","page","type-page","status-publish","hentry"],"yoast_head":"<!-- This site is optimized with the Yoast SEO plugin v23.8 - https:\/\/yoast.com\/wordpress\/plugins\/seo\/ -->\n<title>Igrajte Euromillions online iz Hrvatske | Najve\u0107a europska lutrija<\/title>\n<meta name=\"description\" content=\"Ljubitelji lutrije iz Hrvatske sada mogu igrati Euromillions online - provjerite na\u0161u uslugu za ulaznicu Euromillions\" \/>\n<meta name=\"robots\" content=\"index, follow, max-snippet:-1, max-image-preview:large, max-video-preview:-1\" \/>\n<link rel=\"canonical\" href=\"https:\/\/redfoxlotto.com\/hr\/igrajte\/euromillions\/\" \/>\n<meta property=\"og:locale\" content=\"hr_HR\" \/>\n<meta property=\"og:type\" content=\"article\" \/>\n<meta property=\"og:title\" content=\"Igrajte Euromillions online iz Hrvatske | Najve\u0107a europska lutrija\" \/>\n<meta property=\"og:description\" content=\"Ljubitelji lutrije iz Hrvatske sada mogu igrati Euromillions online - provjerite na\u0161u uslugu za ulaznicu Euromillions\" \/>\n<meta property=\"og:url\" content=\"https:\/\/redfoxlotto.com\/hr\/igrajte\/euromillions\/\" \/>\n<meta property=\"og:site_name\" content=\"Get Tickets for the World\u2019s largest jackpots\" \/>\n<meta property=\"article:modified_time\" content=\"2025-12-17T07:19:51+00:00\" \/>\n<meta property=\"og:image\" content=\"https:\/\/content.redfoxlotto.com\/uploads\/sites\/9\/2_ticket_euromillions.jpg\" \/>\n<meta name=\"twitter:card\" content=\"summary_large_image\" \/>\n<meta name=\"twitter:label1\" content=\"Procijenjeno vrijeme \u010ditanja\" \/>\n\t<meta name=\"twitter:data1\" content=\"5 minuta\" \/>\n<script type=\"application\/ld+json\" class=\"yoast-schema-graph\">{\"@context\":\"https:\/\/schema.org\",\"@graph\":[{\"@type\":\"WebPage\",\"@id\":\"https:\/\/redfoxlotto.com\/hr\/igrajte\/euromillions\/\",\"url\":\"https:\/\/redfoxlotto.com\/hr\/igrajte\/euromillions\/\",\"name\":\"Igrajte Euromillions online iz Hrvatske | Najve\u0107a europska lutrija\",\"isPartOf\":{\"@id\":\"https:\/\/redfoxlotto.com\/hr\/#website\"},\"primaryImageOfPage\":{\"@id\":\"https:\/\/redfoxlotto.com\/hr\/igrajte\/euromillions\/#primaryimage\"},\"image\":{\"@id\":\"https:\/\/redfoxlotto.com\/hr\/igrajte\/euromillions\/#primaryimage\"},\"thumbnailUrl\":\"https:\/\/content.redfoxlotto.com\/uploads\/sites\/9\/2_ticket_euromillions.jpg\",\"datePublished\":\"2022-10-26T09:30:02+00:00\",\"dateModified\":\"2025-12-17T07:19:51+00:00\",\"description\":\"Ljubitelji lutrije iz Hrvatske sada mogu igrati Euromillions online - provjerite na\u0161u uslugu za ulaznicu Euromillions\",\"breadcrumb\":{\"@id\":\"https:\/\/redfoxlotto.com\/hr\/igrajte\/euromillions\/#breadcrumb\"},\"inLanguage\":\"hr\",\"potentialAction\":[{\"@type\":\"ReadAction\",\"target\":[\"https:\/\/redfoxlotto.com\/hr\/igrajte\/euromillions\/\"]}]},{\"@type\":\"ImageObject\",\"inLanguage\":\"hr\",\"@id\":\"https:\/\/redfoxlotto.com\/hr\/igrajte\/euromillions\/#primaryimage\",\"url\":\"https:\/\/content.redfoxlotto.com\/uploads\/sites\/9\/2_ticket_euromillions.jpg\",\"contentUrl\":\"https:\/\/content.redfoxlotto.com\/uploads\/sites\/9\/2_ticket_euromillions.jpg\"},{\"@type\":\"BreadcrumbList\",\"@id\":\"https:\/\/redfoxlotto.com\/hr\/igrajte\/euromillions\/#breadcrumb\",\"itemListElement\":[{\"@type\":\"ListItem\",\"position\":1,\"name\":\"Home\",\"item\":\"https:\/\/redfoxlotto.com\/hr\/\"},{\"@type\":\"ListItem\",\"position\":2,\"name\":\"Kako sudjelovati u lutrijama drugih dr\u017eava\",\"item\":\"https:\/\/redfoxlotto.com\/hr\/igrajte\/\"},{\"@type\":\"ListItem\",\"position\":3,\"name\":\"Kako igrati Euromillions iz Hrvatske\"}]},{\"@type\":\"WebSite\",\"@id\":\"https:\/\/redfoxlotto.com\/hr\/#website\",\"url\":\"https:\/\/redfoxlotto.com\/hr\/\",\"name\":\"Get Tickets for the World\u2019s largest jackpots\",\"description\":\"Participate in worldwide lottery jackpots from any country\",\"publisher\":{\"@id\":\"https:\/\/redfoxlotto.com\/hr\/#organization\"},\"potentialAction\":[{\"@type\":\"SearchAction\",\"target\":{\"@type\":\"EntryPoint\",\"urlTemplate\":\"https:\/\/redfoxlotto.com\/hr\/?s={search_term_string}\"},\"query-input\":{\"@type\":\"PropertyValueSpecification\",\"valueRequired\":true,\"valueName\":\"search_term_string\"}}],\"inLanguage\":\"hr\"},{\"@type\":\"Organization\",\"@id\":\"https:\/\/redfoxlotto.com\/hr\/#organization\",\"name\":\"Get Tickets for the World\u2019s largest jackpots\",\"url\":\"https:\/\/redfoxlotto.com\/hr\/\",\"logo\":{\"@type\":\"ImageObject\",\"inLanguage\":\"hr\",\"@id\":\"https:\/\/redfoxlotto.com\/hr\/#\/schema\/logo\/image\/\",\"url\":\"https:\/\/redfoxlotto.com\/wp-content\/uploads\/2023\/04\/logo.png\",\"contentUrl\":\"https:\/\/redfoxlotto.com\/wp-content\/uploads\/2023\/04\/logo.png\",\"width\":269,\"height\":53,\"caption\":\"Get Tickets for the World\u2019s largest jackpots\"},\"image\":{\"@id\":\"https:\/\/redfoxlotto.com\/hr\/#\/schema\/logo\/image\/\"}}]}<\/script>\n<!-- \/ Yoast SEO plugin. -->","yoast_head_json":{"title":"Igrajte Euromillions online iz Hrvatske | Najve\u0107a europska lutrija","description":"Ljubitelji lutrije iz Hrvatske sada mogu igrati Euromillions online - provjerite na\u0161u uslugu za ulaznicu Euromillions","robots":{"index":"index","follow":"follow","max-snippet":"max-snippet:-1","max-image-preview":"max-image-preview:large","max-video-preview":"max-video-preview:-1"},"canonical":"https:\/\/redfoxlotto.com\/hr\/igrajte\/euromillions\/","og_locale":"hr_HR","og_type":"article","og_title":"Igrajte Euromillions online iz Hrvatske | Najve\u0107a europska lutrija","og_description":"Ljubitelji lutrije iz Hrvatske sada mogu igrati Euromillions online - provjerite na\u0161u uslugu za ulaznicu Euromillions","og_url":"https:\/\/redfoxlotto.com\/hr\/igrajte\/euromillions\/","og_site_name":"Get Tickets for the World\u2019s largest jackpots","article_modified_time":"2025-12-17T07:19:51+00:00","og_image":[{"url":"https:\/\/content.redfoxlotto.com\/uploads\/sites\/9\/2_ticket_euromillions.jpg"}],"twitter_card":"summary_large_image","twitter_misc":{"Procijenjeno vrijeme \u010ditanja":"5 minuta"},"schema":{"@context":"https:\/\/schema.org","@graph":[{"@type":"WebPage","@id":"https:\/\/redfoxlotto.com\/hr\/igrajte\/euromillions\/","url":"https:\/\/redfoxlotto.com\/hr\/igrajte\/euromillions\/","name":"Igrajte Euromillions online iz Hrvatske | Najve\u0107a europska lutrija","isPartOf":{"@id":"https:\/\/redfoxlotto.com\/hr\/#website"},"primaryImageOfPage":{"@id":"https:\/\/redfoxlotto.com\/hr\/igrajte\/euromillions\/#primaryimage"},"image":{"@id":"https:\/\/redfoxlotto.com\/hr\/igrajte\/euromillions\/#primaryimage"},"thumbnailUrl":"https:\/\/content.redfoxlotto.com\/uploads\/sites\/9\/2_ticket_euromillions.jpg","datePublished":"2022-10-26T09:30:02+00:00","dateModified":"2025-12-17T07:19:51+00:00","description":"Ljubitelji lutrije iz Hrvatske sada mogu igrati Euromillions online - provjerite na\u0161u uslugu za ulaznicu Euromillions","breadcrumb":{"@id":"https:\/\/redfoxlotto.com\/hr\/igrajte\/euromillions\/#breadcrumb"},"inLanguage":"hr","potentialAction":[{"@type":"ReadAction","target":["https:\/\/redfoxlotto.com\/hr\/igrajte\/euromillions\/"]}]},{"@type":"ImageObject","inLanguage":"hr","@id":"https:\/\/redfoxlotto.com\/hr\/igrajte\/euromillions\/#primaryimage","url":"https:\/\/content.redfoxlotto.com\/uploads\/sites\/9\/2_ticket_euromillions.jpg","contentUrl":"https:\/\/content.redfoxlotto.com\/uploads\/sites\/9\/2_ticket_euromillions.jpg"},{"@type":"BreadcrumbList","@id":"https:\/\/redfoxlotto.com\/hr\/igrajte\/euromillions\/#breadcrumb","itemListElement":[{"@type":"ListItem","position":1,"name":"Home","item":"https:\/\/redfoxlotto.com\/hr\/"},{"@type":"ListItem","position":2,"name":"Kako sudjelovati u lutrijama drugih dr\u017eava","item":"https:\/\/redfoxlotto.com\/hr\/igrajte\/"},{"@type":"ListItem","position":3,"name":"Kako igrati Euromillions iz Hrvatske"}]},{"@type":"WebSite","@id":"https:\/\/redfoxlotto.com\/hr\/#website","url":"https:\/\/redfoxlotto.com\/hr\/","name":"Get Tickets for the World\u2019s largest jackpots","description":"Participate in worldwide lottery jackpots from any country","publisher":{"@id":"https:\/\/redfoxlotto.com\/hr\/#organization"},"potentialAction":[{"@type":"SearchAction","target":{"@type":"EntryPoint","urlTemplate":"https:\/\/redfoxlotto.com\/hr\/?s={search_term_string}"},"query-input":{"@type":"PropertyValueSpecification","valueRequired":true,"valueName":"search_term_string"}}],"inLanguage":"hr"},{"@type":"Organization","@id":"https:\/\/redfoxlotto.com\/hr\/#organization","name":"Get Tickets for the World\u2019s largest jackpots","url":"https:\/\/redfoxlotto.com\/hr\/","logo":{"@type":"ImageObject","inLanguage":"hr","@id":"https:\/\/redfoxlotto.com\/hr\/#\/schema\/logo\/image\/","url":"https:\/\/redfoxlotto.com\/wp-content\/uploads\/2023\/04\/logo.png","contentUrl":"https:\/\/redfoxlotto.com\/wp-content\/uploads\/2023\/04\/logo.png","width":269,"height":53,"caption":"Get Tickets for the World\u2019s largest jackpots"},"image":{"@id":"https:\/\/redfoxlotto.com\/hr\/#\/schema\/logo\/image\/"}}]}},"_links":{"self":[{"href":"https:\/\/redfoxlotto.com\/hr\/wp-json\/wp\/v2\/pages\/16734","targetHints":{"allow":["GET"]}}],"collection":[{"href":"https:\/\/redfoxlotto.com\/hr\/wp-json\/wp\/v2\/pages"}],"about":[{"href":"https:\/\/redfoxlotto.com\/hr\/wp-json\/wp\/v2\/types\/page"}],"author":[{"embeddable":true,"href":"https:\/\/redfoxlotto.com\/hr\/wp-json\/wp\/v2\/users\/1"}],"replies":[{"embeddable":true,"href":"https:\/\/redfoxlotto.com\/hr\/wp-json\/wp\/v2\/comments?post=16734"}],"version-history":[{"count":0,"href":"https:\/\/redfoxlotto.com\/hr\/wp-json\/wp\/v2\/pages\/16734\/revisions"}],"up":[{"embeddable":true,"href":"https:\/\/redfoxlotto.com\/hr\/wp-json\/wp\/v2\/pages\/16732"}],"wp:attachment":[{"href":"https:\/\/redfoxlotto.com\/hr\/wp-json\/wp\/v2\/media?parent=16734"}],"curies":[{"name":"wp","href":"https:\/\/api.w.org\/{rel}","templated":true}]}}