{"id":16733,"date":"2023-04-24T17:44:36","date_gmt":"2023-04-24T17:44:36","guid":{"rendered":"https:\/\/redfoxlotto.com\/?page_id=1397"},"modified":"2025-12-16T14:00:32","modified_gmt":"2025-12-16T14:00:32","slug":"eurojackpot","status":"publish","type":"page","link":"https:\/\/redfoxlotto.com\/hr\/igrajte\/eurojackpot\/","title":{"rendered":"Igrajte Eurojackpot"},"content":{"rendered":"<script type=\"application\/ld+json\">\r\n{\r\n  \"@context\": \"https:\/\/schema.org\",\r\n  \"@type\": \"Service\",\r\n  \"name\": \"Igrajte Eurojackpot online\",\r\n  \"url\": \"https:\/\/redfoxlotto.com\/hr\/igrajte\/eurojackpot\/\",\r\n  \"description\": \"Igrajte Eurojackpot lutriju online iz bilo koje zemlje. Posjetite RedFoxLotto, odaberite svoje brojeve i preuzmite svoje listi\u0107e.\",\r\n  \"serviceType\": \"Online usluga dostave lutrijskih listi\u0107a\",\r\n  \"provider\": {\r\n    \"@type\": \"Organization\",\r\n    \"name\": \"RedFoxLotto\",\r\n    \"url\": \"https:\/\/redfoxlotto.com\/hr\/\",\r\n    \"image\": \"https:\/\/redfoxlotto.com\/wp-content\/uploads\/2025\/12\/ticket_scans.jpg\",\r\n    \"sameAs\": []\r\n  },\r\n  \"areaServed\": \"Worldwide\",\r\n  \"termsOfService\": \"https:\/\/redfoxlotto.com\/terms-and-conditions\",\r\n  \"additionalProperty\": {\r\n    \"@type\": \"PropertyValue\",\r\n    \"name\": \"FAQ\",\r\n    \"value\": \"https:\/\/redfoxlotto.com\/hr\/faq\/\"\r\n  },\r\n  \"hasOfferCatalog\": {\r\n    \"@type\": \"OfferCatalog\",\r\n    \"name\": \"Eurojackpot lutrijski listi\u0107i\",\r\n    \"itemListElement\": [\r\n      {\r\n        \"@type\": \"Offer\",\r\n        \"name\": \"Eurojackpot listi\u0107i\",\r\n        \"url\": \"https:\/\/redfoxlotto.com\/hr\/igrajte\/eurojackpot\/\",\r\n        \"description\": \"Kliknite ovdje kako biste odabrali svoje brojeve za sljede\u0107e izvla\u010denje Eurojackpota \u2013 naru\u010dite svoje listi\u0107e online.\",\r\n        \"price\": 6.00,\r\n        \"priceCurrency\": \"EUR\",\r\n        \"availability\": \"https:\/\/schema.org\/InStock\",\r\n        \"itemOffered\": {\r\n          \"@type\": \"Service\",\r\n          \"name\": \"Eurojackpot lutrijski listi\u0107i\",\r\n          \"description\": \"Sudjelujte u sljede\u0107em Eurojackpot izvla\u010denju putem RedFoxLotto.\"\r\n        }\r\n      }\r\n    ]\r\n  },\r\n  \"mainEntityOfPage\": {\r\n    \"@type\": \"WebPage\",\r\n    \"@id\": \"https:\/\/redfoxlotto.com\/hr\/igrajte\/eurojackpot\/\"\r\n  }\r\n}\r\n<\/script>\r\n\r\n\r\n<p><!--more--><\/p><p>Mo\u017eda ste \u010duli za Eurojackpot Lotto, bez obzira \u017eivite li trenutno u nekoj od europskih zemalja u kojoj se igra ili ne. To je lutrija koja je zapo\u010dela 2012. godine u kojoj je sudjelovalo 19 europskih zemalja. Ali ako \u017eivite u Hrvatskoj ili bilo kojoj drugoj dr\u017eavi koja nije na listi sudionica nema tradicionalnog na\u010dina kupovine listi\u0107a za Eurojackpot.<\/p><p>To zna\u010di da donedavno niste mogli sudjelovati, a to Vam definitivno ne\u0107e omogu\u0107iti pristup ovom novom jackpotu, zar ne? Pa, sada mo\u017eete igrati Eurojackpot online.<\/p><h2 class=\"wp-block-heading\">Internet spa\u0161ava stvar<\/h2><p><img decoding=\"async\" class=\"size-full wp-image alignright\" src=\"https:\/\/content.redfoxlotto.com\/uploads\/sites\/9\/2_ticket_eurojackpot1.jpg\" alt=\"eurojackpot igrajte na mre\u017ei\"><\/p><p>Rje\u0161enje za fanove lutrije iz Hrvatske, kao i bilo gdje drugo, omogu\u0107eno je na\u0161om stranicom. Zajedno sa Eurojackpotom omogu\u0107avamo Vam u\u010de\u0161\u0107e u velikom broju internacionalnih lutrija. Mi osiguravamo korisni\u010dku podr\u0161ku za loto listi\u0107e za lutrije s najve\u0107im dobitcima u cijelom svijetu. Ve\u0107ina, ako ne i sve, ove lutrije \u0161irom svijeta Vam nisu bile dostupne, ali mi i to pokrivamo.<\/p><h2 class=\"wp-block-heading\">Za\u0161to igrati Eurojackpot?<\/h2><p>Znamo da ljudi iz Hrvatske zaista \u017eele priliku da igraju i osvoje velike iznose, a ne da budu ograni\u010deni samo na one na nivou svoje dr\u017eave.<\/p><p>Sve \u0161to trebate je da se odlu\u010dite za neku od ponu\u0111enih lutrija na na\u0161oj listi. Imamo neke od najpopularnijih iz bilo kojeg dijela svijeta. Tako imate uvid u njihove ponude i da odaberete one za koje ste najvi\u0161e zainteresirani.<\/p><p>Zatim ru\u010dno odaberete brojeve ili se odlu\u010dite za na\u0161e nasumi\u010dno izabrane brojeve (Quick Pick). Mo\u017eete kombinirati dva broja koja odaberete, a zatim kombinirati dodaju\u0107i ponu\u0111ene brojeve da bi popunili listi\u0107. Tako popunjavate listi\u0107 s Va\u0161im \u017eeljenim brojevima.<br>Dodajte onoliko listi\u0107a koliko \u017eelite, mo\u017eete izabrati vi\u0161e lutrija. To je na\u010din da pove\u0107ate \u0161anse za dobitak igraju\u0107i vi\u0161e lutrija odjednom. Mo\u017eete u\u010diniti ono \u0161to i ve\u0107ina klijenata radi, a to je igrati iste brojeve u vi\u0161e lutrija.<br>Za neke ovo je dobar na\u010din da se pove\u0107a \u0161ansa jer se njihovi brojevi moraju izvu\u0107i u nekom trenutku, zar ne? Mora postojati na\u010din da to budu dobitni brojevi?<\/p><p>Kada napokon imate sve listi\u0107e koje \u017eelite mo\u017eete odabrati jedan od vi\u0161e na\u010dina za pla\u0107anje. Postoji vi\u0161e na\u010dina koje mo\u017eete odabrati.<\/p><p>Ne zaboravite da odredite broj izvla\u010denja u kojima \u017eelite sudjelovati. To je posebno va\u017eno zbog trenutnih glavnih dobitaka koji mo\u017eda ne\u0107e biti osvojeni u sljede\u0107em kolu. Ne \u017eelite propustiti \u0161ansu za jo\u0161 ve\u0107i dobitak u sljede\u0107im izvla\u010denjima zar ne?<\/p><h2 class=\"wp-block-heading\">\u0160to zatim slijedi?<\/h2><p><img decoding=\"async\" class=\"size-full wp-image alignright\" src=\"https:\/\/content.redfoxlotto.com\/uploads\/sites\/9\/1_play_eurojackpot.jpg\" alt=\"win Eurojackpot\"><\/p><p>Poprili\u010dno je jednostavno kada igrate on-line Eurojackpot. Imamo mre\u017eu agenata koji \u0107e kupiti listi\u0107e s posebnim specifikacijama koje ste odabrali. Na Va\u0161em profilu na RedFoxlotto.com imat \u0107ete potvrdu o kupovini. Tako\u0111er \u0107ete dobiti potvrdu i putem e-maila. Tako se mo\u017eete osje\u0107ati sigurno da sve ide onako kako ste planirali i da su listi\u0107i spremni i \u010dekaju izvla\u010denje.<\/p><p>Tako\u0111er putem e-maila \u0107ete dobiti potvrdu ako imate dobitke na listi\u0107ima. Sve dok Vam dobitci nisu iznad 2500 \u20ac sredstva \u0107e odmah biti preba\u010dena na korisni\u010dki ra\u010dun. Mo\u017eete zahtijevati isplatu na bilo koji na\u010din od ponu\u0111enih opcija ili ih mo\u017eete iskoristiti za kupovinu novih listi\u0107a. To \u0107e olak\u0161ati izazov. zar ne? Za ve\u0107e dobitke na\u0161 tim za podr\u0161ku \u0107e Vas kontaktirati da dogovore direktnu isplatu.<\/p><h2 class=\"wp-block-heading\">Specifi\u010dnosti igranja Eurojackpota<\/h2><p>Ako se odlu\u010dite igrati Eurojackpot iz Hrvatske ovo su pravila igre. Poprili\u010dno je jednostavno. Na Va\u0161em listi\u0107u morate odabrati pet brojeva od 1 do 50, uz dodatna dva broja izme\u0111u 1 i 12. Minimalni jackpot je 10 milijuna \u20ac. U jednom aspektu se razlikuje od drugih lutrija. Jednom kada iznos do\u0111e do 120 milijuna \u20ac on je zaklju\u010dan.<\/p><p>To zna\u010di da \u0107e sav novac koji bi se ina\u010de dodao na jackpot, biti dodan na drugi nivo nagrada. Da bi osvojili nagradu treba da pogodite 5+1 broj na listi\u0107u. Va\u0161e \u0161anse za osvajanje nagrade su ve\u0107e, nego uspore\u0111uju\u0107i \u0161anse dobitka nagrade s 5+2.<br>To zna\u010di da, ako jackpot dosegne maksimalan iznos, zapravo imate drugi poku\u0161aj osvajanja velikog jackpota. Drugu razinu je lak\u0161e osvojiti i brojevi \u0107e na toj razini po\u010deti rasti. To \u0107e vam sigurno pove\u0107ati izglede za tu ogromnu nagradu, zar ne?<\/p><p>A to zna\u010di, iako \u0107e iznos biti manji u odnosu na maksimalnu vrijednost i dalje \u0107ete \u017eeljeti kupiti jedan od ovih listi\u0107a jer \u0107ete imati velike \u0161anse za osvajanje, dugoro\u010dno kupuju\u0107i Eurojackpot on-line.<\/p><p><strong>Po\u010dnite odmah igrati internacionalnu lutriju &#8211; kupite listi\u0107e za Eurojackpot odmah!<\/strong><\/p>","protected":false},"excerpt":{"rendered":"","protected":false},"author":1,"featured_media":0,"parent":16732,"menu_order":4,"comment_status":"closed","ping_status":"closed","template":"eurojackpot.php","meta":{"_et_pb_use_builder":"","_et_pb_old_content":"","_et_gb_content_width":"","exclude_from_search":false,"footnotes":""},"class_list":["post-16733","page","type-page","status-publish","hentry"],"yoast_head":"<!-- This site is optimized with the Yoast SEO plugin v27.3 - https:\/\/yoast.com\/product\/yoast-seo-wordpress\/ -->\n<title>Eurojackpot lutrija on-line \u2013 igrajte iz Hrvatske<\/title>\n<meta name=\"description\" content=\"Pristupite Eurojackpotu odmah \u2013 bez obzira iz koje ste dr\u017eave, igrajte internacionalnu lutriju on-line iz Hrvatske\" \/>\n<meta name=\"robots\" content=\"index, follow, max-snippet:-1, max-image-preview:large, max-video-preview:-1\" \/>\n<link rel=\"canonical\" href=\"https:\/\/redfoxlotto.com\/hr\/igrajte\/eurojackpot\/\" \/>\n<meta property=\"og:locale\" content=\"hr_HR\" \/>\n<meta property=\"og:type\" content=\"article\" \/>\n<meta property=\"og:title\" content=\"Eurojackpot lutrija on-line \u2013 igrajte iz Hrvatske\" \/>\n<meta property=\"og:description\" content=\"Pristupite Eurojackpotu odmah \u2013 bez obzira iz koje ste dr\u017eave, igrajte internacionalnu lutriju on-line iz Hrvatske\" \/>\n<meta property=\"og:url\" content=\"https:\/\/redfoxlotto.com\/hr\/igrajte\/eurojackpot\/\" \/>\n<meta property=\"og:site_name\" content=\"Get Tickets for the World\u2019s largest jackpots\" \/>\n<meta property=\"article:modified_time\" content=\"2025-12-16T14:00:32+00:00\" \/>\n<meta property=\"og:image\" content=\"https:\/\/content.redfoxlotto.com\/uploads\/sites\/9\/2_ticket_eurojackpot1.jpg\" \/>\n<meta name=\"twitter:card\" content=\"summary_large_image\" \/>\n<meta name=\"twitter:label1\" content=\"Procijenjeno vrijeme \u010ditanja\" \/>\n\t<meta name=\"twitter:data1\" content=\"4 minute\" \/>\n<script type=\"application\/ld+json\" class=\"yoast-schema-graph\">{\"@context\":\"https:\\\/\\\/schema.org\",\"@graph\":[{\"@type\":\"WebPage\",\"@id\":\"https:\\\/\\\/redfoxlotto.com\\\/hr\\\/igrajte\\\/eurojackpot\\\/\",\"url\":\"https:\\\/\\\/redfoxlotto.com\\\/hr\\\/igrajte\\\/eurojackpot\\\/\",\"name\":\"Eurojackpot lutrija on-line \u2013 igrajte iz Hrvatske\",\"isPartOf\":{\"@id\":\"https:\\\/\\\/redfoxlotto.com\\\/hr\\\/#website\"},\"primaryImageOfPage\":{\"@id\":\"https:\\\/\\\/redfoxlotto.com\\\/hr\\\/igrajte\\\/eurojackpot\\\/#primaryimage\"},\"image\":{\"@id\":\"https:\\\/\\\/redfoxlotto.com\\\/hr\\\/igrajte\\\/eurojackpot\\\/#primaryimage\"},\"thumbnailUrl\":\"https:\\\/\\\/content.redfoxlotto.com\\\/uploads\\\/sites\\\/9\\\/2_ticket_eurojackpot1.jpg\",\"datePublished\":\"2023-04-24T17:44:36+00:00\",\"dateModified\":\"2025-12-16T14:00:32+00:00\",\"description\":\"Pristupite Eurojackpotu odmah \u2013 bez obzira iz koje ste dr\u017eave, igrajte internacionalnu lutriju on-line iz Hrvatske\",\"breadcrumb\":{\"@id\":\"https:\\\/\\\/redfoxlotto.com\\\/hr\\\/igrajte\\\/eurojackpot\\\/#breadcrumb\"},\"inLanguage\":\"hr\",\"potentialAction\":[{\"@type\":\"ReadAction\",\"target\":[\"https:\\\/\\\/redfoxlotto.com\\\/hr\\\/igrajte\\\/eurojackpot\\\/\"]}]},{\"@type\":\"ImageObject\",\"inLanguage\":\"hr\",\"@id\":\"https:\\\/\\\/redfoxlotto.com\\\/hr\\\/igrajte\\\/eurojackpot\\\/#primaryimage\",\"url\":\"https:\\\/\\\/content.redfoxlotto.com\\\/uploads\\\/sites\\\/9\\\/2_ticket_eurojackpot1.jpg\",\"contentUrl\":\"https:\\\/\\\/content.redfoxlotto.com\\\/uploads\\\/sites\\\/9\\\/2_ticket_eurojackpot1.jpg\"},{\"@type\":\"BreadcrumbList\",\"@id\":\"https:\\\/\\\/redfoxlotto.com\\\/hr\\\/igrajte\\\/eurojackpot\\\/#breadcrumb\",\"itemListElement\":[{\"@type\":\"ListItem\",\"position\":1,\"name\":\"Home\",\"item\":\"https:\\\/\\\/redfoxlotto.com\\\/hr\\\/\"},{\"@type\":\"ListItem\",\"position\":2,\"name\":\"Kako sudjelovati u lutrijama drugih dr\u017eava\",\"item\":\"https:\\\/\\\/redfoxlotto.com\\\/hr\\\/igrajte\\\/\"},{\"@type\":\"ListItem\",\"position\":3,\"name\":\"Igrajte Eurojackpot\"}]},{\"@type\":\"WebSite\",\"@id\":\"https:\\\/\\\/redfoxlotto.com\\\/hr\\\/#website\",\"url\":\"https:\\\/\\\/redfoxlotto.com\\\/hr\\\/\",\"name\":\"Get Tickets for the World\u2019s largest jackpots\",\"description\":\"Participate in worldwide lottery jackpots from any country\",\"publisher\":{\"@id\":\"https:\\\/\\\/redfoxlotto.com\\\/hr\\\/#organization\"},\"potentialAction\":[{\"@type\":\"SearchAction\",\"target\":{\"@type\":\"EntryPoint\",\"urlTemplate\":\"https:\\\/\\\/redfoxlotto.com\\\/hr\\\/?s={search_term_string}\"},\"query-input\":{\"@type\":\"PropertyValueSpecification\",\"valueRequired\":true,\"valueName\":\"search_term_string\"}}],\"inLanguage\":\"hr\"},{\"@type\":\"Organization\",\"@id\":\"https:\\\/\\\/redfoxlotto.com\\\/hr\\\/#organization\",\"name\":\"Get Tickets for the World\u2019s largest jackpots\",\"url\":\"https:\\\/\\\/redfoxlotto.com\\\/hr\\\/\",\"logo\":{\"@type\":\"ImageObject\",\"inLanguage\":\"hr\",\"@id\":\"https:\\\/\\\/redfoxlotto.com\\\/hr\\\/#\\\/schema\\\/logo\\\/image\\\/\",\"url\":\"https:\\\/\\\/redfoxlotto.com\\\/wp-content\\\/uploads\\\/2023\\\/04\\\/logo.png\",\"contentUrl\":\"https:\\\/\\\/redfoxlotto.com\\\/wp-content\\\/uploads\\\/2023\\\/04\\\/logo.png\",\"width\":269,\"height\":53,\"caption\":\"Get Tickets for the World\u2019s largest jackpots\"},\"image\":{\"@id\":\"https:\\\/\\\/redfoxlotto.com\\\/hr\\\/#\\\/schema\\\/logo\\\/image\\\/\"}}]}<\/script>\n<!-- \/ Yoast SEO plugin. -->","yoast_head_json":{"title":"Eurojackpot lutrija on-line \u2013 igrajte iz Hrvatske","description":"Pristupite Eurojackpotu odmah \u2013 bez obzira iz koje ste dr\u017eave, igrajte internacionalnu lutriju on-line iz Hrvatske","robots":{"index":"index","follow":"follow","max-snippet":"max-snippet:-1","max-image-preview":"max-image-preview:large","max-video-preview":"max-video-preview:-1"},"canonical":"https:\/\/redfoxlotto.com\/hr\/igrajte\/eurojackpot\/","og_locale":"hr_HR","og_type":"article","og_title":"Eurojackpot lutrija on-line \u2013 igrajte iz Hrvatske","og_description":"Pristupite Eurojackpotu odmah \u2013 bez obzira iz koje ste dr\u017eave, igrajte internacionalnu lutriju on-line iz Hrvatske","og_url":"https:\/\/redfoxlotto.com\/hr\/igrajte\/eurojackpot\/","og_site_name":"Get Tickets for the World\u2019s largest jackpots","article_modified_time":"2025-12-16T14:00:32+00:00","og_image":[{"url":"https:\/\/content.redfoxlotto.com\/uploads\/sites\/9\/2_ticket_eurojackpot1.jpg","type":"","width":"","height":""}],"twitter_card":"summary_large_image","twitter_misc":{"Procijenjeno vrijeme \u010ditanja":"4 minute"},"schema":{"@context":"https:\/\/schema.org","@graph":[{"@type":"WebPage","@id":"https:\/\/redfoxlotto.com\/hr\/igrajte\/eurojackpot\/","url":"https:\/\/redfoxlotto.com\/hr\/igrajte\/eurojackpot\/","name":"Eurojackpot lutrija on-line \u2013 igrajte iz Hrvatske","isPartOf":{"@id":"https:\/\/redfoxlotto.com\/hr\/#website"},"primaryImageOfPage":{"@id":"https:\/\/redfoxlotto.com\/hr\/igrajte\/eurojackpot\/#primaryimage"},"image":{"@id":"https:\/\/redfoxlotto.com\/hr\/igrajte\/eurojackpot\/#primaryimage"},"thumbnailUrl":"https:\/\/content.redfoxlotto.com\/uploads\/sites\/9\/2_ticket_eurojackpot1.jpg","datePublished":"2023-04-24T17:44:36+00:00","dateModified":"2025-12-16T14:00:32+00:00","description":"Pristupite Eurojackpotu odmah \u2013 bez obzira iz koje ste dr\u017eave, igrajte internacionalnu lutriju on-line iz Hrvatske","breadcrumb":{"@id":"https:\/\/redfoxlotto.com\/hr\/igrajte\/eurojackpot\/#breadcrumb"},"inLanguage":"hr","potentialAction":[{"@type":"ReadAction","target":["https:\/\/redfoxlotto.com\/hr\/igrajte\/eurojackpot\/"]}]},{"@type":"ImageObject","inLanguage":"hr","@id":"https:\/\/redfoxlotto.com\/hr\/igrajte\/eurojackpot\/#primaryimage","url":"https:\/\/content.redfoxlotto.com\/uploads\/sites\/9\/2_ticket_eurojackpot1.jpg","contentUrl":"https:\/\/content.redfoxlotto.com\/uploads\/sites\/9\/2_ticket_eurojackpot1.jpg"},{"@type":"BreadcrumbList","@id":"https:\/\/redfoxlotto.com\/hr\/igrajte\/eurojackpot\/#breadcrumb","itemListElement":[{"@type":"ListItem","position":1,"name":"Home","item":"https:\/\/redfoxlotto.com\/hr\/"},{"@type":"ListItem","position":2,"name":"Kako sudjelovati u lutrijama drugih dr\u017eava","item":"https:\/\/redfoxlotto.com\/hr\/igrajte\/"},{"@type":"ListItem","position":3,"name":"Igrajte Eurojackpot"}]},{"@type":"WebSite","@id":"https:\/\/redfoxlotto.com\/hr\/#website","url":"https:\/\/redfoxlotto.com\/hr\/","name":"Get Tickets for the World\u2019s largest jackpots","description":"Participate in worldwide lottery jackpots from any country","publisher":{"@id":"https:\/\/redfoxlotto.com\/hr\/#organization"},"potentialAction":[{"@type":"SearchAction","target":{"@type":"EntryPoint","urlTemplate":"https:\/\/redfoxlotto.com\/hr\/?s={search_term_string}"},"query-input":{"@type":"PropertyValueSpecification","valueRequired":true,"valueName":"search_term_string"}}],"inLanguage":"hr"},{"@type":"Organization","@id":"https:\/\/redfoxlotto.com\/hr\/#organization","name":"Get Tickets for the World\u2019s largest jackpots","url":"https:\/\/redfoxlotto.com\/hr\/","logo":{"@type":"ImageObject","inLanguage":"hr","@id":"https:\/\/redfoxlotto.com\/hr\/#\/schema\/logo\/image\/","url":"https:\/\/redfoxlotto.com\/wp-content\/uploads\/2023\/04\/logo.png","contentUrl":"https:\/\/redfoxlotto.com\/wp-content\/uploads\/2023\/04\/logo.png","width":269,"height":53,"caption":"Get Tickets for the World\u2019s largest jackpots"},"image":{"@id":"https:\/\/redfoxlotto.com\/hr\/#\/schema\/logo\/image\/"}}]}},"_links":{"self":[{"href":"https:\/\/redfoxlotto.com\/hr\/wp-json\/wp\/v2\/pages\/16733","targetHints":{"allow":["GET"]}}],"collection":[{"href":"https:\/\/redfoxlotto.com\/hr\/wp-json\/wp\/v2\/pages"}],"about":[{"href":"https:\/\/redfoxlotto.com\/hr\/wp-json\/wp\/v2\/types\/page"}],"author":[{"embeddable":true,"href":"https:\/\/redfoxlotto.com\/hr\/wp-json\/wp\/v2\/users\/1"}],"replies":[{"embeddable":true,"href":"https:\/\/redfoxlotto.com\/hr\/wp-json\/wp\/v2\/comments?post=16733"}],"version-history":[{"count":0,"href":"https:\/\/redfoxlotto.com\/hr\/wp-json\/wp\/v2\/pages\/16733\/revisions"}],"up":[{"embeddable":true,"href":"https:\/\/redfoxlotto.com\/hr\/wp-json\/wp\/v2\/pages\/16732"}],"wp:attachment":[{"href":"https:\/\/redfoxlotto.com\/hr\/wp-json\/wp\/v2\/media?parent=16733"}],"curies":[{"name":"wp","href":"https:\/\/api.w.org\/{rel}","templated":true}]}}