{"id":16732,"date":"2023-04-24T14:10:57","date_gmt":"2023-04-24T14:10:57","guid":{"rendered":"https:\/\/redfoxlotto.com\/?page_id=1395"},"modified":"2025-12-15T18:12:24","modified_gmt":"2025-12-15T18:12:24","slug":"igrajte","status":"publish","type":"page","link":"https:\/\/redfoxlotto.com\/hr\/igrajte\/","title":{"rendered":"Kako sudjelovati u lutrijama drugih dr\u017eava"},"content":{"rendered":"<script type=\"application\/ld+json\">\r\n{\r\n  \"@context\": \"https:\/\/schema.org\",\r\n  \"@type\": \"Service\",\r\n  \"name\": \"Igrajte me\u0111unarodne lutrije online\",\r\n  \"url\": \"https:\/\/redfoxlotto.com\/hr\/igrajte\/\",\r\n  \"description\": \"Igrajte lutriju online i osvojite me\u0111unarodne loto jackpote.\",\r\n  \"serviceType\": \"Online posredni\u010dka usluga za lutrijske listi\u0107e\",\r\n  \"provider\": {\r\n    \"@type\": \"Organization\",\r\n    \"name\": \"RedFoxLotto\",\r\n    \"url\": \"https:\/\/redfoxlotto.com\/hr\/igrajte\/\",\r\n    \"image\": \"https:\/\/redfoxlotto.com\/wp-content\/uploads\/2025\/12\/ticket_scans.jpg\"\r\n  },\r\n  \"areaServed\": \"Diljem svijeta\",\r\n  \"termsOfService\": \"https:\/\/redfoxlotto.com\/terms-and-conditions\",\r\n  \"additionalProperty\": {\r\n    \"@type\": \"PropertyValue\",\r\n    \"name\": \"\u010cPP\",\r\n    \"value\": \"https:\/\/redfoxlotto.com\/hr\/faq\/\"\r\n  },\r\n  \"hasOfferCatalog\": {\r\n    \"@type\": \"OfferCatalog\",\r\n    \"name\": \"Me\u0111unarodni lutrijski listi\u0107i\",\r\n    \"itemListElement\": [\r\n      {\r\n        \"@type\": \"Offer\",\r\n        \"name\": \"Me\u0111unarodni lutrijski listi\u0107i\",\r\n        \"url\": \"https:\/\/redfoxlotto.com\/hr\/igrajte\/\",\r\n        \"description\": \"Igrajte me\u0111unarodne lutrije online. Jackpoti poput Powerballa, Mega Millionsa i Euromillionsa \u2014 osvajajte s bilo koje lokacije.\",\r\n        \"availability\": \"https:\/\/schema.org\/InStock\",\r\n        \"itemOffered\": {\r\n          \"@type\": \"Service\",\r\n          \"name\": \"Me\u0111unarodni lutrijski listi\u0107i\",\r\n          \"description\": \"Igranje me\u0111unarodnih lutrija online pru\u017ea vam vi\u0161e izbora i bolje \u0161anse za dobitak.\"\r\n        }\r\n      }\r\n    ]\r\n  },\r\n  \"mainEntityOfPage\": {\r\n    \"@type\": \"WebPage\",\r\n    \"@id\": \"https:\/\/redfoxlotto.com\/hr\/igrajte\/\"\r\n  }\r\n}\r\n<\/script><h2 class=\"wp-block-heading\">Vi\u0161e vrsta lutrija i dobitaka za sve igra\u010de!<\/h2><p>Odli\u010dne vijesti za sve ljubitelje lota \u0161irom svijeta \u2013 niste vi\u0161e ograni\u010deni samo na Va\u0161u dr\u017eavnu lutriju! Sje\u0107ate li se kada je po\u010delo rasti zanimanje za lutriju? Zaista nije mnogo pro\u0161lo od kad su svi po\u010deli igrati i lokalnu i dr\u017eavnu lutriju. Ali to je sve \u0161to je bilo dozvoljeno igrati. Sve \u0161to ste mogli pratiti je na dr\u017eavnom nivou.<\/p><p>Ranije Vam je bilo zabranjeno igranje internacionalne lutrije. Niste mogli kupiti te listi\u0107e u Va\u0161oj dr\u017eavi. Ali internet je rije\u0161io i taj problem. Ovdje, na RedFoxLotto.com, mo\u017eete igrati veliki broj internacionalnih lutrija on-line. Ali kako igrati on-line lutriju?<\/p><h2 class=\"wp-block-heading\">Kupnja lutrijskih listi\u0107a putem interneta<\/h2><p>RedFoxLotto.com je Va\u0161a korisni\u010dka slu\u017eba za listi\u0107e bez obzira odakle ih \u017eelite. Zapravo imamo agente u dosta razli\u010ditih dr\u017eava gdje se nalaze velike lutrije i oni se brinu o kupovini listi\u0107a koje \u017eelite.<br \/>Vi, kupac, mo\u017eete naru\u010diti Va\u0161e listi\u0107a od nas on-line. Sve \u0161to trebate je da odete na na\u0161u stranicu i mi \u0107emo ponuditi sve opcije kao da igrate te internacionalne lutrije Vi direktno.<\/p><p>Naravno, mo\u017eete da birate Va\u0161e brojeve. Tako\u0111er odre\u0111ujete koliko kombinacija brojeva \u017eelite da igrate i koliko izvla\u010denja \u0107e Va\u0161 listi\u0107 biti validan. Uplate se vr\u0161e on-line, npr. karticom, Bitcoinom ili bilo kojom drugom vrstom pla\u0107anja koju mo\u017eete na\u0107i na na\u0161oj stranici. Ako ste spremni izabrati svoje brojeve, samo ih kliknite i izaberite. A ako \u017eelite da mi odaberemo brojeve za Vas, samo kliknite \u201eQuickPick\u201c opciju i izvu\u0107i \u0107emo ih nasumi\u010dno.<\/p><h2 class=\"wp-block-heading\">Koje igre igrati?<\/h2><p><img loading=\"lazy\" decoding=\"async\" class=\"size-full wp-image alignright\" src=\"https:\/\/content.redfoxlotto.com\/uploads\/sites\/9\/1_playing_lottery_online.jpg\" alt=\"igrajte i pobje\u0111ujte on-line\" width=\"212\" height=\"142\" \/><\/p><p>Ako igrate on-line, mo\u017eete da igrate vi\u0161e internacionalnih lutrija u isto vrijeme. Pretra\u017eite opcije koje imamo i prona\u0111ete Vama zanimljive lutrije. Na\u0161a preporuka je da odaberete one s najve\u0107im iznosom dobitka, ili \u010dak dvije ili vi\u0161e njih u isto vrijeme.<\/p><p>Na primjer, \u010desto i Poweball i MegaMIllions US istodobno imaju enormne jackpotove. Jackpotovi u SAD-u redovito dose\u017eu 500 milijuna dolara. U pro\u0161losti je \u010dak bilo i jackpotova od preko 1,5 milijardi.<br \/>Zapravo ove dvije lutrijske ku\u0107e su najve\u0107e na svijetu. Za\u0161to onda ne bi \u017eeljeli oku\u0161ati sre\u0107u i poku\u0161ati osvojiti veliki dobitak? Jo\u0161 ne\u0161to o \u010demu treba razmisliti: veoma popularna opcija je igranje istih brojeva na vi\u0161e lutrija u istoj sedmici. Ako ne ostvarite dobitak na jednoj lutriji mo\u017eda Va\u0161i brojevi budu sretniji na drugoj? Ovo je mudar na\u010din da pove\u0107ate \u0161anse da pobijedite s Va\u0161im sretnim brojevima. Ova metoda \u010dini igranje jo\u0161 uzbudljivijim.<\/p><h2 class=\"wp-block-heading\">Za\u0161to igrati internacionalnu lutriju?<\/h2><p><img loading=\"lazy\" decoding=\"async\" class=\"size-full wp-image-4167 alignright\" src=\"https:\/\/content.redfoxlotto.com\/uploads\/sites\/9\/1_mega_lotto_jackpot.jpg\" alt=\"isplata putem on-line lutrije\" width=\"162\" height=\"186\" \/><\/p><p>Bilo tko, tko igra internacionalnu lutriju koristi svoje fondove na pametan na\u010din. Neki igra\u010di kupuju listi\u0107e za dr\u017eavnu lutriju iz sedmice u sedmicu, bez obzira koliko mali jackopti bili. Matematika i logika govore nam da je bolje kupovati listi\u0107e za lutrije s velikim dobitcima od 200 milijuna, nego za one s dobitkom od 2 milijuna. Ovo je to\u010dno iako je cijena on-line listi\u0107a ve\u0107a u odnosu na one koje kupujete u Va\u0161oj dr\u017eavi. Imat \u0107ete sli\u010dne \u0161anse za dobitak, ali ako osvojite jackpot dobit \u0107ete mnogo vi\u0161e novca.<\/p><p>Naravno, na\u0161u uslugu moramo naplatiti, jer i mi imamo tro\u0161kove. I mi \u017eelimo ostvariti zaradu. Ali, pretpostavimo da lutrijski listi\u0107 ko\u0161ta oko 4,5 \u2013 5 \u20ac, a iznos dobitka 200 milijuna. Za dr\u017eavnu lutriju listi\u0107 platite 2 \u20ac i imate iznos dobitka od 10 milijuna. \u0160to je isplativije i ima vi\u0161e smisla? Odgovor na ovo pitanje je poprili\u010dno jasan. Igranje internacionalne lutrije i mogu\u0107nost osvajanja ve\u0107eg dobitka, ima vi\u0161e smisla.<\/p><h2 class=\"wp-block-heading\">Kako \u0107u biti ispla\u0107en?<\/h2><p>RedFoxLotto.com garantira da \u0107ete dobiti Va\u0161 dobitak. Ne\u0107emo napla\u0107ivati proviziju, osim male naknade koja se napla\u0107uje u slu\u010daju bankovnog prijenosa. To zna\u010di da se ne morate brinuti da \u0107emo uzeti dio novca od dobitka. Jednom kada platite listi\u0107, sve \u0161to osvojite Va\u0161e je.<\/p><p>Mnogi na\u0161i korisnici su ve\u0107 osvojili dobitke preko nas. Neki od njih, zahvaljuju\u0107i dobitcima, su promijenili svoj \u017eivot! Znamo da \u0107ete imati ve\u0107u \u0161ansu da osvojite velike nagrade ili da ostvarite dobitak koji ne bi osvojili da ste ostali igrati samo igre koje su dostupne u Va\u0161oj dr\u017eavi.<\/p><p>Ovo su razlozi za\u0161to je postalo veoma popularno igrati on-line lutriju. I sada je Va\u0161 red da osvojite jedan od velikih dobitaka, onda \u0161to \u010dekate? Mo\u017eete da budete jedan od najve\u0107ih dobitnika ikada.<\/p>","protected":false},"excerpt":{"rendered":"<p>Vi\u0161e vrsta lutrija i dobitaka za sve igra\u010de! Odli\u010dne vijesti za sve ljubitelje lota \u0161irom svijeta \u2013 niste vi\u0161e ograni\u010deni samo na Va\u0161u dr\u017eavnu lutriju! Sje\u0107ate li se kada je po\u010delo rasti zanimanje za lutriju? Zaista nije mnogo pro\u0161lo od kad su svi po\u010deli igrati i lokalnu i dr\u017eavnu lutriju. Ali to je sve \u0161to [&hellip;]<\/p>\n","protected":false},"author":1,"featured_media":0,"parent":0,"menu_order":2,"comment_status":"closed","ping_status":"closed","template":"Play-all.php","meta":{"_et_pb_use_builder":"","_et_pb_old_content":"","_et_gb_content_width":"","exclude_from_search":false,"footnotes":""},"class_list":["post-16732","page","type-page","status-publish","hentry"],"yoast_head":"<!-- This site is optimized with the Yoast SEO plugin v23.8 - https:\/\/yoast.com\/wordpress\/plugins\/seo\/ -->\n<title>Igrajte internacionalne lutrije on-line<\/title>\n<meta name=\"description\" content=\"Igranje internacionalne lutrije on-line daje Vam vi\u0161e opcija i bolje \u0161anse \u2013 otkrijte za\u0161to!\" \/>\n<meta name=\"robots\" content=\"index, follow, max-snippet:-1, max-image-preview:large, max-video-preview:-1\" \/>\n<link rel=\"canonical\" href=\"https:\/\/redfoxlotto.com\/hr\/igrajte\/\" \/>\n<meta property=\"og:locale\" content=\"hr_HR\" \/>\n<meta property=\"og:type\" content=\"article\" \/>\n<meta property=\"og:title\" content=\"Igrajte internacionalne lutrije on-line\" \/>\n<meta property=\"og:description\" content=\"Igranje internacionalne lutrije on-line daje Vam vi\u0161e opcija i bolje \u0161anse \u2013 otkrijte za\u0161to!\" \/>\n<meta property=\"og:url\" content=\"https:\/\/redfoxlotto.com\/hr\/igrajte\/\" \/>\n<meta property=\"og:site_name\" content=\"Get Tickets for the World\u2019s largest jackpots\" \/>\n<meta property=\"article:modified_time\" content=\"2025-12-15T18:12:24+00:00\" \/>\n<meta property=\"og:image\" content=\"https:\/\/content.redfoxlotto.com\/uploads\/sites\/9\/1_playing_lottery_online.jpg\" \/>\n<meta name=\"twitter:card\" content=\"summary_large_image\" \/>\n<meta name=\"twitter:label1\" content=\"Procijenjeno vrijeme \u010ditanja\" \/>\n\t<meta name=\"twitter:data1\" content=\"4 minute\" \/>\n<script type=\"application\/ld+json\" class=\"yoast-schema-graph\">{\"@context\":\"https:\/\/schema.org\",\"@graph\":[{\"@type\":\"WebPage\",\"@id\":\"https:\/\/redfoxlotto.com\/hr\/igrajte\/\",\"url\":\"https:\/\/redfoxlotto.com\/hr\/igrajte\/\",\"name\":\"Igrajte internacionalne lutrije on-line\",\"isPartOf\":{\"@id\":\"https:\/\/redfoxlotto.com\/hr\/#website\"},\"primaryImageOfPage\":{\"@id\":\"https:\/\/redfoxlotto.com\/hr\/igrajte\/#primaryimage\"},\"image\":{\"@id\":\"https:\/\/redfoxlotto.com\/hr\/igrajte\/#primaryimage\"},\"thumbnailUrl\":\"https:\/\/content.redfoxlotto.com\/uploads\/sites\/9\/1_playing_lottery_online.jpg\",\"datePublished\":\"2023-04-24T14:10:57+00:00\",\"dateModified\":\"2025-12-15T18:12:24+00:00\",\"description\":\"Igranje internacionalne lutrije on-line daje Vam vi\u0161e opcija i bolje \u0161anse \u2013 otkrijte za\u0161to!\",\"breadcrumb\":{\"@id\":\"https:\/\/redfoxlotto.com\/hr\/igrajte\/#breadcrumb\"},\"inLanguage\":\"hr\",\"potentialAction\":[{\"@type\":\"ReadAction\",\"target\":[\"https:\/\/redfoxlotto.com\/hr\/igrajte\/\"]}]},{\"@type\":\"ImageObject\",\"inLanguage\":\"hr\",\"@id\":\"https:\/\/redfoxlotto.com\/hr\/igrajte\/#primaryimage\",\"url\":\"https:\/\/content.redfoxlotto.com\/uploads\/sites\/9\/1_playing_lottery_online.jpg\",\"contentUrl\":\"https:\/\/content.redfoxlotto.com\/uploads\/sites\/9\/1_playing_lottery_online.jpg\"},{\"@type\":\"BreadcrumbList\",\"@id\":\"https:\/\/redfoxlotto.com\/hr\/igrajte\/#breadcrumb\",\"itemListElement\":[{\"@type\":\"ListItem\",\"position\":1,\"name\":\"Home\",\"item\":\"https:\/\/redfoxlotto.com\/hr\/\"},{\"@type\":\"ListItem\",\"position\":2,\"name\":\"Kako sudjelovati u lutrijama drugih dr\u017eava\"}]},{\"@type\":\"WebSite\",\"@id\":\"https:\/\/redfoxlotto.com\/hr\/#website\",\"url\":\"https:\/\/redfoxlotto.com\/hr\/\",\"name\":\"Get Tickets for the World\u2019s largest jackpots\",\"description\":\"Participate in worldwide lottery jackpots from any country\",\"publisher\":{\"@id\":\"https:\/\/redfoxlotto.com\/hr\/#organization\"},\"potentialAction\":[{\"@type\":\"SearchAction\",\"target\":{\"@type\":\"EntryPoint\",\"urlTemplate\":\"https:\/\/redfoxlotto.com\/hr\/?s={search_term_string}\"},\"query-input\":{\"@type\":\"PropertyValueSpecification\",\"valueRequired\":true,\"valueName\":\"search_term_string\"}}],\"inLanguage\":\"hr\"},{\"@type\":\"Organization\",\"@id\":\"https:\/\/redfoxlotto.com\/hr\/#organization\",\"name\":\"Get Tickets for the World\u2019s largest jackpots\",\"url\":\"https:\/\/redfoxlotto.com\/hr\/\",\"logo\":{\"@type\":\"ImageObject\",\"inLanguage\":\"hr\",\"@id\":\"https:\/\/redfoxlotto.com\/hr\/#\/schema\/logo\/image\/\",\"url\":\"https:\/\/redfoxlotto.com\/wp-content\/uploads\/2023\/04\/logo.png\",\"contentUrl\":\"https:\/\/redfoxlotto.com\/wp-content\/uploads\/2023\/04\/logo.png\",\"width\":269,\"height\":53,\"caption\":\"Get Tickets for the World\u2019s largest jackpots\"},\"image\":{\"@id\":\"https:\/\/redfoxlotto.com\/hr\/#\/schema\/logo\/image\/\"}}]}<\/script>\n<!-- \/ Yoast SEO plugin. -->","yoast_head_json":{"title":"Igrajte internacionalne lutrije on-line","description":"Igranje internacionalne lutrije on-line daje Vam vi\u0161e opcija i bolje \u0161anse \u2013 otkrijte za\u0161to!","robots":{"index":"index","follow":"follow","max-snippet":"max-snippet:-1","max-image-preview":"max-image-preview:large","max-video-preview":"max-video-preview:-1"},"canonical":"https:\/\/redfoxlotto.com\/hr\/igrajte\/","og_locale":"hr_HR","og_type":"article","og_title":"Igrajte internacionalne lutrije on-line","og_description":"Igranje internacionalne lutrije on-line daje Vam vi\u0161e opcija i bolje \u0161anse \u2013 otkrijte za\u0161to!","og_url":"https:\/\/redfoxlotto.com\/hr\/igrajte\/","og_site_name":"Get Tickets for the World\u2019s largest jackpots","article_modified_time":"2025-12-15T18:12:24+00:00","og_image":[{"url":"https:\/\/content.redfoxlotto.com\/uploads\/sites\/9\/1_playing_lottery_online.jpg"}],"twitter_card":"summary_large_image","twitter_misc":{"Procijenjeno vrijeme \u010ditanja":"4 minute"},"schema":{"@context":"https:\/\/schema.org","@graph":[{"@type":"WebPage","@id":"https:\/\/redfoxlotto.com\/hr\/igrajte\/","url":"https:\/\/redfoxlotto.com\/hr\/igrajte\/","name":"Igrajte internacionalne lutrije on-line","isPartOf":{"@id":"https:\/\/redfoxlotto.com\/hr\/#website"},"primaryImageOfPage":{"@id":"https:\/\/redfoxlotto.com\/hr\/igrajte\/#primaryimage"},"image":{"@id":"https:\/\/redfoxlotto.com\/hr\/igrajte\/#primaryimage"},"thumbnailUrl":"https:\/\/content.redfoxlotto.com\/uploads\/sites\/9\/1_playing_lottery_online.jpg","datePublished":"2023-04-24T14:10:57+00:00","dateModified":"2025-12-15T18:12:24+00:00","description":"Igranje internacionalne lutrije on-line daje Vam vi\u0161e opcija i bolje \u0161anse \u2013 otkrijte za\u0161to!","breadcrumb":{"@id":"https:\/\/redfoxlotto.com\/hr\/igrajte\/#breadcrumb"},"inLanguage":"hr","potentialAction":[{"@type":"ReadAction","target":["https:\/\/redfoxlotto.com\/hr\/igrajte\/"]}]},{"@type":"ImageObject","inLanguage":"hr","@id":"https:\/\/redfoxlotto.com\/hr\/igrajte\/#primaryimage","url":"https:\/\/content.redfoxlotto.com\/uploads\/sites\/9\/1_playing_lottery_online.jpg","contentUrl":"https:\/\/content.redfoxlotto.com\/uploads\/sites\/9\/1_playing_lottery_online.jpg"},{"@type":"BreadcrumbList","@id":"https:\/\/redfoxlotto.com\/hr\/igrajte\/#breadcrumb","itemListElement":[{"@type":"ListItem","position":1,"name":"Home","item":"https:\/\/redfoxlotto.com\/hr\/"},{"@type":"ListItem","position":2,"name":"Kako sudjelovati u lutrijama drugih dr\u017eava"}]},{"@type":"WebSite","@id":"https:\/\/redfoxlotto.com\/hr\/#website","url":"https:\/\/redfoxlotto.com\/hr\/","name":"Get Tickets for the World\u2019s largest jackpots","description":"Participate in worldwide lottery jackpots from any country","publisher":{"@id":"https:\/\/redfoxlotto.com\/hr\/#organization"},"potentialAction":[{"@type":"SearchAction","target":{"@type":"EntryPoint","urlTemplate":"https:\/\/redfoxlotto.com\/hr\/?s={search_term_string}"},"query-input":{"@type":"PropertyValueSpecification","valueRequired":true,"valueName":"search_term_string"}}],"inLanguage":"hr"},{"@type":"Organization","@id":"https:\/\/redfoxlotto.com\/hr\/#organization","name":"Get Tickets for the World\u2019s largest jackpots","url":"https:\/\/redfoxlotto.com\/hr\/","logo":{"@type":"ImageObject","inLanguage":"hr","@id":"https:\/\/redfoxlotto.com\/hr\/#\/schema\/logo\/image\/","url":"https:\/\/redfoxlotto.com\/wp-content\/uploads\/2023\/04\/logo.png","contentUrl":"https:\/\/redfoxlotto.com\/wp-content\/uploads\/2023\/04\/logo.png","width":269,"height":53,"caption":"Get Tickets for the World\u2019s largest jackpots"},"image":{"@id":"https:\/\/redfoxlotto.com\/hr\/#\/schema\/logo\/image\/"}}]}},"_links":{"self":[{"href":"https:\/\/redfoxlotto.com\/hr\/wp-json\/wp\/v2\/pages\/16732","targetHints":{"allow":["GET"]}}],"collection":[{"href":"https:\/\/redfoxlotto.com\/hr\/wp-json\/wp\/v2\/pages"}],"about":[{"href":"https:\/\/redfoxlotto.com\/hr\/wp-json\/wp\/v2\/types\/page"}],"author":[{"embeddable":true,"href":"https:\/\/redfoxlotto.com\/hr\/wp-json\/wp\/v2\/users\/1"}],"replies":[{"embeddable":true,"href":"https:\/\/redfoxlotto.com\/hr\/wp-json\/wp\/v2\/comments?post=16732"}],"version-history":[{"count":0,"href":"https:\/\/redfoxlotto.com\/hr\/wp-json\/wp\/v2\/pages\/16732\/revisions"}],"wp:attachment":[{"href":"https:\/\/redfoxlotto.com\/hr\/wp-json\/wp\/v2\/media?parent=16732"}],"curies":[{"name":"wp","href":"https:\/\/api.w.org\/{rel}","templated":true}]}}