{"id":16729,"date":"2018-11-18T08:54:25","date_gmt":"2018-11-18T08:54:25","guid":{"rendered":"https:\/\/redfoxlotto.com\/?page_id=1389"},"modified":"2021-01-05T13:47:49","modified_gmt":"2021-01-05T13:47:49","slug":"lotto-uk","status":"publish","type":"page","link":"https:\/\/redfoxlotto.com\/hr\/rezultati\/lotto-uk\/","title":{"rendered":"UK Lottery rezultati"},"content":{"rendered":"<p>Ovdje su trenutni rezultati za UK Lotto. U arhivi rezultata izvla\u010denja British lutrije mo\u017eete provjeriti protekle tjedne i njihove rezultate.<\/p><p><img loading=\"lazy\" decoding=\"async\" class=\" wp-image alignright\" src=\"https:\/\/content.redfoxlotto.com\/uploads\/sites\/9\/1_results_tickets_lotto.jpg\" alt=\"UK Lotto\" width=\"242\" height=\"171\" \/><\/p><p>Minimalni jackpot najve\u0107e britanske lutrije zapo\u010dinje s \u00a32.500.000 i subotom \u00a35.000.000. Lutrija se temelji na jednostavnom formatu 6 od 59 brojeva.<\/p><h2 class=\"wp-block-heading\">UK Lotto nagrade i dobitnici<\/h2><p>UK Lotto ima \u0161est raspona nagrada, \u0161to mo\u017eete vidjeti u tablici iznad. Dodatno, mo\u017eete vidjeti i broj igra\u010da koji su ispravno odabrali potrebne brojeve i koliki su iznosi nagrada.<\/p>","protected":false},"excerpt":{"rendered":"<p>Ovdje su trenutni rezultati za UK Lotto. U arhivi rezultata izvla\u010denja British lutrije mo\u017eete provjeriti protekle tjedne i njihove rezultate. Minimalni jackpot najve\u0107e britanske lutrije zapo\u010dinje s \u00a32.500.000 i subotom \u00a35.000.000. Lutrija se temelji na jednostavnom formatu 6 od 59 brojeva. UK Lotto nagrade i dobitnici UK Lotto ima \u0161est raspona nagrada, \u0161to mo\u017eete vidjeti [&hellip;]<\/p>\n","protected":false},"author":1,"featured_media":0,"parent":16722,"menu_order":9,"comment_status":"closed","ping_status":"closed","template":"lotto-uk-results.php","meta":{"_et_pb_use_builder":"","_et_pb_old_content":"","_et_gb_content_width":"","exclude_from_search":false,"footnotes":""},"class_list":["post-16729","page","type-page","status-publish","hentry"],"yoast_head":"<!-- This site is optimized with the Yoast SEO plugin v27.3 - https:\/\/yoast.com\/product\/yoast-seo-wordpress\/ -->\n<title>Dobitni brojevi i rezultati za UK Lottery<\/title>\n<meta name=\"description\" content=\"Donosimo vam rezultate za UK Lottery, i arhivu pro\u0161lih dobitnih brojeva\" \/>\n<meta name=\"robots\" content=\"index, follow, max-snippet:-1, max-image-preview:large, max-video-preview:-1\" \/>\n<link rel=\"canonical\" href=\"https:\/\/redfoxlotto.com\/hr\/rezultati\/lotto-uk\/\" \/>\n<meta property=\"og:locale\" content=\"hr_HR\" \/>\n<meta property=\"og:type\" content=\"article\" \/>\n<meta property=\"og:title\" content=\"Dobitni brojevi i rezultati za UK Lottery\" \/>\n<meta property=\"og:description\" content=\"Donosimo vam rezultate za UK Lottery, i arhivu pro\u0161lih dobitnih brojeva\" \/>\n<meta property=\"og:url\" content=\"https:\/\/redfoxlotto.com\/hr\/rezultati\/lotto-uk\/\" \/>\n<meta property=\"og:site_name\" content=\"Get Tickets for the World\u2019s largest jackpots\" \/>\n<meta property=\"article:modified_time\" content=\"2021-01-05T13:47:49+00:00\" \/>\n<meta property=\"og:image\" content=\"https:\/\/content.redfoxlotto.com\/uploads\/sites\/9\/1_results_tickets_lotto.jpg\" \/>\n<meta name=\"twitter:card\" content=\"summary_large_image\" \/>\n<meta name=\"twitter:label1\" content=\"Procijenjeno vrijeme \u010ditanja\" \/>\n\t<meta name=\"twitter:data1\" content=\"1 minuta\" \/>\n<script type=\"application\/ld+json\" class=\"yoast-schema-graph\">{\"@context\":\"https:\\\/\\\/schema.org\",\"@graph\":[{\"@type\":\"WebPage\",\"@id\":\"https:\\\/\\\/redfoxlotto.com\\\/hr\\\/rezultati\\\/lotto-uk\\\/\",\"url\":\"https:\\\/\\\/redfoxlotto.com\\\/hr\\\/rezultati\\\/lotto-uk\\\/\",\"name\":\"Dobitni brojevi i rezultati za UK Lottery\",\"isPartOf\":{\"@id\":\"https:\\\/\\\/redfoxlotto.com\\\/hr\\\/#website\"},\"primaryImageOfPage\":{\"@id\":\"https:\\\/\\\/redfoxlotto.com\\\/hr\\\/rezultati\\\/lotto-uk\\\/#primaryimage\"},\"image\":{\"@id\":\"https:\\\/\\\/redfoxlotto.com\\\/hr\\\/rezultati\\\/lotto-uk\\\/#primaryimage\"},\"thumbnailUrl\":\"https:\\\/\\\/content.redfoxlotto.com\\\/uploads\\\/sites\\\/9\\\/1_results_tickets_lotto.jpg\",\"datePublished\":\"2018-11-18T08:54:25+00:00\",\"dateModified\":\"2021-01-05T13:47:49+00:00\",\"description\":\"Donosimo vam rezultate za UK Lottery, i arhivu pro\u0161lih dobitnih brojeva\",\"breadcrumb\":{\"@id\":\"https:\\\/\\\/redfoxlotto.com\\\/hr\\\/rezultati\\\/lotto-uk\\\/#breadcrumb\"},\"inLanguage\":\"hr\",\"potentialAction\":[{\"@type\":\"ReadAction\",\"target\":[\"https:\\\/\\\/redfoxlotto.com\\\/hr\\\/rezultati\\\/lotto-uk\\\/\"]}]},{\"@type\":\"ImageObject\",\"inLanguage\":\"hr\",\"@id\":\"https:\\\/\\\/redfoxlotto.com\\\/hr\\\/rezultati\\\/lotto-uk\\\/#primaryimage\",\"url\":\"https:\\\/\\\/content.redfoxlotto.com\\\/uploads\\\/sites\\\/9\\\/1_results_tickets_lotto.jpg\",\"contentUrl\":\"https:\\\/\\\/content.redfoxlotto.com\\\/uploads\\\/sites\\\/9\\\/1_results_tickets_lotto.jpg\"},{\"@type\":\"BreadcrumbList\",\"@id\":\"https:\\\/\\\/redfoxlotto.com\\\/hr\\\/rezultati\\\/lotto-uk\\\/#breadcrumb\",\"itemListElement\":[{\"@type\":\"ListItem\",\"position\":1,\"name\":\"Home\",\"item\":\"https:\\\/\\\/redfoxlotto.com\\\/hr\\\/\"},{\"@type\":\"ListItem\",\"position\":2,\"name\":\"Rezultati internacionalnih lutrija\",\"item\":\"https:\\\/\\\/redfoxlotto.com\\\/hr\\\/rezultati\\\/\"},{\"@type\":\"ListItem\",\"position\":3,\"name\":\"UK Lottery rezultati\"}]},{\"@type\":\"WebSite\",\"@id\":\"https:\\\/\\\/redfoxlotto.com\\\/hr\\\/#website\",\"url\":\"https:\\\/\\\/redfoxlotto.com\\\/hr\\\/\",\"name\":\"Get Tickets for the World\u2019s largest jackpots\",\"description\":\"Participate in worldwide lottery jackpots from any country\",\"publisher\":{\"@id\":\"https:\\\/\\\/redfoxlotto.com\\\/hr\\\/#organization\"},\"potentialAction\":[{\"@type\":\"SearchAction\",\"target\":{\"@type\":\"EntryPoint\",\"urlTemplate\":\"https:\\\/\\\/redfoxlotto.com\\\/hr\\\/?s={search_term_string}\"},\"query-input\":{\"@type\":\"PropertyValueSpecification\",\"valueRequired\":true,\"valueName\":\"search_term_string\"}}],\"inLanguage\":\"hr\"},{\"@type\":\"Organization\",\"@id\":\"https:\\\/\\\/redfoxlotto.com\\\/hr\\\/#organization\",\"name\":\"Get Tickets for the World\u2019s largest jackpots\",\"url\":\"https:\\\/\\\/redfoxlotto.com\\\/hr\\\/\",\"logo\":{\"@type\":\"ImageObject\",\"inLanguage\":\"hr\",\"@id\":\"https:\\\/\\\/redfoxlotto.com\\\/hr\\\/#\\\/schema\\\/logo\\\/image\\\/\",\"url\":\"https:\\\/\\\/redfoxlotto.com\\\/wp-content\\\/uploads\\\/2023\\\/04\\\/logo.png\",\"contentUrl\":\"https:\\\/\\\/redfoxlotto.com\\\/wp-content\\\/uploads\\\/2023\\\/04\\\/logo.png\",\"width\":269,\"height\":53,\"caption\":\"Get Tickets for the World\u2019s largest jackpots\"},\"image\":{\"@id\":\"https:\\\/\\\/redfoxlotto.com\\\/hr\\\/#\\\/schema\\\/logo\\\/image\\\/\"}}]}<\/script>\n<!-- \/ Yoast SEO plugin. -->","yoast_head_json":{"title":"Dobitni brojevi i rezultati za UK Lottery","description":"Donosimo vam rezultate za UK Lottery, i arhivu pro\u0161lih dobitnih brojeva","robots":{"index":"index","follow":"follow","max-snippet":"max-snippet:-1","max-image-preview":"max-image-preview:large","max-video-preview":"max-video-preview:-1"},"canonical":"https:\/\/redfoxlotto.com\/hr\/rezultati\/lotto-uk\/","og_locale":"hr_HR","og_type":"article","og_title":"Dobitni brojevi i rezultati za UK Lottery","og_description":"Donosimo vam rezultate za UK Lottery, i arhivu pro\u0161lih dobitnih brojeva","og_url":"https:\/\/redfoxlotto.com\/hr\/rezultati\/lotto-uk\/","og_site_name":"Get Tickets for the World\u2019s largest jackpots","article_modified_time":"2021-01-05T13:47:49+00:00","og_image":[{"url":"https:\/\/content.redfoxlotto.com\/uploads\/sites\/9\/1_results_tickets_lotto.jpg","type":"","width":"","height":""}],"twitter_card":"summary_large_image","twitter_misc":{"Procijenjeno vrijeme \u010ditanja":"1 minuta"},"schema":{"@context":"https:\/\/schema.org","@graph":[{"@type":"WebPage","@id":"https:\/\/redfoxlotto.com\/hr\/rezultati\/lotto-uk\/","url":"https:\/\/redfoxlotto.com\/hr\/rezultati\/lotto-uk\/","name":"Dobitni brojevi i rezultati za UK Lottery","isPartOf":{"@id":"https:\/\/redfoxlotto.com\/hr\/#website"},"primaryImageOfPage":{"@id":"https:\/\/redfoxlotto.com\/hr\/rezultati\/lotto-uk\/#primaryimage"},"image":{"@id":"https:\/\/redfoxlotto.com\/hr\/rezultati\/lotto-uk\/#primaryimage"},"thumbnailUrl":"https:\/\/content.redfoxlotto.com\/uploads\/sites\/9\/1_results_tickets_lotto.jpg","datePublished":"2018-11-18T08:54:25+00:00","dateModified":"2021-01-05T13:47:49+00:00","description":"Donosimo vam rezultate za UK Lottery, i arhivu pro\u0161lih dobitnih brojeva","breadcrumb":{"@id":"https:\/\/redfoxlotto.com\/hr\/rezultati\/lotto-uk\/#breadcrumb"},"inLanguage":"hr","potentialAction":[{"@type":"ReadAction","target":["https:\/\/redfoxlotto.com\/hr\/rezultati\/lotto-uk\/"]}]},{"@type":"ImageObject","inLanguage":"hr","@id":"https:\/\/redfoxlotto.com\/hr\/rezultati\/lotto-uk\/#primaryimage","url":"https:\/\/content.redfoxlotto.com\/uploads\/sites\/9\/1_results_tickets_lotto.jpg","contentUrl":"https:\/\/content.redfoxlotto.com\/uploads\/sites\/9\/1_results_tickets_lotto.jpg"},{"@type":"BreadcrumbList","@id":"https:\/\/redfoxlotto.com\/hr\/rezultati\/lotto-uk\/#breadcrumb","itemListElement":[{"@type":"ListItem","position":1,"name":"Home","item":"https:\/\/redfoxlotto.com\/hr\/"},{"@type":"ListItem","position":2,"name":"Rezultati internacionalnih lutrija","item":"https:\/\/redfoxlotto.com\/hr\/rezultati\/"},{"@type":"ListItem","position":3,"name":"UK Lottery rezultati"}]},{"@type":"WebSite","@id":"https:\/\/redfoxlotto.com\/hr\/#website","url":"https:\/\/redfoxlotto.com\/hr\/","name":"Get Tickets for the World\u2019s largest jackpots","description":"Participate in worldwide lottery jackpots from any country","publisher":{"@id":"https:\/\/redfoxlotto.com\/hr\/#organization"},"potentialAction":[{"@type":"SearchAction","target":{"@type":"EntryPoint","urlTemplate":"https:\/\/redfoxlotto.com\/hr\/?s={search_term_string}"},"query-input":{"@type":"PropertyValueSpecification","valueRequired":true,"valueName":"search_term_string"}}],"inLanguage":"hr"},{"@type":"Organization","@id":"https:\/\/redfoxlotto.com\/hr\/#organization","name":"Get Tickets for the World\u2019s largest jackpots","url":"https:\/\/redfoxlotto.com\/hr\/","logo":{"@type":"ImageObject","inLanguage":"hr","@id":"https:\/\/redfoxlotto.com\/hr\/#\/schema\/logo\/image\/","url":"https:\/\/redfoxlotto.com\/wp-content\/uploads\/2023\/04\/logo.png","contentUrl":"https:\/\/redfoxlotto.com\/wp-content\/uploads\/2023\/04\/logo.png","width":269,"height":53,"caption":"Get Tickets for the World\u2019s largest jackpots"},"image":{"@id":"https:\/\/redfoxlotto.com\/hr\/#\/schema\/logo\/image\/"}}]}},"_links":{"self":[{"href":"https:\/\/redfoxlotto.com\/hr\/wp-json\/wp\/v2\/pages\/16729","targetHints":{"allow":["GET"]}}],"collection":[{"href":"https:\/\/redfoxlotto.com\/hr\/wp-json\/wp\/v2\/pages"}],"about":[{"href":"https:\/\/redfoxlotto.com\/hr\/wp-json\/wp\/v2\/types\/page"}],"author":[{"embeddable":true,"href":"https:\/\/redfoxlotto.com\/hr\/wp-json\/wp\/v2\/users\/1"}],"replies":[{"embeddable":true,"href":"https:\/\/redfoxlotto.com\/hr\/wp-json\/wp\/v2\/comments?post=16729"}],"version-history":[{"count":0,"href":"https:\/\/redfoxlotto.com\/hr\/wp-json\/wp\/v2\/pages\/16729\/revisions"}],"up":[{"embeddable":true,"href":"https:\/\/redfoxlotto.com\/hr\/wp-json\/wp\/v2\/pages\/16722"}],"wp:attachment":[{"href":"https:\/\/redfoxlotto.com\/hr\/wp-json\/wp\/v2\/media?parent=16729"}],"curies":[{"name":"wp","href":"https:\/\/api.w.org\/{rel}","templated":true}]}}