{"id":16728,"date":"2018-11-18T08:54:25","date_gmt":"2018-11-18T08:54:25","guid":{"rendered":"https:\/\/redfoxlotto.com\/?page_id=1387"},"modified":"2026-01-11T09:33:07","modified_gmt":"2026-01-11T09:33:07","slug":"superenalotto","status":"publish","type":"page","link":"https:\/\/redfoxlotto.com\/hr\/rezultati\/superenalotto\/","title":{"rendered":"Rezultati SuperEnaLotta"},"content":{"rendered":"<p>SuperEnalotto je poznat po tome \u0161to se <a href=\"https:\/\/redfoxlotto.com\/hr\/\">jackpot<\/a> \u010desto ne osvaja dugo vremena. Dakle, glavni iznos, \u010diji je minimalni iznos 1.300.000, brzo raste. I nema ograni\u010denja u njegovoj visini. Najve\u0107i dobitak do sada na SuperEnalottu bio je 177.800.000 \u20ac!<br \/>\n<img loading=\"lazy\" decoding=\"async\" class=\" wp-image alignright\" src=\"https:\/\/content.redfoxlotto.com\/uploads\/sites\/9\/1_results_check_lottery.jpg\" alt=\"results lotto\" width=\"254\" height=\"254\" \/><\/p>\n<p>Jeste li istra\u017eivali neke razli\u010dite igre koje biste mogli igrati? Mo\u017eda ste oduvijek mislili da morate igrati loto u svom podru\u010dju ili barem u svojoj zemlji. Pa, to definitivno vi\u0161e nije slu\u010daj kada je u pitanju online lutrija. Postoji mnogo novih mogu\u0107nosti za vas i sve \u0161to trebate u\u010diniti je pogledati neke od dostupnih web stranica. Vidjet \u0107ete hrpu igara koje mo\u017eda nikada prije niste vidjeli.<\/p>\n<p><a href=\"https:\/\/redfoxlotto.com\/hr\/igrajte\/superenalotto\/\">SuperEnalotto<\/a> jedna je od najpopularnijih igara u Italiji i u njoj biste apsolutno mogli sudjelovati. Svoje listi\u0107e mo\u017eete kupiti izravno online, bez obzira gdje \u017eivite. To \u0107e vam biti jo\u0161 zabavnije jer igrate igru \u200b\u200bkoju vjerojatno nikada prije niste vidjeli ili \u010dak ni \u010duli. \u0160to je uzbudljivije od potpuno nove prilike i potpuno druga\u010dijoj \u0161ansi za pobjedu od igara na koje ste navikli?<\/p>\n<p>Kada se odlu\u010dite igrati ovu igru, samo \u0107ete morati znati odakle <a href=\"https:\/\/redfoxlotto.com\/hr\/lutrije\/\">dobivate svoj listi\u0107<\/a>. RedFoxLotto.com vam mo\u017ee pomo\u0107i odabrati brojeve i naru\u010diti listi\u0107 kako bi bio spreman za sljede\u0107e izvla\u010denje. Sve je u potpunosti online i imat \u0107ete iste mogu\u0107nosti kao i netko tko je kupio listi\u0107 ulaskom u trgovinu. To ga \u010dini prakti\u010dnim \u010dak i za one koji \u017eive u podru\u010dju gdje se igra igra. Listi\u0107 mo\u017eete kupiti online bez potrebe da napustite vlastiti dom.<\/p>\n<h2>Za\u0161to SuperEnalotto?<\/h2>\n<p><img loading=\"lazy\" decoding=\"async\" class=\"wp-image alignright\" src=\"https:\/\/content.redfoxlotto.com\/uploads\/sites\/9\/1_lottery_winning_numbers.jpg\" alt=\"SuperEnalotto\" width=\"289\" height=\"137\" \/><\/p>\n<p>Za\u0161to biste igrali ovu igru? Pa, jedan od razloga je taj \u0161to imate mogu\u0107nost osvojiti milijune eura igraju\u0107i. To mo\u017ee biti jako zabavno. Zapravo, ova je igra poznata po nekim od najve\u0107ih jackpotova i to je definitivno razlog za\u0161to biste je htjeli pobli\u017ee pogledati i eventualno odlu\u010diti igrati je barem nekoliko puta. Tko ne bi \u017eelio priliku osvojiti milijune eura? I sve to za nisku cijenu jedne sre\u0107ke (ili nekoliko sre\u0107ki ako \u017eelite malo pove\u0107ati svoje \u0161anse za pobjedu).<\/p>\n<p>Ova igra tako\u0111er ima izvla\u010denje tri razli\u010dite no\u0107i u tjednu, tako da \u0107ete imati priliku igrati jo\u0161 \u010de\u0161\u0107e. Oni koji vole igre s \u010de\u0161\u0107im izvla\u010denjima svidjet \u0107e se \u0161to je ova dostupna utorkom, \u010detvrtkom i subotom, sve u 20:00 sati. Ova igra zapravo ne postoji toliko dugo kada pogledate veliku shemu stvari, jer je zapo\u010dela tek 1997. godine, ali to ne zna\u010di da ne\u0107e biti zabavna ili da se ljudi ne redaju kako bi kupili sre\u0107ku (\u0161to ne\u0107ete morati u\u010diniti jer igrate u potpunosti online).<\/p>\n<p>Nedostatak ove igre je \u0161to mo\u017ee imati niske izglede. Zapravo, izgledi da \u0107ete osvojiti jackpot su me\u0111u najni\u017eima na cijelom svijetu. To zna\u010di da imate ve\u0107e \u0161anse za pobjedu u gotovo bilo kojoj drugoj lutriji koju igrate, nego u ovoj. Ali ne morate se osje\u0107ati previ\u0161e obeshrabreno. I dalje se mo\u017eete odli\u010dno zabaviti igraju\u0107i i jo\u0161 uvijek \u0107ete imati priliku osvojiti neke od manjih nagrada. Osim toga, tko zna, netko mora osvojiti taj jackpot, zar ne? Za\u0161to to ne biste mogli biti vi?<\/p>\n<h2>SuperEnalotto rezultati<\/h2>\n<p>Dakle, kako \u0107ete provjeriti rezultate <a href=\"https:\/\/redfoxlotto.com\/hr\/lutrije\/superenalotto\/\">SuperEnaLotto<\/a> ako se odlu\u010dite igrati ovu igru? Zapravo imate nekoliko razli\u010ditih opcija. Neke od najpopularnijih su jednostavno provjeriti lokalne novine dan nakon izvla\u010denja ili gledati izvla\u010denje u\u017eivo ako je dostupno na va\u0161em TV-u. Tako\u0111er mo\u017eete provjeriti jednu od nekoliko razli\u010ditih web stranica (poput RedFoxLotto.com) koje \u0107e vam prikazati rezultate odmah nakon izvla\u010denja ili unutar nekoliko sati od izvla\u010denja. Na taj na\u010din ne morate gubiti vrijeme poku\u0161avaju\u0107i shvatiti jeste li osvojili.<\/p>\n<p>Zabava igraju\u0107i loto prvi je korak u cijelom procesu, ali nakon toga \u017eelite biti sigurni da ne\u0161to osvajate. Sa SuperEnalottom mo\u017eda imate ni\u017ee izglede, ali \u0107ete se dobro zabaviti i dobit \u0107ete priliku iskusiti potpuno druga\u010diju vrstu igre. Ako ve\u0107 neko vrijeme <a href=\"https:\/\/redfoxlotto.com\/hr\/igrajte\/\">igrate loto online<\/a>, ovo je definitivno jo\u0161 jednaigra koju \u0107ete htjeti detaljnije prou\u010diti. Nikad ne znate \u0161to vam mo\u017ee donijeti, a \u0161to mo\u017eete izgubiti ako je isprobate barem nekoliko rundi?<\/p>\n","protected":false},"excerpt":{"rendered":"<p>SuperEnalotto je poznat po tome \u0161to se jackpot \u010desto ne osvaja dugo vremena. Dakle, glavni iznos, \u010diji je minimalni iznos 1.300.000, brzo raste. I nema ograni\u010denja u njegovoj visini. Najve\u0107i dobitak do sada na SuperEnalottu bio je 177.800.000 \u20ac! Jeste li istra\u017eivali neke razli\u010dite igre koje biste mogli igrati? Mo\u017eda ste oduvijek mislili da morate [&hellip;]<\/p>\n","protected":false},"author":1,"featured_media":0,"parent":16722,"menu_order":5,"comment_status":"closed","ping_status":"closed","template":"superenalotto-results.php","meta":{"_et_pb_use_builder":"","_et_pb_old_content":"","_et_gb_content_width":"","exclude_from_search":false,"footnotes":""},"class_list":["post-16728","page","type-page","status-publish","hentry"],"yoast_head":"<!-- This site is optimized with the Yoast SEO plugin v27.3 - https:\/\/yoast.com\/product\/yoast-seo-wordpress\/ -->\n<title>SuperEnalotto najnoviji dobitni brojevi<\/title>\n<meta name=\"description\" content=\"Provjerite Superenalotto najnovije dobitne brojeve, kao i na\u0161u arhivu rezultata iz prethodnih tjedana.\" \/>\n<meta name=\"robots\" content=\"index, follow, max-snippet:-1, max-image-preview:large, max-video-preview:-1\" \/>\n<link rel=\"canonical\" href=\"https:\/\/redfoxlotto.com\/hr\/rezultati\/superenalotto\/\" \/>\n<meta property=\"og:locale\" content=\"hr_HR\" \/>\n<meta property=\"og:type\" content=\"article\" \/>\n<meta property=\"og:title\" content=\"SuperEnalotto najnoviji dobitni brojevi\" \/>\n<meta property=\"og:description\" content=\"Provjerite Superenalotto najnovije dobitne brojeve, kao i na\u0161u arhivu rezultata iz prethodnih tjedana.\" \/>\n<meta property=\"og:url\" content=\"https:\/\/redfoxlotto.com\/hr\/rezultati\/superenalotto\/\" \/>\n<meta property=\"og:site_name\" content=\"Get Tickets for the World\u2019s largest jackpots\" \/>\n<meta property=\"article:modified_time\" content=\"2026-01-11T09:33:07+00:00\" \/>\n<meta property=\"og:image\" content=\"https:\/\/content.redfoxlotto.com\/uploads\/sites\/9\/1_results_check_lottery.jpg\" \/>\n<meta name=\"twitter:card\" content=\"summary_large_image\" \/>\n<meta name=\"twitter:label1\" content=\"Procijenjeno vrijeme \u010ditanja\" \/>\n\t<meta name=\"twitter:data1\" content=\"4 minute\" \/>\n<script type=\"application\/ld+json\" class=\"yoast-schema-graph\">{\"@context\":\"https:\\\/\\\/schema.org\",\"@graph\":[{\"@type\":\"WebPage\",\"@id\":\"https:\\\/\\\/redfoxlotto.com\\\/hr\\\/rezultati\\\/superenalotto\\\/\",\"url\":\"https:\\\/\\\/redfoxlotto.com\\\/hr\\\/rezultati\\\/superenalotto\\\/\",\"name\":\"SuperEnalotto najnoviji dobitni brojevi\",\"isPartOf\":{\"@id\":\"https:\\\/\\\/redfoxlotto.com\\\/hr\\\/#website\"},\"primaryImageOfPage\":{\"@id\":\"https:\\\/\\\/redfoxlotto.com\\\/hr\\\/rezultati\\\/superenalotto\\\/#primaryimage\"},\"image\":{\"@id\":\"https:\\\/\\\/redfoxlotto.com\\\/hr\\\/rezultati\\\/superenalotto\\\/#primaryimage\"},\"thumbnailUrl\":\"https:\\\/\\\/content.redfoxlotto.com\\\/uploads\\\/sites\\\/9\\\/1_results_check_lottery.jpg\",\"datePublished\":\"2018-11-18T08:54:25+00:00\",\"dateModified\":\"2026-01-11T09:33:07+00:00\",\"description\":\"Provjerite Superenalotto najnovije dobitne brojeve, kao i na\u0161u arhivu rezultata iz prethodnih tjedana.\",\"breadcrumb\":{\"@id\":\"https:\\\/\\\/redfoxlotto.com\\\/hr\\\/rezultati\\\/superenalotto\\\/#breadcrumb\"},\"inLanguage\":\"hr\",\"potentialAction\":[{\"@type\":\"ReadAction\",\"target\":[\"https:\\\/\\\/redfoxlotto.com\\\/hr\\\/rezultati\\\/superenalotto\\\/\"]}]},{\"@type\":\"ImageObject\",\"inLanguage\":\"hr\",\"@id\":\"https:\\\/\\\/redfoxlotto.com\\\/hr\\\/rezultati\\\/superenalotto\\\/#primaryimage\",\"url\":\"https:\\\/\\\/content.redfoxlotto.com\\\/uploads\\\/sites\\\/9\\\/1_results_check_lottery.jpg\",\"contentUrl\":\"https:\\\/\\\/content.redfoxlotto.com\\\/uploads\\\/sites\\\/9\\\/1_results_check_lottery.jpg\"},{\"@type\":\"BreadcrumbList\",\"@id\":\"https:\\\/\\\/redfoxlotto.com\\\/hr\\\/rezultati\\\/superenalotto\\\/#breadcrumb\",\"itemListElement\":[{\"@type\":\"ListItem\",\"position\":1,\"name\":\"Home\",\"item\":\"https:\\\/\\\/redfoxlotto.com\\\/hr\\\/\"},{\"@type\":\"ListItem\",\"position\":2,\"name\":\"Rezultati internacionalnih lutrija\",\"item\":\"https:\\\/\\\/redfoxlotto.com\\\/hr\\\/rezultati\\\/\"},{\"@type\":\"ListItem\",\"position\":3,\"name\":\"Rezultati SuperEnaLotta\"}]},{\"@type\":\"WebSite\",\"@id\":\"https:\\\/\\\/redfoxlotto.com\\\/hr\\\/#website\",\"url\":\"https:\\\/\\\/redfoxlotto.com\\\/hr\\\/\",\"name\":\"Get Tickets for the World\u2019s largest jackpots\",\"description\":\"Participate in worldwide lottery jackpots from any country\",\"publisher\":{\"@id\":\"https:\\\/\\\/redfoxlotto.com\\\/hr\\\/#organization\"},\"potentialAction\":[{\"@type\":\"SearchAction\",\"target\":{\"@type\":\"EntryPoint\",\"urlTemplate\":\"https:\\\/\\\/redfoxlotto.com\\\/hr\\\/?s={search_term_string}\"},\"query-input\":{\"@type\":\"PropertyValueSpecification\",\"valueRequired\":true,\"valueName\":\"search_term_string\"}}],\"inLanguage\":\"hr\"},{\"@type\":\"Organization\",\"@id\":\"https:\\\/\\\/redfoxlotto.com\\\/hr\\\/#organization\",\"name\":\"Get Tickets for the World\u2019s largest jackpots\",\"url\":\"https:\\\/\\\/redfoxlotto.com\\\/hr\\\/\",\"logo\":{\"@type\":\"ImageObject\",\"inLanguage\":\"hr\",\"@id\":\"https:\\\/\\\/redfoxlotto.com\\\/hr\\\/#\\\/schema\\\/logo\\\/image\\\/\",\"url\":\"https:\\\/\\\/redfoxlotto.com\\\/wp-content\\\/uploads\\\/2023\\\/04\\\/logo.png\",\"contentUrl\":\"https:\\\/\\\/redfoxlotto.com\\\/wp-content\\\/uploads\\\/2023\\\/04\\\/logo.png\",\"width\":269,\"height\":53,\"caption\":\"Get Tickets for the World\u2019s largest jackpots\"},\"image\":{\"@id\":\"https:\\\/\\\/redfoxlotto.com\\\/hr\\\/#\\\/schema\\\/logo\\\/image\\\/\"}}]}<\/script>\n<!-- \/ Yoast SEO plugin. -->","yoast_head_json":{"title":"SuperEnalotto najnoviji dobitni brojevi","description":"Provjerite Superenalotto najnovije dobitne brojeve, kao i na\u0161u arhivu rezultata iz prethodnih tjedana.","robots":{"index":"index","follow":"follow","max-snippet":"max-snippet:-1","max-image-preview":"max-image-preview:large","max-video-preview":"max-video-preview:-1"},"canonical":"https:\/\/redfoxlotto.com\/hr\/rezultati\/superenalotto\/","og_locale":"hr_HR","og_type":"article","og_title":"SuperEnalotto najnoviji dobitni brojevi","og_description":"Provjerite Superenalotto najnovije dobitne brojeve, kao i na\u0161u arhivu rezultata iz prethodnih tjedana.","og_url":"https:\/\/redfoxlotto.com\/hr\/rezultati\/superenalotto\/","og_site_name":"Get Tickets for the World\u2019s largest jackpots","article_modified_time":"2026-01-11T09:33:07+00:00","og_image":[{"url":"https:\/\/content.redfoxlotto.com\/uploads\/sites\/9\/1_results_check_lottery.jpg","type":"","width":"","height":""}],"twitter_card":"summary_large_image","twitter_misc":{"Procijenjeno vrijeme \u010ditanja":"4 minute"},"schema":{"@context":"https:\/\/schema.org","@graph":[{"@type":"WebPage","@id":"https:\/\/redfoxlotto.com\/hr\/rezultati\/superenalotto\/","url":"https:\/\/redfoxlotto.com\/hr\/rezultati\/superenalotto\/","name":"SuperEnalotto najnoviji dobitni brojevi","isPartOf":{"@id":"https:\/\/redfoxlotto.com\/hr\/#website"},"primaryImageOfPage":{"@id":"https:\/\/redfoxlotto.com\/hr\/rezultati\/superenalotto\/#primaryimage"},"image":{"@id":"https:\/\/redfoxlotto.com\/hr\/rezultati\/superenalotto\/#primaryimage"},"thumbnailUrl":"https:\/\/content.redfoxlotto.com\/uploads\/sites\/9\/1_results_check_lottery.jpg","datePublished":"2018-11-18T08:54:25+00:00","dateModified":"2026-01-11T09:33:07+00:00","description":"Provjerite Superenalotto najnovije dobitne brojeve, kao i na\u0161u arhivu rezultata iz prethodnih tjedana.","breadcrumb":{"@id":"https:\/\/redfoxlotto.com\/hr\/rezultati\/superenalotto\/#breadcrumb"},"inLanguage":"hr","potentialAction":[{"@type":"ReadAction","target":["https:\/\/redfoxlotto.com\/hr\/rezultati\/superenalotto\/"]}]},{"@type":"ImageObject","inLanguage":"hr","@id":"https:\/\/redfoxlotto.com\/hr\/rezultati\/superenalotto\/#primaryimage","url":"https:\/\/content.redfoxlotto.com\/uploads\/sites\/9\/1_results_check_lottery.jpg","contentUrl":"https:\/\/content.redfoxlotto.com\/uploads\/sites\/9\/1_results_check_lottery.jpg"},{"@type":"BreadcrumbList","@id":"https:\/\/redfoxlotto.com\/hr\/rezultati\/superenalotto\/#breadcrumb","itemListElement":[{"@type":"ListItem","position":1,"name":"Home","item":"https:\/\/redfoxlotto.com\/hr\/"},{"@type":"ListItem","position":2,"name":"Rezultati internacionalnih lutrija","item":"https:\/\/redfoxlotto.com\/hr\/rezultati\/"},{"@type":"ListItem","position":3,"name":"Rezultati SuperEnaLotta"}]},{"@type":"WebSite","@id":"https:\/\/redfoxlotto.com\/hr\/#website","url":"https:\/\/redfoxlotto.com\/hr\/","name":"Get Tickets for the World\u2019s largest jackpots","description":"Participate in worldwide lottery jackpots from any country","publisher":{"@id":"https:\/\/redfoxlotto.com\/hr\/#organization"},"potentialAction":[{"@type":"SearchAction","target":{"@type":"EntryPoint","urlTemplate":"https:\/\/redfoxlotto.com\/hr\/?s={search_term_string}"},"query-input":{"@type":"PropertyValueSpecification","valueRequired":true,"valueName":"search_term_string"}}],"inLanguage":"hr"},{"@type":"Organization","@id":"https:\/\/redfoxlotto.com\/hr\/#organization","name":"Get Tickets for the World\u2019s largest jackpots","url":"https:\/\/redfoxlotto.com\/hr\/","logo":{"@type":"ImageObject","inLanguage":"hr","@id":"https:\/\/redfoxlotto.com\/hr\/#\/schema\/logo\/image\/","url":"https:\/\/redfoxlotto.com\/wp-content\/uploads\/2023\/04\/logo.png","contentUrl":"https:\/\/redfoxlotto.com\/wp-content\/uploads\/2023\/04\/logo.png","width":269,"height":53,"caption":"Get Tickets for the World\u2019s largest jackpots"},"image":{"@id":"https:\/\/redfoxlotto.com\/hr\/#\/schema\/logo\/image\/"}}]}},"_links":{"self":[{"href":"https:\/\/redfoxlotto.com\/hr\/wp-json\/wp\/v2\/pages\/16728","targetHints":{"allow":["GET"]}}],"collection":[{"href":"https:\/\/redfoxlotto.com\/hr\/wp-json\/wp\/v2\/pages"}],"about":[{"href":"https:\/\/redfoxlotto.com\/hr\/wp-json\/wp\/v2\/types\/page"}],"author":[{"embeddable":true,"href":"https:\/\/redfoxlotto.com\/hr\/wp-json\/wp\/v2\/users\/1"}],"replies":[{"embeddable":true,"href":"https:\/\/redfoxlotto.com\/hr\/wp-json\/wp\/v2\/comments?post=16728"}],"version-history":[{"count":0,"href":"https:\/\/redfoxlotto.com\/hr\/wp-json\/wp\/v2\/pages\/16728\/revisions"}],"up":[{"embeddable":true,"href":"https:\/\/redfoxlotto.com\/hr\/wp-json\/wp\/v2\/pages\/16722"}],"wp:attachment":[{"href":"https:\/\/redfoxlotto.com\/hr\/wp-json\/wp\/v2\/media?parent=16728"}],"curies":[{"name":"wp","href":"https:\/\/api.w.org\/{rel}","templated":true}]}}