{"id":16726,"date":"2018-11-18T08:54:25","date_gmt":"2018-11-18T08:54:25","guid":{"rendered":"https:\/\/redfoxlotto.com\/?page_id=1383"},"modified":"2025-12-17T12:08:52","modified_gmt":"2025-12-17T12:08:52","slug":"powerball","status":"publish","type":"page","link":"https:\/\/redfoxlotto.com\/hr\/rezultati\/powerball\/","title":{"rendered":"Powerball rezultati"},"content":{"rendered":"<script type=\"application\/ld+json\">\r\n{\r\n  \"@context\": \"https:\/\/schema.org\",\r\n  \"@type\": \"Service\",\r\n  \"name\": \"Provjerite rezultate Powerball izvla\u010denja online\",\r\n  \"url\": \"https:\/\/redfoxlotto.com\/hr\/rezultati\/powerball\/\",\r\n  \"description\": \"Posjetite RedFoxLotto kako biste provjerili najnovije rezultate Powerballa i na\u0161 arhiv rezultata lutrije.\",\r\n  \"serviceType\": \"Globalni arhiv rezultata lutrije\",\r\n  \"provider\": {\r\n    \"@type\": \"Organization\",\r\n    \"name\": \"RedFoxLotto\",\r\n    \"url\": \"https:\/\/redfoxlotto.com\/hr\/rezultati\/powerball\/\",\r\n    \"image\": \"https:\/\/redfoxlotto.com\/wp-content\/uploads\/2025\/12\/ticket_scans.jpg\",\r\n    \"sameAs\": []\r\n  },\r\n  \"areaServed\": \"Worldwide\",\r\n  \"termsOfService\": \"https:\/\/redfoxlotto.com\/terms-and-conditions\",\r\n  \"additionalProperty\": {\r\n    \"@type\": \"PropertyValue\",\r\n    \"name\": \"FAQ\",\r\n    \"value\": \"https:\/\/redfoxlotto.com\/hr\/faq\/\"\r\n  },\r\n  \"hasOfferCatalog\": {\r\n    \"@type\": \"OfferCatalog\",\r\n    \"name\": \"Powerball rezultati\",\r\n    \"itemListElement\": [\r\n      {\r\n        \"@type\": \"Offer\",\r\n        \"name\": \"Powerball rezultati\",\r\n        \"url\": \"https:\/\/redfoxlotto.com\/hr\/rezultati\/powerball\/\",\r\n        \"description\": \"Prona\u0111ite najnovije i povijesne rezultate Powerballa i drugih velikih lutrija\",\r\n        \"itemOffered\": {\r\n          \"@type\": \"Service\",\r\n          \"name\": \"Powerball rezultati\",\r\n          \"description\": \"Brojevi Powerballa online, najnoviji i stariji rezultati.\"\r\n        }\r\n      }\r\n    ]\r\n  },\r\n  \"mainEntityOfPage\": {\r\n    \"@type\": \"WebPage\",\r\n    \"@id\": \"https:\/\/redfoxlotto.com\/hr\/rezultati\/powerball\/\"\r\n  }\r\n}\r\n<\/script><h2 class=\"wp-block-heading\">Gdje prona\u0107i dobitne brojeve za Powerball<\/h2><p><img decoding=\"async\" class=\"size-full wp-image alignright\" src=\"https:\/\/content.redfoxlotto.com\/uploads\/sites\/9\/1_results_powerball.jpg\" alt=\"rezultati lutrije\"><\/p><p>Na na\u0161oj stranici navodimo sve Powerball rezultate i dobitne brojeve, za teku\u0107i tjedan i za prethodna izvla\u010denja.<\/p><p>Naravno, ne\u0107emo vam re\u0107i sve samo o Powerballu. Ovdje mo\u017eete provjeriti i rezultate svjetski najpopularnijih lutrijskih igara. Ali kada se radi o Powerballu definitivno razumijemo va\u0161u zainteresiranost. Svatko tko ima potrebne brojeve na svom listi\u0107u je multimilijuna\u0161. U na\u0161oj arhivi mo\u017eete tako\u0111er provjeriti i dobitne brojeve i prethodna izvla\u010denja.<\/p><h2 class=\"wp-block-heading\">Powerball Jackpot<\/h2><p>Powerball jackpot zapo\u010dinje s minimalno $40.000.000. No, dosada\u0161nji rekord iznosi \u010dak nevjerojatnih $1.500.000.000, odnosno $1.5 milijardi! Zapravo, rijetkost je da netko osvoji minimalni Powerball jackpot. Iako se rijetko skupi vi\u0161e of $1 milijarde, \u010desto iznos zna biti poprili\u010dno blizu.<\/p><h2 class=\"wp-block-heading\">Powerball nagrade i Powerball dobitnici<\/h2><p><img decoding=\"async\" class=\"size-full wp-image alignright\" src=\"https:\/\/content.redfoxlotto.com\/uploads\/sites\/9\/1_winning_numbers_powerball.jpg\" alt=\"Pobjednik Powerball lutrije\"><\/p><p>U Powerballu postoji devet razina pobjede. Stotine tisu\u0107a igra\u010da pobje\u0111uju u svakom izvla\u010denju. Ova tablica tako\u0111er prikazuje i osvojene iznose. Ako pogodite barem 2 dodatna broja, tako\u0111er \u0107ete dobiti nagradu.<\/p><h2 class=\"wp-block-heading\">Uzimanje listi\u0107a<\/h2><p>Ako tra\u017eite Powerball rezultate i dobitne brojeve, vjerojatno tra\u017eite i na\u010din na koji mo\u017eete zapravo i odigrati igru, zar ne? Pa, sre\u0107om za vas, ne\u0107e vam dugo trebati. Mi vam mo\u017eemo nabaviti listi\u0107 koji tra\u017eite za vrlo kratko vrijeme.<\/p><p>Na\u0161 postupak za dobivanje listi\u0107a je udaljen samo nekoliko jednostavnih koraka. Prvo morate odlu\u010diti koju igru \u017eelite igrati.<\/p><p>Nakon toga, odaberite brojeve za svoj listi\u0107. Na\u0161 \u0107e vam sustav \u010dak dati do znanja ako trebate izabrati manje ili vi\u0161e brojeva na svom listi\u0107u kako bi bili sigurni da je listi\u0107 valjan.<\/p><p>Sljede\u0107e, kreirate korisni\u010dki ra\u010dun ukoliko ga jo\u0161 uvijek nemate i postavljate ra\u010dun za pla\u0107anje. Kona\u010dno, kliknete na gumb za kupnju listi\u0107a i mi se pobrinemo za ostatak postupka.<\/p><h2 class=\"wp-block-heading\">Pla\u0107anje<\/h2><p>Dakle, \u0161to se doga\u0111a nakon \u0161to provjerite listi\u0107 i saznate da je dobitan? Pa, ako osvojite manji iznos, novac \u0107e automatski biti preba\u010den na va\u0161 korisni\u010dki ra\u010dun. Ako osvojite ve\u0107i iznos, kontaktirat \u0107e vas na\u0161 tim za korisni\u010dku podr\u0161ku kako bi se dogovorili oko na\u010dina uplate.<\/p>","protected":false},"excerpt":{"rendered":"<p>Gdje prona\u0107i dobitne brojeve za Powerball Na na\u0161oj stranici navodimo sve Powerball rezultate i dobitne brojeve, za teku\u0107i tjedan i za prethodna izvla\u010denja. Naravno, ne\u0107emo vam re\u0107i sve samo o Powerballu. Ovdje mo\u017eete provjeriti i rezultate svjetski najpopularnijih lutrijskih igara. Ali kada se radi o Powerballu definitivno razumijemo va\u0161u zainteresiranost. Svatko tko ima potrebne brojeve [&hellip;]<\/p>\n","protected":false},"author":1,"featured_media":0,"parent":16722,"menu_order":1,"comment_status":"closed","ping_status":"closed","template":"powerball-usa-results.php","meta":{"_et_pb_use_builder":"","_et_pb_old_content":"","_et_gb_content_width":"","exclude_from_search":false,"footnotes":""},"class_list":["post-16726","page","type-page","status-publish","hentry"],"yoast_head":"<!-- This site is optimized with the Yoast SEO plugin v23.8 - https:\/\/yoast.com\/wordpress\/plugins\/seo\/ -->\n<title>Powerball lottery rezultati i dobitni brojevi<\/title>\n<meta name=\"description\" content=\"Nabavite najnovije Powerball Lotto rezultate ovdje, uklju\u010duju\u0107i arhivu i prethodna izvla\u010denja\" \/>\n<meta name=\"robots\" content=\"index, follow, max-snippet:-1, max-image-preview:large, max-video-preview:-1\" \/>\n<link rel=\"canonical\" href=\"https:\/\/redfoxlotto.com\/hr\/rezultati\/powerball\/\" \/>\n<meta property=\"og:locale\" content=\"hr_HR\" \/>\n<meta property=\"og:type\" content=\"article\" \/>\n<meta property=\"og:title\" content=\"Powerball lottery rezultati i dobitni brojevi\" \/>\n<meta property=\"og:description\" content=\"Nabavite najnovije Powerball Lotto rezultate ovdje, uklju\u010duju\u0107i arhivu i prethodna izvla\u010denja\" \/>\n<meta property=\"og:url\" content=\"https:\/\/redfoxlotto.com\/hr\/rezultati\/powerball\/\" \/>\n<meta property=\"og:site_name\" content=\"Get Tickets for the World\u2019s largest jackpots\" \/>\n<meta property=\"article:modified_time\" content=\"2025-12-17T12:08:52+00:00\" \/>\n<meta property=\"og:image\" content=\"https:\/\/content.redfoxlotto.com\/uploads\/sites\/9\/1_results_powerball.jpg\" \/>\n<meta name=\"twitter:card\" content=\"summary_large_image\" \/>\n<meta name=\"twitter:label1\" content=\"Procijenjeno vrijeme \u010ditanja\" \/>\n\t<meta name=\"twitter:data1\" content=\"2 minute\" \/>\n<script type=\"application\/ld+json\" class=\"yoast-schema-graph\">{\"@context\":\"https:\/\/schema.org\",\"@graph\":[{\"@type\":\"WebPage\",\"@id\":\"https:\/\/redfoxlotto.com\/hr\/rezultati\/powerball\/\",\"url\":\"https:\/\/redfoxlotto.com\/hr\/rezultati\/powerball\/\",\"name\":\"Powerball lottery rezultati i dobitni brojevi\",\"isPartOf\":{\"@id\":\"https:\/\/redfoxlotto.com\/hr\/#website\"},\"primaryImageOfPage\":{\"@id\":\"https:\/\/redfoxlotto.com\/hr\/rezultati\/powerball\/#primaryimage\"},\"image\":{\"@id\":\"https:\/\/redfoxlotto.com\/hr\/rezultati\/powerball\/#primaryimage\"},\"thumbnailUrl\":\"https:\/\/content.redfoxlotto.com\/uploads\/sites\/9\/1_results_powerball.jpg\",\"datePublished\":\"2018-11-18T08:54:25+00:00\",\"dateModified\":\"2025-12-17T12:08:52+00:00\",\"description\":\"Nabavite najnovije Powerball Lotto rezultate ovdje, uklju\u010duju\u0107i arhivu i prethodna izvla\u010denja\",\"breadcrumb\":{\"@id\":\"https:\/\/redfoxlotto.com\/hr\/rezultati\/powerball\/#breadcrumb\"},\"inLanguage\":\"hr\",\"potentialAction\":[{\"@type\":\"ReadAction\",\"target\":[\"https:\/\/redfoxlotto.com\/hr\/rezultati\/powerball\/\"]}]},{\"@type\":\"ImageObject\",\"inLanguage\":\"hr\",\"@id\":\"https:\/\/redfoxlotto.com\/hr\/rezultati\/powerball\/#primaryimage\",\"url\":\"https:\/\/content.redfoxlotto.com\/uploads\/sites\/9\/1_results_powerball.jpg\",\"contentUrl\":\"https:\/\/content.redfoxlotto.com\/uploads\/sites\/9\/1_results_powerball.jpg\"},{\"@type\":\"BreadcrumbList\",\"@id\":\"https:\/\/redfoxlotto.com\/hr\/rezultati\/powerball\/#breadcrumb\",\"itemListElement\":[{\"@type\":\"ListItem\",\"position\":1,\"name\":\"Home\",\"item\":\"https:\/\/redfoxlotto.com\/hr\/\"},{\"@type\":\"ListItem\",\"position\":2,\"name\":\"Rezultati internacionalnih lutrija\",\"item\":\"https:\/\/redfoxlotto.com\/hr\/rezultati\/\"},{\"@type\":\"ListItem\",\"position\":3,\"name\":\"Powerball rezultati\"}]},{\"@type\":\"WebSite\",\"@id\":\"https:\/\/redfoxlotto.com\/hr\/#website\",\"url\":\"https:\/\/redfoxlotto.com\/hr\/\",\"name\":\"Get Tickets for the World\u2019s largest jackpots\",\"description\":\"Participate in worldwide lottery jackpots from any country\",\"publisher\":{\"@id\":\"https:\/\/redfoxlotto.com\/hr\/#organization\"},\"potentialAction\":[{\"@type\":\"SearchAction\",\"target\":{\"@type\":\"EntryPoint\",\"urlTemplate\":\"https:\/\/redfoxlotto.com\/hr\/?s={search_term_string}\"},\"query-input\":{\"@type\":\"PropertyValueSpecification\",\"valueRequired\":true,\"valueName\":\"search_term_string\"}}],\"inLanguage\":\"hr\"},{\"@type\":\"Organization\",\"@id\":\"https:\/\/redfoxlotto.com\/hr\/#organization\",\"name\":\"Get Tickets for the World\u2019s largest jackpots\",\"url\":\"https:\/\/redfoxlotto.com\/hr\/\",\"logo\":{\"@type\":\"ImageObject\",\"inLanguage\":\"hr\",\"@id\":\"https:\/\/redfoxlotto.com\/hr\/#\/schema\/logo\/image\/\",\"url\":\"https:\/\/redfoxlotto.com\/wp-content\/uploads\/2023\/04\/logo.png\",\"contentUrl\":\"https:\/\/redfoxlotto.com\/wp-content\/uploads\/2023\/04\/logo.png\",\"width\":269,\"height\":53,\"caption\":\"Get Tickets for the World\u2019s largest jackpots\"},\"image\":{\"@id\":\"https:\/\/redfoxlotto.com\/hr\/#\/schema\/logo\/image\/\"}}]}<\/script>\n<!-- \/ Yoast SEO plugin. -->","yoast_head_json":{"title":"Powerball lottery rezultati i dobitni brojevi","description":"Nabavite najnovije Powerball Lotto rezultate ovdje, uklju\u010duju\u0107i arhivu i prethodna izvla\u010denja","robots":{"index":"index","follow":"follow","max-snippet":"max-snippet:-1","max-image-preview":"max-image-preview:large","max-video-preview":"max-video-preview:-1"},"canonical":"https:\/\/redfoxlotto.com\/hr\/rezultati\/powerball\/","og_locale":"hr_HR","og_type":"article","og_title":"Powerball lottery rezultati i dobitni brojevi","og_description":"Nabavite najnovije Powerball Lotto rezultate ovdje, uklju\u010duju\u0107i arhivu i prethodna izvla\u010denja","og_url":"https:\/\/redfoxlotto.com\/hr\/rezultati\/powerball\/","og_site_name":"Get Tickets for the World\u2019s largest jackpots","article_modified_time":"2025-12-17T12:08:52+00:00","og_image":[{"url":"https:\/\/content.redfoxlotto.com\/uploads\/sites\/9\/1_results_powerball.jpg"}],"twitter_card":"summary_large_image","twitter_misc":{"Procijenjeno vrijeme \u010ditanja":"2 minute"},"schema":{"@context":"https:\/\/schema.org","@graph":[{"@type":"WebPage","@id":"https:\/\/redfoxlotto.com\/hr\/rezultati\/powerball\/","url":"https:\/\/redfoxlotto.com\/hr\/rezultati\/powerball\/","name":"Powerball lottery rezultati i dobitni brojevi","isPartOf":{"@id":"https:\/\/redfoxlotto.com\/hr\/#website"},"primaryImageOfPage":{"@id":"https:\/\/redfoxlotto.com\/hr\/rezultati\/powerball\/#primaryimage"},"image":{"@id":"https:\/\/redfoxlotto.com\/hr\/rezultati\/powerball\/#primaryimage"},"thumbnailUrl":"https:\/\/content.redfoxlotto.com\/uploads\/sites\/9\/1_results_powerball.jpg","datePublished":"2018-11-18T08:54:25+00:00","dateModified":"2025-12-17T12:08:52+00:00","description":"Nabavite najnovije Powerball Lotto rezultate ovdje, uklju\u010duju\u0107i arhivu i prethodna izvla\u010denja","breadcrumb":{"@id":"https:\/\/redfoxlotto.com\/hr\/rezultati\/powerball\/#breadcrumb"},"inLanguage":"hr","potentialAction":[{"@type":"ReadAction","target":["https:\/\/redfoxlotto.com\/hr\/rezultati\/powerball\/"]}]},{"@type":"ImageObject","inLanguage":"hr","@id":"https:\/\/redfoxlotto.com\/hr\/rezultati\/powerball\/#primaryimage","url":"https:\/\/content.redfoxlotto.com\/uploads\/sites\/9\/1_results_powerball.jpg","contentUrl":"https:\/\/content.redfoxlotto.com\/uploads\/sites\/9\/1_results_powerball.jpg"},{"@type":"BreadcrumbList","@id":"https:\/\/redfoxlotto.com\/hr\/rezultati\/powerball\/#breadcrumb","itemListElement":[{"@type":"ListItem","position":1,"name":"Home","item":"https:\/\/redfoxlotto.com\/hr\/"},{"@type":"ListItem","position":2,"name":"Rezultati internacionalnih lutrija","item":"https:\/\/redfoxlotto.com\/hr\/rezultati\/"},{"@type":"ListItem","position":3,"name":"Powerball rezultati"}]},{"@type":"WebSite","@id":"https:\/\/redfoxlotto.com\/hr\/#website","url":"https:\/\/redfoxlotto.com\/hr\/","name":"Get Tickets for the World\u2019s largest jackpots","description":"Participate in worldwide lottery jackpots from any country","publisher":{"@id":"https:\/\/redfoxlotto.com\/hr\/#organization"},"potentialAction":[{"@type":"SearchAction","target":{"@type":"EntryPoint","urlTemplate":"https:\/\/redfoxlotto.com\/hr\/?s={search_term_string}"},"query-input":{"@type":"PropertyValueSpecification","valueRequired":true,"valueName":"search_term_string"}}],"inLanguage":"hr"},{"@type":"Organization","@id":"https:\/\/redfoxlotto.com\/hr\/#organization","name":"Get Tickets for the World\u2019s largest jackpots","url":"https:\/\/redfoxlotto.com\/hr\/","logo":{"@type":"ImageObject","inLanguage":"hr","@id":"https:\/\/redfoxlotto.com\/hr\/#\/schema\/logo\/image\/","url":"https:\/\/redfoxlotto.com\/wp-content\/uploads\/2023\/04\/logo.png","contentUrl":"https:\/\/redfoxlotto.com\/wp-content\/uploads\/2023\/04\/logo.png","width":269,"height":53,"caption":"Get Tickets for the World\u2019s largest jackpots"},"image":{"@id":"https:\/\/redfoxlotto.com\/hr\/#\/schema\/logo\/image\/"}}]}},"_links":{"self":[{"href":"https:\/\/redfoxlotto.com\/hr\/wp-json\/wp\/v2\/pages\/16726","targetHints":{"allow":["GET"]}}],"collection":[{"href":"https:\/\/redfoxlotto.com\/hr\/wp-json\/wp\/v2\/pages"}],"about":[{"href":"https:\/\/redfoxlotto.com\/hr\/wp-json\/wp\/v2\/types\/page"}],"author":[{"embeddable":true,"href":"https:\/\/redfoxlotto.com\/hr\/wp-json\/wp\/v2\/users\/1"}],"replies":[{"embeddable":true,"href":"https:\/\/redfoxlotto.com\/hr\/wp-json\/wp\/v2\/comments?post=16726"}],"version-history":[{"count":0,"href":"https:\/\/redfoxlotto.com\/hr\/wp-json\/wp\/v2\/pages\/16726\/revisions"}],"up":[{"embeddable":true,"href":"https:\/\/redfoxlotto.com\/hr\/wp-json\/wp\/v2\/pages\/16722"}],"wp:attachment":[{"href":"https:\/\/redfoxlotto.com\/hr\/wp-json\/wp\/v2\/media?parent=16726"}],"curies":[{"name":"wp","href":"https:\/\/api.w.org\/{rel}","templated":true}]}}