{"id":16725,"date":"2018-11-18T08:54:25","date_gmt":"2018-11-18T08:54:25","guid":{"rendered":"https:\/\/redfoxlotto.com\/?page_id=1380"},"modified":"2025-12-18T06:31:07","modified_gmt":"2025-12-18T06:31:07","slug":"mega-millions","status":"publish","type":"page","link":"https:\/\/redfoxlotto.com\/hr\/rezultati\/mega-millions\/","title":{"rendered":"Mega Millions rezultati"},"content":{"rendered":"<script type=\"application\/ld+json\">\r\n{\r\n  \"@context\": \"https:\/\/schema.org\",\r\n  \"@type\": \"Service\",\r\n  \"name\": \"Provjerite rezultate Mega Millions izvla\u010denja online\",\r\n  \"url\": \"https:\/\/redfoxlotto.com\/hr\/rezultati\/mega-millions\/\",\r\n  \"description\": \"Posjetite RedFoxLotto kako biste provjerili najnovije rezultate Mega Millions i na\u0161 arhiv rezultata lutrije.\",\r\n  \"serviceType\": \"Globalni arhiv rezultata lutrije\",\r\n\r\n  \"provider\": {\r\n    \"@type\": \"Organization\",\r\n    \"name\": \"RedFoxLotto\",\r\n    \"url\": \"https:\/\/redfoxlotto.com\/hr\/\",\r\n    \"image\": \"https:\/\/redfoxlotto.com\/wp-content\/uploads\/2025\/12\/ticket_scans.jpg\",\r\n    \"sameAs\": []\r\n  },\r\n\r\n  \"areaServed\": \"Worldwide\",\r\n  \"termsOfService\": \"https:\/\/redfoxlotto.com\/hr\/terms-and-conditions\/\",\r\n  \"additionalProperty\": {\r\n    \"@type\": \"PropertyValue\",\r\n    \"name\": \"FAQ\",\r\n    \"value\": \"https:\/\/redfoxlotto.com\/hr\/faq\/\"\r\n  },\r\n\r\n  \"hasOfferCatalog\": {\r\n    \"@type\": \"OfferCatalog\",\r\n    \"name\": \"Mega Millions Lutrija\",\r\n    \"itemListElement\": [\r\n      {\r\n        \"@type\": \"Offer\",\r\n        \"name\": \"Mega Millions Rezultati\",\r\n        \"url\": \"https:\/\/redfoxlotto.com\/hr\/rezultati\/mega-millions\/\",\r\n        \"description\": \"Kliknite ovdje da odaberete svoje brojeve za sljede\u0107e izvla\u010denje \u2013 naru\u010dite svoje listi\u0107e online.\",\r\n        \"price\": \"13.00\",\r\n        \"priceCurrency\": \"EUR\",\r\n        \"availability\": \"https:\/\/schema.org\/InStock\",\r\n        \"itemOffered\": {\r\n          \"@type\": \"Service\",\r\n          \"name\": \"Mega Millions Lutrija\",\r\n          \"description\": \"Sudjelujte u sljede\u0107em izvla\u010denju Mega Millions putem RedFoxLotto.\"\r\n        }\r\n      }\r\n    ]\r\n  },\r\n\r\n  \"mainEntityOfPage\": {\r\n    \"@type\": \"WebPage\",\r\n    \"@id\": \"https:\/\/redfoxlotto.com\/hr\/rezultati\/mega-millions\/\"\r\n  }\r\n}\r\n<\/script><p>Tra\u017eite zadnje rezultate izvla\u010denja Mega Millions USA? Ovdje ih mo\u017eete prona\u0107i, kao i arhivu ranije izvu\u010denih brojeva.<\/p><h2 class=\"wp-block-heading\">Mega Millions Jackpot<\/h2><p><img decoding=\"async\" class=\"size-full wp-image alignright\" src=\"https:\/\/content.redfoxlotto.com\/uploads\/sites\/9\/1_results_mega_millions.jpg\" alt=\"rezultati lutrije\"><\/p><p>Minimalni jackpot Mega Millions lutrije je $40 milijuna. To zna\u010di da ako netko osvoji jackpot danas, sljede\u0107i put izvla\u010denje zapo\u010dinje s $40 milijuna. Dakle najmanji iznos (prije oporezivanja naravno) koji mo\u017eete osvojiti je $40 milijuna.<\/p><p>Istina je da se jackpot brzo pove\u0107ava za US Mega Millions. Najvi\u0161i jackpot ikada postignut iznosi vi\u0161e od 1.5 milijardi! To je definitivno iznos koji su svi u SAD-u htjeli osvojiti tako da je prodano na milijune listi\u0107a, ali nisu samo Amerikanci ti koji mogu biti dio igre.<\/p><h2 class=\"wp-block-heading\">Mega Millions razine nagrada<\/h2><p>Iz na\u0161e su tablice vidljive dostupne razine nagrada i iznos dobitaka. Napokon, uz Mega Millions mo\u017eete stvarno ne\u0161to osvojiti i ako samo pogodite Mega Ball ili ako samo pogodite 2 regularna broja. To zna\u010di da imate dobre \u0161anse za dobivanje ne\u010dega iz ulo\u017eenog novca.<\/p><h2 class=\"wp-block-heading\">Igranje Mega Millionsa<\/h2><p><img decoding=\"async\" class=\"size-full wp-image alignright\" src=\"https:\/\/content.redfoxlotto.com\/uploads\/sites\/9\/1_lottery_winner_is2.jpg\" alt=\"Mega Millions jackpot\"><\/p><p>Ako ste spremni zaigrati Mega Millions ali niste iz SAD-a, potreban vam je neki na\u010din za kupnju listi\u0107a, zar ne? Mi \u0107emo vam pomo\u0107i da do\u0111ete do listi\u0107a do kojeg \u017eelite. Morate napraviti korisni\u010dki ra\u010dun kod nas i va\u0161 je dio gotov. Nakon toga, mi \u0107emo se pobrinuti da nabavimo listi\u0107 za vas.<\/p><p>Ubrzo nakon kupnje listi\u0107a pojavit \u0107e se na va\u0161em korisni\u010dkom ra\u010dunu i mo\u0107i \u0107ete provjeriti da li ste \u0161to dobili, jer mi vam olak\u0161avamo pra\u0107enje Mega Millions rezultata i dobitnih brojeva u na\u0161em sustavu. Svi brojevi koji se podudaraju bit \u0107e istaknuti. Na taj na\u010din mo\u017eete odmah lagano provjeriti koliko imate podudaranja!<\/p>","protected":false},"excerpt":{"rendered":"<p>Tra\u017eite zadnje rezultate izvla\u010denja Mega Millions USA? Ovdje ih mo\u017eete prona\u0107i, kao i arhivu ranije izvu\u010denih brojeva. Mega Millions Jackpot Minimalni jackpot Mega Millions lutrije je $40 milijuna. To zna\u010di da ako netko osvoji jackpot danas, sljede\u0107i put izvla\u010denje zapo\u010dinje s $40 milijuna. Dakle najmanji iznos (prije oporezivanja naravno) koji mo\u017eete osvojiti je $40 milijuna. [&hellip;]<\/p>\n","protected":false},"author":1,"featured_media":0,"parent":16722,"menu_order":2,"comment_status":"closed","ping_status":"closed","template":"megamillion-results.php","meta":{"_et_pb_use_builder":"","_et_pb_old_content":"","_et_gb_content_width":"","exclude_from_search":false,"footnotes":""},"class_list":["post-16725","page","type-page","status-publish","hentry"],"yoast_head":"<!-- This site is optimized with the Yoast SEO plugin v27.4 - https:\/\/yoast.com\/product\/yoast-seo-wordpress\/ -->\n<title>Mega Millions Dobitni brojevi i rezultati<\/title>\n<meta name=\"description\" content=\"Provjerite dobitne brojeve na na\u0161oj Mega Millions stranici s rezultatima, te na\u0161u arhivu i prethodna izvla\u010denja\" \/>\n<meta name=\"robots\" content=\"index, follow, max-snippet:-1, max-image-preview:large, max-video-preview:-1\" \/>\n<link rel=\"canonical\" href=\"https:\/\/redfoxlotto.com\/hr\/rezultati\/mega-millions\/\" \/>\n<meta property=\"og:locale\" content=\"hr_HR\" \/>\n<meta property=\"og:type\" content=\"article\" \/>\n<meta property=\"og:title\" content=\"Mega Millions Dobitni brojevi i rezultati\" \/>\n<meta property=\"og:description\" content=\"Provjerite dobitne brojeve na na\u0161oj Mega Millions stranici s rezultatima, te na\u0161u arhivu i prethodna izvla\u010denja\" \/>\n<meta property=\"og:url\" content=\"https:\/\/redfoxlotto.com\/hr\/rezultati\/mega-millions\/\" \/>\n<meta property=\"og:site_name\" content=\"Get Tickets for the World\u2019s largest jackpots\" \/>\n<meta property=\"article:modified_time\" content=\"2025-12-18T06:31:07+00:00\" \/>\n<meta property=\"og:image\" content=\"https:\/\/content.redfoxlotto.com\/uploads\/sites\/9\/1_results_mega_millions.jpg\" \/>\n<meta name=\"twitter:card\" content=\"summary_large_image\" \/>\n<meta name=\"twitter:label1\" content=\"Procijenjeno vrijeme \u010ditanja\" \/>\n\t<meta name=\"twitter:data1\" content=\"2 minute\" \/>\n<script type=\"application\/ld+json\" class=\"yoast-schema-graph\">{\"@context\":\"https:\\\/\\\/schema.org\",\"@graph\":[{\"@type\":\"WebPage\",\"@id\":\"https:\\\/\\\/redfoxlotto.com\\\/hr\\\/rezultati\\\/mega-millions\\\/\",\"url\":\"https:\\\/\\\/redfoxlotto.com\\\/hr\\\/rezultati\\\/mega-millions\\\/\",\"name\":\"Mega Millions Dobitni brojevi i rezultati\",\"isPartOf\":{\"@id\":\"https:\\\/\\\/redfoxlotto.com\\\/hr\\\/#website\"},\"primaryImageOfPage\":{\"@id\":\"https:\\\/\\\/redfoxlotto.com\\\/hr\\\/rezultati\\\/mega-millions\\\/#primaryimage\"},\"image\":{\"@id\":\"https:\\\/\\\/redfoxlotto.com\\\/hr\\\/rezultati\\\/mega-millions\\\/#primaryimage\"},\"thumbnailUrl\":\"https:\\\/\\\/content.redfoxlotto.com\\\/uploads\\\/sites\\\/9\\\/1_results_mega_millions.jpg\",\"datePublished\":\"2018-11-18T08:54:25+00:00\",\"dateModified\":\"2025-12-18T06:31:07+00:00\",\"description\":\"Provjerite dobitne brojeve na na\u0161oj Mega Millions stranici s rezultatima, te na\u0161u arhivu i prethodna izvla\u010denja\",\"breadcrumb\":{\"@id\":\"https:\\\/\\\/redfoxlotto.com\\\/hr\\\/rezultati\\\/mega-millions\\\/#breadcrumb\"},\"inLanguage\":\"hr\",\"potentialAction\":[{\"@type\":\"ReadAction\",\"target\":[\"https:\\\/\\\/redfoxlotto.com\\\/hr\\\/rezultati\\\/mega-millions\\\/\"]}]},{\"@type\":\"ImageObject\",\"inLanguage\":\"hr\",\"@id\":\"https:\\\/\\\/redfoxlotto.com\\\/hr\\\/rezultati\\\/mega-millions\\\/#primaryimage\",\"url\":\"https:\\\/\\\/content.redfoxlotto.com\\\/uploads\\\/sites\\\/9\\\/1_results_mega_millions.jpg\",\"contentUrl\":\"https:\\\/\\\/content.redfoxlotto.com\\\/uploads\\\/sites\\\/9\\\/1_results_mega_millions.jpg\"},{\"@type\":\"BreadcrumbList\",\"@id\":\"https:\\\/\\\/redfoxlotto.com\\\/hr\\\/rezultati\\\/mega-millions\\\/#breadcrumb\",\"itemListElement\":[{\"@type\":\"ListItem\",\"position\":1,\"name\":\"Home\",\"item\":\"https:\\\/\\\/redfoxlotto.com\\\/hr\\\/\"},{\"@type\":\"ListItem\",\"position\":2,\"name\":\"Rezultati internacionalnih lutrija\",\"item\":\"https:\\\/\\\/redfoxlotto.com\\\/hr\\\/rezultati\\\/\"},{\"@type\":\"ListItem\",\"position\":3,\"name\":\"Mega Millions rezultati\"}]},{\"@type\":\"WebSite\",\"@id\":\"https:\\\/\\\/redfoxlotto.com\\\/hr\\\/#website\",\"url\":\"https:\\\/\\\/redfoxlotto.com\\\/hr\\\/\",\"name\":\"Get Tickets for the World\u2019s largest jackpots\",\"description\":\"Participate in worldwide lottery jackpots from any country\",\"publisher\":{\"@id\":\"https:\\\/\\\/redfoxlotto.com\\\/hr\\\/#organization\"},\"potentialAction\":[{\"@type\":\"SearchAction\",\"target\":{\"@type\":\"EntryPoint\",\"urlTemplate\":\"https:\\\/\\\/redfoxlotto.com\\\/hr\\\/?s={search_term_string}\"},\"query-input\":{\"@type\":\"PropertyValueSpecification\",\"valueRequired\":true,\"valueName\":\"search_term_string\"}}],\"inLanguage\":\"hr\"},{\"@type\":\"Organization\",\"@id\":\"https:\\\/\\\/redfoxlotto.com\\\/hr\\\/#organization\",\"name\":\"Get Tickets for the World\u2019s largest jackpots\",\"url\":\"https:\\\/\\\/redfoxlotto.com\\\/hr\\\/\",\"logo\":{\"@type\":\"ImageObject\",\"inLanguage\":\"hr\",\"@id\":\"https:\\\/\\\/redfoxlotto.com\\\/hr\\\/#\\\/schema\\\/logo\\\/image\\\/\",\"url\":\"https:\\\/\\\/redfoxlotto.com\\\/wp-content\\\/uploads\\\/2023\\\/04\\\/logo.png\",\"contentUrl\":\"https:\\\/\\\/redfoxlotto.com\\\/wp-content\\\/uploads\\\/2023\\\/04\\\/logo.png\",\"width\":269,\"height\":53,\"caption\":\"Get Tickets for the World\u2019s largest jackpots\"},\"image\":{\"@id\":\"https:\\\/\\\/redfoxlotto.com\\\/hr\\\/#\\\/schema\\\/logo\\\/image\\\/\"}}]}<\/script>\n<!-- \/ Yoast SEO plugin. -->","yoast_head_json":{"title":"Mega Millions Dobitni brojevi i rezultati","description":"Provjerite dobitne brojeve na na\u0161oj Mega Millions stranici s rezultatima, te na\u0161u arhivu i prethodna izvla\u010denja","robots":{"index":"index","follow":"follow","max-snippet":"max-snippet:-1","max-image-preview":"max-image-preview:large","max-video-preview":"max-video-preview:-1"},"canonical":"https:\/\/redfoxlotto.com\/hr\/rezultati\/mega-millions\/","og_locale":"hr_HR","og_type":"article","og_title":"Mega Millions Dobitni brojevi i rezultati","og_description":"Provjerite dobitne brojeve na na\u0161oj Mega Millions stranici s rezultatima, te na\u0161u arhivu i prethodna izvla\u010denja","og_url":"https:\/\/redfoxlotto.com\/hr\/rezultati\/mega-millions\/","og_site_name":"Get Tickets for the World\u2019s largest jackpots","article_modified_time":"2025-12-18T06:31:07+00:00","og_image":[{"url":"https:\/\/content.redfoxlotto.com\/uploads\/sites\/9\/1_results_mega_millions.jpg","type":"","width":"","height":""}],"twitter_card":"summary_large_image","twitter_misc":{"Procijenjeno vrijeme \u010ditanja":"2 minute"},"schema":{"@context":"https:\/\/schema.org","@graph":[{"@type":"WebPage","@id":"https:\/\/redfoxlotto.com\/hr\/rezultati\/mega-millions\/","url":"https:\/\/redfoxlotto.com\/hr\/rezultati\/mega-millions\/","name":"Mega Millions Dobitni brojevi i rezultati","isPartOf":{"@id":"https:\/\/redfoxlotto.com\/hr\/#website"},"primaryImageOfPage":{"@id":"https:\/\/redfoxlotto.com\/hr\/rezultati\/mega-millions\/#primaryimage"},"image":{"@id":"https:\/\/redfoxlotto.com\/hr\/rezultati\/mega-millions\/#primaryimage"},"thumbnailUrl":"https:\/\/content.redfoxlotto.com\/uploads\/sites\/9\/1_results_mega_millions.jpg","datePublished":"2018-11-18T08:54:25+00:00","dateModified":"2025-12-18T06:31:07+00:00","description":"Provjerite dobitne brojeve na na\u0161oj Mega Millions stranici s rezultatima, te na\u0161u arhivu i prethodna izvla\u010denja","breadcrumb":{"@id":"https:\/\/redfoxlotto.com\/hr\/rezultati\/mega-millions\/#breadcrumb"},"inLanguage":"hr","potentialAction":[{"@type":"ReadAction","target":["https:\/\/redfoxlotto.com\/hr\/rezultati\/mega-millions\/"]}]},{"@type":"ImageObject","inLanguage":"hr","@id":"https:\/\/redfoxlotto.com\/hr\/rezultati\/mega-millions\/#primaryimage","url":"https:\/\/content.redfoxlotto.com\/uploads\/sites\/9\/1_results_mega_millions.jpg","contentUrl":"https:\/\/content.redfoxlotto.com\/uploads\/sites\/9\/1_results_mega_millions.jpg"},{"@type":"BreadcrumbList","@id":"https:\/\/redfoxlotto.com\/hr\/rezultati\/mega-millions\/#breadcrumb","itemListElement":[{"@type":"ListItem","position":1,"name":"Home","item":"https:\/\/redfoxlotto.com\/hr\/"},{"@type":"ListItem","position":2,"name":"Rezultati internacionalnih lutrija","item":"https:\/\/redfoxlotto.com\/hr\/rezultati\/"},{"@type":"ListItem","position":3,"name":"Mega Millions rezultati"}]},{"@type":"WebSite","@id":"https:\/\/redfoxlotto.com\/hr\/#website","url":"https:\/\/redfoxlotto.com\/hr\/","name":"Get Tickets for the World\u2019s largest jackpots","description":"Participate in worldwide lottery jackpots from any country","publisher":{"@id":"https:\/\/redfoxlotto.com\/hr\/#organization"},"potentialAction":[{"@type":"SearchAction","target":{"@type":"EntryPoint","urlTemplate":"https:\/\/redfoxlotto.com\/hr\/?s={search_term_string}"},"query-input":{"@type":"PropertyValueSpecification","valueRequired":true,"valueName":"search_term_string"}}],"inLanguage":"hr"},{"@type":"Organization","@id":"https:\/\/redfoxlotto.com\/hr\/#organization","name":"Get Tickets for the World\u2019s largest jackpots","url":"https:\/\/redfoxlotto.com\/hr\/","logo":{"@type":"ImageObject","inLanguage":"hr","@id":"https:\/\/redfoxlotto.com\/hr\/#\/schema\/logo\/image\/","url":"https:\/\/redfoxlotto.com\/wp-content\/uploads\/2023\/04\/logo.png","contentUrl":"https:\/\/redfoxlotto.com\/wp-content\/uploads\/2023\/04\/logo.png","width":269,"height":53,"caption":"Get Tickets for the World\u2019s largest jackpots"},"image":{"@id":"https:\/\/redfoxlotto.com\/hr\/#\/schema\/logo\/image\/"}}]}},"_links":{"self":[{"href":"https:\/\/redfoxlotto.com\/hr\/wp-json\/wp\/v2\/pages\/16725","targetHints":{"allow":["GET"]}}],"collection":[{"href":"https:\/\/redfoxlotto.com\/hr\/wp-json\/wp\/v2\/pages"}],"about":[{"href":"https:\/\/redfoxlotto.com\/hr\/wp-json\/wp\/v2\/types\/page"}],"author":[{"embeddable":true,"href":"https:\/\/redfoxlotto.com\/hr\/wp-json\/wp\/v2\/users\/1"}],"replies":[{"embeddable":true,"href":"https:\/\/redfoxlotto.com\/hr\/wp-json\/wp\/v2\/comments?post=16725"}],"version-history":[{"count":0,"href":"https:\/\/redfoxlotto.com\/hr\/wp-json\/wp\/v2\/pages\/16725\/revisions"}],"up":[{"embeddable":true,"href":"https:\/\/redfoxlotto.com\/hr\/wp-json\/wp\/v2\/pages\/16722"}],"wp:attachment":[{"href":"https:\/\/redfoxlotto.com\/hr\/wp-json\/wp\/v2\/media?parent=16725"}],"curies":[{"name":"wp","href":"https:\/\/api.w.org\/{rel}","templated":true}]}}