{"id":16722,"date":"2023-04-24T14:13:24","date_gmt":"2023-04-24T14:13:24","guid":{"rendered":"https:\/\/redfoxlotto.com\/?page_id=1374"},"modified":"2025-12-18T08:24:41","modified_gmt":"2025-12-18T08:24:41","slug":"rezultati","status":"publish","type":"page","link":"https:\/\/redfoxlotto.com\/hr\/rezultati\/","title":{"rendered":"Rezultati internacionalnih lutrija"},"content":{"rendered":"<script type=\"application\/ld+json\">\r\n{\r\n  \"@context\": \"https:\/\/schema.org\",\r\n  \"@type\": \"Service\",\r\n  \"name\": \"Provjerite rezultate me\u0111unarodnih lutrijskih izvla\u010denja online\",\r\n  \"url\": \"https:\/\/redfoxlotto.com\/hr\/rezultati\/powerball\",\r\n  \"description\": \"Posjetite RedFoxLotto kako biste provjerili najnovije rezultate najve\u0107ih svjetskih lutrija.\",\r\n  \"serviceType\": \"Svjetska arhiva rezultata lutrije\",\r\n\r\n  \"provider\": {\r\n    \"@type\": \"Organization\",\r\n    \"name\": \"RedFoxLotto\",\r\n    \"url\": \"https:\/\/redfoxlotto.com\/hr\/\",\r\n    \"image\": \"https:\/\/redfoxlotto.com\/wp-content\/uploads\/2025\/12\/ticket_scans.jpg\",\r\n    \"sameAs\": []\r\n  },\r\n\r\n  \"areaServed\": \"Worldwide\",\r\n  \"termsOfService\": \"https:\/\/redfoxlotto.com\/terms-and-conditions\",\r\n\r\n  \"additionalProperty\": {\r\n    \"@type\": \"PropertyValue\",\r\n    \"name\": \"\u010cesta pitanja\",\r\n    \"value\": \"https:\/\/redfoxlotto.com\/hr\/faq\/\"\r\n  },\r\n\r\n  \"hasOfferCatalog\": {\r\n    \"@type\": \"OfferCatalog\",\r\n    \"name\": \"Svjetski rezultati lutrije\",\r\n    \"itemListElement\": [\r\n      {\r\n        \"@type\": \"Offer\",\r\n        \"name\": \"Powerball listi\u0107\",\r\n        \"url\": \"https:\/\/redfoxlotto.com\/hr\/rezultati\/\",\r\n        \"description\": \"Ovdje prona\u0111ite najnovije i povijesne rezultate najve\u0107ih svjetskih lutrija\",\r\n        \"itemOffered\": {\r\n          \"@type\": \"Service\",\r\n          \"name\": \"Me\u0111unarodni rezultati lutrije\",\r\n          \"description\": \"Izvu\u010deni brojevi online za najve\u0107e lutrije, najnoviji i stariji rezultati.\"\r\n        }\r\n      }\r\n    ]\r\n  },\r\n\r\n  \"mainEntityOfPage\": {\r\n    \"@type\": \"WebPage\",\r\n    \"@id\": \"https:\/\/redfoxlotto.com\/hr\/rezultati\/\"\r\n  }\r\n}\r\n<\/script>\r\n\r\n<p><!--more--><\/p>\r\n<p><\/p>\r\n<p>Ovdje iz sedmice u sedmicu objavljujemo najnovije rezultate i dobitne brojeve svih internacionalnih lutrija za koje kod nas mo\u017eete kupiti listi\u0107e.<br \/>Rezultate bilje\u017ee oficijelni operatori lutrije. Rezultati izvla\u010denja \u0107e biti objavljeni u najkra\u0107em mogu\u0107em roku nakon izvla\u010denja, \u010dim postanu zvani\u010dni.<\/p>\r\n<p><\/p>\r\n<p><img loading=\"lazy\" decoding=\"async\" class=\" wp-image alignright\" src=\"https:\/\/content.redfoxlotto.com\/uploads\/sites\/9\/1_winning_lottery_numbers.jpg\" alt=\"dobitni brojevi me\u0111unarodne lutrije\" width=\"223\" height=\"223\" \/><\/p>\r\n<p><\/p>\r\n<p>Tako mo\u017eete najbr\u017ee provjeriti listi\u0107e s izvu\u010denim brojevima i provjeriti mogu\u0107i dobitak. Mo\u017eete usporediti iznos dobitka koji odgovara koli\u010dini nagradnog fonda klikom na lutriju. Na ovaj na\u010din \u0107ete biti obavije\u0161teni da li je izvu\u010den jackpot ili ne.<\/p>\r\n<p><\/p>\r\n<p><\/p>\r\n<h2 class=\"wp-block-heading\">Prethodni rezultati i brojevi<\/h2>\r\n<p><\/p>\r\n<p><img loading=\"lazy\" decoding=\"async\" class=\" wp-image alignright\" src=\"https:\/\/content.redfoxlotto.com\/uploads\/sites\/9\/1_lotto_draw_results.jpg\" alt=\"rezultati lutrije\" width=\"281\" height=\"188\" \/><\/p>\r\n<p><\/p>\r\n<p>Na na\u0161oj stranici mo\u017eete prona\u0107i brojeve i dobitke iz proteklih tjedana. Naravno, ako \u017eelite, ove podatke o me\u0111unarodnim lutrijama mo\u017eete upotrijebiti za odabir brojeva za Va\u0161e sljede\u0107e lutrijske listi\u0107e.<\/p>\r\n<p><\/p>\r\n<p><\/p>\r\n<p>Isto tako, dobitne brojeve iz pro\u0161log tjedna ili tjedana mo\u017eete koristiti za stvaranje novih kombinacija za sljede\u0107i listi\u0107. Jedan od primjera je da iskoristite prvi broj od prethodnog izvla\u010denja MegaMillions, drugi broj od EuroMillions, tre\u0107i od Eurojackpot i tako dalje.<\/p>\r\n<p><\/p>\r\n<p><\/p>\r\n<h2 class=\"wp-block-heading\">Topli i hladni brojevi<\/h2>\r\n<p><\/p>\r\n<p><\/p>\r\n<p>Kada provjerite prethodne rezultate internacionalne lutrije, mo\u017eete vidjeti brojeve koji su \u010desto izvu\u010deni u raznim igrama. U isto vrijeme mo\u017eete vidjeti brojeve koji se ne pojavljuju u rezultatima. Tako mo\u017eete utvrditi tople i hladne brojeve posljednjih izvla\u010denja. Mnogi igra\u010di koriste ove informacije pri odabiru svojih dobitnih brojeva. Ova strategija obe\u0107ava uspje\u0161ne rezultate.<\/p>\r\n<p><\/p>\r\n<p><\/p>\r\n<p>Na isti na\u010din mo\u017eete iskoristiti dobitne brojeve iz prethodnih tjedana da kombinirate svoje dobitne brojeve. Na primjer za listi\u0107 Powerballa mo\u017eete uzeti broj od prethodnog kola izvla\u010denja MegaMillionsa, drugi broj od rezultata izvla\u010denja EuroMillionsa, a tre\u0107i broj od Eurojackpota i tako dalje.<\/p>\r\n<p><\/p>","protected":false},"excerpt":{"rendered":"","protected":false},"author":1,"featured_media":0,"parent":0,"menu_order":4,"comment_status":"closed","ping_status":"closed","template":"Results.php","meta":{"_et_pb_use_builder":"","_et_pb_old_content":"","_et_gb_content_width":"","exclude_from_search":false,"footnotes":""},"class_list":["post-16722","page","type-page","status-publish","hentry"],"yoast_head":"<!-- This site is optimized with the Yoast SEO plugin v23.8 - https:\/\/yoast.com\/wordpress\/plugins\/seo\/ -->\n<title>Dobitni brojevi Ii rezultati internacionalnih lutrija<\/title>\n<meta name=\"description\" content=\"Da li imate dobitni listi\u0107? Prona\u0111ite rezultate i dobitne brojeve internacionalnih lutrija ovdje\" \/>\n<meta name=\"robots\" content=\"index, follow, max-snippet:-1, max-image-preview:large, max-video-preview:-1\" \/>\n<link rel=\"canonical\" href=\"https:\/\/redfoxlotto.com\/hr\/rezultati\/\" \/>\n<meta property=\"og:locale\" content=\"hr_HR\" \/>\n<meta property=\"og:type\" content=\"article\" \/>\n<meta property=\"og:title\" content=\"Dobitni brojevi Ii rezultati internacionalnih lutrija\" \/>\n<meta property=\"og:description\" content=\"Da li imate dobitni listi\u0107? Prona\u0111ite rezultate i dobitne brojeve internacionalnih lutrija ovdje\" \/>\n<meta property=\"og:url\" content=\"https:\/\/redfoxlotto.com\/hr\/rezultati\/\" \/>\n<meta property=\"og:site_name\" content=\"Get Tickets for the World\u2019s largest jackpots\" \/>\n<meta property=\"article:modified_time\" content=\"2025-12-18T08:24:41+00:00\" \/>\n<meta property=\"og:image\" content=\"https:\/\/content.redfoxlotto.com\/uploads\/sites\/9\/1_winning_lottery_numbers.jpg\" \/>\n<meta name=\"twitter:card\" content=\"summary_large_image\" \/>\n<meta name=\"twitter:label1\" content=\"Procijenjeno vrijeme \u010ditanja\" \/>\n\t<meta name=\"twitter:data1\" content=\"2 minute\" \/>\n<script type=\"application\/ld+json\" class=\"yoast-schema-graph\">{\"@context\":\"https:\/\/schema.org\",\"@graph\":[{\"@type\":\"WebPage\",\"@id\":\"https:\/\/redfoxlotto.com\/hr\/rezultati\/\",\"url\":\"https:\/\/redfoxlotto.com\/hr\/rezultati\/\",\"name\":\"Dobitni brojevi Ii rezultati internacionalnih lutrija\",\"isPartOf\":{\"@id\":\"https:\/\/redfoxlotto.com\/hr\/#website\"},\"primaryImageOfPage\":{\"@id\":\"https:\/\/redfoxlotto.com\/hr\/rezultati\/#primaryimage\"},\"image\":{\"@id\":\"https:\/\/redfoxlotto.com\/hr\/rezultati\/#primaryimage\"},\"thumbnailUrl\":\"https:\/\/content.redfoxlotto.com\/uploads\/sites\/9\/1_winning_lottery_numbers.jpg\",\"datePublished\":\"2023-04-24T14:13:24+00:00\",\"dateModified\":\"2025-12-18T08:24:41+00:00\",\"description\":\"Da li imate dobitni listi\u0107? Prona\u0111ite rezultate i dobitne brojeve internacionalnih lutrija ovdje\",\"breadcrumb\":{\"@id\":\"https:\/\/redfoxlotto.com\/hr\/rezultati\/#breadcrumb\"},\"inLanguage\":\"hr\",\"potentialAction\":[{\"@type\":\"ReadAction\",\"target\":[\"https:\/\/redfoxlotto.com\/hr\/rezultati\/\"]}]},{\"@type\":\"ImageObject\",\"inLanguage\":\"hr\",\"@id\":\"https:\/\/redfoxlotto.com\/hr\/rezultati\/#primaryimage\",\"url\":\"https:\/\/content.redfoxlotto.com\/uploads\/sites\/9\/1_winning_lottery_numbers.jpg\",\"contentUrl\":\"https:\/\/content.redfoxlotto.com\/uploads\/sites\/9\/1_winning_lottery_numbers.jpg\"},{\"@type\":\"BreadcrumbList\",\"@id\":\"https:\/\/redfoxlotto.com\/hr\/rezultati\/#breadcrumb\",\"itemListElement\":[{\"@type\":\"ListItem\",\"position\":1,\"name\":\"Home\",\"item\":\"https:\/\/redfoxlotto.com\/hr\/\"},{\"@type\":\"ListItem\",\"position\":2,\"name\":\"Rezultati internacionalnih lutrija\"}]},{\"@type\":\"WebSite\",\"@id\":\"https:\/\/redfoxlotto.com\/hr\/#website\",\"url\":\"https:\/\/redfoxlotto.com\/hr\/\",\"name\":\"Get Tickets for the World\u2019s largest jackpots\",\"description\":\"Participate in worldwide lottery jackpots from any country\",\"publisher\":{\"@id\":\"https:\/\/redfoxlotto.com\/hr\/#organization\"},\"potentialAction\":[{\"@type\":\"SearchAction\",\"target\":{\"@type\":\"EntryPoint\",\"urlTemplate\":\"https:\/\/redfoxlotto.com\/hr\/?s={search_term_string}\"},\"query-input\":{\"@type\":\"PropertyValueSpecification\",\"valueRequired\":true,\"valueName\":\"search_term_string\"}}],\"inLanguage\":\"hr\"},{\"@type\":\"Organization\",\"@id\":\"https:\/\/redfoxlotto.com\/hr\/#organization\",\"name\":\"Get Tickets for the World\u2019s largest jackpots\",\"url\":\"https:\/\/redfoxlotto.com\/hr\/\",\"logo\":{\"@type\":\"ImageObject\",\"inLanguage\":\"hr\",\"@id\":\"https:\/\/redfoxlotto.com\/hr\/#\/schema\/logo\/image\/\",\"url\":\"https:\/\/redfoxlotto.com\/wp-content\/uploads\/2023\/04\/logo.png\",\"contentUrl\":\"https:\/\/redfoxlotto.com\/wp-content\/uploads\/2023\/04\/logo.png\",\"width\":269,\"height\":53,\"caption\":\"Get Tickets for the World\u2019s largest jackpots\"},\"image\":{\"@id\":\"https:\/\/redfoxlotto.com\/hr\/#\/schema\/logo\/image\/\"}}]}<\/script>\n<!-- \/ Yoast SEO plugin. -->","yoast_head_json":{"title":"Dobitni brojevi Ii rezultati internacionalnih lutrija","description":"Da li imate dobitni listi\u0107? Prona\u0111ite rezultate i dobitne brojeve internacionalnih lutrija ovdje","robots":{"index":"index","follow":"follow","max-snippet":"max-snippet:-1","max-image-preview":"max-image-preview:large","max-video-preview":"max-video-preview:-1"},"canonical":"https:\/\/redfoxlotto.com\/hr\/rezultati\/","og_locale":"hr_HR","og_type":"article","og_title":"Dobitni brojevi Ii rezultati internacionalnih lutrija","og_description":"Da li imate dobitni listi\u0107? Prona\u0111ite rezultate i dobitne brojeve internacionalnih lutrija ovdje","og_url":"https:\/\/redfoxlotto.com\/hr\/rezultati\/","og_site_name":"Get Tickets for the World\u2019s largest jackpots","article_modified_time":"2025-12-18T08:24:41+00:00","og_image":[{"url":"https:\/\/content.redfoxlotto.com\/uploads\/sites\/9\/1_winning_lottery_numbers.jpg"}],"twitter_card":"summary_large_image","twitter_misc":{"Procijenjeno vrijeme \u010ditanja":"2 minute"},"schema":{"@context":"https:\/\/schema.org","@graph":[{"@type":"WebPage","@id":"https:\/\/redfoxlotto.com\/hr\/rezultati\/","url":"https:\/\/redfoxlotto.com\/hr\/rezultati\/","name":"Dobitni brojevi Ii rezultati internacionalnih lutrija","isPartOf":{"@id":"https:\/\/redfoxlotto.com\/hr\/#website"},"primaryImageOfPage":{"@id":"https:\/\/redfoxlotto.com\/hr\/rezultati\/#primaryimage"},"image":{"@id":"https:\/\/redfoxlotto.com\/hr\/rezultati\/#primaryimage"},"thumbnailUrl":"https:\/\/content.redfoxlotto.com\/uploads\/sites\/9\/1_winning_lottery_numbers.jpg","datePublished":"2023-04-24T14:13:24+00:00","dateModified":"2025-12-18T08:24:41+00:00","description":"Da li imate dobitni listi\u0107? Prona\u0111ite rezultate i dobitne brojeve internacionalnih lutrija ovdje","breadcrumb":{"@id":"https:\/\/redfoxlotto.com\/hr\/rezultati\/#breadcrumb"},"inLanguage":"hr","potentialAction":[{"@type":"ReadAction","target":["https:\/\/redfoxlotto.com\/hr\/rezultati\/"]}]},{"@type":"ImageObject","inLanguage":"hr","@id":"https:\/\/redfoxlotto.com\/hr\/rezultati\/#primaryimage","url":"https:\/\/content.redfoxlotto.com\/uploads\/sites\/9\/1_winning_lottery_numbers.jpg","contentUrl":"https:\/\/content.redfoxlotto.com\/uploads\/sites\/9\/1_winning_lottery_numbers.jpg"},{"@type":"BreadcrumbList","@id":"https:\/\/redfoxlotto.com\/hr\/rezultati\/#breadcrumb","itemListElement":[{"@type":"ListItem","position":1,"name":"Home","item":"https:\/\/redfoxlotto.com\/hr\/"},{"@type":"ListItem","position":2,"name":"Rezultati internacionalnih lutrija"}]},{"@type":"WebSite","@id":"https:\/\/redfoxlotto.com\/hr\/#website","url":"https:\/\/redfoxlotto.com\/hr\/","name":"Get Tickets for the World\u2019s largest jackpots","description":"Participate in worldwide lottery jackpots from any country","publisher":{"@id":"https:\/\/redfoxlotto.com\/hr\/#organization"},"potentialAction":[{"@type":"SearchAction","target":{"@type":"EntryPoint","urlTemplate":"https:\/\/redfoxlotto.com\/hr\/?s={search_term_string}"},"query-input":{"@type":"PropertyValueSpecification","valueRequired":true,"valueName":"search_term_string"}}],"inLanguage":"hr"},{"@type":"Organization","@id":"https:\/\/redfoxlotto.com\/hr\/#organization","name":"Get Tickets for the World\u2019s largest jackpots","url":"https:\/\/redfoxlotto.com\/hr\/","logo":{"@type":"ImageObject","inLanguage":"hr","@id":"https:\/\/redfoxlotto.com\/hr\/#\/schema\/logo\/image\/","url":"https:\/\/redfoxlotto.com\/wp-content\/uploads\/2023\/04\/logo.png","contentUrl":"https:\/\/redfoxlotto.com\/wp-content\/uploads\/2023\/04\/logo.png","width":269,"height":53,"caption":"Get Tickets for the World\u2019s largest jackpots"},"image":{"@id":"https:\/\/redfoxlotto.com\/hr\/#\/schema\/logo\/image\/"}}]}},"_links":{"self":[{"href":"https:\/\/redfoxlotto.com\/hr\/wp-json\/wp\/v2\/pages\/16722","targetHints":{"allow":["GET"]}}],"collection":[{"href":"https:\/\/redfoxlotto.com\/hr\/wp-json\/wp\/v2\/pages"}],"about":[{"href":"https:\/\/redfoxlotto.com\/hr\/wp-json\/wp\/v2\/types\/page"}],"author":[{"embeddable":true,"href":"https:\/\/redfoxlotto.com\/hr\/wp-json\/wp\/v2\/users\/1"}],"replies":[{"embeddable":true,"href":"https:\/\/redfoxlotto.com\/hr\/wp-json\/wp\/v2\/comments?post=16722"}],"version-history":[{"count":0,"href":"https:\/\/redfoxlotto.com\/hr\/wp-json\/wp\/v2\/pages\/16722\/revisions"}],"wp:attachment":[{"href":"https:\/\/redfoxlotto.com\/hr\/wp-json\/wp\/v2\/media?parent=16722"}],"curies":[{"name":"wp","href":"https:\/\/api.w.org\/{rel}","templated":true}]}}