{"id":16719,"date":"2018-11-18T08:54:25","date_gmt":"2018-11-18T08:54:25","guid":{"rendered":"https:\/\/redfoxlotto.com\/?page_id=1368"},"modified":"2025-12-18T10:40:06","modified_gmt":"2025-12-18T10:40:06","slug":"powerball","status":"publish","type":"page","link":"https:\/\/redfoxlotto.com\/hr\/lutrije\/powerball\/","title":{"rendered":"O Powerballu"},"content":{"rendered":"<p><script type=\"application\/ld+json\">\n{\n  \"@context\": \"https:\/\/schema.org\",\n  \"@type\": \"Service\",\n  \"name\": \"Igrajte Powerball online\",\n  \"url\": \"https:\/\/redfoxlotto.com\/hr\/lotteries\/powerball\",\n  \"description\": \"Kupite slu\u017ebene Powerball lutrijske listi\u0107e online, iz bilo koje zemlje. Posjetite RedFoxLotto, odaberite svoje brojeve i pridru\u017eite se sljede\u0107em izvla\u010denju.\",\n  \"serviceType\": \"Online usluga dostave lutrijskih listi\u0107a\",<\/p>\n<p>  \"provider\": {\n    \"@type\": \"Organization\",\n    \"name\": \"RedFoxLotto\",\n    \"url\": \"https:\/\/redfoxlotto.com\/hr\/\",\n    \"image\": \"https:\/\/redfoxlotto.com\/wp-content\/uploads\/2025\/12\/ticket_scans.jpg\",\n    \"sameAs\": []\n  },<\/p>\n<p>  \"areaServed\": \"Worldwide\",\n  \"termsOfService\": \"https:\/\/redfoxlotto.com\/terms-and-conditions\",<\/p>\n<p>  \"additionalProperty\": {\n    \"@type\": \"PropertyValue\",\n    \"name\": \"FAQ\",\n    \"value\": \"https:\/\/redfoxlotto.com\/hr\/faq\/\"\n  },<\/p>\n<p>  \"hasOfferCatalog\": {\n    \"@type\": \"OfferCatalog\",\n    \"name\": \"Powerball lutrijski listi\u0107i\",\n    \"itemListElement\": [\n      {\n        \"@type\": \"Offer\",\n        \"name\": \"Powerball listi\u0107i\",\n        \"url\": \"https:\/\/redfoxlotto.com\/hr\/lotteries\/powerball\",\n        \"description\": \"Kupite stvarne listi\u0107e online za sljede\u0107e Powerball izvla\u010denje u RedFoxLotto.\",\n        \"price\": \"5.90\",\n        \"priceCurrency\": \"\u20ac\",\n        \"availability\": \"https:\/\/schema.org\/InStock\",<\/p>\n<p>        \"itemOffered\": {\n          \"@type\": \"Service\",\n          \"name\": \"Powerball lutrijski listi\u0107i\",\n          \"description\": \"Sudjelujte u sljede\u0107em Powerball izvla\u010denju \u2013 kupite svoje listi\u0107e online putem RedFoxLotto.\"\n        }\n      }\n    ]\n  },<\/p>\n<p>  \"mainEntityOfPage\": {\n    \"@type\": \"WebPage\",\n    \"@id\": \"https:\/\/redfoxlotto.com\/hr\/lotteries\/powerball\"\n  }\n}\n<\/script><\/p>\n<p>Powerball je vjerojatno najpoznatija lutrija na svijetu, a postoji nekoliko vrlo dobrih razloga za to.<\/p>\n<p>Milijuni igra\u010da diljem svijeta igraju ovu igru. Jo\u0161 vi\u0161e, ne samo u SAD-u, ve\u0107 i online iz drugih zemalja poput Estonije, gdje mo\u017eete kupiti Powerball ulaznice online.<\/p>\n<p>Izvla\u010denja se odr\u017eavaju svaku subotu i srijedu, \u0161to zna\u010di da imate dvostruko vi\u0161e prilika da se uklju\u010dite i kupite ulaznicu. Ono \u0161to je zaista uzbudljivo je da je najve\u0107i ikad osvojeni jackpot u Powerballu iznosio 1.586.400.000 dolara!<\/p>\n<h2>Powerball lutrija diljem svijeta<\/h2>\n<p>Pomo\u0107u na\u0161e web stranice sada mo\u017eete postati multimilijuna\u0161 putem Powerballa. Pru\u017eamo vam priliku da kupite Powerball ulaznice online. Sve \u0161to trebate u\u010diniti je pogledati \u0161to na\u0161 sustav nudi. Vidjet \u0107ete da mo\u017eete dobiti svoju prvu ulaznicu na svom ra\u010dunu samo nekoliko jednostavnih koraka. Dakle, pogledajmo malo bli\u017ee \u0161to trebate u\u010diniti.<\/p>\n<p><img decoding=\"async\" class=\"wp-image alignright\" src=\"https:\/\/redfoxlotto.com\/wp-content\/uploads\/sites\/9\/ticket_powerball3.jpg\" alt=\"lutrija Powerball\" \/><\/p>\n<h2>Kako kupiti Powerball ulaznicu online iz Hrvatske<\/h2>\n<p>Prvi korak je jednostavno provjeriti razli\u010dite lutrijske igre koje imamo na raspolaganju. Sre\u0107om, za vas postoji nekoliko odli\u010dnih ulaznica i igara jer \u017eelimo osigurati da mo\u017eete sudjelovati u svim najve\u0107im jackpotovima. Dakle, sve najve\u0107e igre diljem svijeta dostupne su iz Estonije putem na\u0161e web stranice. Samo pogledajte dostupne igre i odlu\u010dite koju \u017eelite igrati.<\/p>\n<p>Kada ste se odlu\u010dili za igru (u ovom slu\u010daju Powerball), samo kliknite na poveznicu i otvorite stranicu. Vidjet \u0107ete vi\u0161e informacija o igri i saznat \u0107ete kako dobiti vlastitu ulaznicu. Sve \u0161to trebate u\u010diniti je odabrati brojeve koje \u017eelite. Naravno, mo\u017eete odabrati i brzo odabiranje ako ne znate koje brojeve \u017eelite.<\/p>\n<p>Na na\u0161oj web stranici, kada po\u010dnete birati brojeve, re\u0107i \u0107emo vam to\u010dno koliko ih trebate odabrati i osigurat \u0107emo da nemate previ\u0161e ili premalo brojeva za valjanu ulaznicu. Tako\u0111er \u0107ete imati mogu\u0107nost odabira kombinacije slu\u010dajno odabranih i osobno odabranih brojeva po \u017eelji. Tako\u0111er mo\u017eete odabrati vi\u0161e ulaznica za igru.<\/p>\n<h2>Zatim \u0107ete mo\u0107i dodati ulaznice u ko\u0161aricu,<\/h2>\n<p>a zatim mo\u017eete odabrati dodatne ulaznice za Powerball ili druge igre koje \u017eelite igrati. Zatim samo trebate postaviti vlastiti ra\u010dun. Kada to u\u010dinite, tra\u017eit \u0107emo od vas neke osobne informacije koje \u0107e vas osigurati kada \u017eelite kupiti ulaznice i kada \u017eelite povu\u0107i novac s ra\u010duna. Tako\u0111er \u0107ete mo\u0107i postaviti sve ra\u010dune koje \u017eelite.<\/p>\n<h2>Pravila za Powerball ulaznice online<\/h2>\n<p>Kada postavljate svoju Powerball ulaznicu, \u017eelite znati sve o pravilima koja morate slijediti i kako odabrati ulaznicu. Dakle, \u0161to trebate u\u010diniti?<\/p>\n<p>Morate odabrati 5 brojeva izme\u0111u 1 i 69, plus jedan Powerball broj od 1 do 26. Sva \u0161est brojeva moraju se podudarati na va\u0161oj ulaznici. Tada ste osvojili jackpot. Ako to\u010dno pogodite samo prvih 5 brojeva, tada va\u0161a ulaznica osvaja drugu nagradnu razinu. To \u0107e vas i dalje u\u010diniti bogatijima za 1 milijun dolara. Dobitke jackpota Powerballa mo\u017eete dobiti kao jednokratno pla\u0107anje ili u 30 godi\u0161njih obroka.<\/p>\n<h2>Kupite Powerball ulaznicu online i osvojite!<\/h2>\n<p>Dakle, \u0161to \u0107e se dogoditi ako zapravo osvojite Powerball jackpot? Bit \u0107e to puno zabave i definitivno \u0107ete biti jako uzbu\u0111eni. Tako\u0111er \u0107ete morati planirati putovanje u Sjedinjene Ameri\u010dke Dr\u017eave jer vole praviti veliku stvar od ljudi koji pobijede.<\/p>\n<p>To zna\u010di da \u0107e slikati, predstaviti vam veliki \u010dek i puno vi\u0161e, a mi \u0107emo se pobrinuti da ste spremni za to s ulaznicom i informacijama koje vam trebaju za preuzimanje va\u0161e nagrade.<\/p>\n<p>Ako osvojite ni\u017eu razinu nagrade, mo\u017eemo vam izravno uplatiti novac na ra\u010dun kako biste ga mogli povu\u0107i s ra\u010duna ili ga koristiti za kupnju dodatnih ulaznica. Za one koji osvoje ve\u0107e nagrade, ali ne jackpot, mo\u0107i \u0107ete izvr\u0161iti izravan prijenos na svoj ra\u010dun i kontaktirat \u0107emo vas da vam ka\u017eemo \u0161to trebate u\u010diniti i kako sve to mo\u017eete postaviti. Ali kako \u0107ete znati?<\/p>\n<p>Ako redovito provjeravate svoj ra\u010dun, mo\u0107i \u0107ete vidjeti a\u017euriranja na svojoj ulaznici i vidjet \u0107ete sve brojeve koji se podudaraju. Tako\u0111er \u0107ete odmah dobiti novac za manje iznose preba\u010den u svoj ra\u010dun. Me\u0111utim, svaki iznos koji osvojite bit \u0107e prikazan u va<\/p>\n<p>\u0161oj e-po\u0161ti. To zna\u010di da \u0107ete mo\u0107i samo provjeriti svoju e-po\u0161tu i vidjeti da ste osvojili, tako da mo\u017eete odmah oti\u0107i na svoj ra\u010dun.<\/p>\n<p><img decoding=\"async\" class=\"size-full wp-image alignright\" src=\"https:\/\/content.redfoxlotto.com\/uploads\/sites\/9\/1_buy_lottery_online.jpg\" alt=\"kupite ulaznice online\" \/><\/p>\n<h2>Igranje novih igara<\/h2>\n<p>Ako ste spremni po\u010deti igrati i \u017eelite kupiti Powerball ulaznice online, definitivno \u0107ete htjeti pogledati i neke druge opcije koje imamo. Zapravo, imamo najpopularnije lutrijske igre koje se doga\u0111aju bilo gdje na svijetu, a sve \u0161to trebate u\u010diniti je odlu\u010diti koja \u0107e vam biti omiljena i koju \u017eelite isprobati sljede\u0107u.<\/p>\n<p>Dakle, brzo pogledajte \u0161to je dostupno i kako mo\u017eete dobiti sve ulaznice koje \u017eelite. I pobrinite se da prou\u010dite sve informacije o svakoj igri, kada \u0107e se odr\u017eati izvla\u010denje, koliko mo\u017eete osvojiti i jo\u0161 mnogo toga.<\/p>\n<p>\u017delite li igrati i dobiti Powerball ulaznice online? Po\u010dnite odmah, ba\u0161 ovdje.<\/p>\n","protected":false},"excerpt":{"rendered":"<p>Powerball je vjerojatno najpoznatija lutrija na svijetu, a postoji nekoliko vrlo dobrih razloga za to. Milijuni igra\u010da diljem svijeta igraju ovu igru. Jo\u0161 vi\u0161e, ne samo u SAD-u, ve\u0107 i online iz drugih zemalja poput Estonije, gdje mo\u017eete kupiti Powerball ulaznice online. Izvla\u010denja se odr\u017eavaju svaku subotu i srijedu, \u0161to zna\u010di da imate dvostruko vi\u0161e [&hellip;]<\/p>\n","protected":false},"author":1,"featured_media":0,"parent":16714,"menu_order":1,"comment_status":"closed","ping_status":"closed","template":"powerball-usa-info.php","meta":{"_et_pb_use_builder":"","_et_pb_old_content":"","_et_gb_content_width":"","exclude_from_search":false,"footnotes":""},"class_list":["post-16719","page","type-page","status-publish","hentry"],"yoast_head":"<!-- This site is optimized with the Yoast SEO plugin v27.3 - https:\/\/yoast.com\/product\/yoast-seo-wordpress\/ -->\n<title>Kupite Powerball ulaznice online iz Hrvatske | Osvojite Powerball ovdje<\/title>\n<meta name=\"description\" content=\"Kako kupiti ulaznicu online za Powerball Lotto SAD? Na\u0161a usluga omogu\u0107uje vam sudjelovanje u Powerballu SAD-a iz Hrvatske.\" \/>\n<meta name=\"robots\" content=\"index, follow, max-snippet:-1, max-image-preview:large, max-video-preview:-1\" \/>\n<link rel=\"canonical\" href=\"https:\/\/redfoxlotto.com\/hr\/lutrije\/powerball\/\" \/>\n<meta property=\"og:locale\" content=\"hr_HR\" \/>\n<meta property=\"og:type\" content=\"article\" \/>\n<meta property=\"og:title\" content=\"Kupite Powerball ulaznice online iz Hrvatske | Osvojite Powerball ovdje\" \/>\n<meta property=\"og:description\" content=\"Kako kupiti ulaznicu online za Powerball Lotto SAD? Na\u0161a usluga omogu\u0107uje vam sudjelovanje u Powerballu SAD-a iz Hrvatske.\" \/>\n<meta property=\"og:url\" content=\"https:\/\/redfoxlotto.com\/hr\/lutrije\/powerball\/\" \/>\n<meta property=\"og:site_name\" content=\"Get Tickets for the World\u2019s largest jackpots\" \/>\n<meta property=\"article:modified_time\" content=\"2025-12-18T10:40:06+00:00\" \/>\n<meta property=\"og:image\" content=\"https:\/\/redfoxlotto.com\/wp-content\/uploads\/sites\/9\/ticket_powerball3.jpg\" \/>\n<meta name=\"twitter:card\" content=\"summary_large_image\" \/>\n<meta name=\"twitter:label1\" content=\"Procijenjeno vrijeme \u010ditanja\" \/>\n\t<meta name=\"twitter:data1\" content=\"4 minute\" \/>\n<script type=\"application\/ld+json\" class=\"yoast-schema-graph\">{\"@context\":\"https:\\\/\\\/schema.org\",\"@graph\":[{\"@type\":\"WebPage\",\"@id\":\"https:\\\/\\\/redfoxlotto.com\\\/hr\\\/lutrije\\\/powerball\\\/\",\"url\":\"https:\\\/\\\/redfoxlotto.com\\\/hr\\\/lutrije\\\/powerball\\\/\",\"name\":\"Kupite Powerball ulaznice online iz Hrvatske | Osvojite Powerball ovdje\",\"isPartOf\":{\"@id\":\"https:\\\/\\\/redfoxlotto.com\\\/hr\\\/#website\"},\"primaryImageOfPage\":{\"@id\":\"https:\\\/\\\/redfoxlotto.com\\\/hr\\\/lutrije\\\/powerball\\\/#primaryimage\"},\"image\":{\"@id\":\"https:\\\/\\\/redfoxlotto.com\\\/hr\\\/lutrije\\\/powerball\\\/#primaryimage\"},\"thumbnailUrl\":\"https:\\\/\\\/redfoxlotto.com\\\/wp-content\\\/uploads\\\/sites\\\/9\\\/ticket_powerball3.jpg\",\"datePublished\":\"2018-11-18T08:54:25+00:00\",\"dateModified\":\"2025-12-18T10:40:06+00:00\",\"description\":\"Kako kupiti ulaznicu online za Powerball Lotto SAD? Na\u0161a usluga omogu\u0107uje vam sudjelovanje u Powerballu SAD-a iz Hrvatske.\",\"breadcrumb\":{\"@id\":\"https:\\\/\\\/redfoxlotto.com\\\/hr\\\/lutrije\\\/powerball\\\/#breadcrumb\"},\"inLanguage\":\"hr\",\"potentialAction\":[{\"@type\":\"ReadAction\",\"target\":[\"https:\\\/\\\/redfoxlotto.com\\\/hr\\\/lutrije\\\/powerball\\\/\"]}]},{\"@type\":\"ImageObject\",\"inLanguage\":\"hr\",\"@id\":\"https:\\\/\\\/redfoxlotto.com\\\/hr\\\/lutrije\\\/powerball\\\/#primaryimage\",\"url\":\"https:\\\/\\\/redfoxlotto.com\\\/wp-content\\\/uploads\\\/sites\\\/9\\\/ticket_powerball3.jpg\",\"contentUrl\":\"https:\\\/\\\/redfoxlotto.com\\\/wp-content\\\/uploads\\\/sites\\\/9\\\/ticket_powerball3.jpg\"},{\"@type\":\"BreadcrumbList\",\"@id\":\"https:\\\/\\\/redfoxlotto.com\\\/hr\\\/lutrije\\\/powerball\\\/#breadcrumb\",\"itemListElement\":[{\"@type\":\"ListItem\",\"position\":1,\"name\":\"Home\",\"item\":\"https:\\\/\\\/redfoxlotto.com\\\/hr\\\/\"},{\"@type\":\"ListItem\",\"position\":2,\"name\":\"Kako kupiti loto listi\u0107e on-line \u2013 proces kupovine\",\"item\":\"https:\\\/\\\/redfoxlotto.com\\\/hr\\\/lutrije\\\/\"},{\"@type\":\"ListItem\",\"position\":3,\"name\":\"O Powerballu\"}]},{\"@type\":\"WebSite\",\"@id\":\"https:\\\/\\\/redfoxlotto.com\\\/hr\\\/#website\",\"url\":\"https:\\\/\\\/redfoxlotto.com\\\/hr\\\/\",\"name\":\"Get Tickets for the World\u2019s largest jackpots\",\"description\":\"Participate in worldwide lottery jackpots from any country\",\"publisher\":{\"@id\":\"https:\\\/\\\/redfoxlotto.com\\\/hr\\\/#organization\"},\"potentialAction\":[{\"@type\":\"SearchAction\",\"target\":{\"@type\":\"EntryPoint\",\"urlTemplate\":\"https:\\\/\\\/redfoxlotto.com\\\/hr\\\/?s={search_term_string}\"},\"query-input\":{\"@type\":\"PropertyValueSpecification\",\"valueRequired\":true,\"valueName\":\"search_term_string\"}}],\"inLanguage\":\"hr\"},{\"@type\":\"Organization\",\"@id\":\"https:\\\/\\\/redfoxlotto.com\\\/hr\\\/#organization\",\"name\":\"Get Tickets for the World\u2019s largest jackpots\",\"url\":\"https:\\\/\\\/redfoxlotto.com\\\/hr\\\/\",\"logo\":{\"@type\":\"ImageObject\",\"inLanguage\":\"hr\",\"@id\":\"https:\\\/\\\/redfoxlotto.com\\\/hr\\\/#\\\/schema\\\/logo\\\/image\\\/\",\"url\":\"https:\\\/\\\/redfoxlotto.com\\\/wp-content\\\/uploads\\\/2023\\\/04\\\/logo.png\",\"contentUrl\":\"https:\\\/\\\/redfoxlotto.com\\\/wp-content\\\/uploads\\\/2023\\\/04\\\/logo.png\",\"width\":269,\"height\":53,\"caption\":\"Get Tickets for the World\u2019s largest jackpots\"},\"image\":{\"@id\":\"https:\\\/\\\/redfoxlotto.com\\\/hr\\\/#\\\/schema\\\/logo\\\/image\\\/\"}}]}<\/script>\n<!-- \/ Yoast SEO plugin. -->","yoast_head_json":{"title":"Kupite Powerball ulaznice online iz Hrvatske | Osvojite Powerball ovdje","description":"Kako kupiti ulaznicu online za Powerball Lotto SAD? Na\u0161a usluga omogu\u0107uje vam sudjelovanje u Powerballu SAD-a iz Hrvatske.","robots":{"index":"index","follow":"follow","max-snippet":"max-snippet:-1","max-image-preview":"max-image-preview:large","max-video-preview":"max-video-preview:-1"},"canonical":"https:\/\/redfoxlotto.com\/hr\/lutrije\/powerball\/","og_locale":"hr_HR","og_type":"article","og_title":"Kupite Powerball ulaznice online iz Hrvatske | Osvojite Powerball ovdje","og_description":"Kako kupiti ulaznicu online za Powerball Lotto SAD? Na\u0161a usluga omogu\u0107uje vam sudjelovanje u Powerballu SAD-a iz Hrvatske.","og_url":"https:\/\/redfoxlotto.com\/hr\/lutrije\/powerball\/","og_site_name":"Get Tickets for the World\u2019s largest jackpots","article_modified_time":"2025-12-18T10:40:06+00:00","og_image":[{"url":"https:\/\/redfoxlotto.com\/wp-content\/uploads\/sites\/9\/ticket_powerball3.jpg","type":"","width":"","height":""}],"twitter_card":"summary_large_image","twitter_misc":{"Procijenjeno vrijeme \u010ditanja":"4 minute"},"schema":{"@context":"https:\/\/schema.org","@graph":[{"@type":"WebPage","@id":"https:\/\/redfoxlotto.com\/hr\/lutrije\/powerball\/","url":"https:\/\/redfoxlotto.com\/hr\/lutrije\/powerball\/","name":"Kupite Powerball ulaznice online iz Hrvatske | Osvojite Powerball ovdje","isPartOf":{"@id":"https:\/\/redfoxlotto.com\/hr\/#website"},"primaryImageOfPage":{"@id":"https:\/\/redfoxlotto.com\/hr\/lutrije\/powerball\/#primaryimage"},"image":{"@id":"https:\/\/redfoxlotto.com\/hr\/lutrije\/powerball\/#primaryimage"},"thumbnailUrl":"https:\/\/redfoxlotto.com\/wp-content\/uploads\/sites\/9\/ticket_powerball3.jpg","datePublished":"2018-11-18T08:54:25+00:00","dateModified":"2025-12-18T10:40:06+00:00","description":"Kako kupiti ulaznicu online za Powerball Lotto SAD? Na\u0161a usluga omogu\u0107uje vam sudjelovanje u Powerballu SAD-a iz Hrvatske.","breadcrumb":{"@id":"https:\/\/redfoxlotto.com\/hr\/lutrije\/powerball\/#breadcrumb"},"inLanguage":"hr","potentialAction":[{"@type":"ReadAction","target":["https:\/\/redfoxlotto.com\/hr\/lutrije\/powerball\/"]}]},{"@type":"ImageObject","inLanguage":"hr","@id":"https:\/\/redfoxlotto.com\/hr\/lutrije\/powerball\/#primaryimage","url":"https:\/\/redfoxlotto.com\/wp-content\/uploads\/sites\/9\/ticket_powerball3.jpg","contentUrl":"https:\/\/redfoxlotto.com\/wp-content\/uploads\/sites\/9\/ticket_powerball3.jpg"},{"@type":"BreadcrumbList","@id":"https:\/\/redfoxlotto.com\/hr\/lutrije\/powerball\/#breadcrumb","itemListElement":[{"@type":"ListItem","position":1,"name":"Home","item":"https:\/\/redfoxlotto.com\/hr\/"},{"@type":"ListItem","position":2,"name":"Kako kupiti loto listi\u0107e on-line \u2013 proces kupovine","item":"https:\/\/redfoxlotto.com\/hr\/lutrije\/"},{"@type":"ListItem","position":3,"name":"O Powerballu"}]},{"@type":"WebSite","@id":"https:\/\/redfoxlotto.com\/hr\/#website","url":"https:\/\/redfoxlotto.com\/hr\/","name":"Get Tickets for the World\u2019s largest jackpots","description":"Participate in worldwide lottery jackpots from any country","publisher":{"@id":"https:\/\/redfoxlotto.com\/hr\/#organization"},"potentialAction":[{"@type":"SearchAction","target":{"@type":"EntryPoint","urlTemplate":"https:\/\/redfoxlotto.com\/hr\/?s={search_term_string}"},"query-input":{"@type":"PropertyValueSpecification","valueRequired":true,"valueName":"search_term_string"}}],"inLanguage":"hr"},{"@type":"Organization","@id":"https:\/\/redfoxlotto.com\/hr\/#organization","name":"Get Tickets for the World\u2019s largest jackpots","url":"https:\/\/redfoxlotto.com\/hr\/","logo":{"@type":"ImageObject","inLanguage":"hr","@id":"https:\/\/redfoxlotto.com\/hr\/#\/schema\/logo\/image\/","url":"https:\/\/redfoxlotto.com\/wp-content\/uploads\/2023\/04\/logo.png","contentUrl":"https:\/\/redfoxlotto.com\/wp-content\/uploads\/2023\/04\/logo.png","width":269,"height":53,"caption":"Get Tickets for the World\u2019s largest jackpots"},"image":{"@id":"https:\/\/redfoxlotto.com\/hr\/#\/schema\/logo\/image\/"}}]}},"_links":{"self":[{"href":"https:\/\/redfoxlotto.com\/hr\/wp-json\/wp\/v2\/pages\/16719","targetHints":{"allow":["GET"]}}],"collection":[{"href":"https:\/\/redfoxlotto.com\/hr\/wp-json\/wp\/v2\/pages"}],"about":[{"href":"https:\/\/redfoxlotto.com\/hr\/wp-json\/wp\/v2\/types\/page"}],"author":[{"embeddable":true,"href":"https:\/\/redfoxlotto.com\/hr\/wp-json\/wp\/v2\/users\/1"}],"replies":[{"embeddable":true,"href":"https:\/\/redfoxlotto.com\/hr\/wp-json\/wp\/v2\/comments?post=16719"}],"version-history":[{"count":0,"href":"https:\/\/redfoxlotto.com\/hr\/wp-json\/wp\/v2\/pages\/16719\/revisions"}],"up":[{"embeddable":true,"href":"https:\/\/redfoxlotto.com\/hr\/wp-json\/wp\/v2\/pages\/16714"}],"wp:attachment":[{"href":"https:\/\/redfoxlotto.com\/hr\/wp-json\/wp\/v2\/media?parent=16719"}],"curies":[{"name":"wp","href":"https:\/\/api.w.org\/{rel}","templated":true}]}}