{"id":16717,"date":"2018-11-18T08:54:25","date_gmt":"2018-11-18T08:54:25","guid":{"rendered":"https:\/\/redfoxlotto.com\/?page_id=1364"},"modified":"2025-12-18T12:52:06","modified_gmt":"2025-12-18T12:52:06","slug":"mega-millions","status":"publish","type":"page","link":"https:\/\/redfoxlotto.com\/hr\/lutrije\/mega-millions\/","title":{"rendered":"O Mega Milijuni"},"content":{"rendered":"<p><script type=\"application\/ld+json\">\n{\n  \"@context\": \"https:\/\/schema.org\",\n  \"@type\": \"Service\",\n  \"name\": \"Igraj Mega Millions online\",\n  \"url\": \"https:\/\/redfoxlotto.com\/hr\/lotteries\/mega-millions\",\n  \"description\": \"Kupite slu\u017ebene Mega Millions lutrijske listi\u0107e online iz bilo koje zemlje. Posjetite RedFoxLotto, odaberite svoje brojeve i sudjelujte u sljede\u0107em izvla\u010denju.\",\n  \"serviceType\": \"Online posredni\u010dka usluga za lutrijske listi\u0107e\",<\/p>\n<p>  \"provider\": {\n    \"@type\": \"Organization\",\n    \"name\": \"RedFoxLotto\",\n    \"url\": \"https:\/\/redfoxlotto.com\/hr\",\n    \"image\": \"https:\/\/redfoxlotto.com\/hr\/wp-content\/uploads\/2025\/12\/ticket_scans.jpg\",\n    \"sameAs\": []\n  },<\/p>\n<p>  \"areaServed\": \"Worldwide\",\n  \"termsOfService\": \"https:\/\/redfoxlotto.com\/terms-and-conditions\",<\/p>\n<p>  \"additionalProperty\": {\n    \"@type\": \"PropertyValue\",\n    \"name\": \"\u010cesta pitanja\",\n    \"value\": \"https:\/\/redfoxlotto.com\/hr\/faq\/\"\n  },<\/p>\n<p>  \"hasOfferCatalog\": {\n    \"@type\": \"OfferCatalog\",\n    \"name\": \"Mega Millions listi\u0107i\",\n    \"itemListElement\": [\n      {\n        \"@type\": \"Offer\",\n        \"name\": \"Mega Millions listi\u0107i\",\n        \"url\": \"https:\/\/redfoxlotto.com\/hr\/lotteries\/powerball\",\n        \"description\": \"Kupite prave listi\u0107e online za sljede\u0107e Mega Millions izvla\u010denje putem RedFoxLotto.\",\n        \"price\": \"13.00\",\n        \"priceCurrency\": \"\u20ac\",\n        \"availability\": \"https:\/\/schema.org\/InStock\",<\/p>\n<p>        \"itemOffered\": {\n          \"@type\": \"Service\",\n          \"name\": \"Mega Millions lutrijski listi\u0107i\",\n          \"description\": \"Sudjelujte u sljede\u0107em Mega Millions izvla\u010denju \u2013 kupite listi\u0107e online putem RedFoxLotto.\"\n        }\n      }\n    ]\n  },<\/p>\n<p>  \"mainEntityOfPage\": {\n    \"@type\": \"WebPage\",\n    \"@id\": \"https:\/\/redfoxlotto.com\/hr\/lotteries\/mega-millions\"\n  }\n}\n<\/script><\/p>\n<p>Poznat kao &#8220;The Big Game&#8221; do 2002. godine, ovu lutriju 44 ameri\u010dke dr\u017eave sada poznaje cijeli svijet kao Mega Milijuni. Dvaput tjedno (svaki utorak i petak) odr\u017eavaju se izvla\u010denja u tu svrhu. Ako do sada niste \u010duli za ovu igru ili ako do sada niste stvarno obra\u0107ali pa\u017enju, definitivno \u0107ete \u017eeljeti pa\u017eljivije pogledati i vidjeti \u0161to mo\u017eete posti\u0107i s ovom igrom.<\/p>\n<p>To \u0107e definitivno biti nagrada koju \u017eelite osvojiti, a i igra je vrlo jednostavna za igranje. To \u010dini da je kupovina ulaznica za Mega Milijune putem interneta iz Hrvatske za vas pobjedni\u010dki potez.<\/p>\n<h2>Jackpot Mega Milijuna<\/h2>\n<p>Mega Milijuni su poznati po svojim velikim jackpotima. 2018. godine jedan sretnik je osvojio rekordni jackpot od preko 1,5 milijardi dolara. To je definitivno vrsta jackpota koju \u017eelite osvojiti, zar ne? A \u0161anse definitivno nisu tako lo\u0161e kao kod nekih drugih jackpotova.<\/p>\n<p><img loading=\"lazy\" decoding=\"async\" class=\"alignright wp-image\" src=\"https:\/\/content.redfoxlotto.com\/uploads\/sites\/9\/2_ticket_mega_millions2.jpg\" alt=\"Mega Milijuni online\" width=\"200\" height=\"207\" \/><\/p>\n<p>Ono \u0161to je jo\u0161 bolje kod Mega Milijuna je da \u0107e jackpoti uvijek biti visoki. Zapravo, jackpot zapo\u010dinje s 40 milijuna dolara. Dakle, \u010dak i ako osvojite osnovni jackpot prije nego \u0161to po\u010dne rasti (\u0161to se vrlo rijetko doga\u0111a), dobit \u0107ete sjajnu isplatu.<\/p>\n<p>Ako kasnije osvojite jackpot, kako po\u010dne rasti, mo\u017eete osvojiti puno vi\u0161e. \u0160tovi\u0161e, ovi jackpoti se brzo pove\u0107avaju. Dakle, ono \u0161to danas zapo\u010dne s 40 milijuna dolara, za samo tjedan ili manje moglo bi biti preko 100 milijuna dolara. Odatle mo\u017ee narasti na nekoliko stotina milijuna, a mo\u017eda \u010dak i sudjelujete u jo\u0161 jednom izvla\u010denju vrijednom milijardu dolara. To bi definitivno bilo vrijedno ulaganja nekoliko dolara za ulaznice, zar ne?<\/p>\n<p>Na na\u0161oj web stranici imate priliku kupiti ulaznice za Mega Milijune putem interneta, \u010dak i ako \u017eivite u Hrvatskoj. Samo odaberite svoje brojeve, kupite ulaznicu i \u010dekajte rezultate izvla\u010denja! Pro\u0107i \u0107emo kroz neke op\u0107e korake i \u0161to je potrebno za po\u010detak za minutu, ali prvo se usredoto\u010dimo na same Mega Milijune, zar ne?<\/p>\n<h2>Pravila Mega Milijuna<\/h2>\n<p>Pravila Mega Milijuna su jednostavna. Morate odabrati 5 brojeva izme\u0111u 1 i 70, plus dodatni MegaBall broj.<\/p>\n<p>Svi brojevi moraju se podudarati kako biste osvojili jackpot. To ne zna\u010di da ne mo\u017eete ni\u0161ta osvojiti ako ne osvojite taj jackpot. Zapravo, postoji nekoliko razli\u010ditih nagrada koje mo\u017eete osvojiti. Kod Mega Milijuna mo\u017eete osvojiti u devet raspona nagrada.<\/p>\n<p>Ono \u0161to je stvarno sjajno je da zapravo mo\u017eete osvojiti nagradu temeljem samo jednog broja, sve dok je taj broj MegaBall. Ako se podudarate s tim brojem, osvojit \u0107ete automatsku nagradu, a to je samo po\u010detak. Mo\u017eete osvojiti vrlo male nagrade koje samo vra\u0107aju novac koji ste potro\u0161ili za kupnju ulaznice ili mo\u017eete osvojiti velike nagrade koje su i dalje manje od stvarnog jackpota.<br \/>Osim toga, svaka nagrada ispod jackpota osvaja se pojedina\u010dno. To zna\u010di da ne morate dijeliti novac ako netko drugi tako\u0111er osvoji tu nagradu.<\/p>\n<h2>Kupnja ulaznice za Mega Milijune putem interneta u Hrvatskoj<\/h2>\n<p>Jeste li spremni kupiti svoju prvu ulaznicu za Mega Milijune putem interneta? Ako jeste, definitivno \u0107ete \u017eeljeti pogledati korake koji su uklju\u010deni u proces. U\u010dinimo to \u0161to je mogu\u0107e jednostavnije jer znamo da zaista \u017eelite kupiti ulaznicu, sudjelovati u izvla\u010denju i nastaviti sa svim ostalim stvarima koje se doga\u0111aju u va\u0161em \u017eivotu. Dakle, \u010dinimo to samo u nekoliko koraka.<\/p>\n<p>Prvi korak je odlu\u010diti \u0161to \u0107ete kupiti. Ako \u017eelite kupiti ulaznice za Mega Milijune putem interneta, to \u0107e biti jednostavno. Samo prona\u0111ite igru i idite na stranicu koja je posebno za nju.<\/p>\n<p>Ako \u017eelite kupiti ulaznice za druge igre, tako\u0111er \u0107ete mo\u0107i vidjeti svaku od njih, kao i njihove trenutne dostupne jackpote izravno na istom zaslonu i tako\u0111er mo\u017eete u\u0107i u svaku od njih pojedina\u010dno. To vam olak\u0161ava odluku o tome \u0161to \u0107ete raditi i odabir ulaznica koje \u017eelite.<\/p>\n<p>Kada ste na stranici, mo\u017eete saznati vi\u0161e o Mega Milijunima, a zatim odabrati brojeve koje \u017eelite igrati. Ako imate odre\u0111ene brojeve koje \u017eelite, mo\u017eete ih odabrati upravo na tom zaslonu. Ako imate samo nekoliko brojeva i \u017eelite da se ostatak nasumi\u010dno dodijeli, to je tako\u0111er mogu\u0107nost. Ili mo\u017eete odabrati potpuno nasumi\u010dnu ulaznicu. Potpuno je na vama. U<\/p>\n<p>svakom slu\u010daju, znat \u0107ete imate li dovoljno brojeva, premalo ili previ\u0161e, jer \u0107emo se pobrinuti da va\u0161a ulaznica bude valjana prije nego \u0161to uop\u0107e do\u0111ete do sljede\u0107e stranice.<\/p>\n<h2>Proces pla\u0107anja<\/h2>\n<p>Nakon \u0161to ste odabrali ulaznice za Mega Milijune koje \u017eelite, mo\u017eete ih dodati u ko\u0161aricu i odabrati dodatne ulaznice ako \u017eelite, ili mo\u017eete nastaviti s procesom pla\u0107anja. Kada obavite pla\u0107anje, trebat \u0107e vam ra\u010dun kod nas, ali i to \u010dinimo vrlo jednostavnim za postavljanje.<\/p>\n<p><img loading=\"lazy\" decoding=\"async\" class=\"alignright wp-image\" src=\"https:\/\/content.redfoxlotto.com\/uploads\/sites\/9\/1_buy_mega_millions_lottery_tickets.jpg\" alt=\"kupite ulaznice online\" width=\"287\" height=\"202\" \/><\/p>\n<p>Samo ispunite osnovne podatke o sebi kako biste mogli preuzeti nagrade ako je potrebno.<\/p>\n<p>To je sve. Potvr\u0111ujete svoju kupnju, mi nabavljamo ulaznice za vas i prikazat \u0107e se izravno na va\u0161em ra\u010dunu tako da mo\u017eete pratiti i vidjeti jeste li osvojili. \u010cak \u0107emo vam poslati e-po\u0161tu ako va\u0161a ulaznica osvoji i pokazati vam izravno na va\u0161em ra\u010dunu koje brojeve ste pogodili iz izvla\u010denja. Ne\u0107ete imati problema s odli\u010dnim iskustvom s Mega Milijunima i sigurno \u0107ete htjeti nastaviti igrati svaku igru.<\/p>\n","protected":false},"excerpt":{"rendered":"<p>Poznat kao &#8220;The Big Game&#8221; do 2002. godine, ovu lutriju 44 ameri\u010dke dr\u017eave sada poznaje cijeli svijet kao Mega Milijuni. Dvaput tjedno (svaki utorak i petak) odr\u017eavaju se izvla\u010denja u tu svrhu. Ako do sada niste \u010duli za ovu igru ili ako do sada niste stvarno obra\u0107ali pa\u017enju, definitivno \u0107ete \u017eeljeti pa\u017eljivije pogledati i vidjeti [&hellip;]<\/p>\n","protected":false},"author":1,"featured_media":0,"parent":16714,"menu_order":2,"comment_status":"closed","ping_status":"closed","template":"megamillion-info.php","meta":{"_et_pb_use_builder":"","_et_pb_old_content":"","_et_gb_content_width":"","exclude_from_search":false,"footnotes":""},"class_list":["post-16717","page","type-page","status-publish","hentry"],"yoast_head":"<!-- This site is optimized with the Yoast SEO plugin v27.3 - https:\/\/yoast.com\/product\/yoast-seo-wordpress\/ -->\n<title>Kupite ulaznice za Mega Milijune putem interneta | Mega Milijuni su sada dostupni iz Hrvatske<\/title>\n<meta name=\"description\" content=\"Saznajte vi\u0161e o lutriji Mega Milijuni SAD-a i kako mo\u017eete kupiti ulaznice za Mega Milijune putem interneta iz Hrvatske ili iz bilo koje zemlje svijeta.\" \/>\n<meta name=\"robots\" content=\"index, follow, max-snippet:-1, max-image-preview:large, max-video-preview:-1\" \/>\n<link rel=\"canonical\" href=\"https:\/\/redfoxlotto.com\/hr\/lutrije\/mega-millions\/\" \/>\n<meta property=\"og:locale\" content=\"hr_HR\" \/>\n<meta property=\"og:type\" content=\"article\" \/>\n<meta property=\"og:title\" content=\"Kupite ulaznice za Mega Milijune putem interneta | Mega Milijuni su sada dostupni iz Hrvatske\" \/>\n<meta property=\"og:description\" content=\"Saznajte vi\u0161e o lutriji Mega Milijuni SAD-a i kako mo\u017eete kupiti ulaznice za Mega Milijune putem interneta iz Hrvatske ili iz bilo koje zemlje svijeta.\" \/>\n<meta property=\"og:url\" content=\"https:\/\/redfoxlotto.com\/hr\/lutrije\/mega-millions\/\" \/>\n<meta property=\"og:site_name\" content=\"Get Tickets for the World\u2019s largest jackpots\" \/>\n<meta property=\"article:modified_time\" content=\"2025-12-18T12:52:06+00:00\" \/>\n<meta property=\"og:image\" content=\"https:\/\/content.redfoxlotto.com\/uploads\/sites\/9\/2_ticket_mega_millions2.jpg\" \/>\n<meta name=\"twitter:card\" content=\"summary_large_image\" \/>\n<meta name=\"twitter:label1\" content=\"Procijenjeno vrijeme \u010ditanja\" \/>\n\t<meta name=\"twitter:data1\" content=\"4 minute\" \/>\n<script type=\"application\/ld+json\" class=\"yoast-schema-graph\">{\"@context\":\"https:\\\/\\\/schema.org\",\"@graph\":[{\"@type\":\"WebPage\",\"@id\":\"https:\\\/\\\/redfoxlotto.com\\\/hr\\\/lutrije\\\/mega-millions\\\/\",\"url\":\"https:\\\/\\\/redfoxlotto.com\\\/hr\\\/lutrije\\\/mega-millions\\\/\",\"name\":\"Kupite ulaznice za Mega Milijune putem interneta | Mega Milijuni su sada dostupni iz Hrvatske\",\"isPartOf\":{\"@id\":\"https:\\\/\\\/redfoxlotto.com\\\/hr\\\/#website\"},\"primaryImageOfPage\":{\"@id\":\"https:\\\/\\\/redfoxlotto.com\\\/hr\\\/lutrije\\\/mega-millions\\\/#primaryimage\"},\"image\":{\"@id\":\"https:\\\/\\\/redfoxlotto.com\\\/hr\\\/lutrije\\\/mega-millions\\\/#primaryimage\"},\"thumbnailUrl\":\"https:\\\/\\\/content.redfoxlotto.com\\\/uploads\\\/sites\\\/9\\\/2_ticket_mega_millions2.jpg\",\"datePublished\":\"2018-11-18T08:54:25+00:00\",\"dateModified\":\"2025-12-18T12:52:06+00:00\",\"description\":\"Saznajte vi\u0161e o lutriji Mega Milijuni SAD-a i kako mo\u017eete kupiti ulaznice za Mega Milijune putem interneta iz Hrvatske ili iz bilo koje zemlje svijeta.\",\"breadcrumb\":{\"@id\":\"https:\\\/\\\/redfoxlotto.com\\\/hr\\\/lutrije\\\/mega-millions\\\/#breadcrumb\"},\"inLanguage\":\"hr\",\"potentialAction\":[{\"@type\":\"ReadAction\",\"target\":[\"https:\\\/\\\/redfoxlotto.com\\\/hr\\\/lutrije\\\/mega-millions\\\/\"]}]},{\"@type\":\"ImageObject\",\"inLanguage\":\"hr\",\"@id\":\"https:\\\/\\\/redfoxlotto.com\\\/hr\\\/lutrije\\\/mega-millions\\\/#primaryimage\",\"url\":\"https:\\\/\\\/content.redfoxlotto.com\\\/uploads\\\/sites\\\/9\\\/2_ticket_mega_millions2.jpg\",\"contentUrl\":\"https:\\\/\\\/content.redfoxlotto.com\\\/uploads\\\/sites\\\/9\\\/2_ticket_mega_millions2.jpg\"},{\"@type\":\"BreadcrumbList\",\"@id\":\"https:\\\/\\\/redfoxlotto.com\\\/hr\\\/lutrije\\\/mega-millions\\\/#breadcrumb\",\"itemListElement\":[{\"@type\":\"ListItem\",\"position\":1,\"name\":\"Home\",\"item\":\"https:\\\/\\\/redfoxlotto.com\\\/hr\\\/\"},{\"@type\":\"ListItem\",\"position\":2,\"name\":\"Kako kupiti loto listi\u0107e on-line \u2013 proces kupovine\",\"item\":\"https:\\\/\\\/redfoxlotto.com\\\/hr\\\/lutrije\\\/\"},{\"@type\":\"ListItem\",\"position\":3,\"name\":\"O Mega Milijuni\"}]},{\"@type\":\"WebSite\",\"@id\":\"https:\\\/\\\/redfoxlotto.com\\\/hr\\\/#website\",\"url\":\"https:\\\/\\\/redfoxlotto.com\\\/hr\\\/\",\"name\":\"Get Tickets for the World\u2019s largest jackpots\",\"description\":\"Participate in worldwide lottery jackpots from any country\",\"publisher\":{\"@id\":\"https:\\\/\\\/redfoxlotto.com\\\/hr\\\/#organization\"},\"potentialAction\":[{\"@type\":\"SearchAction\",\"target\":{\"@type\":\"EntryPoint\",\"urlTemplate\":\"https:\\\/\\\/redfoxlotto.com\\\/hr\\\/?s={search_term_string}\"},\"query-input\":{\"@type\":\"PropertyValueSpecification\",\"valueRequired\":true,\"valueName\":\"search_term_string\"}}],\"inLanguage\":\"hr\"},{\"@type\":\"Organization\",\"@id\":\"https:\\\/\\\/redfoxlotto.com\\\/hr\\\/#organization\",\"name\":\"Get Tickets for the World\u2019s largest jackpots\",\"url\":\"https:\\\/\\\/redfoxlotto.com\\\/hr\\\/\",\"logo\":{\"@type\":\"ImageObject\",\"inLanguage\":\"hr\",\"@id\":\"https:\\\/\\\/redfoxlotto.com\\\/hr\\\/#\\\/schema\\\/logo\\\/image\\\/\",\"url\":\"https:\\\/\\\/redfoxlotto.com\\\/wp-content\\\/uploads\\\/2023\\\/04\\\/logo.png\",\"contentUrl\":\"https:\\\/\\\/redfoxlotto.com\\\/wp-content\\\/uploads\\\/2023\\\/04\\\/logo.png\",\"width\":269,\"height\":53,\"caption\":\"Get Tickets for the World\u2019s largest jackpots\"},\"image\":{\"@id\":\"https:\\\/\\\/redfoxlotto.com\\\/hr\\\/#\\\/schema\\\/logo\\\/image\\\/\"}}]}<\/script>\n<!-- \/ Yoast SEO plugin. -->","yoast_head_json":{"title":"Kupite ulaznice za Mega Milijune putem interneta | Mega Milijuni su sada dostupni iz Hrvatske","description":"Saznajte vi\u0161e o lutriji Mega Milijuni SAD-a i kako mo\u017eete kupiti ulaznice za Mega Milijune putem interneta iz Hrvatske ili iz bilo koje zemlje svijeta.","robots":{"index":"index","follow":"follow","max-snippet":"max-snippet:-1","max-image-preview":"max-image-preview:large","max-video-preview":"max-video-preview:-1"},"canonical":"https:\/\/redfoxlotto.com\/hr\/lutrije\/mega-millions\/","og_locale":"hr_HR","og_type":"article","og_title":"Kupite ulaznice za Mega Milijune putem interneta | Mega Milijuni su sada dostupni iz Hrvatske","og_description":"Saznajte vi\u0161e o lutriji Mega Milijuni SAD-a i kako mo\u017eete kupiti ulaznice za Mega Milijune putem interneta iz Hrvatske ili iz bilo koje zemlje svijeta.","og_url":"https:\/\/redfoxlotto.com\/hr\/lutrije\/mega-millions\/","og_site_name":"Get Tickets for the World\u2019s largest jackpots","article_modified_time":"2025-12-18T12:52:06+00:00","og_image":[{"url":"https:\/\/content.redfoxlotto.com\/uploads\/sites\/9\/2_ticket_mega_millions2.jpg","type":"","width":"","height":""}],"twitter_card":"summary_large_image","twitter_misc":{"Procijenjeno vrijeme \u010ditanja":"4 minute"},"schema":{"@context":"https:\/\/schema.org","@graph":[{"@type":"WebPage","@id":"https:\/\/redfoxlotto.com\/hr\/lutrije\/mega-millions\/","url":"https:\/\/redfoxlotto.com\/hr\/lutrije\/mega-millions\/","name":"Kupite ulaznice za Mega Milijune putem interneta | Mega Milijuni su sada dostupni iz Hrvatske","isPartOf":{"@id":"https:\/\/redfoxlotto.com\/hr\/#website"},"primaryImageOfPage":{"@id":"https:\/\/redfoxlotto.com\/hr\/lutrije\/mega-millions\/#primaryimage"},"image":{"@id":"https:\/\/redfoxlotto.com\/hr\/lutrije\/mega-millions\/#primaryimage"},"thumbnailUrl":"https:\/\/content.redfoxlotto.com\/uploads\/sites\/9\/2_ticket_mega_millions2.jpg","datePublished":"2018-11-18T08:54:25+00:00","dateModified":"2025-12-18T12:52:06+00:00","description":"Saznajte vi\u0161e o lutriji Mega Milijuni SAD-a i kako mo\u017eete kupiti ulaznice za Mega Milijune putem interneta iz Hrvatske ili iz bilo koje zemlje svijeta.","breadcrumb":{"@id":"https:\/\/redfoxlotto.com\/hr\/lutrije\/mega-millions\/#breadcrumb"},"inLanguage":"hr","potentialAction":[{"@type":"ReadAction","target":["https:\/\/redfoxlotto.com\/hr\/lutrije\/mega-millions\/"]}]},{"@type":"ImageObject","inLanguage":"hr","@id":"https:\/\/redfoxlotto.com\/hr\/lutrije\/mega-millions\/#primaryimage","url":"https:\/\/content.redfoxlotto.com\/uploads\/sites\/9\/2_ticket_mega_millions2.jpg","contentUrl":"https:\/\/content.redfoxlotto.com\/uploads\/sites\/9\/2_ticket_mega_millions2.jpg"},{"@type":"BreadcrumbList","@id":"https:\/\/redfoxlotto.com\/hr\/lutrije\/mega-millions\/#breadcrumb","itemListElement":[{"@type":"ListItem","position":1,"name":"Home","item":"https:\/\/redfoxlotto.com\/hr\/"},{"@type":"ListItem","position":2,"name":"Kako kupiti loto listi\u0107e on-line \u2013 proces kupovine","item":"https:\/\/redfoxlotto.com\/hr\/lutrije\/"},{"@type":"ListItem","position":3,"name":"O Mega Milijuni"}]},{"@type":"WebSite","@id":"https:\/\/redfoxlotto.com\/hr\/#website","url":"https:\/\/redfoxlotto.com\/hr\/","name":"Get Tickets for the World\u2019s largest jackpots","description":"Participate in worldwide lottery jackpots from any country","publisher":{"@id":"https:\/\/redfoxlotto.com\/hr\/#organization"},"potentialAction":[{"@type":"SearchAction","target":{"@type":"EntryPoint","urlTemplate":"https:\/\/redfoxlotto.com\/hr\/?s={search_term_string}"},"query-input":{"@type":"PropertyValueSpecification","valueRequired":true,"valueName":"search_term_string"}}],"inLanguage":"hr"},{"@type":"Organization","@id":"https:\/\/redfoxlotto.com\/hr\/#organization","name":"Get Tickets for the World\u2019s largest jackpots","url":"https:\/\/redfoxlotto.com\/hr\/","logo":{"@type":"ImageObject","inLanguage":"hr","@id":"https:\/\/redfoxlotto.com\/hr\/#\/schema\/logo\/image\/","url":"https:\/\/redfoxlotto.com\/wp-content\/uploads\/2023\/04\/logo.png","contentUrl":"https:\/\/redfoxlotto.com\/wp-content\/uploads\/2023\/04\/logo.png","width":269,"height":53,"caption":"Get Tickets for the World\u2019s largest jackpots"},"image":{"@id":"https:\/\/redfoxlotto.com\/hr\/#\/schema\/logo\/image\/"}}]}},"_links":{"self":[{"href":"https:\/\/redfoxlotto.com\/hr\/wp-json\/wp\/v2\/pages\/16717","targetHints":{"allow":["GET"]}}],"collection":[{"href":"https:\/\/redfoxlotto.com\/hr\/wp-json\/wp\/v2\/pages"}],"about":[{"href":"https:\/\/redfoxlotto.com\/hr\/wp-json\/wp\/v2\/types\/page"}],"author":[{"embeddable":true,"href":"https:\/\/redfoxlotto.com\/hr\/wp-json\/wp\/v2\/users\/1"}],"replies":[{"embeddable":true,"href":"https:\/\/redfoxlotto.com\/hr\/wp-json\/wp\/v2\/comments?post=16717"}],"version-history":[{"count":0,"href":"https:\/\/redfoxlotto.com\/hr\/wp-json\/wp\/v2\/pages\/16717\/revisions"}],"up":[{"embeddable":true,"href":"https:\/\/redfoxlotto.com\/hr\/wp-json\/wp\/v2\/pages\/16714"}],"wp:attachment":[{"href":"https:\/\/redfoxlotto.com\/hr\/wp-json\/wp\/v2\/media?parent=16717"}],"curies":[{"name":"wp","href":"https:\/\/api.w.org\/{rel}","templated":true}]}}