{"id":16716,"date":"2018-11-18T08:54:25","date_gmt":"2018-11-18T08:54:25","guid":{"rendered":"https:\/\/redfoxlotto.com\/?page_id=1362"},"modified":"2025-12-18T14:24:14","modified_gmt":"2025-12-18T14:24:14","slug":"euromillions","status":"publish","type":"page","link":"https:\/\/redfoxlotto.com\/hr\/lutrije\/euromillions\/","title":{"rendered":"O EuroMillionsu"},"content":{"rendered":"<p><script type=\"application\/ld+json\">\n{\n  \"@context\": \"https:\/\/schema.org\",\n  \"@type\": \"Service\",\n  \"name\": \"Igrajte Euromillions online\",\n  \"url\": \"https:\/\/redfoxlotto.com\/hr\/lotteries\/euromillions\/\",\n  \"description\": \"Kupite slu\u017ebene Euromillions lutrijske listi\u0107e online iz bilo koje zemlje. Posjetite RedFoxLotto, odaberite svoje brojeve i pridru\u017eite se sljede\u0107em izvla\u010denju.\",\n  \"serviceType\": \"Online servis za posredovanje u kupnji lutrijskih listi\u0107a\",\n  \"provider\": {\n    \"@type\": \"Organization\",\n    \"name\": \"RedFoxLotto\",\n    \"url\": \"https:\/\/redfoxlotto.com\/hr\",\n    \"image\": \"https:\/\/redfoxlotto.com\/hr\/wp-content\/uploads\/2025\/12\/ticket_scans.jpg\",\n    \"sameAs\": []\n  },\n  \"areaServed\": \"Worldwide\",\n  \"termsOfService\": \"https:\/\/redfoxlotto.com\/terms-and-conditions\",\n  \"additionalProperty\": {\n    \"@type\": \"PropertyValue\",\n    \"name\": \"FAQ\",\n    \"value\": \"https:\/\/redfoxlotto.com\/hr\/faq\/\"\n  },\n  \"hasOfferCatalog\": {\n    \"@type\": \"OfferCatalog\",\n    \"name\": \"Euromillions lutrijski listi\u0107i\",\n    \"itemListElement\": [\n      {\n        \"@type\": \"Offer\",\n        \"name\": \"Euromillions listi\u0107i\",\n        \"url\": \"https:\/\/redfoxlotto.com\/hr\/lotteries\/euromillions\",\n        \"description\": \"Kupite stvarne listi\u0107e online za sljede\u0107e Euromillions izvla\u010denje putem RedFoxLotto.\",\n        \"price\": \"7.00\",\n        \"priceCurrency\": \"\u20ac\",\n        \"availability\": \"https:\/\/schema.org\/InStock\",\n        \"itemOffered\": {\n          \"@type\": \"Service\",\n          \"name\": \"Euromillions lutrijski listi\u0107i\",\n          \"description\": \"Sudjelujte u sljede\u0107em Euromillions izvla\u010denju \u2013 kupite listi\u0107e online putem RedFoxLotto.\"\n        }\n      }\n    ]\n  },\n  \"mainEntityOfPage\": {\n    \"@type\": \"WebPage\",\n    \"@id\": \"https:\/\/redfoxlotto.com\/hr\/lotteries\/euromillions\"\n  }\n}\n<\/script><\/p>\n<p>EuroMillions je najve\u0107a europska lutrija. Pokrenuta 2004. godine, ulaznice se mogu kupiti u devet europskih zemalja &#8211; ili, ako dolazite iz Hrvatske, mo\u017eete kupiti svoje ulaznice online ovdje.<\/p>\n<h2>Kupite svoju EuroMillions ulaznicu iz Hrvatske<\/h2>\n<p>Jeste li spremni zapo\u010deti i kupiti EuroMillions ulaznice online? Ako jeste, \u017eelite saznati nekoliko stvari o igri prije nego \u0161to krenete, zar ne? \u017delite biti sigurni da ste spremni i da znate sve \u0161to mo\u017eete o igri. Pa, prva stvar koju biste trebali znati je kada \u0107e se odr\u017eati izvla\u010denje, jer \u017eelite biti sigurni da dobijete svoju lutrijsku ulaznicu prije sljede\u0107eg izvla\u010denja. Izvla\u010denja za EuroMillions se odr\u017eavaju svaki utorak i petak u Parizu.<img loading=\"lazy\" decoding=\"async\" class=\"alignright wp-image\" src=\"https:\/\/content.redfoxlotto.com\/uploads\/sites\/9\/1_buy_euromillions_online.jpg\" alt=\"euromillions jackpot\" width=\"284\" height=\"190\" \/><\/p>\n<p>Razgovarat \u0107emo vi\u0161e o brojevima koje mo\u017eete odabrati i kako \u0107ete dobiti \u017eeljenu ulaznicu za trenutak, ali sada \u0107emo se detaljnije osvrnuti na jackpot koji mo\u017eete osvojiti. Jer, to je jedan od razloga zbog kojih \u0107ete htjeti igrati EuroMillions.<\/p>\n<h2>EuroMillions Jackpot<\/h2>\n<p>Kao najve\u0107a lutrija u Europi, EuroMillions tako\u0111er ima ogromne jackpotove. Zapravo, jackpotovi \u010desto dose\u017eu milijune dolara, a najve\u0107i \u0107e sigurno biti visoko na toj skali. Najve\u0107i jackpot do sada u ovoj lutriji bio je 190.000.000 eura. Osvojio ga je anonimni igra\u010d 24. listopada 2014.<\/p>\n<p>To je sasvim dovoljan razlog da pa\u017eljivije pogledate ovu igru i razmislite o kupnji ulaznice za sebe, zar ne? Pa, sigurno \u0107e vam se svidjeti ideja osvajanja tog novca, a \u010dak i ako ne dostignete taj jackpot, i dalje mo\u017eete osvojiti pristojan iznos novca. Po\u010detni iznos je tako\u0111er velika nagrada, a i one koje su negdje izme\u0111u najni\u017eih i najvi\u0161ih razina tako\u0111er su odli\u010dne.<\/p>\n<h2>Pravila EuroMillionsa<\/h2>\n<p>Jeste li spremni kupiti EuroMillions ulaznice online, ali niste sigurni kako ili gdje &#8211; mo\u017eda zato \u0161to \u017eivite u Hrvatskoj? Pa, objasnit \u0107emo vam to\u010dno \u0161to trebate raditi i kako \u0107ete odabrati brojeve kako biste osigurali najbolju mogu\u0107nost za stvarnu pobjedu u igri.<\/p>\n<h2>Dakle, \u0161to trebate u\u010diniti?<\/h2>\n<p>Ovdje odabirete 5 glavnih brojeva izme\u0111u 1 i 50<\/p>\n<p>i dva dodatna broja, nazvana Sretne zvijezde, izme\u0111u 1 i 12. Da biste osvojili najni\u017eu nagradu, dovoljno je podudaranje samo dva glavna broja. To zna\u010di da \u0107ete imati puno prilika za pobjedu, iako ne\u0107ete osvojiti puno novca ako se samo nekoliko brojeva podudara.<\/p>\n<p>Ako se podudaraju vi\u0161e brojeva, posebno ako se podudaraju sretne zvijezde, imat \u0107ete bolju nagradu. To je svakako dobra prednost, zar ne? Mo\u017eete pobolj\u0161ati svoje \u0161anse za dobivanje ne\u010dega i sigurno \u0107ete u\u017eivati \u200b\u200bu igri.<\/p>\n<h2>Odabir ulaznice<\/h2>\n<p>Jeste li spremni odabrati ulaznicu? Sigurno \u0107ete htjeti pogledati na\u0161 postupak jer \u0107emo vam ga olak\u0161ati. Znamo da nemate puno vremena i \u017eelite iskoristiti to vrijeme na najbolji na\u010din. Ali i dalje \u017eelite se zabaviti igraju\u0107i EuroMillions, a to zna\u010di da trebate kupiti EuroMillions ulaznice online.<\/p>\n<p>Prvi korak u na\u0161em postupku je da odlu\u010dite koju ulaznicu \u017eelite dobiti. Ako ve\u0107 imate odlu\u010denu EuroMillions, ve\u0107 ste spremni. Ali ako jo\u0161 niste sigurni, svakako \u0107ete \u017eeljeti pogledati glavnu stranicu, gdje \u0107emo vam prikazati sve najbolje jackpotove i koje igre biste mogli razmotriti. To su igre za koje nudimo ulaznice.<\/p>\n<p>Kada ste odlu\u010dili koju ulaznicu \u017eelite, idete na stranicu i po\u010dinjete birati brojeve za svoju ulaznicu. Mo\u017eete odabrati apsolutno sve brojeve ako \u017eelite, tako da dobijete prilago\u0111enu ulaznicu koja najbolje odgovara va\u0161im \u017eeljama.<\/p>\n<p>Tako\u0111er mo\u017eete odabrati da vam se nasumi\u010dno dodijele ulaznice. To vam olak\u0161ava dobivanje ulaznice bez potrebe da na njoj puno vremena potro\u0161ite. Tako\u0111er mo\u017eete odlu\u010diti koliko ulaznica \u017eelite kupiti, tako da \u0107ete imati sve \u0161to vam je potrebno za potencijalno osvajanje velikog jackpota.<\/p>\n<h2>Postupak kupnje za EuroMillions<\/h2>\n<p>Kada odaberete svoje ulaznice, zadnje \u0161to trebate u\u010diniti je osigurati da ispunite podatke svog korisni\u010dkog ra\u010duna. Uputit \u0107emo vas kroz postupak kako biste odmah mogli stvoriti taj ra\u010dun i osigurati da dobijete \u017eeljene ulaznice onda kada ih \u017eelite. Ovdje \u010dak mo\u017eete postaviti i na\u010dine pla\u0107anja koje<\/p>\n<h2>\u017eelite koristiti.<\/h2>\n<p>Kada ste sve postavili, samo trebate staviti ulaznice koje \u017eelite u ko\u0161aricu, a zatim \u0107ete mo\u0107i kupiti sve odjednom. \u010cak mo\u017eete dodati ulaznice iz razli\u010ditih igara u svoju ko\u0161aricu i mo\u0107i \u0107ete kupiti sve \u0161to vam je potrebno.<img loading=\"lazy\" decoding=\"async\" class=\"alignright wp-image\" src=\"https:\/\/content.redfoxlotto.com\/uploads\/sites\/9\/1_buy_lottery_ticket.jpg\" alt=\"kupite ulaznice online\" width=\"312\" height=\"107\" \/><\/p>\n<p>Kada ste odabrali ulaznice, bit \u0107ete spremni i mo\u0107i \u0107ete \u010dekati i vidjeti \u0161to se doga\u0111a s va\u0161im ulaznicama. One koje kupite pojavit \u0107e se odmah na va\u0161em ra\u010dunu, a zatim se mo\u017eete ponovno prijaviti i provjeriti jeste li osvojili kasnije.<\/p>\n<p>Poslat \u0107emo vam e-po\u0161tu ako osvojite, a mo\u0107i \u0107ete provjeriti u svom ra\u010dunu koje brojeve imate koji se podudaraju s izvu\u010denim brojevima. I to \u0107e vam olak\u0161ati da znate kada trebate unov\u010diti ulaznicu.<\/p>\n<h2>EuroMillions i UK Millionaire Maker<\/h2>\n<p>Igra\u010di pla\u0107aju malo vi\u0161e jer se ulaznice za EuroMillions kupuju u Velikoj Britaniji. To je zbog \u010dinjenice da karte za Ujedinjeno Kraljevstvo dolaze s automatskim ulaskom u izvla\u010denje Millionaire Maker, \u0161to pru\u017ea dodatnu priliku za osvajanje nagrade od 1 milijun funti.<\/p>\n<p>Millionaire Maker radi tako da generira jedinstveni kod za svaku kupljenu kartu. Ovaj se kod sastoji od \u010detiri slova iza kojih slijedi pet brojeva (npr. ABCD12345). U svakom izvla\u010denju, jedan ili vi\u0161e ovih kodova se nasumi\u010dno odabiru, a vlasnik listi\u0107a s odgovaraju\u0107im kodom trenutno osvaja \u00a31 milijun, bez obzira na glavne izvu\u010dene brojeve EuroMillionsa.<\/p>\n<p>Ova zna\u010dajka \u010dini igranje EuroMillionsa u Ujedinjenom Kraljevstvu posebno atraktivnim, jer pru\u017ea dodatnu priliku za osvajanje zna\u010dajne nagrade izvan standardnog jackpota i nagrada ni\u017ee razine.<\/p>\n","protected":false},"excerpt":{"rendered":"<p>EuroMillions je najve\u0107a europska lutrija. Pokrenuta 2004. godine, ulaznice se mogu kupiti u devet europskih zemalja &#8211; ili, ako dolazite iz Hrvatske, mo\u017eete kupiti svoje ulaznice online ovdje. Kupite svoju EuroMillions ulaznicu iz Hrvatske Jeste li spremni zapo\u010deti i kupiti EuroMillions ulaznice online? Ako jeste, \u017eelite saznati nekoliko stvari o igri prije nego \u0161to krenete, [&hellip;]<\/p>\n","protected":false},"author":1,"featured_media":0,"parent":16714,"menu_order":3,"comment_status":"closed","ping_status":"closed","template":"euromillions-info.php","meta":{"_et_pb_use_builder":"","_et_pb_old_content":"","_et_gb_content_width":"","exclude_from_search":false,"footnotes":""},"class_list":["post-16716","page","type-page","status-publish","hentry"],"yoast_head":"<!-- This site is optimized with the Yoast SEO plugin v23.8 - https:\/\/yoast.com\/wordpress\/plugins\/seo\/ -->\n<title>Kupite Euromillions ulaznice online iz Hrvatske<\/title>\n<meta name=\"description\" content=\"Informacije o tome kako stanovnici Hrvatske mogu kupiti Euromillions ulaznice online. Euromillions lutrija ima najve\u0107i jackpot u Europi.\" \/>\n<meta name=\"robots\" content=\"index, follow, max-snippet:-1, max-image-preview:large, max-video-preview:-1\" \/>\n<link rel=\"canonical\" href=\"https:\/\/redfoxlotto.com\/hr\/lutrije\/euromillions\/\" \/>\n<meta property=\"og:locale\" content=\"hr_HR\" \/>\n<meta property=\"og:type\" content=\"article\" \/>\n<meta property=\"og:title\" content=\"Kupite Euromillions ulaznice online iz Hrvatske\" \/>\n<meta property=\"og:description\" content=\"Informacije o tome kako stanovnici Hrvatske mogu kupiti Euromillions ulaznice online. Euromillions lutrija ima najve\u0107i jackpot u Europi.\" \/>\n<meta property=\"og:url\" content=\"https:\/\/redfoxlotto.com\/hr\/lutrije\/euromillions\/\" \/>\n<meta property=\"og:site_name\" content=\"Get Tickets for the World\u2019s largest jackpots\" \/>\n<meta property=\"article:modified_time\" content=\"2025-12-18T14:24:14+00:00\" \/>\n<meta property=\"og:image\" content=\"https:\/\/content.redfoxlotto.com\/uploads\/sites\/9\/1_buy_euromillions_online.jpg\" \/>\n<meta name=\"twitter:card\" content=\"summary_large_image\" \/>\n<meta name=\"twitter:label1\" content=\"Procijenjeno vrijeme \u010ditanja\" \/>\n\t<meta name=\"twitter:data1\" content=\"5 minuta\" \/>\n<script type=\"application\/ld+json\" class=\"yoast-schema-graph\">{\"@context\":\"https:\/\/schema.org\",\"@graph\":[{\"@type\":\"WebPage\",\"@id\":\"https:\/\/redfoxlotto.com\/hr\/lutrije\/euromillions\/\",\"url\":\"https:\/\/redfoxlotto.com\/hr\/lutrije\/euromillions\/\",\"name\":\"Kupite Euromillions ulaznice online iz Hrvatske\",\"isPartOf\":{\"@id\":\"https:\/\/redfoxlotto.com\/hr\/#website\"},\"primaryImageOfPage\":{\"@id\":\"https:\/\/redfoxlotto.com\/hr\/lutrije\/euromillions\/#primaryimage\"},\"image\":{\"@id\":\"https:\/\/redfoxlotto.com\/hr\/lutrije\/euromillions\/#primaryimage\"},\"thumbnailUrl\":\"https:\/\/content.redfoxlotto.com\/uploads\/sites\/9\/1_buy_euromillions_online.jpg\",\"datePublished\":\"2018-11-18T08:54:25+00:00\",\"dateModified\":\"2025-12-18T14:24:14+00:00\",\"description\":\"Informacije o tome kako stanovnici Hrvatske mogu kupiti Euromillions ulaznice online. Euromillions lutrija ima najve\u0107i jackpot u Europi.\",\"breadcrumb\":{\"@id\":\"https:\/\/redfoxlotto.com\/hr\/lutrije\/euromillions\/#breadcrumb\"},\"inLanguage\":\"hr\",\"potentialAction\":[{\"@type\":\"ReadAction\",\"target\":[\"https:\/\/redfoxlotto.com\/hr\/lutrije\/euromillions\/\"]}]},{\"@type\":\"ImageObject\",\"inLanguage\":\"hr\",\"@id\":\"https:\/\/redfoxlotto.com\/hr\/lutrije\/euromillions\/#primaryimage\",\"url\":\"https:\/\/content.redfoxlotto.com\/uploads\/sites\/9\/1_buy_euromillions_online.jpg\",\"contentUrl\":\"https:\/\/content.redfoxlotto.com\/uploads\/sites\/9\/1_buy_euromillions_online.jpg\"},{\"@type\":\"BreadcrumbList\",\"@id\":\"https:\/\/redfoxlotto.com\/hr\/lutrije\/euromillions\/#breadcrumb\",\"itemListElement\":[{\"@type\":\"ListItem\",\"position\":1,\"name\":\"Home\",\"item\":\"https:\/\/redfoxlotto.com\/hr\/\"},{\"@type\":\"ListItem\",\"position\":2,\"name\":\"Kako kupiti loto listi\u0107e on-line \u2013 proces kupovine\",\"item\":\"https:\/\/redfoxlotto.com\/hr\/lutrije\/\"},{\"@type\":\"ListItem\",\"position\":3,\"name\":\"O EuroMillionsu\"}]},{\"@type\":\"WebSite\",\"@id\":\"https:\/\/redfoxlotto.com\/hr\/#website\",\"url\":\"https:\/\/redfoxlotto.com\/hr\/\",\"name\":\"Get Tickets for the World\u2019s largest jackpots\",\"description\":\"Participate in worldwide lottery jackpots from any country\",\"publisher\":{\"@id\":\"https:\/\/redfoxlotto.com\/hr\/#organization\"},\"potentialAction\":[{\"@type\":\"SearchAction\",\"target\":{\"@type\":\"EntryPoint\",\"urlTemplate\":\"https:\/\/redfoxlotto.com\/hr\/?s={search_term_string}\"},\"query-input\":{\"@type\":\"PropertyValueSpecification\",\"valueRequired\":true,\"valueName\":\"search_term_string\"}}],\"inLanguage\":\"hr\"},{\"@type\":\"Organization\",\"@id\":\"https:\/\/redfoxlotto.com\/hr\/#organization\",\"name\":\"Get Tickets for the World\u2019s largest jackpots\",\"url\":\"https:\/\/redfoxlotto.com\/hr\/\",\"logo\":{\"@type\":\"ImageObject\",\"inLanguage\":\"hr\",\"@id\":\"https:\/\/redfoxlotto.com\/hr\/#\/schema\/logo\/image\/\",\"url\":\"https:\/\/redfoxlotto.com\/wp-content\/uploads\/2023\/04\/logo.png\",\"contentUrl\":\"https:\/\/redfoxlotto.com\/wp-content\/uploads\/2023\/04\/logo.png\",\"width\":269,\"height\":53,\"caption\":\"Get Tickets for the World\u2019s largest jackpots\"},\"image\":{\"@id\":\"https:\/\/redfoxlotto.com\/hr\/#\/schema\/logo\/image\/\"}}]}<\/script>\n<!-- \/ Yoast SEO plugin. -->","yoast_head_json":{"title":"Kupite Euromillions ulaznice online iz Hrvatske","description":"Informacije o tome kako stanovnici Hrvatske mogu kupiti Euromillions ulaznice online. Euromillions lutrija ima najve\u0107i jackpot u Europi.","robots":{"index":"index","follow":"follow","max-snippet":"max-snippet:-1","max-image-preview":"max-image-preview:large","max-video-preview":"max-video-preview:-1"},"canonical":"https:\/\/redfoxlotto.com\/hr\/lutrije\/euromillions\/","og_locale":"hr_HR","og_type":"article","og_title":"Kupite Euromillions ulaznice online iz Hrvatske","og_description":"Informacije o tome kako stanovnici Hrvatske mogu kupiti Euromillions ulaznice online. Euromillions lutrija ima najve\u0107i jackpot u Europi.","og_url":"https:\/\/redfoxlotto.com\/hr\/lutrije\/euromillions\/","og_site_name":"Get Tickets for the World\u2019s largest jackpots","article_modified_time":"2025-12-18T14:24:14+00:00","og_image":[{"url":"https:\/\/content.redfoxlotto.com\/uploads\/sites\/9\/1_buy_euromillions_online.jpg"}],"twitter_card":"summary_large_image","twitter_misc":{"Procijenjeno vrijeme \u010ditanja":"5 minuta"},"schema":{"@context":"https:\/\/schema.org","@graph":[{"@type":"WebPage","@id":"https:\/\/redfoxlotto.com\/hr\/lutrije\/euromillions\/","url":"https:\/\/redfoxlotto.com\/hr\/lutrije\/euromillions\/","name":"Kupite Euromillions ulaznice online iz Hrvatske","isPartOf":{"@id":"https:\/\/redfoxlotto.com\/hr\/#website"},"primaryImageOfPage":{"@id":"https:\/\/redfoxlotto.com\/hr\/lutrije\/euromillions\/#primaryimage"},"image":{"@id":"https:\/\/redfoxlotto.com\/hr\/lutrije\/euromillions\/#primaryimage"},"thumbnailUrl":"https:\/\/content.redfoxlotto.com\/uploads\/sites\/9\/1_buy_euromillions_online.jpg","datePublished":"2018-11-18T08:54:25+00:00","dateModified":"2025-12-18T14:24:14+00:00","description":"Informacije o tome kako stanovnici Hrvatske mogu kupiti Euromillions ulaznice online. Euromillions lutrija ima najve\u0107i jackpot u Europi.","breadcrumb":{"@id":"https:\/\/redfoxlotto.com\/hr\/lutrije\/euromillions\/#breadcrumb"},"inLanguage":"hr","potentialAction":[{"@type":"ReadAction","target":["https:\/\/redfoxlotto.com\/hr\/lutrije\/euromillions\/"]}]},{"@type":"ImageObject","inLanguage":"hr","@id":"https:\/\/redfoxlotto.com\/hr\/lutrije\/euromillions\/#primaryimage","url":"https:\/\/content.redfoxlotto.com\/uploads\/sites\/9\/1_buy_euromillions_online.jpg","contentUrl":"https:\/\/content.redfoxlotto.com\/uploads\/sites\/9\/1_buy_euromillions_online.jpg"},{"@type":"BreadcrumbList","@id":"https:\/\/redfoxlotto.com\/hr\/lutrije\/euromillions\/#breadcrumb","itemListElement":[{"@type":"ListItem","position":1,"name":"Home","item":"https:\/\/redfoxlotto.com\/hr\/"},{"@type":"ListItem","position":2,"name":"Kako kupiti loto listi\u0107e on-line \u2013 proces kupovine","item":"https:\/\/redfoxlotto.com\/hr\/lutrije\/"},{"@type":"ListItem","position":3,"name":"O EuroMillionsu"}]},{"@type":"WebSite","@id":"https:\/\/redfoxlotto.com\/hr\/#website","url":"https:\/\/redfoxlotto.com\/hr\/","name":"Get Tickets for the World\u2019s largest jackpots","description":"Participate in worldwide lottery jackpots from any country","publisher":{"@id":"https:\/\/redfoxlotto.com\/hr\/#organization"},"potentialAction":[{"@type":"SearchAction","target":{"@type":"EntryPoint","urlTemplate":"https:\/\/redfoxlotto.com\/hr\/?s={search_term_string}"},"query-input":{"@type":"PropertyValueSpecification","valueRequired":true,"valueName":"search_term_string"}}],"inLanguage":"hr"},{"@type":"Organization","@id":"https:\/\/redfoxlotto.com\/hr\/#organization","name":"Get Tickets for the World\u2019s largest jackpots","url":"https:\/\/redfoxlotto.com\/hr\/","logo":{"@type":"ImageObject","inLanguage":"hr","@id":"https:\/\/redfoxlotto.com\/hr\/#\/schema\/logo\/image\/","url":"https:\/\/redfoxlotto.com\/wp-content\/uploads\/2023\/04\/logo.png","contentUrl":"https:\/\/redfoxlotto.com\/wp-content\/uploads\/2023\/04\/logo.png","width":269,"height":53,"caption":"Get Tickets for the World\u2019s largest jackpots"},"image":{"@id":"https:\/\/redfoxlotto.com\/hr\/#\/schema\/logo\/image\/"}}]}},"_links":{"self":[{"href":"https:\/\/redfoxlotto.com\/hr\/wp-json\/wp\/v2\/pages\/16716","targetHints":{"allow":["GET"]}}],"collection":[{"href":"https:\/\/redfoxlotto.com\/hr\/wp-json\/wp\/v2\/pages"}],"about":[{"href":"https:\/\/redfoxlotto.com\/hr\/wp-json\/wp\/v2\/types\/page"}],"author":[{"embeddable":true,"href":"https:\/\/redfoxlotto.com\/hr\/wp-json\/wp\/v2\/users\/1"}],"replies":[{"embeddable":true,"href":"https:\/\/redfoxlotto.com\/hr\/wp-json\/wp\/v2\/comments?post=16716"}],"version-history":[{"count":0,"href":"https:\/\/redfoxlotto.com\/hr\/wp-json\/wp\/v2\/pages\/16716\/revisions"}],"up":[{"embeddable":true,"href":"https:\/\/redfoxlotto.com\/hr\/wp-json\/wp\/v2\/pages\/16714"}],"wp:attachment":[{"href":"https:\/\/redfoxlotto.com\/hr\/wp-json\/wp\/v2\/media?parent=16716"}],"curies":[{"name":"wp","href":"https:\/\/api.w.org\/{rel}","templated":true}]}}