{"id":16715,"date":"2018-11-18T08:54:25","date_gmt":"2018-11-18T08:54:25","guid":{"rendered":"https:\/\/redfoxlotto.com\/?page_id=1360"},"modified":"2025-12-18T13:38:00","modified_gmt":"2025-12-18T13:38:00","slug":"eurojackpot","status":"publish","type":"page","link":"https:\/\/redfoxlotto.com\/hr\/lutrije\/eurojackpot\/","title":{"rendered":"O Eurojackpotu"},"content":{"rendered":"<script type=\"application\/ld+json\">\r\n{\r\n  \"@context\": \"https:\/\/schema.org\",\r\n  \"@type\": \"Service\",\r\n  \"name\": \"Igrajte Eurojackpot online\",\r\n  \"url\": \"https:\/\/redfoxlotto.com\/hr\/lotteries\/eurojackpot\/\",\r\n  \"description\": \"Kupite slu\u017ebene Eurojackpot listi\u0107e online iz bilo koje zemlje. Posjetite RedFoxLotto, odaberite svoje brojeve i sudjelujte u sljede\u0107em izvla\u010denju.\",\r\n  \"serviceType\": \"Online posredni\u010dka usluga za lutrijske listi\u0107e\",\r\n\r\n  \"provider\": {\r\n    \"@type\": \"Organization\",\r\n    \"name\": \"RedFoxLotto\",\r\n    \"url\": \"https:\/\/redfoxlotto.com\/hr\",\r\n    \"image\": \"https:\/\/redfoxlotto.com\/hr\/wp-content\/uploads\/2025\/12\/ticket_scans.jpg\",\r\n    \"sameAs\": []\r\n  },\r\n\r\n  \"areaServed\": \"Worldwide\",\r\n  \"termsOfService\": \"https:\/\/redfoxlotto.com\/terms-and-conditions\",\r\n\r\n  \"additionalProperty\": {\r\n    \"@type\": \"PropertyValue\",\r\n    \"name\": \"\u010cesta pitanja\",\r\n    \"value\": \"https:\/\/redfoxlotto.com\/hr\/faq\/\"\r\n  },\r\n\r\n  \"hasOfferCatalog\": {\r\n    \"@type\": \"OfferCatalog\",\r\n    \"name\": \"Eurojackpot listi\u0107i\",\r\n    \"itemListElement\": [\r\n      {\r\n        \"@type\": \"Offer\",\r\n        \"name\": \"Eurojackpot listi\u0107i\",\r\n        \"url\": \"https:\/\/redfoxlotto.com\/hr\/lotteries\/eurojackpot\",\r\n        \"description\": \"Kupite prave listi\u0107e online za sljede\u0107e Eurojackpot izvla\u010denje putem RedFoxLotto.\",\r\n        \"price\": \"6.00\",\r\n        \"priceCurrency\": \"\u20ac\",\r\n        \"availability\": \"https:\/\/schema.org\/InStock\",\r\n\r\n        \"itemOffered\": {\r\n          \"@type\": \"Service\",\r\n          \"name\": \"Eurojackpot lutrijski listi\u0107i\",\r\n          \"description\": \"Sudjelujte u sljede\u0107em Eurojackpot izvla\u010denju \u2013 kupite listi\u0107e online putem RedFoxLotto.\"\r\n        }\r\n      }\r\n    ]\r\n  },\r\n\r\n  \"mainEntityOfPage\": {\r\n    \"@type\": \"WebPage\",\r\n    \"@id\": \"https:\/\/redfoxlotto.com\/hr\/lotteries\/eurojackpot\/\"\r\n  }\r\n}\r\n<\/script>\r\n\r\n<p><!--more--><\/p><p>Eurojackpot postoji od 2012. goidne i svoju popularnost gradi od tada. Jedan od razloga krije se u iznosu, gdje ustvari mo\u017eete osvojiti pristojan novac (pri\u010dat \u0107emo o tome kasnije). Listi\u0107i se mogu kupiti u 17 europskih zemalja sudionica, \u0161to ga \u010dini zaista izvrsnim za one zemlje koje su ve\u0107 u toj regiji.<\/p><p><img decoding=\"async\" class=\"size-full wp-image alignright\" src=\"https:\/\/content.redfoxlotto.com\/uploads\/sites\/9\/1_ticket_eurojackpot2.jpg\" alt=\"eurojackpot\"><\/p><p>Ali \u0161to je sa svim ljudima u Hrvatskoj koji mo\u017eda ne\u0107e mo\u0107i samo oti\u0107i u trgovinu i kupiti Eurojackpot listi\u0107? Internetska kupnja je pravi put. Listi\u0107e za Eurojackpot mo\u017eete kupiti i kod nas putem interneta ako \u017eivite u Hrvatskoj, a ne u nekoj od tih europskih zemalja.<\/p><h2 class=\"wp-block-heading\">Jackpot<\/h2><p>Eurojackpot lutrija ima minimalni iznos nagrade u iznosu od 10 milijuna \u20ac. Definitivno to \u0107e biti velika korist za Vas i velika promjena u \u017eivotu. Sigurno ne\u0107ete imati problema da nabavite neke zanimljive stvari s tim novcem ili da otplatite dugove ili bilo \u0161to drugo. Ali to je samo minimum, iznos se mo\u017ee pove\u0107ati. Maksimalni iznos isplate mo\u017ee do\u0107i i do 120.000.000 \u20ac. To je ogroman iznos i ogromna promjena u Va\u0161em \u017eivotu, ali \u0161to ako ga nitko ne osvoji? Svi iznosi iznad tog iznosa \u0107e biti raspodijeljena na drugi nivo nagrada i to postaje dobar bonus, i dodatna \u0161ansa za dobitak.<\/p><h2 class=\"wp-block-heading\">Pravila Eurojackpota<\/h2><p>Ako planirate da igrate Eurojackpot iz Hrvatske \u017eelite biti sigurni u to\u010dan proces. \u017delite biti sigurni da igrate igru pravilno i da ste odabrali listi\u0107e na pravi na\u010din. Sre\u0107om biranje listi\u0107a je veoma jednostavno i ne\u0107ete imati problema da odaberete one koje \u017eelite.<\/p><p>Birate 5 brojeva izme\u0111u 1 i 50, te dva dodatna broja izme\u0111u 1 i 12. Bez obzira na dva dodatna broja, ako se 5 brojeva sla\u017ee mo\u017eete osvojiti nagradu bez obzira da li imate dodatno izvu\u010dene Lucky Star brojeve. Postoji 12 nivoa nagrada.<\/p><p>To zna\u010di da postoji veliki broj kombinacija brojeva koje mo\u017eete odabrati i osvojiti nagradu. Mo\u017eete osvojiti iznos da samo pokrijete vrijednost kupljenih listi\u0107a, ali mo\u017eete i osvojiti milijune bez da se svi brojevi poklope.<\/p><p>Naravno, da bi osvojili glavni iznos morate imati svih 5 brojeva i 2 dodatna broja. To \u0107e biti komplicirano i veoma je rijetka pojava, ali itekako mogu\u0107a. Ipak netko \u0107e pobijediti, zar ne? Za\u0161to taj netko ne bi bili Vi? Mi mislimo da je to mogu\u0107e i sve \u0161to treba je da pogledate proces biranja Va\u0161ih listi\u0107a i da ste ih spremni kupiti.<\/p><h2 class=\"wp-block-heading\">Kupovina listi\u0107a Eurojackpota u Hrvatskoj<\/h2><p><img decoding=\"async\" class=\"size-full wp-image alignright\" src=\"https:\/\/content.redfoxlotto.com\/uploads\/sites\/9\/1_eurojackpot_buy_ticket.jpg\" alt=\"kupi kartu za eurojackpot\"><\/p><p>Ako ste spremni za kupovinu, onda ste i spremni da pogledate na\u0161 sistem na web stranici. Sve \u0161to trebate je da odete na internet i pogledate, ali Vi ste ve\u0107 tu. \u0160to \u0107ete uraditi sljede\u0107e? \u017delite pogledati razli\u010dite vrste listi\u0107a koje nudimo.<\/p><p>Nudimo najbolje listi\u0107e i najbolje igre koje su najpopularnije, osiguravaju\u0107i Vam najbolje iznose jackpota. Kada pregledate, onda se odlu\u010dujete da li \u017eelite Eurojackpot listi\u0107e i vodimo Vas na posebnu stranicu.<\/p><p>Na ovoj stranici dobiti \u0107ete vi\u0161e informacija o Eurojackpotu i mo\u0107i \u0107ete kupiti te listi\u0107e iz Hrvatske. Birate onoliko listi\u0107a koliko \u017eelite i mo\u017eete odabrati brojeve koje \u017eelite. Sve dok se Va\u0161i brojevi podudaraju s pravilima o kojima smo gore govorili, mo\u017eete odabrati bilo koju kombinaciju brojeva na svakom od Va\u0161ih listi\u0107a.<\/p><h2 class=\"wp-block-heading\">Ako ne znate s kojim brojevima \u017eelite igrati uvijek mo\u017eete odabrati Quick Pick.<\/h2><p>S Quick Pick opcijom dobit \u0107e te nasumi\u010dno odabrane brojeve koji su potrebni da se ispuni norma. Birate listi\u0107 i vi\u0161e se ne brinete. Ako \u017eelite izabrati nekoliko opcija, ali ne \u017eelite sve nasumi\u010dne brojeve mo\u017eete kombinirati dvije opcije, \u0161to \u0107e Vam dodatno olak\u0161ati potragu za listi\u0107ima.<\/p><h2 class=\"wp-block-heading\">Stvaranje ra\u010duna<\/h2><p>Kada imate sve brojeve, pro\u0111ite kroz proces stvaranja ra\u010duna. Kada krenete s otvaranjem ra\u010duna, \u0161to je ustvari veoma jednostavan proces, potrebno je popuniti par osnovnih informacija. Te informacije poma\u017eu i olak\u0161avaju prebacivanje novca na Va\u0161 ra\u010dun, koji mo\u017eete iskoristiti za kupovinu novih listi\u0107a ili da preuzimanje sredstva za sebe. <\/p><p>Kada ste spremni odabrati Va\u0161e listi\u0107e iz Hrvatske samo se ponovo prijavite na ra\u010dun i mo\u0107i \u0107e te kupiti one koje \u017eelite. Ako \u017eelite Quick Pick to je jo\u0161 lak\u0161e, tako\u0111er mo\u017eete na\u0161timati da su Va\u0161i listi\u0107i spremni za vi\u0161e narednih izvla\u010denje. Samo zadr\u017eite iste listi\u0107e i spremni ste.<\/p>","protected":false},"excerpt":{"rendered":"","protected":false},"author":1,"featured_media":0,"parent":16714,"menu_order":4,"comment_status":"closed","ping_status":"closed","template":"eurojackpot-info.php","meta":{"_et_pb_use_builder":"","_et_pb_old_content":"","_et_gb_content_width":"","exclude_from_search":false,"footnotes":""},"class_list":["post-16715","page","type-page","status-publish","hentry"],"yoast_head":"<!-- This site is optimized with the Yoast SEO plugin v23.8 - https:\/\/yoast.com\/wordpress\/plugins\/seo\/ -->\n<title>Kako kupiti listi\u0107e za Eurojackpot on-line iz Hrvatske<\/title>\n<meta name=\"description\" content=\"Eurojackpot listi\u0107i sada su u prodaji on-line za fanove iz Hrvatske\" \/>\n<meta name=\"robots\" content=\"index, follow, max-snippet:-1, max-image-preview:large, max-video-preview:-1\" \/>\n<link rel=\"canonical\" href=\"https:\/\/redfoxlotto.com\/hr\/lutrije\/eurojackpot\/\" \/>\n<meta property=\"og:locale\" content=\"hr_HR\" \/>\n<meta property=\"og:type\" content=\"article\" \/>\n<meta property=\"og:title\" content=\"Kako kupiti listi\u0107e za Eurojackpot on-line iz Hrvatske\" \/>\n<meta property=\"og:description\" content=\"Eurojackpot listi\u0107i sada su u prodaji on-line za fanove iz Hrvatske\" \/>\n<meta property=\"og:url\" content=\"https:\/\/redfoxlotto.com\/hr\/lutrije\/eurojackpot\/\" \/>\n<meta property=\"og:site_name\" content=\"Get Tickets for the World\u2019s largest jackpots\" \/>\n<meta property=\"article:modified_time\" content=\"2025-12-18T13:38:00+00:00\" \/>\n<meta property=\"og:image\" content=\"https:\/\/content.redfoxlotto.com\/uploads\/sites\/9\/1_ticket_eurojackpot2.jpg\" \/>\n<meta name=\"twitter:card\" content=\"summary_large_image\" \/>\n<meta name=\"twitter:label1\" content=\"Procijenjeno vrijeme \u010ditanja\" \/>\n\t<meta name=\"twitter:data1\" content=\"4 minute\" \/>\n<script type=\"application\/ld+json\" class=\"yoast-schema-graph\">{\"@context\":\"https:\/\/schema.org\",\"@graph\":[{\"@type\":\"WebPage\",\"@id\":\"https:\/\/redfoxlotto.com\/hr\/lutrije\/eurojackpot\/\",\"url\":\"https:\/\/redfoxlotto.com\/hr\/lutrije\/eurojackpot\/\",\"name\":\"Kako kupiti listi\u0107e za Eurojackpot on-line iz Hrvatske\",\"isPartOf\":{\"@id\":\"https:\/\/redfoxlotto.com\/hr\/#website\"},\"primaryImageOfPage\":{\"@id\":\"https:\/\/redfoxlotto.com\/hr\/lutrije\/eurojackpot\/#primaryimage\"},\"image\":{\"@id\":\"https:\/\/redfoxlotto.com\/hr\/lutrije\/eurojackpot\/#primaryimage\"},\"thumbnailUrl\":\"https:\/\/content.redfoxlotto.com\/uploads\/sites\/9\/1_ticket_eurojackpot2.jpg\",\"datePublished\":\"2018-11-18T08:54:25+00:00\",\"dateModified\":\"2025-12-18T13:38:00+00:00\",\"description\":\"Eurojackpot listi\u0107i sada su u prodaji on-line za fanove iz Hrvatske\",\"breadcrumb\":{\"@id\":\"https:\/\/redfoxlotto.com\/hr\/lutrije\/eurojackpot\/#breadcrumb\"},\"inLanguage\":\"hr\",\"potentialAction\":[{\"@type\":\"ReadAction\",\"target\":[\"https:\/\/redfoxlotto.com\/hr\/lutrije\/eurojackpot\/\"]}]},{\"@type\":\"ImageObject\",\"inLanguage\":\"hr\",\"@id\":\"https:\/\/redfoxlotto.com\/hr\/lutrije\/eurojackpot\/#primaryimage\",\"url\":\"https:\/\/content.redfoxlotto.com\/uploads\/sites\/9\/1_ticket_eurojackpot2.jpg\",\"contentUrl\":\"https:\/\/content.redfoxlotto.com\/uploads\/sites\/9\/1_ticket_eurojackpot2.jpg\"},{\"@type\":\"BreadcrumbList\",\"@id\":\"https:\/\/redfoxlotto.com\/hr\/lutrije\/eurojackpot\/#breadcrumb\",\"itemListElement\":[{\"@type\":\"ListItem\",\"position\":1,\"name\":\"Home\",\"item\":\"https:\/\/redfoxlotto.com\/hr\/\"},{\"@type\":\"ListItem\",\"position\":2,\"name\":\"Kako kupiti loto listi\u0107e on-line \u2013 proces kupovine\",\"item\":\"https:\/\/redfoxlotto.com\/hr\/lutrije\/\"},{\"@type\":\"ListItem\",\"position\":3,\"name\":\"O Eurojackpotu\"}]},{\"@type\":\"WebSite\",\"@id\":\"https:\/\/redfoxlotto.com\/hr\/#website\",\"url\":\"https:\/\/redfoxlotto.com\/hr\/\",\"name\":\"Get Tickets for the World\u2019s largest jackpots\",\"description\":\"Participate in worldwide lottery jackpots from any country\",\"publisher\":{\"@id\":\"https:\/\/redfoxlotto.com\/hr\/#organization\"},\"potentialAction\":[{\"@type\":\"SearchAction\",\"target\":{\"@type\":\"EntryPoint\",\"urlTemplate\":\"https:\/\/redfoxlotto.com\/hr\/?s={search_term_string}\"},\"query-input\":{\"@type\":\"PropertyValueSpecification\",\"valueRequired\":true,\"valueName\":\"search_term_string\"}}],\"inLanguage\":\"hr\"},{\"@type\":\"Organization\",\"@id\":\"https:\/\/redfoxlotto.com\/hr\/#organization\",\"name\":\"Get Tickets for the World\u2019s largest jackpots\",\"url\":\"https:\/\/redfoxlotto.com\/hr\/\",\"logo\":{\"@type\":\"ImageObject\",\"inLanguage\":\"hr\",\"@id\":\"https:\/\/redfoxlotto.com\/hr\/#\/schema\/logo\/image\/\",\"url\":\"https:\/\/redfoxlotto.com\/wp-content\/uploads\/2023\/04\/logo.png\",\"contentUrl\":\"https:\/\/redfoxlotto.com\/wp-content\/uploads\/2023\/04\/logo.png\",\"width\":269,\"height\":53,\"caption\":\"Get Tickets for the World\u2019s largest jackpots\"},\"image\":{\"@id\":\"https:\/\/redfoxlotto.com\/hr\/#\/schema\/logo\/image\/\"}}]}<\/script>\n<!-- \/ Yoast SEO plugin. -->","yoast_head_json":{"title":"Kako kupiti listi\u0107e za Eurojackpot on-line iz Hrvatske","description":"Eurojackpot listi\u0107i sada su u prodaji on-line za fanove iz Hrvatske","robots":{"index":"index","follow":"follow","max-snippet":"max-snippet:-1","max-image-preview":"max-image-preview:large","max-video-preview":"max-video-preview:-1"},"canonical":"https:\/\/redfoxlotto.com\/hr\/lutrije\/eurojackpot\/","og_locale":"hr_HR","og_type":"article","og_title":"Kako kupiti listi\u0107e za Eurojackpot on-line iz Hrvatske","og_description":"Eurojackpot listi\u0107i sada su u prodaji on-line za fanove iz Hrvatske","og_url":"https:\/\/redfoxlotto.com\/hr\/lutrije\/eurojackpot\/","og_site_name":"Get Tickets for the World\u2019s largest jackpots","article_modified_time":"2025-12-18T13:38:00+00:00","og_image":[{"url":"https:\/\/content.redfoxlotto.com\/uploads\/sites\/9\/1_ticket_eurojackpot2.jpg"}],"twitter_card":"summary_large_image","twitter_misc":{"Procijenjeno vrijeme \u010ditanja":"4 minute"},"schema":{"@context":"https:\/\/schema.org","@graph":[{"@type":"WebPage","@id":"https:\/\/redfoxlotto.com\/hr\/lutrije\/eurojackpot\/","url":"https:\/\/redfoxlotto.com\/hr\/lutrije\/eurojackpot\/","name":"Kako kupiti listi\u0107e za Eurojackpot on-line iz Hrvatske","isPartOf":{"@id":"https:\/\/redfoxlotto.com\/hr\/#website"},"primaryImageOfPage":{"@id":"https:\/\/redfoxlotto.com\/hr\/lutrije\/eurojackpot\/#primaryimage"},"image":{"@id":"https:\/\/redfoxlotto.com\/hr\/lutrije\/eurojackpot\/#primaryimage"},"thumbnailUrl":"https:\/\/content.redfoxlotto.com\/uploads\/sites\/9\/1_ticket_eurojackpot2.jpg","datePublished":"2018-11-18T08:54:25+00:00","dateModified":"2025-12-18T13:38:00+00:00","description":"Eurojackpot listi\u0107i sada su u prodaji on-line za fanove iz Hrvatske","breadcrumb":{"@id":"https:\/\/redfoxlotto.com\/hr\/lutrije\/eurojackpot\/#breadcrumb"},"inLanguage":"hr","potentialAction":[{"@type":"ReadAction","target":["https:\/\/redfoxlotto.com\/hr\/lutrije\/eurojackpot\/"]}]},{"@type":"ImageObject","inLanguage":"hr","@id":"https:\/\/redfoxlotto.com\/hr\/lutrije\/eurojackpot\/#primaryimage","url":"https:\/\/content.redfoxlotto.com\/uploads\/sites\/9\/1_ticket_eurojackpot2.jpg","contentUrl":"https:\/\/content.redfoxlotto.com\/uploads\/sites\/9\/1_ticket_eurojackpot2.jpg"},{"@type":"BreadcrumbList","@id":"https:\/\/redfoxlotto.com\/hr\/lutrije\/eurojackpot\/#breadcrumb","itemListElement":[{"@type":"ListItem","position":1,"name":"Home","item":"https:\/\/redfoxlotto.com\/hr\/"},{"@type":"ListItem","position":2,"name":"Kako kupiti loto listi\u0107e on-line \u2013 proces kupovine","item":"https:\/\/redfoxlotto.com\/hr\/lutrije\/"},{"@type":"ListItem","position":3,"name":"O Eurojackpotu"}]},{"@type":"WebSite","@id":"https:\/\/redfoxlotto.com\/hr\/#website","url":"https:\/\/redfoxlotto.com\/hr\/","name":"Get Tickets for the World\u2019s largest jackpots","description":"Participate in worldwide lottery jackpots from any country","publisher":{"@id":"https:\/\/redfoxlotto.com\/hr\/#organization"},"potentialAction":[{"@type":"SearchAction","target":{"@type":"EntryPoint","urlTemplate":"https:\/\/redfoxlotto.com\/hr\/?s={search_term_string}"},"query-input":{"@type":"PropertyValueSpecification","valueRequired":true,"valueName":"search_term_string"}}],"inLanguage":"hr"},{"@type":"Organization","@id":"https:\/\/redfoxlotto.com\/hr\/#organization","name":"Get Tickets for the World\u2019s largest jackpots","url":"https:\/\/redfoxlotto.com\/hr\/","logo":{"@type":"ImageObject","inLanguage":"hr","@id":"https:\/\/redfoxlotto.com\/hr\/#\/schema\/logo\/image\/","url":"https:\/\/redfoxlotto.com\/wp-content\/uploads\/2023\/04\/logo.png","contentUrl":"https:\/\/redfoxlotto.com\/wp-content\/uploads\/2023\/04\/logo.png","width":269,"height":53,"caption":"Get Tickets for the World\u2019s largest jackpots"},"image":{"@id":"https:\/\/redfoxlotto.com\/hr\/#\/schema\/logo\/image\/"}}]}},"_links":{"self":[{"href":"https:\/\/redfoxlotto.com\/hr\/wp-json\/wp\/v2\/pages\/16715","targetHints":{"allow":["GET"]}}],"collection":[{"href":"https:\/\/redfoxlotto.com\/hr\/wp-json\/wp\/v2\/pages"}],"about":[{"href":"https:\/\/redfoxlotto.com\/hr\/wp-json\/wp\/v2\/types\/page"}],"author":[{"embeddable":true,"href":"https:\/\/redfoxlotto.com\/hr\/wp-json\/wp\/v2\/users\/1"}],"replies":[{"embeddable":true,"href":"https:\/\/redfoxlotto.com\/hr\/wp-json\/wp\/v2\/comments?post=16715"}],"version-history":[{"count":0,"href":"https:\/\/redfoxlotto.com\/hr\/wp-json\/wp\/v2\/pages\/16715\/revisions"}],"up":[{"embeddable":true,"href":"https:\/\/redfoxlotto.com\/hr\/wp-json\/wp\/v2\/pages\/16714"}],"wp:attachment":[{"href":"https:\/\/redfoxlotto.com\/hr\/wp-json\/wp\/v2\/media?parent=16715"}],"curies":[{"name":"wp","href":"https:\/\/api.w.org\/{rel}","templated":true}]}}