{"id":16714,"date":"2023-04-24T14:12:24","date_gmt":"2023-04-24T14:12:24","guid":{"rendered":"https:\/\/redfoxlotto.com\/?page_id=1358"},"modified":"2025-12-18T09:22:46","modified_gmt":"2025-12-18T09:22:46","slug":"lutrije","status":"publish","type":"page","link":"https:\/\/redfoxlotto.com\/hr\/lutrije\/","title":{"rendered":"Kako kupiti loto listi\u0107e on-line \u2013 proces kupovine"},"content":{"rendered":"<p><script type=\"application\/ld+json\">\n{\n  \"@context\": \"https:\/\/schema.org\",\n  \"@type\": \"Service\",\n  \"name\": \"Kupite lutrijske listi\u0107e online\",\n  \"url\": \"https:\/\/redfoxlotto.com\/hr\/lotteries\/\",\n  \"description\": \"Kupite lutrijske listi\u0107e online - najbolje lutrije na planeti dostupne ovdje.\",\n  \"serviceType\": \"Online usluga za slanje lutrijskih listi\u0107a\",<\/p>\n<p>  \"provider\": {\n    \"@type\": \"Organization\",\n    \"name\": \"RedFoxLotto\",\n    \"url\": \"https:\/\/redfoxlotto.com\/hr\/\",\n    \"image\": \"https:\/\/redfoxlotto.com\/wp-content\/uploads\/2025\/12\/ticket_scans.jpg\"\n  },<\/p>\n<p>  \"areaServed\": \"Worldwide\",\n  \"termsOfService\": \"https:\/\/redfoxlotto.com\/terms-and-conditions\",<\/p>\n<p>  \"additionalProperty\": {\n    \"@type\": \"PropertyValue\",\n    \"name\": \"FAQ\",\n    \"value\": \"https:\/\/redfoxlotto.com\/hr\/faq\/\"\n  },<\/p>\n<p>  \"hasOfferCatalog\": {\n    \"@type\": \"OfferCatalog\",\n    \"name\": \"Svjetski lutrijski listi\u0107i\",\n    \"itemListElement\": [\n      {\n        \"@type\": \"Offer\",\n        \"name\": \"Lutrijski listi\u0107i\",\n        \"url\": \"https:\/\/redfoxlotto.com\/hr\/lotteries\/\",\n        \"description\": \"Kupovina svjetskih lutrijskih listi\u0107a online je sigurna i jednostavna \u2013 evo kako to funkcionira.\",\n        \"availability\": \"https:\/\/schema.org\/InStock\",<\/p>\n<p>        \"itemOffered\": {\n          \"@type\": \"Service\",\n          \"name\": \"Online lutrijski listi\u0107i\",\n          \"description\": \"Sudjelujte u najve\u0107im svjetskim lutrijskim jackpotovima \u2013 kupite svoje listi\u0107e online putem RedFoxLotto.\"\n        }\n      }\n    ]\n  },<\/p>\n<p>  \"mainEntityOfPage\": {\n    \"@type\": \"WebPage\",\n    \"@id\": \"https:\/\/redfoxlotto.com\/hr\/lotteries\/\"\n  }\n}\n<\/script><\/p>\n<p><!--more--><\/p>\n<p>Da li ste spremni kupiti listi\u0107e za loto bilo gdje u svijetu? Ili jo\u0161 niste sigurni da li ste spremni. Mo\u017eda niste sigurni ho\u0107e li biti zabavno? Ili ne znate kako izgleda taj cjelokupan proces.<\/p>\n<p>Na na\u0161oj stranici mo\u017eete kupiti listi\u0107e za najve\u0107e lutrije na svijetu on-line, a ne samo za one koje su dostupne u Va\u0161oj dr\u017eavi. U ponudu su uklju\u010dene MegaMillions i Powerball iz Amerike, EuroMillions, Eurojackpot, ElGordo i La Primitiva iz \u0160panjolske i Superenalotto iz Italije, te mnoge druge.<\/p>\n<p>Prednost kupovine ovih listi\u0107a preko na\u0161eg on-line sistema je ta da mo\u017eete dobiti listi\u0107e u samo \u010detiri jednostavnih koraka. Ne morate da se brinete oko komplicirane nabavke listi\u0107a iz drugih zemalja. Kupovina on-line \u0107e to u\u010diniti veoma jednostavnim.<\/p>\n<h2>Ovako izgleda on-line kupovina listi\u0107a u \u010detiri jednostavna koraka:<\/h2>\n<p><img decoding=\"async\" class=\"size-full wp-image alignright\" src=\"https:\/\/content.redfoxlotto.com\/uploads\/sites\/9\/1_lottery_ticket.jpg\" alt=\"kako kupiti online lutrijske ulaznice\" \/><\/p>\n<h3>Korak 1 \u2013 Odabir lutrije<\/h3>\n<p>Na stranici RedFoxLotto.com odaberite lutriju za koju \u017eelite da kupite listi\u0107e. Na na\u0161oj naslovnoj strani mo\u017eete vidjeti ponudu lutrija sortiranih prema iznosu trenutnih dobitaka. Tako odlu\u010dujete koja je ponuda za Vas vrijedna kupovine, tako\u0111er mo\u017eete provjeriti razli\u010dite lutrije da dobijete vi\u0161e informacija o njima.<br \/>\nAko provjerite svaku stranicu, mo\u0107i \u0107ete saznati vrijeme izvla\u010denja, proces izvla\u010denja i postupak odabira brojeva. Dakle, dobit \u0107ete sve potrebne informacije.<\/p>\n<h3>Korak 2 \u2013 Izaberite svoje brojeve<\/h3>\n<p>Koristite mi\u0161 da biste odabrali Va\u0161e brojeve. Kutije \u0107e pokazati koliko brojeva trebate, ali tako\u0111er \u0107e re\u0107i da li trebate neke posebne brojeve (poput Powerballa ili Meganumbera). Ako ne \u017eelite da birate brojeve, mo\u017eete koristiti opciju \u201eQuick Pick\u201c za biranje nasumi\u010dnih brojeva.<br \/>\nKada se odaberu nasumi\u010dni brojevi, opet Vi donosite kona\u010dnu odluku. Tako ako imate 2 broja koja Vam se ne svi\u0111aju mo\u017eete ih zamijeniti nekim drugim brojevima. Tako\u0111er mo\u017eete unijeti neke svoje brojeve, a zatim ostale nasumi\u010dno odabrati.<\/p>\n<p>Ne morate se brinuti da li ste odabrali previ\u0161e ili premalo brojeva. U tom slu\u010daju, sustav \u0107e Vas upozoriti i zatra\u017eiti da dodate ili uklonite brojeve prije nego \u0161to kupite listi\u0107. Zaista je tako jednostavno.<\/p>\n<p>Mo\u017eete kupiti vi\u0161e loto listi\u0107a od razli\u010ditih lutrija i dodati na narud\u017ebu. Kada obavite kupovinu svih listi\u0107a, kliknete na opciju \u201ePayNow\u201c. Mo\u017eete kupiti vi\u0161e listi\u0107a od jedne lutrije ili kombinirati od vi\u0161e lutrija, dodati ih u korpu na kraju procesa i platiti ih sve zajedno u isto vrijeme u jednoj narud\u017ebi.<\/p>\n<h3>Korak 3 \u2013 Registracija<\/h3>\n<p>Sada se morate registrirati na korisni\u010dki ra\u010dun na stranici, da bi mogli kupiti loto listi\u0107e on-line. Za ovo nam trebaju neke Va\u0161e informacije. To radimo zbog Va\u0161e sigurnosti jer \u017eelite biti obavije\u0161teni u slu\u010daju dobitka. Ako ste ve\u0107 registrirani, samo se trebate prijaviti s Va\u0161im podatcima za prijavu. Ako ste zaboravili \u0161ifru, molimo da koristite opciju \u201eForgot password\u201c.<\/p>\n<h3>Korak 4 \u2013 Pla\u0107anje<\/h3>\n<p>Na Va\u0161em korisni\u010dkom ra\u010dunu izaberite na\u010din pla\u0107anja koji Vam odgovara. Na\u010din pla\u0107anja mo\u017ee ovisiti od Va\u0161e dr\u017eave. Mastercard, Visa, direkt transfer s ra\u010duna, Bitcoin, Neteller, Skrill i Paysafecard su samo neki od na\u010dina pla\u0107anja. Samo izaberite koji \u017eelite i kliknite \u201ekupi\u201c.<\/p>\n<p>Nakon pla\u0107anja, na Va\u0161 registrirani e-mail dobit \u0107ete potvrdu o kupovini. Tako \u0107ete biti sigurni da je Va\u0161a narud\u017eba prihva\u0107ena i da ste spremni za izvla\u010denje.<br \/>\n<img decoding=\"async\" class=\"size-full wp-image alignright\" src=\"https:\/\/content.redfoxlotto.com\/uploads\/sites\/9\/1_buy_lottery_online.jpg\" alt=\"plati kartu online\" \/><br \/>\nSada, kada ste registrirani, mo\u017eete napraviti depozit na Va\u0161em ra\u010dunu, koji kasnije mo\u017eete koristiti za kupovinu \u017eeljenih loto listi\u0107a. Ovo je veoma jednostavan postupak jer \u017eelimo da dobijete listi\u0107e \u0161to prije. Naravno mo\u017eete dodati par loto listi\u0107a u ko\u0161aricu, a zatim platiti kada kompletirate narud\u017ebu.<\/p>\n<h2>Nakon \u0161to kupite karte putem interneta<\/h2>\n<p>\u010cetiri koraka, nekoliko minuta i spremni ste za izvla\u010denje. Ne morate brinuti da \u0107ete bilo \u0161to propustiti jer \u0107emo Vas mi odmah obavijestiti ako ste ne\u0161to osvojili.<\/p>\n<p>Naravno u svakom trenutku mo\u017eete provjeriti svoj profil da bi vidjeli listi\u0107e koje ste kupili i koji su trenutno u igri.<\/p>\n<p>Nakon izvla\u010denja, na stranici Va\u0161eg ra\u010duna pokazat \u0107emo Vam ako ste ne\u0161to osvojili ili pogodili bilo koji broj. Ako osvojite iznos ispod 2500 \u20ac, odmah \u0107ete dobiti taj iznos na svom ra\u010dunu. Taj novac mo\u017eete podi\u0107i ili koristiti za nove listi\u0107e. Tako\u0111er \u0107emo obraditi sve ve\u0107e dobitke za Vas &#8211; postupak je malo druga\u010diji.<\/p>\n<p>Igrati loto s nama je tako jednostavno i bit \u0107e puno zabavnije od svega \u0161to ste ikada prije igrali, jer \u0107e biti puno vi\u0161e dostupnih opcija.jer imat \u0107ete puno vi\u0161e mogu\u0107nosti.<\/p>\n","protected":false},"excerpt":{"rendered":"","protected":false},"author":1,"featured_media":0,"parent":0,"menu_order":3,"comment_status":"closed","ping_status":"closed","template":"Information.php","meta":{"_et_pb_use_builder":"","_et_pb_old_content":"","_et_gb_content_width":"","exclude_from_search":false,"footnotes":""},"class_list":["post-16714","page","type-page","status-publish","hentry"],"yoast_head":"<!-- This site is optimized with the Yoast SEO plugin v23.8 - https:\/\/yoast.com\/wordpress\/plugins\/seo\/ -->\n<title>Kako mogu kupiti loto listi\u0107e on-line?<\/title>\n<meta name=\"description\" content=\"Sigurno je, legalno i lako kupiti lutrijske listi\u0107e za svjetske lutrije - evo kako to funkcionira!\" \/>\n<meta name=\"robots\" content=\"index, follow, max-snippet:-1, max-image-preview:large, max-video-preview:-1\" \/>\n<link rel=\"canonical\" href=\"https:\/\/redfoxlotto.com\/hr\/lutrije\/\" \/>\n<meta property=\"og:locale\" content=\"hr_HR\" \/>\n<meta property=\"og:type\" content=\"article\" \/>\n<meta property=\"og:title\" content=\"Kako mogu kupiti loto listi\u0107e on-line?\" \/>\n<meta property=\"og:description\" content=\"Sigurno je, legalno i lako kupiti lutrijske listi\u0107e za svjetske lutrije - evo kako to funkcionira!\" \/>\n<meta property=\"og:url\" content=\"https:\/\/redfoxlotto.com\/hr\/lutrije\/\" \/>\n<meta property=\"og:site_name\" content=\"Get Tickets for the World\u2019s largest jackpots\" \/>\n<meta property=\"article:modified_time\" content=\"2025-12-18T09:22:46+00:00\" \/>\n<meta property=\"og:image\" content=\"https:\/\/content.redfoxlotto.com\/uploads\/sites\/9\/1_lottery_ticket.jpg\" \/>\n<meta name=\"twitter:card\" content=\"summary_large_image\" \/>\n<meta name=\"twitter:label1\" content=\"Procijenjeno vrijeme \u010ditanja\" \/>\n\t<meta name=\"twitter:data1\" content=\"4 minute\" \/>\n<script type=\"application\/ld+json\" class=\"yoast-schema-graph\">{\"@context\":\"https:\/\/schema.org\",\"@graph\":[{\"@type\":\"WebPage\",\"@id\":\"https:\/\/redfoxlotto.com\/hr\/lutrije\/\",\"url\":\"https:\/\/redfoxlotto.com\/hr\/lutrije\/\",\"name\":\"Kako mogu kupiti loto listi\u0107e on-line?\",\"isPartOf\":{\"@id\":\"https:\/\/redfoxlotto.com\/hr\/#website\"},\"primaryImageOfPage\":{\"@id\":\"https:\/\/redfoxlotto.com\/hr\/lutrije\/#primaryimage\"},\"image\":{\"@id\":\"https:\/\/redfoxlotto.com\/hr\/lutrije\/#primaryimage\"},\"thumbnailUrl\":\"https:\/\/content.redfoxlotto.com\/uploads\/sites\/9\/1_lottery_ticket.jpg\",\"datePublished\":\"2023-04-24T14:12:24+00:00\",\"dateModified\":\"2025-12-18T09:22:46+00:00\",\"description\":\"Sigurno je, legalno i lako kupiti lutrijske listi\u0107e za svjetske lutrije - evo kako to funkcionira!\",\"breadcrumb\":{\"@id\":\"https:\/\/redfoxlotto.com\/hr\/lutrije\/#breadcrumb\"},\"inLanguage\":\"hr\",\"potentialAction\":[{\"@type\":\"ReadAction\",\"target\":[\"https:\/\/redfoxlotto.com\/hr\/lutrije\/\"]}]},{\"@type\":\"ImageObject\",\"inLanguage\":\"hr\",\"@id\":\"https:\/\/redfoxlotto.com\/hr\/lutrije\/#primaryimage\",\"url\":\"https:\/\/content.redfoxlotto.com\/uploads\/sites\/9\/1_lottery_ticket.jpg\",\"contentUrl\":\"https:\/\/content.redfoxlotto.com\/uploads\/sites\/9\/1_lottery_ticket.jpg\"},{\"@type\":\"BreadcrumbList\",\"@id\":\"https:\/\/redfoxlotto.com\/hr\/lutrije\/#breadcrumb\",\"itemListElement\":[{\"@type\":\"ListItem\",\"position\":1,\"name\":\"Home\",\"item\":\"https:\/\/redfoxlotto.com\/hr\/\"},{\"@type\":\"ListItem\",\"position\":2,\"name\":\"Kako kupiti loto listi\u0107e on-line \u2013 proces kupovine\"}]},{\"@type\":\"WebSite\",\"@id\":\"https:\/\/redfoxlotto.com\/hr\/#website\",\"url\":\"https:\/\/redfoxlotto.com\/hr\/\",\"name\":\"Get Tickets for the World\u2019s largest jackpots\",\"description\":\"Participate in worldwide lottery jackpots from any country\",\"publisher\":{\"@id\":\"https:\/\/redfoxlotto.com\/hr\/#organization\"},\"potentialAction\":[{\"@type\":\"SearchAction\",\"target\":{\"@type\":\"EntryPoint\",\"urlTemplate\":\"https:\/\/redfoxlotto.com\/hr\/?s={search_term_string}\"},\"query-input\":{\"@type\":\"PropertyValueSpecification\",\"valueRequired\":true,\"valueName\":\"search_term_string\"}}],\"inLanguage\":\"hr\"},{\"@type\":\"Organization\",\"@id\":\"https:\/\/redfoxlotto.com\/hr\/#organization\",\"name\":\"Get Tickets for the World\u2019s largest jackpots\",\"url\":\"https:\/\/redfoxlotto.com\/hr\/\",\"logo\":{\"@type\":\"ImageObject\",\"inLanguage\":\"hr\",\"@id\":\"https:\/\/redfoxlotto.com\/hr\/#\/schema\/logo\/image\/\",\"url\":\"https:\/\/redfoxlotto.com\/wp-content\/uploads\/2023\/04\/logo.png\",\"contentUrl\":\"https:\/\/redfoxlotto.com\/wp-content\/uploads\/2023\/04\/logo.png\",\"width\":269,\"height\":53,\"caption\":\"Get Tickets for the World\u2019s largest jackpots\"},\"image\":{\"@id\":\"https:\/\/redfoxlotto.com\/hr\/#\/schema\/logo\/image\/\"}}]}<\/script>\n<!-- \/ Yoast SEO plugin. -->","yoast_head_json":{"title":"Kako mogu kupiti loto listi\u0107e on-line?","description":"Sigurno je, legalno i lako kupiti lutrijske listi\u0107e za svjetske lutrije - evo kako to funkcionira!","robots":{"index":"index","follow":"follow","max-snippet":"max-snippet:-1","max-image-preview":"max-image-preview:large","max-video-preview":"max-video-preview:-1"},"canonical":"https:\/\/redfoxlotto.com\/hr\/lutrije\/","og_locale":"hr_HR","og_type":"article","og_title":"Kako mogu kupiti loto listi\u0107e on-line?","og_description":"Sigurno je, legalno i lako kupiti lutrijske listi\u0107e za svjetske lutrije - evo kako to funkcionira!","og_url":"https:\/\/redfoxlotto.com\/hr\/lutrije\/","og_site_name":"Get Tickets for the World\u2019s largest jackpots","article_modified_time":"2025-12-18T09:22:46+00:00","og_image":[{"url":"https:\/\/content.redfoxlotto.com\/uploads\/sites\/9\/1_lottery_ticket.jpg"}],"twitter_card":"summary_large_image","twitter_misc":{"Procijenjeno vrijeme \u010ditanja":"4 minute"},"schema":{"@context":"https:\/\/schema.org","@graph":[{"@type":"WebPage","@id":"https:\/\/redfoxlotto.com\/hr\/lutrije\/","url":"https:\/\/redfoxlotto.com\/hr\/lutrije\/","name":"Kako mogu kupiti loto listi\u0107e on-line?","isPartOf":{"@id":"https:\/\/redfoxlotto.com\/hr\/#website"},"primaryImageOfPage":{"@id":"https:\/\/redfoxlotto.com\/hr\/lutrije\/#primaryimage"},"image":{"@id":"https:\/\/redfoxlotto.com\/hr\/lutrije\/#primaryimage"},"thumbnailUrl":"https:\/\/content.redfoxlotto.com\/uploads\/sites\/9\/1_lottery_ticket.jpg","datePublished":"2023-04-24T14:12:24+00:00","dateModified":"2025-12-18T09:22:46+00:00","description":"Sigurno je, legalno i lako kupiti lutrijske listi\u0107e za svjetske lutrije - evo kako to funkcionira!","breadcrumb":{"@id":"https:\/\/redfoxlotto.com\/hr\/lutrije\/#breadcrumb"},"inLanguage":"hr","potentialAction":[{"@type":"ReadAction","target":["https:\/\/redfoxlotto.com\/hr\/lutrije\/"]}]},{"@type":"ImageObject","inLanguage":"hr","@id":"https:\/\/redfoxlotto.com\/hr\/lutrije\/#primaryimage","url":"https:\/\/content.redfoxlotto.com\/uploads\/sites\/9\/1_lottery_ticket.jpg","contentUrl":"https:\/\/content.redfoxlotto.com\/uploads\/sites\/9\/1_lottery_ticket.jpg"},{"@type":"BreadcrumbList","@id":"https:\/\/redfoxlotto.com\/hr\/lutrije\/#breadcrumb","itemListElement":[{"@type":"ListItem","position":1,"name":"Home","item":"https:\/\/redfoxlotto.com\/hr\/"},{"@type":"ListItem","position":2,"name":"Kako kupiti loto listi\u0107e on-line \u2013 proces kupovine"}]},{"@type":"WebSite","@id":"https:\/\/redfoxlotto.com\/hr\/#website","url":"https:\/\/redfoxlotto.com\/hr\/","name":"Get Tickets for the World\u2019s largest jackpots","description":"Participate in worldwide lottery jackpots from any country","publisher":{"@id":"https:\/\/redfoxlotto.com\/hr\/#organization"},"potentialAction":[{"@type":"SearchAction","target":{"@type":"EntryPoint","urlTemplate":"https:\/\/redfoxlotto.com\/hr\/?s={search_term_string}"},"query-input":{"@type":"PropertyValueSpecification","valueRequired":true,"valueName":"search_term_string"}}],"inLanguage":"hr"},{"@type":"Organization","@id":"https:\/\/redfoxlotto.com\/hr\/#organization","name":"Get Tickets for the World\u2019s largest jackpots","url":"https:\/\/redfoxlotto.com\/hr\/","logo":{"@type":"ImageObject","inLanguage":"hr","@id":"https:\/\/redfoxlotto.com\/hr\/#\/schema\/logo\/image\/","url":"https:\/\/redfoxlotto.com\/wp-content\/uploads\/2023\/04\/logo.png","contentUrl":"https:\/\/redfoxlotto.com\/wp-content\/uploads\/2023\/04\/logo.png","width":269,"height":53,"caption":"Get Tickets for the World\u2019s largest jackpots"},"image":{"@id":"https:\/\/redfoxlotto.com\/hr\/#\/schema\/logo\/image\/"}}]}},"_links":{"self":[{"href":"https:\/\/redfoxlotto.com\/hr\/wp-json\/wp\/v2\/pages\/16714","targetHints":{"allow":["GET"]}}],"collection":[{"href":"https:\/\/redfoxlotto.com\/hr\/wp-json\/wp\/v2\/pages"}],"about":[{"href":"https:\/\/redfoxlotto.com\/hr\/wp-json\/wp\/v2\/types\/page"}],"author":[{"embeddable":true,"href":"https:\/\/redfoxlotto.com\/hr\/wp-json\/wp\/v2\/users\/1"}],"replies":[{"embeddable":true,"href":"https:\/\/redfoxlotto.com\/hr\/wp-json\/wp\/v2\/comments?post=16714"}],"version-history":[{"count":0,"href":"https:\/\/redfoxlotto.com\/hr\/wp-json\/wp\/v2\/pages\/16714\/revisions"}],"wp:attachment":[{"href":"https:\/\/redfoxlotto.com\/hr\/wp-json\/wp\/v2\/media?parent=16714"}],"curies":[{"name":"wp","href":"https:\/\/api.w.org\/{rel}","templated":true}]}}