{"id":12984,"date":"2023-04-24T18:09:15","date_gmt":"2023-04-24T18:09:15","guid":{"rendered":"https:\/\/redfoxlotto.com\/?page_id=12984"},"modified":"2025-12-10T12:38:06","modified_gmt":"2025-12-10T12:38:06","slug":"lotto-america","status":"publish","type":"page","link":"https:\/\/redfoxlotto.com\/hr\/igrajte\/lotto-america\/","title":{"rendered":"Kako igrati Lotto America na mre\u017ei"},"content":{"rendered":"<script type=\"application\/ld+json\">\r\n{\r\n\"@context\": \"https:\/\/schema.org\",\r\n\"@type\": \"Service\",\r\n\"name\": \" Lotto America online\",\r\n\"url\": \"https:\/\/redfoxlotto.com\/hr\/igrajte\/lotto-america\/\",\r\n\"description\": \"Kupite slu\u017ebene online karte Lotto America putem interneta putem RedFoxLotta. Odaberite svoje brojeve i pridru\u017eite se sljede\u0107em izvla\u010denju.\",\r\n\"serviceType\": \"Online lottery ticket purchase\",\r\n\r\n\"provider\": {\r\n\"@type\": \"Organization\",\r\n\"name\": \"RedFoxLotto\",\r\n\"url\": \"https:\/\/redfoxlotto.com\",\r\n\"logo\": \"https:\/\/redfoxlotto.com\/wp-content\/uploads\/logo.png\"\r\n},\r\n\r\n\"areaServed\": \"Worldwide\",\r\n\"termsOfService\": \"https:\/\/redfoxlotto.com\/terms-and-conditions\",\r\n\r\n\"hasOfferCatalog\": {\r\n\"@type\": \"OfferCatalog\",\r\n\"name\": \"Lotto America Offers\",\r\n\"itemListElement\": [\r\n{\r\n\"@type\": \"Offer\",\r\n\"name\": \"Lotto America Lottery Ticket\",\r\n\"url\": \"https:\/\/redfoxlotto.com\/hr\/igrajte\/lotto-america\/\",\r\n\"description\": \"Jedan ulaz za sljede\u0107e izvla\u010denje lutrije Lotto America.\",\r\n\"price\": \"2.75\",\r\n\"priceCurrency\": \"EUR\",\r\n\"availability\": \"https:\/\/schema.org\/InStock\",\r\n\r\n\"itemOffered\": {\r\n\"@type\": \"Service\",\r\n\"name\": \"Lotto America Lottery Entry\",\r\n\"description\": \"Prijava za sljede\u0107e izvla\u010denje Lotto America putem RedFoxLotta.\"\r\n}\r\n}\r\n]\r\n},\r\n\r\n\"mainEntityOfPage\": {\r\n\"@type\": \"WebPage\",\r\n\"@id\": \"https:\/\/redfoxlotto.com\/hr\/igrajte\/lotto-america\/\"\r\n}\r\n}\r\n<\/script><p>Kad je u pitanju igranje internetskog lota, mo\u017eda tra\u017eite ne\u0161to novo. To je verovatno razlog za\u0161to ste pre\u0161li na igranje onlajn igara na prvom mestu. Pa, spremac\u0301e se mnogo vi\u0161e zabaviti jer jo\u0161 niste videli Lotto America.<\/p><h2 class=\"wp-block-heading\">\u0160ta je Lotto America?<\/h2><p><img decoding=\"async\" class=\"size-full wp-image alignright\" src=\"https:\/\/content.redfoxlotto.com\/uploads\/sites\/9\/1_play_lottery_online5.jpg\" alt=\"play lotto america online\"><\/p><p>Loto Amerika je igra za lutriju sa vi\u0161e dr\u017eava koja vam pru\u017ea \u0161ansu za sjajan d\u017eekpot i daje vam dobre \u0161anse da zajedno s njom odete. I ne samo to, ulaznice su jeftine i ova igra vam pru\u017ea puno na\u010dina na koje mo\u017eete osvojiti manje nagrade dok ste na njoj. To zna\u010di da c\u0301ete se zabaviti s njim \u010dak i ako ne osvojite d\u017eekpot.<\/p><h2 class=\"wp-block-heading\">\u0160ta treba znati o igri<\/h2><p>Ova igra se izvodi dva puta nedeljno, u sredu i subotu. Tako\u0111e crta ukupno \u0161est razli\u010ditih kuglica. Pet takvih su redovne, bele kuglice, \u0161to su va\u0161i standardni brojevi. Jedna je crvena lopta koja je bonus broj.<\/p><p>Kada ste spremni da po\u010dnete da igrate Lotto America, sve \u0161to trebate je da napravite nalog na mre\u017ei pomoc\u0301u RedFokLotto. Odatle mo\u017eete pogledati sve na\u0161e razli\u010dite igre, koje uklju\u010duju opcije iz celog sveta. Lotto America je samo jedna od mnogih igara koje mo\u017eete birati, ali bic\u0301e zabavna.<\/p><p>Jednom kada odaberete igru videc\u0301ete \u0161ta je d\u017eekpot i kada c\u0301e se izvla\u010denje odr\u017eati pre nego \u0161to kupite kartu. Jednom kada odlu\u010dite da kupite kartu, samo izaberite brojeve koje \u017eelite. Mo\u017eete odabrati sve brojeve sami ako imate \u017eelju ili mo\u017eete izabrati samo nekoliko brojeva, a ostale nasumi\u010dno generisati. Ili mo\u017eete imati sve brojeve nasumi\u010dno generisanih. Sve zavisi od vas.<\/p><h2 class=\"wp-block-heading\">Da li ste pobedili?<\/h2><p>Sve \u0161to trebate u\u010diniti da biste provjerili svoje dobitke je da pogledate na mre\u017ei. RedFokLotto nudi sve pobedni\u010dke brojeve, a kada odete na svoj ra\u010dun, mo\u017eete uporediti svoje karte sa pobedni\u010dkim brojevima<\/p><p>Ako osvojite malu nagradu, ona c\u0301e se automatski polo\u017eiti na va\u0161 ra\u010dun. Ako osvojite veliku nagradu, mi c\u0301emo vam pomoc\u0301i i proc\u0301i kroz postupak dobijanja nagrade. Ali bez obzira na to \u0161ta ste pobedili, odmah c\u0301ete znati na svom nalogu jer c\u0301emo vam pokazati va\u0161e brojeve i pobedni\u010dke brojeve.<\/p><p>Dakle, za\u0161to ne biste isprobali i proverili Lotto America? Mo\u017eda \u010dak ni ne shvata\u0161 \u0161ta jo\u0161 uvek nedostaje\u0161.<\/p>","protected":false},"excerpt":{"rendered":"<p>Kad je u pitanju igranje internetskog lota, mo\u017eda tra\u017eite ne\u0161to novo. To je verovatno razlog za\u0161to ste pre\u0161li na igranje onlajn igara na prvom mestu. Pa, spremac\u0301e se mnogo vi\u0161e zabaviti jer jo\u0161 niste videli Lotto America. \u0160ta je Lotto America? Loto Amerika je igra za lutriju sa vi\u0161e dr\u017eava koja vam pru\u017ea \u0161ansu za [&hellip;]<\/p>\n","protected":false},"author":1,"featured_media":0,"parent":16732,"menu_order":12,"comment_status":"closed","ping_status":"closed","template":"lotto-america.php","meta":{"_et_pb_use_builder":"","_et_pb_old_content":"","_et_gb_content_width":"","exclude_from_search":false,"footnotes":""},"class_list":["post-12984","page","type-page","status-publish","hentry"],"yoast_head":"<!-- This site is optimized with the Yoast SEO plugin v23.8 - https:\/\/yoast.com\/wordpress\/plugins\/seo\/ -->\n<title>Igrajte Loto Amerika na mre\u017ei<\/title>\n<meta name=\"description\" content=\"Igra\u010di iz bilo koje zemlje sada se mogu pridru\u017eiti i igrati na ovoj multi-dr\u017eavnoj lutriji iz SAD-a na mre\u017ei\" \/>\n<meta name=\"robots\" content=\"index, follow, max-snippet:-1, max-image-preview:large, max-video-preview:-1\" \/>\n<link rel=\"canonical\" href=\"https:\/\/redfoxlotto.com\/hr\/igrajte\/lotto-america\/\" \/>\n<meta property=\"og:locale\" content=\"hr_HR\" \/>\n<meta property=\"og:type\" content=\"article\" \/>\n<meta property=\"og:title\" content=\"Igrajte Loto Amerika na mre\u017ei\" \/>\n<meta property=\"og:description\" content=\"Igra\u010di iz bilo koje zemlje sada se mogu pridru\u017eiti i igrati na ovoj multi-dr\u017eavnoj lutriji iz SAD-a na mre\u017ei\" \/>\n<meta property=\"og:url\" content=\"https:\/\/redfoxlotto.com\/hr\/igrajte\/lotto-america\/\" \/>\n<meta property=\"og:site_name\" content=\"Get Tickets for the World\u2019s largest jackpots\" \/>\n<meta property=\"article:modified_time\" content=\"2025-12-10T12:38:06+00:00\" \/>\n<meta property=\"og:image\" content=\"https:\/\/content.redfoxlotto.com\/uploads\/sites\/9\/1_play_lottery_online5.jpg\" \/>\n<meta name=\"twitter:card\" content=\"summary_large_image\" \/>\n<meta name=\"twitter:label1\" content=\"Procijenjeno vrijeme \u010ditanja\" \/>\n\t<meta name=\"twitter:data1\" content=\"2 minute\" \/>\n<script type=\"application\/ld+json\" class=\"yoast-schema-graph\">{\"@context\":\"https:\/\/schema.org\",\"@graph\":[{\"@type\":\"WebPage\",\"@id\":\"https:\/\/redfoxlotto.com\/hr\/igrajte\/lotto-america\/\",\"url\":\"https:\/\/redfoxlotto.com\/hr\/igrajte\/lotto-america\/\",\"name\":\"Igrajte Loto Amerika na mre\u017ei\",\"isPartOf\":{\"@id\":\"https:\/\/redfoxlotto.com\/hr\/#website\"},\"primaryImageOfPage\":{\"@id\":\"https:\/\/redfoxlotto.com\/hr\/igrajte\/lotto-america\/#primaryimage\"},\"image\":{\"@id\":\"https:\/\/redfoxlotto.com\/hr\/igrajte\/lotto-america\/#primaryimage\"},\"thumbnailUrl\":\"https:\/\/content.redfoxlotto.com\/uploads\/sites\/9\/1_play_lottery_online5.jpg\",\"datePublished\":\"2023-04-24T18:09:15+00:00\",\"dateModified\":\"2025-12-10T12:38:06+00:00\",\"description\":\"Igra\u010di iz bilo koje zemlje sada se mogu pridru\u017eiti i igrati na ovoj multi-dr\u017eavnoj lutriji iz SAD-a na mre\u017ei\",\"breadcrumb\":{\"@id\":\"https:\/\/redfoxlotto.com\/hr\/igrajte\/lotto-america\/#breadcrumb\"},\"inLanguage\":\"hr\",\"potentialAction\":[{\"@type\":\"ReadAction\",\"target\":[\"https:\/\/redfoxlotto.com\/hr\/igrajte\/lotto-america\/\"]}]},{\"@type\":\"ImageObject\",\"inLanguage\":\"hr\",\"@id\":\"https:\/\/redfoxlotto.com\/hr\/igrajte\/lotto-america\/#primaryimage\",\"url\":\"https:\/\/content.redfoxlotto.com\/uploads\/sites\/9\/1_play_lottery_online5.jpg\",\"contentUrl\":\"https:\/\/content.redfoxlotto.com\/uploads\/sites\/9\/1_play_lottery_online5.jpg\"},{\"@type\":\"BreadcrumbList\",\"@id\":\"https:\/\/redfoxlotto.com\/hr\/igrajte\/lotto-america\/#breadcrumb\",\"itemListElement\":[{\"@type\":\"ListItem\",\"position\":1,\"name\":\"Home\",\"item\":\"https:\/\/redfoxlotto.com\/hr\/\"},{\"@type\":\"ListItem\",\"position\":2,\"name\":\"Kako sudjelovati u lutrijama drugih dr\u017eava\",\"item\":\"https:\/\/redfoxlotto.com\/hr\/igrajte\/\"},{\"@type\":\"ListItem\",\"position\":3,\"name\":\"Kako igrati Lotto America na mre\u017ei\"}]},{\"@type\":\"WebSite\",\"@id\":\"https:\/\/redfoxlotto.com\/hr\/#website\",\"url\":\"https:\/\/redfoxlotto.com\/hr\/\",\"name\":\"Get Tickets for the World\u2019s largest jackpots\",\"description\":\"Participate in worldwide lottery jackpots from any country\",\"publisher\":{\"@id\":\"https:\/\/redfoxlotto.com\/hr\/#organization\"},\"potentialAction\":[{\"@type\":\"SearchAction\",\"target\":{\"@type\":\"EntryPoint\",\"urlTemplate\":\"https:\/\/redfoxlotto.com\/hr\/?s={search_term_string}\"},\"query-input\":{\"@type\":\"PropertyValueSpecification\",\"valueRequired\":true,\"valueName\":\"search_term_string\"}}],\"inLanguage\":\"hr\"},{\"@type\":\"Organization\",\"@id\":\"https:\/\/redfoxlotto.com\/hr\/#organization\",\"name\":\"Get Tickets for the World\u2019s largest jackpots\",\"url\":\"https:\/\/redfoxlotto.com\/hr\/\",\"logo\":{\"@type\":\"ImageObject\",\"inLanguage\":\"hr\",\"@id\":\"https:\/\/redfoxlotto.com\/hr\/#\/schema\/logo\/image\/\",\"url\":\"https:\/\/redfoxlotto.com\/wp-content\/uploads\/2023\/04\/logo.png\",\"contentUrl\":\"https:\/\/redfoxlotto.com\/wp-content\/uploads\/2023\/04\/logo.png\",\"width\":269,\"height\":53,\"caption\":\"Get Tickets for the World\u2019s largest jackpots\"},\"image\":{\"@id\":\"https:\/\/redfoxlotto.com\/hr\/#\/schema\/logo\/image\/\"}}]}<\/script>\n<!-- \/ Yoast SEO plugin. -->","yoast_head_json":{"title":"Igrajte Loto Amerika na mre\u017ei","description":"Igra\u010di iz bilo koje zemlje sada se mogu pridru\u017eiti i igrati na ovoj multi-dr\u017eavnoj lutriji iz SAD-a na mre\u017ei","robots":{"index":"index","follow":"follow","max-snippet":"max-snippet:-1","max-image-preview":"max-image-preview:large","max-video-preview":"max-video-preview:-1"},"canonical":"https:\/\/redfoxlotto.com\/hr\/igrajte\/lotto-america\/","og_locale":"hr_HR","og_type":"article","og_title":"Igrajte Loto Amerika na mre\u017ei","og_description":"Igra\u010di iz bilo koje zemlje sada se mogu pridru\u017eiti i igrati na ovoj multi-dr\u017eavnoj lutriji iz SAD-a na mre\u017ei","og_url":"https:\/\/redfoxlotto.com\/hr\/igrajte\/lotto-america\/","og_site_name":"Get Tickets for the World\u2019s largest jackpots","article_modified_time":"2025-12-10T12:38:06+00:00","og_image":[{"url":"https:\/\/content.redfoxlotto.com\/uploads\/sites\/9\/1_play_lottery_online5.jpg"}],"twitter_card":"summary_large_image","twitter_misc":{"Procijenjeno vrijeme \u010ditanja":"2 minute"},"schema":{"@context":"https:\/\/schema.org","@graph":[{"@type":"WebPage","@id":"https:\/\/redfoxlotto.com\/hr\/igrajte\/lotto-america\/","url":"https:\/\/redfoxlotto.com\/hr\/igrajte\/lotto-america\/","name":"Igrajte Loto Amerika na mre\u017ei","isPartOf":{"@id":"https:\/\/redfoxlotto.com\/hr\/#website"},"primaryImageOfPage":{"@id":"https:\/\/redfoxlotto.com\/hr\/igrajte\/lotto-america\/#primaryimage"},"image":{"@id":"https:\/\/redfoxlotto.com\/hr\/igrajte\/lotto-america\/#primaryimage"},"thumbnailUrl":"https:\/\/content.redfoxlotto.com\/uploads\/sites\/9\/1_play_lottery_online5.jpg","datePublished":"2023-04-24T18:09:15+00:00","dateModified":"2025-12-10T12:38:06+00:00","description":"Igra\u010di iz bilo koje zemlje sada se mogu pridru\u017eiti i igrati na ovoj multi-dr\u017eavnoj lutriji iz SAD-a na mre\u017ei","breadcrumb":{"@id":"https:\/\/redfoxlotto.com\/hr\/igrajte\/lotto-america\/#breadcrumb"},"inLanguage":"hr","potentialAction":[{"@type":"ReadAction","target":["https:\/\/redfoxlotto.com\/hr\/igrajte\/lotto-america\/"]}]},{"@type":"ImageObject","inLanguage":"hr","@id":"https:\/\/redfoxlotto.com\/hr\/igrajte\/lotto-america\/#primaryimage","url":"https:\/\/content.redfoxlotto.com\/uploads\/sites\/9\/1_play_lottery_online5.jpg","contentUrl":"https:\/\/content.redfoxlotto.com\/uploads\/sites\/9\/1_play_lottery_online5.jpg"},{"@type":"BreadcrumbList","@id":"https:\/\/redfoxlotto.com\/hr\/igrajte\/lotto-america\/#breadcrumb","itemListElement":[{"@type":"ListItem","position":1,"name":"Home","item":"https:\/\/redfoxlotto.com\/hr\/"},{"@type":"ListItem","position":2,"name":"Kako sudjelovati u lutrijama drugih dr\u017eava","item":"https:\/\/redfoxlotto.com\/hr\/igrajte\/"},{"@type":"ListItem","position":3,"name":"Kako igrati Lotto America na mre\u017ei"}]},{"@type":"WebSite","@id":"https:\/\/redfoxlotto.com\/hr\/#website","url":"https:\/\/redfoxlotto.com\/hr\/","name":"Get Tickets for the World\u2019s largest jackpots","description":"Participate in worldwide lottery jackpots from any country","publisher":{"@id":"https:\/\/redfoxlotto.com\/hr\/#organization"},"potentialAction":[{"@type":"SearchAction","target":{"@type":"EntryPoint","urlTemplate":"https:\/\/redfoxlotto.com\/hr\/?s={search_term_string}"},"query-input":{"@type":"PropertyValueSpecification","valueRequired":true,"valueName":"search_term_string"}}],"inLanguage":"hr"},{"@type":"Organization","@id":"https:\/\/redfoxlotto.com\/hr\/#organization","name":"Get Tickets for the World\u2019s largest jackpots","url":"https:\/\/redfoxlotto.com\/hr\/","logo":{"@type":"ImageObject","inLanguage":"hr","@id":"https:\/\/redfoxlotto.com\/hr\/#\/schema\/logo\/image\/","url":"https:\/\/redfoxlotto.com\/wp-content\/uploads\/2023\/04\/logo.png","contentUrl":"https:\/\/redfoxlotto.com\/wp-content\/uploads\/2023\/04\/logo.png","width":269,"height":53,"caption":"Get Tickets for the World\u2019s largest jackpots"},"image":{"@id":"https:\/\/redfoxlotto.com\/hr\/#\/schema\/logo\/image\/"}}]}},"_links":{"self":[{"href":"https:\/\/redfoxlotto.com\/hr\/wp-json\/wp\/v2\/pages\/12984","targetHints":{"allow":["GET"]}}],"collection":[{"href":"https:\/\/redfoxlotto.com\/hr\/wp-json\/wp\/v2\/pages"}],"about":[{"href":"https:\/\/redfoxlotto.com\/hr\/wp-json\/wp\/v2\/types\/page"}],"author":[{"embeddable":true,"href":"https:\/\/redfoxlotto.com\/hr\/wp-json\/wp\/v2\/users\/1"}],"replies":[{"embeddable":true,"href":"https:\/\/redfoxlotto.com\/hr\/wp-json\/wp\/v2\/comments?post=12984"}],"version-history":[{"count":0,"href":"https:\/\/redfoxlotto.com\/hr\/wp-json\/wp\/v2\/pages\/12984\/revisions"}],"up":[{"embeddable":true,"href":"https:\/\/redfoxlotto.com\/hr\/wp-json\/wp\/v2\/pages\/16732"}],"wp:attachment":[{"href":"https:\/\/redfoxlotto.com\/hr\/wp-json\/wp\/v2\/media?parent=12984"}],"curies":[{"name":"wp","href":"https:\/\/api.w.org\/{rel}","templated":true}]}}