{"id":102313,"date":"2025-02-12T11:20:21","date_gmt":"2025-02-12T11:20:21","guid":{"rendered":"https:\/\/redfoxlotto.com\/?page_id=102313"},"modified":"2026-01-12T09:49:52","modified_gmt":"2026-01-12T09:49:52","slug":"dobitni-brojevi-gold-keno","status":"publish","type":"page","link":"https:\/\/redfoxlotto.com\/hr\/keno\/dobitni-brojevi-gold-keno\/","title":{"rendered":"Dobitni brojevi Gold Keno"},"content":{"rendered":"<h2>Jackpot od 2 milijuna eura \u010deka vas u Gold Keno.<\/h2>\n<p><img loading=\"lazy\" decoding=\"async\" class=\"size-medium wp-image-93652 alignright\" src=\"https:\/\/redfoxlotto.com\/wp-content\/uploads\/2025\/09\/gold-keno-win-2-300x300.jpg\" alt=\"gold keno\" width=\"300\" height=\"300\" \/><br \/>\nGold Keno je online lutrijska igra u kojoj je zaista zabavno igrati. Svatko tko igra mo\u017ee osvojiti nevjerojatan glavni nagradni fond od 2 milijuna eura. Lako je vidjeti za\u0161to je Gold Keno toliko popularan: svako izvla\u010denje pru\u017ea vam pravu priliku za osvajanje velikog nov\u010danog iznosa koji bi vam mogao promijeniti \u017eivot nabolje. Zabava u ovoj igri proizlazi iz \u010dinjenice da ima brza izvla\u010denja, po\u0161tenu igru i priliku za osvajanje jackpota od dva milijuna eura. To vrijedi bez obzira igrate li za zabavu ili \u017eelite zaraditi puno novca.<\/p>\n<h2>Vodi\u010d za izglede igranja Gold Keno<\/h2>\n<p>U igri Gold Keno nasumi\u010dno se odabire 20 brojeva iz skupine od osamdeset. Igra\u010di biraju vlastite brojeve, a iznos nagrade ovisi o tome koliko se njihovih odabira poklapa s izvla\u010denjem. Dodavanje mno\u017eitelja pove\u0107ava mogu\u0107u isplatu. To zna\u010di da \u0107e listi\u0107i koji ko\u0161taju vi\u0161e osvojiti ve\u0107e nagrade.<\/p>\n<p>Kada imate vi\u0161e opcija, imate bolju \u0161ansu za ve\u0107i dobitak, ali kada imate manje opcija, imate bolju \u0161ansu za manji dobitak. Kvote za dobitak u keno igri temelje se na toj ravnote\u017ei: vi\u0161e odabira zna\u010di ve\u0107e dobitke, ali i te\u017ee uvjete, dok s manjim brojem odabira lak\u0161e je dobiti dobitak. Ako upotrijebite mno\u017eitelj, mogli biste osvojiti glavni nagradni fond od dva milijuna eura.<\/p>\n<h2>Klju\u010d za ve\u0107e dobitke je kori\u0161tenje mno\u017eitelja.<\/h2>\n<p>Zahvaljuju\u0107i funkciji mno\u017eitelja, mogli biste osvojiti glavnu nagradu od 2 milijuna eura u Gold Kenu. Na primjer:<\/p>\n<p>Ako je najve\u0107i mno\u017eitelj postavljen na 5x, listi\u0107 s mno\u017eiteljem od 1x donijet \u0107e vam 20 % najve\u0107e nagrade. Ako igra\u010di klade s najve\u0107im mno\u017eiteljem, mogu dobiti potpuni pristup nagradnom fondu, koji vrijedi vi\u0161e od 2 milijuna eura.<\/p>\n<p>Ova tehnika nudi jo\u0161 jedan na\u010din na koji igra\u010di mogu promijeniti izglede za dobitak u keno igri. Pru\u017ea po\u0161ten na\u010din igranja i opreznim igra\u010dima i onima koji vole rizik.<\/p>\n<h2>Za transakcije se koriste gotovina i depoziti.<\/h2>\n<p>Morate uplatiti novac na svoj ra\u010dun i kupiti listi\u0107e online kako biste igrali Gold Keno. Transakcije su brze, sigurne i jednostavne za razumijevanje, tako da se mo\u017eete uklju\u010diti u bilo koje izvla\u010denje odmah.<\/p>\n<h2>Mnogo je izvla\u010denja Gold Keno<\/h2>\n<p>Ne morate \u010dekati da biste igrali Gold Keno kao kod drugih lutrija. Svakih nekoliko minuta odr\u017eavaju se nova izvla\u010denja, \u0161to utrku za glavnu nagradu od 2 milijuna \u20ac \u010dini zabavnom i beskrajnom avanturom. Budu\u0107i da se odr\u017eava toliko mnogo izvla\u010denja, izgledi za dobitak u keno igri se stalno provjeravaju, \u0161to igru odr\u017eava zabavnom.<\/p>\n<h2>Generator slu\u010dajnih brojeva (RNG) za po\u0161tenu igru<\/h2>\n<p>Kako bismo osigurali da je svako izvla\u010denje Gold Keno po\u0161teno, koristimo provjereni generator slu\u010dajnih brojeva (RNG). Budu\u0107i da je svaki ishod u potpunosti slu\u010dajan, \u0161ansa za osvajanje glavne nagrade od 2 milijuna eura ne temelji se na naga\u0111anju, ve\u0107 na sre\u0107i. To osigurava da svi imaju jednaku \u0161ansu za pobjedu u keno igri.<\/p>\n<h2>Provjera dobitaka i njihovo preuzimanje<\/h2>\n<p>Igra\u010di mogu odmah vidjeti rezultate u odjeljku &#8220;Moje listi\u0107i&#8221;. Manji dobici odmah se upla\u0107uju na va\u0161 ra\u010dun, a ve\u0107i, koji mogu dose\u0107i i do 2.500 \u20ac, tako\u0111er se odmah ispla\u0107uju. Osiguranje jam\u010di glavnu nagradu od 2 milijuna eura i druge velike nagrade, a vlada provjerava da se one isplate.<\/p>\n<h2>Svi dobitnici imaju pravo na povrat novca<\/h2>\n<p>Za razliku od ve\u0107ine lutrija, Gold Keno ispla\u0107uje dobitke bez obzira na to koliko je listi\u0107a prodano. Igra nije samo sigurna, ve\u0107 i profitabilna jer su svi nagradni fondovi, uklju\u010duju\u0107i jackpot od 2 milijuna eura, u potpunosti zajam\u010deni.<\/p>\n<h2>Nema papirnatih listi\u0107a jer se sve odvija online.<\/h2>\n<p>Ne\u0107e vam trebati papirnati listi\u0107i jer je Gold Keno potpuno digitalan. Ovaj sustav prati sve uplate tako da se ni\u0161ta ne mo\u017ee izgubiti ili ukrasti.<\/p>\n<h2>Zavr\u0161ne misli: \u0160to Gold Keno \u010dini druga\u010dijim od drugih Keno igara<\/h2>\n<p>Gold Keno i dalje je jedna od najuzbudljivijih online lutrijskih igara jer ima izvla\u010denja svakih nekoliko minuta, po\u0161tene rezultate nasumi\u010dnog generatora brojeva, zajam\u010dene nagrade i priliku za osvajanje jackpota od 2 milijuna eura. Za ljude koji razmi\u0161ljaju o \u0161ansama za pobjedu u Keno igri, ova je igra i uzbudljiva i ohrabruju\u0107a, budu\u0107i da svaka karta mo\u017ee promijeniti tijek igre za igra\u010de s velikim ciljevima.<\/p>\n","protected":false},"excerpt":{"rendered":"<p>Jackpot od 2 milijuna eura \u010deka vas u Gold Keno. Gold Keno je online lutrijska igra u kojoj je zaista zabavno igrati. Svatko tko igra mo\u017ee osvojiti nevjerojatan glavni nagradni fond od 2 milijuna eura. Lako je vidjeti za\u0161to je Gold Keno toliko popularan: svako izvla\u010denje pru\u017ea vam pravu priliku za osvajanje velikog nov\u010danog iznosa [&hellip;]<\/p>\n","protected":false},"author":8,"featured_media":0,"parent":84458,"menu_order":42,"comment_status":"closed","ping_status":"closed","template":"","meta":{"_et_pb_use_builder":"","_et_pb_old_content":"","_et_gb_content_width":"","exclude_from_search":false,"footnotes":""},"class_list":["post-102313","page","type-page","status-publish","hentry"],"yoast_head":"<!-- This site is optimized with the Yoast SEO plugin v23.8 - https:\/\/yoast.com\/wordpress\/plugins\/seo\/ -->\n<title>\u0160anse za dobitak u Keno | Na\u0161e Keno igre imaju sjajne \u0161anse i nagrade<\/title>\n<meta name=\"description\" content=\"Kada igrate Keno online, pogledajte \u0161anse u igrama koje prona\u0111ete. Na\u0161 Gold Keno ima glavnu isplatu od 2 milijuna eura, u kombinaciji s najboljim \u0161ansama koje \u0107ete prona\u0107i online\" \/>\n<meta name=\"robots\" content=\"index, follow, max-snippet:-1, max-image-preview:large, max-video-preview:-1\" \/>\n<link rel=\"canonical\" href=\"https:\/\/redfoxlotto.com\/hr\/keno\/dobitni-brojevi-gold-keno\/\" \/>\n<meta property=\"og:locale\" content=\"hr_HR\" \/>\n<meta property=\"og:type\" content=\"article\" \/>\n<meta property=\"og:title\" content=\"\u0160anse za dobitak u Keno | Na\u0161e Keno igre imaju sjajne \u0161anse i nagrade\" \/>\n<meta property=\"og:description\" content=\"Kada igrate Keno online, pogledajte \u0161anse u igrama koje prona\u0111ete. Na\u0161 Gold Keno ima glavnu isplatu od 2 milijuna eura, u kombinaciji s najboljim \u0161ansama koje \u0107ete prona\u0107i online\" \/>\n<meta property=\"og:url\" content=\"https:\/\/redfoxlotto.com\/hr\/keno\/dobitni-brojevi-gold-keno\/\" \/>\n<meta property=\"og:site_name\" content=\"Get Tickets for the World\u2019s largest jackpots\" \/>\n<meta property=\"article:modified_time\" content=\"2026-01-12T09:49:52+00:00\" \/>\n<meta property=\"og:image\" content=\"https:\/\/redfoxlotto.com\/wp-content\/uploads\/2025\/09\/gold-keno-win-2-300x300.jpg\" \/>\n<meta name=\"twitter:card\" content=\"summary_large_image\" \/>\n<meta name=\"twitter:label1\" content=\"Procijenjeno vrijeme \u010ditanja\" \/>\n\t<meta name=\"twitter:data1\" content=\"4 minute\" \/>\n<script type=\"application\/ld+json\" class=\"yoast-schema-graph\">{\"@context\":\"https:\/\/schema.org\",\"@graph\":[{\"@type\":\"WebPage\",\"@id\":\"https:\/\/redfoxlotto.com\/hr\/keno\/dobitni-brojevi-gold-keno\/\",\"url\":\"https:\/\/redfoxlotto.com\/hr\/keno\/dobitni-brojevi-gold-keno\/\",\"name\":\"\u0160anse za dobitak u Keno | Na\u0161e Keno igre imaju sjajne \u0161anse i nagrade\",\"isPartOf\":{\"@id\":\"https:\/\/redfoxlotto.com\/hr\/#website\"},\"primaryImageOfPage\":{\"@id\":\"https:\/\/redfoxlotto.com\/hr\/keno\/dobitni-brojevi-gold-keno\/#primaryimage\"},\"image\":{\"@id\":\"https:\/\/redfoxlotto.com\/hr\/keno\/dobitni-brojevi-gold-keno\/#primaryimage\"},\"thumbnailUrl\":\"https:\/\/redfoxlotto.com\/wp-content\/uploads\/2025\/09\/gold-keno-win-2-300x300.jpg\",\"datePublished\":\"2025-02-12T11:20:21+00:00\",\"dateModified\":\"2026-01-12T09:49:52+00:00\",\"description\":\"Kada igrate Keno online, pogledajte \u0161anse u igrama koje prona\u0111ete. Na\u0161 Gold Keno ima glavnu isplatu od 2 milijuna eura, u kombinaciji s najboljim \u0161ansama koje \u0107ete prona\u0107i online\",\"breadcrumb\":{\"@id\":\"https:\/\/redfoxlotto.com\/hr\/keno\/dobitni-brojevi-gold-keno\/#breadcrumb\"},\"inLanguage\":\"hr\",\"potentialAction\":[{\"@type\":\"ReadAction\",\"target\":[\"https:\/\/redfoxlotto.com\/hr\/keno\/dobitni-brojevi-gold-keno\/\"]}]},{\"@type\":\"ImageObject\",\"inLanguage\":\"hr\",\"@id\":\"https:\/\/redfoxlotto.com\/hr\/keno\/dobitni-brojevi-gold-keno\/#primaryimage\",\"url\":\"https:\/\/redfoxlotto.com\/wp-content\/uploads\/2025\/09\/gold-keno-win-2-300x300.jpg\",\"contentUrl\":\"https:\/\/redfoxlotto.com\/wp-content\/uploads\/2025\/09\/gold-keno-win-2-300x300.jpg\"},{\"@type\":\"BreadcrumbList\",\"@id\":\"https:\/\/redfoxlotto.com\/hr\/keno\/dobitni-brojevi-gold-keno\/#breadcrumb\",\"itemListElement\":[{\"@type\":\"ListItem\",\"position\":1,\"name\":\"Home\",\"item\":\"https:\/\/redfoxlotto.com\/hr\/\"},{\"@type\":\"ListItem\",\"position\":2,\"name\":\"Keno\",\"item\":\"https:\/\/redfoxlotto.com\/hr\/keno\/\"},{\"@type\":\"ListItem\",\"position\":3,\"name\":\"Dobitni brojevi Gold Keno\"}]},{\"@type\":\"WebSite\",\"@id\":\"https:\/\/redfoxlotto.com\/hr\/#website\",\"url\":\"https:\/\/redfoxlotto.com\/hr\/\",\"name\":\"Get Tickets for the World\u2019s largest jackpots\",\"description\":\"Participate in worldwide lottery jackpots from any country\",\"publisher\":{\"@id\":\"https:\/\/redfoxlotto.com\/hr\/#organization\"},\"potentialAction\":[{\"@type\":\"SearchAction\",\"target\":{\"@type\":\"EntryPoint\",\"urlTemplate\":\"https:\/\/redfoxlotto.com\/hr\/?s={search_term_string}\"},\"query-input\":{\"@type\":\"PropertyValueSpecification\",\"valueRequired\":true,\"valueName\":\"search_term_string\"}}],\"inLanguage\":\"hr\"},{\"@type\":\"Organization\",\"@id\":\"https:\/\/redfoxlotto.com\/hr\/#organization\",\"name\":\"Get Tickets for the World\u2019s largest jackpots\",\"url\":\"https:\/\/redfoxlotto.com\/hr\/\",\"logo\":{\"@type\":\"ImageObject\",\"inLanguage\":\"hr\",\"@id\":\"https:\/\/redfoxlotto.com\/hr\/#\/schema\/logo\/image\/\",\"url\":\"https:\/\/redfoxlotto.com\/wp-content\/uploads\/2023\/04\/logo.png\",\"contentUrl\":\"https:\/\/redfoxlotto.com\/wp-content\/uploads\/2023\/04\/logo.png\",\"width\":269,\"height\":53,\"caption\":\"Get Tickets for the World\u2019s largest jackpots\"},\"image\":{\"@id\":\"https:\/\/redfoxlotto.com\/hr\/#\/schema\/logo\/image\/\"}}]}<\/script>\n<!-- \/ Yoast SEO plugin. -->","yoast_head_json":{"title":"\u0160anse za dobitak u Keno | Na\u0161e Keno igre imaju sjajne \u0161anse i nagrade","description":"Kada igrate Keno online, pogledajte \u0161anse u igrama koje prona\u0111ete. Na\u0161 Gold Keno ima glavnu isplatu od 2 milijuna eura, u kombinaciji s najboljim \u0161ansama koje \u0107ete prona\u0107i online","robots":{"index":"index","follow":"follow","max-snippet":"max-snippet:-1","max-image-preview":"max-image-preview:large","max-video-preview":"max-video-preview:-1"},"canonical":"https:\/\/redfoxlotto.com\/hr\/keno\/dobitni-brojevi-gold-keno\/","og_locale":"hr_HR","og_type":"article","og_title":"\u0160anse za dobitak u Keno | Na\u0161e Keno igre imaju sjajne \u0161anse i nagrade","og_description":"Kada igrate Keno online, pogledajte \u0161anse u igrama koje prona\u0111ete. Na\u0161 Gold Keno ima glavnu isplatu od 2 milijuna eura, u kombinaciji s najboljim \u0161ansama koje \u0107ete prona\u0107i online","og_url":"https:\/\/redfoxlotto.com\/hr\/keno\/dobitni-brojevi-gold-keno\/","og_site_name":"Get Tickets for the World\u2019s largest jackpots","article_modified_time":"2026-01-12T09:49:52+00:00","og_image":[{"url":"https:\/\/redfoxlotto.com\/wp-content\/uploads\/2025\/09\/gold-keno-win-2-300x300.jpg"}],"twitter_card":"summary_large_image","twitter_misc":{"Procijenjeno vrijeme \u010ditanja":"4 minute"},"schema":{"@context":"https:\/\/schema.org","@graph":[{"@type":"WebPage","@id":"https:\/\/redfoxlotto.com\/hr\/keno\/dobitni-brojevi-gold-keno\/","url":"https:\/\/redfoxlotto.com\/hr\/keno\/dobitni-brojevi-gold-keno\/","name":"\u0160anse za dobitak u Keno | Na\u0161e Keno igre imaju sjajne \u0161anse i nagrade","isPartOf":{"@id":"https:\/\/redfoxlotto.com\/hr\/#website"},"primaryImageOfPage":{"@id":"https:\/\/redfoxlotto.com\/hr\/keno\/dobitni-brojevi-gold-keno\/#primaryimage"},"image":{"@id":"https:\/\/redfoxlotto.com\/hr\/keno\/dobitni-brojevi-gold-keno\/#primaryimage"},"thumbnailUrl":"https:\/\/redfoxlotto.com\/wp-content\/uploads\/2025\/09\/gold-keno-win-2-300x300.jpg","datePublished":"2025-02-12T11:20:21+00:00","dateModified":"2026-01-12T09:49:52+00:00","description":"Kada igrate Keno online, pogledajte \u0161anse u igrama koje prona\u0111ete. Na\u0161 Gold Keno ima glavnu isplatu od 2 milijuna eura, u kombinaciji s najboljim \u0161ansama koje \u0107ete prona\u0107i online","breadcrumb":{"@id":"https:\/\/redfoxlotto.com\/hr\/keno\/dobitni-brojevi-gold-keno\/#breadcrumb"},"inLanguage":"hr","potentialAction":[{"@type":"ReadAction","target":["https:\/\/redfoxlotto.com\/hr\/keno\/dobitni-brojevi-gold-keno\/"]}]},{"@type":"ImageObject","inLanguage":"hr","@id":"https:\/\/redfoxlotto.com\/hr\/keno\/dobitni-brojevi-gold-keno\/#primaryimage","url":"https:\/\/redfoxlotto.com\/wp-content\/uploads\/2025\/09\/gold-keno-win-2-300x300.jpg","contentUrl":"https:\/\/redfoxlotto.com\/wp-content\/uploads\/2025\/09\/gold-keno-win-2-300x300.jpg"},{"@type":"BreadcrumbList","@id":"https:\/\/redfoxlotto.com\/hr\/keno\/dobitni-brojevi-gold-keno\/#breadcrumb","itemListElement":[{"@type":"ListItem","position":1,"name":"Home","item":"https:\/\/redfoxlotto.com\/hr\/"},{"@type":"ListItem","position":2,"name":"Keno","item":"https:\/\/redfoxlotto.com\/hr\/keno\/"},{"@type":"ListItem","position":3,"name":"Dobitni brojevi Gold Keno"}]},{"@type":"WebSite","@id":"https:\/\/redfoxlotto.com\/hr\/#website","url":"https:\/\/redfoxlotto.com\/hr\/","name":"Get Tickets for the World\u2019s largest jackpots","description":"Participate in worldwide lottery jackpots from any country","publisher":{"@id":"https:\/\/redfoxlotto.com\/hr\/#organization"},"potentialAction":[{"@type":"SearchAction","target":{"@type":"EntryPoint","urlTemplate":"https:\/\/redfoxlotto.com\/hr\/?s={search_term_string}"},"query-input":{"@type":"PropertyValueSpecification","valueRequired":true,"valueName":"search_term_string"}}],"inLanguage":"hr"},{"@type":"Organization","@id":"https:\/\/redfoxlotto.com\/hr\/#organization","name":"Get Tickets for the World\u2019s largest jackpots","url":"https:\/\/redfoxlotto.com\/hr\/","logo":{"@type":"ImageObject","inLanguage":"hr","@id":"https:\/\/redfoxlotto.com\/hr\/#\/schema\/logo\/image\/","url":"https:\/\/redfoxlotto.com\/wp-content\/uploads\/2023\/04\/logo.png","contentUrl":"https:\/\/redfoxlotto.com\/wp-content\/uploads\/2023\/04\/logo.png","width":269,"height":53,"caption":"Get Tickets for the World\u2019s largest jackpots"},"image":{"@id":"https:\/\/redfoxlotto.com\/hr\/#\/schema\/logo\/image\/"}}]}},"_links":{"self":[{"href":"https:\/\/redfoxlotto.com\/hr\/wp-json\/wp\/v2\/pages\/102313","targetHints":{"allow":["GET"]}}],"collection":[{"href":"https:\/\/redfoxlotto.com\/hr\/wp-json\/wp\/v2\/pages"}],"about":[{"href":"https:\/\/redfoxlotto.com\/hr\/wp-json\/wp\/v2\/types\/page"}],"author":[{"embeddable":true,"href":"https:\/\/redfoxlotto.com\/hr\/wp-json\/wp\/v2\/users\/8"}],"replies":[{"embeddable":true,"href":"https:\/\/redfoxlotto.com\/hr\/wp-json\/wp\/v2\/comments?post=102313"}],"version-history":[{"count":0,"href":"https:\/\/redfoxlotto.com\/hr\/wp-json\/wp\/v2\/pages\/102313\/revisions"}],"up":[{"embeddable":true,"href":"https:\/\/redfoxlotto.com\/hr\/wp-json\/wp\/v2\/pages\/84458"}],"wp:attachment":[{"href":"https:\/\/redfoxlotto.com\/hr\/wp-json\/wp\/v2\/media?parent=102313"}],"curies":[{"name":"wp","href":"https:\/\/api.w.org\/{rel}","templated":true}]}}