{"id":102021,"date":"2025-05-22T08:53:38","date_gmt":"2025-05-22T08:53:38","guid":{"rendered":"https:\/\/redfoxlotto.com\/?page_id=102021"},"modified":"2026-01-09T11:14:39","modified_gmt":"2026-01-09T11:14:39","slug":"rezultati-keno-lutrije","status":"publish","type":"page","link":"https:\/\/redfoxlotto.com\/hr\/keno\/rezultati-keno-lutrije\/","title":{"rendered":"Pobjedni\u010dki brojevi za Platinum Keno"},"content":{"rendered":"<h2>Kako se odre\u0111uju izgledi i gdje prona\u0107i rezultate u igri Platinum Keno<\/h2>\n<p><img loading=\"lazy\" decoding=\"async\" class=\"size-medium wp-image-83635 alignright\" src=\"https:\/\/redfoxlotto.com\/wp-content\/uploads\/2025\/03\/keno_card-300x300.jpg\" alt=\"platnum keno\" width=\"300\" height=\"300\" srcset=\"https:\/\/redfoxlotto.com\/wp-content\/uploads\/2025\/03\/keno_card-300x300.jpg 300w, https:\/\/redfoxlotto.com\/wp-content\/uploads\/2025\/03\/keno_card-150x150.jpg 150w, https:\/\/redfoxlotto.com\/wp-content\/uploads\/2025\/03\/keno_card-100x100.jpg 100w, https:\/\/redfoxlotto.com\/wp-content\/uploads\/2025\/03\/keno_card.jpg 307w\" sizes=\"auto, (max-width: 300px) 100vw, 300px\" \/><br \/>\nPlatinum Keno uskoro \u0107e postati jedna od najpopularnijih lutrijskih igara. Uskoro \u0107e igra\u010di mo\u0107i u\u017eivati u svim zabavama tradicionalnog Kenoa iz udobnosti vlastitih ekrana, zahvaljuju\u0107i brzim izvla\u010denjima, jasnim pravilima i jednostavnosti igranja online. Jo\u0161 nema rezultata u\u017eivo, ali evo \u0161to trebate znati o tome kako se brojevi biraju, gdje ih prona\u0107i i kako provjeriti jeste li pobijedili kada igra zapo\u010dne.<\/p>\n<h2>Koraci za odabir brojeva u Platinum Kenu<\/h2>\n<p>Platinum Keno temelji se na ideji da sve treba biti po\u0161teno. Brojeve bira provjereni generator slu\u010dajnih brojeva (RNG). To bi trebalo u\u010diniti svako izvla\u010denje potpuno nasumi\u010dnim. RNG osigurava da svaki broj u ponudi ima jednaku \u0161ansu da bude odabran, ba\u0161 kao kada vadi\u0161 loptice s brojevima iz stroja.<\/p>\n<ul>\n<li>Igra\u010di biraju iz skupa brojeva od 1 do 80.<\/li>\n<li>Veli\u010dina izvla\u010denja: U svakoj rundi nasumi\u010dno se bira 20 brojeva.<\/li>\n<li>Jednake \u0161anse: Ne postoji omiljeni broj; sve ovisi o sre\u0107i.<\/li>\n<li>Ovim se metodom svako izvla\u010denje odvija transparentno, mo\u017ee se provjeriti i temelji se na povjerenju.<\/li>\n<li>Kako igrati igru.<\/li>\n<\/ul>\n<p>Platinum Keno namijenjen je i redovitim igra\u010dima i onima koji \u017eele osvojiti velike jackpotove. Birajte brojeve iz skupine od 80, od kojih se 20 nasumi\u010dno izvla\u010di. Igra se igra na sljede\u0107i na\u010din. Cilj je da se \u0161to vi\u0161e va\u0161ih odabranih brojeva poklopi s onima koji su izvu\u010deni.<\/p>\n<h2>Odabir brojeva.<\/h2>\n<p>Odabirete broj &#8220;mjesta&#8221; (brojeva) za igranje. Razli\u010diti igra\u010di odabiru razli\u010dit broj kartica. Broj mjesta koja odaberete izravno \u0107e utjecati na va\u0161e \u0161anse i iznos novca koji biste mogli osvojiti.<\/p>\n<h2>Odabir faktora.<\/h2>\n<p>Platinum Keno ima mno\u017eitelj koji mijenja nagrade. U ovom slu\u010daju, ako je najvi\u0161i mno\u017eitelj 5, igranje s mno\u017eiteljem 1x donijet \u0107e vam 20 % nagrade od 5x. Ako je najvi\u0161e deset. Ako je glavna nagrada 10, listi\u0107 s mno\u017eiteljem 1x isplatit \u0107e 10 % isplate od 10x. Ve\u0107i mno\u017eitelj pove\u0107ava i cijenu va\u0161eg listi\u0107a i \u0161anse za dobitak.<\/p>\n<h2>Kori\u0161tenje popisa isplata<\/h2>\n<p>On vam to\u010dno govori koliko mo\u017eete osvojiti na temelju brojeva koje odaberete i bonusa. Zamislite ga kao kartu nagrada; on vam govori \u0161to je u igri prije nego \u0161to \u017edrijeb uop\u0107e po\u010dne.<\/p>\n<h2>Kako odabiri utje\u010du na ishod<\/h2>\n<p>Ako odaberete vi\u0161e brojeva, najve\u0107a nagrada koju mo\u017eete osvojiti raste, ali va\u0161e \u0161anse da ih pogodite sve opadaju. S druge strane, vi\u0161i mno\u017eitelj pove\u0107ava isplatu ako pobijedite, ali morate ulo\u017eiti vi\u0161e novca na po\u010detku. Platinum Keno je i uzbudljiv i rizi\u010dan jer morate uravnote\u017eiti rizik i profit.<\/p>\n<h2>Najbolja mjesta za pronala\u017eenje rezultata igre Platinum Keno<\/h2>\n<p>\u010cim Platinum Keno zapo\u010dne, najnoviji rezultati bit \u0107e dostupni na stranici s rezultatima RedFoxLottoa. Na ovaj na\u010din ne morate napu\u0161tati aplikaciju kako biste pratili pro\u0161le i sada\u0161nje izvla\u010denja.<\/p>\n<p>Mo\u017eete u\u010diniti sljede\u0107e:<\/p>\n<ul>\n<li>Provjerite potpuni popis odabranih brojeva za svaku igru.<\/li>\n<li>Pogledajte pro\u0161la izvla\u010denja kako biste vidjeli teme i trendove.<\/li>\n<li>Pratite vijesti bez potrebe da ih tra\u017eite drugdje.<\/li>\n<li>Kako saznati jeste li pobijedili<\/li>\n<\/ul>\n<p>Vi\u0161e ne s papirnatim listi\u0107ima \u2013 Platinum Keno je isklju\u010divo ra\u010dunalna igra. Va\u0161i su brojevi spremljeni na va\u0161 RedFoxLotto ra\u010dun odmah nakon svake igre. Rezultate mo\u017eete provjeriti odmah nakon svakog izvla\u010denja:<\/p>\n<h2>Kliknite na &#8220;Moji listi\u0107i&#8221; \u2013 U ovom se dijelu nalazi popis svih listi\u0107a koje ste kupili.<\/h2>\n<p>Usporedite svoje brojeve s rezultatima: Ako su va\u0161i brojevi isti kao oni koji su izvu\u010deni na dobitnom izvla\u010denju, sustav \u0107e vam odmah prikazati te podudarnosti.<\/p>\n<p>\u010cim pobijedite, prikazuje se iznos nagrade koju \u0107ete primiti. Nagrade manje vrijednosti upla\u0107uju se izravno na va\u0161 ra\u010dun, dok nagrade ve\u0107e vrijednosti mogu podlijegati provjeri prije prijenosa.<\/p>\n<h2>Upla\u0107ivanje depozita i igranje<\/h2>\n<p>Morate imati novac na svom RedFoxLotto ra\u010dunu kako biste igrali Platinum Keno. Uplata je jednostavna i sigurna, a kada se va\u0161 iznos doda, mo\u017eete ga odmah iskoristiti za kupnju listi\u0107a.<\/p>\n<h2>Za\u0161to mo\u017eete vjerovati rezultatima<\/h2>\n<p>Svaka nagrada u Platinum Kenu osigurana je, tako da \u0107ete dobiti svoj novac natrag, bez obzira na to jeste li osvojili 5 \u20ac ili 500.000 \u20ac. RedFoxLotto osigurava isplatu, a RNG (generator nasumi\u010dnih brojeva) osigurava po\u0161tenu igru.<\/p>\n<h2>Zaklju\u010dak<\/h2>\n<p>To je poput mje\u0161avine staromodnog na\u010dina izvla\u010denja brojeva i jednostavnosti igranja ra\u010dunalnih igara. Iako kona\u010dni rezultati jo\u0161 nisu objavljeni, igra\u010di se mogu veseliti:<\/p>\n<ul>\n<li>Po\u0161tenim izvla\u010denjima provjerenim RNG-om.<\/li>\n<li>Igra se brzo odvija i rezultate dobivate svakih nekoliko minuta.<\/li>\n<li>RedFoxLotto olak\u0161ava izravan pristup rezultatima.<\/li>\n<li>Va\u0161 \u0107e ra\u010dun automatski pratiti dobitke.<\/li>\n<li>Kad igra zapo\u010dne, sve \u0161to trebate u\u010diniti je vratiti se nakon izvla\u010denja kako biste vidjeli jeste li pobijedili.<\/li>\n<\/ul>\n","protected":false},"excerpt":{"rendered":"<p>Kako se odre\u0111uju izgledi i gdje prona\u0107i rezultate u igri Platinum Keno Platinum Keno uskoro \u0107e postati jedna od najpopularnijih lutrijskih igara. Uskoro \u0107e igra\u010di mo\u0107i u\u017eivati u svim zabavama tradicionalnog Kenoa iz udobnosti vlastitih ekrana, zahvaljuju\u0107i brzim izvla\u010denjima, jasnim pravilima i jednostavnosti igranja online. Jo\u0161 nema rezultata u\u017eivo, ali evo \u0161to trebate znati o [&hellip;]<\/p>\n","protected":false},"author":8,"featured_media":0,"parent":84458,"menu_order":41,"comment_status":"closed","ping_status":"closed","template":"","meta":{"_et_pb_use_builder":"","_et_pb_old_content":"","_et_gb_content_width":"","exclude_from_search":false,"footnotes":""},"class_list":["post-102021","page","type-page","status-publish","hentry"],"yoast_head":"<!-- This site is optimized with the Yoast SEO plugin v23.8 - https:\/\/yoast.com\/wordpress\/plugins\/seo\/ -->\n<title>Rezultati keno lutrije za ovo dnevno online Keno izvla\u010denje s glavnom nagradom od 5 milijuna eura<\/title>\n<meta name=\"description\" content=\"Ova Keno lutrija izvla\u010di se svakodnevno za glavnu nagradu od 5 milijuna eura - rezultate na\u0161ih Keno izvla\u010denja potra\u017eite ovdje. Imamo Keno igru s glavnom nagradom od 5 milijuna eura i 10 milijuna eura\" \/>\n<meta name=\"robots\" content=\"index, follow, max-snippet:-1, max-image-preview:large, max-video-preview:-1\" \/>\n<link rel=\"canonical\" href=\"https:\/\/redfoxlotto.com\/hr\/keno\/rezultati-keno-lutrije\/\" \/>\n<meta property=\"og:locale\" content=\"hr_HR\" \/>\n<meta property=\"og:type\" content=\"article\" \/>\n<meta property=\"og:title\" content=\"Rezultati keno lutrije za ovo dnevno online Keno izvla\u010denje s glavnom nagradom od 5 milijuna eura\" \/>\n<meta property=\"og:description\" content=\"Ova Keno lutrija izvla\u010di se svakodnevno za glavnu nagradu od 5 milijuna eura - rezultate na\u0161ih Keno izvla\u010denja potra\u017eite ovdje. Imamo Keno igru s glavnom nagradom od 5 milijuna eura i 10 milijuna eura\" \/>\n<meta property=\"og:url\" content=\"https:\/\/redfoxlotto.com\/hr\/keno\/rezultati-keno-lutrije\/\" \/>\n<meta property=\"og:site_name\" content=\"Get Tickets for the World\u2019s largest jackpots\" \/>\n<meta property=\"article:modified_time\" content=\"2026-01-09T11:14:39+00:00\" \/>\n<meta property=\"og:image\" content=\"https:\/\/redfoxlotto.com\/wp-content\/uploads\/2025\/03\/keno_card-300x300.jpg\" \/>\n<meta name=\"twitter:card\" content=\"summary_large_image\" \/>\n<meta name=\"twitter:label1\" content=\"Procijenjeno vrijeme \u010ditanja\" \/>\n\t<meta name=\"twitter:data1\" content=\"4 minute\" \/>\n<script type=\"application\/ld+json\" class=\"yoast-schema-graph\">{\"@context\":\"https:\/\/schema.org\",\"@graph\":[{\"@type\":\"WebPage\",\"@id\":\"https:\/\/redfoxlotto.com\/hr\/keno\/rezultati-keno-lutrije\/\",\"url\":\"https:\/\/redfoxlotto.com\/hr\/keno\/rezultati-keno-lutrije\/\",\"name\":\"Rezultati keno lutrije za ovo dnevno online Keno izvla\u010denje s glavnom nagradom od 5 milijuna eura\",\"isPartOf\":{\"@id\":\"https:\/\/redfoxlotto.com\/hr\/#website\"},\"primaryImageOfPage\":{\"@id\":\"https:\/\/redfoxlotto.com\/hr\/keno\/rezultati-keno-lutrije\/#primaryimage\"},\"image\":{\"@id\":\"https:\/\/redfoxlotto.com\/hr\/keno\/rezultati-keno-lutrije\/#primaryimage\"},\"thumbnailUrl\":\"https:\/\/redfoxlotto.com\/wp-content\/uploads\/2025\/03\/keno_card-300x300.jpg\",\"datePublished\":\"2025-05-22T08:53:38+00:00\",\"dateModified\":\"2026-01-09T11:14:39+00:00\",\"description\":\"Ova Keno lutrija izvla\u010di se svakodnevno za glavnu nagradu od 5 milijuna eura - rezultate na\u0161ih Keno izvla\u010denja potra\u017eite ovdje. Imamo Keno igru s glavnom nagradom od 5 milijuna eura i 10 milijuna eura\",\"breadcrumb\":{\"@id\":\"https:\/\/redfoxlotto.com\/hr\/keno\/rezultati-keno-lutrije\/#breadcrumb\"},\"inLanguage\":\"hr\",\"potentialAction\":[{\"@type\":\"ReadAction\",\"target\":[\"https:\/\/redfoxlotto.com\/hr\/keno\/rezultati-keno-lutrije\/\"]}]},{\"@type\":\"ImageObject\",\"inLanguage\":\"hr\",\"@id\":\"https:\/\/redfoxlotto.com\/hr\/keno\/rezultati-keno-lutrije\/#primaryimage\",\"url\":\"https:\/\/redfoxlotto.com\/wp-content\/uploads\/2025\/03\/keno_card-300x300.jpg\",\"contentUrl\":\"https:\/\/redfoxlotto.com\/wp-content\/uploads\/2025\/03\/keno_card-300x300.jpg\"},{\"@type\":\"BreadcrumbList\",\"@id\":\"https:\/\/redfoxlotto.com\/hr\/keno\/rezultati-keno-lutrije\/#breadcrumb\",\"itemListElement\":[{\"@type\":\"ListItem\",\"position\":1,\"name\":\"Home\",\"item\":\"https:\/\/redfoxlotto.com\/hr\/\"},{\"@type\":\"ListItem\",\"position\":2,\"name\":\"Keno\",\"item\":\"https:\/\/redfoxlotto.com\/hr\/keno\/\"},{\"@type\":\"ListItem\",\"position\":3,\"name\":\"Pobjedni\u010dki brojevi za Platinum Keno\"}]},{\"@type\":\"WebSite\",\"@id\":\"https:\/\/redfoxlotto.com\/hr\/#website\",\"url\":\"https:\/\/redfoxlotto.com\/hr\/\",\"name\":\"Get Tickets for the World\u2019s largest jackpots\",\"description\":\"Participate in worldwide lottery jackpots from any country\",\"publisher\":{\"@id\":\"https:\/\/redfoxlotto.com\/hr\/#organization\"},\"potentialAction\":[{\"@type\":\"SearchAction\",\"target\":{\"@type\":\"EntryPoint\",\"urlTemplate\":\"https:\/\/redfoxlotto.com\/hr\/?s={search_term_string}\"},\"query-input\":{\"@type\":\"PropertyValueSpecification\",\"valueRequired\":true,\"valueName\":\"search_term_string\"}}],\"inLanguage\":\"hr\"},{\"@type\":\"Organization\",\"@id\":\"https:\/\/redfoxlotto.com\/hr\/#organization\",\"name\":\"Get Tickets for the World\u2019s largest jackpots\",\"url\":\"https:\/\/redfoxlotto.com\/hr\/\",\"logo\":{\"@type\":\"ImageObject\",\"inLanguage\":\"hr\",\"@id\":\"https:\/\/redfoxlotto.com\/hr\/#\/schema\/logo\/image\/\",\"url\":\"https:\/\/redfoxlotto.com\/wp-content\/uploads\/2023\/04\/logo.png\",\"contentUrl\":\"https:\/\/redfoxlotto.com\/wp-content\/uploads\/2023\/04\/logo.png\",\"width\":269,\"height\":53,\"caption\":\"Get Tickets for the World\u2019s largest jackpots\"},\"image\":{\"@id\":\"https:\/\/redfoxlotto.com\/hr\/#\/schema\/logo\/image\/\"}}]}<\/script>\n<!-- \/ Yoast SEO plugin. -->","yoast_head_json":{"title":"Rezultati keno lutrije za ovo dnevno online Keno izvla\u010denje s glavnom nagradom od 5 milijuna eura","description":"Ova Keno lutrija izvla\u010di se svakodnevno za glavnu nagradu od 5 milijuna eura - rezultate na\u0161ih Keno izvla\u010denja potra\u017eite ovdje. Imamo Keno igru s glavnom nagradom od 5 milijuna eura i 10 milijuna eura","robots":{"index":"index","follow":"follow","max-snippet":"max-snippet:-1","max-image-preview":"max-image-preview:large","max-video-preview":"max-video-preview:-1"},"canonical":"https:\/\/redfoxlotto.com\/hr\/keno\/rezultati-keno-lutrije\/","og_locale":"hr_HR","og_type":"article","og_title":"Rezultati keno lutrije za ovo dnevno online Keno izvla\u010denje s glavnom nagradom od 5 milijuna eura","og_description":"Ova Keno lutrija izvla\u010di se svakodnevno za glavnu nagradu od 5 milijuna eura - rezultate na\u0161ih Keno izvla\u010denja potra\u017eite ovdje. Imamo Keno igru s glavnom nagradom od 5 milijuna eura i 10 milijuna eura","og_url":"https:\/\/redfoxlotto.com\/hr\/keno\/rezultati-keno-lutrije\/","og_site_name":"Get Tickets for the World\u2019s largest jackpots","article_modified_time":"2026-01-09T11:14:39+00:00","og_image":[{"url":"https:\/\/redfoxlotto.com\/wp-content\/uploads\/2025\/03\/keno_card-300x300.jpg"}],"twitter_card":"summary_large_image","twitter_misc":{"Procijenjeno vrijeme \u010ditanja":"4 minute"},"schema":{"@context":"https:\/\/schema.org","@graph":[{"@type":"WebPage","@id":"https:\/\/redfoxlotto.com\/hr\/keno\/rezultati-keno-lutrije\/","url":"https:\/\/redfoxlotto.com\/hr\/keno\/rezultati-keno-lutrije\/","name":"Rezultati keno lutrije za ovo dnevno online Keno izvla\u010denje s glavnom nagradom od 5 milijuna eura","isPartOf":{"@id":"https:\/\/redfoxlotto.com\/hr\/#website"},"primaryImageOfPage":{"@id":"https:\/\/redfoxlotto.com\/hr\/keno\/rezultati-keno-lutrije\/#primaryimage"},"image":{"@id":"https:\/\/redfoxlotto.com\/hr\/keno\/rezultati-keno-lutrije\/#primaryimage"},"thumbnailUrl":"https:\/\/redfoxlotto.com\/wp-content\/uploads\/2025\/03\/keno_card-300x300.jpg","datePublished":"2025-05-22T08:53:38+00:00","dateModified":"2026-01-09T11:14:39+00:00","description":"Ova Keno lutrija izvla\u010di se svakodnevno za glavnu nagradu od 5 milijuna eura - rezultate na\u0161ih Keno izvla\u010denja potra\u017eite ovdje. Imamo Keno igru s glavnom nagradom od 5 milijuna eura i 10 milijuna eura","breadcrumb":{"@id":"https:\/\/redfoxlotto.com\/hr\/keno\/rezultati-keno-lutrije\/#breadcrumb"},"inLanguage":"hr","potentialAction":[{"@type":"ReadAction","target":["https:\/\/redfoxlotto.com\/hr\/keno\/rezultati-keno-lutrije\/"]}]},{"@type":"ImageObject","inLanguage":"hr","@id":"https:\/\/redfoxlotto.com\/hr\/keno\/rezultati-keno-lutrije\/#primaryimage","url":"https:\/\/redfoxlotto.com\/wp-content\/uploads\/2025\/03\/keno_card-300x300.jpg","contentUrl":"https:\/\/redfoxlotto.com\/wp-content\/uploads\/2025\/03\/keno_card-300x300.jpg"},{"@type":"BreadcrumbList","@id":"https:\/\/redfoxlotto.com\/hr\/keno\/rezultati-keno-lutrije\/#breadcrumb","itemListElement":[{"@type":"ListItem","position":1,"name":"Home","item":"https:\/\/redfoxlotto.com\/hr\/"},{"@type":"ListItem","position":2,"name":"Keno","item":"https:\/\/redfoxlotto.com\/hr\/keno\/"},{"@type":"ListItem","position":3,"name":"Pobjedni\u010dki brojevi za Platinum Keno"}]},{"@type":"WebSite","@id":"https:\/\/redfoxlotto.com\/hr\/#website","url":"https:\/\/redfoxlotto.com\/hr\/","name":"Get Tickets for the World\u2019s largest jackpots","description":"Participate in worldwide lottery jackpots from any country","publisher":{"@id":"https:\/\/redfoxlotto.com\/hr\/#organization"},"potentialAction":[{"@type":"SearchAction","target":{"@type":"EntryPoint","urlTemplate":"https:\/\/redfoxlotto.com\/hr\/?s={search_term_string}"},"query-input":{"@type":"PropertyValueSpecification","valueRequired":true,"valueName":"search_term_string"}}],"inLanguage":"hr"},{"@type":"Organization","@id":"https:\/\/redfoxlotto.com\/hr\/#organization","name":"Get Tickets for the World\u2019s largest jackpots","url":"https:\/\/redfoxlotto.com\/hr\/","logo":{"@type":"ImageObject","inLanguage":"hr","@id":"https:\/\/redfoxlotto.com\/hr\/#\/schema\/logo\/image\/","url":"https:\/\/redfoxlotto.com\/wp-content\/uploads\/2023\/04\/logo.png","contentUrl":"https:\/\/redfoxlotto.com\/wp-content\/uploads\/2023\/04\/logo.png","width":269,"height":53,"caption":"Get Tickets for the World\u2019s largest jackpots"},"image":{"@id":"https:\/\/redfoxlotto.com\/hr\/#\/schema\/logo\/image\/"}}]}},"_links":{"self":[{"href":"https:\/\/redfoxlotto.com\/hr\/wp-json\/wp\/v2\/pages\/102021","targetHints":{"allow":["GET"]}}],"collection":[{"href":"https:\/\/redfoxlotto.com\/hr\/wp-json\/wp\/v2\/pages"}],"about":[{"href":"https:\/\/redfoxlotto.com\/hr\/wp-json\/wp\/v2\/types\/page"}],"author":[{"embeddable":true,"href":"https:\/\/redfoxlotto.com\/hr\/wp-json\/wp\/v2\/users\/8"}],"replies":[{"embeddable":true,"href":"https:\/\/redfoxlotto.com\/hr\/wp-json\/wp\/v2\/comments?post=102021"}],"version-history":[{"count":0,"href":"https:\/\/redfoxlotto.com\/hr\/wp-json\/wp\/v2\/pages\/102021\/revisions"}],"up":[{"embeddable":true,"href":"https:\/\/redfoxlotto.com\/hr\/wp-json\/wp\/v2\/pages\/84458"}],"wp:attachment":[{"href":"https:\/\/redfoxlotto.com\/hr\/wp-json\/wp\/v2\/media?parent=102021"}],"curies":[{"name":"wp","href":"https:\/\/api.w.org\/{rel}","templated":true}]}}