{"id":87644,"date":"2025-05-19T09:08:38","date_gmt":"2025-05-19T09:08:38","guid":{"rendered":"https:\/\/redfoxlotto.com\/?page_id=87644"},"modified":"2025-05-28T06:43:32","modified_gmt":"2025-05-28T06:43:32","slug":"euromillions-eu","status":"publish","type":"page","link":"https:\/\/redfoxlotto.com\/fr\/loterie\/euromillions-eu\/","title":{"rendered":"\u00c0 propos de l&rsquo;Euromillions UE"},"content":{"rendered":"<p data-start=\"84\" data-end=\"772\">EuroMillions EU est l&rsquo;une des plus grandes et des plus populaires loteries d&rsquo;Europe, attirant chaque semaine des millions de participants gr\u00e2ce \u00e0 son potentiel de jackpots pouvant changer une vie. Connue officiellement sous le nom de version europ\u00e9enne de l&rsquo;EuroMillions, cette loterie est extr\u00eamement populaire dans plusieurs pays europ\u00e9ens, notamment la France, l\u2019Espagne, l\u2019Autriche, la Belgique, l\u2019Irlande, le Luxembourg, le Portugal et la Suisse. Le lancement officiel de l\u2019EuroMillions a eu lieu le 13 f\u00e9vrier 2004 avec seulement trois pays fondateurs : la France, l\u2019Espagne et le Royaume-Uni, avant de s\u2019\u00e9tendre rapidement \u00e0 d\u2019autres pays d\u2019Europe d\u00e8s octobre de la m\u00eame ann\u00e9e.<\/p>\n<p><img loading=\"lazy\" decoding=\"async\" class=\"size-full wp-image-48546 alignright\" src=\"https:\/\/redfoxlotto.com\/wp-content\/uploads\/2023\/04\/powerball-draw-youtube1-300x300-1.jpg\" alt=\"euromillions\" width=\"300\" height=\"300\" srcset=\"https:\/\/redfoxlotto.com\/wp-content\/uploads\/2023\/04\/powerball-draw-youtube1-300x300-1.jpg 300w, https:\/\/redfoxlotto.com\/wp-content\/uploads\/2023\/04\/powerball-draw-youtube1-300x300-1-100x100.jpg 100w, https:\/\/redfoxlotto.com\/wp-content\/uploads\/2023\/04\/powerball-draw-youtube1-300x300-1-150x150.jpg 150w\" sizes=\"auto, (max-width: 300px) 100vw, 300px\" \/><\/p>\n<p data-start=\"774\" data-end=\"1133\">Chaque pays participant dispose de son propre organisme national de loterie, charg\u00e9 de la vente des billets, du paiement des gains et du service client. Malgr\u00e9 cette d\u00e9centralisation, l\u2019ensemble des pays suit un ensemble uniforme de r\u00e8gles, de niveaux de prix et de calendriers de tirage, assurant ainsi l\u2019\u00e9quit\u00e9 et la coh\u00e9rence du jeu \u00e0 l\u2019\u00e9chelle europ\u00e9enne.<\/p>\n<p data-start=\"1135\" data-end=\"1660\">Les tirages EuroMillions EU ont lieu deux fois par semaine \u2014 les mardis et vendredis soir. Le jeu repose sur un format \u00e0 double matrice, dans lequel les joueurs s\u00e9lectionnent cinq num\u00e9ros principaux parmi une grille de 1 \u00e0 50, ainsi que deux num\u00e9ros \u00ab\u00a0\u00c9toiles\u00a0\u00bb parmi une grille de 1 \u00e0 12. Pour remporter le jackpot, il faut avoir les sept num\u00e9ros corrects. De nombreux niveaux de gains secondaires sont \u00e9galement propos\u00e9s, offrant ainsi aux joueurs des chances de remporter des prix plus modestes mais n\u00e9anmoins significatifs.<\/p>\n<p data-start=\"1662\" data-end=\"2214\">Une diff\u00e9rence majeure entre les versions europ\u00e9enne et britannique de l\u2019EuroMillions r\u00e9side dans un jeu additionnel exclusif au Royaume-Uni appel\u00e9 <strong data-start=\"1810\" data-end=\"1831\">Millionaire Maker<\/strong>. Ce compl\u00e9ment garantit qu\u2019\u00e0 chaque tirage, au moins un d\u00e9tenteur de billet britannique devienne instantan\u00e9ment millionnaire. En raison de cette fonctionnalit\u00e9, les billets britanniques sont nettement plus chers que ceux vendus dans d&rsquo;autres pays d&rsquo;Europe. Toute personne souhaitant en savoir plus sur la version britannique et ses particularit\u00e9s peut consulter le site RedFoxLotto.<\/p>\n<p data-start=\"2216\" data-end=\"2809\">Pour les joueurs r\u00e9sidant hors des pays participants ou en dehors de l\u2019Union europ\u00e9enne, participer \u00e0 l\u2019EuroMillions EU peut sembler difficile, voire impossible. Toutefois, des services internationaux sp\u00e9cialis\u00e9s dans la vente de billets de loterie ont rendu l\u2019acc\u00e8s simple et s\u00e9curis\u00e9. En pratique, les billets EuroMillions EU destin\u00e9s aux joueurs \u00e9trangers sont principalement achet\u00e9s en Autriche. Gr\u00e2ce \u00e0 son infrastructure bien organis\u00e9e, l\u2019Autriche permet aux joueurs du monde entier de participer l\u00e9galement aux tirages et de tenter leur chance, ind\u00e9pendamment de leur pays de r\u00e9sidence.<\/p>\n<p data-start=\"2811\" data-end=\"3250\">En ce qui concerne les jackpots, EuroMillions EU propose des minimums et des plafonds tr\u00e8s \u00e9lev\u00e9s, con\u00e7us pour stimuler l\u2019int\u00e9r\u00eat des participants et entretenir le suspense. Le jackpot minimum est fix\u00e9 \u00e0 <strong data-start=\"3015\" data-end=\"3038\">17 millions d\u2019euros<\/strong>, une somme d\u00e9j\u00e0 suffisante pour transformer une vie. Quant au plafond, il a \u00e9t\u00e9 augment\u00e9 au fil des ans pour accompagner la popularit\u00e9 croissante du jeu. Aujourd\u2019hui, ce plafond atteint <strong data-start=\"3225\" data-end=\"3249\">250 millions d\u2019euros<\/strong>.<\/p>\n<p data-start=\"3252\" data-end=\"3635\">Lorsque le jackpot atteint <strong data-start=\"3279\" data-end=\"3303\">200 millions d\u2019euros<\/strong>, des r\u00e8gles sp\u00e9ciales entrent en vigueur : ce montant peut rester inchang\u00e9 pendant quatre tirages cons\u00e9cutifs sans gagnant. Si aucun joueur ne remporte le jackpot au cinqui\u00e8me tirage, l\u2019int\u00e9gralit\u00e9 de la cagnotte est alors redistribu\u00e9e au palier de gains inf\u00e9rieur, permettant \u00e0 plusieurs joueurs de partager cette somme colossale.<\/p>\n<p data-start=\"3637\" data-end=\"3938\">Lorsque le plafond absolu de <strong data-start=\"3666\" data-end=\"3690\">250 millions d\u2019euros<\/strong> est atteint, les m\u00eames r\u00e8gles s\u2019appliquent. Si personne ne d\u00e9croche le jackpot apr\u00e8s quatre tirages, lors du cinqui\u00e8me tirage, les gains sont \u00e0 nouveau redistribu\u00e9s aux niveaux de gains inf\u00e9rieurs, g\u00e9n\u00e9rant ainsi plusieurs millionnaires \u00e0 la fois.<\/p>\n<p data-start=\"3940\" data-end=\"4303\">Ces m\u00e9canismes de redistribution de jackpot ajoutent une strat\u00e9gie et un suspense suppl\u00e9mentaires. Lorsque la cagnotte approche de son maximum, les ventes de billets connaissent une forte hausse, aliment\u00e9es par l\u2019enthousiasme et l\u2019espoir des joueurs. Ces sommes colossales attirent \u00e9galement une attention m\u00e9diatique consid\u00e9rable, renfor\u00e7ant la popularit\u00e9 du jeu.<\/p>\n<p data-start=\"4305\" data-end=\"4592\">EuroMillions a g\u00e9n\u00e9r\u00e9 un grand nombre de gagnants embl\u00e9matiques dans toute l&rsquo;Europe, permettant \u00e0 de nombreux individus de devenir multimillionnaires du jour au lendemain. Parmi les pays les plus marquants figurent notamment l\u2019Autriche, qui conna\u00eet un fort engouement pour cette loterie.<\/p>\n<p data-start=\"4594\" data-end=\"5012\">La possibilit\u00e9 de jouer depuis l\u2019\u00e9tranger, alli\u00e9e \u00e0 une structure bien d\u00e9finie et \u00e0 des jackpots attractifs, fait de l\u2019EuroMillions EU une option particuli\u00e8rement s\u00e9duisante pour les amateurs de loterie du monde entier. Sa pr\u00e9sence dans les pays cl\u00e9s d\u2019Europe garantit une base de joueurs culturellement diversifi\u00e9e, tandis que son potentiel de gains extraordinaires attire r\u00e9guli\u00e8rement l\u2019attention au niveau mondial.<\/p>\n<p data-start=\"5014\" data-end=\"5424\">Les participants r\u00e9sidant hors d\u2019Europe peuvent facilement jouer gr\u00e2ce \u00e0 des services de messagerie sp\u00e9cialis\u00e9s qui assurent l\u2019achat s\u00e9curis\u00e9 et l\u00e9gal des billets. Ces services ach\u00e8tent les billets physiques en Autriche, les scannent, t\u00e9l\u00e9chargent les informations sur les comptes des joueurs et versent les gains directement \u2014 rendant ainsi la participation possible quel que soit l\u2019endroit o\u00f9 l\u2019on se trouve.<\/p>\n<p data-start=\"5426\" data-end=\"5853\">En conclusion, EuroMillions EU, gr\u00e2ce \u00e0 sa structure solide, ses r\u00e8gles claires et son potentiel de gains exceptionnels, repr\u00e9sente une opportunit\u00e9 de choix pour les joueurs du monde entier. Son jackpot minimum garanti de 17 millions d\u2019euros, ses plafonds allant jusqu\u2019\u00e0 250 millions d\u2019euros et ses r\u00e8gles de redistribution uniques offrent une exp\u00e9rience riche en \u00e9motions et en r\u00e9compenses \u00e0 travers toute l\u2019Europe et au-del\u00e0.<\/p>\n","protected":false},"excerpt":{"rendered":"<p>EuroMillions EU est l&rsquo;une des plus grandes et des plus populaires loteries d&rsquo;Europe, attirant chaque semaine des millions de participants gr\u00e2ce \u00e0 son potentiel de jackpots pouvant changer une vie. Connue officiellement sous le nom de version europ\u00e9enne de l&rsquo;EuroMillions, cette loterie est extr\u00eamement populaire dans plusieurs pays europ\u00e9ens, notamment la France, l\u2019Espagne, l\u2019Autriche, la [&hellip;]<\/p>\n","protected":false},"author":8,"featured_media":0,"parent":1513,"menu_order":4,"comment_status":"closed","ping_status":"closed","template":"euromillions-at-info.php","meta":{"_et_pb_use_builder":"","_et_pb_old_content":"","_et_gb_content_width":"","exclude_from_search":false,"footnotes":""},"class_list":["post-87644","page","type-page","status-publish","hentry"],"yoast_head":"<!-- This site is optimized with the Yoast SEO plugin v27.4 - https:\/\/yoast.com\/product\/yoast-seo-wordpress\/ -->\n<title>Acheter des billets de l&#039;Euromillions en ligne depuis l&#039;ext\u00e9rieur de l&#039;UE<\/title>\n<meta name=\"description\" content=\"Comment acheter des billets Euromillions en ligne, pour la version britannique et europ\u00e9enne de l&#039;Euromillions. Achetez des billets de n&#039;importe o\u00f9, m\u00eame en dehors de l&#039;UE.\" \/>\n<meta name=\"robots\" content=\"index, follow, max-snippet:-1, max-image-preview:large, max-video-preview:-1\" \/>\n<link rel=\"canonical\" href=\"https:\/\/redfoxlotto.com\/fr\/loterie\/euromillions-eu\/\" \/>\n<meta property=\"og:locale\" content=\"fr_FR\" \/>\n<meta property=\"og:type\" content=\"article\" \/>\n<meta property=\"og:title\" content=\"Acheter des billets de l&#039;Euromillions en ligne depuis l&#039;ext\u00e9rieur de l&#039;UE\" \/>\n<meta property=\"og:description\" content=\"Comment acheter des billets Euromillions en ligne, pour la version britannique et europ\u00e9enne de l&#039;Euromillions. Achetez des billets de n&#039;importe o\u00f9, m\u00eame en dehors de l&#039;UE.\" \/>\n<meta property=\"og:url\" content=\"https:\/\/redfoxlotto.com\/fr\/loterie\/euromillions-eu\/\" \/>\n<meta property=\"og:site_name\" content=\"Get Tickets for the World\u2019s largest jackpots\" \/>\n<meta property=\"article:modified_time\" content=\"2025-05-28T06:43:32+00:00\" \/>\n<meta property=\"og:image\" content=\"https:\/\/redfoxlotto.com\/wp-content\/uploads\/2023\/04\/powerball-draw-youtube1-300x300-1.jpg\" \/>\n<meta name=\"twitter:card\" content=\"summary_large_image\" \/>\n<meta name=\"twitter:label1\" content=\"Dur\u00e9e de lecture estim\u00e9e\" \/>\n\t<meta name=\"twitter:data1\" content=\"4 minutes\" \/>\n<script type=\"application\/ld+json\" class=\"yoast-schema-graph\">{\"@context\":\"https:\\\/\\\/schema.org\",\"@graph\":[{\"@type\":\"WebPage\",\"@id\":\"https:\\\/\\\/redfoxlotto.com\\\/fr\\\/loterie\\\/euromillions-eu\\\/\",\"url\":\"https:\\\/\\\/redfoxlotto.com\\\/fr\\\/loterie\\\/euromillions-eu\\\/\",\"name\":\"Acheter des billets de l'Euromillions en ligne depuis l'ext\u00e9rieur de l'UE\",\"isPartOf\":{\"@id\":\"https:\\\/\\\/redfoxlotto.com\\\/fr\\\/#website\"},\"primaryImageOfPage\":{\"@id\":\"https:\\\/\\\/redfoxlotto.com\\\/fr\\\/loterie\\\/euromillions-eu\\\/#primaryimage\"},\"image\":{\"@id\":\"https:\\\/\\\/redfoxlotto.com\\\/fr\\\/loterie\\\/euromillions-eu\\\/#primaryimage\"},\"thumbnailUrl\":\"https:\\\/\\\/redfoxlotto.com\\\/wp-content\\\/uploads\\\/2023\\\/04\\\/powerball-draw-youtube1-300x300-1.jpg\",\"datePublished\":\"2025-05-19T09:08:38+00:00\",\"dateModified\":\"2025-05-28T06:43:32+00:00\",\"description\":\"Comment acheter des billets Euromillions en ligne, pour la version britannique et europ\u00e9enne de l'Euromillions. Achetez des billets de n'importe o\u00f9, m\u00eame en dehors de l'UE.\",\"breadcrumb\":{\"@id\":\"https:\\\/\\\/redfoxlotto.com\\\/fr\\\/loterie\\\/euromillions-eu\\\/#breadcrumb\"},\"inLanguage\":\"fr-FR\",\"potentialAction\":[{\"@type\":\"ReadAction\",\"target\":[\"https:\\\/\\\/redfoxlotto.com\\\/fr\\\/loterie\\\/euromillions-eu\\\/\"]}]},{\"@type\":\"ImageObject\",\"inLanguage\":\"fr-FR\",\"@id\":\"https:\\\/\\\/redfoxlotto.com\\\/fr\\\/loterie\\\/euromillions-eu\\\/#primaryimage\",\"url\":\"https:\\\/\\\/redfoxlotto.com\\\/wp-content\\\/uploads\\\/2023\\\/04\\\/powerball-draw-youtube1-300x300-1.jpg\",\"contentUrl\":\"https:\\\/\\\/redfoxlotto.com\\\/wp-content\\\/uploads\\\/2023\\\/04\\\/powerball-draw-youtube1-300x300-1.jpg\"},{\"@type\":\"BreadcrumbList\",\"@id\":\"https:\\\/\\\/redfoxlotto.com\\\/fr\\\/loterie\\\/euromillions-eu\\\/#breadcrumb\",\"itemListElement\":[{\"@type\":\"ListItem\",\"position\":1,\"name\":\"Home\",\"item\":\"https:\\\/\\\/redfoxlotto.com\\\/fr\\\/\"},{\"@type\":\"ListItem\",\"position\":2,\"name\":\"Processus d&rsquo;achat de billets de loterie internationaux en ligne\",\"item\":\"https:\\\/\\\/redfoxlotto.com\\\/fr\\\/loterie\\\/\"},{\"@type\":\"ListItem\",\"position\":3,\"name\":\"\u00c0 propos de l&rsquo;Euromillions UE\"}]},{\"@type\":\"WebSite\",\"@id\":\"https:\\\/\\\/redfoxlotto.com\\\/fr\\\/#website\",\"url\":\"https:\\\/\\\/redfoxlotto.com\\\/fr\\\/\",\"name\":\"Get Tickets for the World\u2019s largest jackpots\",\"description\":\"Participate in worldwide lottery jackpots from any country\",\"publisher\":{\"@id\":\"https:\\\/\\\/redfoxlotto.com\\\/fr\\\/#organization\"},\"potentialAction\":[{\"@type\":\"SearchAction\",\"target\":{\"@type\":\"EntryPoint\",\"urlTemplate\":\"https:\\\/\\\/redfoxlotto.com\\\/fr\\\/?s={search_term_string}\"},\"query-input\":{\"@type\":\"PropertyValueSpecification\",\"valueRequired\":true,\"valueName\":\"search_term_string\"}}],\"inLanguage\":\"fr-FR\"},{\"@type\":\"Organization\",\"@id\":\"https:\\\/\\\/redfoxlotto.com\\\/fr\\\/#organization\",\"name\":\"Get Tickets for the World\u2019s largest jackpots\",\"url\":\"https:\\\/\\\/redfoxlotto.com\\\/fr\\\/\",\"logo\":{\"@type\":\"ImageObject\",\"inLanguage\":\"fr-FR\",\"@id\":\"https:\\\/\\\/redfoxlotto.com\\\/fr\\\/#\\\/schema\\\/logo\\\/image\\\/\",\"url\":\"https:\\\/\\\/redfoxlotto.com\\\/wp-content\\\/uploads\\\/2023\\\/04\\\/logo.png\",\"contentUrl\":\"https:\\\/\\\/redfoxlotto.com\\\/wp-content\\\/uploads\\\/2023\\\/04\\\/logo.png\",\"width\":269,\"height\":53,\"caption\":\"Get Tickets for the World\u2019s largest jackpots\"},\"image\":{\"@id\":\"https:\\\/\\\/redfoxlotto.com\\\/fr\\\/#\\\/schema\\\/logo\\\/image\\\/\"}}]}<\/script>\n<!-- \/ Yoast SEO plugin. -->","yoast_head_json":{"title":"Acheter des billets de l'Euromillions en ligne depuis l'ext\u00e9rieur de l'UE","description":"Comment acheter des billets Euromillions en ligne, pour la version britannique et europ\u00e9enne de l'Euromillions. Achetez des billets de n'importe o\u00f9, m\u00eame en dehors de l'UE.","robots":{"index":"index","follow":"follow","max-snippet":"max-snippet:-1","max-image-preview":"max-image-preview:large","max-video-preview":"max-video-preview:-1"},"canonical":"https:\/\/redfoxlotto.com\/fr\/loterie\/euromillions-eu\/","og_locale":"fr_FR","og_type":"article","og_title":"Acheter des billets de l'Euromillions en ligne depuis l'ext\u00e9rieur de l'UE","og_description":"Comment acheter des billets Euromillions en ligne, pour la version britannique et europ\u00e9enne de l'Euromillions. Achetez des billets de n'importe o\u00f9, m\u00eame en dehors de l'UE.","og_url":"https:\/\/redfoxlotto.com\/fr\/loterie\/euromillions-eu\/","og_site_name":"Get Tickets for the World\u2019s largest jackpots","article_modified_time":"2025-05-28T06:43:32+00:00","og_image":[{"url":"https:\/\/redfoxlotto.com\/wp-content\/uploads\/2023\/04\/powerball-draw-youtube1-300x300-1.jpg","type":"","width":"","height":""}],"twitter_card":"summary_large_image","twitter_misc":{"Dur\u00e9e de lecture estim\u00e9e":"4 minutes"},"schema":{"@context":"https:\/\/schema.org","@graph":[{"@type":"WebPage","@id":"https:\/\/redfoxlotto.com\/fr\/loterie\/euromillions-eu\/","url":"https:\/\/redfoxlotto.com\/fr\/loterie\/euromillions-eu\/","name":"Acheter des billets de l'Euromillions en ligne depuis l'ext\u00e9rieur de l'UE","isPartOf":{"@id":"https:\/\/redfoxlotto.com\/fr\/#website"},"primaryImageOfPage":{"@id":"https:\/\/redfoxlotto.com\/fr\/loterie\/euromillions-eu\/#primaryimage"},"image":{"@id":"https:\/\/redfoxlotto.com\/fr\/loterie\/euromillions-eu\/#primaryimage"},"thumbnailUrl":"https:\/\/redfoxlotto.com\/wp-content\/uploads\/2023\/04\/powerball-draw-youtube1-300x300-1.jpg","datePublished":"2025-05-19T09:08:38+00:00","dateModified":"2025-05-28T06:43:32+00:00","description":"Comment acheter des billets Euromillions en ligne, pour la version britannique et europ\u00e9enne de l'Euromillions. Achetez des billets de n'importe o\u00f9, m\u00eame en dehors de l'UE.","breadcrumb":{"@id":"https:\/\/redfoxlotto.com\/fr\/loterie\/euromillions-eu\/#breadcrumb"},"inLanguage":"fr-FR","potentialAction":[{"@type":"ReadAction","target":["https:\/\/redfoxlotto.com\/fr\/loterie\/euromillions-eu\/"]}]},{"@type":"ImageObject","inLanguage":"fr-FR","@id":"https:\/\/redfoxlotto.com\/fr\/loterie\/euromillions-eu\/#primaryimage","url":"https:\/\/redfoxlotto.com\/wp-content\/uploads\/2023\/04\/powerball-draw-youtube1-300x300-1.jpg","contentUrl":"https:\/\/redfoxlotto.com\/wp-content\/uploads\/2023\/04\/powerball-draw-youtube1-300x300-1.jpg"},{"@type":"BreadcrumbList","@id":"https:\/\/redfoxlotto.com\/fr\/loterie\/euromillions-eu\/#breadcrumb","itemListElement":[{"@type":"ListItem","position":1,"name":"Home","item":"https:\/\/redfoxlotto.com\/fr\/"},{"@type":"ListItem","position":2,"name":"Processus d&rsquo;achat de billets de loterie internationaux en ligne","item":"https:\/\/redfoxlotto.com\/fr\/loterie\/"},{"@type":"ListItem","position":3,"name":"\u00c0 propos de l&rsquo;Euromillions UE"}]},{"@type":"WebSite","@id":"https:\/\/redfoxlotto.com\/fr\/#website","url":"https:\/\/redfoxlotto.com\/fr\/","name":"Get Tickets for the World\u2019s largest jackpots","description":"Participate in worldwide lottery jackpots from any country","publisher":{"@id":"https:\/\/redfoxlotto.com\/fr\/#organization"},"potentialAction":[{"@type":"SearchAction","target":{"@type":"EntryPoint","urlTemplate":"https:\/\/redfoxlotto.com\/fr\/?s={search_term_string}"},"query-input":{"@type":"PropertyValueSpecification","valueRequired":true,"valueName":"search_term_string"}}],"inLanguage":"fr-FR"},{"@type":"Organization","@id":"https:\/\/redfoxlotto.com\/fr\/#organization","name":"Get Tickets for the World\u2019s largest jackpots","url":"https:\/\/redfoxlotto.com\/fr\/","logo":{"@type":"ImageObject","inLanguage":"fr-FR","@id":"https:\/\/redfoxlotto.com\/fr\/#\/schema\/logo\/image\/","url":"https:\/\/redfoxlotto.com\/wp-content\/uploads\/2023\/04\/logo.png","contentUrl":"https:\/\/redfoxlotto.com\/wp-content\/uploads\/2023\/04\/logo.png","width":269,"height":53,"caption":"Get Tickets for the World\u2019s largest jackpots"},"image":{"@id":"https:\/\/redfoxlotto.com\/fr\/#\/schema\/logo\/image\/"}}]}},"_links":{"self":[{"href":"https:\/\/redfoxlotto.com\/fr\/wp-json\/wp\/v2\/pages\/87644","targetHints":{"allow":["GET"]}}],"collection":[{"href":"https:\/\/redfoxlotto.com\/fr\/wp-json\/wp\/v2\/pages"}],"about":[{"href":"https:\/\/redfoxlotto.com\/fr\/wp-json\/wp\/v2\/types\/page"}],"author":[{"embeddable":true,"href":"https:\/\/redfoxlotto.com\/fr\/wp-json\/wp\/v2\/users\/8"}],"replies":[{"embeddable":true,"href":"https:\/\/redfoxlotto.com\/fr\/wp-json\/wp\/v2\/comments?post=87644"}],"version-history":[{"count":0,"href":"https:\/\/redfoxlotto.com\/fr\/wp-json\/wp\/v2\/pages\/87644\/revisions"}],"up":[{"embeddable":true,"href":"https:\/\/redfoxlotto.com\/fr\/wp-json\/wp\/v2\/pages\/1513"}],"wp:attachment":[{"href":"https:\/\/redfoxlotto.com\/fr\/wp-json\/wp\/v2\/media?parent=87644"}],"curies":[{"name":"wp","href":"https:\/\/api.w.org\/{rel}","templated":true}]}}