{"id":87582,"date":"2025-05-19T09:07:38","date_gmt":"2025-05-19T09:07:38","guid":{"rendered":"https:\/\/redfoxlotto.com\/?page_id=87582"},"modified":"2025-12-17T06:40:24","modified_gmt":"2025-12-17T06:40:24","slug":"euromillions-eu","status":"publish","type":"page","link":"https:\/\/redfoxlotto.com\/fr\/jouer\/euromillions-eu\/","title":{"rendered":"Jouer \u00e0 l&rsquo;Euromillions dans l&rsquo;UE"},"content":{"rendered":"<p><script type=\"application\/ld+json\">\n{\n  \"@context\": \"https:\/\/schema.org\",\n  \"@type\": \"Service\",\n  \"name\": \"Jouer \u00e0 Euromillions en Ligne\",\n  \"url\": \"https:\/\/redfoxlotto.com\/fr\/jouer\/euromillions\/\",\n  \"description\": \"Jouez \u00e0 la loterie Euromillions en ligne depuis n'importe quel pays. Visitez RedFoxLotto, choisissez vos num\u00e9ros et obtenez vos billets.\",\n  \"serviceType\": \"Online lottery ticket messenger service\",\n  \"provider\": {\n    \"@type\": \"Organization\",\n    \"name\": \"RedFoxLotto\",\n    \"url\": \"https:\/\/redfoxlotto.com\/fr\/\",\n    \"image\": \"https:\/\/redfoxlotto.com\/wp-content\/uploads\/2025\/12\/ticket_scans.jpg\",\n    \"sameAs\": []\n  },\n  \"areaServed\": \"Worldwide\",\n  \"termsOfService\": \"https:\/\/redfoxlotto.com\/terms-and-conditions\",\n  \"additionalProperty\": {\n    \"@type\": \"PropertyValue\",\n    \"name\": \"FAQ\",\n    \"value\": \"https:\/\/redfoxlotto.com\/fr\/faq\/\"\n  },\n  \"hasOfferCatalog\": {\n    \"@type\": \"OfferCatalog\",\n    \"name\": \"Billets de Euromillions\",\n    \"itemListElement\": [\n      {\n        \"@type\": \"Offer\",\n        \"name\": \"Billets Euromillions\",\n        \"url\": \"https:\/\/redfoxlotto.com\/fr\/jouer\/euromillions\/\",\n        \"description\": \"Cliquez ici pour s\u00e9lectionner vos num\u00e9ros pour le prochain tirage Euromillions \u2013 commandez vos billets en ligne.\",\n        \"price\": \"7.00\",\n        \"priceCurrency\": \"EUR\",\n        \"availability\": \"https:\/\/schema.org\/InStock\",\n        \"itemOffered\": {\n          \"@type\": \"Service\",\n          \"name\": \"Billets de Euromillions\",\n          \"description\": \"Participez au prochain tirage Euromillions via RedFoxLotto.\"\n        }\n      }\n    ]\n  },\n  \"mainEntityOfPage\": {\n    \"@type\": \"WebPage\",\n    \"@id\": \"https:\/\/redfoxlotto.com\/fr\/jouer\/euromillions\/\"\n  }\n}\n<\/script><\/p>\n<p><img loading=\"lazy\" decoding=\"async\" class=\" wp-image-67116 alignleft\" src=\"https:\/\/redfoxlotto.com\/wp-content\/uploads\/2024\/03\/Balls-300x300.png\" alt=\"euromillions austria\" width=\"244\" height=\"244\" \/><\/p>\n<h2 data-start=\"40\" data-end=\"103\">Introduction : Qu&rsquo;est-ce que l\u2019EuroMillions EU (Autriche) ?<\/h2>\n<p data-start=\"105\" data-end=\"392\">L\u2019EuroMillions EU (Autriche) est l\u2019une des loteries les plus populaires et les plus lucratives d\u2019Europe. Lanc\u00e9e en 2004, elle est officiellement jou\u00e9e dans neuf pays europ\u00e9ens : la France, l\u2019Espagne, l\u2019Autriche, la Belgique, l\u2019Irlande, le Luxembourg, le Portugal, la Suisse et l\u2019Andorre.<\/p>\n<p data-start=\"394\" data-end=\"717\">Mais que se passe-t-il si vous ne vivez pas en Europe ou dans un pays participant ? Pouvez-vous tout de m\u00eame jouer et tenter votre chance de gagner un jackpot qui change une vie ? La r\u00e9ponse est oui : vous pouvez acheter des billets EuroMillions EU (Autriche) en ligne depuis n\u2019importe o\u00f9 dans le monde via RedFoxLotto.com.<\/p>\n<h2 data-start=\"719\" data-end=\"775\">Comment jouer \u00e0 l\u2019EuroMillions en ligne hors de l\u2019UE<\/h2>\n<p data-start=\"777\" data-end=\"985\">Si votre pays ne participe pas, vous ne pourrez pas acheter de billet localement. Heureusement, un service de messagerie fiable comme RedFoxLotto vous permet d\u2019en acheter un depuis l\u2019\u00e9tranger. Voici comment :<\/p>\n<ol data-start=\"987\" data-end=\"1323\">\n<li data-start=\"987\" data-end=\"1027\">\n<p data-start=\"990\" data-end=\"1027\">Rendez-vous sur <a class=\"\" href=\"http:\/\/www.RedFoxLotto.com\" target=\"_new\" rel=\"noopener\" data-start=\"1006\" data-end=\"1025\">www.RedFoxLotto.com<\/a><\/p>\n<\/li>\n<li data-start=\"1028\" data-end=\"1082\">\n<p data-start=\"1031\" data-end=\"1082\">S\u00e9lectionnez le tirage EuroMillions EU (Autriche)<\/p>\n<\/li>\n<li data-start=\"1083\" data-end=\"1145\">\n<p data-start=\"1086\" data-end=\"1145\">Choisissez vos num\u00e9ros ou optez pour une s\u00e9lection rapide<\/p>\n<\/li>\n<li data-start=\"1146\" data-end=\"1238\">\n<p data-start=\"1149\" data-end=\"1238\">Finalisez votre commande ; un agent local en Autriche ach\u00e8tera un vrai billet pour vous<\/p>\n<\/li>\n<li data-start=\"1239\" data-end=\"1323\">\n<p data-start=\"1242\" data-end=\"1323\">Une copie scann\u00e9e de votre billet est ajout\u00e9e \u00e0 votre compte comme preuve d\u2019achat<\/p>\n<\/li>\n<\/ol>\n<p data-start=\"1325\" data-end=\"1514\">C\u2019est 100 % l\u00e9gal et c\u2019est un moyen garanti de participer \u00e0 la version officielle EuroMillions EU (Autriche), peu importe que vous habitiez en Asie, en Afrique, en Am\u00e9rique ou en Australie.<\/p>\n<h2 data-start=\"1516\" data-end=\"1590\">Diff\u00e9rences entre EuroMillions EU (Autriche) et la version britannique<\/h2>\n<p data-start=\"1592\" data-end=\"1764\">Il existe deux jeux distincts : l\u2019EuroMillions EU et l\u2019EuroMillions britannique. Bien qu\u2019ils fassent tous deux partie de la m\u00eame famille, ce sont des variantes diff\u00e9rentes.<\/p>\n<p data-start=\"1766\" data-end=\"1973\">Les billets britanniques sont plus chers, principalement \u00e0 cause d\u2019un jeu additionnel appel\u00e9 \u00ab Millionaire Maker \u00bb qui garantit qu\u2019un joueur britannique remporte 1 million de livres sterling \u00e0 chaque tirage.<\/p>\n<p data-start=\"1975\" data-end=\"2131\">La version britannique a \u00e9galement une structure de gains diff\u00e9rente, et ses revenus sont affect\u00e9s par des frais r\u00e9glementaires et des variations de change.<\/p>\n<p data-start=\"2133\" data-end=\"2431\">Si vous jouez via RedFoxLotto, vous participez \u00e0 la version EU (Autriche) \u2013 pas \u00e0 la version britannique. Cette version ne propose pas le jeu \u00ab Millionaire Maker \u00bb, ce qui rend les billets un peu moins chers et le jeu plus simple. Les billets britanniques sont disponibles sur d\u2019autres plateformes.<\/p>\n<h2 data-start=\"2433\" data-end=\"2470\">O\u00f9 les billets sont-ils achet\u00e9s ?<\/h2>\n<p data-start=\"2472\" data-end=\"2643\">Tous les billets EuroMillions (version EU) r\u00e9serv\u00e9s sur RedFoxLotto sont physiquement achet\u00e9s en Autriche, pays participant officiel, id\u00e9alement situ\u00e9 au c\u0153ur de l\u2019Europe.<\/p>\n<h2 data-start=\"2645\" data-end=\"2670\">Pourquoi l\u2019Autriche ?<\/h2>\n<p data-start=\"2672\" data-end=\"2840\">L\u2019Autriche est membre de l\u2019Union europ\u00e9enne et donne acc\u00e8s au tirage EuroMillions EU original. Les billets sont soumis \u00e0 des r\u00e8gles strictes et une transparence totale.<\/p>\n<p data-start=\"2842\" data-end=\"3067\">Les gains de loterie ne sont actuellement pas imposables en Autriche \u2013 un \u00e9norme avantage pour les joueurs \u00e9trangers. Une fois votre billet achet\u00e9, sa copie scann\u00e9e est ajout\u00e9e \u00e0 votre compte pour prouver votre participation.<\/p>\n<h2 data-start=\"3069\" data-end=\"3127\">Informations sur le jackpot : gains minimum et maximum<\/h2>\n<p data-start=\"3129\" data-end=\"3276\">L\u2019une des raisons principales pour lesquelles les joueurs du monde entier veulent participer \u00e0 l\u2019EuroMillions en ligne est l\u2019\u00e9normit\u00e9 des jackpots.<\/p>\n<p data-start=\"3278\" data-end=\"3294\">Fonctionnement :<\/p>\n<ul data-start=\"3296\" data-end=\"3390\">\n<li data-start=\"3296\" data-end=\"3337\">\n<p data-start=\"3298\" data-end=\"3337\">Jackpot minimum : 17 millions d\u2019euros<\/p>\n<\/li>\n<li data-start=\"3338\" data-end=\"3390\">\n<p data-start=\"3340\" data-end=\"3390\">Jackpot maximum (plafond) : 250 millions d\u2019euros<\/p>\n<\/li>\n<\/ul>\n<p data-start=\"3392\" data-end=\"3483\">S\u2019il n\u2019y a pas de gagnant, le jackpot est report\u00e9 au tirage suivant et augmente rapidement.<\/p>\n<h2 data-start=\"3485\" data-end=\"3556\">Que se passe-t-il lorsque le jackpot atteint 200 millions d\u2019euros ?<\/h2>\n<p data-start=\"3558\" data-end=\"3626\">Quand le jackpot atteint 200 millions d\u2019euros, les r\u00e8gles changent :<\/p>\n<ul data-start=\"3628\" data-end=\"3736\">\n<li data-start=\"3628\" data-end=\"3679\">\n<p data-start=\"3630\" data-end=\"3679\">Il augmente par tranches de 10 millions d\u2019euros<\/p>\n<\/li>\n<li data-start=\"3680\" data-end=\"3736\">\n<p data-start=\"3682\" data-end=\"3736\">Jusqu\u2019\u00e0 atteindre le plafond de 250 millions d\u2019euros<\/p>\n<\/li>\n<\/ul>\n<h2 data-start=\"3738\" data-end=\"3769\">Et \u00e0 250 millions d\u2019euros ?<\/h2>\n<p data-start=\"3771\" data-end=\"3974\">Une fois ce plafond atteint, il peut rester \u00e0 ce niveau pendant quatre tirages. S\u2019il n\u2019y a toujours pas de gagnant, la somme est redistribu\u00e9e au niveau de gain suivant \u2013 les fonds ne restent pas bloqu\u00e9s.<\/p>\n<p data-start=\"3976\" data-end=\"4104\">Ces r\u00e8gles font de l\u2019EuroMillions EU (Autriche) l\u2019une des loteries les plus palpitantes et favorables aux joueurs dans le monde.<\/p>\n<h2 data-start=\"4106\" data-end=\"4164\">Pourquoi jouer \u00e0 l\u2019EuroMillions EU (Autriche) en ligne<\/h2>\n<p data-start=\"4166\" data-end=\"4253\">Plusieurs raisons convaincantes de jouer en ligne, surtout depuis l\u2019ext\u00e9rieur de l\u2019UE :<\/p>\n<ul data-start=\"4255\" data-end=\"4554\">\n<li data-start=\"4255\" data-end=\"4330\">\n<p data-start=\"4257\" data-end=\"4330\">Accessibilit\u00e9 mondiale : tout le monde peut participer, de n\u2019importe o\u00f9<\/p>\n<\/li>\n<li data-start=\"4331\" data-end=\"4410\">\n<p data-start=\"4333\" data-end=\"4410\">Pratique : achetez vos billets \u00e0 tout moment, depuis n\u2019importe quel endroit<\/p>\n<\/li>\n<li data-start=\"4411\" data-end=\"4439\">\n<p data-start=\"4413\" data-end=\"4439\">Preuve d\u2019achat num\u00e9rique<\/p>\n<\/li>\n<li data-start=\"4440\" data-end=\"4502\">\n<p data-start=\"4442\" data-end=\"4502\">Avantages fiscaux : pas d\u2019imp\u00f4ts sur les gains en Autriche<\/p>\n<\/li>\n<li data-start=\"4503\" data-end=\"4554\">\n<p data-start=\"4505\" data-end=\"4554\">Jackpots \u00e9normes : jusqu\u2019\u00e0 250 millions d\u2019euros<\/p>\n<\/li>\n<\/ul>\n<h2 data-start=\"4556\" data-end=\"4570\">Conclusion<\/h2>\n<p data-start=\"4572\" data-end=\"4791\">Il n\u2019est pas n\u00e9cessaire de vivre en France, en Espagne ou au Portugal pour jouer \u00e0 l\u2019EuroMillions EU (Autriche). Aujourd\u2019hui, gr\u00e2ce \u00e0 Internet, vous pouvez jouer depuis l\u2019ext\u00e9rieur de l\u2019UE et viser des jackpots records.<\/p>\n<p data-start=\"4793\" data-end=\"5049\">Que vous r\u00eaviez de devenir le prochain millionnaire europ\u00e9en ou que vous aimiez simplement le jeu, participer via RedFoxLotto.com est un jeu d\u2019enfant. Choisissez vos num\u00e9ros chanceux et jouez d\u00e8s aujourd\u2019hui \u2013 le prochain grand gagnant pourrait \u00eatre vous !<\/p>\n","protected":false},"excerpt":{"rendered":"<p>Introduction : Qu&rsquo;est-ce que l\u2019EuroMillions EU (Autriche) ? L\u2019EuroMillions EU (Autriche) est l\u2019une des loteries les plus populaires et les plus lucratives d\u2019Europe. Lanc\u00e9e en 2004, elle est officiellement jou\u00e9e dans neuf pays europ\u00e9ens : la France, l\u2019Espagne, l\u2019Autriche, la Belgique, l\u2019Irlande, le Luxembourg, le Portugal, la Suisse et l\u2019Andorre. Mais que se passe-t-il si [&hellip;]<\/p>\n","protected":false},"author":8,"featured_media":0,"parent":1498,"menu_order":4,"comment_status":"closed","ping_status":"closed","template":"euromillions-at.php","meta":{"_et_pb_use_builder":"","_et_pb_old_content":"","_et_gb_content_width":"","exclude_from_search":false,"footnotes":""},"class_list":["post-87582","page","type-page","status-publish","hentry"],"yoast_head":"<!-- This site is optimized with the Yoast SEO plugin v23.8 - https:\/\/yoast.com\/wordpress\/plugins\/seo\/ -->\n<title>Jouer \u00e0 l&#039;Euromillions en ligne depuis l&#039;ext\u00e9rieur de l&#039;UE<\/title>\n<meta name=\"description\" content=\"Comment jouer \u00e0 l&#039;Euromillions en ligne en dehors de l&#039;UE, ou si votre pays ne participe pas \u00e0 l&#039;Euromillions ?\" \/>\n<meta name=\"robots\" content=\"index, follow, max-snippet:-1, max-image-preview:large, max-video-preview:-1\" \/>\n<link rel=\"canonical\" href=\"https:\/\/redfoxlotto.com\/fr\/jouer\/euromillions-eu\/\" \/>\n<meta property=\"og:locale\" content=\"fr_FR\" \/>\n<meta property=\"og:type\" content=\"article\" \/>\n<meta property=\"og:title\" content=\"Jouer \u00e0 l&#039;Euromillions en ligne depuis l&#039;ext\u00e9rieur de l&#039;UE\" \/>\n<meta property=\"og:description\" content=\"Comment jouer \u00e0 l&#039;Euromillions en ligne en dehors de l&#039;UE, ou si votre pays ne participe pas \u00e0 l&#039;Euromillions ?\" \/>\n<meta property=\"og:url\" content=\"https:\/\/redfoxlotto.com\/fr\/jouer\/euromillions-eu\/\" \/>\n<meta property=\"og:site_name\" content=\"Get Tickets for the World\u2019s largest jackpots\" \/>\n<meta property=\"article:modified_time\" content=\"2025-12-17T06:40:24+00:00\" \/>\n<meta property=\"og:image\" content=\"https:\/\/redfoxlotto.com\/wp-content\/uploads\/2024\/03\/Balls-300x300.png\" \/>\n<meta name=\"twitter:card\" content=\"summary_large_image\" \/>\n<meta name=\"twitter:label1\" content=\"Dur\u00e9e de lecture estim\u00e9e\" \/>\n\t<meta name=\"twitter:data1\" content=\"4 minutes\" \/>\n<script type=\"application\/ld+json\" class=\"yoast-schema-graph\">{\"@context\":\"https:\/\/schema.org\",\"@graph\":[{\"@type\":\"WebPage\",\"@id\":\"https:\/\/redfoxlotto.com\/fr\/jouer\/euromillions-eu\/\",\"url\":\"https:\/\/redfoxlotto.com\/fr\/jouer\/euromillions-eu\/\",\"name\":\"Jouer \u00e0 l'Euromillions en ligne depuis l'ext\u00e9rieur de l'UE\",\"isPartOf\":{\"@id\":\"https:\/\/redfoxlotto.com\/fr\/#website\"},\"primaryImageOfPage\":{\"@id\":\"https:\/\/redfoxlotto.com\/fr\/jouer\/euromillions-eu\/#primaryimage\"},\"image\":{\"@id\":\"https:\/\/redfoxlotto.com\/fr\/jouer\/euromillions-eu\/#primaryimage\"},\"thumbnailUrl\":\"https:\/\/redfoxlotto.com\/wp-content\/uploads\/2024\/03\/Balls-300x300.png\",\"datePublished\":\"2025-05-19T09:07:38+00:00\",\"dateModified\":\"2025-12-17T06:40:24+00:00\",\"description\":\"Comment jouer \u00e0 l'Euromillions en ligne en dehors de l'UE, ou si votre pays ne participe pas \u00e0 l'Euromillions ?\",\"breadcrumb\":{\"@id\":\"https:\/\/redfoxlotto.com\/fr\/jouer\/euromillions-eu\/#breadcrumb\"},\"inLanguage\":\"fr-FR\",\"potentialAction\":[{\"@type\":\"ReadAction\",\"target\":[\"https:\/\/redfoxlotto.com\/fr\/jouer\/euromillions-eu\/\"]}]},{\"@type\":\"ImageObject\",\"inLanguage\":\"fr-FR\",\"@id\":\"https:\/\/redfoxlotto.com\/fr\/jouer\/euromillions-eu\/#primaryimage\",\"url\":\"https:\/\/redfoxlotto.com\/wp-content\/uploads\/2024\/03\/Balls-300x300.png\",\"contentUrl\":\"https:\/\/redfoxlotto.com\/wp-content\/uploads\/2024\/03\/Balls-300x300.png\"},{\"@type\":\"BreadcrumbList\",\"@id\":\"https:\/\/redfoxlotto.com\/fr\/jouer\/euromillions-eu\/#breadcrumb\",\"itemListElement\":[{\"@type\":\"ListItem\",\"position\":1,\"name\":\"Home\",\"item\":\"https:\/\/redfoxlotto.com\/fr\/\"},{\"@type\":\"ListItem\",\"position\":2,\"name\":\"Comment jouer au loto en ligne\",\"item\":\"https:\/\/redfoxlotto.com\/fr\/jouer\/\"},{\"@type\":\"ListItem\",\"position\":3,\"name\":\"Jouer \u00e0 l&rsquo;Euromillions dans l&rsquo;UE\"}]},{\"@type\":\"WebSite\",\"@id\":\"https:\/\/redfoxlotto.com\/fr\/#website\",\"url\":\"https:\/\/redfoxlotto.com\/fr\/\",\"name\":\"Get Tickets for the World\u2019s largest jackpots\",\"description\":\"Participate in worldwide lottery jackpots from any country\",\"publisher\":{\"@id\":\"https:\/\/redfoxlotto.com\/fr\/#organization\"},\"potentialAction\":[{\"@type\":\"SearchAction\",\"target\":{\"@type\":\"EntryPoint\",\"urlTemplate\":\"https:\/\/redfoxlotto.com\/fr\/?s={search_term_string}\"},\"query-input\":{\"@type\":\"PropertyValueSpecification\",\"valueRequired\":true,\"valueName\":\"search_term_string\"}}],\"inLanguage\":\"fr-FR\"},{\"@type\":\"Organization\",\"@id\":\"https:\/\/redfoxlotto.com\/fr\/#organization\",\"name\":\"Get Tickets for the World\u2019s largest jackpots\",\"url\":\"https:\/\/redfoxlotto.com\/fr\/\",\"logo\":{\"@type\":\"ImageObject\",\"inLanguage\":\"fr-FR\",\"@id\":\"https:\/\/redfoxlotto.com\/fr\/#\/schema\/logo\/image\/\",\"url\":\"https:\/\/redfoxlotto.com\/wp-content\/uploads\/2023\/04\/logo.png\",\"contentUrl\":\"https:\/\/redfoxlotto.com\/wp-content\/uploads\/2023\/04\/logo.png\",\"width\":269,\"height\":53,\"caption\":\"Get Tickets for the World\u2019s largest jackpots\"},\"image\":{\"@id\":\"https:\/\/redfoxlotto.com\/fr\/#\/schema\/logo\/image\/\"}}]}<\/script>\n<!-- \/ Yoast SEO plugin. -->","yoast_head_json":{"title":"Jouer \u00e0 l'Euromillions en ligne depuis l'ext\u00e9rieur de l'UE","description":"Comment jouer \u00e0 l'Euromillions en ligne en dehors de l'UE, ou si votre pays ne participe pas \u00e0 l'Euromillions ?","robots":{"index":"index","follow":"follow","max-snippet":"max-snippet:-1","max-image-preview":"max-image-preview:large","max-video-preview":"max-video-preview:-1"},"canonical":"https:\/\/redfoxlotto.com\/fr\/jouer\/euromillions-eu\/","og_locale":"fr_FR","og_type":"article","og_title":"Jouer \u00e0 l'Euromillions en ligne depuis l'ext\u00e9rieur de l'UE","og_description":"Comment jouer \u00e0 l'Euromillions en ligne en dehors de l'UE, ou si votre pays ne participe pas \u00e0 l'Euromillions ?","og_url":"https:\/\/redfoxlotto.com\/fr\/jouer\/euromillions-eu\/","og_site_name":"Get Tickets for the World\u2019s largest jackpots","article_modified_time":"2025-12-17T06:40:24+00:00","og_image":[{"url":"https:\/\/redfoxlotto.com\/wp-content\/uploads\/2024\/03\/Balls-300x300.png"}],"twitter_card":"summary_large_image","twitter_misc":{"Dur\u00e9e de lecture estim\u00e9e":"4 minutes"},"schema":{"@context":"https:\/\/schema.org","@graph":[{"@type":"WebPage","@id":"https:\/\/redfoxlotto.com\/fr\/jouer\/euromillions-eu\/","url":"https:\/\/redfoxlotto.com\/fr\/jouer\/euromillions-eu\/","name":"Jouer \u00e0 l'Euromillions en ligne depuis l'ext\u00e9rieur de l'UE","isPartOf":{"@id":"https:\/\/redfoxlotto.com\/fr\/#website"},"primaryImageOfPage":{"@id":"https:\/\/redfoxlotto.com\/fr\/jouer\/euromillions-eu\/#primaryimage"},"image":{"@id":"https:\/\/redfoxlotto.com\/fr\/jouer\/euromillions-eu\/#primaryimage"},"thumbnailUrl":"https:\/\/redfoxlotto.com\/wp-content\/uploads\/2024\/03\/Balls-300x300.png","datePublished":"2025-05-19T09:07:38+00:00","dateModified":"2025-12-17T06:40:24+00:00","description":"Comment jouer \u00e0 l'Euromillions en ligne en dehors de l'UE, ou si votre pays ne participe pas \u00e0 l'Euromillions ?","breadcrumb":{"@id":"https:\/\/redfoxlotto.com\/fr\/jouer\/euromillions-eu\/#breadcrumb"},"inLanguage":"fr-FR","potentialAction":[{"@type":"ReadAction","target":["https:\/\/redfoxlotto.com\/fr\/jouer\/euromillions-eu\/"]}]},{"@type":"ImageObject","inLanguage":"fr-FR","@id":"https:\/\/redfoxlotto.com\/fr\/jouer\/euromillions-eu\/#primaryimage","url":"https:\/\/redfoxlotto.com\/wp-content\/uploads\/2024\/03\/Balls-300x300.png","contentUrl":"https:\/\/redfoxlotto.com\/wp-content\/uploads\/2024\/03\/Balls-300x300.png"},{"@type":"BreadcrumbList","@id":"https:\/\/redfoxlotto.com\/fr\/jouer\/euromillions-eu\/#breadcrumb","itemListElement":[{"@type":"ListItem","position":1,"name":"Home","item":"https:\/\/redfoxlotto.com\/fr\/"},{"@type":"ListItem","position":2,"name":"Comment jouer au loto en ligne","item":"https:\/\/redfoxlotto.com\/fr\/jouer\/"},{"@type":"ListItem","position":3,"name":"Jouer \u00e0 l&rsquo;Euromillions dans l&rsquo;UE"}]},{"@type":"WebSite","@id":"https:\/\/redfoxlotto.com\/fr\/#website","url":"https:\/\/redfoxlotto.com\/fr\/","name":"Get Tickets for the World\u2019s largest jackpots","description":"Participate in worldwide lottery jackpots from any country","publisher":{"@id":"https:\/\/redfoxlotto.com\/fr\/#organization"},"potentialAction":[{"@type":"SearchAction","target":{"@type":"EntryPoint","urlTemplate":"https:\/\/redfoxlotto.com\/fr\/?s={search_term_string}"},"query-input":{"@type":"PropertyValueSpecification","valueRequired":true,"valueName":"search_term_string"}}],"inLanguage":"fr-FR"},{"@type":"Organization","@id":"https:\/\/redfoxlotto.com\/fr\/#organization","name":"Get Tickets for the World\u2019s largest jackpots","url":"https:\/\/redfoxlotto.com\/fr\/","logo":{"@type":"ImageObject","inLanguage":"fr-FR","@id":"https:\/\/redfoxlotto.com\/fr\/#\/schema\/logo\/image\/","url":"https:\/\/redfoxlotto.com\/wp-content\/uploads\/2023\/04\/logo.png","contentUrl":"https:\/\/redfoxlotto.com\/wp-content\/uploads\/2023\/04\/logo.png","width":269,"height":53,"caption":"Get Tickets for the World\u2019s largest jackpots"},"image":{"@id":"https:\/\/redfoxlotto.com\/fr\/#\/schema\/logo\/image\/"}}]}},"_links":{"self":[{"href":"https:\/\/redfoxlotto.com\/fr\/wp-json\/wp\/v2\/pages\/87582","targetHints":{"allow":["GET"]}}],"collection":[{"href":"https:\/\/redfoxlotto.com\/fr\/wp-json\/wp\/v2\/pages"}],"about":[{"href":"https:\/\/redfoxlotto.com\/fr\/wp-json\/wp\/v2\/types\/page"}],"author":[{"embeddable":true,"href":"https:\/\/redfoxlotto.com\/fr\/wp-json\/wp\/v2\/users\/8"}],"replies":[{"embeddable":true,"href":"https:\/\/redfoxlotto.com\/fr\/wp-json\/wp\/v2\/comments?post=87582"}],"version-history":[{"count":0,"href":"https:\/\/redfoxlotto.com\/fr\/wp-json\/wp\/v2\/pages\/87582\/revisions"}],"up":[{"embeddable":true,"href":"https:\/\/redfoxlotto.com\/fr\/wp-json\/wp\/v2\/pages\/1498"}],"wp:attachment":[{"href":"https:\/\/redfoxlotto.com\/fr\/wp-json\/wp\/v2\/media?parent=87582"}],"curies":[{"name":"wp","href":"https:\/\/api.w.org\/{rel}","templated":true}]}}