{"id":87435,"date":"2025-05-21T09:02:00","date_gmt":"2025-05-21T09:02:00","guid":{"rendered":"https:\/\/redfoxlotto.com\/?page_id=87435"},"modified":"2025-10-07T12:34:33","modified_gmt":"2025-10-07T12:34:33","slug":"platinum-keno-5-millions-deuros-de-premier-prix","status":"publish","type":"page","link":"https:\/\/redfoxlotto.com\/fr\/keno\/platinum-keno-5-millions-deuros-de-premier-prix\/","title":{"rendered":"Platinum Keno &#8211; 5 millions d&rsquo;euros de premier prix"},"content":{"rendered":"<p>Ce jeu de Keno \u00e0 5 millions d&rsquo;euros effectue des tirages quotidiens &#8211; choisissez votre combinaison de num\u00e9ros d\u00e8s maintenant !<\/p>\n<div class=\"keno-banner-wrapper\">\n  <img decoding=\"async\" src=\"https:\/\/redfoxlotto.com\/wp-content\/uploads\/2025\/10\/1-scaled.png\" alt=\"Keno Banner\" class=\"keno-banner-image\"><br \/>\n  <div class=\"keno-banner-overlay\"><div class=\"keno-banner-text\">Premier prix\u00a0: \u20ac5,000,000<br>Tirages toutes les 8 minutes<\/div><a href=\"https:\/\/keno.redfoxlotto.com\/play\/platinum-keno\" class=\"keno-banner-button\">Jouez au Platinum Keno maintenant<\/a><\/div>\n<\/div>\n","protected":false},"excerpt":{"rendered":"<p>Ce jeu de Keno \u00e0 5 millions d&rsquo;euros effectue des tirages quotidiens &#8211; choisissez votre combinaison de num\u00e9ros d\u00e8s maintenant !<\/p>\n","protected":false},"author":8,"featured_media":0,"parent":84392,"menu_order":41,"comment_status":"closed","ping_status":"closed","template":"","meta":{"_et_pb_use_builder":"","_et_pb_old_content":"","_et_gb_content_width":"","exclude_from_search":false,"footnotes":""},"class_list":["post-87435","page","type-page","status-publish","hentry"],"yoast_head":"<!-- This site is optimized with the Yoast SEO plugin v23.8 - https:\/\/yoast.com\/wordpress\/plugins\/seo\/ -->\n<title>Meilleures combinaisons de num\u00e9ros au Keno | Meilleurs num\u00e9ros \u00e0 jouer au Keno<\/title>\n<meta name=\"description\" content=\"Choisissez les meilleures combinaisons de num\u00e9ros de Keno sur notre site, et jouez aux meilleurs jeux de Keno \u00e0 5 et 10 millions d&#039;euros.\" \/>\n<meta name=\"robots\" content=\"index, follow, max-snippet:-1, max-image-preview:large, max-video-preview:-1\" \/>\n<link rel=\"canonical\" href=\"https:\/\/redfoxlotto.com\/fr\/keno\/platinum-keno-5-millions-deuros-de-premier-prix\/\" \/>\n<meta property=\"og:locale\" content=\"fr_FR\" \/>\n<meta property=\"og:type\" content=\"article\" \/>\n<meta property=\"og:title\" content=\"Meilleures combinaisons de num\u00e9ros au Keno | Meilleurs num\u00e9ros \u00e0 jouer au Keno\" \/>\n<meta property=\"og:description\" content=\"Choisissez les meilleures combinaisons de num\u00e9ros de Keno sur notre site, et jouez aux meilleurs jeux de Keno \u00e0 5 et 10 millions d&#039;euros.\" \/>\n<meta property=\"og:url\" content=\"https:\/\/redfoxlotto.com\/fr\/keno\/platinum-keno-5-millions-deuros-de-premier-prix\/\" \/>\n<meta property=\"og:site_name\" content=\"Get Tickets for the World\u2019s largest jackpots\" \/>\n<meta property=\"article:modified_time\" content=\"2025-10-07T12:34:33+00:00\" \/>\n<meta property=\"og:image\" content=\"https:\/\/redfoxlotto.com\/wp-content\/uploads\/2025\/10\/1-scaled.png\" \/>\n<meta name=\"twitter:card\" content=\"summary_large_image\" \/>\n<meta name=\"twitter:label1\" content=\"Dur\u00e9e de lecture estim\u00e9e\" \/>\n\t<meta name=\"twitter:data1\" content=\"1 minute\" \/>\n<script type=\"application\/ld+json\" class=\"yoast-schema-graph\">{\"@context\":\"https:\/\/schema.org\",\"@graph\":[{\"@type\":\"WebPage\",\"@id\":\"https:\/\/redfoxlotto.com\/fr\/keno\/platinum-keno-5-millions-deuros-de-premier-prix\/\",\"url\":\"https:\/\/redfoxlotto.com\/fr\/keno\/platinum-keno-5-millions-deuros-de-premier-prix\/\",\"name\":\"Meilleures combinaisons de num\u00e9ros au Keno | Meilleurs num\u00e9ros \u00e0 jouer au Keno\",\"isPartOf\":{\"@id\":\"https:\/\/redfoxlotto.com\/fr\/#website\"},\"primaryImageOfPage\":{\"@id\":\"https:\/\/redfoxlotto.com\/fr\/keno\/platinum-keno-5-millions-deuros-de-premier-prix\/#primaryimage\"},\"image\":{\"@id\":\"https:\/\/redfoxlotto.com\/fr\/keno\/platinum-keno-5-millions-deuros-de-premier-prix\/#primaryimage\"},\"thumbnailUrl\":\"https:\/\/redfoxlotto.com\/wp-content\/uploads\/2025\/10\/1-scaled.png\",\"datePublished\":\"2025-05-21T09:02:00+00:00\",\"dateModified\":\"2025-10-07T12:34:33+00:00\",\"description\":\"Choisissez les meilleures combinaisons de num\u00e9ros de Keno sur notre site, et jouez aux meilleurs jeux de Keno \u00e0 5 et 10 millions d'euros.\",\"breadcrumb\":{\"@id\":\"https:\/\/redfoxlotto.com\/fr\/keno\/platinum-keno-5-millions-deuros-de-premier-prix\/#breadcrumb\"},\"inLanguage\":\"fr-FR\",\"potentialAction\":[{\"@type\":\"ReadAction\",\"target\":[\"https:\/\/redfoxlotto.com\/fr\/keno\/platinum-keno-5-millions-deuros-de-premier-prix\/\"]}]},{\"@type\":\"ImageObject\",\"inLanguage\":\"fr-FR\",\"@id\":\"https:\/\/redfoxlotto.com\/fr\/keno\/platinum-keno-5-millions-deuros-de-premier-prix\/#primaryimage\",\"url\":\"https:\/\/redfoxlotto.com\/wp-content\/uploads\/2025\/10\/1-scaled.png\",\"contentUrl\":\"https:\/\/redfoxlotto.com\/wp-content\/uploads\/2025\/10\/1-scaled.png\"},{\"@type\":\"BreadcrumbList\",\"@id\":\"https:\/\/redfoxlotto.com\/fr\/keno\/platinum-keno-5-millions-deuros-de-premier-prix\/#breadcrumb\",\"itemListElement\":[{\"@type\":\"ListItem\",\"position\":1,\"name\":\"Home\",\"item\":\"https:\/\/redfoxlotto.com\/fr\/\"},{\"@type\":\"ListItem\",\"position\":2,\"name\":\"Keno\",\"item\":\"https:\/\/redfoxlotto.com\/fr\/keno\/\"},{\"@type\":\"ListItem\",\"position\":3,\"name\":\"Platinum Keno &#8211; 5 millions d&rsquo;euros de premier prix\"}]},{\"@type\":\"WebSite\",\"@id\":\"https:\/\/redfoxlotto.com\/fr\/#website\",\"url\":\"https:\/\/redfoxlotto.com\/fr\/\",\"name\":\"Get Tickets for the World\u2019s largest jackpots\",\"description\":\"Participate in worldwide lottery jackpots from any country\",\"publisher\":{\"@id\":\"https:\/\/redfoxlotto.com\/fr\/#organization\"},\"potentialAction\":[{\"@type\":\"SearchAction\",\"target\":{\"@type\":\"EntryPoint\",\"urlTemplate\":\"https:\/\/redfoxlotto.com\/fr\/?s={search_term_string}\"},\"query-input\":{\"@type\":\"PropertyValueSpecification\",\"valueRequired\":true,\"valueName\":\"search_term_string\"}}],\"inLanguage\":\"fr-FR\"},{\"@type\":\"Organization\",\"@id\":\"https:\/\/redfoxlotto.com\/fr\/#organization\",\"name\":\"Get Tickets for the World\u2019s largest jackpots\",\"url\":\"https:\/\/redfoxlotto.com\/fr\/\",\"logo\":{\"@type\":\"ImageObject\",\"inLanguage\":\"fr-FR\",\"@id\":\"https:\/\/redfoxlotto.com\/fr\/#\/schema\/logo\/image\/\",\"url\":\"https:\/\/redfoxlotto.com\/wp-content\/uploads\/2023\/04\/logo.png\",\"contentUrl\":\"https:\/\/redfoxlotto.com\/wp-content\/uploads\/2023\/04\/logo.png\",\"width\":269,\"height\":53,\"caption\":\"Get Tickets for the World\u2019s largest jackpots\"},\"image\":{\"@id\":\"https:\/\/redfoxlotto.com\/fr\/#\/schema\/logo\/image\/\"}}]}<\/script>\n<!-- \/ Yoast SEO plugin. -->","yoast_head_json":{"title":"Meilleures combinaisons de num\u00e9ros au Keno | Meilleurs num\u00e9ros \u00e0 jouer au Keno","description":"Choisissez les meilleures combinaisons de num\u00e9ros de Keno sur notre site, et jouez aux meilleurs jeux de Keno \u00e0 5 et 10 millions d'euros.","robots":{"index":"index","follow":"follow","max-snippet":"max-snippet:-1","max-image-preview":"max-image-preview:large","max-video-preview":"max-video-preview:-1"},"canonical":"https:\/\/redfoxlotto.com\/fr\/keno\/platinum-keno-5-millions-deuros-de-premier-prix\/","og_locale":"fr_FR","og_type":"article","og_title":"Meilleures combinaisons de num\u00e9ros au Keno | Meilleurs num\u00e9ros \u00e0 jouer au Keno","og_description":"Choisissez les meilleures combinaisons de num\u00e9ros de Keno sur notre site, et jouez aux meilleurs jeux de Keno \u00e0 5 et 10 millions d'euros.","og_url":"https:\/\/redfoxlotto.com\/fr\/keno\/platinum-keno-5-millions-deuros-de-premier-prix\/","og_site_name":"Get Tickets for the World\u2019s largest jackpots","article_modified_time":"2025-10-07T12:34:33+00:00","og_image":[{"url":"https:\/\/redfoxlotto.com\/wp-content\/uploads\/2025\/10\/1-scaled.png"}],"twitter_card":"summary_large_image","twitter_misc":{"Dur\u00e9e de lecture estim\u00e9e":"1 minute"},"schema":{"@context":"https:\/\/schema.org","@graph":[{"@type":"WebPage","@id":"https:\/\/redfoxlotto.com\/fr\/keno\/platinum-keno-5-millions-deuros-de-premier-prix\/","url":"https:\/\/redfoxlotto.com\/fr\/keno\/platinum-keno-5-millions-deuros-de-premier-prix\/","name":"Meilleures combinaisons de num\u00e9ros au Keno | Meilleurs num\u00e9ros \u00e0 jouer au Keno","isPartOf":{"@id":"https:\/\/redfoxlotto.com\/fr\/#website"},"primaryImageOfPage":{"@id":"https:\/\/redfoxlotto.com\/fr\/keno\/platinum-keno-5-millions-deuros-de-premier-prix\/#primaryimage"},"image":{"@id":"https:\/\/redfoxlotto.com\/fr\/keno\/platinum-keno-5-millions-deuros-de-premier-prix\/#primaryimage"},"thumbnailUrl":"https:\/\/redfoxlotto.com\/wp-content\/uploads\/2025\/10\/1-scaled.png","datePublished":"2025-05-21T09:02:00+00:00","dateModified":"2025-10-07T12:34:33+00:00","description":"Choisissez les meilleures combinaisons de num\u00e9ros de Keno sur notre site, et jouez aux meilleurs jeux de Keno \u00e0 5 et 10 millions d'euros.","breadcrumb":{"@id":"https:\/\/redfoxlotto.com\/fr\/keno\/platinum-keno-5-millions-deuros-de-premier-prix\/#breadcrumb"},"inLanguage":"fr-FR","potentialAction":[{"@type":"ReadAction","target":["https:\/\/redfoxlotto.com\/fr\/keno\/platinum-keno-5-millions-deuros-de-premier-prix\/"]}]},{"@type":"ImageObject","inLanguage":"fr-FR","@id":"https:\/\/redfoxlotto.com\/fr\/keno\/platinum-keno-5-millions-deuros-de-premier-prix\/#primaryimage","url":"https:\/\/redfoxlotto.com\/wp-content\/uploads\/2025\/10\/1-scaled.png","contentUrl":"https:\/\/redfoxlotto.com\/wp-content\/uploads\/2025\/10\/1-scaled.png"},{"@type":"BreadcrumbList","@id":"https:\/\/redfoxlotto.com\/fr\/keno\/platinum-keno-5-millions-deuros-de-premier-prix\/#breadcrumb","itemListElement":[{"@type":"ListItem","position":1,"name":"Home","item":"https:\/\/redfoxlotto.com\/fr\/"},{"@type":"ListItem","position":2,"name":"Keno","item":"https:\/\/redfoxlotto.com\/fr\/keno\/"},{"@type":"ListItem","position":3,"name":"Platinum Keno &#8211; 5 millions d&rsquo;euros de premier prix"}]},{"@type":"WebSite","@id":"https:\/\/redfoxlotto.com\/fr\/#website","url":"https:\/\/redfoxlotto.com\/fr\/","name":"Get Tickets for the World\u2019s largest jackpots","description":"Participate in worldwide lottery jackpots from any country","publisher":{"@id":"https:\/\/redfoxlotto.com\/fr\/#organization"},"potentialAction":[{"@type":"SearchAction","target":{"@type":"EntryPoint","urlTemplate":"https:\/\/redfoxlotto.com\/fr\/?s={search_term_string}"},"query-input":{"@type":"PropertyValueSpecification","valueRequired":true,"valueName":"search_term_string"}}],"inLanguage":"fr-FR"},{"@type":"Organization","@id":"https:\/\/redfoxlotto.com\/fr\/#organization","name":"Get Tickets for the World\u2019s largest jackpots","url":"https:\/\/redfoxlotto.com\/fr\/","logo":{"@type":"ImageObject","inLanguage":"fr-FR","@id":"https:\/\/redfoxlotto.com\/fr\/#\/schema\/logo\/image\/","url":"https:\/\/redfoxlotto.com\/wp-content\/uploads\/2023\/04\/logo.png","contentUrl":"https:\/\/redfoxlotto.com\/wp-content\/uploads\/2023\/04\/logo.png","width":269,"height":53,"caption":"Get Tickets for the World\u2019s largest jackpots"},"image":{"@id":"https:\/\/redfoxlotto.com\/fr\/#\/schema\/logo\/image\/"}}]}},"_links":{"self":[{"href":"https:\/\/redfoxlotto.com\/fr\/wp-json\/wp\/v2\/pages\/87435","targetHints":{"allow":["GET"]}}],"collection":[{"href":"https:\/\/redfoxlotto.com\/fr\/wp-json\/wp\/v2\/pages"}],"about":[{"href":"https:\/\/redfoxlotto.com\/fr\/wp-json\/wp\/v2\/types\/page"}],"author":[{"embeddable":true,"href":"https:\/\/redfoxlotto.com\/fr\/wp-json\/wp\/v2\/users\/8"}],"replies":[{"embeddable":true,"href":"https:\/\/redfoxlotto.com\/fr\/wp-json\/wp\/v2\/comments?post=87435"}],"version-history":[{"count":0,"href":"https:\/\/redfoxlotto.com\/fr\/wp-json\/wp\/v2\/pages\/87435\/revisions"}],"up":[{"embeddable":true,"href":"https:\/\/redfoxlotto.com\/fr\/wp-json\/wp\/v2\/pages\/84392"}],"wp:attachment":[{"href":"https:\/\/redfoxlotto.com\/fr\/wp-json\/wp\/v2\/media?parent=87435"}],"curies":[{"name":"wp","href":"https:\/\/api.w.org\/{rel}","templated":true}]}}