{"id":87082,"date":"2025-05-16T10:39:54","date_gmt":"2025-05-16T10:39:54","guid":{"rendered":"https:\/\/redfoxlotto.com\/?page_id=87082"},"modified":"2025-05-17T21:51:12","modified_gmt":"2025-05-17T21:51:12","slug":"numeros-gagnants-du-keno-diamant","status":"publish","type":"page","link":"https:\/\/redfoxlotto.com\/fr\/keno\/numeros-gagnants-du-keno-diamant\/","title":{"rendered":"Num\u00e9ros gagnants du Keno Diamant"},"content":{"rendered":"<p>De nouveaux num\u00e9ros gagnants apparaissent toutes les 20 minutes &#8211; consultez les r\u00e9sultats du Diamond Keno d\u00e8s maintenant.<\/p>\n","protected":false},"excerpt":{"rendered":"<p>De nouveaux num\u00e9ros gagnants apparaissent toutes les 20 minutes &#8211; consultez les r\u00e9sultats du Diamond Keno d\u00e8s maintenant.<\/p>\n","protected":false},"author":8,"featured_media":0,"parent":84392,"menu_order":40,"comment_status":"closed","ping_status":"closed","template":"","meta":{"_et_pb_use_builder":"","_et_pb_old_content":"","_et_gb_content_width":"","exclude_from_search":false,"footnotes":""},"class_list":["post-87082","page","type-page","status-publish","hentry"],"yoast_head":"<!-- This site is optimized with the Yoast SEO plugin v23.8 - https:\/\/yoast.com\/wordpress\/plugins\/seo\/ -->\n<title>Num\u00e9ros gagnants de notre plus grande loterie Keno - gagnez 10 millions d&#039;euros maintenant !<\/title>\n<meta name=\"description\" content=\"Voici les derniers num\u00e9ros gagnants de notre plus grande loterie Keno - avec 10 millions d&#039;euros en jeu toutes les 20 minutes.\" \/>\n<meta name=\"robots\" content=\"index, follow, max-snippet:-1, max-image-preview:large, max-video-preview:-1\" \/>\n<link rel=\"canonical\" href=\"https:\/\/redfoxlotto.com\/fr\/keno\/numeros-gagnants-du-keno-diamant\/\" \/>\n<meta property=\"og:locale\" content=\"fr_FR\" \/>\n<meta property=\"og:type\" content=\"article\" \/>\n<meta property=\"og:title\" content=\"Num\u00e9ros gagnants de notre plus grande loterie Keno - gagnez 10 millions d&#039;euros maintenant !\" \/>\n<meta property=\"og:description\" content=\"Voici les derniers num\u00e9ros gagnants de notre plus grande loterie Keno - avec 10 millions d&#039;euros en jeu toutes les 20 minutes.\" \/>\n<meta property=\"og:url\" content=\"https:\/\/redfoxlotto.com\/fr\/keno\/numeros-gagnants-du-keno-diamant\/\" \/>\n<meta property=\"og:site_name\" content=\"Get Tickets for the World\u2019s largest jackpots\" \/>\n<meta property=\"article:modified_time\" content=\"2025-05-17T21:51:12+00:00\" \/>\n<meta name=\"twitter:card\" content=\"summary_large_image\" \/>\n<meta name=\"twitter:label1\" content=\"Dur\u00e9e de lecture estim\u00e9e\" \/>\n\t<meta name=\"twitter:data1\" content=\"1 minute\" \/>\n<script type=\"application\/ld+json\" class=\"yoast-schema-graph\">{\"@context\":\"https:\/\/schema.org\",\"@graph\":[{\"@type\":\"WebPage\",\"@id\":\"https:\/\/redfoxlotto.com\/fr\/keno\/numeros-gagnants-du-keno-diamant\/\",\"url\":\"https:\/\/redfoxlotto.com\/fr\/keno\/numeros-gagnants-du-keno-diamant\/\",\"name\":\"Num\u00e9ros gagnants de notre plus grande loterie Keno - gagnez 10 millions d'euros maintenant !\",\"isPartOf\":{\"@id\":\"https:\/\/redfoxlotto.com\/fr\/#website\"},\"datePublished\":\"2025-05-16T10:39:54+00:00\",\"dateModified\":\"2025-05-17T21:51:12+00:00\",\"description\":\"Voici les derniers num\u00e9ros gagnants de notre plus grande loterie Keno - avec 10 millions d'euros en jeu toutes les 20 minutes.\",\"breadcrumb\":{\"@id\":\"https:\/\/redfoxlotto.com\/fr\/keno\/numeros-gagnants-du-keno-diamant\/#breadcrumb\"},\"inLanguage\":\"fr-FR\",\"potentialAction\":[{\"@type\":\"ReadAction\",\"target\":[\"https:\/\/redfoxlotto.com\/fr\/keno\/numeros-gagnants-du-keno-diamant\/\"]}]},{\"@type\":\"BreadcrumbList\",\"@id\":\"https:\/\/redfoxlotto.com\/fr\/keno\/numeros-gagnants-du-keno-diamant\/#breadcrumb\",\"itemListElement\":[{\"@type\":\"ListItem\",\"position\":1,\"name\":\"Home\",\"item\":\"https:\/\/redfoxlotto.com\/fr\/\"},{\"@type\":\"ListItem\",\"position\":2,\"name\":\"Keno\",\"item\":\"https:\/\/redfoxlotto.com\/fr\/keno\/\"},{\"@type\":\"ListItem\",\"position\":3,\"name\":\"Num\u00e9ros gagnants du Keno Diamant\"}]},{\"@type\":\"WebSite\",\"@id\":\"https:\/\/redfoxlotto.com\/fr\/#website\",\"url\":\"https:\/\/redfoxlotto.com\/fr\/\",\"name\":\"Get Tickets for the World\u2019s largest jackpots\",\"description\":\"Participate in worldwide lottery jackpots from any country\",\"publisher\":{\"@id\":\"https:\/\/redfoxlotto.com\/fr\/#organization\"},\"potentialAction\":[{\"@type\":\"SearchAction\",\"target\":{\"@type\":\"EntryPoint\",\"urlTemplate\":\"https:\/\/redfoxlotto.com\/fr\/?s={search_term_string}\"},\"query-input\":{\"@type\":\"PropertyValueSpecification\",\"valueRequired\":true,\"valueName\":\"search_term_string\"}}],\"inLanguage\":\"fr-FR\"},{\"@type\":\"Organization\",\"@id\":\"https:\/\/redfoxlotto.com\/fr\/#organization\",\"name\":\"Get Tickets for the World\u2019s largest jackpots\",\"url\":\"https:\/\/redfoxlotto.com\/fr\/\",\"logo\":{\"@type\":\"ImageObject\",\"inLanguage\":\"fr-FR\",\"@id\":\"https:\/\/redfoxlotto.com\/fr\/#\/schema\/logo\/image\/\",\"url\":\"https:\/\/redfoxlotto.com\/wp-content\/uploads\/2023\/04\/logo.png\",\"contentUrl\":\"https:\/\/redfoxlotto.com\/wp-content\/uploads\/2023\/04\/logo.png\",\"width\":269,\"height\":53,\"caption\":\"Get Tickets for the World\u2019s largest jackpots\"},\"image\":{\"@id\":\"https:\/\/redfoxlotto.com\/fr\/#\/schema\/logo\/image\/\"}}]}<\/script>\n<!-- \/ Yoast SEO plugin. -->","yoast_head_json":{"title":"Num\u00e9ros gagnants de notre plus grande loterie Keno - gagnez 10 millions d'euros maintenant !","description":"Voici les derniers num\u00e9ros gagnants de notre plus grande loterie Keno - avec 10 millions d'euros en jeu toutes les 20 minutes.","robots":{"index":"index","follow":"follow","max-snippet":"max-snippet:-1","max-image-preview":"max-image-preview:large","max-video-preview":"max-video-preview:-1"},"canonical":"https:\/\/redfoxlotto.com\/fr\/keno\/numeros-gagnants-du-keno-diamant\/","og_locale":"fr_FR","og_type":"article","og_title":"Num\u00e9ros gagnants de notre plus grande loterie Keno - gagnez 10 millions d'euros maintenant !","og_description":"Voici les derniers num\u00e9ros gagnants de notre plus grande loterie Keno - avec 10 millions d'euros en jeu toutes les 20 minutes.","og_url":"https:\/\/redfoxlotto.com\/fr\/keno\/numeros-gagnants-du-keno-diamant\/","og_site_name":"Get Tickets for the World\u2019s largest jackpots","article_modified_time":"2025-05-17T21:51:12+00:00","twitter_card":"summary_large_image","twitter_misc":{"Dur\u00e9e de lecture estim\u00e9e":"1 minute"},"schema":{"@context":"https:\/\/schema.org","@graph":[{"@type":"WebPage","@id":"https:\/\/redfoxlotto.com\/fr\/keno\/numeros-gagnants-du-keno-diamant\/","url":"https:\/\/redfoxlotto.com\/fr\/keno\/numeros-gagnants-du-keno-diamant\/","name":"Num\u00e9ros gagnants de notre plus grande loterie Keno - gagnez 10 millions d'euros maintenant !","isPartOf":{"@id":"https:\/\/redfoxlotto.com\/fr\/#website"},"datePublished":"2025-05-16T10:39:54+00:00","dateModified":"2025-05-17T21:51:12+00:00","description":"Voici les derniers num\u00e9ros gagnants de notre plus grande loterie Keno - avec 10 millions d'euros en jeu toutes les 20 minutes.","breadcrumb":{"@id":"https:\/\/redfoxlotto.com\/fr\/keno\/numeros-gagnants-du-keno-diamant\/#breadcrumb"},"inLanguage":"fr-FR","potentialAction":[{"@type":"ReadAction","target":["https:\/\/redfoxlotto.com\/fr\/keno\/numeros-gagnants-du-keno-diamant\/"]}]},{"@type":"BreadcrumbList","@id":"https:\/\/redfoxlotto.com\/fr\/keno\/numeros-gagnants-du-keno-diamant\/#breadcrumb","itemListElement":[{"@type":"ListItem","position":1,"name":"Home","item":"https:\/\/redfoxlotto.com\/fr\/"},{"@type":"ListItem","position":2,"name":"Keno","item":"https:\/\/redfoxlotto.com\/fr\/keno\/"},{"@type":"ListItem","position":3,"name":"Num\u00e9ros gagnants du Keno Diamant"}]},{"@type":"WebSite","@id":"https:\/\/redfoxlotto.com\/fr\/#website","url":"https:\/\/redfoxlotto.com\/fr\/","name":"Get Tickets for the World\u2019s largest jackpots","description":"Participate in worldwide lottery jackpots from any country","publisher":{"@id":"https:\/\/redfoxlotto.com\/fr\/#organization"},"potentialAction":[{"@type":"SearchAction","target":{"@type":"EntryPoint","urlTemplate":"https:\/\/redfoxlotto.com\/fr\/?s={search_term_string}"},"query-input":{"@type":"PropertyValueSpecification","valueRequired":true,"valueName":"search_term_string"}}],"inLanguage":"fr-FR"},{"@type":"Organization","@id":"https:\/\/redfoxlotto.com\/fr\/#organization","name":"Get Tickets for the World\u2019s largest jackpots","url":"https:\/\/redfoxlotto.com\/fr\/","logo":{"@type":"ImageObject","inLanguage":"fr-FR","@id":"https:\/\/redfoxlotto.com\/fr\/#\/schema\/logo\/image\/","url":"https:\/\/redfoxlotto.com\/wp-content\/uploads\/2023\/04\/logo.png","contentUrl":"https:\/\/redfoxlotto.com\/wp-content\/uploads\/2023\/04\/logo.png","width":269,"height":53,"caption":"Get Tickets for the World\u2019s largest jackpots"},"image":{"@id":"https:\/\/redfoxlotto.com\/fr\/#\/schema\/logo\/image\/"}}]}},"_links":{"self":[{"href":"https:\/\/redfoxlotto.com\/fr\/wp-json\/wp\/v2\/pages\/87082","targetHints":{"allow":["GET"]}}],"collection":[{"href":"https:\/\/redfoxlotto.com\/fr\/wp-json\/wp\/v2\/pages"}],"about":[{"href":"https:\/\/redfoxlotto.com\/fr\/wp-json\/wp\/v2\/types\/page"}],"author":[{"embeddable":true,"href":"https:\/\/redfoxlotto.com\/fr\/wp-json\/wp\/v2\/users\/8"}],"replies":[{"embeddable":true,"href":"https:\/\/redfoxlotto.com\/fr\/wp-json\/wp\/v2\/comments?post=87082"}],"version-history":[{"count":0,"href":"https:\/\/redfoxlotto.com\/fr\/wp-json\/wp\/v2\/pages\/87082\/revisions"}],"up":[{"embeddable":true,"href":"https:\/\/redfoxlotto.com\/fr\/wp-json\/wp\/v2\/pages\/84392"}],"wp:attachment":[{"href":"https:\/\/redfoxlotto.com\/fr\/wp-json\/wp\/v2\/media?parent=87082"}],"curies":[{"name":"wp","href":"https:\/\/api.w.org\/{rel}","templated":true}]}}