{"id":86845,"date":"2025-02-12T11:18:17","date_gmt":"2025-02-12T11:18:17","guid":{"rendered":"https:\/\/redfoxlotto.com\/?page_id=86845"},"modified":"2025-05-15T05:42:32","modified_gmt":"2025-05-15T05:42:32","slug":"keno-diamant-10m","status":"publish","type":"page","link":"https:\/\/redfoxlotto.com\/fr\/keno\/keno-diamant-10m\/","title":{"rendered":"Keno Diamant 10m"},"content":{"rendered":"<h2>Le Keno en ligne ne peut pas \u00eatre plus grand et meilleur que cela &#8211; jouez au Keno pour un gain de 10 millions d&rsquo;euros !<\/h2>\n<p>Il s&rsquo;agit de notre jeu de loterie Keno le plus important et le plus populaire. Si vous cherchez le meilleur jeu de Keno en ligne, vous \u00eates au bon endroit. Ce jeu de Keno a un tirage toutes les 20 minutes, vous n&rsquo;aurez donc pas \u00e0 attendre longtemps pour savoir si votre ticket a gagn\u00e9.<\/p>\n","protected":false},"excerpt":{"rendered":"<p>Le Keno en ligne ne peut pas \u00eatre plus grand et meilleur que cela &#8211; jouez au Keno pour un gain de 10 millions d&rsquo;euros ! Il s&rsquo;agit de notre jeu de loterie Keno le plus important et le plus populaire. Si vous cherchez le meilleur jeu de Keno en ligne, vous \u00eates au bon [&hellip;]<\/p>\n","protected":false},"author":8,"featured_media":0,"parent":84392,"menu_order":1,"comment_status":"closed","ping_status":"closed","template":"","meta":{"_et_pb_use_builder":"","_et_pb_old_content":"","_et_gb_content_width":"","exclude_from_search":false,"footnotes":""},"class_list":["post-86845","page","type-page","status-publish","hentry"],"yoast_head":"<!-- This site is optimized with the Yoast SEO plugin v23.8 - https:\/\/yoast.com\/wordpress\/plugins\/seo\/ -->\n<title>Les meilleurs jeux de keno en ligne - Le keno \u00e0 10 millions d&#039;euros<\/title>\n<meta name=\"description\" content=\"Trouvez ici les meilleurs jeux de keno en ligne, avec des prix allant jusqu&#039;\u00e0 10 millions d&#039;euros. N&#039;attendez plus jamais le prochain tirage du keno en ligne !\" \/>\n<meta name=\"robots\" content=\"index, follow, max-snippet:-1, max-image-preview:large, max-video-preview:-1\" \/>\n<link rel=\"canonical\" href=\"https:\/\/redfoxlotto.com\/fr\/keno\/keno-diamant-10m\/\" \/>\n<meta property=\"og:locale\" content=\"fr_FR\" \/>\n<meta property=\"og:type\" content=\"article\" \/>\n<meta property=\"og:title\" content=\"Les meilleurs jeux de keno en ligne - Le keno \u00e0 10 millions d&#039;euros\" \/>\n<meta property=\"og:description\" content=\"Trouvez ici les meilleurs jeux de keno en ligne, avec des prix allant jusqu&#039;\u00e0 10 millions d&#039;euros. N&#039;attendez plus jamais le prochain tirage du keno en ligne !\" \/>\n<meta property=\"og:url\" content=\"https:\/\/redfoxlotto.com\/fr\/keno\/keno-diamant-10m\/\" \/>\n<meta property=\"og:site_name\" content=\"Get Tickets for the World\u2019s largest jackpots\" \/>\n<meta property=\"article:modified_time\" content=\"2025-05-15T05:42:32+00:00\" \/>\n<meta name=\"twitter:card\" content=\"summary_large_image\" \/>\n<meta name=\"twitter:label1\" content=\"Dur\u00e9e de lecture estim\u00e9e\" \/>\n\t<meta name=\"twitter:data1\" content=\"1 minute\" \/>\n<script type=\"application\/ld+json\" class=\"yoast-schema-graph\">{\"@context\":\"https:\/\/schema.org\",\"@graph\":[{\"@type\":\"WebPage\",\"@id\":\"https:\/\/redfoxlotto.com\/fr\/keno\/keno-diamant-10m\/\",\"url\":\"https:\/\/redfoxlotto.com\/fr\/keno\/keno-diamant-10m\/\",\"name\":\"Les meilleurs jeux de keno en ligne - Le keno \u00e0 10 millions d'euros\",\"isPartOf\":{\"@id\":\"https:\/\/redfoxlotto.com\/fr\/#website\"},\"datePublished\":\"2025-02-12T11:18:17+00:00\",\"dateModified\":\"2025-05-15T05:42:32+00:00\",\"description\":\"Trouvez ici les meilleurs jeux de keno en ligne, avec des prix allant jusqu'\u00e0 10 millions d'euros. N'attendez plus jamais le prochain tirage du keno en ligne !\",\"breadcrumb\":{\"@id\":\"https:\/\/redfoxlotto.com\/fr\/keno\/keno-diamant-10m\/#breadcrumb\"},\"inLanguage\":\"fr-FR\",\"potentialAction\":[{\"@type\":\"ReadAction\",\"target\":[\"https:\/\/redfoxlotto.com\/fr\/keno\/keno-diamant-10m\/\"]}]},{\"@type\":\"BreadcrumbList\",\"@id\":\"https:\/\/redfoxlotto.com\/fr\/keno\/keno-diamant-10m\/#breadcrumb\",\"itemListElement\":[{\"@type\":\"ListItem\",\"position\":1,\"name\":\"Home\",\"item\":\"https:\/\/redfoxlotto.com\/fr\/\"},{\"@type\":\"ListItem\",\"position\":2,\"name\":\"Keno\",\"item\":\"https:\/\/redfoxlotto.com\/fr\/keno\/\"},{\"@type\":\"ListItem\",\"position\":3,\"name\":\"Keno Diamant 10m\"}]},{\"@type\":\"WebSite\",\"@id\":\"https:\/\/redfoxlotto.com\/fr\/#website\",\"url\":\"https:\/\/redfoxlotto.com\/fr\/\",\"name\":\"Get Tickets for the World\u2019s largest jackpots\",\"description\":\"Participate in worldwide lottery jackpots from any country\",\"publisher\":{\"@id\":\"https:\/\/redfoxlotto.com\/fr\/#organization\"},\"potentialAction\":[{\"@type\":\"SearchAction\",\"target\":{\"@type\":\"EntryPoint\",\"urlTemplate\":\"https:\/\/redfoxlotto.com\/fr\/?s={search_term_string}\"},\"query-input\":{\"@type\":\"PropertyValueSpecification\",\"valueRequired\":true,\"valueName\":\"search_term_string\"}}],\"inLanguage\":\"fr-FR\"},{\"@type\":\"Organization\",\"@id\":\"https:\/\/redfoxlotto.com\/fr\/#organization\",\"name\":\"Get Tickets for the World\u2019s largest jackpots\",\"url\":\"https:\/\/redfoxlotto.com\/fr\/\",\"logo\":{\"@type\":\"ImageObject\",\"inLanguage\":\"fr-FR\",\"@id\":\"https:\/\/redfoxlotto.com\/fr\/#\/schema\/logo\/image\/\",\"url\":\"https:\/\/redfoxlotto.com\/wp-content\/uploads\/2023\/04\/logo.png\",\"contentUrl\":\"https:\/\/redfoxlotto.com\/wp-content\/uploads\/2023\/04\/logo.png\",\"width\":269,\"height\":53,\"caption\":\"Get Tickets for the World\u2019s largest jackpots\"},\"image\":{\"@id\":\"https:\/\/redfoxlotto.com\/fr\/#\/schema\/logo\/image\/\"}}]}<\/script>\n<!-- \/ Yoast SEO plugin. -->","yoast_head_json":{"title":"Les meilleurs jeux de keno en ligne - Le keno \u00e0 10 millions d'euros","description":"Trouvez ici les meilleurs jeux de keno en ligne, avec des prix allant jusqu'\u00e0 10 millions d'euros. N'attendez plus jamais le prochain tirage du keno en ligne !","robots":{"index":"index","follow":"follow","max-snippet":"max-snippet:-1","max-image-preview":"max-image-preview:large","max-video-preview":"max-video-preview:-1"},"canonical":"https:\/\/redfoxlotto.com\/fr\/keno\/keno-diamant-10m\/","og_locale":"fr_FR","og_type":"article","og_title":"Les meilleurs jeux de keno en ligne - Le keno \u00e0 10 millions d'euros","og_description":"Trouvez ici les meilleurs jeux de keno en ligne, avec des prix allant jusqu'\u00e0 10 millions d'euros. N'attendez plus jamais le prochain tirage du keno en ligne !","og_url":"https:\/\/redfoxlotto.com\/fr\/keno\/keno-diamant-10m\/","og_site_name":"Get Tickets for the World\u2019s largest jackpots","article_modified_time":"2025-05-15T05:42:32+00:00","twitter_card":"summary_large_image","twitter_misc":{"Dur\u00e9e de lecture estim\u00e9e":"1 minute"},"schema":{"@context":"https:\/\/schema.org","@graph":[{"@type":"WebPage","@id":"https:\/\/redfoxlotto.com\/fr\/keno\/keno-diamant-10m\/","url":"https:\/\/redfoxlotto.com\/fr\/keno\/keno-diamant-10m\/","name":"Les meilleurs jeux de keno en ligne - Le keno \u00e0 10 millions d'euros","isPartOf":{"@id":"https:\/\/redfoxlotto.com\/fr\/#website"},"datePublished":"2025-02-12T11:18:17+00:00","dateModified":"2025-05-15T05:42:32+00:00","description":"Trouvez ici les meilleurs jeux de keno en ligne, avec des prix allant jusqu'\u00e0 10 millions d'euros. N'attendez plus jamais le prochain tirage du keno en ligne !","breadcrumb":{"@id":"https:\/\/redfoxlotto.com\/fr\/keno\/keno-diamant-10m\/#breadcrumb"},"inLanguage":"fr-FR","potentialAction":[{"@type":"ReadAction","target":["https:\/\/redfoxlotto.com\/fr\/keno\/keno-diamant-10m\/"]}]},{"@type":"BreadcrumbList","@id":"https:\/\/redfoxlotto.com\/fr\/keno\/keno-diamant-10m\/#breadcrumb","itemListElement":[{"@type":"ListItem","position":1,"name":"Home","item":"https:\/\/redfoxlotto.com\/fr\/"},{"@type":"ListItem","position":2,"name":"Keno","item":"https:\/\/redfoxlotto.com\/fr\/keno\/"},{"@type":"ListItem","position":3,"name":"Keno Diamant 10m"}]},{"@type":"WebSite","@id":"https:\/\/redfoxlotto.com\/fr\/#website","url":"https:\/\/redfoxlotto.com\/fr\/","name":"Get Tickets for the World\u2019s largest jackpots","description":"Participate in worldwide lottery jackpots from any country","publisher":{"@id":"https:\/\/redfoxlotto.com\/fr\/#organization"},"potentialAction":[{"@type":"SearchAction","target":{"@type":"EntryPoint","urlTemplate":"https:\/\/redfoxlotto.com\/fr\/?s={search_term_string}"},"query-input":{"@type":"PropertyValueSpecification","valueRequired":true,"valueName":"search_term_string"}}],"inLanguage":"fr-FR"},{"@type":"Organization","@id":"https:\/\/redfoxlotto.com\/fr\/#organization","name":"Get Tickets for the World\u2019s largest jackpots","url":"https:\/\/redfoxlotto.com\/fr\/","logo":{"@type":"ImageObject","inLanguage":"fr-FR","@id":"https:\/\/redfoxlotto.com\/fr\/#\/schema\/logo\/image\/","url":"https:\/\/redfoxlotto.com\/wp-content\/uploads\/2023\/04\/logo.png","contentUrl":"https:\/\/redfoxlotto.com\/wp-content\/uploads\/2023\/04\/logo.png","width":269,"height":53,"caption":"Get Tickets for the World\u2019s largest jackpots"},"image":{"@id":"https:\/\/redfoxlotto.com\/fr\/#\/schema\/logo\/image\/"}}]}},"_links":{"self":[{"href":"https:\/\/redfoxlotto.com\/fr\/wp-json\/wp\/v2\/pages\/86845","targetHints":{"allow":["GET"]}}],"collection":[{"href":"https:\/\/redfoxlotto.com\/fr\/wp-json\/wp\/v2\/pages"}],"about":[{"href":"https:\/\/redfoxlotto.com\/fr\/wp-json\/wp\/v2\/types\/page"}],"author":[{"embeddable":true,"href":"https:\/\/redfoxlotto.com\/fr\/wp-json\/wp\/v2\/users\/8"}],"replies":[{"embeddable":true,"href":"https:\/\/redfoxlotto.com\/fr\/wp-json\/wp\/v2\/comments?post=86845"}],"version-history":[{"count":0,"href":"https:\/\/redfoxlotto.com\/fr\/wp-json\/wp\/v2\/pages\/86845\/revisions"}],"up":[{"embeddable":true,"href":"https:\/\/redfoxlotto.com\/fr\/wp-json\/wp\/v2\/pages\/84392"}],"wp:attachment":[{"href":"https:\/\/redfoxlotto.com\/fr\/wp-json\/wp\/v2\/media?parent=86845"}],"curies":[{"name":"wp","href":"https:\/\/api.w.org\/{rel}","templated":true}]}}