{"id":85541,"date":"2025-02-25T17:29:04","date_gmt":"2025-02-25T17:29:04","guid":{"rendered":"https:\/\/redfoxlotto.com\/?page_id=85541"},"modified":"2025-04-21T07:20:05","modified_gmt":"2025-04-21T07:20:05","slug":"resultats-de-la-loterie-de-new-york","status":"publish","type":"page","link":"https:\/\/redfoxlotto.com\/fr\/resultats\/resultats-de-la-loterie-de-new-york\/","title":{"rendered":"R\u00e9sultats de la loterie de New York"},"content":{"rendered":"<h2>\ud83d\uddfdLes derniers r\u00e9sultats du tirage de la loterie de New York.<\/h2>\n<p><img loading=\"lazy\" decoding=\"async\" class=\"size-full wp-image-48546 alignright\" src=\"https:\/\/redfoxlotto.com\/wp-content\/uploads\/2023\/04\/powerball-draw-youtube1-300x300-1.jpg\" alt=\"newyork lotto \" width=\"300\" height=\"300\" srcset=\"https:\/\/redfoxlotto.com\/wp-content\/uploads\/2023\/04\/powerball-draw-youtube1-300x300-1.jpg 300w, https:\/\/redfoxlotto.com\/wp-content\/uploads\/2023\/04\/powerball-draw-youtube1-300x300-1-100x100.jpg 100w, https:\/\/redfoxlotto.com\/wp-content\/uploads\/2023\/04\/powerball-draw-youtube1-300x300-1-150x150.jpg 150w\" sizes=\"auto, (max-width: 300px) 100vw, 300px\" \/><br \/>\nLes joueurs de loterie int\u00e9ress\u00e9s par les derniers r\u00e9sultats de la loterie de New York peuvent profiter de la plateforme RedFoxLotto, qui est non seulement compl\u00e8te, mais aussi simple \u00e0 utiliser. Afin de vous garantir d&rsquo;\u00eatre toujours au courant des derni\u00e8res informations, RedFoxLotto vous fournit les informations les plus r\u00e9centes, que vous recherchiez les derniers tirages ou les combinaisons de num\u00e9ros qui ont gagn\u00e9 dans le pass\u00e9.<\/p>\n<h2>\ud83d\udd0dAcc\u00e9der aux derni\u00e8res d\u00e9couvertes<\/h2>\n<p>Le site web RedFoxLotto est charg\u00e9 de maintenir une page enti\u00e8rement consacr\u00e9e aux r\u00e9sultats de la loterie de New York. Les utilisateurs peuvent utiliser cette page pour r\u00e9cup\u00e9rer les num\u00e9ros gagnants des derniers tirages. Cela permet aux joueurs d&rsquo;avoir acc\u00e8s \u00e0 toutes les informations pertinentes \u00e0 port\u00e9e de main en leur fournissant des informations compl\u00e8tes sur un certain nombre de jeux.<\/p>\n<h2>Caract\u00e9ristiques et avantages du produit<\/h2>\n<h3>Archives compl\u00e8tes :<\/h3>\n<p>Les utilisateurs de RedFoxLotto ont acc\u00e8s \u00e0 une archive des num\u00e9ros gagnants pr\u00e9c\u00e9dents, en plus des derniers r\u00e9sultats de la loterie. Les utilisateurs peuvent \u00e9tudier les tendances ou v\u00e9rifier les r\u00e9sultats des num\u00e9ros gagnants pr\u00e9c\u00e9dents en utilisant cette archive.<\/p>\n<p>Les joueurs du monde entier peuvent participer \u00e0 la loterie de New York en utilisant la plateforme fournie par RedFoxLotto.com. Cette accessibilit\u00e9 permet aux joueurs du monde entier de participer. Gr\u00e2ce \u00e0 cela, il est beaucoup plus simple pour les personnes d&rsquo;autres pays de participer aux loteries organis\u00e9es aux \u00c9tats-Unis.<\/p>\n<p>Les transactions s\u00e9curis\u00e9es de RedFoxLotto garantissent la s\u00e9curit\u00e9 de toutes les transactions financi\u00e8res, permettant aux utilisateurs d&rsquo;acheter des billets en ligne en toute tranquillit\u00e9. Cela a permis aux utilisateurs d&rsquo;acheter des billets en ligne.<\/p>\n<h3>Alertes g\u00e9n\u00e9r\u00e9es automatiquement :<\/h3>\n<p>Si un utilisateur remporte un gain, il en est imm\u00e9diatement inform\u00e9, ce qui \u00e9vite \u00e0 l&rsquo;individu de v\u00e9rifier manuellement les r\u00e9sultats.<\/p>\n<h2>Pour commencer : guide \u00e9tape par \u00e9tape<\/h2>\n<p>En supposant que vous visitiez le site web, rendez-vous sur la page New York Lottery de RedFoxLotto en suivant le lien fourni. https:\/\/redfoxlotto.com\/results\/new-york-lottery\/<\/p>\n<p>Afin de cr\u00e9er un compte utilisateur, en vous inscrivant, vous pourrez acc\u00e9der \u00e0 tous les services, y compris la possibilit\u00e9 d&rsquo;acheter des billets et de recevoir des notifications concernant les r\u00e9sultats.<\/p>\n<p>Pour acheter des billets pour les prochains tirages, vous pouvez soit s\u00e9lectionner vos num\u00e9ros pr\u00e9f\u00e9r\u00e9s, soit utiliser l&rsquo;option de s\u00e9lection rapide. En outre, vous avez la possibilit\u00e9 de s\u00e9lectionner l&rsquo;option de s\u00e9lection rapide.<\/p>\n<p>Une fois le tirage effectu\u00e9, vous devez retourner sur le site web afin de v\u00e9rifier les num\u00e9ros gagnants les plus r\u00e9cents et de d\u00e9terminer si vous avez gagn\u00e9 ou non.<\/p>\n<p>En vous offrant un moyen fiable et efficace de suivre les derniers r\u00e9sultats et de g\u00e9rer vos actions li\u00e9es \u00e0 la loterie, RedFoxLotto simplifie le processus de participation \u00e0 la loterie de New York.<\/p>\n","protected":false},"excerpt":{"rendered":"<p>\ud83d\uddfdLes derniers r\u00e9sultats du tirage de la loterie de New York. Les joueurs de loterie int\u00e9ress\u00e9s par les derniers r\u00e9sultats de la loterie de New York peuvent profiter de la plateforme RedFoxLotto, qui est non seulement compl\u00e8te, mais aussi simple \u00e0 utiliser. Afin de vous garantir d&rsquo;\u00eatre toujours au courant des derni\u00e8res informations, RedFoxLotto vous [&hellip;]<\/p>\n","protected":false},"author":8,"featured_media":0,"parent":1528,"menu_order":18,"comment_status":"closed","ping_status":"closed","template":"newyork-results.php","meta":{"_et_pb_use_builder":"","_et_pb_old_content":"","_et_gb_content_width":"","exclude_from_search":false,"footnotes":""},"class_list":["post-85541","page","type-page","status-publish","hentry"],"yoast_head":"<!-- This site is optimized with the Yoast SEO plugin v27.3 - https:\/\/yoast.com\/product\/yoast-seo-wordpress\/ -->\n<title>Num\u00e9ros gagnants de la loterie de New York | R\u00e9sultats de la loterie de New York d&#039;hier soir<\/title>\n<meta name=\"description\" content=\"Si vous recherchez les num\u00e9ros gagnants de la loterie de New York d&#039;hier soir ou des r\u00e9sultats plus anciens, vous les trouverez tous sur notre site web.\" \/>\n<meta name=\"robots\" content=\"index, follow, max-snippet:-1, max-image-preview:large, max-video-preview:-1\" \/>\n<link rel=\"canonical\" href=\"https:\/\/redfoxlotto.com\/fr\/resultats\/resultats-de-la-loterie-de-new-york\/\" \/>\n<meta property=\"og:locale\" content=\"fr_FR\" \/>\n<meta property=\"og:type\" content=\"article\" \/>\n<meta property=\"og:title\" content=\"Num\u00e9ros gagnants de la loterie de New York | R\u00e9sultats de la loterie de New York d&#039;hier soir\" \/>\n<meta property=\"og:description\" content=\"Si vous recherchez les num\u00e9ros gagnants de la loterie de New York d&#039;hier soir ou des r\u00e9sultats plus anciens, vous les trouverez tous sur notre site web.\" \/>\n<meta property=\"og:url\" content=\"https:\/\/redfoxlotto.com\/fr\/resultats\/resultats-de-la-loterie-de-new-york\/\" \/>\n<meta property=\"og:site_name\" content=\"Get Tickets for the World\u2019s largest jackpots\" \/>\n<meta property=\"article:modified_time\" content=\"2025-04-21T07:20:05+00:00\" \/>\n<meta property=\"og:image\" content=\"https:\/\/redfoxlotto.com\/wp-content\/uploads\/2023\/04\/powerball-draw-youtube1-300x300-1.jpg\" \/>\n<meta name=\"twitter:card\" content=\"summary_large_image\" \/>\n<meta name=\"twitter:label1\" content=\"Dur\u00e9e de lecture estim\u00e9e\" \/>\n\t<meta name=\"twitter:data1\" content=\"3 minutes\" \/>\n<script type=\"application\/ld+json\" class=\"yoast-schema-graph\">{\"@context\":\"https:\\\/\\\/schema.org\",\"@graph\":[{\"@type\":\"WebPage\",\"@id\":\"https:\\\/\\\/redfoxlotto.com\\\/fr\\\/resultats\\\/resultats-de-la-loterie-de-new-york\\\/\",\"url\":\"https:\\\/\\\/redfoxlotto.com\\\/fr\\\/resultats\\\/resultats-de-la-loterie-de-new-york\\\/\",\"name\":\"Num\u00e9ros gagnants de la loterie de New York | R\u00e9sultats de la loterie de New York d'hier soir\",\"isPartOf\":{\"@id\":\"https:\\\/\\\/redfoxlotto.com\\\/fr\\\/#website\"},\"primaryImageOfPage\":{\"@id\":\"https:\\\/\\\/redfoxlotto.com\\\/fr\\\/resultats\\\/resultats-de-la-loterie-de-new-york\\\/#primaryimage\"},\"image\":{\"@id\":\"https:\\\/\\\/redfoxlotto.com\\\/fr\\\/resultats\\\/resultats-de-la-loterie-de-new-york\\\/#primaryimage\"},\"thumbnailUrl\":\"https:\\\/\\\/redfoxlotto.com\\\/wp-content\\\/uploads\\\/2023\\\/04\\\/powerball-draw-youtube1-300x300-1.jpg\",\"datePublished\":\"2025-02-25T17:29:04+00:00\",\"dateModified\":\"2025-04-21T07:20:05+00:00\",\"description\":\"Si vous recherchez les num\u00e9ros gagnants de la loterie de New York d'hier soir ou des r\u00e9sultats plus anciens, vous les trouverez tous sur notre site web.\",\"breadcrumb\":{\"@id\":\"https:\\\/\\\/redfoxlotto.com\\\/fr\\\/resultats\\\/resultats-de-la-loterie-de-new-york\\\/#breadcrumb\"},\"inLanguage\":\"fr-FR\",\"potentialAction\":[{\"@type\":\"ReadAction\",\"target\":[\"https:\\\/\\\/redfoxlotto.com\\\/fr\\\/resultats\\\/resultats-de-la-loterie-de-new-york\\\/\"]}]},{\"@type\":\"ImageObject\",\"inLanguage\":\"fr-FR\",\"@id\":\"https:\\\/\\\/redfoxlotto.com\\\/fr\\\/resultats\\\/resultats-de-la-loterie-de-new-york\\\/#primaryimage\",\"url\":\"https:\\\/\\\/redfoxlotto.com\\\/wp-content\\\/uploads\\\/2023\\\/04\\\/powerball-draw-youtube1-300x300-1.jpg\",\"contentUrl\":\"https:\\\/\\\/redfoxlotto.com\\\/wp-content\\\/uploads\\\/2023\\\/04\\\/powerball-draw-youtube1-300x300-1.jpg\"},{\"@type\":\"BreadcrumbList\",\"@id\":\"https:\\\/\\\/redfoxlotto.com\\\/fr\\\/resultats\\\/resultats-de-la-loterie-de-new-york\\\/#breadcrumb\",\"itemListElement\":[{\"@type\":\"ListItem\",\"position\":1,\"name\":\"Home\",\"item\":\"https:\\\/\\\/redfoxlotto.com\\\/fr\\\/\"},{\"@type\":\"ListItem\",\"position\":2,\"name\":\"R\u00e9sultats des loteries internationales\",\"item\":\"https:\\\/\\\/redfoxlotto.com\\\/fr\\\/resultats\\\/\"},{\"@type\":\"ListItem\",\"position\":3,\"name\":\"R\u00e9sultats de la loterie de New York\"}]},{\"@type\":\"WebSite\",\"@id\":\"https:\\\/\\\/redfoxlotto.com\\\/fr\\\/#website\",\"url\":\"https:\\\/\\\/redfoxlotto.com\\\/fr\\\/\",\"name\":\"Get Tickets for the World\u2019s largest jackpots\",\"description\":\"Participate in worldwide lottery jackpots from any country\",\"publisher\":{\"@id\":\"https:\\\/\\\/redfoxlotto.com\\\/fr\\\/#organization\"},\"potentialAction\":[{\"@type\":\"SearchAction\",\"target\":{\"@type\":\"EntryPoint\",\"urlTemplate\":\"https:\\\/\\\/redfoxlotto.com\\\/fr\\\/?s={search_term_string}\"},\"query-input\":{\"@type\":\"PropertyValueSpecification\",\"valueRequired\":true,\"valueName\":\"search_term_string\"}}],\"inLanguage\":\"fr-FR\"},{\"@type\":\"Organization\",\"@id\":\"https:\\\/\\\/redfoxlotto.com\\\/fr\\\/#organization\",\"name\":\"Get Tickets for the World\u2019s largest jackpots\",\"url\":\"https:\\\/\\\/redfoxlotto.com\\\/fr\\\/\",\"logo\":{\"@type\":\"ImageObject\",\"inLanguage\":\"fr-FR\",\"@id\":\"https:\\\/\\\/redfoxlotto.com\\\/fr\\\/#\\\/schema\\\/logo\\\/image\\\/\",\"url\":\"https:\\\/\\\/redfoxlotto.com\\\/wp-content\\\/uploads\\\/2023\\\/04\\\/logo.png\",\"contentUrl\":\"https:\\\/\\\/redfoxlotto.com\\\/wp-content\\\/uploads\\\/2023\\\/04\\\/logo.png\",\"width\":269,\"height\":53,\"caption\":\"Get Tickets for the World\u2019s largest jackpots\"},\"image\":{\"@id\":\"https:\\\/\\\/redfoxlotto.com\\\/fr\\\/#\\\/schema\\\/logo\\\/image\\\/\"}}]}<\/script>\n<!-- \/ Yoast SEO plugin. -->","yoast_head_json":{"title":"Num\u00e9ros gagnants de la loterie de New York | R\u00e9sultats de la loterie de New York d'hier soir","description":"Si vous recherchez les num\u00e9ros gagnants de la loterie de New York d'hier soir ou des r\u00e9sultats plus anciens, vous les trouverez tous sur notre site web.","robots":{"index":"index","follow":"follow","max-snippet":"max-snippet:-1","max-image-preview":"max-image-preview:large","max-video-preview":"max-video-preview:-1"},"canonical":"https:\/\/redfoxlotto.com\/fr\/resultats\/resultats-de-la-loterie-de-new-york\/","og_locale":"fr_FR","og_type":"article","og_title":"Num\u00e9ros gagnants de la loterie de New York | R\u00e9sultats de la loterie de New York d'hier soir","og_description":"Si vous recherchez les num\u00e9ros gagnants de la loterie de New York d'hier soir ou des r\u00e9sultats plus anciens, vous les trouverez tous sur notre site web.","og_url":"https:\/\/redfoxlotto.com\/fr\/resultats\/resultats-de-la-loterie-de-new-york\/","og_site_name":"Get Tickets for the World\u2019s largest jackpots","article_modified_time":"2025-04-21T07:20:05+00:00","og_image":[{"url":"https:\/\/redfoxlotto.com\/wp-content\/uploads\/2023\/04\/powerball-draw-youtube1-300x300-1.jpg","type":"","width":"","height":""}],"twitter_card":"summary_large_image","twitter_misc":{"Dur\u00e9e de lecture estim\u00e9e":"3 minutes"},"schema":{"@context":"https:\/\/schema.org","@graph":[{"@type":"WebPage","@id":"https:\/\/redfoxlotto.com\/fr\/resultats\/resultats-de-la-loterie-de-new-york\/","url":"https:\/\/redfoxlotto.com\/fr\/resultats\/resultats-de-la-loterie-de-new-york\/","name":"Num\u00e9ros gagnants de la loterie de New York | R\u00e9sultats de la loterie de New York d'hier soir","isPartOf":{"@id":"https:\/\/redfoxlotto.com\/fr\/#website"},"primaryImageOfPage":{"@id":"https:\/\/redfoxlotto.com\/fr\/resultats\/resultats-de-la-loterie-de-new-york\/#primaryimage"},"image":{"@id":"https:\/\/redfoxlotto.com\/fr\/resultats\/resultats-de-la-loterie-de-new-york\/#primaryimage"},"thumbnailUrl":"https:\/\/redfoxlotto.com\/wp-content\/uploads\/2023\/04\/powerball-draw-youtube1-300x300-1.jpg","datePublished":"2025-02-25T17:29:04+00:00","dateModified":"2025-04-21T07:20:05+00:00","description":"Si vous recherchez les num\u00e9ros gagnants de la loterie de New York d'hier soir ou des r\u00e9sultats plus anciens, vous les trouverez tous sur notre site web.","breadcrumb":{"@id":"https:\/\/redfoxlotto.com\/fr\/resultats\/resultats-de-la-loterie-de-new-york\/#breadcrumb"},"inLanguage":"fr-FR","potentialAction":[{"@type":"ReadAction","target":["https:\/\/redfoxlotto.com\/fr\/resultats\/resultats-de-la-loterie-de-new-york\/"]}]},{"@type":"ImageObject","inLanguage":"fr-FR","@id":"https:\/\/redfoxlotto.com\/fr\/resultats\/resultats-de-la-loterie-de-new-york\/#primaryimage","url":"https:\/\/redfoxlotto.com\/wp-content\/uploads\/2023\/04\/powerball-draw-youtube1-300x300-1.jpg","contentUrl":"https:\/\/redfoxlotto.com\/wp-content\/uploads\/2023\/04\/powerball-draw-youtube1-300x300-1.jpg"},{"@type":"BreadcrumbList","@id":"https:\/\/redfoxlotto.com\/fr\/resultats\/resultats-de-la-loterie-de-new-york\/#breadcrumb","itemListElement":[{"@type":"ListItem","position":1,"name":"Home","item":"https:\/\/redfoxlotto.com\/fr\/"},{"@type":"ListItem","position":2,"name":"R\u00e9sultats des loteries internationales","item":"https:\/\/redfoxlotto.com\/fr\/resultats\/"},{"@type":"ListItem","position":3,"name":"R\u00e9sultats de la loterie de New York"}]},{"@type":"WebSite","@id":"https:\/\/redfoxlotto.com\/fr\/#website","url":"https:\/\/redfoxlotto.com\/fr\/","name":"Get Tickets for the World\u2019s largest jackpots","description":"Participate in worldwide lottery jackpots from any country","publisher":{"@id":"https:\/\/redfoxlotto.com\/fr\/#organization"},"potentialAction":[{"@type":"SearchAction","target":{"@type":"EntryPoint","urlTemplate":"https:\/\/redfoxlotto.com\/fr\/?s={search_term_string}"},"query-input":{"@type":"PropertyValueSpecification","valueRequired":true,"valueName":"search_term_string"}}],"inLanguage":"fr-FR"},{"@type":"Organization","@id":"https:\/\/redfoxlotto.com\/fr\/#organization","name":"Get Tickets for the World\u2019s largest jackpots","url":"https:\/\/redfoxlotto.com\/fr\/","logo":{"@type":"ImageObject","inLanguage":"fr-FR","@id":"https:\/\/redfoxlotto.com\/fr\/#\/schema\/logo\/image\/","url":"https:\/\/redfoxlotto.com\/wp-content\/uploads\/2023\/04\/logo.png","contentUrl":"https:\/\/redfoxlotto.com\/wp-content\/uploads\/2023\/04\/logo.png","width":269,"height":53,"caption":"Get Tickets for the World\u2019s largest jackpots"},"image":{"@id":"https:\/\/redfoxlotto.com\/fr\/#\/schema\/logo\/image\/"}}]}},"_links":{"self":[{"href":"https:\/\/redfoxlotto.com\/fr\/wp-json\/wp\/v2\/pages\/85541","targetHints":{"allow":["GET"]}}],"collection":[{"href":"https:\/\/redfoxlotto.com\/fr\/wp-json\/wp\/v2\/pages"}],"about":[{"href":"https:\/\/redfoxlotto.com\/fr\/wp-json\/wp\/v2\/types\/page"}],"author":[{"embeddable":true,"href":"https:\/\/redfoxlotto.com\/fr\/wp-json\/wp\/v2\/users\/8"}],"replies":[{"embeddable":true,"href":"https:\/\/redfoxlotto.com\/fr\/wp-json\/wp\/v2\/comments?post=85541"}],"version-history":[{"count":0,"href":"https:\/\/redfoxlotto.com\/fr\/wp-json\/wp\/v2\/pages\/85541\/revisions"}],"up":[{"embeddable":true,"href":"https:\/\/redfoxlotto.com\/fr\/wp-json\/wp\/v2\/pages\/1528"}],"wp:attachment":[{"href":"https:\/\/redfoxlotto.com\/fr\/wp-json\/wp\/v2\/media?parent=85541"}],"curies":[{"name":"wp","href":"https:\/\/api.w.org\/{rel}","templated":true}]}}