{"id":85477,"date":"2025-02-25T17:25:31","date_gmt":"2025-02-25T17:25:31","guid":{"rendered":"https:\/\/redfoxlotto.com\/?page_id=85477"},"modified":"2025-04-21T06:41:39","modified_gmt":"2025-04-21T06:41:39","slug":"a-propos-de-la-loterie-de-new-york","status":"publish","type":"page","link":"https:\/\/redfoxlotto.com\/fr\/loterie\/a-propos-de-la-loterie-de-new-york\/","title":{"rendered":"\u00c0 propos de la loterie de New York"},"content":{"rendered":"<h2>Comment acheter des billets de loterie de New York<\/h2>\n<p>Guide d&rsquo;achat de billets pour la loterie de New York sur RedFoxLotto :<\/p>\n<p>Lorsque vous jouez \u00e0 la loterie de New York, avez-vous d\u00e9j\u00e0 r\u00eav\u00e9 de remporter un jackpot qui pourrait compl\u00e8tement transformer votre vie ? Participer \u00e0 des loteries internationales, telles que le Loto de New York, n&rsquo;a jamais \u00e9t\u00e9 aussi simple qu&rsquo;avec RedFoxLotto, m\u00eame si vous r\u00e9sidez en dehors des \u00c9tats-Unis.<\/p>\n<p>Au cours de cet article, nous vous guiderons \u00e0 travers le processus d&rsquo;achat de billets de loterie de New York sur RedFoxLotto en quelques \u00e9tapes faciles.<\/p>\n<h2>RedFoxLotto : qu&rsquo;est-ce que c&rsquo;est ?<\/h2>\n<p>Vous pouvez participer \u00e0 de grandes loteries internationales avec RedFoxLotto, un service de loterie en ligne r\u00e9put\u00e9. Ces loteries comprennent le Powerball, le Mega Millions, l&rsquo;EuroMillions et, bien s\u00fbr, le Loto de New York. Ils font office de service de messagerie de billets, ce qui signifie qu&rsquo;ils ach\u00e8tent un billet authentique en votre nom, puis le scannent dans votre compte en ligne d\u00e9sign\u00e9.<\/p>\n<h3>RedFoxLotto : guide \u00e9tape par \u00e9tape pour acheter des billets pour le programme de loterie de New York<\/h3>\n<p>1. Inscrivez-vous. Rendez-vous sur RedFoxLotto.com pour commencer le processus d&rsquo;inscription. Saisissez vos informations de base, telles que votre nom, votre adresse e-mail et le pays dans lequel vous r\u00e9sidez actuellement, en cliquant sur le bouton \u00ab S&rsquo;inscrire \u00bb.<\/p>\n<p>2. Confirmez que votre compte est l\u00e9gitime.<\/p>\n<p>Une fois l&rsquo;inscription termin\u00e9e, vous trouverez un lien de v\u00e9rification dans votre bo\u00eete de r\u00e9ception. Vous pouvez v\u00e9rifier votre compte en cliquant dessus. Bien qu&rsquo;il s&rsquo;agisse d&rsquo;une \u00e9tape simple, elle est essentielle pour votre s\u00e9curit\u00e9 et pour pouvoir toucher vos gains \u00e9ventuels.<\/p>\n<p>3. D\u00e9couvrez les loteries<\/p>\n<p>Une fois inscrit, rendez-vous sur la page d&rsquo;accueil et recherchez le New York Lotto dans la liste des loteries disponibles. Vous pouvez obtenir plus d&rsquo;informations sur le prochain tirage, le montant du jackpot et le prix des tickets en cliquant dessus.<\/p>\n<p>4. Choisissez vos num\u00e9ros<\/p>\n<p>Vous devrez choisir six num\u00e9ros compris entre 1 et 69. Vous pouvez les s\u00e9lectionner manuellement ou utiliser l&rsquo;option \u00ab Quick Pick \u00bb pour que RedFoxLotto g\u00e9n\u00e8re des num\u00e9ros al\u00e9atoires pour vous.<\/p>\n<h2>Ajoutez au panier et passez \u00e0 la caisse<\/h2>\n<p>Une fois que vous avez s\u00e9lectionn\u00e9 vos num\u00e9ros, ajoutez votre ticket au panier. Ensuite, passez \u00e0 la caisse. RedFoxLotto propose plusieurs options de paiement, notamment les suivantes :<\/p>\n<ul>\n<li>Cartes de cr\u00e9dit et de d\u00e9bit<\/li>\n<li>Virement bancaire<\/li>\n<li>Portefeuilles \u00e9lectroniques tels que Skrill<\/li>\n<li>Dans certaines r\u00e9gions, les cryptomonnaies sont largement utilis\u00e9es.<\/li>\n<\/ul>\n<h2>Confirmation et scanner de ticket<\/h2>\n<p>Imm\u00e9diatement apr\u00e8s le traitement de votre paiement, RedFoxLotto enverra l&rsquo;un de ses agents locaux aux \u00c9tats-Unis pour acheter un ticket New York Lotto authentique avec les num\u00e9ros que vous avez s\u00e9lectionn\u00e9s. Pour prouver l&rsquo;achat, une copie num\u00e9ris\u00e9e de votre ticket sera publi\u00e9e sur votre compte.<\/p>\n<h2>Que se passe-t-il si vous gagnez ?<\/h2>\n<h3>Si les num\u00e9ros que vous avez s\u00e9lectionn\u00e9s sont gagnants :<\/h3>\n<p>Votre compte RedFoxLotto sera imm\u00e9diatement cr\u00e9dit\u00e9 du montant des gains mineurs \u00e0 mod\u00e9r\u00e9s. Si vous remportez un jackpot important, l&rsquo;\u00e9quipe RedFoxLotto vous guidera \u00e0 travers les \u00e9tapes n\u00e9cessaires pour r\u00e9clamer votre gain. Vous devrez peut-\u00eatre vous rendre aux \u00c9tats-Unis, selon le montant et la r\u00e9glementation en vigueur dans l&rsquo;\u00c9tat concern\u00e9.<\/p>\n<h2>Quelle est la l\u00e9gislation en vigueur ?<\/h2>\n<p>En effet. RedFoxLotto n&rsquo;est pas un fournisseur de loterie, mais g\u00e8re la distribution des billets de loterie. Vous achetez un billet physique r\u00e9el par l&rsquo;interm\u00e9diaire d&rsquo;un agent agr\u00e9\u00e9, ce qui garantit la l\u00e9galit\u00e9 et la transparence de la transaction, m\u00eame si vous jouez depuis un autre pays.<\/p>\n<h2>Remarques finales<\/h2>\n<p>Il n&rsquo;est plus utopique de pouvoir acheter des billets pour la loterie de New York depuis n&rsquo;importe o\u00f9 dans le monde. Gr\u00e2ce \u00e0 RedFoxLotto, c&rsquo;est facile, s\u00fbr et accessible. En quelques clics, vous pourriez remporter des millions de dollars sans m\u00eame avoir \u00e0 sortir de votre voiture pour vous rendre \u00e0 New York.<\/p>\n<p>Alors pourquoi attendre ? Inscrivez-vous d\u00e8s maintenant, choisissez vos num\u00e9ros porte-bonheur et pr\u00e9parez-vous \u00e0 remporter le jackpot !<\/p>\n","protected":false},"excerpt":{"rendered":"<p>Comment acheter des billets de loterie de New York Guide d&rsquo;achat de billets pour la loterie de New York sur RedFoxLotto : Lorsque vous jouez \u00e0 la loterie de New York, avez-vous d\u00e9j\u00e0 r\u00eav\u00e9 de remporter un jackpot qui pourrait compl\u00e8tement transformer votre vie ? Participer \u00e0 des loteries internationales, telles que le Loto de [&hellip;]<\/p>\n","protected":false},"author":8,"featured_media":0,"parent":1513,"menu_order":18,"comment_status":"closed","ping_status":"closed","template":"newyork-info.php","meta":{"_et_pb_use_builder":"","_et_pb_old_content":"","_et_gb_content_width":"","exclude_from_search":false,"footnotes":""},"class_list":["post-85477","page","type-page","status-publish","hentry"],"yoast_head":"<!-- This site is optimized with the Yoast SEO plugin v27.3 - https:\/\/yoast.com\/product\/yoast-seo-wordpress\/ -->\n<title>Comment acheter des billets de loterie de New York en ligne depuis le Royaume-Uni<\/title>\n<meta name=\"description\" content=\"Achetez des billets pour la loterie de New York ici. M\u00eame depuis le Royaume-Uni, vous pouvez participer \u00e0 la loterie de New York en ligne et obtenir un billet num\u00e9ris\u00e9 en quelques minutes.\" \/>\n<meta name=\"robots\" content=\"index, follow, max-snippet:-1, max-image-preview:large, max-video-preview:-1\" \/>\n<link rel=\"canonical\" href=\"https:\/\/redfoxlotto.com\/fr\/loterie\/a-propos-de-la-loterie-de-new-york\/\" \/>\n<meta property=\"og:locale\" content=\"fr_FR\" \/>\n<meta property=\"og:type\" content=\"article\" \/>\n<meta property=\"og:title\" content=\"Comment acheter des billets de loterie de New York en ligne depuis le Royaume-Uni\" \/>\n<meta property=\"og:description\" content=\"Achetez des billets pour la loterie de New York ici. M\u00eame depuis le Royaume-Uni, vous pouvez participer \u00e0 la loterie de New York en ligne et obtenir un billet num\u00e9ris\u00e9 en quelques minutes.\" \/>\n<meta property=\"og:url\" content=\"https:\/\/redfoxlotto.com\/fr\/loterie\/a-propos-de-la-loterie-de-new-york\/\" \/>\n<meta property=\"og:site_name\" content=\"Get Tickets for the World\u2019s largest jackpots\" \/>\n<meta property=\"article:modified_time\" content=\"2025-04-21T06:41:39+00:00\" \/>\n<meta name=\"twitter:card\" content=\"summary_large_image\" \/>\n<meta name=\"twitter:label1\" content=\"Dur\u00e9e de lecture estim\u00e9e\" \/>\n\t<meta name=\"twitter:data1\" content=\"3 minutes\" \/>\n<script type=\"application\/ld+json\" class=\"yoast-schema-graph\">{\"@context\":\"https:\\\/\\\/schema.org\",\"@graph\":[{\"@type\":\"WebPage\",\"@id\":\"https:\\\/\\\/redfoxlotto.com\\\/fr\\\/loterie\\\/a-propos-de-la-loterie-de-new-york\\\/\",\"url\":\"https:\\\/\\\/redfoxlotto.com\\\/fr\\\/loterie\\\/a-propos-de-la-loterie-de-new-york\\\/\",\"name\":\"Comment acheter des billets de loterie de New York en ligne depuis le Royaume-Uni\",\"isPartOf\":{\"@id\":\"https:\\\/\\\/redfoxlotto.com\\\/fr\\\/#website\"},\"datePublished\":\"2025-02-25T17:25:31+00:00\",\"dateModified\":\"2025-04-21T06:41:39+00:00\",\"description\":\"Achetez des billets pour la loterie de New York ici. M\u00eame depuis le Royaume-Uni, vous pouvez participer \u00e0 la loterie de New York en ligne et obtenir un billet num\u00e9ris\u00e9 en quelques minutes.\",\"breadcrumb\":{\"@id\":\"https:\\\/\\\/redfoxlotto.com\\\/fr\\\/loterie\\\/a-propos-de-la-loterie-de-new-york\\\/#breadcrumb\"},\"inLanguage\":\"fr-FR\",\"potentialAction\":[{\"@type\":\"ReadAction\",\"target\":[\"https:\\\/\\\/redfoxlotto.com\\\/fr\\\/loterie\\\/a-propos-de-la-loterie-de-new-york\\\/\"]}]},{\"@type\":\"BreadcrumbList\",\"@id\":\"https:\\\/\\\/redfoxlotto.com\\\/fr\\\/loterie\\\/a-propos-de-la-loterie-de-new-york\\\/#breadcrumb\",\"itemListElement\":[{\"@type\":\"ListItem\",\"position\":1,\"name\":\"Home\",\"item\":\"https:\\\/\\\/redfoxlotto.com\\\/fr\\\/\"},{\"@type\":\"ListItem\",\"position\":2,\"name\":\"Processus d&rsquo;achat de billets de loterie internationaux en ligne\",\"item\":\"https:\\\/\\\/redfoxlotto.com\\\/fr\\\/loterie\\\/\"},{\"@type\":\"ListItem\",\"position\":3,\"name\":\"\u00c0 propos de la loterie de New York\"}]},{\"@type\":\"WebSite\",\"@id\":\"https:\\\/\\\/redfoxlotto.com\\\/fr\\\/#website\",\"url\":\"https:\\\/\\\/redfoxlotto.com\\\/fr\\\/\",\"name\":\"Get Tickets for the World\u2019s largest jackpots\",\"description\":\"Participate in worldwide lottery jackpots from any country\",\"publisher\":{\"@id\":\"https:\\\/\\\/redfoxlotto.com\\\/fr\\\/#organization\"},\"potentialAction\":[{\"@type\":\"SearchAction\",\"target\":{\"@type\":\"EntryPoint\",\"urlTemplate\":\"https:\\\/\\\/redfoxlotto.com\\\/fr\\\/?s={search_term_string}\"},\"query-input\":{\"@type\":\"PropertyValueSpecification\",\"valueRequired\":true,\"valueName\":\"search_term_string\"}}],\"inLanguage\":\"fr-FR\"},{\"@type\":\"Organization\",\"@id\":\"https:\\\/\\\/redfoxlotto.com\\\/fr\\\/#organization\",\"name\":\"Get Tickets for the World\u2019s largest jackpots\",\"url\":\"https:\\\/\\\/redfoxlotto.com\\\/fr\\\/\",\"logo\":{\"@type\":\"ImageObject\",\"inLanguage\":\"fr-FR\",\"@id\":\"https:\\\/\\\/redfoxlotto.com\\\/fr\\\/#\\\/schema\\\/logo\\\/image\\\/\",\"url\":\"https:\\\/\\\/redfoxlotto.com\\\/wp-content\\\/uploads\\\/2023\\\/04\\\/logo.png\",\"contentUrl\":\"https:\\\/\\\/redfoxlotto.com\\\/wp-content\\\/uploads\\\/2023\\\/04\\\/logo.png\",\"width\":269,\"height\":53,\"caption\":\"Get Tickets for the World\u2019s largest jackpots\"},\"image\":{\"@id\":\"https:\\\/\\\/redfoxlotto.com\\\/fr\\\/#\\\/schema\\\/logo\\\/image\\\/\"}}]}<\/script>\n<!-- \/ Yoast SEO plugin. -->","yoast_head_json":{"title":"Comment acheter des billets de loterie de New York en ligne depuis le Royaume-Uni","description":"Achetez des billets pour la loterie de New York ici. M\u00eame depuis le Royaume-Uni, vous pouvez participer \u00e0 la loterie de New York en ligne et obtenir un billet num\u00e9ris\u00e9 en quelques minutes.","robots":{"index":"index","follow":"follow","max-snippet":"max-snippet:-1","max-image-preview":"max-image-preview:large","max-video-preview":"max-video-preview:-1"},"canonical":"https:\/\/redfoxlotto.com\/fr\/loterie\/a-propos-de-la-loterie-de-new-york\/","og_locale":"fr_FR","og_type":"article","og_title":"Comment acheter des billets de loterie de New York en ligne depuis le Royaume-Uni","og_description":"Achetez des billets pour la loterie de New York ici. M\u00eame depuis le Royaume-Uni, vous pouvez participer \u00e0 la loterie de New York en ligne et obtenir un billet num\u00e9ris\u00e9 en quelques minutes.","og_url":"https:\/\/redfoxlotto.com\/fr\/loterie\/a-propos-de-la-loterie-de-new-york\/","og_site_name":"Get Tickets for the World\u2019s largest jackpots","article_modified_time":"2025-04-21T06:41:39+00:00","twitter_card":"summary_large_image","twitter_misc":{"Dur\u00e9e de lecture estim\u00e9e":"3 minutes"},"schema":{"@context":"https:\/\/schema.org","@graph":[{"@type":"WebPage","@id":"https:\/\/redfoxlotto.com\/fr\/loterie\/a-propos-de-la-loterie-de-new-york\/","url":"https:\/\/redfoxlotto.com\/fr\/loterie\/a-propos-de-la-loterie-de-new-york\/","name":"Comment acheter des billets de loterie de New York en ligne depuis le Royaume-Uni","isPartOf":{"@id":"https:\/\/redfoxlotto.com\/fr\/#website"},"datePublished":"2025-02-25T17:25:31+00:00","dateModified":"2025-04-21T06:41:39+00:00","description":"Achetez des billets pour la loterie de New York ici. M\u00eame depuis le Royaume-Uni, vous pouvez participer \u00e0 la loterie de New York en ligne et obtenir un billet num\u00e9ris\u00e9 en quelques minutes.","breadcrumb":{"@id":"https:\/\/redfoxlotto.com\/fr\/loterie\/a-propos-de-la-loterie-de-new-york\/#breadcrumb"},"inLanguage":"fr-FR","potentialAction":[{"@type":"ReadAction","target":["https:\/\/redfoxlotto.com\/fr\/loterie\/a-propos-de-la-loterie-de-new-york\/"]}]},{"@type":"BreadcrumbList","@id":"https:\/\/redfoxlotto.com\/fr\/loterie\/a-propos-de-la-loterie-de-new-york\/#breadcrumb","itemListElement":[{"@type":"ListItem","position":1,"name":"Home","item":"https:\/\/redfoxlotto.com\/fr\/"},{"@type":"ListItem","position":2,"name":"Processus d&rsquo;achat de billets de loterie internationaux en ligne","item":"https:\/\/redfoxlotto.com\/fr\/loterie\/"},{"@type":"ListItem","position":3,"name":"\u00c0 propos de la loterie de New York"}]},{"@type":"WebSite","@id":"https:\/\/redfoxlotto.com\/fr\/#website","url":"https:\/\/redfoxlotto.com\/fr\/","name":"Get Tickets for the World\u2019s largest jackpots","description":"Participate in worldwide lottery jackpots from any country","publisher":{"@id":"https:\/\/redfoxlotto.com\/fr\/#organization"},"potentialAction":[{"@type":"SearchAction","target":{"@type":"EntryPoint","urlTemplate":"https:\/\/redfoxlotto.com\/fr\/?s={search_term_string}"},"query-input":{"@type":"PropertyValueSpecification","valueRequired":true,"valueName":"search_term_string"}}],"inLanguage":"fr-FR"},{"@type":"Organization","@id":"https:\/\/redfoxlotto.com\/fr\/#organization","name":"Get Tickets for the World\u2019s largest jackpots","url":"https:\/\/redfoxlotto.com\/fr\/","logo":{"@type":"ImageObject","inLanguage":"fr-FR","@id":"https:\/\/redfoxlotto.com\/fr\/#\/schema\/logo\/image\/","url":"https:\/\/redfoxlotto.com\/wp-content\/uploads\/2023\/04\/logo.png","contentUrl":"https:\/\/redfoxlotto.com\/wp-content\/uploads\/2023\/04\/logo.png","width":269,"height":53,"caption":"Get Tickets for the World\u2019s largest jackpots"},"image":{"@id":"https:\/\/redfoxlotto.com\/fr\/#\/schema\/logo\/image\/"}}]}},"_links":{"self":[{"href":"https:\/\/redfoxlotto.com\/fr\/wp-json\/wp\/v2\/pages\/85477","targetHints":{"allow":["GET"]}}],"collection":[{"href":"https:\/\/redfoxlotto.com\/fr\/wp-json\/wp\/v2\/pages"}],"about":[{"href":"https:\/\/redfoxlotto.com\/fr\/wp-json\/wp\/v2\/types\/page"}],"author":[{"embeddable":true,"href":"https:\/\/redfoxlotto.com\/fr\/wp-json\/wp\/v2\/users\/8"}],"replies":[{"embeddable":true,"href":"https:\/\/redfoxlotto.com\/fr\/wp-json\/wp\/v2\/comments?post=85477"}],"version-history":[{"count":0,"href":"https:\/\/redfoxlotto.com\/fr\/wp-json\/wp\/v2\/pages\/85477\/revisions"}],"up":[{"embeddable":true,"href":"https:\/\/redfoxlotto.com\/fr\/wp-json\/wp\/v2\/pages\/1513"}],"wp:attachment":[{"href":"https:\/\/redfoxlotto.com\/fr\/wp-json\/wp\/v2\/media?parent=85477"}],"curies":[{"name":"wp","href":"https:\/\/api.w.org\/{rel}","templated":true}]}}