{"id":85256,"date":"2025-03-30T12:21:27","date_gmt":"2025-03-30T12:21:27","guid":{"rendered":"https:\/\/redfoxlotto.com\/?page_id=85256"},"modified":"2025-12-10T15:27:26","modified_gmt":"2025-12-10T15:27:26","slug":"comment-jouer-a-la-loterie-de-new-york-au-royaume-uni","status":"publish","type":"page","link":"https:\/\/redfoxlotto.com\/fr\/jouer\/comment-jouer-a-la-loterie-de-new-york-au-royaume-uni\/","title":{"rendered":"Comment jouer \u00e0 la loterie de New York au Royaume-Uni."},"content":{"rendered":"<p><script type=\"application\/ld+json\">\n{\n\"@context\": \"https:\/\/schema.org\",\n\"@type\": \"Service\",\n\"name\": \"Play New York Lottery\",\n\"url\": \"https:\/\/redfoxlotto.com\/fr\/jouer\/comment-jouer-a-la-loterie-de-new-york-au-royaume-uni\/\",\n\"description\": \"Achetez vos billets officiels de la loterie de New York en ligne sur RedFoxLotto. Choisissez vos num\u00e9ros et participez au prochain tirage.\",\n\"serviceType\": \"Online lottery ticket purchase\",<\/p>\n<p>\"provider\": {\n\"@type\": \"Organization\",\n\"name\": \"RedFoxLotto\",\n\"url\": \"https:\/\/redfoxlotto.com\",\n\"logo\": \"https:\/\/redfoxlotto.com\/wp-content\/uploads\/logo.png\"\n},<\/p>\n<p>\"areaServed\": \"Worldwide\",\n\"termsOfService\": \"https:\/\/redfoxlotto.com\/terms-and-conditions\",<\/p>\n<p>\"hasOfferCatalog\": {\n\"@type\": \"OfferCatalog\",\n\"name\": \"New York Lottery Offers\",\n\"itemListElement\": [\n{\n\"@type\": \"Offer\",\n\"name\": \"New York Lottery Ticket\",\n\"url\": \"https:\/\/redfoxlotto.com\/fr\/jouer\/comment-jouer-a-la-loterie-de-new-york-au-royaume-uni\/\",\n\"description\": \"Une participation au prochain tirage de la loterie de New York.\",\n\"price\": \"1.40\",\n\"priceCurrency\": \"EUR\",\n\"availability\": \"https:\/\/schema.org\/InStock\",<\/p>\n<p>\"itemOffered\": {\n\"@type\": \"Service\",\n\"name\": \"New York Lottery Entry\",\n\"description\": \"Participez au prochain tirage de la loterie de New York via RedFoxLotto.\"\n}\n}\n]\n},<\/p>\n<p>\"mainEntityOfPage\": {\n\"@type\": \"WebPage\",\n\"@id\": \"https:\/\/redfoxlotto.com\/fr\/jouer\/comment-jouer-a-la-loterie-de-new-york-au-royaume-uni\/\"\n}\n}\n<\/script><\/p>\n<h2>Comment participer \u00e0 la loterie de New York avec RedFoxLotto.com au Royaume-Uni<\/h2>\n<p><img loading=\"lazy\" decoding=\"async\" class=\" wp-image-48802 alignright\" src=\"https:\/\/redfoxlotto.com\/wp-content\/uploads\/2023\/04\/raffle-tickets-online-495x330-1-300x200.jpg\" alt=\"New York Lottery\" width=\"321\" height=\"214\" srcset=\"https:\/\/redfoxlotto.com\/wp-content\/uploads\/2023\/04\/raffle-tickets-online-495x330-1-300x200.jpg 300w, https:\/\/redfoxlotto.com\/wp-content\/uploads\/2023\/04\/raffle-tickets-online-495x330-1.jpg 495w\" sizes=\"auto, (max-width: 321px) 100vw, 321px\" \/><br \/>\nImaginez par exemple que vous vous r\u00e9veillez au Royaume-Uni, que vous pr\u00e9parez votre th\u00e9 et que vous consultez votre t\u00e9l\u00e9phone pour d\u00e9couvrir que vous venez de gagner \u00e0 la loterie de New York. Cela vous semble improbable ? D\u00e9trompez-vous ! Gr\u00e2ce \u00e0 RedFoxLotto.com, vous pouvez jouer \u00e0 l&rsquo;une des loteries les plus passionnantes des \u00c9tats-Unis depuis le confort de votre domicile au Royaume-Uni.<\/p>\n<h2>La loterie de New York : pourquoi jouer ?<\/h2>\n<p>La loterie de New York est r\u00e9put\u00e9e pour ses jackpots colossaux, ses jeux passionnants et ses gains qui peuvent compl\u00e8tement transformer la vie d&rsquo;une personne. Le fait qu&rsquo;il y ait plusieurs tirages chaque semaine signifie que vous avez d&rsquo;innombrables chances de r\u00e9aliser vos r\u00eaves. Vous pourriez gagner une somme d&rsquo;argent qui changera votre vie en jouant \u00e0 la loterie Mega Millions ou Powerball.<\/p>\n<h2>Instructions \u00e9tape par \u00e9tape pour jouer sur RedFoxLotto.com<\/h2>\n<p>1. Rendez-vous sur le site web RedFoxLotto.com. Lancez le navigateur web de votre choix et rendez-vous sur le site officiel de RedFoxLotto.<\/p>\n<p>2. Cr\u00e9ez un compte \u2014 Pour vous inscrire, vous devez cr\u00e9er un compte. En plus d&rsquo;\u00eatre rapide et s\u00e9curis\u00e9, cela est n\u00e9cessaire pour jouer.<\/p>\n<p>3. Choisissez la loterie de New York \u2014 Apr\u00e8s avoir parcouru les diff\u00e9rentes loteries propos\u00e9es, choisissez la loterie de New York ou tout autre prix am\u00e9ricain qui vous int\u00e9resse.<\/p>\n<p>4. S\u00e9lectionnez vos num\u00e9ros Vous avez le choix de s\u00e9lectionner vos num\u00e9ros porte-bonheur manuellement ou d&rsquo;utiliser l&rsquo;option de s\u00e9lection rapide, qui permettra au syst\u00e8me de les trouver automatiquement pour vous.<\/p>\n<p>5. Achetez votre billet \u2013 Passez \u00e0 la page de paiement et r\u00e9glez votre billet de mani\u00e8re s\u00fbre et s\u00e9curis\u00e9e \u00e0 l&rsquo;aide de l&rsquo;un des nombreux modes de paiement disponibles.<\/p>\n<p>6. Pendant que vous attendez le tirage, installez-vous confortablement et d\u00e9tendez-vous. Si vous \u00eates l&rsquo;heureux gagnant, vous en serez inform\u00e9 !<\/p>\n<h2>Avantages de participer aux jeux sur RedFoxLotto.com<\/h2>\n<p>Vous n&rsquo;avez plus besoin de vous rendre aux \u00c9tats-Unis pour acheter un billet.<\/p>\n<p>\u2022 Transactions s\u00fbres et s\u00e9curis\u00e9es &#8211; Jouez en toute tranquillit\u00e9, sachant que votre argent et vos informations d&rsquo;achat sont prot\u00e9g\u00e9s.<\/p>\n<p>\u2022 Notifications envoy\u00e9es automatiquement &#8211; Ne manquez jamais un gain ! Si vous \u00eates l&rsquo;heureux gagnant du jackpot, vous en serez imm\u00e9diatement inform\u00e9.<\/p>\n<p>En plus de la loterie de New York, vous pouvez acc\u00e9der \u00e0 des loteries mondiales, ce qui vous offre encore plus de chances de gagner une somme importante.<\/p>\n<h2>Remarques pour conclure<\/h2>\n<p>En utilisant RedFoxLotto.com, vous aurez acc\u00e8s \u00e0 tout l&rsquo;univers du divertissement li\u00e9 aux loteries. Peu importe o\u00f9 vous vous trouvez au Royaume-Uni, vous avez la possibilit\u00e9 de poursuivre le r\u00eave am\u00e9ricain et peut-\u00eatre de devenir le prochain millionnaire de la loterie de New York. Alors, pourquoi attendre ? Rendez-vous d\u00e8s maintenant sur le site web RedFoxLotto.com pour acheter votre billet ; vous ne savez jamais quand la chance vous sourira.<\/p>\n","protected":false},"excerpt":{"rendered":"<p>Comment participer \u00e0 la loterie de New York avec RedFoxLotto.com au Royaume-Uni Imaginez par exemple que vous vous r\u00e9veillez au Royaume-Uni, que vous pr\u00e9parez votre th\u00e9 et que vous consultez votre t\u00e9l\u00e9phone pour d\u00e9couvrir que vous venez de gagner \u00e0 la loterie de New York. Cela vous semble improbable ? D\u00e9trompez-vous ! Gr\u00e2ce \u00e0 RedFoxLotto.com, [&hellip;]<\/p>\n","protected":false},"author":8,"featured_media":0,"parent":1498,"menu_order":18,"comment_status":"closed","ping_status":"closed","template":"newyork.php","meta":{"_et_pb_use_builder":"","_et_pb_old_content":"","_et_gb_content_width":"","exclude_from_search":false,"footnotes":""},"class_list":["post-85256","page","type-page","status-publish","hentry"],"yoast_head":"<!-- This site is optimized with the Yoast SEO plugin v23.8 - https:\/\/yoast.com\/wordpress\/plugins\/seo\/ -->\n<title>Comment participer \u00e0 la loterie de New York au Royaume-Uni<\/title>\n<meta name=\"description\" content=\"D\u00e9couvrez comment jouer \u00e0 la loterie de New York depuis le Royaume-Uni sur RedFoxLotto.com et obtenez des conseils pour maximiser vos chances de gagner.\" \/>\n<meta name=\"robots\" content=\"index, follow, max-snippet:-1, max-image-preview:large, max-video-preview:-1\" \/>\n<link rel=\"canonical\" href=\"https:\/\/redfoxlotto.com\/fr\/jouer\/comment-jouer-a-la-loterie-de-new-york-au-royaume-uni\/\" \/>\n<meta property=\"og:locale\" content=\"fr_FR\" \/>\n<meta property=\"og:type\" content=\"article\" \/>\n<meta property=\"og:title\" content=\"Comment participer \u00e0 la loterie de New York au Royaume-Uni\" \/>\n<meta property=\"og:description\" content=\"D\u00e9couvrez comment jouer \u00e0 la loterie de New York depuis le Royaume-Uni sur RedFoxLotto.com et obtenez des conseils pour maximiser vos chances de gagner.\" \/>\n<meta property=\"og:url\" content=\"https:\/\/redfoxlotto.com\/fr\/jouer\/comment-jouer-a-la-loterie-de-new-york-au-royaume-uni\/\" \/>\n<meta property=\"og:site_name\" content=\"Get Tickets for the World\u2019s largest jackpots\" \/>\n<meta property=\"article:modified_time\" content=\"2025-12-10T15:27:26+00:00\" \/>\n<meta property=\"og:image\" content=\"https:\/\/redfoxlotto.com\/wp-content\/uploads\/2023\/04\/raffle-tickets-online-495x330-1-300x200.jpg\" \/>\n<meta name=\"twitter:card\" content=\"summary_large_image\" \/>\n<meta name=\"twitter:label1\" content=\"Dur\u00e9e de lecture estim\u00e9e\" \/>\n\t<meta name=\"twitter:data1\" content=\"3 minutes\" \/>\n<script type=\"application\/ld+json\" class=\"yoast-schema-graph\">{\"@context\":\"https:\/\/schema.org\",\"@graph\":[{\"@type\":\"WebPage\",\"@id\":\"https:\/\/redfoxlotto.com\/fr\/jouer\/comment-jouer-a-la-loterie-de-new-york-au-royaume-uni\/\",\"url\":\"https:\/\/redfoxlotto.com\/fr\/jouer\/comment-jouer-a-la-loterie-de-new-york-au-royaume-uni\/\",\"name\":\"Comment participer \u00e0 la loterie de New York au Royaume-Uni\",\"isPartOf\":{\"@id\":\"https:\/\/redfoxlotto.com\/fr\/#website\"},\"primaryImageOfPage\":{\"@id\":\"https:\/\/redfoxlotto.com\/fr\/jouer\/comment-jouer-a-la-loterie-de-new-york-au-royaume-uni\/#primaryimage\"},\"image\":{\"@id\":\"https:\/\/redfoxlotto.com\/fr\/jouer\/comment-jouer-a-la-loterie-de-new-york-au-royaume-uni\/#primaryimage\"},\"thumbnailUrl\":\"https:\/\/redfoxlotto.com\/wp-content\/uploads\/2023\/04\/raffle-tickets-online-495x330-1-300x200.jpg\",\"datePublished\":\"2025-03-30T12:21:27+00:00\",\"dateModified\":\"2025-12-10T15:27:26+00:00\",\"description\":\"D\u00e9couvrez comment jouer \u00e0 la loterie de New York depuis le Royaume-Uni sur RedFoxLotto.com et obtenez des conseils pour maximiser vos chances de gagner.\",\"breadcrumb\":{\"@id\":\"https:\/\/redfoxlotto.com\/fr\/jouer\/comment-jouer-a-la-loterie-de-new-york-au-royaume-uni\/#breadcrumb\"},\"inLanguage\":\"fr-FR\",\"potentialAction\":[{\"@type\":\"ReadAction\",\"target\":[\"https:\/\/redfoxlotto.com\/fr\/jouer\/comment-jouer-a-la-loterie-de-new-york-au-royaume-uni\/\"]}]},{\"@type\":\"ImageObject\",\"inLanguage\":\"fr-FR\",\"@id\":\"https:\/\/redfoxlotto.com\/fr\/jouer\/comment-jouer-a-la-loterie-de-new-york-au-royaume-uni\/#primaryimage\",\"url\":\"https:\/\/redfoxlotto.com\/wp-content\/uploads\/2023\/04\/raffle-tickets-online-495x330-1-300x200.jpg\",\"contentUrl\":\"https:\/\/redfoxlotto.com\/wp-content\/uploads\/2023\/04\/raffle-tickets-online-495x330-1-300x200.jpg\"},{\"@type\":\"BreadcrumbList\",\"@id\":\"https:\/\/redfoxlotto.com\/fr\/jouer\/comment-jouer-a-la-loterie-de-new-york-au-royaume-uni\/#breadcrumb\",\"itemListElement\":[{\"@type\":\"ListItem\",\"position\":1,\"name\":\"Home\",\"item\":\"https:\/\/redfoxlotto.com\/fr\/\"},{\"@type\":\"ListItem\",\"position\":2,\"name\":\"Comment jouer au loto en ligne\",\"item\":\"https:\/\/redfoxlotto.com\/fr\/jouer\/\"},{\"@type\":\"ListItem\",\"position\":3,\"name\":\"Comment jouer \u00e0 la loterie de New York au Royaume-Uni.\"}]},{\"@type\":\"WebSite\",\"@id\":\"https:\/\/redfoxlotto.com\/fr\/#website\",\"url\":\"https:\/\/redfoxlotto.com\/fr\/\",\"name\":\"Get Tickets for the World\u2019s largest jackpots\",\"description\":\"Participate in worldwide lottery jackpots from any country\",\"publisher\":{\"@id\":\"https:\/\/redfoxlotto.com\/fr\/#organization\"},\"potentialAction\":[{\"@type\":\"SearchAction\",\"target\":{\"@type\":\"EntryPoint\",\"urlTemplate\":\"https:\/\/redfoxlotto.com\/fr\/?s={search_term_string}\"},\"query-input\":{\"@type\":\"PropertyValueSpecification\",\"valueRequired\":true,\"valueName\":\"search_term_string\"}}],\"inLanguage\":\"fr-FR\"},{\"@type\":\"Organization\",\"@id\":\"https:\/\/redfoxlotto.com\/fr\/#organization\",\"name\":\"Get Tickets for the World\u2019s largest jackpots\",\"url\":\"https:\/\/redfoxlotto.com\/fr\/\",\"logo\":{\"@type\":\"ImageObject\",\"inLanguage\":\"fr-FR\",\"@id\":\"https:\/\/redfoxlotto.com\/fr\/#\/schema\/logo\/image\/\",\"url\":\"https:\/\/redfoxlotto.com\/wp-content\/uploads\/2023\/04\/logo.png\",\"contentUrl\":\"https:\/\/redfoxlotto.com\/wp-content\/uploads\/2023\/04\/logo.png\",\"width\":269,\"height\":53,\"caption\":\"Get Tickets for the World\u2019s largest jackpots\"},\"image\":{\"@id\":\"https:\/\/redfoxlotto.com\/fr\/#\/schema\/logo\/image\/\"}}]}<\/script>\n<!-- \/ Yoast SEO plugin. -->","yoast_head_json":{"title":"Comment participer \u00e0 la loterie de New York au Royaume-Uni","description":"D\u00e9couvrez comment jouer \u00e0 la loterie de New York depuis le Royaume-Uni sur RedFoxLotto.com et obtenez des conseils pour maximiser vos chances de gagner.","robots":{"index":"index","follow":"follow","max-snippet":"max-snippet:-1","max-image-preview":"max-image-preview:large","max-video-preview":"max-video-preview:-1"},"canonical":"https:\/\/redfoxlotto.com\/fr\/jouer\/comment-jouer-a-la-loterie-de-new-york-au-royaume-uni\/","og_locale":"fr_FR","og_type":"article","og_title":"Comment participer \u00e0 la loterie de New York au Royaume-Uni","og_description":"D\u00e9couvrez comment jouer \u00e0 la loterie de New York depuis le Royaume-Uni sur RedFoxLotto.com et obtenez des conseils pour maximiser vos chances de gagner.","og_url":"https:\/\/redfoxlotto.com\/fr\/jouer\/comment-jouer-a-la-loterie-de-new-york-au-royaume-uni\/","og_site_name":"Get Tickets for the World\u2019s largest jackpots","article_modified_time":"2025-12-10T15:27:26+00:00","og_image":[{"url":"https:\/\/redfoxlotto.com\/wp-content\/uploads\/2023\/04\/raffle-tickets-online-495x330-1-300x200.jpg"}],"twitter_card":"summary_large_image","twitter_misc":{"Dur\u00e9e de lecture estim\u00e9e":"3 minutes"},"schema":{"@context":"https:\/\/schema.org","@graph":[{"@type":"WebPage","@id":"https:\/\/redfoxlotto.com\/fr\/jouer\/comment-jouer-a-la-loterie-de-new-york-au-royaume-uni\/","url":"https:\/\/redfoxlotto.com\/fr\/jouer\/comment-jouer-a-la-loterie-de-new-york-au-royaume-uni\/","name":"Comment participer \u00e0 la loterie de New York au Royaume-Uni","isPartOf":{"@id":"https:\/\/redfoxlotto.com\/fr\/#website"},"primaryImageOfPage":{"@id":"https:\/\/redfoxlotto.com\/fr\/jouer\/comment-jouer-a-la-loterie-de-new-york-au-royaume-uni\/#primaryimage"},"image":{"@id":"https:\/\/redfoxlotto.com\/fr\/jouer\/comment-jouer-a-la-loterie-de-new-york-au-royaume-uni\/#primaryimage"},"thumbnailUrl":"https:\/\/redfoxlotto.com\/wp-content\/uploads\/2023\/04\/raffle-tickets-online-495x330-1-300x200.jpg","datePublished":"2025-03-30T12:21:27+00:00","dateModified":"2025-12-10T15:27:26+00:00","description":"D\u00e9couvrez comment jouer \u00e0 la loterie de New York depuis le Royaume-Uni sur RedFoxLotto.com et obtenez des conseils pour maximiser vos chances de gagner.","breadcrumb":{"@id":"https:\/\/redfoxlotto.com\/fr\/jouer\/comment-jouer-a-la-loterie-de-new-york-au-royaume-uni\/#breadcrumb"},"inLanguage":"fr-FR","potentialAction":[{"@type":"ReadAction","target":["https:\/\/redfoxlotto.com\/fr\/jouer\/comment-jouer-a-la-loterie-de-new-york-au-royaume-uni\/"]}]},{"@type":"ImageObject","inLanguage":"fr-FR","@id":"https:\/\/redfoxlotto.com\/fr\/jouer\/comment-jouer-a-la-loterie-de-new-york-au-royaume-uni\/#primaryimage","url":"https:\/\/redfoxlotto.com\/wp-content\/uploads\/2023\/04\/raffle-tickets-online-495x330-1-300x200.jpg","contentUrl":"https:\/\/redfoxlotto.com\/wp-content\/uploads\/2023\/04\/raffle-tickets-online-495x330-1-300x200.jpg"},{"@type":"BreadcrumbList","@id":"https:\/\/redfoxlotto.com\/fr\/jouer\/comment-jouer-a-la-loterie-de-new-york-au-royaume-uni\/#breadcrumb","itemListElement":[{"@type":"ListItem","position":1,"name":"Home","item":"https:\/\/redfoxlotto.com\/fr\/"},{"@type":"ListItem","position":2,"name":"Comment jouer au loto en ligne","item":"https:\/\/redfoxlotto.com\/fr\/jouer\/"},{"@type":"ListItem","position":3,"name":"Comment jouer \u00e0 la loterie de New York au Royaume-Uni."}]},{"@type":"WebSite","@id":"https:\/\/redfoxlotto.com\/fr\/#website","url":"https:\/\/redfoxlotto.com\/fr\/","name":"Get Tickets for the World\u2019s largest jackpots","description":"Participate in worldwide lottery jackpots from any country","publisher":{"@id":"https:\/\/redfoxlotto.com\/fr\/#organization"},"potentialAction":[{"@type":"SearchAction","target":{"@type":"EntryPoint","urlTemplate":"https:\/\/redfoxlotto.com\/fr\/?s={search_term_string}"},"query-input":{"@type":"PropertyValueSpecification","valueRequired":true,"valueName":"search_term_string"}}],"inLanguage":"fr-FR"},{"@type":"Organization","@id":"https:\/\/redfoxlotto.com\/fr\/#organization","name":"Get Tickets for the World\u2019s largest jackpots","url":"https:\/\/redfoxlotto.com\/fr\/","logo":{"@type":"ImageObject","inLanguage":"fr-FR","@id":"https:\/\/redfoxlotto.com\/fr\/#\/schema\/logo\/image\/","url":"https:\/\/redfoxlotto.com\/wp-content\/uploads\/2023\/04\/logo.png","contentUrl":"https:\/\/redfoxlotto.com\/wp-content\/uploads\/2023\/04\/logo.png","width":269,"height":53,"caption":"Get Tickets for the World\u2019s largest jackpots"},"image":{"@id":"https:\/\/redfoxlotto.com\/fr\/#\/schema\/logo\/image\/"}}]}},"_links":{"self":[{"href":"https:\/\/redfoxlotto.com\/fr\/wp-json\/wp\/v2\/pages\/85256","targetHints":{"allow":["GET"]}}],"collection":[{"href":"https:\/\/redfoxlotto.com\/fr\/wp-json\/wp\/v2\/pages"}],"about":[{"href":"https:\/\/redfoxlotto.com\/fr\/wp-json\/wp\/v2\/types\/page"}],"author":[{"embeddable":true,"href":"https:\/\/redfoxlotto.com\/fr\/wp-json\/wp\/v2\/users\/8"}],"replies":[{"embeddable":true,"href":"https:\/\/redfoxlotto.com\/fr\/wp-json\/wp\/v2\/comments?post=85256"}],"version-history":[{"count":0,"href":"https:\/\/redfoxlotto.com\/fr\/wp-json\/wp\/v2\/pages\/85256\/revisions"}],"up":[{"embeddable":true,"href":"https:\/\/redfoxlotto.com\/fr\/wp-json\/wp\/v2\/pages\/1498"}],"wp:attachment":[{"href":"https:\/\/redfoxlotto.com\/fr\/wp-json\/wp\/v2\/media?parent=85256"}],"curies":[{"name":"wp","href":"https:\/\/api.w.org\/{rel}","templated":true}]}}