{"id":84481,"date":"2025-03-17T09:46:32","date_gmt":"2025-03-17T09:46:32","guid":{"rendered":"https:\/\/redfoxlotto.com\/?page_id=84481"},"modified":"2025-06-17T08:44:48","modified_gmt":"2025-06-17T08:44:48","slug":"scratchcards","status":"publish","type":"page","link":"https:\/\/redfoxlotto.com\/fr\/scratchcards\/","title":{"rendered":"Cartes \u00e0 gratter"},"content":{"rendered":"<p>Si vous \u00eates un fan de loterie, nous sommes s\u00fbrs que vous<b> adorerez aussi jouer \u00e0 nos cartes \u00e0 gratter en ligne !<\/b><\/p>\n<p>Les cartes \u00e0 gratter ont toujours \u00e9t\u00e9 un compl\u00e9ment populaire \u00e0 l&rsquo;achat d&rsquo;un billet de loterie. Presque tous les points de vente de loterie de la plan\u00e8te en vendent, et il y a une bonne raison \u00e0 cela. Alors que jouer \u00e0 la loterie s&rsquo;accompagne presque toujours d&rsquo;un peu de temps d&rsquo;attente pour les r\u00e9sultats, les cartes \u00e0 gratter vous donnent un r\u00e9sultat instantan\u00e9.<\/p>\n<p>Et avec nos cartes \u00e0 gratter en ligne, vous n&rsquo;avez m\u00eame pas besoin de trouver un magasin de loterie pour les acheter &#8211; vous pouvez simplement jouer \u00e0 nos cartes \u00e0 gratter en ligne et vous amuser et vous exciter en grattant.<\/p>\n<h2><strong>Les cartes \u00e0 gratter en ligne arrivent bient\u00f4t sur RedFoxLotto<\/strong><\/h2>\n<p><img loading=\"lazy\" decoding=\"async\" class=\" wp-image-83601 alignright\" src=\"https:\/\/redfoxlotto.com\/wp-content\/uploads\/2025\/03\/scratch_card_player-300x300.jpg\" alt=\"play scratch cards\" width=\"183\" height=\"183\" srcset=\"https:\/\/redfoxlotto.com\/wp-content\/uploads\/2025\/03\/scratch_card_player-300x300.jpg 300w, https:\/\/redfoxlotto.com\/wp-content\/uploads\/2025\/03\/scratch_card_player-150x150.jpg 150w, https:\/\/redfoxlotto.com\/wp-content\/uploads\/2025\/03\/scratch_card_player-100x100.jpg 100w, https:\/\/redfoxlotto.com\/wp-content\/uploads\/2025\/03\/scratch_card_player.jpg 307w\" sizes=\"auto, (max-width: 183px) 100vw, 183px\" \/><\/p>\n<ul>\n<li>Les jeux de cartes \u00e0 gratter seront lanc\u00e9s d\u00e9but avril 2025.<\/li>\n<li>Ne manquez pas le lancement !<\/li>\n<li>Assurez-vous de recevoir nos e-mails promotionnels &#8211; v\u00e9rifiez votre dossier spam et marquez RedFoxLotto comme exp\u00e9diteur de confiance.<\/li>\n<\/ul>\n<p>Le paiement est \u00e9galement tr\u00e8s pratique &#8211; surtout si vous avez d\u00e9j\u00e0 un solde de compte sur notre site web. Cela signifie que si vous pr\u00e9voyez d&rsquo;acheter plusieurs cartes \u00e0 gratter, vous devez effectuer un d\u00e9p\u00f4t dans votre portefeuille avant de commencer \u00e0 jouer aux cartes \u00e0 gratter.<\/p>\n<p>Il vous suffit de s\u00e9lectionner la carte que vous pr\u00e9f\u00e9rez et de cliquer pour l&rsquo;acheter. Nous proposons plusieurs mises en page sympas, ainsi que des cartes \u00e0 gratter avec diff\u00e9rents prix et gammes de prix.<\/p>\n<h2>Jouer \u00e0 nos jeux de cartes \u00e0 gratter est tr\u00e8s facile<\/h2>\n<p>Ensuite, vous pouvez soit gratter manuellement la couche sup\u00e9rieure de la carte \u00e0 l&rsquo;aide de votre souris, soit cliquer sur le bouton \u00ab Grattage rapide \u00bb pour d\u00e9voiler toutes les informations cach\u00e9es dans la carte.<\/p>\n<p>Vos gains d\u00e9pendent des montants qui apparaissent apr\u00e8s que vous ayez gratt\u00e9 la couche sup\u00e9rieure de votre carte. Si vous avez trois montants correspondants sur votre carte \u00e0 gratter, alors ce montant est ce que vous gagnez.<\/p>\n<h2>Que se passe-t-il apr\u00e8s avoir gagn\u00e9 \u00e0 une carte \u00e0 gratter ?<\/h2>\n<p>Tous les gains seront imm\u00e9diatement ajout\u00e9s \u00e0 votre compte. Si vous gagnez \u00e0 une carte, vous aurez deux options :<\/p>\n<ol>\n<li>Vous pouvez rester sur la page des cartes \u00e0 gratter et continuer \u00e0 utiliser vos gains pour acheter d&rsquo;autres cartes \u00e0 gratter en ligne<\/li>\n<li>Fermer la page des cartes \u00e0 gratter et vos gains seront transf\u00e9r\u00e9s sur votre compte joueur RedFoxLotto.<\/li>\n<\/ol>\n<p>Apr\u00e8s avoir ajout\u00e9 les gains des cartes \u00e0 gratter \u00e0 votre compte joueur, vous pouvez les utiliser comme vous le souhaitez : acheter des tickets de loterie classiques, jouer au Keno, acheter plus tard d&rsquo;autres cartes \u00e0 gratter en ligne ou retirer vos gains.<\/p>\n<p>L&rsquo;ajout de cartes \u00e0 gratter en ligne est une demande de nombreux clients et nous sommes certains que vous appr\u00e9cierez cette exp\u00e9rience !<\/p>\n","protected":false},"excerpt":{"rendered":"<p>Si vous \u00eates un fan de loterie, nous sommes s\u00fbrs que vous adorerez aussi jouer \u00e0 nos cartes \u00e0 gratter en ligne ! Les cartes \u00e0 gratter ont toujours \u00e9t\u00e9 un compl\u00e9ment populaire \u00e0 l&rsquo;achat d&rsquo;un billet de loterie. Presque tous les points de vente de loterie de la plan\u00e8te en vendent, et il y [&hellip;]<\/p>\n","protected":false},"author":8,"featured_media":0,"parent":0,"menu_order":7,"comment_status":"closed","ping_status":"closed","template":"","meta":{"_et_pb_use_builder":"","_et_pb_old_content":"","_et_gb_content_width":"","exclude_from_search":false,"footnotes":""},"class_list":["post-84481","page","type-page","status-publish","hentry"],"yoast_head":"<!-- This site is optimized with the Yoast SEO plugin v27.4 - https:\/\/yoast.com\/product\/yoast-seo-wordpress\/ -->\n<title>Jouer aux cartes \u00e0 gratter en ligne | Les meilleures cartes \u00e0 gratter \u00e0 gain instantan\u00e9<\/title>\n<meta name=\"description\" content=\"Jouez aux meilleures cartes \u00e0 gratter en ligne ici - des jeux \u00e0 gratter attrayants et de superbes prix \u00e0 gagner instantan\u00e9ment\" \/>\n<meta name=\"robots\" content=\"index, follow, max-snippet:-1, max-image-preview:large, max-video-preview:-1\" \/>\n<link rel=\"canonical\" href=\"https:\/\/redfoxlotto.com\/fr\/scratchcards\/\" \/>\n<meta property=\"og:locale\" content=\"fr_FR\" \/>\n<meta property=\"og:type\" content=\"article\" \/>\n<meta property=\"og:title\" content=\"Jouer aux cartes \u00e0 gratter en ligne | Les meilleures cartes \u00e0 gratter \u00e0 gain instantan\u00e9\" \/>\n<meta property=\"og:description\" content=\"Jouez aux meilleures cartes \u00e0 gratter en ligne ici - des jeux \u00e0 gratter attrayants et de superbes prix \u00e0 gagner instantan\u00e9ment\" \/>\n<meta property=\"og:url\" content=\"https:\/\/redfoxlotto.com\/fr\/scratchcards\/\" \/>\n<meta property=\"og:site_name\" content=\"Get Tickets for the World\u2019s largest jackpots\" \/>\n<meta property=\"article:modified_time\" content=\"2025-06-17T08:44:48+00:00\" \/>\n<meta property=\"og:image\" content=\"https:\/\/redfoxlotto.com\/wp-content\/uploads\/2025\/03\/scratch_card_player-300x300.jpg\" \/>\n<meta name=\"twitter:card\" content=\"summary_large_image\" \/>\n<meta name=\"twitter:label1\" content=\"Dur\u00e9e de lecture estim\u00e9e\" \/>\n\t<meta name=\"twitter:data1\" content=\"3 minutes\" \/>\n<script type=\"application\/ld+json\" class=\"yoast-schema-graph\">{\"@context\":\"https:\\\/\\\/schema.org\",\"@graph\":[{\"@type\":\"WebPage\",\"@id\":\"https:\\\/\\\/redfoxlotto.com\\\/fr\\\/scratchcards\\\/\",\"url\":\"https:\\\/\\\/redfoxlotto.com\\\/fr\\\/scratchcards\\\/\",\"name\":\"Jouer aux cartes \u00e0 gratter en ligne | Les meilleures cartes \u00e0 gratter \u00e0 gain instantan\u00e9\",\"isPartOf\":{\"@id\":\"https:\\\/\\\/redfoxlotto.com\\\/fr\\\/#website\"},\"primaryImageOfPage\":{\"@id\":\"https:\\\/\\\/redfoxlotto.com\\\/fr\\\/scratchcards\\\/#primaryimage\"},\"image\":{\"@id\":\"https:\\\/\\\/redfoxlotto.com\\\/fr\\\/scratchcards\\\/#primaryimage\"},\"thumbnailUrl\":\"https:\\\/\\\/redfoxlotto.com\\\/wp-content\\\/uploads\\\/2025\\\/03\\\/scratch_card_player-300x300.jpg\",\"datePublished\":\"2025-03-17T09:46:32+00:00\",\"dateModified\":\"2025-06-17T08:44:48+00:00\",\"description\":\"Jouez aux meilleures cartes \u00e0 gratter en ligne ici - des jeux \u00e0 gratter attrayants et de superbes prix \u00e0 gagner instantan\u00e9ment\",\"breadcrumb\":{\"@id\":\"https:\\\/\\\/redfoxlotto.com\\\/fr\\\/scratchcards\\\/#breadcrumb\"},\"inLanguage\":\"fr-FR\",\"potentialAction\":[{\"@type\":\"ReadAction\",\"target\":[\"https:\\\/\\\/redfoxlotto.com\\\/fr\\\/scratchcards\\\/\"]}]},{\"@type\":\"ImageObject\",\"inLanguage\":\"fr-FR\",\"@id\":\"https:\\\/\\\/redfoxlotto.com\\\/fr\\\/scratchcards\\\/#primaryimage\",\"url\":\"https:\\\/\\\/redfoxlotto.com\\\/wp-content\\\/uploads\\\/2025\\\/03\\\/scratch_card_player-300x300.jpg\",\"contentUrl\":\"https:\\\/\\\/redfoxlotto.com\\\/wp-content\\\/uploads\\\/2025\\\/03\\\/scratch_card_player-300x300.jpg\"},{\"@type\":\"BreadcrumbList\",\"@id\":\"https:\\\/\\\/redfoxlotto.com\\\/fr\\\/scratchcards\\\/#breadcrumb\",\"itemListElement\":[{\"@type\":\"ListItem\",\"position\":1,\"name\":\"Home\",\"item\":\"https:\\\/\\\/redfoxlotto.com\\\/fr\\\/\"},{\"@type\":\"ListItem\",\"position\":2,\"name\":\"Cartes \u00e0 gratter\"}]},{\"@type\":\"WebSite\",\"@id\":\"https:\\\/\\\/redfoxlotto.com\\\/fr\\\/#website\",\"url\":\"https:\\\/\\\/redfoxlotto.com\\\/fr\\\/\",\"name\":\"Get Tickets for the World\u2019s largest jackpots\",\"description\":\"Participate in worldwide lottery jackpots from any country\",\"publisher\":{\"@id\":\"https:\\\/\\\/redfoxlotto.com\\\/fr\\\/#organization\"},\"potentialAction\":[{\"@type\":\"SearchAction\",\"target\":{\"@type\":\"EntryPoint\",\"urlTemplate\":\"https:\\\/\\\/redfoxlotto.com\\\/fr\\\/?s={search_term_string}\"},\"query-input\":{\"@type\":\"PropertyValueSpecification\",\"valueRequired\":true,\"valueName\":\"search_term_string\"}}],\"inLanguage\":\"fr-FR\"},{\"@type\":\"Organization\",\"@id\":\"https:\\\/\\\/redfoxlotto.com\\\/fr\\\/#organization\",\"name\":\"Get Tickets for the World\u2019s largest jackpots\",\"url\":\"https:\\\/\\\/redfoxlotto.com\\\/fr\\\/\",\"logo\":{\"@type\":\"ImageObject\",\"inLanguage\":\"fr-FR\",\"@id\":\"https:\\\/\\\/redfoxlotto.com\\\/fr\\\/#\\\/schema\\\/logo\\\/image\\\/\",\"url\":\"https:\\\/\\\/redfoxlotto.com\\\/wp-content\\\/uploads\\\/2023\\\/04\\\/logo.png\",\"contentUrl\":\"https:\\\/\\\/redfoxlotto.com\\\/wp-content\\\/uploads\\\/2023\\\/04\\\/logo.png\",\"width\":269,\"height\":53,\"caption\":\"Get Tickets for the World\u2019s largest jackpots\"},\"image\":{\"@id\":\"https:\\\/\\\/redfoxlotto.com\\\/fr\\\/#\\\/schema\\\/logo\\\/image\\\/\"}}]}<\/script>\n<!-- \/ Yoast SEO plugin. -->","yoast_head_json":{"title":"Jouer aux cartes \u00e0 gratter en ligne | Les meilleures cartes \u00e0 gratter \u00e0 gain instantan\u00e9","description":"Jouez aux meilleures cartes \u00e0 gratter en ligne ici - des jeux \u00e0 gratter attrayants et de superbes prix \u00e0 gagner instantan\u00e9ment","robots":{"index":"index","follow":"follow","max-snippet":"max-snippet:-1","max-image-preview":"max-image-preview:large","max-video-preview":"max-video-preview:-1"},"canonical":"https:\/\/redfoxlotto.com\/fr\/scratchcards\/","og_locale":"fr_FR","og_type":"article","og_title":"Jouer aux cartes \u00e0 gratter en ligne | Les meilleures cartes \u00e0 gratter \u00e0 gain instantan\u00e9","og_description":"Jouez aux meilleures cartes \u00e0 gratter en ligne ici - des jeux \u00e0 gratter attrayants et de superbes prix \u00e0 gagner instantan\u00e9ment","og_url":"https:\/\/redfoxlotto.com\/fr\/scratchcards\/","og_site_name":"Get Tickets for the World\u2019s largest jackpots","article_modified_time":"2025-06-17T08:44:48+00:00","og_image":[{"url":"https:\/\/redfoxlotto.com\/wp-content\/uploads\/2025\/03\/scratch_card_player-300x300.jpg","type":"","width":"","height":""}],"twitter_card":"summary_large_image","twitter_misc":{"Dur\u00e9e de lecture estim\u00e9e":"3 minutes"},"schema":{"@context":"https:\/\/schema.org","@graph":[{"@type":"WebPage","@id":"https:\/\/redfoxlotto.com\/fr\/scratchcards\/","url":"https:\/\/redfoxlotto.com\/fr\/scratchcards\/","name":"Jouer aux cartes \u00e0 gratter en ligne | Les meilleures cartes \u00e0 gratter \u00e0 gain instantan\u00e9","isPartOf":{"@id":"https:\/\/redfoxlotto.com\/fr\/#website"},"primaryImageOfPage":{"@id":"https:\/\/redfoxlotto.com\/fr\/scratchcards\/#primaryimage"},"image":{"@id":"https:\/\/redfoxlotto.com\/fr\/scratchcards\/#primaryimage"},"thumbnailUrl":"https:\/\/redfoxlotto.com\/wp-content\/uploads\/2025\/03\/scratch_card_player-300x300.jpg","datePublished":"2025-03-17T09:46:32+00:00","dateModified":"2025-06-17T08:44:48+00:00","description":"Jouez aux meilleures cartes \u00e0 gratter en ligne ici - des jeux \u00e0 gratter attrayants et de superbes prix \u00e0 gagner instantan\u00e9ment","breadcrumb":{"@id":"https:\/\/redfoxlotto.com\/fr\/scratchcards\/#breadcrumb"},"inLanguage":"fr-FR","potentialAction":[{"@type":"ReadAction","target":["https:\/\/redfoxlotto.com\/fr\/scratchcards\/"]}]},{"@type":"ImageObject","inLanguage":"fr-FR","@id":"https:\/\/redfoxlotto.com\/fr\/scratchcards\/#primaryimage","url":"https:\/\/redfoxlotto.com\/wp-content\/uploads\/2025\/03\/scratch_card_player-300x300.jpg","contentUrl":"https:\/\/redfoxlotto.com\/wp-content\/uploads\/2025\/03\/scratch_card_player-300x300.jpg"},{"@type":"BreadcrumbList","@id":"https:\/\/redfoxlotto.com\/fr\/scratchcards\/#breadcrumb","itemListElement":[{"@type":"ListItem","position":1,"name":"Home","item":"https:\/\/redfoxlotto.com\/fr\/"},{"@type":"ListItem","position":2,"name":"Cartes \u00e0 gratter"}]},{"@type":"WebSite","@id":"https:\/\/redfoxlotto.com\/fr\/#website","url":"https:\/\/redfoxlotto.com\/fr\/","name":"Get Tickets for the World\u2019s largest jackpots","description":"Participate in worldwide lottery jackpots from any country","publisher":{"@id":"https:\/\/redfoxlotto.com\/fr\/#organization"},"potentialAction":[{"@type":"SearchAction","target":{"@type":"EntryPoint","urlTemplate":"https:\/\/redfoxlotto.com\/fr\/?s={search_term_string}"},"query-input":{"@type":"PropertyValueSpecification","valueRequired":true,"valueName":"search_term_string"}}],"inLanguage":"fr-FR"},{"@type":"Organization","@id":"https:\/\/redfoxlotto.com\/fr\/#organization","name":"Get Tickets for the World\u2019s largest jackpots","url":"https:\/\/redfoxlotto.com\/fr\/","logo":{"@type":"ImageObject","inLanguage":"fr-FR","@id":"https:\/\/redfoxlotto.com\/fr\/#\/schema\/logo\/image\/","url":"https:\/\/redfoxlotto.com\/wp-content\/uploads\/2023\/04\/logo.png","contentUrl":"https:\/\/redfoxlotto.com\/wp-content\/uploads\/2023\/04\/logo.png","width":269,"height":53,"caption":"Get Tickets for the World\u2019s largest jackpots"},"image":{"@id":"https:\/\/redfoxlotto.com\/fr\/#\/schema\/logo\/image\/"}}]}},"_links":{"self":[{"href":"https:\/\/redfoxlotto.com\/fr\/wp-json\/wp\/v2\/pages\/84481","targetHints":{"allow":["GET"]}}],"collection":[{"href":"https:\/\/redfoxlotto.com\/fr\/wp-json\/wp\/v2\/pages"}],"about":[{"href":"https:\/\/redfoxlotto.com\/fr\/wp-json\/wp\/v2\/types\/page"}],"author":[{"embeddable":true,"href":"https:\/\/redfoxlotto.com\/fr\/wp-json\/wp\/v2\/users\/8"}],"replies":[{"embeddable":true,"href":"https:\/\/redfoxlotto.com\/fr\/wp-json\/wp\/v2\/comments?post=84481"}],"version-history":[{"count":0,"href":"https:\/\/redfoxlotto.com\/fr\/wp-json\/wp\/v2\/pages\/84481\/revisions"}],"wp:attachment":[{"href":"https:\/\/redfoxlotto.com\/fr\/wp-json\/wp\/v2\/media?parent=84481"}],"curies":[{"name":"wp","href":"https:\/\/api.w.org\/{rel}","templated":true}]}}