{"id":84392,"date":"2025-02-12T11:12:52","date_gmt":"2025-02-12T11:12:52","guid":{"rendered":"https:\/\/redfoxlotto.com\/?page_id=84392"},"modified":"2025-10-09T14:05:30","modified_gmt":"2025-10-09T14:05:30","slug":"keno","status":"publish","type":"page","link":"https:\/\/redfoxlotto.com\/fr\/keno\/","title":{"rendered":"Keno"},"content":{"rendered":"<h2>Vous ne savez pas comment jouer au Keno en ligne ?<\/h2>\n<p>Vous savez comment fonctionne une loterie mais vous n&rsquo;avez jamais jou\u00e9 au Keno ? Laissez-moi vous expliquer comment jouer au Keno en ligne. Ce n&rsquo;est pas si difficile \u00e0 comprendre, et notre plateforme permet de cr\u00e9er facilement un ticket de Keno.<\/p>\n<div class=\"keno-banner-wrapper\"><img decoding=\"async\" class=\"keno-banner-image\" src=\"https:\/\/redfoxlotto.com\/wp-content\/uploads\/2025\/10\/3-scaled.png\" alt=\"Keno Banner\" \/><br \/>\n<div class=\"keno-banner-overlay\"><div class=\"keno-banner-text\">Premier prix\u00a0: \u20ac10,000,000<br>Tirages toutes les 30 minutes<\/div><a href=\"https:\/\/keno.redfoxlotto.com\/play\/diamond-keno\" class=\"keno-banner-button\">Jouez au Diamond Keno maintenant<\/a><\/div><\/div>\n<div class=\"keno-banner-wrapper\"><img decoding=\"async\" class=\"keno-banner-image\" src=\"https:\/\/redfoxlotto.com\/wp-content\/uploads\/2025\/10\/1-scaled.png\" alt=\"Keno Banner\" \/><br \/>\n<div class=\"keno-banner-overlay\"><div class=\"keno-banner-text\">Premier prix\u00a0: \u20ac5,000,000<br>Tirages toutes les 8 minutes<\/div><a href=\"https:\/\/keno.redfoxlotto.com\/play\/platinum-keno\" class=\"keno-banner-button\">Jouez au Platinum Keno maintenant<\/a><\/div><\/div>\n<div class=\"keno-banner-wrapper\"><img decoding=\"async\" class=\"keno-banner-image\" src=\"https:\/\/redfoxlotto.com\/wp-content\/uploads\/2025\/10\/2-scaled.png\" alt=\"Keno Banner\" \/><br \/>\n<div class=\"keno-banner-overlay\"><div class=\"keno-banner-text\">Premier prix\u00a0: \u20ac2,000,000<br>Tirages toutes les 6 minutes<\/div><a href=\"https:\/\/keno.redfoxlotto.com\/play\/gold-keno\" class=\"keno-banner-button\">Jouez d\u00e8s maintenant \u00e0 Gold Keno<\/a><\/div><\/div>\n<h2>Diff\u00e9rences entre une loterie ordinaire et le Keno<\/h2>\n<p><img loading=\"lazy\" decoding=\"async\" class=\"alignright size-medium wp-image-83635\" src=\"https:\/\/redfoxlotto.com\/wp-content\/uploads\/2025\/03\/keno_card-300x300.jpg\" alt=\"play keno online\" width=\"300\" height=\"300\" srcset=\"https:\/\/redfoxlotto.com\/wp-content\/uploads\/2025\/03\/keno_card-300x300.jpg 300w, https:\/\/redfoxlotto.com\/wp-content\/uploads\/2025\/03\/keno_card-150x150.jpg 150w, https:\/\/redfoxlotto.com\/wp-content\/uploads\/2025\/03\/keno_card-100x100.jpg 100w, https:\/\/redfoxlotto.com\/wp-content\/uploads\/2025\/03\/keno_card.jpg 307w\" sizes=\"auto, (max-width: 300px) 100vw, 300px\" \/><br \/>\nLorsque vous jouez au Keno, vous avez plus de contr\u00f4le sur le montant que vous souhaitez d\u00e9penser pour un ticket, et vous d\u00e9cidez \u00e9galement du nombre de num\u00e9ros que vous choisissez.<\/p>\n<ul>\n<li><b>Le multiplicateur<\/b> &#8211; chaque ticket de Keno a un prix de base (le minimum que vous devez payer pour un ticket), mais il y a aussi une fonction multiplicateur. Disons que le prix de base est de 1,00 \u20ac. En s\u00e9lectionnant un multiplicateur de 5, votre ticket vous co\u00fbtera d\u00e9sormais 5,00 \u20ac. Mais en m\u00eame temps, le montant que vous pouvez gagner sera multipli\u00e9 par au moins 5. Pour gagner le prix maximum dans chaque palier de paiement, vous devez s\u00e9lectionner le multiplicateur maximum. Le multiplicateur peut \u00eatre compris entre 1 et 5, ou entre 1 et 10. Pour voir le paiement r\u00e9el, cliquez sur l&rsquo;onglet \u00ab Info \u00bb ci-dessus et vous verrez un tableau des paiements.<\/li>\n<li>Cliquez sur le multiplicateur que vous souhaitez choisir et les gains pour ce multiplicateur s&rsquo;afficheront.<\/li>\n<li><b>Jouer plus ou moins de num\u00e9ros<\/b> &#8211; Vous pouvez d\u00e9cider si vous souhaitez choisir plus ou moins de num\u00e9ros pour votre ticket. Encore une fois, si vous voulez gagner le gros lot, vous devrez toujours choisir le maximum, \u00e0 savoir 10 num\u00e9ros. Mais si vous d\u00e9cidez de jouer seulement 8 num\u00e9ros, vous gagnerez plus d&rsquo;argent si tous ou certains d&rsquo;entre eux correspondent aux num\u00e9ros tir\u00e9s. L\u00e0 encore, le tableau de la page \u00ab Infos \u00bb vous indiquera les gains.<\/li>\n<li><b>Davantage de num\u00e9ros sont tir\u00e9s de la s\u00e9rie de num\u00e9ros<\/b> &#8211; alors qu&rsquo;une loterie normale tire 5 ou 6 num\u00e9ros d&rsquo;un pool de num\u00e9ros de 49 ou 60, c&rsquo;est diff\u00e9rent lorsque vous jouez au Keno. Tout d&rsquo;abord, la plupart des jeux de Keno tirent 20 num\u00e9ros, mais le pool de num\u00e9ros possibles est \u00e9galement plus grand (g\u00e9n\u00e9ralement entre 70 et 90 num\u00e9ros). Mais avec 20 num\u00e9ros gagnants, il suffit d&rsquo;en avoir 10 justes pour gagner un gros lot. Cela signifie que les chances globales de gagner au Keno en ligne sont meilleures que dans la plupart des loteries classiques.<\/li>\n<\/ul>\n<h2>Comment jouer au Keno en ligne ?<\/h2>\n<p><strong>Pour jouer au Keno en ligne, il suffit de suivre les \u00e9tapes suivantes :<\/strong><\/p>\n<ul>\n<li>Cliquer sur l&rsquo;une des banni\u00e8res Keno de cette page<\/li>\n<li>S\u00e9lectionner le nombre de num\u00e9ros que vous souhaitez jouer<\/li>\n<li>S\u00e9lectionnez le multiplicateur et v\u00e9rifiez le prix du ticket (ajustez le multiplicateur si n\u00e9cessaire)<\/li>\n<li>Choisissez vos num\u00e9ros (ou utilisez la fonction Quick Pick pour g\u00e9n\u00e9rer des num\u00e9ros al\u00e9atoires)<\/li>\n<li>Ajoutez d&rsquo;autres tickets pour le m\u00eame tirage Keno si vous le souhaitez<\/li>\n<li>D\u00e9cidez si vous voulez que votre ticket ou vos tickets participent \u00e0 un ou plusieurs tirages<\/li>\n<li>Payez vos tickets (vous devez cr\u00e9er un nouveau compte sur notre site si vous n&rsquo;en avez pas encore, ou vous connecter \u00e0 votre compte existant)<\/li>\n<\/ul>\n<h2>Quelques minutes seulement avant le prochain tirage<\/h2>\n<p>La plupart des loteries Keno tirent au sort toutes les deux minutes, il n&rsquo;y a donc pas besoin d&rsquo;attendre longtemps pour savoir si vous avez gagn\u00e9. Chaque fois qu&rsquo;un tirage de loterie Keno approche pendant que vous \u00eates sur notre site Web, une fen\u00eatre contextuelle appara\u00eetra et peu de temps apr\u00e8s, vous verrez une vid\u00e9o d&rsquo;animation du tirage. Une fois que la fen\u00eatre contextuelle s&rsquo;affiche, vous devriez toujours pouvoir acheter un billet pour jouer \u00e0 ce prochain tirage. Mais m\u00eame si vous manquez le prochain tirage, vous pouvez toujours cr\u00e9er un ticket pour le prochain tirage, qui n&rsquo;est qu&rsquo;\u00e0 quelques minutes !<\/p>\n<p>Les tirages du Keno sont des tirages virtuels, les num\u00e9ros \u00e9tant g\u00e9n\u00e9r\u00e9s par un g\u00e9n\u00e9rateur de nombres al\u00e9atoires certifi\u00e9. Ainsi, vous pouvez \u00eatre s\u00fbr que lorsque vous jouez au Keno en ligne sur notre site web, le jeu est toujours \u00e9quitable.<\/p>\n<p>Soit dit en passant, il ne s&rsquo;agit pas d&rsquo;une loterie publique, dans laquelle vous pouvez acheter des tickets quelque part dans un point de vente de loterie. C&rsquo;est pourquoi, pour les jeux de Keno, vous ne recevrez pas de ticket scann\u00e9, mais simplement une confirmation dans votre compte joueur.<\/p>\n","protected":false},"excerpt":{"rendered":"<p>Vous ne savez pas comment jouer au Keno en ligne ? Vous savez comment fonctionne une loterie mais vous n&rsquo;avez jamais jou\u00e9 au Keno ? Laissez-moi vous expliquer comment jouer au Keno en ligne. Ce n&rsquo;est pas si difficile \u00e0 comprendre, et notre plateforme permet de cr\u00e9er facilement un ticket de Keno. Diff\u00e9rences entre une [&hellip;]<\/p>\n","protected":false},"author":8,"featured_media":0,"parent":0,"menu_order":5,"comment_status":"closed","ping_status":"closed","template":"","meta":{"_et_pb_use_builder":"","_et_pb_old_content":"","_et_gb_content_width":"","exclude_from_search":false,"footnotes":""},"class_list":["post-84392","page","type-page","status-publish","hentry"],"yoast_head":"<!-- This site is optimized with the Yoast SEO plugin v27.4 - https:\/\/yoast.com\/product\/yoast-seo-wordpress\/ -->\n<title>Comment jouer au Keno en ligne | R\u00e8gles et strat\u00e9gie du Keno en ligne<\/title>\n<meta name=\"description\" content=\"Vous voulez gagner gros au Keno ? Comment jouer au Keno en ligne pour remporter des prix allant jusqu&#039;\u00e0 10 millions d&#039;euros, avec des tirages qui n&#039;ont jamais lieu plus de quelques minutes\" \/>\n<meta name=\"robots\" content=\"index, follow, max-snippet:-1, max-image-preview:large, max-video-preview:-1\" \/>\n<link rel=\"canonical\" href=\"https:\/\/redfoxlotto.com\/fr\/keno\/\" \/>\n<meta property=\"og:locale\" content=\"fr_FR\" \/>\n<meta property=\"og:type\" content=\"article\" \/>\n<meta property=\"og:title\" content=\"Comment jouer au Keno en ligne | R\u00e8gles et strat\u00e9gie du Keno en ligne\" \/>\n<meta property=\"og:description\" content=\"Vous voulez gagner gros au Keno ? Comment jouer au Keno en ligne pour remporter des prix allant jusqu&#039;\u00e0 10 millions d&#039;euros, avec des tirages qui n&#039;ont jamais lieu plus de quelques minutes\" \/>\n<meta property=\"og:url\" content=\"https:\/\/redfoxlotto.com\/fr\/keno\/\" \/>\n<meta property=\"og:site_name\" content=\"Get Tickets for the World\u2019s largest jackpots\" \/>\n<meta property=\"article:modified_time\" content=\"2025-10-09T14:05:30+00:00\" \/>\n<meta property=\"og:image\" content=\"https:\/\/redfoxlotto.com\/wp-content\/uploads\/2025\/10\/3-scaled.png\" \/>\n<meta name=\"twitter:card\" content=\"summary_large_image\" \/>\n<meta name=\"twitter:label1\" content=\"Dur\u00e9e de lecture estim\u00e9e\" \/>\n\t<meta name=\"twitter:data1\" content=\"4 minutes\" \/>\n<script type=\"application\/ld+json\" class=\"yoast-schema-graph\">{\"@context\":\"https:\\\/\\\/schema.org\",\"@graph\":[{\"@type\":\"WebPage\",\"@id\":\"https:\\\/\\\/redfoxlotto.com\\\/fr\\\/keno\\\/\",\"url\":\"https:\\\/\\\/redfoxlotto.com\\\/fr\\\/keno\\\/\",\"name\":\"Comment jouer au Keno en ligne | R\u00e8gles et strat\u00e9gie du Keno en ligne\",\"isPartOf\":{\"@id\":\"https:\\\/\\\/redfoxlotto.com\\\/fr\\\/#website\"},\"primaryImageOfPage\":{\"@id\":\"https:\\\/\\\/redfoxlotto.com\\\/fr\\\/keno\\\/#primaryimage\"},\"image\":{\"@id\":\"https:\\\/\\\/redfoxlotto.com\\\/fr\\\/keno\\\/#primaryimage\"},\"thumbnailUrl\":\"https:\\\/\\\/redfoxlotto.com\\\/wp-content\\\/uploads\\\/2025\\\/10\\\/3-scaled.png\",\"datePublished\":\"2025-02-12T11:12:52+00:00\",\"dateModified\":\"2025-10-09T14:05:30+00:00\",\"description\":\"Vous voulez gagner gros au Keno ? Comment jouer au Keno en ligne pour remporter des prix allant jusqu'\u00e0 10 millions d'euros, avec des tirages qui n'ont jamais lieu plus de quelques minutes\",\"breadcrumb\":{\"@id\":\"https:\\\/\\\/redfoxlotto.com\\\/fr\\\/keno\\\/#breadcrumb\"},\"inLanguage\":\"fr-FR\",\"potentialAction\":[{\"@type\":\"ReadAction\",\"target\":[\"https:\\\/\\\/redfoxlotto.com\\\/fr\\\/keno\\\/\"]}]},{\"@type\":\"ImageObject\",\"inLanguage\":\"fr-FR\",\"@id\":\"https:\\\/\\\/redfoxlotto.com\\\/fr\\\/keno\\\/#primaryimage\",\"url\":\"https:\\\/\\\/redfoxlotto.com\\\/wp-content\\\/uploads\\\/2025\\\/10\\\/3-scaled.png\",\"contentUrl\":\"https:\\\/\\\/redfoxlotto.com\\\/wp-content\\\/uploads\\\/2025\\\/10\\\/3-scaled.png\"},{\"@type\":\"BreadcrumbList\",\"@id\":\"https:\\\/\\\/redfoxlotto.com\\\/fr\\\/keno\\\/#breadcrumb\",\"itemListElement\":[{\"@type\":\"ListItem\",\"position\":1,\"name\":\"Home\",\"item\":\"https:\\\/\\\/redfoxlotto.com\\\/fr\\\/\"},{\"@type\":\"ListItem\",\"position\":2,\"name\":\"Keno\"}]},{\"@type\":\"WebSite\",\"@id\":\"https:\\\/\\\/redfoxlotto.com\\\/fr\\\/#website\",\"url\":\"https:\\\/\\\/redfoxlotto.com\\\/fr\\\/\",\"name\":\"Get Tickets for the World\u2019s largest jackpots\",\"description\":\"Participate in worldwide lottery jackpots from any country\",\"publisher\":{\"@id\":\"https:\\\/\\\/redfoxlotto.com\\\/fr\\\/#organization\"},\"potentialAction\":[{\"@type\":\"SearchAction\",\"target\":{\"@type\":\"EntryPoint\",\"urlTemplate\":\"https:\\\/\\\/redfoxlotto.com\\\/fr\\\/?s={search_term_string}\"},\"query-input\":{\"@type\":\"PropertyValueSpecification\",\"valueRequired\":true,\"valueName\":\"search_term_string\"}}],\"inLanguage\":\"fr-FR\"},{\"@type\":\"Organization\",\"@id\":\"https:\\\/\\\/redfoxlotto.com\\\/fr\\\/#organization\",\"name\":\"Get Tickets for the World\u2019s largest jackpots\",\"url\":\"https:\\\/\\\/redfoxlotto.com\\\/fr\\\/\",\"logo\":{\"@type\":\"ImageObject\",\"inLanguage\":\"fr-FR\",\"@id\":\"https:\\\/\\\/redfoxlotto.com\\\/fr\\\/#\\\/schema\\\/logo\\\/image\\\/\",\"url\":\"https:\\\/\\\/redfoxlotto.com\\\/wp-content\\\/uploads\\\/2023\\\/04\\\/logo.png\",\"contentUrl\":\"https:\\\/\\\/redfoxlotto.com\\\/wp-content\\\/uploads\\\/2023\\\/04\\\/logo.png\",\"width\":269,\"height\":53,\"caption\":\"Get Tickets for the World\u2019s largest jackpots\"},\"image\":{\"@id\":\"https:\\\/\\\/redfoxlotto.com\\\/fr\\\/#\\\/schema\\\/logo\\\/image\\\/\"}}]}<\/script>\n<!-- \/ Yoast SEO plugin. -->","yoast_head_json":{"title":"Comment jouer au Keno en ligne | R\u00e8gles et strat\u00e9gie du Keno en ligne","description":"Vous voulez gagner gros au Keno ? Comment jouer au Keno en ligne pour remporter des prix allant jusqu'\u00e0 10 millions d'euros, avec des tirages qui n'ont jamais lieu plus de quelques minutes","robots":{"index":"index","follow":"follow","max-snippet":"max-snippet:-1","max-image-preview":"max-image-preview:large","max-video-preview":"max-video-preview:-1"},"canonical":"https:\/\/redfoxlotto.com\/fr\/keno\/","og_locale":"fr_FR","og_type":"article","og_title":"Comment jouer au Keno en ligne | R\u00e8gles et strat\u00e9gie du Keno en ligne","og_description":"Vous voulez gagner gros au Keno ? Comment jouer au Keno en ligne pour remporter des prix allant jusqu'\u00e0 10 millions d'euros, avec des tirages qui n'ont jamais lieu plus de quelques minutes","og_url":"https:\/\/redfoxlotto.com\/fr\/keno\/","og_site_name":"Get Tickets for the World\u2019s largest jackpots","article_modified_time":"2025-10-09T14:05:30+00:00","og_image":[{"url":"https:\/\/redfoxlotto.com\/wp-content\/uploads\/2025\/10\/3-scaled.png","type":"","width":"","height":""}],"twitter_card":"summary_large_image","twitter_misc":{"Dur\u00e9e de lecture estim\u00e9e":"4 minutes"},"schema":{"@context":"https:\/\/schema.org","@graph":[{"@type":"WebPage","@id":"https:\/\/redfoxlotto.com\/fr\/keno\/","url":"https:\/\/redfoxlotto.com\/fr\/keno\/","name":"Comment jouer au Keno en ligne | R\u00e8gles et strat\u00e9gie du Keno en ligne","isPartOf":{"@id":"https:\/\/redfoxlotto.com\/fr\/#website"},"primaryImageOfPage":{"@id":"https:\/\/redfoxlotto.com\/fr\/keno\/#primaryimage"},"image":{"@id":"https:\/\/redfoxlotto.com\/fr\/keno\/#primaryimage"},"thumbnailUrl":"https:\/\/redfoxlotto.com\/wp-content\/uploads\/2025\/10\/3-scaled.png","datePublished":"2025-02-12T11:12:52+00:00","dateModified":"2025-10-09T14:05:30+00:00","description":"Vous voulez gagner gros au Keno ? Comment jouer au Keno en ligne pour remporter des prix allant jusqu'\u00e0 10 millions d'euros, avec des tirages qui n'ont jamais lieu plus de quelques minutes","breadcrumb":{"@id":"https:\/\/redfoxlotto.com\/fr\/keno\/#breadcrumb"},"inLanguage":"fr-FR","potentialAction":[{"@type":"ReadAction","target":["https:\/\/redfoxlotto.com\/fr\/keno\/"]}]},{"@type":"ImageObject","inLanguage":"fr-FR","@id":"https:\/\/redfoxlotto.com\/fr\/keno\/#primaryimage","url":"https:\/\/redfoxlotto.com\/wp-content\/uploads\/2025\/10\/3-scaled.png","contentUrl":"https:\/\/redfoxlotto.com\/wp-content\/uploads\/2025\/10\/3-scaled.png"},{"@type":"BreadcrumbList","@id":"https:\/\/redfoxlotto.com\/fr\/keno\/#breadcrumb","itemListElement":[{"@type":"ListItem","position":1,"name":"Home","item":"https:\/\/redfoxlotto.com\/fr\/"},{"@type":"ListItem","position":2,"name":"Keno"}]},{"@type":"WebSite","@id":"https:\/\/redfoxlotto.com\/fr\/#website","url":"https:\/\/redfoxlotto.com\/fr\/","name":"Get Tickets for the World\u2019s largest jackpots","description":"Participate in worldwide lottery jackpots from any country","publisher":{"@id":"https:\/\/redfoxlotto.com\/fr\/#organization"},"potentialAction":[{"@type":"SearchAction","target":{"@type":"EntryPoint","urlTemplate":"https:\/\/redfoxlotto.com\/fr\/?s={search_term_string}"},"query-input":{"@type":"PropertyValueSpecification","valueRequired":true,"valueName":"search_term_string"}}],"inLanguage":"fr-FR"},{"@type":"Organization","@id":"https:\/\/redfoxlotto.com\/fr\/#organization","name":"Get Tickets for the World\u2019s largest jackpots","url":"https:\/\/redfoxlotto.com\/fr\/","logo":{"@type":"ImageObject","inLanguage":"fr-FR","@id":"https:\/\/redfoxlotto.com\/fr\/#\/schema\/logo\/image\/","url":"https:\/\/redfoxlotto.com\/wp-content\/uploads\/2023\/04\/logo.png","contentUrl":"https:\/\/redfoxlotto.com\/wp-content\/uploads\/2023\/04\/logo.png","width":269,"height":53,"caption":"Get Tickets for the World\u2019s largest jackpots"},"image":{"@id":"https:\/\/redfoxlotto.com\/fr\/#\/schema\/logo\/image\/"}}]}},"_links":{"self":[{"href":"https:\/\/redfoxlotto.com\/fr\/wp-json\/wp\/v2\/pages\/84392","targetHints":{"allow":["GET"]}}],"collection":[{"href":"https:\/\/redfoxlotto.com\/fr\/wp-json\/wp\/v2\/pages"}],"about":[{"href":"https:\/\/redfoxlotto.com\/fr\/wp-json\/wp\/v2\/types\/page"}],"author":[{"embeddable":true,"href":"https:\/\/redfoxlotto.com\/fr\/wp-json\/wp\/v2\/users\/8"}],"replies":[{"embeddable":true,"href":"https:\/\/redfoxlotto.com\/fr\/wp-json\/wp\/v2\/comments?post=84392"}],"version-history":[{"count":0,"href":"https:\/\/redfoxlotto.com\/fr\/wp-json\/wp\/v2\/pages\/84392\/revisions"}],"wp:attachment":[{"href":"https:\/\/redfoxlotto.com\/fr\/wp-json\/wp\/v2\/media?parent=84392"}],"curies":[{"name":"wp","href":"https:\/\/api.w.org\/{rel}","templated":true}]}}