{"id":49883,"date":"2023-04-13T18:01:41","date_gmt":"2023-04-13T18:01:41","guid":{"rendered":"https:\/\/redfoxlotto.eu\/?page_id=49883"},"modified":"2026-01-06T08:32:40","modified_gmt":"2026-01-06T08:32:40","slug":"votre-pays-de-residence-importe-peu-jouez-pour-les-plus-grandes-loteries-du-monde","status":"publish","type":"page","link":"https:\/\/redfoxlotto.com\/fr\/","title":{"rendered":"Votre pays de r\u00e9sidence importe peu, jouez pour les plus grandes loteries du monde"},"content":{"rendered":"<p><script type=\"application\/ld+json\">\n{\n  \"@context\": \"https:\/\/schema.org\",\n  \"@type\": \"Service\",\n  \"name\": \"Jouer \u00e0 Powerball en ligne\",\n  \"url\": \"https:\/\/redfoxlotto.com\/fr\/\",\n  \"description\": \"Les plus gros jackpots de loterie au monde accessibles partout \u2013 achetez vos billets de loterie en ligne d\u00e8s maintenant !\",\n  \"serviceType\": \"Service de messagerie de billets de loterie en ligne\",\n  \"provider\": {\n    \"@type\": \"Organization\",\n    \"name\": \"RedFoxLotto\",\n    \"url\": \"https:\/\/redfoxlotto.com\/fr\/\",\n    \"image\": \"https:\/\/redfoxlotto.com\/wp-content\/uploads\/2025\/12\/ticket_scans.jpg\"\n  },\n  \"areaServed\": \"Dans le monde entier\",\n  \"termsOfService\": \"https:\/\/redfoxlotto.com\/terms-and-conditions\",\n  \"additionalProperty\": {\n    \"@type\": \"PropertyValue\",\n    \"name\": \"FAQ\",\n    \"value\": \"https:\/\/redfoxlotto.com\/fr\/faq\/\"\n  },\n  \"hasOfferCatalog\": {\n    \"@type\": \"OfferCatalog\",\n    \"name\": \"Billets de loterie pour les loteries internationales\",\n    \"itemListElement\": [\n      {\n        \"@type\": \"Offer\",\n        \"name\": \"Billets pour Powerball, Mega Millions, Euromillions et plus encore\",\n        \"url\": \"https:\/\/redfoxlotto.com\/fr\/\",\n        \"description\": \"Achetez des billets pour les plus gros jackpots de loterie au monde.\",\n        \"availability\": \"https:\/\/schema.org\/InStock\",\n        \"itemOffered\": {\n          \"@type\": \"Service\",\n          \"name\": \"Billets de loterie internationaux\",\n          \"description\": \"Participez aux loteries internationales via RedFoxLotto.\"\n        }\n      }\n    ]\n  },\n  \"mainEntityOfPage\": {\n    \"@type\": \"WebPage\",\n    \"@id\": \"https:\/\/redfoxlotto.com\/fr\/\"\n  }\n}\n<\/script><\/p>\n<h2>Votre pays de r\u00e9sidence n\u2019a pas d\u2019importance, jouez aux plus grandes loteries du monde<\/h2>\n<p><img loading=\"lazy\" decoding=\"async\" class=\"size-full wp-image-4467 alignright\" src=\"https:\/\/redfoxlotto.com\/wp-content\/uploads\/2024\/03\/Balls_2.png\" alt=\"billet de loterie en ligne\" width=\"212\" height=\"250\" \/>Combien de fois avez-vous entendu parler de gagnants de loterie \u00e0 travers le monde ayant remport\u00e9 des sommes colossales ? Malheureusement, ces gains \u00e9normes ont principalement \u00e9t\u00e9 r\u00e9alis\u00e9s dans d\u2019autres pays. Bien s\u00fbr, de gros jackpots apparaissent aussi de temps \u00e0 autre dans votre propre pays, mais il faut souvent beaucoup de temps avant qu\u2019un jackpot atteigne un montant vraiment \u00e9lev\u00e9. Si vous attendez de d\u00e9crocher un gros jackpot, vous devrez peut-\u00eatre patienter.<\/p>\n<p>Mais d\u00e9sormais, vous pouvez acheter des billets de loterie en ligne pour les plus gros jackpots du monde. Cela signifie que vous pouvez participer \u00e0 des loteries en dehors de votre pays. C\u2019est enti\u00e8rement l\u00e9gal et tr\u00e8s pratique. Vous pouvez commander votre billet de loterie en ligne en quelques clics seulement. Vous payez ensuite, par exemple, par carte de cr\u00e9dit via un processus totalement s\u00e9curis\u00e9. Vous pouvez \u00e9galement utiliser l\u2019un de nos autres moyens de paiement. Vous recevrez rapidement un e-mail de confirmation. Aucun billet ne peut \u00eatre perdu, et nous vous informerons automatiquement de tout gain. Ainsi, vous ne manquerez jamais un gain parce que vous auriez oubli\u00e9 de v\u00e9rifier les r\u00e9sultats !<\/p>\n<h2>Le principal avantage de l\u2019achat d\u2019un billet de loterie en ligne<\/h2>\n<p>Le principal avantage est que vous pouvez toujours acheter des billets pour les loteries dont les jackpots sont actuellement \u00e0 leur niveau le plus \u00e9lev\u00e9. Peu importe le montant que vous d\u00e9pensez en billets de loterie. Il est clairement plus rentable d\u2019investir dans un jackpot de 150 millions que dans un gain de deux millions. Avec davantage de loteries disponibles en ligne, vous pourrez trouver au moins un \u00e9norme jackpot chaque semaine. Cela vous offre un meilleur rapport co\u00fbt\/gain potentiel que votre loterie locale. Et parfois, ces jackpots atteignent des montants vertigineux.<\/p>\n<p>Le jackpot record mondial s\u2019\u00e9l\u00e8ve \u00e0 2 040 000 000 $ (en juillet 2023). Il a \u00e9t\u00e9 remport\u00e9 le 22 novembre 2022 \u00e0 la loterie am\u00e9ricaine Powerball. Le 13 janvier 2016, un autre jackpot de 1,586 milliard de dollars a \u00e9galement \u00e9t\u00e9 gagn\u00e9 \u00e0 Powerball. Le troisi\u00e8me plus gros jackpot de tous les temps a \u00e9t\u00e9 remport\u00e9 \u00e0 la loterie Mega Millions le 23 octobre 2018, lorsqu\u2019un heureux gagnant a d\u00e9croch\u00e9 1,537 milliard de dollars.<\/p>\n<p>De nombreux gains importants pr\u00e9c\u00e9dents dans ces loteries ont \u00e9t\u00e9 r\u00e9alis\u00e9s gr\u00e2ce \u00e0 l\u2019achat de billets en ligne.<\/p>\n<h2>Que se passe-t-il apr\u00e8s avoir command\u00e9 mon billet en ligne ?<\/h2>\n<p><img loading=\"lazy\" decoding=\"async\" class=\"size-medium wp-image-39298 alignright\" src=\"https:\/\/redfoxlotto.com\/wp-content\/uploads\/2023\/04\/1_play_online_lotto.jpg\" alt=\"jouer au loto en ligne\" width=\"300\" height=\"300\" \/>Le service propos\u00e9 par RedFoxLotto.com consiste \u00e0 disposer d\u2019employ\u00e9s dans les pays des diff\u00e9rentes loteries. Ils ach\u00e8tent les billets que vous avez command\u00e9s. Il s\u2019agit de v\u00e9ritables billets de loterie officiels. Nous garantissons que les billets comportent les num\u00e9ros que vous avez choisis. Apr\u00e8s l\u2019achat, vous recevrez un e-mail de confirmation. Vous pouvez consulter votre commande et v\u00e9rifier vos num\u00e9ros dans votre espace client. Peu apr\u00e8s votre commande, une copie scann\u00e9e du billet achet\u00e9 pour vous sera t\u00e9l\u00e9charg\u00e9e dans votre compte client.<\/p>\n<h2>Et si je gagne ?<\/h2>\n<p>L\u00e0 encore, nous simplifions tout pour vous. Tous les gains inf\u00e9rieurs \u00e0 2 500 \u20ac seront imm\u00e9diatement cr\u00e9dit\u00e9s sur votre compte client RedFoxLotto. \u00c0 partir de l\u00e0, vous disposez des m\u00eames options de paiement que celles utilis\u00e9es pour r\u00e9gler vos billets. Si vos gains d\u00e9passent 2 500 \u20ac, notre service client vous contactera afin d\u2019organiser le paiement. Nous contacterons la commission de loterie concern\u00e9e en votre nom. Un tel paiement est g\u00e9n\u00e9ralement effectu\u00e9 directement sur votre compte bancaire ou par ch\u00e8que.<\/p>\n<p>Nous traitons vos gains gratuitement, \u00e0 l\u2019exception de frais minimes pour les virements bancaires vers certaines banques.<\/p>\n<p>Pour plus d\u2019informations, veuillez consulter notre FAQ. Si vous n\u2019y trouvez pas de r\u00e9ponse \u00e0 vos questions, n\u2019h\u00e9sitez pas \u00e0 contacter notre \u00e9quipe d\u2019assistance.<\/p>\n<p>Il n\u2019y a donc plus aucune raison de se contenter de jackpots plus modestes ! Choisissez simplement un jackpot plus important sur notre site, s\u00e9lectionnez vos num\u00e9ros et vous pourriez bient\u00f4t devenir le prochain multimillionnaire du loto ! Nous vous souhaitons bonne chance !<\/p>\n","protected":false},"excerpt":{"rendered":"<p>Votre pays de r\u00e9sidence n\u2019a pas d\u2019importance, jouez aux plus grandes loteries du monde Combien de fois avez-vous entendu parler de gagnants de loterie \u00e0 travers le monde ayant remport\u00e9 des sommes colossales ? Malheureusement, ces gains \u00e9normes ont principalement \u00e9t\u00e9 r\u00e9alis\u00e9s dans d\u2019autres pays. Bien s\u00fbr, de gros jackpots apparaissent aussi de temps \u00e0 [&hellip;]<\/p>\n","protected":false},"author":1,"featured_media":0,"parent":0,"menu_order":1,"comment_status":"closed","ping_status":"closed","template":"lotto.php","meta":{"_et_pb_use_builder":"","_et_pb_old_content":"","_et_gb_content_width":"","exclude_from_search":false,"footnotes":""},"class_list":["post-49883","page","type-page","status-publish","hentry"],"yoast_head":"<!-- This site is optimized with the Yoast SEO plugin v23.8 - https:\/\/yoast.com\/wordpress\/plugins\/seo\/ -->\n<title>Lotto en ligne | Acheter des billets pour les plus grandes loteries du monde en ligne<\/title>\n<meta name=\"description\" content=\"Les plus grandes loteries du monde - achetez des billets en ligne maintenant, de n&#039;importe o\u00f9 !\" \/>\n<meta name=\"robots\" content=\"index, follow, max-snippet:-1, max-image-preview:large, max-video-preview:-1\" \/>\n<link rel=\"canonical\" href=\"https:\/\/redfoxlotto.com\/fr\/\" \/>\n<meta property=\"og:locale\" content=\"fr_FR\" \/>\n<meta property=\"og:type\" content=\"article\" \/>\n<meta property=\"og:title\" content=\"Lotto en ligne | Acheter des billets pour les plus grandes loteries du monde en ligne\" \/>\n<meta property=\"og:description\" content=\"Les plus grandes loteries du monde - achetez des billets en ligne maintenant, de n&#039;importe o\u00f9 !\" \/>\n<meta property=\"og:url\" content=\"https:\/\/redfoxlotto.com\/fr\/\" \/>\n<meta property=\"og:site_name\" content=\"Get Tickets for the World\u2019s largest jackpots\" \/>\n<meta property=\"article:modified_time\" content=\"2026-01-06T08:32:40+00:00\" \/>\n<meta property=\"og:image\" content=\"https:\/\/redfoxlotto.com\/wp-content\/uploads\/2024\/03\/Balls_2.png\" \/>\n<meta name=\"twitter:card\" content=\"summary_large_image\" \/>\n<meta name=\"twitter:label1\" content=\"Dur\u00e9e de lecture estim\u00e9e\" \/>\n\t<meta name=\"twitter:data1\" content=\"4 minutes\" \/>\n<script type=\"application\/ld+json\" class=\"yoast-schema-graph\">{\"@context\":\"https:\/\/schema.org\",\"@graph\":[{\"@type\":\"WebPage\",\"@id\":\"https:\/\/redfoxlotto.com\/fr\/\",\"url\":\"https:\/\/redfoxlotto.com\/fr\/\",\"name\":\"Lotto en ligne | Acheter des billets pour les plus grandes loteries du monde en ligne\",\"isPartOf\":{\"@id\":\"https:\/\/redfoxlotto.com\/fr\/#website\"},\"primaryImageOfPage\":{\"@id\":\"https:\/\/redfoxlotto.com\/fr\/#primaryimage\"},\"image\":{\"@id\":\"https:\/\/redfoxlotto.com\/fr\/#primaryimage\"},\"thumbnailUrl\":\"https:\/\/redfoxlotto.com\/wp-content\/uploads\/2024\/03\/Balls_2.png\",\"datePublished\":\"2023-04-13T18:01:41+00:00\",\"dateModified\":\"2026-01-06T08:32:40+00:00\",\"description\":\"Les plus grandes loteries du monde - achetez des billets en ligne maintenant, de n'importe o\u00f9 !\",\"breadcrumb\":{\"@id\":\"https:\/\/redfoxlotto.com\/fr\/#breadcrumb\"},\"inLanguage\":\"fr-FR\",\"potentialAction\":[{\"@type\":\"ReadAction\",\"target\":[\"https:\/\/redfoxlotto.com\/fr\/\"]}]},{\"@type\":\"ImageObject\",\"inLanguage\":\"fr-FR\",\"@id\":\"https:\/\/redfoxlotto.com\/fr\/#primaryimage\",\"url\":\"https:\/\/redfoxlotto.com\/wp-content\/uploads\/2024\/03\/Balls_2.png\",\"contentUrl\":\"https:\/\/redfoxlotto.com\/wp-content\/uploads\/2024\/03\/Balls_2.png\"},{\"@type\":\"BreadcrumbList\",\"@id\":\"https:\/\/redfoxlotto.com\/fr\/#breadcrumb\",\"itemListElement\":[{\"@type\":\"ListItem\",\"position\":1,\"name\":\"Home\",\"item\":\"https:\/\/redfoxlotto.com\/fr\/\"},{\"@type\":\"ListItem\",\"position\":2,\"name\":\"Votre pays de r\u00e9sidence importe peu, jouez pour les plus grandes loteries du monde\"}]},{\"@type\":\"WebSite\",\"@id\":\"https:\/\/redfoxlotto.com\/fr\/#website\",\"url\":\"https:\/\/redfoxlotto.com\/fr\/\",\"name\":\"Get Tickets for the World\u2019s largest jackpots\",\"description\":\"Participate in worldwide lottery jackpots from any country\",\"publisher\":{\"@id\":\"https:\/\/redfoxlotto.com\/fr\/#organization\"},\"potentialAction\":[{\"@type\":\"SearchAction\",\"target\":{\"@type\":\"EntryPoint\",\"urlTemplate\":\"https:\/\/redfoxlotto.com\/fr\/?s={search_term_string}\"},\"query-input\":{\"@type\":\"PropertyValueSpecification\",\"valueRequired\":true,\"valueName\":\"search_term_string\"}}],\"inLanguage\":\"fr-FR\"},{\"@type\":\"Organization\",\"@id\":\"https:\/\/redfoxlotto.com\/fr\/#organization\",\"name\":\"Get Tickets for the World\u2019s largest jackpots\",\"url\":\"https:\/\/redfoxlotto.com\/fr\/\",\"logo\":{\"@type\":\"ImageObject\",\"inLanguage\":\"fr-FR\",\"@id\":\"https:\/\/redfoxlotto.com\/fr\/#\/schema\/logo\/image\/\",\"url\":\"https:\/\/redfoxlotto.com\/wp-content\/uploads\/2023\/04\/logo.png\",\"contentUrl\":\"https:\/\/redfoxlotto.com\/wp-content\/uploads\/2023\/04\/logo.png\",\"width\":269,\"height\":53,\"caption\":\"Get Tickets for the World\u2019s largest jackpots\"},\"image\":{\"@id\":\"https:\/\/redfoxlotto.com\/fr\/#\/schema\/logo\/image\/\"}}]}<\/script>\n<!-- \/ Yoast SEO plugin. -->","yoast_head_json":{"title":"Lotto en ligne | Acheter des billets pour les plus grandes loteries du monde en ligne","description":"Les plus grandes loteries du monde - achetez des billets en ligne maintenant, de n'importe o\u00f9 !","robots":{"index":"index","follow":"follow","max-snippet":"max-snippet:-1","max-image-preview":"max-image-preview:large","max-video-preview":"max-video-preview:-1"},"canonical":"https:\/\/redfoxlotto.com\/fr\/","og_locale":"fr_FR","og_type":"article","og_title":"Lotto en ligne | Acheter des billets pour les plus grandes loteries du monde en ligne","og_description":"Les plus grandes loteries du monde - achetez des billets en ligne maintenant, de n'importe o\u00f9 !","og_url":"https:\/\/redfoxlotto.com\/fr\/","og_site_name":"Get Tickets for the World\u2019s largest jackpots","article_modified_time":"2026-01-06T08:32:40+00:00","og_image":[{"url":"https:\/\/redfoxlotto.com\/wp-content\/uploads\/2024\/03\/Balls_2.png"}],"twitter_card":"summary_large_image","twitter_misc":{"Dur\u00e9e de lecture estim\u00e9e":"4 minutes"},"schema":{"@context":"https:\/\/schema.org","@graph":[{"@type":"WebPage","@id":"https:\/\/redfoxlotto.com\/fr\/","url":"https:\/\/redfoxlotto.com\/fr\/","name":"Lotto en ligne | Acheter des billets pour les plus grandes loteries du monde en ligne","isPartOf":{"@id":"https:\/\/redfoxlotto.com\/fr\/#website"},"primaryImageOfPage":{"@id":"https:\/\/redfoxlotto.com\/fr\/#primaryimage"},"image":{"@id":"https:\/\/redfoxlotto.com\/fr\/#primaryimage"},"thumbnailUrl":"https:\/\/redfoxlotto.com\/wp-content\/uploads\/2024\/03\/Balls_2.png","datePublished":"2023-04-13T18:01:41+00:00","dateModified":"2026-01-06T08:32:40+00:00","description":"Les plus grandes loteries du monde - achetez des billets en ligne maintenant, de n'importe o\u00f9 !","breadcrumb":{"@id":"https:\/\/redfoxlotto.com\/fr\/#breadcrumb"},"inLanguage":"fr-FR","potentialAction":[{"@type":"ReadAction","target":["https:\/\/redfoxlotto.com\/fr\/"]}]},{"@type":"ImageObject","inLanguage":"fr-FR","@id":"https:\/\/redfoxlotto.com\/fr\/#primaryimage","url":"https:\/\/redfoxlotto.com\/wp-content\/uploads\/2024\/03\/Balls_2.png","contentUrl":"https:\/\/redfoxlotto.com\/wp-content\/uploads\/2024\/03\/Balls_2.png"},{"@type":"BreadcrumbList","@id":"https:\/\/redfoxlotto.com\/fr\/#breadcrumb","itemListElement":[{"@type":"ListItem","position":1,"name":"Home","item":"https:\/\/redfoxlotto.com\/fr\/"},{"@type":"ListItem","position":2,"name":"Votre pays de r\u00e9sidence importe peu, jouez pour les plus grandes loteries du monde"}]},{"@type":"WebSite","@id":"https:\/\/redfoxlotto.com\/fr\/#website","url":"https:\/\/redfoxlotto.com\/fr\/","name":"Get Tickets for the World\u2019s largest jackpots","description":"Participate in worldwide lottery jackpots from any country","publisher":{"@id":"https:\/\/redfoxlotto.com\/fr\/#organization"},"potentialAction":[{"@type":"SearchAction","target":{"@type":"EntryPoint","urlTemplate":"https:\/\/redfoxlotto.com\/fr\/?s={search_term_string}"},"query-input":{"@type":"PropertyValueSpecification","valueRequired":true,"valueName":"search_term_string"}}],"inLanguage":"fr-FR"},{"@type":"Organization","@id":"https:\/\/redfoxlotto.com\/fr\/#organization","name":"Get Tickets for the World\u2019s largest jackpots","url":"https:\/\/redfoxlotto.com\/fr\/","logo":{"@type":"ImageObject","inLanguage":"fr-FR","@id":"https:\/\/redfoxlotto.com\/fr\/#\/schema\/logo\/image\/","url":"https:\/\/redfoxlotto.com\/wp-content\/uploads\/2023\/04\/logo.png","contentUrl":"https:\/\/redfoxlotto.com\/wp-content\/uploads\/2023\/04\/logo.png","width":269,"height":53,"caption":"Get Tickets for the World\u2019s largest jackpots"},"image":{"@id":"https:\/\/redfoxlotto.com\/fr\/#\/schema\/logo\/image\/"}}]}},"_links":{"self":[{"href":"https:\/\/redfoxlotto.com\/fr\/wp-json\/wp\/v2\/pages\/49883","targetHints":{"allow":["GET"]}}],"collection":[{"href":"https:\/\/redfoxlotto.com\/fr\/wp-json\/wp\/v2\/pages"}],"about":[{"href":"https:\/\/redfoxlotto.com\/fr\/wp-json\/wp\/v2\/types\/page"}],"author":[{"embeddable":true,"href":"https:\/\/redfoxlotto.com\/fr\/wp-json\/wp\/v2\/users\/1"}],"replies":[{"embeddable":true,"href":"https:\/\/redfoxlotto.com\/fr\/wp-json\/wp\/v2\/comments?post=49883"}],"version-history":[{"count":0,"href":"https:\/\/redfoxlotto.com\/fr\/wp-json\/wp\/v2\/pages\/49883\/revisions"}],"wp:attachment":[{"href":"https:\/\/redfoxlotto.com\/fr\/wp-json\/wp\/v2\/media?parent=49883"}],"curies":[{"name":"wp","href":"https:\/\/api.w.org\/{rel}","templated":true}]}}