{"id":2771,"date":"2020-04-16T13:14:59","date_gmt":"2020-04-16T13:14:59","guid":{"rendered":"https:\/\/redfoxlotto.com\/?page_id=2771"},"modified":"2023-05-19T09:20:05","modified_gmt":"2023-05-19T09:20:05","slug":"lotto-fr","status":"publish","type":"page","link":"https:\/\/redfoxlotto.com\/fr\/resultats\/lotto-fr\/","title":{"rendered":"R\u00e9sultats de la loterie fran\u00e7aise"},"content":{"rendered":"<p>Avez-vous commenc\u00e9 \u00e0 jouer au loto en ligne et maintenant vous voulez vous assurer que vous pouvez obtenir les num\u00e9ros gagnants aussi facilement que possible ? Nous jetterons un coup d&rsquo;\u0153il aux r\u00e9sultats de la loterie fran\u00e7aise et verrons ce qu&rsquo;ils pourraient signifier pour vous. Parce que si vous jouez \u00e0 cette loterie (ce que vous pouvez faire ici avec nous), vous voulez vous assurer de conna\u00eetre les r\u00e9sultats d\u00e8s qu&rsquo;ils seront disponibles, non ? C&rsquo;est plus facile que jamais pour toi de faire \u00e7a. <\/p><h2 class=\"wp-block-heading\">Retrouvez les num\u00e9ros gagnants de la loterie fran\u00e7aise<\/h2><p>La premi\u00e8re chose que vous devez savoir lorsque vous recherchez des r\u00e9sultats de loterie en ligne est o\u00f9 trouver les r\u00e9sultats officiels. Il existe toutes sortes de sites Web que vous pouvez consulter pour obtenir plus d&rsquo;informations, mais le meilleur endroit o\u00f9 aller est ici avec nous o\u00f9 vous avez achet\u00e9 le billet de loterie. Soit vous regardez plus haut sur cette page, soit si vous avez d\u00e9j\u00e0 achet\u00e9 un billet de loterie chez nous en France, il y a un moyen plus simple. Jetez un coup d&rsquo;\u0153il \u00e0 vos billets actuels dans votre compte client chez nous. Vous pourrez alors voir imm\u00e9diatement lesquels de vos num\u00e9ros choisis ont \u00e9t\u00e9 gagn\u00e9s &#8211; ils seront mis en \u00e9vidence. Vous pouvez ainsi v\u00e9rifier imm\u00e9diatement si et combien vous avez gagn\u00e9.<\/p><p>D&rsquo;ailleurs, nous vous informons \u00e9galement par courriel de chaque gain, afin que vous n&rsquo;ayez pas \u00e0 vous soucier de rien manquer !<\/p><h2 class=\"wp-block-heading\">Comprendre les cat\u00e9gories de prix<\/h2><p>Lorsque vous trouvez les r\u00e9sultats gagnants, vous voulez examiner de plus pr\u00e8s des choses comme les classes gagnantes et savoir quels chiffres vous avez r\u00e9ellement inscrits correctement. Apr\u00e8s tout, la loterie fran\u00e7aise fonctionne de la m\u00eame fa\u00e7on que plusieurs autres jeux de loterie dans le monde. Pour gagner le jackpot, vous devez avoir tous les bons num\u00e9ros en m\u00eame temps, dans ce cas cinq boules plus le bonus. Ce sera difficile, mais ce ne sera certainement pas impossible (les gens gagnent \u00e0 la loterie tout le temps, alors pourquoi pas vous ?). Donc, si vous tapez correctement chacun de ces num\u00e9ros et choisissez le num\u00e9ro bonus correctement, vous gagnez le jackpot qui ne cesse d&rsquo;augmenter. <\/p><p>Si vous n&rsquo;avez que quelques num\u00e9ros \u00e0 droite, vous gagnerez d\u00e9j\u00e0 un prix. Vous ne gagnerez pas beaucoup si vous avez seulement le num\u00e9ro bonus, ou m\u00eame si vous avez un ou deux des num\u00e9ros principaux. Mais si vous en touchez quatre, vous obtiendrez d\u00e9j\u00e0 un assez bon prix et si vous pouvez en obtenir au moins quatre avec la balle bonus, vous vous en tirerez tr\u00e8s bien. <\/p><h2 class=\"wp-block-heading\">Jouer \u00e0 vos jeux pr\u00e9f\u00e9r\u00e9s<\/h2><p>Si vous voulez trouver les r\u00e9sultats de la loterie fran\u00e7aise, le plus important est de chercher aux bons endroits. Les r\u00e9sultats sont tir\u00e9s au sort tous les lundis, mercredis et samedis, ce qui signifie que vous aurez beaucoup de chances de gagner, et le jackpot ne cesse de cro\u00eetre chaque jour, donc si vous ne le gagnez pas aujourd&rsquo;hui, vous pourriez \u00eatre un grand gagnant dans quelques jours seulement !<\/p>","protected":false},"excerpt":{"rendered":"<p>Avez-vous commenc\u00e9 \u00e0 jouer au loto en ligne et maintenant vous voulez vous assurer que vous pouvez obtenir les num\u00e9ros gagnants aussi facilement que possible ? Nous jetterons un coup d&rsquo;\u0153il aux r\u00e9sultats de la loterie fran\u00e7aise et verrons ce qu&rsquo;ils pourraient signifier pour vous. Parce que si vous jouez \u00e0 cette loterie (ce que [&hellip;]<\/p>\n","protected":false},"author":1,"featured_media":0,"parent":1528,"menu_order":32,"comment_status":"closed","ping_status":"closed","template":"lotto-fr-results.php","meta":{"_et_pb_use_builder":"","_et_pb_old_content":"","_et_gb_content_width":"","exclude_from_search":false,"footnotes":""},"class_list":["post-2771","page","type-page","status-publish","hentry"],"yoast_head":"<!-- This site is optimized with the Yoast SEO plugin v23.8 - https:\/\/yoast.com\/wordpress\/plugins\/seo\/ -->\n<title>Retrouvez les num\u00e9ros gagnants et les r\u00e9sultats du Loto fran\u00e7ais ici<\/title>\n<meta name=\"description\" content=\"Voici les r\u00e9sultats et les num\u00e9ros gagnants du Loto fran\u00e7ais - simple et sans complication\" \/>\n<meta name=\"robots\" content=\"index, follow, max-snippet:-1, max-image-preview:large, max-video-preview:-1\" \/>\n<link rel=\"canonical\" href=\"https:\/\/redfoxlotto.com\/fr\/resultats\/lotto-fr\/\" \/>\n<meta property=\"og:locale\" content=\"fr_FR\" \/>\n<meta property=\"og:type\" content=\"article\" \/>\n<meta property=\"og:title\" content=\"Retrouvez les num\u00e9ros gagnants et les r\u00e9sultats du Loto fran\u00e7ais ici\" \/>\n<meta property=\"og:description\" content=\"Voici les r\u00e9sultats et les num\u00e9ros gagnants du Loto fran\u00e7ais - simple et sans complication\" \/>\n<meta property=\"og:url\" content=\"https:\/\/redfoxlotto.com\/fr\/resultats\/lotto-fr\/\" \/>\n<meta property=\"og:site_name\" content=\"Get Tickets for the World\u2019s largest jackpots\" \/>\n<meta property=\"article:modified_time\" content=\"2023-05-19T09:20:05+00:00\" \/>\n<meta name=\"twitter:card\" content=\"summary_large_image\" \/>\n<meta name=\"twitter:label1\" content=\"Dur\u00e9e de lecture estim\u00e9e\" \/>\n\t<meta name=\"twitter:data1\" content=\"3 minutes\" \/>\n<script type=\"application\/ld+json\" class=\"yoast-schema-graph\">{\"@context\":\"https:\/\/schema.org\",\"@graph\":[{\"@type\":\"WebPage\",\"@id\":\"https:\/\/redfoxlotto.com\/fr\/resultats\/lotto-fr\/\",\"url\":\"https:\/\/redfoxlotto.com\/fr\/resultats\/lotto-fr\/\",\"name\":\"Retrouvez les num\u00e9ros gagnants et les r\u00e9sultats du Loto fran\u00e7ais ici\",\"isPartOf\":{\"@id\":\"https:\/\/redfoxlotto.com\/fr\/#website\"},\"datePublished\":\"2020-04-16T13:14:59+00:00\",\"dateModified\":\"2023-05-19T09:20:05+00:00\",\"description\":\"Voici les r\u00e9sultats et les num\u00e9ros gagnants du Loto fran\u00e7ais - simple et sans complication\",\"breadcrumb\":{\"@id\":\"https:\/\/redfoxlotto.com\/fr\/resultats\/lotto-fr\/#breadcrumb\"},\"inLanguage\":\"fr-FR\",\"potentialAction\":[{\"@type\":\"ReadAction\",\"target\":[\"https:\/\/redfoxlotto.com\/fr\/resultats\/lotto-fr\/\"]}]},{\"@type\":\"BreadcrumbList\",\"@id\":\"https:\/\/redfoxlotto.com\/fr\/resultats\/lotto-fr\/#breadcrumb\",\"itemListElement\":[{\"@type\":\"ListItem\",\"position\":1,\"name\":\"Home\",\"item\":\"https:\/\/redfoxlotto.com\/fr\/\"},{\"@type\":\"ListItem\",\"position\":2,\"name\":\"R\u00e9sultats des loteries internationales\",\"item\":\"https:\/\/redfoxlotto.com\/fr\/resultats\/\"},{\"@type\":\"ListItem\",\"position\":3,\"name\":\"R\u00e9sultats de la loterie fran\u00e7aise\"}]},{\"@type\":\"WebSite\",\"@id\":\"https:\/\/redfoxlotto.com\/fr\/#website\",\"url\":\"https:\/\/redfoxlotto.com\/fr\/\",\"name\":\"Get Tickets for the World\u2019s largest jackpots\",\"description\":\"Participate in worldwide lottery jackpots from any country\",\"publisher\":{\"@id\":\"https:\/\/redfoxlotto.com\/fr\/#organization\"},\"potentialAction\":[{\"@type\":\"SearchAction\",\"target\":{\"@type\":\"EntryPoint\",\"urlTemplate\":\"https:\/\/redfoxlotto.com\/fr\/?s={search_term_string}\"},\"query-input\":{\"@type\":\"PropertyValueSpecification\",\"valueRequired\":true,\"valueName\":\"search_term_string\"}}],\"inLanguage\":\"fr-FR\"},{\"@type\":\"Organization\",\"@id\":\"https:\/\/redfoxlotto.com\/fr\/#organization\",\"name\":\"Get Tickets for the World\u2019s largest jackpots\",\"url\":\"https:\/\/redfoxlotto.com\/fr\/\",\"logo\":{\"@type\":\"ImageObject\",\"inLanguage\":\"fr-FR\",\"@id\":\"https:\/\/redfoxlotto.com\/fr\/#\/schema\/logo\/image\/\",\"url\":\"https:\/\/redfoxlotto.com\/wp-content\/uploads\/2023\/04\/logo.png\",\"contentUrl\":\"https:\/\/redfoxlotto.com\/wp-content\/uploads\/2023\/04\/logo.png\",\"width\":269,\"height\":53,\"caption\":\"Get Tickets for the World\u2019s largest jackpots\"},\"image\":{\"@id\":\"https:\/\/redfoxlotto.com\/fr\/#\/schema\/logo\/image\/\"}}]}<\/script>\n<!-- \/ Yoast SEO plugin. -->","yoast_head_json":{"title":"Retrouvez les num\u00e9ros gagnants et les r\u00e9sultats du Loto fran\u00e7ais ici","description":"Voici les r\u00e9sultats et les num\u00e9ros gagnants du Loto fran\u00e7ais - simple et sans complication","robots":{"index":"index","follow":"follow","max-snippet":"max-snippet:-1","max-image-preview":"max-image-preview:large","max-video-preview":"max-video-preview:-1"},"canonical":"https:\/\/redfoxlotto.com\/fr\/resultats\/lotto-fr\/","og_locale":"fr_FR","og_type":"article","og_title":"Retrouvez les num\u00e9ros gagnants et les r\u00e9sultats du Loto fran\u00e7ais ici","og_description":"Voici les r\u00e9sultats et les num\u00e9ros gagnants du Loto fran\u00e7ais - simple et sans complication","og_url":"https:\/\/redfoxlotto.com\/fr\/resultats\/lotto-fr\/","og_site_name":"Get Tickets for the World\u2019s largest jackpots","article_modified_time":"2023-05-19T09:20:05+00:00","twitter_card":"summary_large_image","twitter_misc":{"Dur\u00e9e de lecture estim\u00e9e":"3 minutes"},"schema":{"@context":"https:\/\/schema.org","@graph":[{"@type":"WebPage","@id":"https:\/\/redfoxlotto.com\/fr\/resultats\/lotto-fr\/","url":"https:\/\/redfoxlotto.com\/fr\/resultats\/lotto-fr\/","name":"Retrouvez les num\u00e9ros gagnants et les r\u00e9sultats du Loto fran\u00e7ais ici","isPartOf":{"@id":"https:\/\/redfoxlotto.com\/fr\/#website"},"datePublished":"2020-04-16T13:14:59+00:00","dateModified":"2023-05-19T09:20:05+00:00","description":"Voici les r\u00e9sultats et les num\u00e9ros gagnants du Loto fran\u00e7ais - simple et sans complication","breadcrumb":{"@id":"https:\/\/redfoxlotto.com\/fr\/resultats\/lotto-fr\/#breadcrumb"},"inLanguage":"fr-FR","potentialAction":[{"@type":"ReadAction","target":["https:\/\/redfoxlotto.com\/fr\/resultats\/lotto-fr\/"]}]},{"@type":"BreadcrumbList","@id":"https:\/\/redfoxlotto.com\/fr\/resultats\/lotto-fr\/#breadcrumb","itemListElement":[{"@type":"ListItem","position":1,"name":"Home","item":"https:\/\/redfoxlotto.com\/fr\/"},{"@type":"ListItem","position":2,"name":"R\u00e9sultats des loteries internationales","item":"https:\/\/redfoxlotto.com\/fr\/resultats\/"},{"@type":"ListItem","position":3,"name":"R\u00e9sultats de la loterie fran\u00e7aise"}]},{"@type":"WebSite","@id":"https:\/\/redfoxlotto.com\/fr\/#website","url":"https:\/\/redfoxlotto.com\/fr\/","name":"Get Tickets for the World\u2019s largest jackpots","description":"Participate in worldwide lottery jackpots from any country","publisher":{"@id":"https:\/\/redfoxlotto.com\/fr\/#organization"},"potentialAction":[{"@type":"SearchAction","target":{"@type":"EntryPoint","urlTemplate":"https:\/\/redfoxlotto.com\/fr\/?s={search_term_string}"},"query-input":{"@type":"PropertyValueSpecification","valueRequired":true,"valueName":"search_term_string"}}],"inLanguage":"fr-FR"},{"@type":"Organization","@id":"https:\/\/redfoxlotto.com\/fr\/#organization","name":"Get Tickets for the World\u2019s largest jackpots","url":"https:\/\/redfoxlotto.com\/fr\/","logo":{"@type":"ImageObject","inLanguage":"fr-FR","@id":"https:\/\/redfoxlotto.com\/fr\/#\/schema\/logo\/image\/","url":"https:\/\/redfoxlotto.com\/wp-content\/uploads\/2023\/04\/logo.png","contentUrl":"https:\/\/redfoxlotto.com\/wp-content\/uploads\/2023\/04\/logo.png","width":269,"height":53,"caption":"Get Tickets for the World\u2019s largest jackpots"},"image":{"@id":"https:\/\/redfoxlotto.com\/fr\/#\/schema\/logo\/image\/"}}]}},"_links":{"self":[{"href":"https:\/\/redfoxlotto.com\/fr\/wp-json\/wp\/v2\/pages\/2771","targetHints":{"allow":["GET"]}}],"collection":[{"href":"https:\/\/redfoxlotto.com\/fr\/wp-json\/wp\/v2\/pages"}],"about":[{"href":"https:\/\/redfoxlotto.com\/fr\/wp-json\/wp\/v2\/types\/page"}],"author":[{"embeddable":true,"href":"https:\/\/redfoxlotto.com\/fr\/wp-json\/wp\/v2\/users\/1"}],"replies":[{"embeddable":true,"href":"https:\/\/redfoxlotto.com\/fr\/wp-json\/wp\/v2\/comments?post=2771"}],"version-history":[{"count":0,"href":"https:\/\/redfoxlotto.com\/fr\/wp-json\/wp\/v2\/pages\/2771\/revisions"}],"up":[{"embeddable":true,"href":"https:\/\/redfoxlotto.com\/fr\/wp-json\/wp\/v2\/pages\/1528"}],"wp:attachment":[{"href":"https:\/\/redfoxlotto.com\/fr\/wp-json\/wp\/v2\/media?parent=2771"}],"curies":[{"name":"wp","href":"https:\/\/api.w.org\/{rel}","templated":true}]}}