{"id":2769,"date":"2019-08-09T14:33:52","date_gmt":"2019-08-09T14:33:52","guid":{"rendered":"https:\/\/redfoxlotto.com\/?page_id=2769"},"modified":"2023-05-06T10:21:19","modified_gmt":"2023-05-06T10:21:19","slug":"lotto-fr","status":"publish","type":"page","link":"https:\/\/redfoxlotto.com\/fr\/loterie\/lotto-fr\/","title":{"rendered":"A propos du Loto fran\u00e7ais"},"content":{"rendered":"<p>Vous \u00eates \u00e0 la recherche d&rsquo;un nouveau jeu, mais vous ne savez pas lequel choisir ? Eh bien, si vous n&rsquo;avez pas encore d\u00e9cid\u00e9, vous devriez jeter un oeil \u00e0 la fa\u00e7on d&rsquo;acheter des billets de loto fran\u00e7ais en ligne. Ce sera l&rsquo;une de vos meilleures options une fois que vous saurez comment cela fonctionne, parce que ce sera facile et excitant pour tous ceux qui aiment les loteries. Apr\u00e8s tout, il s&rsquo;agit de taper les bons chiffres et peut-\u00eatre de gagner le gros lot, non ?<\/p><p><!--more--><\/p><h2 class=\"wp-block-heading\">O\u00f9 tout a commenc\u00e9<\/h2><p>Vous serez peut-\u00eatre surpris d&rsquo;apprendre que la loterie en France date de 1505. Le roi Fran\u00e7ois Ier l&rsquo;a commenc\u00e9 avec ses citoyens, mais le jeu a chang\u00e9 avec le temps. Cependant, le processus g\u00e9n\u00e9ral sera tr\u00e8s similaire \u00e0 n&rsquo;importe quel autre jeu de loterie auquel vous avez jou\u00e9. Et vous aurez l&rsquo;occasion de jouer de tr\u00e8s bons prix, ce qui sera certainement un aspect important, n&rsquo;est-ce pas ?<\/p><h2 class=\"wp-block-heading\">Comment cela fonctionne<\/h2><p>La loterie fran\u00e7aise a trois tirages par semaine, vous aurez donc de nombreuses occasions de jouer. Chaque lundi, mercredi et samedi, ils font un nouveau tirage au sort. C&rsquo;est d&rsquo;autant plus important si l&rsquo;on consid\u00e8re que le jackpot ici sera l&rsquo;un des plus importants. Bien qu&rsquo;un jackpot de loterie typique soit assez petit, il cro\u00eet assez rapidement lors de tirages hebdomadaires ou bihebdomadaires &#8211; \u00e0 moins qu&rsquo;il ne soit gagn\u00e9 rapidement.<\/p><p>En plus de la fr\u00e9quence des tirages, le jeu est tr\u00e8s simple. La fa\u00e7on dont vous gagnerez le jackpot est si vous avez tous les cinq num\u00e9ros corrects et que vous avez \u00e9galement tap\u00e9 le bon num\u00e9ro bonus. Il y a donc six num\u00e9ros diff\u00e9rents qui sont appel\u00e9s, et vous pourriez gagner le gros jackpot, qui commence \u00e0 2.000.000.000 \u20ac, mais qui est g\u00e9n\u00e9ralement beaucoup plus \u00e9lev\u00e9. Ce sera certainement une grosse somme d&rsquo;argent. A 2 millions, le jackpot commence et de l\u00e0, il continue d&rsquo;augmenter. Cela signifie qu&rsquo;il y a toujours une bonne chance que vous gagniez plus que cela.<\/p><h2 class=\"wp-block-heading\">Choix des num\u00e9ros<\/h2><p>Il y a un certain nombre de fa\u00e7ons diff\u00e9rentes de choisir les num\u00e9ros que vous voulez jouer. En fait, tout d\u00e9pendra de vous, de la m\u00eame fa\u00e7on, comme si vous alliez jouer dans le magasin du coin. Vous pouvez remplir l&rsquo;un des num\u00e9ros d\u00e9sir\u00e9s en ligne vous-m\u00eame ou vous pouvez d\u00e9cider de laisser l&rsquo;ordinateur choisir les num\u00e9ros au hasard pour vous. Si vous entrez vos propres num\u00e9ros, vous \u00eates assur\u00e9 d&rsquo;avoir les num\u00e9ros que vous vouliez. D&rsquo;autre part, \u00ab\u00a0Quick Pick\u00a0\u00bb signifie que la machine g\u00e9n\u00e8re automatiquement des num\u00e9ros pour vous.<\/p><h2 class=\"wp-block-heading\">Comment gagner<\/h2><p>Quand il s&rsquo;agit de gagner quelque chose, vous devez examiner de plus pr\u00e8s ces chiffres. Tant que vous avez le num\u00e9ro bonus, vous gagnerez quelque chose. Si vous avez tap\u00e9 deux des num\u00e9ros r\u00e9guliers, mais pas le num\u00e9ro bonus correctement, vous gagnerez aussi quelque chose. Et pour chaque num\u00e9ro correct suppl\u00e9mentaire, vous gagnerez de plus en plus. Les gains les plus \u00e9lev\u00e9s sont obtenus avec quatre num\u00e9ros plus bonus ou avec les cinq num\u00e9ros plus bonus. Avoir seulement cinq num\u00e9ros sans bonus fait aussi une grande victoire.<\/p><h2 class=\"wp-block-heading\">Comment acheter des billets pour la Loterie Fran\u00e7aise en ligne<\/h2><p>Si vous \u00eates pr\u00eat \u00e0 acheter le premier lot, alors vous pouvez le faire maintenant ici avec nous. Vous ne pourrez pas vous rendre \u00e0 votre loterie locale comme vous en avez l&rsquo;habitude. Au lieu de cela, vous devez aller en ligne &#8211; ce qui ne devrait pas \u00eatre un probl\u00e8me pour vous parce que vous \u00eates d\u00e9j\u00e0 l\u00e0. Nous vous donnerons tous les avantages que vous obtiendriez si vous \u00e9tiez en France et que vous pouviez acheter les billets sur place.<\/p>","protected":false},"excerpt":{"rendered":"<p>Vous \u00eates \u00e0 la recherche d&rsquo;un nouveau jeu, mais vous ne savez pas lequel choisir ? Eh bien, si vous n&rsquo;avez pas encore d\u00e9cid\u00e9, vous devriez jeter un oeil \u00e0 la fa\u00e7on d&rsquo;acheter des billets de loto fran\u00e7ais en ligne. Ce sera l&rsquo;une de vos meilleures options une fois que vous saurez comment cela fonctionne, [&hellip;]<\/p>\n","protected":false},"author":1,"featured_media":0,"parent":1513,"menu_order":31,"comment_status":"closed","ping_status":"closed","template":"lotto-fr-info.php","meta":{"_et_pb_use_builder":"","_et_pb_old_content":"","_et_gb_content_width":"","exclude_from_search":false,"footnotes":""},"class_list":["post-2769","page","type-page","status-publish","hentry"],"yoast_head":"<!-- This site is optimized with the Yoast SEO plugin v27.4 - https:\/\/yoast.com\/product\/yoast-seo-wordpress\/ -->\n<title>Comment acheter des billets de loto en ligne<\/title>\n<meta name=\"description\" content=\"Achetez vos billets de loterie depuis la France sur RedFoxLotto.com\" \/>\n<meta name=\"robots\" content=\"index, follow, max-snippet:-1, max-image-preview:large, max-video-preview:-1\" \/>\n<link rel=\"canonical\" href=\"https:\/\/redfoxlotto.com\/fr\/loterie\/lotto-fr\/\" \/>\n<meta property=\"og:locale\" content=\"fr_FR\" \/>\n<meta property=\"og:type\" content=\"article\" \/>\n<meta property=\"og:title\" content=\"Comment acheter des billets de loto en ligne\" \/>\n<meta property=\"og:description\" content=\"Achetez vos billets de loterie depuis la France sur RedFoxLotto.com\" \/>\n<meta property=\"og:url\" content=\"https:\/\/redfoxlotto.com\/fr\/loterie\/lotto-fr\/\" \/>\n<meta property=\"og:site_name\" content=\"Get Tickets for the World\u2019s largest jackpots\" \/>\n<meta property=\"article:modified_time\" content=\"2023-05-06T10:21:19+00:00\" \/>\n<meta name=\"twitter:card\" content=\"summary_large_image\" \/>\n<meta name=\"twitter:label1\" content=\"Dur\u00e9e de lecture estim\u00e9e\" \/>\n\t<meta name=\"twitter:data1\" content=\"3 minutes\" \/>\n<script type=\"application\/ld+json\" class=\"yoast-schema-graph\">{\"@context\":\"https:\\\/\\\/schema.org\",\"@graph\":[{\"@type\":\"WebPage\",\"@id\":\"https:\\\/\\\/redfoxlotto.com\\\/fr\\\/loterie\\\/lotto-fr\\\/\",\"url\":\"https:\\\/\\\/redfoxlotto.com\\\/fr\\\/loterie\\\/lotto-fr\\\/\",\"name\":\"Comment acheter des billets de loto en ligne\",\"isPartOf\":{\"@id\":\"https:\\\/\\\/redfoxlotto.com\\\/fr\\\/#website\"},\"datePublished\":\"2019-08-09T14:33:52+00:00\",\"dateModified\":\"2023-05-06T10:21:19+00:00\",\"description\":\"Achetez vos billets de loterie depuis la France sur RedFoxLotto.com\",\"breadcrumb\":{\"@id\":\"https:\\\/\\\/redfoxlotto.com\\\/fr\\\/loterie\\\/lotto-fr\\\/#breadcrumb\"},\"inLanguage\":\"fr-FR\",\"potentialAction\":[{\"@type\":\"ReadAction\",\"target\":[\"https:\\\/\\\/redfoxlotto.com\\\/fr\\\/loterie\\\/lotto-fr\\\/\"]}]},{\"@type\":\"BreadcrumbList\",\"@id\":\"https:\\\/\\\/redfoxlotto.com\\\/fr\\\/loterie\\\/lotto-fr\\\/#breadcrumb\",\"itemListElement\":[{\"@type\":\"ListItem\",\"position\":1,\"name\":\"Home\",\"item\":\"https:\\\/\\\/redfoxlotto.com\\\/fr\\\/\"},{\"@type\":\"ListItem\",\"position\":2,\"name\":\"Processus d&rsquo;achat de billets de loterie internationaux en ligne\",\"item\":\"https:\\\/\\\/redfoxlotto.com\\\/fr\\\/loterie\\\/\"},{\"@type\":\"ListItem\",\"position\":3,\"name\":\"A propos du Loto fran\u00e7ais\"}]},{\"@type\":\"WebSite\",\"@id\":\"https:\\\/\\\/redfoxlotto.com\\\/fr\\\/#website\",\"url\":\"https:\\\/\\\/redfoxlotto.com\\\/fr\\\/\",\"name\":\"Get Tickets for the World\u2019s largest jackpots\",\"description\":\"Participate in worldwide lottery jackpots from any country\",\"publisher\":{\"@id\":\"https:\\\/\\\/redfoxlotto.com\\\/fr\\\/#organization\"},\"potentialAction\":[{\"@type\":\"SearchAction\",\"target\":{\"@type\":\"EntryPoint\",\"urlTemplate\":\"https:\\\/\\\/redfoxlotto.com\\\/fr\\\/?s={search_term_string}\"},\"query-input\":{\"@type\":\"PropertyValueSpecification\",\"valueRequired\":true,\"valueName\":\"search_term_string\"}}],\"inLanguage\":\"fr-FR\"},{\"@type\":\"Organization\",\"@id\":\"https:\\\/\\\/redfoxlotto.com\\\/fr\\\/#organization\",\"name\":\"Get Tickets for the World\u2019s largest jackpots\",\"url\":\"https:\\\/\\\/redfoxlotto.com\\\/fr\\\/\",\"logo\":{\"@type\":\"ImageObject\",\"inLanguage\":\"fr-FR\",\"@id\":\"https:\\\/\\\/redfoxlotto.com\\\/fr\\\/#\\\/schema\\\/logo\\\/image\\\/\",\"url\":\"https:\\\/\\\/redfoxlotto.com\\\/wp-content\\\/uploads\\\/2023\\\/04\\\/logo.png\",\"contentUrl\":\"https:\\\/\\\/redfoxlotto.com\\\/wp-content\\\/uploads\\\/2023\\\/04\\\/logo.png\",\"width\":269,\"height\":53,\"caption\":\"Get Tickets for the World\u2019s largest jackpots\"},\"image\":{\"@id\":\"https:\\\/\\\/redfoxlotto.com\\\/fr\\\/#\\\/schema\\\/logo\\\/image\\\/\"}}]}<\/script>\n<!-- \/ Yoast SEO plugin. -->","yoast_head_json":{"title":"Comment acheter des billets de loto en ligne","description":"Achetez vos billets de loterie depuis la France sur RedFoxLotto.com","robots":{"index":"index","follow":"follow","max-snippet":"max-snippet:-1","max-image-preview":"max-image-preview:large","max-video-preview":"max-video-preview:-1"},"canonical":"https:\/\/redfoxlotto.com\/fr\/loterie\/lotto-fr\/","og_locale":"fr_FR","og_type":"article","og_title":"Comment acheter des billets de loto en ligne","og_description":"Achetez vos billets de loterie depuis la France sur RedFoxLotto.com","og_url":"https:\/\/redfoxlotto.com\/fr\/loterie\/lotto-fr\/","og_site_name":"Get Tickets for the World\u2019s largest jackpots","article_modified_time":"2023-05-06T10:21:19+00:00","twitter_card":"summary_large_image","twitter_misc":{"Dur\u00e9e de lecture estim\u00e9e":"3 minutes"},"schema":{"@context":"https:\/\/schema.org","@graph":[{"@type":"WebPage","@id":"https:\/\/redfoxlotto.com\/fr\/loterie\/lotto-fr\/","url":"https:\/\/redfoxlotto.com\/fr\/loterie\/lotto-fr\/","name":"Comment acheter des billets de loto en ligne","isPartOf":{"@id":"https:\/\/redfoxlotto.com\/fr\/#website"},"datePublished":"2019-08-09T14:33:52+00:00","dateModified":"2023-05-06T10:21:19+00:00","description":"Achetez vos billets de loterie depuis la France sur RedFoxLotto.com","breadcrumb":{"@id":"https:\/\/redfoxlotto.com\/fr\/loterie\/lotto-fr\/#breadcrumb"},"inLanguage":"fr-FR","potentialAction":[{"@type":"ReadAction","target":["https:\/\/redfoxlotto.com\/fr\/loterie\/lotto-fr\/"]}]},{"@type":"BreadcrumbList","@id":"https:\/\/redfoxlotto.com\/fr\/loterie\/lotto-fr\/#breadcrumb","itemListElement":[{"@type":"ListItem","position":1,"name":"Home","item":"https:\/\/redfoxlotto.com\/fr\/"},{"@type":"ListItem","position":2,"name":"Processus d&rsquo;achat de billets de loterie internationaux en ligne","item":"https:\/\/redfoxlotto.com\/fr\/loterie\/"},{"@type":"ListItem","position":3,"name":"A propos du Loto fran\u00e7ais"}]},{"@type":"WebSite","@id":"https:\/\/redfoxlotto.com\/fr\/#website","url":"https:\/\/redfoxlotto.com\/fr\/","name":"Get Tickets for the World\u2019s largest jackpots","description":"Participate in worldwide lottery jackpots from any country","publisher":{"@id":"https:\/\/redfoxlotto.com\/fr\/#organization"},"potentialAction":[{"@type":"SearchAction","target":{"@type":"EntryPoint","urlTemplate":"https:\/\/redfoxlotto.com\/fr\/?s={search_term_string}"},"query-input":{"@type":"PropertyValueSpecification","valueRequired":true,"valueName":"search_term_string"}}],"inLanguage":"fr-FR"},{"@type":"Organization","@id":"https:\/\/redfoxlotto.com\/fr\/#organization","name":"Get Tickets for the World\u2019s largest jackpots","url":"https:\/\/redfoxlotto.com\/fr\/","logo":{"@type":"ImageObject","inLanguage":"fr-FR","@id":"https:\/\/redfoxlotto.com\/fr\/#\/schema\/logo\/image\/","url":"https:\/\/redfoxlotto.com\/wp-content\/uploads\/2023\/04\/logo.png","contentUrl":"https:\/\/redfoxlotto.com\/wp-content\/uploads\/2023\/04\/logo.png","width":269,"height":53,"caption":"Get Tickets for the World\u2019s largest jackpots"},"image":{"@id":"https:\/\/redfoxlotto.com\/fr\/#\/schema\/logo\/image\/"}}]}},"_links":{"self":[{"href":"https:\/\/redfoxlotto.com\/fr\/wp-json\/wp\/v2\/pages\/2769","targetHints":{"allow":["GET"]}}],"collection":[{"href":"https:\/\/redfoxlotto.com\/fr\/wp-json\/wp\/v2\/pages"}],"about":[{"href":"https:\/\/redfoxlotto.com\/fr\/wp-json\/wp\/v2\/types\/page"}],"author":[{"embeddable":true,"href":"https:\/\/redfoxlotto.com\/fr\/wp-json\/wp\/v2\/users\/1"}],"replies":[{"embeddable":true,"href":"https:\/\/redfoxlotto.com\/fr\/wp-json\/wp\/v2\/comments?post=2769"}],"version-history":[{"count":0,"href":"https:\/\/redfoxlotto.com\/fr\/wp-json\/wp\/v2\/pages\/2769\/revisions"}],"up":[{"embeddable":true,"href":"https:\/\/redfoxlotto.com\/fr\/wp-json\/wp\/v2\/pages\/1513"}],"wp:attachment":[{"href":"https:\/\/redfoxlotto.com\/fr\/wp-json\/wp\/v2\/media?parent=2769"}],"curies":[{"name":"wp","href":"https:\/\/api.w.org\/{rel}","templated":true}]}}