{"id":2767,"date":"2019-08-09T14:24:22","date_gmt":"2019-08-09T14:24:22","guid":{"rendered":"https:\/\/redfoxlotto.com\/?page_id=2767"},"modified":"2025-12-10T23:18:41","modified_gmt":"2025-12-10T23:18:41","slug":"lotto-fr","status":"publish","type":"page","link":"https:\/\/redfoxlotto.com\/fr\/jouer\/lotto-fr\/","title":{"rendered":"Jouer au Loto fran\u00e7ais"},"content":{"rendered":"<script type=\"application\/ld+json\">\r\n{\r\n\"@context\": \"https:\/\/schema.org\",\r\n\"@type\": \"Service\",\r\n\"name\": \"French Lotto online\",\r\n\"url\": \"https:\/\/redfoxlotto.com\/fr\/jouer\/lotto-fr\/\",\r\n\"description\": \"Achetez des billets officiels du Loto fran\u00e7ais en ligne via RedFoxLotto. Choisissez vos num\u00e9ros et participez au prochain tirage.\",\r\n\"serviceType\": \"Online lottery ticket purchase\",\r\n\r\n\"provider\": {\r\n\"@type\": \"Organization\",\r\n\"name\": \"RedFoxLotto\",\r\n\"url\": \"https:\/\/redfoxlotto.com\",\r\n\"logo\": \"https:\/\/redfoxlotto.com\/wp-content\/uploads\/logo.png\"\r\n},\r\n\r\n\"areaServed\": \"Worldwide\",\r\n\"termsOfService\": \"https:\/\/redfoxlotto.com\/terms-and-conditions\",\r\n\r\n\"hasOfferCatalog\": {\r\n\"@type\": \"OfferCatalog\",\r\n\"name\": \"French Lotto Offers\",\r\n\"itemListElement\": [\r\n{\r\n\"@type\": \"Offer\",\r\n\"name\": \"Lotto French Lotto Ticket\",\r\n\"url\": \"https:\/\/redfoxlotto.com\/fr\/jouer\/lotto-fr\/\",\r\n\"description\": \"Une participation au prochain tirage du Loto fran\u00e7ais.\",\r\n\"price\": \"6.00\",\r\n\"priceCurrency\": \"EUR\",\r\n\"availability\": \"https:\/\/schema.org\/InStock\",\r\n\r\n\"itemOffered\": {\r\n\"@type\": \"Service\",\r\n\"name\": \"French Lotto Lottery Entry\",\r\n\"description\": \"Participation au prochain tirage du Loto fran\u00e7ais via RedFoxLotto.\"\r\n}\r\n}\r\n]\r\n},\r\n\r\n\"mainEntityOfPage\": {\r\n\"@type\": \"WebPage\",\r\n\"@id\": \"https:\/\/redfoxlotto.com\/fr\/jouer\/lotto-fr\/\"\r\n}\r\n}\r\n<\/script><p>\u00cates-vous pr\u00eat \u00e0 jouer \u00e0 une autre loterie ? Si c&rsquo;est le cas, vous devriez jeter un coup d&rsquo;\u0153il \u00e0 la loterie fran\u00e7aise. Si vous n&rsquo;y avez jamais jou\u00e9 auparavant, vous serez peut-\u00eatre surpris de constater \u00e0 quel point il ressemble \u00e0 la loterie allemande. Apr\u00e8s tout, il s&rsquo;agit de s&rsquo;amuser et d&rsquo;avoir une autre chance de gagner un gros prix. Et avec la loterie fran\u00e7aise, vous en aurez beaucoup, parce que les prix ici sont certainement assez attrayants.<\/p><h2 class=\"wp-block-heading\">Comment jouer \u00e0 la loterie fran\u00e7aise en ligne <\/h2><p>Avez-vous d\u00e9j\u00e0 jou\u00e9 \u00e0 un autre type de loterie en ligne ? Ou peut-\u00eatre n&rsquo;\u00eates-vous jamais all\u00e9 \u00e0 votre magasin local que pour acheter des billets. Il ne s&rsquo;agit pas de billets \u00e0 gratter o\u00f9 vous gagnez instantan\u00e9ment. Il s&rsquo;agit ici de billets de loterie, de choix de num\u00e9ros, et vous ne savez pas si vous avez gagn\u00e9 ou non jusqu&rsquo;au jour du tirage. Ce sont les jeux qui sont encore plus amusants et qui vous donneront encore plus de chances de gagner un gros lot. Parce qu&rsquo;avec certains d&rsquo;entre eux, vous pourriez gagner des millions d&rsquo;euros ou de dollars.<\/p><p>A la loterie fran\u00e7aise, tout ce que vous avez \u00e0 faire est d&rsquo;acheter un billet en ligne pour commencer \u00e0 jouer, et l&rsquo;achat de ce billet est super facile. D&rsquo;abord, vous devez cocher les chiffres qui pourraient faire de vous un millionnaire. Pour ce jeu sp\u00e9cial, vous avez la possibilit\u00e9 de choisir cinq num\u00e9ros plus un num\u00e9ro bonus. L&rsquo;ordre dans lequel vous choisissez vos Cinq d&rsquo;origine n&rsquo;a pas d&rsquo;importance, mais assurez-vous de faire attention au num\u00e9ro que vous voulez utiliser pour votre bonus.<\/p><h2 class=\"wp-block-heading\">Comment gagner \u00e0 la loterie fran\u00e7aise en ligne<\/h2><p>Une fois que vous avez choisi vos num\u00e9ros, il est temps d&rsquo;attendre, ce qui est souvent le pire. Vous ne voulez certainement pas attendre et voir ce qui se passe, mais il n&rsquo;y a pas d&rsquo;autre choix. Les tirages au sort ont lieu le lundi, le mercredi et le samedi, vous n&rsquo;avez donc pas besoin d&rsquo;attendre longtemps, mais vous devez faire preuve d&rsquo;un peu de patience, d&rsquo;autant plus qu&rsquo;il ne sera pas vraiment possible de regarder les tirages en direct car ils ne sont pas diffus\u00e9s \u00e0 la t\u00e9l\u00e9vision allemande. Au lieu de cela, vous devez attendre un peu pour voir ce qui se passe. <\/p><p> Une fois les num\u00e9ros tir\u00e9s au sort, il est temps de les v\u00e9rifier. Vous pouvez retourner directement \u00e0 l&rsquo;endroit o\u00f9 vous avez achet\u00e9 votre billet pour trouver les num\u00e9ros gagnants et voir si vous avez gagn\u00e9 le jackpot ou au moins l&rsquo;un des petits prix qui vous permet de continuer \u00e0 jouer facilement. Les plus petits prix sont gagn\u00e9s en faisant correspondre le num\u00e9ro bonus, deux num\u00e9ros principaux, deux num\u00e9ros plus le num\u00e9ro bonus, ou une combinaison sup\u00e9rieure. Vous pourriez gagner un petit montant qui ne couvre que le co\u00fbt de votre billet, ou vous pourriez gagner des milliers, voire des millions. <\/p><h2 class=\"wp-block-heading\">Choix du prochain lot<\/h2><p>Une fois que vous savez si vous avez gagn\u00e9 ou non, il est d\u00e9finitivement temps d&rsquo;acheter un nouveau billet. Une fois que vous avez gagn\u00e9 quelque chose, il est tr\u00e8s facile d&rsquo;encaisser votre billet directement en ligne, ou vous pouvez investir cet argent dans le prochain billet. Que vous choisissiez la loterie fran\u00e7aise ou un autre jeu, il est tr\u00e8s facile de choisir le prochain billet et de tout pr\u00e9parer pour le nouveau tirage. <\/p><p>Assurez-vous de respecter toutes les r\u00e8gles et tous les r\u00e8glements. Assurez-vous de savoir quels num\u00e9ros choisir. Et assurez-vous de savoir quand aura lieu le prochain tirage. Ne faites pas l&rsquo;erreur de rater le prochain tirage au sort. <\/p>","protected":false},"excerpt":{"rendered":"<p>\u00cates-vous pr\u00eat \u00e0 jouer \u00e0 une autre loterie ? Si c&rsquo;est le cas, vous devriez jeter un coup d&rsquo;\u0153il \u00e0 la loterie fran\u00e7aise. Si vous n&rsquo;y avez jamais jou\u00e9 auparavant, vous serez peut-\u00eatre surpris de constater \u00e0 quel point il ressemble \u00e0 la loterie allemande. Apr\u00e8s tout, il s&rsquo;agit de s&rsquo;amuser et d&rsquo;avoir une autre [&hellip;]<\/p>\n","protected":false},"author":1,"featured_media":0,"parent":1498,"menu_order":33,"comment_status":"closed","ping_status":"closed","template":"lotto-fr.php","meta":{"_et_pb_use_builder":"","_et_pb_old_content":"","_et_gb_content_width":"","exclude_from_search":false,"footnotes":""},"class_list":["post-2767","page","type-page","status-publish","hentry"],"yoast_head":"<!-- This site is optimized with the Yoast SEO plugin v23.8 - https:\/\/yoast.com\/wordpress\/plugins\/seo\/ -->\n<title>Comment jouer au Loto fran\u00e7ais en ligne<\/title>\n<meta name=\"description\" content=\"Si vous \u00eates pr\u00eat \u00e0 jouer \u00e0 la loterie fran\u00e7aise en, visitez-nous !\" \/>\n<meta name=\"robots\" content=\"index, follow, max-snippet:-1, max-image-preview:large, max-video-preview:-1\" \/>\n<link rel=\"canonical\" href=\"https:\/\/redfoxlotto.com\/fr\/jouer\/lotto-fr\/\" \/>\n<meta property=\"og:locale\" content=\"fr_FR\" \/>\n<meta property=\"og:type\" content=\"article\" \/>\n<meta property=\"og:title\" content=\"Comment jouer au Loto fran\u00e7ais en ligne\" \/>\n<meta property=\"og:description\" content=\"Si vous \u00eates pr\u00eat \u00e0 jouer \u00e0 la loterie fran\u00e7aise en, visitez-nous !\" \/>\n<meta property=\"og:url\" content=\"https:\/\/redfoxlotto.com\/fr\/jouer\/lotto-fr\/\" \/>\n<meta property=\"og:site_name\" content=\"Get Tickets for the World\u2019s largest jackpots\" \/>\n<meta property=\"article:modified_time\" content=\"2025-12-10T23:18:41+00:00\" \/>\n<meta name=\"twitter:card\" content=\"summary_large_image\" \/>\n<meta name=\"twitter:label1\" content=\"Dur\u00e9e de lecture estim\u00e9e\" \/>\n\t<meta name=\"twitter:data1\" content=\"3 minutes\" \/>\n<script type=\"application\/ld+json\" class=\"yoast-schema-graph\">{\"@context\":\"https:\/\/schema.org\",\"@graph\":[{\"@type\":\"WebPage\",\"@id\":\"https:\/\/redfoxlotto.com\/fr\/jouer\/lotto-fr\/\",\"url\":\"https:\/\/redfoxlotto.com\/fr\/jouer\/lotto-fr\/\",\"name\":\"Comment jouer au Loto fran\u00e7ais en ligne\",\"isPartOf\":{\"@id\":\"https:\/\/redfoxlotto.com\/fr\/#website\"},\"datePublished\":\"2019-08-09T14:24:22+00:00\",\"dateModified\":\"2025-12-10T23:18:41+00:00\",\"description\":\"Si vous \u00eates pr\u00eat \u00e0 jouer \u00e0 la loterie fran\u00e7aise en, visitez-nous !\",\"breadcrumb\":{\"@id\":\"https:\/\/redfoxlotto.com\/fr\/jouer\/lotto-fr\/#breadcrumb\"},\"inLanguage\":\"fr-FR\",\"potentialAction\":[{\"@type\":\"ReadAction\",\"target\":[\"https:\/\/redfoxlotto.com\/fr\/jouer\/lotto-fr\/\"]}]},{\"@type\":\"BreadcrumbList\",\"@id\":\"https:\/\/redfoxlotto.com\/fr\/jouer\/lotto-fr\/#breadcrumb\",\"itemListElement\":[{\"@type\":\"ListItem\",\"position\":1,\"name\":\"Home\",\"item\":\"https:\/\/redfoxlotto.com\/fr\/\"},{\"@type\":\"ListItem\",\"position\":2,\"name\":\"Comment jouer au loto en ligne\",\"item\":\"https:\/\/redfoxlotto.com\/fr\/jouer\/\"},{\"@type\":\"ListItem\",\"position\":3,\"name\":\"Jouer au Loto fran\u00e7ais\"}]},{\"@type\":\"WebSite\",\"@id\":\"https:\/\/redfoxlotto.com\/fr\/#website\",\"url\":\"https:\/\/redfoxlotto.com\/fr\/\",\"name\":\"Get Tickets for the World\u2019s largest jackpots\",\"description\":\"Participate in worldwide lottery jackpots from any country\",\"publisher\":{\"@id\":\"https:\/\/redfoxlotto.com\/fr\/#organization\"},\"potentialAction\":[{\"@type\":\"SearchAction\",\"target\":{\"@type\":\"EntryPoint\",\"urlTemplate\":\"https:\/\/redfoxlotto.com\/fr\/?s={search_term_string}\"},\"query-input\":{\"@type\":\"PropertyValueSpecification\",\"valueRequired\":true,\"valueName\":\"search_term_string\"}}],\"inLanguage\":\"fr-FR\"},{\"@type\":\"Organization\",\"@id\":\"https:\/\/redfoxlotto.com\/fr\/#organization\",\"name\":\"Get Tickets for the World\u2019s largest jackpots\",\"url\":\"https:\/\/redfoxlotto.com\/fr\/\",\"logo\":{\"@type\":\"ImageObject\",\"inLanguage\":\"fr-FR\",\"@id\":\"https:\/\/redfoxlotto.com\/fr\/#\/schema\/logo\/image\/\",\"url\":\"https:\/\/redfoxlotto.com\/wp-content\/uploads\/2023\/04\/logo.png\",\"contentUrl\":\"https:\/\/redfoxlotto.com\/wp-content\/uploads\/2023\/04\/logo.png\",\"width\":269,\"height\":53,\"caption\":\"Get Tickets for the World\u2019s largest jackpots\"},\"image\":{\"@id\":\"https:\/\/redfoxlotto.com\/fr\/#\/schema\/logo\/image\/\"}}]}<\/script>\n<!-- \/ Yoast SEO plugin. -->","yoast_head_json":{"title":"Comment jouer au Loto fran\u00e7ais en ligne","description":"Si vous \u00eates pr\u00eat \u00e0 jouer \u00e0 la loterie fran\u00e7aise en, visitez-nous !","robots":{"index":"index","follow":"follow","max-snippet":"max-snippet:-1","max-image-preview":"max-image-preview:large","max-video-preview":"max-video-preview:-1"},"canonical":"https:\/\/redfoxlotto.com\/fr\/jouer\/lotto-fr\/","og_locale":"fr_FR","og_type":"article","og_title":"Comment jouer au Loto fran\u00e7ais en ligne","og_description":"Si vous \u00eates pr\u00eat \u00e0 jouer \u00e0 la loterie fran\u00e7aise en, visitez-nous !","og_url":"https:\/\/redfoxlotto.com\/fr\/jouer\/lotto-fr\/","og_site_name":"Get Tickets for the World\u2019s largest jackpots","article_modified_time":"2025-12-10T23:18:41+00:00","twitter_card":"summary_large_image","twitter_misc":{"Dur\u00e9e de lecture estim\u00e9e":"3 minutes"},"schema":{"@context":"https:\/\/schema.org","@graph":[{"@type":"WebPage","@id":"https:\/\/redfoxlotto.com\/fr\/jouer\/lotto-fr\/","url":"https:\/\/redfoxlotto.com\/fr\/jouer\/lotto-fr\/","name":"Comment jouer au Loto fran\u00e7ais en ligne","isPartOf":{"@id":"https:\/\/redfoxlotto.com\/fr\/#website"},"datePublished":"2019-08-09T14:24:22+00:00","dateModified":"2025-12-10T23:18:41+00:00","description":"Si vous \u00eates pr\u00eat \u00e0 jouer \u00e0 la loterie fran\u00e7aise en, visitez-nous !","breadcrumb":{"@id":"https:\/\/redfoxlotto.com\/fr\/jouer\/lotto-fr\/#breadcrumb"},"inLanguage":"fr-FR","potentialAction":[{"@type":"ReadAction","target":["https:\/\/redfoxlotto.com\/fr\/jouer\/lotto-fr\/"]}]},{"@type":"BreadcrumbList","@id":"https:\/\/redfoxlotto.com\/fr\/jouer\/lotto-fr\/#breadcrumb","itemListElement":[{"@type":"ListItem","position":1,"name":"Home","item":"https:\/\/redfoxlotto.com\/fr\/"},{"@type":"ListItem","position":2,"name":"Comment jouer au loto en ligne","item":"https:\/\/redfoxlotto.com\/fr\/jouer\/"},{"@type":"ListItem","position":3,"name":"Jouer au Loto fran\u00e7ais"}]},{"@type":"WebSite","@id":"https:\/\/redfoxlotto.com\/fr\/#website","url":"https:\/\/redfoxlotto.com\/fr\/","name":"Get Tickets for the World\u2019s largest jackpots","description":"Participate in worldwide lottery jackpots from any country","publisher":{"@id":"https:\/\/redfoxlotto.com\/fr\/#organization"},"potentialAction":[{"@type":"SearchAction","target":{"@type":"EntryPoint","urlTemplate":"https:\/\/redfoxlotto.com\/fr\/?s={search_term_string}"},"query-input":{"@type":"PropertyValueSpecification","valueRequired":true,"valueName":"search_term_string"}}],"inLanguage":"fr-FR"},{"@type":"Organization","@id":"https:\/\/redfoxlotto.com\/fr\/#organization","name":"Get Tickets for the World\u2019s largest jackpots","url":"https:\/\/redfoxlotto.com\/fr\/","logo":{"@type":"ImageObject","inLanguage":"fr-FR","@id":"https:\/\/redfoxlotto.com\/fr\/#\/schema\/logo\/image\/","url":"https:\/\/redfoxlotto.com\/wp-content\/uploads\/2023\/04\/logo.png","contentUrl":"https:\/\/redfoxlotto.com\/wp-content\/uploads\/2023\/04\/logo.png","width":269,"height":53,"caption":"Get Tickets for the World\u2019s largest jackpots"},"image":{"@id":"https:\/\/redfoxlotto.com\/fr\/#\/schema\/logo\/image\/"}}]}},"_links":{"self":[{"href":"https:\/\/redfoxlotto.com\/fr\/wp-json\/wp\/v2\/pages\/2767","targetHints":{"allow":["GET"]}}],"collection":[{"href":"https:\/\/redfoxlotto.com\/fr\/wp-json\/wp\/v2\/pages"}],"about":[{"href":"https:\/\/redfoxlotto.com\/fr\/wp-json\/wp\/v2\/types\/page"}],"author":[{"embeddable":true,"href":"https:\/\/redfoxlotto.com\/fr\/wp-json\/wp\/v2\/users\/1"}],"replies":[{"embeddable":true,"href":"https:\/\/redfoxlotto.com\/fr\/wp-json\/wp\/v2\/comments?post=2767"}],"version-history":[{"count":0,"href":"https:\/\/redfoxlotto.com\/fr\/wp-json\/wp\/v2\/pages\/2767\/revisions"}],"up":[{"embeddable":true,"href":"https:\/\/redfoxlotto.com\/fr\/wp-json\/wp\/v2\/pages\/1498"}],"wp:attachment":[{"href":"https:\/\/redfoxlotto.com\/fr\/wp-json\/wp\/v2\/media?parent=2767"}],"curies":[{"name":"wp","href":"https:\/\/api.w.org\/{rel}","templated":true}]}}