{"id":1540,"date":"2018-11-18T08:54:25","date_gmt":"2018-11-18T08:54:25","guid":{"rendered":"https:\/\/redfoxlotto.com\/?page_id=4733"},"modified":"2019-02-07T06:48:16","modified_gmt":"2019-02-07T06:48:16","slug":"lotto-uk","status":"publish","type":"page","link":"https:\/\/redfoxlotto.com\/fr\/resultats\/lotto-uk\/","title":{"rendered":"R\u00e9sultats UK Lottery"},"content":{"rendered":"<p>Voici les r\u00e9sultats actuels du loto britannique. Dans les archives des r\u00e9sultats du tirage au sort de la loterie britannique, vous pouvez voir les derni\u00e8res semaines et leurs r\u00e9sultats.<\/p>\n<p><!--more--><\/p>\n<h2>Le jackpot et les tirages du loto britannique<\/h2>\n<p><img loading=\"lazy\" decoding=\"async\" class=\" wp-image alignright\" src=\"https:\/\/content.redfoxlotto.com\/uploads\/sites\/9\/1_results_tickets_lotto.jpg\" alt=\"UK Lotto\" width=\"244\" height=\"172\" \/><\/p>\n<p>Le jackpot minimum de la plus grande loterie du Royaume-Uni commence \u00e0 2 500 000 \u00a3 et 5 000 000 \u00a3 le samedi. La loterie est bas\u00e9e sur le format simple de 6 num\u00e9ros sur 59.<\/p>\n<p>Le score le plus \u00e9lev\u00e9 historiquement du loto britannique s&rsquo;\u00e9levait \u00e0 42 millions de livres sterling.<\/p>\n<p>La Loterie nationale britannique est \u00e9galement connue dans d\u2019autres pays europ\u00e9ens pour ses prix relativement \u00e9lev\u00e9s dans les classes de profit inf\u00e9rieures.<\/p>\n<h2>Les prix et les gagnants du loto britannique<\/h2>\n<p><img loading=\"lazy\" decoding=\"async\" class=\" wp-image alignright\" src=\"https:\/\/content.redfoxlotto.com\/uploads\/sites\/9\/1_lucky_lottery_winner.jpg\" alt=\"num\u00e9ros gagnants\" width=\"186\" height=\"255\" \/><br \/>\nLe loto britannique a six gammes de prix, que vous pouvez voir dans le tableau ci-dessus. En outre, vous pouvez voir le nombre de joueurs qui ont correctement choisi les num\u00e9ros requis et le montant du lot.<\/p>\n<h2>Les num\u00e9ros les plus tir\u00e9s \u00e0 la loterie britannique<\/h2>\n<p>Les num\u00e9ros les plus tir\u00e9s dans la loterie nationale britannique sont 9, 12, 15, 17 et 19. Les num\u00e9ros les moins tir\u00e9s sont 1, 2, 6, 32 et 47.<\/p>\n","protected":false},"excerpt":{"rendered":"<p>Voici les r\u00e9sultats actuels du loto britannique. Dans les archives des r\u00e9sultats du tirage au sort de la loterie britannique, vous pouvez voir les derni\u00e8res semaines et leurs r\u00e9sultats.<\/p>\n","protected":false},"author":1,"featured_media":0,"parent":1528,"menu_order":9,"comment_status":"closed","ping_status":"closed","template":"lotto-uk-results.php","meta":{"_et_pb_use_builder":"","_et_pb_old_content":"","_et_gb_content_width":"","exclude_from_search":false,"footnotes":""},"class_list":["post-1540","page","type-page","status-publish","hentry"],"yoast_head":"<!-- This site is optimized with the Yoast SEO plugin v23.8 - https:\/\/yoast.com\/wordpress\/plugins\/seo\/ -->\n<title>Numeros, resultats et archive de la loterie du Royaume Uni<\/title>\n<meta name=\"robots\" content=\"index, follow, max-snippet:-1, max-image-preview:large, max-video-preview:-1\" \/>\n<link rel=\"canonical\" href=\"https:\/\/redfoxlotto.com\/fr\/resultats\/lotto-uk\/\" \/>\n<meta property=\"og:locale\" content=\"fr_FR\" \/>\n<meta property=\"og:type\" content=\"article\" \/>\n<meta property=\"og:title\" content=\"Numeros, resultats et archive de la loterie du Royaume Uni\" \/>\n<meta property=\"og:description\" content=\"Voici les r\u00e9sultats actuels du loto britannique. Dans les archives des r\u00e9sultats du tirage au sort de la loterie britannique, vous pouvez voir les derni\u00e8res semaines et leurs r\u00e9sultats.\" \/>\n<meta property=\"og:url\" content=\"https:\/\/redfoxlotto.com\/fr\/resultats\/lotto-uk\/\" \/>\n<meta property=\"og:site_name\" content=\"Get Tickets for the World\u2019s largest jackpots\" \/>\n<meta property=\"article:modified_time\" content=\"2019-02-07T06:48:16+00:00\" \/>\n<meta property=\"og:image\" content=\"https:\/\/content.redfoxlotto.com\/uploads\/sites\/9\/1_results_tickets_lotto.jpg\" \/>\n<meta name=\"twitter:card\" content=\"summary_large_image\" \/>\n<meta name=\"twitter:label1\" content=\"Dur\u00e9e de lecture estim\u00e9e\" \/>\n\t<meta name=\"twitter:data1\" content=\"2 minutes\" \/>\n<script type=\"application\/ld+json\" class=\"yoast-schema-graph\">{\"@context\":\"https:\/\/schema.org\",\"@graph\":[{\"@type\":\"WebPage\",\"@id\":\"https:\/\/redfoxlotto.com\/fr\/resultats\/lotto-uk\/\",\"url\":\"https:\/\/redfoxlotto.com\/fr\/resultats\/lotto-uk\/\",\"name\":\"Numeros, resultats et archive de la loterie du Royaume Uni\",\"isPartOf\":{\"@id\":\"https:\/\/redfoxlotto.com\/fr\/#website\"},\"primaryImageOfPage\":{\"@id\":\"https:\/\/redfoxlotto.com\/fr\/resultats\/lotto-uk\/#primaryimage\"},\"image\":{\"@id\":\"https:\/\/redfoxlotto.com\/fr\/resultats\/lotto-uk\/#primaryimage\"},\"thumbnailUrl\":\"https:\/\/content.redfoxlotto.com\/uploads\/sites\/9\/1_results_tickets_lotto.jpg\",\"datePublished\":\"2018-11-18T08:54:25+00:00\",\"dateModified\":\"2019-02-07T06:48:16+00:00\",\"breadcrumb\":{\"@id\":\"https:\/\/redfoxlotto.com\/fr\/resultats\/lotto-uk\/#breadcrumb\"},\"inLanguage\":\"fr-FR\",\"potentialAction\":[{\"@type\":\"ReadAction\",\"target\":[\"https:\/\/redfoxlotto.com\/fr\/resultats\/lotto-uk\/\"]}]},{\"@type\":\"ImageObject\",\"inLanguage\":\"fr-FR\",\"@id\":\"https:\/\/redfoxlotto.com\/fr\/resultats\/lotto-uk\/#primaryimage\",\"url\":\"https:\/\/content.redfoxlotto.com\/uploads\/sites\/9\/1_results_tickets_lotto.jpg\",\"contentUrl\":\"https:\/\/content.redfoxlotto.com\/uploads\/sites\/9\/1_results_tickets_lotto.jpg\"},{\"@type\":\"BreadcrumbList\",\"@id\":\"https:\/\/redfoxlotto.com\/fr\/resultats\/lotto-uk\/#breadcrumb\",\"itemListElement\":[{\"@type\":\"ListItem\",\"position\":1,\"name\":\"Home\",\"item\":\"https:\/\/redfoxlotto.com\/fr\/\"},{\"@type\":\"ListItem\",\"position\":2,\"name\":\"R\u00e9sultats des loteries internationales\",\"item\":\"https:\/\/redfoxlotto.com\/fr\/resultats\/\"},{\"@type\":\"ListItem\",\"position\":3,\"name\":\"R\u00e9sultats UK Lottery\"}]},{\"@type\":\"WebSite\",\"@id\":\"https:\/\/redfoxlotto.com\/fr\/#website\",\"url\":\"https:\/\/redfoxlotto.com\/fr\/\",\"name\":\"Get Tickets for the World\u2019s largest jackpots\",\"description\":\"Participate in worldwide lottery jackpots from any country\",\"publisher\":{\"@id\":\"https:\/\/redfoxlotto.com\/fr\/#organization\"},\"potentialAction\":[{\"@type\":\"SearchAction\",\"target\":{\"@type\":\"EntryPoint\",\"urlTemplate\":\"https:\/\/redfoxlotto.com\/fr\/?s={search_term_string}\"},\"query-input\":{\"@type\":\"PropertyValueSpecification\",\"valueRequired\":true,\"valueName\":\"search_term_string\"}}],\"inLanguage\":\"fr-FR\"},{\"@type\":\"Organization\",\"@id\":\"https:\/\/redfoxlotto.com\/fr\/#organization\",\"name\":\"Get Tickets for the World\u2019s largest jackpots\",\"url\":\"https:\/\/redfoxlotto.com\/fr\/\",\"logo\":{\"@type\":\"ImageObject\",\"inLanguage\":\"fr-FR\",\"@id\":\"https:\/\/redfoxlotto.com\/fr\/#\/schema\/logo\/image\/\",\"url\":\"https:\/\/redfoxlotto.com\/wp-content\/uploads\/2023\/04\/logo.png\",\"contentUrl\":\"https:\/\/redfoxlotto.com\/wp-content\/uploads\/2023\/04\/logo.png\",\"width\":269,\"height\":53,\"caption\":\"Get Tickets for the World\u2019s largest jackpots\"},\"image\":{\"@id\":\"https:\/\/redfoxlotto.com\/fr\/#\/schema\/logo\/image\/\"}}]}<\/script>\n<!-- \/ Yoast SEO plugin. -->","yoast_head_json":{"title":"Numeros, resultats et archive de la loterie du Royaume Uni","robots":{"index":"index","follow":"follow","max-snippet":"max-snippet:-1","max-image-preview":"max-image-preview:large","max-video-preview":"max-video-preview:-1"},"canonical":"https:\/\/redfoxlotto.com\/fr\/resultats\/lotto-uk\/","og_locale":"fr_FR","og_type":"article","og_title":"Numeros, resultats et archive de la loterie du Royaume Uni","og_description":"Voici les r\u00e9sultats actuels du loto britannique. Dans les archives des r\u00e9sultats du tirage au sort de la loterie britannique, vous pouvez voir les derni\u00e8res semaines et leurs r\u00e9sultats.","og_url":"https:\/\/redfoxlotto.com\/fr\/resultats\/lotto-uk\/","og_site_name":"Get Tickets for the World\u2019s largest jackpots","article_modified_time":"2019-02-07T06:48:16+00:00","og_image":[{"url":"https:\/\/content.redfoxlotto.com\/uploads\/sites\/9\/1_results_tickets_lotto.jpg"}],"twitter_card":"summary_large_image","twitter_misc":{"Dur\u00e9e de lecture estim\u00e9e":"2 minutes"},"schema":{"@context":"https:\/\/schema.org","@graph":[{"@type":"WebPage","@id":"https:\/\/redfoxlotto.com\/fr\/resultats\/lotto-uk\/","url":"https:\/\/redfoxlotto.com\/fr\/resultats\/lotto-uk\/","name":"Numeros, resultats et archive de la loterie du Royaume Uni","isPartOf":{"@id":"https:\/\/redfoxlotto.com\/fr\/#website"},"primaryImageOfPage":{"@id":"https:\/\/redfoxlotto.com\/fr\/resultats\/lotto-uk\/#primaryimage"},"image":{"@id":"https:\/\/redfoxlotto.com\/fr\/resultats\/lotto-uk\/#primaryimage"},"thumbnailUrl":"https:\/\/content.redfoxlotto.com\/uploads\/sites\/9\/1_results_tickets_lotto.jpg","datePublished":"2018-11-18T08:54:25+00:00","dateModified":"2019-02-07T06:48:16+00:00","breadcrumb":{"@id":"https:\/\/redfoxlotto.com\/fr\/resultats\/lotto-uk\/#breadcrumb"},"inLanguage":"fr-FR","potentialAction":[{"@type":"ReadAction","target":["https:\/\/redfoxlotto.com\/fr\/resultats\/lotto-uk\/"]}]},{"@type":"ImageObject","inLanguage":"fr-FR","@id":"https:\/\/redfoxlotto.com\/fr\/resultats\/lotto-uk\/#primaryimage","url":"https:\/\/content.redfoxlotto.com\/uploads\/sites\/9\/1_results_tickets_lotto.jpg","contentUrl":"https:\/\/content.redfoxlotto.com\/uploads\/sites\/9\/1_results_tickets_lotto.jpg"},{"@type":"BreadcrumbList","@id":"https:\/\/redfoxlotto.com\/fr\/resultats\/lotto-uk\/#breadcrumb","itemListElement":[{"@type":"ListItem","position":1,"name":"Home","item":"https:\/\/redfoxlotto.com\/fr\/"},{"@type":"ListItem","position":2,"name":"R\u00e9sultats des loteries internationales","item":"https:\/\/redfoxlotto.com\/fr\/resultats\/"},{"@type":"ListItem","position":3,"name":"R\u00e9sultats UK Lottery"}]},{"@type":"WebSite","@id":"https:\/\/redfoxlotto.com\/fr\/#website","url":"https:\/\/redfoxlotto.com\/fr\/","name":"Get Tickets for the World\u2019s largest jackpots","description":"Participate in worldwide lottery jackpots from any country","publisher":{"@id":"https:\/\/redfoxlotto.com\/fr\/#organization"},"potentialAction":[{"@type":"SearchAction","target":{"@type":"EntryPoint","urlTemplate":"https:\/\/redfoxlotto.com\/fr\/?s={search_term_string}"},"query-input":{"@type":"PropertyValueSpecification","valueRequired":true,"valueName":"search_term_string"}}],"inLanguage":"fr-FR"},{"@type":"Organization","@id":"https:\/\/redfoxlotto.com\/fr\/#organization","name":"Get Tickets for the World\u2019s largest jackpots","url":"https:\/\/redfoxlotto.com\/fr\/","logo":{"@type":"ImageObject","inLanguage":"fr-FR","@id":"https:\/\/redfoxlotto.com\/fr\/#\/schema\/logo\/image\/","url":"https:\/\/redfoxlotto.com\/wp-content\/uploads\/2023\/04\/logo.png","contentUrl":"https:\/\/redfoxlotto.com\/wp-content\/uploads\/2023\/04\/logo.png","width":269,"height":53,"caption":"Get Tickets for the World\u2019s largest jackpots"},"image":{"@id":"https:\/\/redfoxlotto.com\/fr\/#\/schema\/logo\/image\/"}}]}},"_links":{"self":[{"href":"https:\/\/redfoxlotto.com\/fr\/wp-json\/wp\/v2\/pages\/1540","targetHints":{"allow":["GET"]}}],"collection":[{"href":"https:\/\/redfoxlotto.com\/fr\/wp-json\/wp\/v2\/pages"}],"about":[{"href":"https:\/\/redfoxlotto.com\/fr\/wp-json\/wp\/v2\/types\/page"}],"author":[{"embeddable":true,"href":"https:\/\/redfoxlotto.com\/fr\/wp-json\/wp\/v2\/users\/1"}],"replies":[{"embeddable":true,"href":"https:\/\/redfoxlotto.com\/fr\/wp-json\/wp\/v2\/comments?post=1540"}],"version-history":[{"count":0,"href":"https:\/\/redfoxlotto.com\/fr\/wp-json\/wp\/v2\/pages\/1540\/revisions"}],"up":[{"embeddable":true,"href":"https:\/\/redfoxlotto.com\/fr\/wp-json\/wp\/v2\/pages\/1528"}],"wp:attachment":[{"href":"https:\/\/redfoxlotto.com\/fr\/wp-json\/wp\/v2\/media?parent=1540"}],"curies":[{"name":"wp","href":"https:\/\/api.w.org\/{rel}","templated":true}]}}