{"id":1538,"date":"2018-11-18T08:54:25","date_gmt":"2018-11-18T08:54:25","guid":{"rendered":"https:\/\/redfoxlotto.com\/?page_id=4729"},"modified":"2019-02-07T06:48:16","modified_gmt":"2019-02-07T06:48:16","slug":"saturday-lotto-au","status":"publish","type":"page","link":"https:\/\/redfoxlotto.com\/fr\/resultats\/saturday-lotto-au\/","title":{"rendered":"R\u00e9sultats du loto du samedi"},"content":{"rendered":"<p>D\u00e8s que le tirage au sort est termin\u00e9, les r\u00e9sultats du Loto du samedi seront affich\u00e9s ici. L&rsquo;information comprend les num\u00e9ros gagnants, le prochain jackpot estim\u00e9 et le montant du prix pour les diff\u00e9rents niveaux de prix. <\/p><p><img loading=\"lazy\" decoding=\"async\" class=\" wp-image alignright\" src=\"https:\/\/content.redfoxlotto.com\/uploads\/sites\/9\/1_draw_lottery_results.jpg\" alt=\"Saturday Lotto\" width=\"245\" height=\"245\" \/><\/p><p>Si vous voulez voir des informations sur les tirages du samedi pass\u00e9, vous pouvez utiliser les archives en cliquant sur le menu d\u00e9roulant de la date. Les archives montrent les informations des trois derni\u00e8res ann\u00e9es.<\/p><h2 class=\"wp-block-heading\">Num\u00e9ros tir\u00e9s et d\u00e9tails des paiements pour toutes les autres loteries<\/h2><p>Pour un aper\u00e7u c\u00f4te \u00e0 c\u00f4te de tous les r\u00e9sultats des derniers tirages de la loterie, cliquez sur le menu principal \u00ab\u00a0R\u00e9sultats\u00a0\u00bb en haut. Cela vous am\u00e8ne \u00e0 une page avec toutes les loteries. Sur cette page, vous pouvez voir les derniers num\u00e9ros tir\u00e9s, ainsi que le montant total d&rsquo;argent pay\u00e9 pour chaque loterie.<\/p><p>Vous pouvez \u00e9galement utiliser cet aper\u00e7u des num\u00e9ros gagnants pour vous faire une id\u00e9e des num\u00e9ros \u00e0 choisir pour votre prochain billet de loterie (pour le Saturday Lotto ou toute autre loterie). Utilisez des num\u00e9ros \u00ab\u00a0froids\u00a0\u00bb (num\u00e9ros qui n&rsquo;apparaissent dans aucun des derniers r\u00e9sultats), ou des num\u00e9ros chauds (num\u00e9ros qui ont gagn\u00e9 dans plusieurs loteries). Ou vous pouvez m\u00e9langer des num\u00e9ros froids et chauds et ajouter certains de vos propres num\u00e9ros chanceux !<\/p><p><img loading=\"lazy\" decoding=\"async\" class=\" wp-image alignright\" src=\"https:\/\/content.redfoxlotto.com\/uploads\/sites\/9\/1_draw_lottery_numbers.jpg\" alt=\"num\u00e9ros gagnants\" width=\"258\" height=\"182\" \/><\/p><h2 class=\"wp-block-heading\">Le moyen le plus simple et le plus rapide de v\u00e9rifier si votre billet a gagn\u00e9<\/h2><p>Pour comparer les num\u00e9ros gagnants avec les num\u00e9ros que vous avez choisis pour votre billet, vous pouvez \u00e9galement cliquer sur le menu en haut \u00e0 droite \u00ab\u00a0Mon compte\/Mes billets\u00a0\u00bb. Dans cette zone, vous pouvez voir tous les tickets pass\u00e9s et actifs. Dans une colonne, vous pouvez voir imm\u00e9diatement si l&rsquo;un de vos billets a gagn\u00e9, ainsi que le montant du prix.<\/p><p>Cliquez sur le symbole de la loupe (\u00e0 droite) pour n&rsquo;importe quel billet, et vous verrez les r\u00e9sultats du tirage et vos num\u00e9ros c\u00f4te \u00e0 c\u00f4te. De plus, tous les num\u00e9ros sur votre billet correspondant au tirage au sort seront mis en \u00e9vidence de fa\u00e7on pratique.<\/p>","protected":false},"excerpt":{"rendered":"<p>D\u00e8s que le tirage au sort est termin\u00e9, les r\u00e9sultats du Loto du samedi seront affich\u00e9s ici. L&rsquo;information comprend les num\u00e9ros gagnants, le prochain jackpot estim\u00e9 et le montant du prix pour les diff\u00e9rents niveaux de prix. Si vous voulez voir des informations sur les tirages du samedi pass\u00e9, vous pouvez utiliser les archives en [&hellip;]<\/p>\n","protected":false},"author":1,"featured_media":0,"parent":1528,"menu_order":22,"comment_status":"closed","ping_status":"closed","template":"saturday-lotto-results.php","meta":{"_et_pb_use_builder":"","_et_pb_old_content":"","_et_gb_content_width":"","exclude_from_search":false,"footnotes":""},"class_list":["post-1538","page","type-page","status-publish","hentry"],"yoast_head":"<!-- This site is optimized with the Yoast SEO plugin v27.3 - https:\/\/yoast.com\/product\/yoast-seo-wordpress\/ -->\n<title>Num\u00e9ros et r\u00e9sultats gagnants au Loto du samedi<\/title>\n<meta name=\"description\" content=\"Voici les num\u00e9ros gagnants du loto du samedi\" \/>\n<meta name=\"robots\" content=\"index, follow, max-snippet:-1, max-image-preview:large, max-video-preview:-1\" \/>\n<link rel=\"canonical\" href=\"https:\/\/redfoxlotto.com\/fr\/resultats\/saturday-lotto-au\/\" \/>\n<meta property=\"og:locale\" content=\"fr_FR\" \/>\n<meta property=\"og:type\" content=\"article\" \/>\n<meta property=\"og:title\" content=\"Num\u00e9ros et r\u00e9sultats gagnants au Loto du samedi\" \/>\n<meta property=\"og:description\" content=\"Voici les num\u00e9ros gagnants du loto du samedi\" \/>\n<meta property=\"og:url\" content=\"https:\/\/redfoxlotto.com\/fr\/resultats\/saturday-lotto-au\/\" \/>\n<meta property=\"og:site_name\" content=\"Get Tickets for the World\u2019s largest jackpots\" \/>\n<meta property=\"article:modified_time\" content=\"2019-02-07T06:48:16+00:00\" \/>\n<meta property=\"og:image\" content=\"https:\/\/content.redfoxlotto.com\/uploads\/sites\/9\/1_draw_lottery_results.jpg\" \/>\n<meta name=\"twitter:card\" content=\"summary_large_image\" \/>\n<meta name=\"twitter:label1\" content=\"Dur\u00e9e de lecture estim\u00e9e\" \/>\n\t<meta name=\"twitter:data1\" content=\"2 minutes\" \/>\n<script type=\"application\/ld+json\" class=\"yoast-schema-graph\">{\"@context\":\"https:\\\/\\\/schema.org\",\"@graph\":[{\"@type\":\"WebPage\",\"@id\":\"https:\\\/\\\/redfoxlotto.com\\\/fr\\\/resultats\\\/saturday-lotto-au\\\/\",\"url\":\"https:\\\/\\\/redfoxlotto.com\\\/fr\\\/resultats\\\/saturday-lotto-au\\\/\",\"name\":\"Num\u00e9ros et r\u00e9sultats gagnants au Loto du samedi\",\"isPartOf\":{\"@id\":\"https:\\\/\\\/redfoxlotto.com\\\/fr\\\/#website\"},\"primaryImageOfPage\":{\"@id\":\"https:\\\/\\\/redfoxlotto.com\\\/fr\\\/resultats\\\/saturday-lotto-au\\\/#primaryimage\"},\"image\":{\"@id\":\"https:\\\/\\\/redfoxlotto.com\\\/fr\\\/resultats\\\/saturday-lotto-au\\\/#primaryimage\"},\"thumbnailUrl\":\"https:\\\/\\\/content.redfoxlotto.com\\\/uploads\\\/sites\\\/9\\\/1_draw_lottery_results.jpg\",\"datePublished\":\"2018-11-18T08:54:25+00:00\",\"dateModified\":\"2019-02-07T06:48:16+00:00\",\"description\":\"Voici les num\u00e9ros gagnants du loto du samedi\",\"breadcrumb\":{\"@id\":\"https:\\\/\\\/redfoxlotto.com\\\/fr\\\/resultats\\\/saturday-lotto-au\\\/#breadcrumb\"},\"inLanguage\":\"fr-FR\",\"potentialAction\":[{\"@type\":\"ReadAction\",\"target\":[\"https:\\\/\\\/redfoxlotto.com\\\/fr\\\/resultats\\\/saturday-lotto-au\\\/\"]}]},{\"@type\":\"ImageObject\",\"inLanguage\":\"fr-FR\",\"@id\":\"https:\\\/\\\/redfoxlotto.com\\\/fr\\\/resultats\\\/saturday-lotto-au\\\/#primaryimage\",\"url\":\"https:\\\/\\\/content.redfoxlotto.com\\\/uploads\\\/sites\\\/9\\\/1_draw_lottery_results.jpg\",\"contentUrl\":\"https:\\\/\\\/content.redfoxlotto.com\\\/uploads\\\/sites\\\/9\\\/1_draw_lottery_results.jpg\"},{\"@type\":\"BreadcrumbList\",\"@id\":\"https:\\\/\\\/redfoxlotto.com\\\/fr\\\/resultats\\\/saturday-lotto-au\\\/#breadcrumb\",\"itemListElement\":[{\"@type\":\"ListItem\",\"position\":1,\"name\":\"Home\",\"item\":\"https:\\\/\\\/redfoxlotto.com\\\/fr\\\/\"},{\"@type\":\"ListItem\",\"position\":2,\"name\":\"R\u00e9sultats des loteries internationales\",\"item\":\"https:\\\/\\\/redfoxlotto.com\\\/fr\\\/resultats\\\/\"},{\"@type\":\"ListItem\",\"position\":3,\"name\":\"R\u00e9sultats du loto du samedi\"}]},{\"@type\":\"WebSite\",\"@id\":\"https:\\\/\\\/redfoxlotto.com\\\/fr\\\/#website\",\"url\":\"https:\\\/\\\/redfoxlotto.com\\\/fr\\\/\",\"name\":\"Get Tickets for the World\u2019s largest jackpots\",\"description\":\"Participate in worldwide lottery jackpots from any country\",\"publisher\":{\"@id\":\"https:\\\/\\\/redfoxlotto.com\\\/fr\\\/#organization\"},\"potentialAction\":[{\"@type\":\"SearchAction\",\"target\":{\"@type\":\"EntryPoint\",\"urlTemplate\":\"https:\\\/\\\/redfoxlotto.com\\\/fr\\\/?s={search_term_string}\"},\"query-input\":{\"@type\":\"PropertyValueSpecification\",\"valueRequired\":true,\"valueName\":\"search_term_string\"}}],\"inLanguage\":\"fr-FR\"},{\"@type\":\"Organization\",\"@id\":\"https:\\\/\\\/redfoxlotto.com\\\/fr\\\/#organization\",\"name\":\"Get Tickets for the World\u2019s largest jackpots\",\"url\":\"https:\\\/\\\/redfoxlotto.com\\\/fr\\\/\",\"logo\":{\"@type\":\"ImageObject\",\"inLanguage\":\"fr-FR\",\"@id\":\"https:\\\/\\\/redfoxlotto.com\\\/fr\\\/#\\\/schema\\\/logo\\\/image\\\/\",\"url\":\"https:\\\/\\\/redfoxlotto.com\\\/wp-content\\\/uploads\\\/2023\\\/04\\\/logo.png\",\"contentUrl\":\"https:\\\/\\\/redfoxlotto.com\\\/wp-content\\\/uploads\\\/2023\\\/04\\\/logo.png\",\"width\":269,\"height\":53,\"caption\":\"Get Tickets for the World\u2019s largest jackpots\"},\"image\":{\"@id\":\"https:\\\/\\\/redfoxlotto.com\\\/fr\\\/#\\\/schema\\\/logo\\\/image\\\/\"}}]}<\/script>\n<!-- \/ Yoast SEO plugin. -->","yoast_head_json":{"title":"Num\u00e9ros et r\u00e9sultats gagnants au Loto du samedi","description":"Voici les num\u00e9ros gagnants du loto du samedi","robots":{"index":"index","follow":"follow","max-snippet":"max-snippet:-1","max-image-preview":"max-image-preview:large","max-video-preview":"max-video-preview:-1"},"canonical":"https:\/\/redfoxlotto.com\/fr\/resultats\/saturday-lotto-au\/","og_locale":"fr_FR","og_type":"article","og_title":"Num\u00e9ros et r\u00e9sultats gagnants au Loto du samedi","og_description":"Voici les num\u00e9ros gagnants du loto du samedi","og_url":"https:\/\/redfoxlotto.com\/fr\/resultats\/saturday-lotto-au\/","og_site_name":"Get Tickets for the World\u2019s largest jackpots","article_modified_time":"2019-02-07T06:48:16+00:00","og_image":[{"url":"https:\/\/content.redfoxlotto.com\/uploads\/sites\/9\/1_draw_lottery_results.jpg","type":"","width":"","height":""}],"twitter_card":"summary_large_image","twitter_misc":{"Dur\u00e9e de lecture estim\u00e9e":"2 minutes"},"schema":{"@context":"https:\/\/schema.org","@graph":[{"@type":"WebPage","@id":"https:\/\/redfoxlotto.com\/fr\/resultats\/saturday-lotto-au\/","url":"https:\/\/redfoxlotto.com\/fr\/resultats\/saturday-lotto-au\/","name":"Num\u00e9ros et r\u00e9sultats gagnants au Loto du samedi","isPartOf":{"@id":"https:\/\/redfoxlotto.com\/fr\/#website"},"primaryImageOfPage":{"@id":"https:\/\/redfoxlotto.com\/fr\/resultats\/saturday-lotto-au\/#primaryimage"},"image":{"@id":"https:\/\/redfoxlotto.com\/fr\/resultats\/saturday-lotto-au\/#primaryimage"},"thumbnailUrl":"https:\/\/content.redfoxlotto.com\/uploads\/sites\/9\/1_draw_lottery_results.jpg","datePublished":"2018-11-18T08:54:25+00:00","dateModified":"2019-02-07T06:48:16+00:00","description":"Voici les num\u00e9ros gagnants du loto du samedi","breadcrumb":{"@id":"https:\/\/redfoxlotto.com\/fr\/resultats\/saturday-lotto-au\/#breadcrumb"},"inLanguage":"fr-FR","potentialAction":[{"@type":"ReadAction","target":["https:\/\/redfoxlotto.com\/fr\/resultats\/saturday-lotto-au\/"]}]},{"@type":"ImageObject","inLanguage":"fr-FR","@id":"https:\/\/redfoxlotto.com\/fr\/resultats\/saturday-lotto-au\/#primaryimage","url":"https:\/\/content.redfoxlotto.com\/uploads\/sites\/9\/1_draw_lottery_results.jpg","contentUrl":"https:\/\/content.redfoxlotto.com\/uploads\/sites\/9\/1_draw_lottery_results.jpg"},{"@type":"BreadcrumbList","@id":"https:\/\/redfoxlotto.com\/fr\/resultats\/saturday-lotto-au\/#breadcrumb","itemListElement":[{"@type":"ListItem","position":1,"name":"Home","item":"https:\/\/redfoxlotto.com\/fr\/"},{"@type":"ListItem","position":2,"name":"R\u00e9sultats des loteries internationales","item":"https:\/\/redfoxlotto.com\/fr\/resultats\/"},{"@type":"ListItem","position":3,"name":"R\u00e9sultats du loto du samedi"}]},{"@type":"WebSite","@id":"https:\/\/redfoxlotto.com\/fr\/#website","url":"https:\/\/redfoxlotto.com\/fr\/","name":"Get Tickets for the World\u2019s largest jackpots","description":"Participate in worldwide lottery jackpots from any country","publisher":{"@id":"https:\/\/redfoxlotto.com\/fr\/#organization"},"potentialAction":[{"@type":"SearchAction","target":{"@type":"EntryPoint","urlTemplate":"https:\/\/redfoxlotto.com\/fr\/?s={search_term_string}"},"query-input":{"@type":"PropertyValueSpecification","valueRequired":true,"valueName":"search_term_string"}}],"inLanguage":"fr-FR"},{"@type":"Organization","@id":"https:\/\/redfoxlotto.com\/fr\/#organization","name":"Get Tickets for the World\u2019s largest jackpots","url":"https:\/\/redfoxlotto.com\/fr\/","logo":{"@type":"ImageObject","inLanguage":"fr-FR","@id":"https:\/\/redfoxlotto.com\/fr\/#\/schema\/logo\/image\/","url":"https:\/\/redfoxlotto.com\/wp-content\/uploads\/2023\/04\/logo.png","contentUrl":"https:\/\/redfoxlotto.com\/wp-content\/uploads\/2023\/04\/logo.png","width":269,"height":53,"caption":"Get Tickets for the World\u2019s largest jackpots"},"image":{"@id":"https:\/\/redfoxlotto.com\/fr\/#\/schema\/logo\/image\/"}}]}},"_links":{"self":[{"href":"https:\/\/redfoxlotto.com\/fr\/wp-json\/wp\/v2\/pages\/1538","targetHints":{"allow":["GET"]}}],"collection":[{"href":"https:\/\/redfoxlotto.com\/fr\/wp-json\/wp\/v2\/pages"}],"about":[{"href":"https:\/\/redfoxlotto.com\/fr\/wp-json\/wp\/v2\/types\/page"}],"author":[{"embeddable":true,"href":"https:\/\/redfoxlotto.com\/fr\/wp-json\/wp\/v2\/users\/1"}],"replies":[{"embeddable":true,"href":"https:\/\/redfoxlotto.com\/fr\/wp-json\/wp\/v2\/comments?post=1538"}],"version-history":[{"count":0,"href":"https:\/\/redfoxlotto.com\/fr\/wp-json\/wp\/v2\/pages\/1538\/revisions"}],"up":[{"embeddable":true,"href":"https:\/\/redfoxlotto.com\/fr\/wp-json\/wp\/v2\/pages\/1528"}],"wp:attachment":[{"href":"https:\/\/redfoxlotto.com\/fr\/wp-json\/wp\/v2\/media?parent=1538"}],"curies":[{"name":"wp","href":"https:\/\/api.w.org\/{rel}","templated":true}]}}