{"id":1532,"date":"2018-11-18T08:54:25","date_gmt":"2018-11-18T08:54:25","guid":{"rendered":"https:\/\/redfoxlotto.com\/?page_id=4717"},"modified":"2025-12-18T06:41:43","modified_gmt":"2025-12-18T06:41:43","slug":"mega-millions","status":"publish","type":"page","link":"https:\/\/redfoxlotto.com\/fr\/resultats\/mega-millions\/","title":{"rendered":"Les R\u00e9sultats du Mega Millions"},"content":{"rendered":"<p><script type=\"application\/ld+json\">\n{\n  \"@context\": \"https:\/\/schema.org\",\n  \"@type\": \"Service\",\n  \"name\": \"Consultez les r\u00e9sultats du tirage Mega Millions en ligne\",\n  \"url\": \"https:\/\/redfoxlotto.com\/fr\/resultats\/mega-millions\/\",\n  \"description\": \"Visitez RedFoxLotto pour consulter les derniers r\u00e9sultats Mega Millions et notre archive de r\u00e9sultats de loterie.\",\n  \"serviceType\": \"Archive mondiale des r\u00e9sultats de loterie\",<\/p>\n<p>  \"provider\": {\n    \"@type\": \"Organization\",\n    \"name\": \"RedFoxLotto\",\n    \"url\": \"https:\/\/redfoxlotto.com\/fr\/\",\n    \"image\": \"https:\/\/redfoxlotto.com\/wp-content\/uploads\/2025\/12\/ticket_scans.jpg\",\n    \"sameAs\": []\n  },<\/p>\n<p>  \"areaServed\": \"Worldwide\",\n  \"termsOfService\": \"https:\/\/redfoxlotto.com\/fr\/terms-and-conditions\/\",\n  \"additionalProperty\": {\n    \"@type\": \"PropertyValue\",\n    \"name\": \"FAQ\",\n    \"value\": \"https:\/\/redfoxlotto.com\/fr\/faq\/\"\n  },<\/p>\n<p>  \"hasOfferCatalog\": {\n    \"@type\": \"OfferCatalog\",\n    \"name\": \"R\u00e9sultats Mega Millions\",\n    \"itemListElement\": [\n      {\n        \"@type\": \"Offer\",\n        \"name\": \"R\u00e9sultats Mega Millions\",\n        \"url\": \"https:\/\/redfoxlotto.com\/fr\/resultats\/mega-millions\/\",\n        \"description\": \"D\u00e9couvrez les derniers r\u00e9sultats et les r\u00e9sultats historiques des Mega Millions.\",\n        \"price\": \"13.00\",\n        \"priceCurrency\": \"EUR\",\n        \"availability\": \"https:\/\/schema.org\/InStock\",\n        \"itemOffered\": {\n          \"@type\": \"Service\",\n          \"name\": \"R\u00e9sultats Mega Millions\",\n          \"description\": \"Num\u00e9ros tir\u00e9s en ligne, r\u00e9sultats r\u00e9cents et anciens.\"\n        }\n      }\n    ]\n  },<\/p>\n<p>  \"mainEntityOfPage\": {\n    \"@type\": \"WebPage\",\n    \"@id\": \"https:\/\/redfoxlotto.com\/fr\/resultats\/mega-millions\/\"\n  }\n}\n<\/script><br \/>\nCherchez-vous les derniers r\u00e9sultats du tirage au sort de Mega Millions USA ? Vous pouvez les trouver ici, ainsi que des archives avec les num\u00e9ros des tirages pr\u00e9c\u00e9dents. Gagner le jackpot de <a href=\"https:\/\/redfoxlotto.com\/fr\/loterie\/mega-millions\/\">Mega Millions<\/a> est le r\u00eave de tous les joueurs de la loterie, et la r\u00e9compense peut souvent repr\u00e9senter des centaines de millions de dollars !<\/p>\n<p><!--more--><\/p>\n<h2>Le Jackpot de Mega Millions<\/h2>\n<p><img loading=\"lazy\" decoding=\"async\" class=\" wp-image alignright\" src=\"https:\/\/content.redfoxlotto.com\/uploads\/sites\/9\/1_results_mega_millions.jpg\" alt=\"r\u00e9sultats de loterie\" width=\"251\" height=\"251\" \/><\/p>\n<p>Le jackpot minimum de la loterie Mega Millions est de 40 millions de dollars. Le jackpot n&rsquo;est pas limit\u00e9 en montant. Des sommes \u00e9normes peuvent \u00eatre accumul\u00e9es ici en peu de temps. Le plus gros jackpot de Mega Millions a d\u00e9j\u00e0 d\u00e9pass\u00e9 les 1,5 milliard !<\/p>\n<p>Jouez \u00e0 MegaMillions en ligne !<\/p>\n<h2>Niveaux de lots de Mega Millions<\/h2>\n<p>Sur notre tableau, vous pouvez \u00e9galement voir les niveaux de prix disponibles et le montant des gains.<\/p>\n<h2>Numeros le plus tir\u00e9s et le moins tir\u00e9s<\/h2>\n<p><img decoding=\"async\" class=\"size-full wp-image alignright\" src=\"https:\/\/content.redfoxlotto.com\/uploads\/sites\/9\/1_lottery_winner_is2.jpg\" alt=\"Jackpot Mega Millions\" \/><br \/>\nNos archives peuvent \u00e9galement \u00eatre utiles si vous voulez trouver les num\u00e9ros avec de meilleures chances. Voici les chiffres \u00ab\u00a0fr\u00e9quents\u00a0\u00bb pour le loto Mega Millions :<br \/>\nLes num\u00e9ros 29, 4, 48 et 36 sont les num\u00e9ros les plus fr\u00e9quemment tir\u00e9s chez Mega Millions. Le num\u00e9ro 48 a \u00e9t\u00e9 tir\u00e9 plus de 80 fois depuis 2005. Les num\u00e9ros de MegaBall les plus populaires \u00e9taient les 35, 9, 36 et 7.<\/p>\n","protected":false},"excerpt":{"rendered":"<p>Cherchez-vous les derniers r\u00e9sultats du tirage au sort de Mega Millions USA ? Vous pouvez les trouver ici, ainsi que des archives avec les num\u00e9ros des tirages pr\u00e9c\u00e9dents. Gagner le jackpot de Mega Millions est le r\u00eave de tous les joueurs de la loterie, et la r\u00e9compense peut souvent repr\u00e9senter des centaines de millions de [&hellip;]<\/p>\n","protected":false},"author":1,"featured_media":0,"parent":1528,"menu_order":2,"comment_status":"closed","ping_status":"closed","template":"megamillion-results.php","meta":{"_et_pb_use_builder":"","_et_pb_old_content":"","_et_gb_content_width":"","exclude_from_search":false,"footnotes":""},"class_list":["post-1532","page","type-page","status-publish","hentry"],"yoast_head":"<!-- This site is optimized with the Yoast SEO plugin v27.4 - https:\/\/yoast.com\/product\/yoast-seo-wordpress\/ -->\n<title>Mega Millions Etats-Unis, numeros gagnants et resultats!<\/title>\n<meta name=\"description\" content=\"Les resultats plus recents et archive de numeros de la loterie Mega Millions\" \/>\n<meta name=\"robots\" content=\"index, follow, max-snippet:-1, max-image-preview:large, max-video-preview:-1\" \/>\n<link rel=\"canonical\" href=\"https:\/\/redfoxlotto.com\/fr\/resultats\/mega-millions\/\" \/>\n<meta property=\"og:locale\" content=\"fr_FR\" \/>\n<meta property=\"og:type\" content=\"article\" \/>\n<meta property=\"og:title\" content=\"Mega Millions Etats-Unis, numeros gagnants et resultats!\" \/>\n<meta property=\"og:description\" content=\"Les resultats plus recents et archive de numeros de la loterie Mega Millions\" \/>\n<meta property=\"og:url\" content=\"https:\/\/redfoxlotto.com\/fr\/resultats\/mega-millions\/\" \/>\n<meta property=\"og:site_name\" content=\"Get Tickets for the World\u2019s largest jackpots\" \/>\n<meta property=\"article:modified_time\" content=\"2025-12-18T06:41:43+00:00\" \/>\n<meta property=\"og:image\" content=\"https:\/\/content.redfoxlotto.com\/uploads\/sites\/9\/1_results_mega_millions.jpg\" \/>\n<meta name=\"twitter:card\" content=\"summary_large_image\" \/>\n<meta name=\"twitter:label1\" content=\"Dur\u00e9e de lecture estim\u00e9e\" \/>\n\t<meta name=\"twitter:data1\" content=\"2 minutes\" \/>\n<script type=\"application\/ld+json\" class=\"yoast-schema-graph\">{\"@context\":\"https:\\\/\\\/schema.org\",\"@graph\":[{\"@type\":\"WebPage\",\"@id\":\"https:\\\/\\\/redfoxlotto.com\\\/fr\\\/resultats\\\/mega-millions\\\/\",\"url\":\"https:\\\/\\\/redfoxlotto.com\\\/fr\\\/resultats\\\/mega-millions\\\/\",\"name\":\"Mega Millions Etats-Unis, numeros gagnants et resultats!\",\"isPartOf\":{\"@id\":\"https:\\\/\\\/redfoxlotto.com\\\/fr\\\/#website\"},\"primaryImageOfPage\":{\"@id\":\"https:\\\/\\\/redfoxlotto.com\\\/fr\\\/resultats\\\/mega-millions\\\/#primaryimage\"},\"image\":{\"@id\":\"https:\\\/\\\/redfoxlotto.com\\\/fr\\\/resultats\\\/mega-millions\\\/#primaryimage\"},\"thumbnailUrl\":\"https:\\\/\\\/content.redfoxlotto.com\\\/uploads\\\/sites\\\/9\\\/1_results_mega_millions.jpg\",\"datePublished\":\"2018-11-18T08:54:25+00:00\",\"dateModified\":\"2025-12-18T06:41:43+00:00\",\"description\":\"Les resultats plus recents et archive de numeros de la loterie Mega Millions\",\"breadcrumb\":{\"@id\":\"https:\\\/\\\/redfoxlotto.com\\\/fr\\\/resultats\\\/mega-millions\\\/#breadcrumb\"},\"inLanguage\":\"fr-FR\",\"potentialAction\":[{\"@type\":\"ReadAction\",\"target\":[\"https:\\\/\\\/redfoxlotto.com\\\/fr\\\/resultats\\\/mega-millions\\\/\"]}]},{\"@type\":\"ImageObject\",\"inLanguage\":\"fr-FR\",\"@id\":\"https:\\\/\\\/redfoxlotto.com\\\/fr\\\/resultats\\\/mega-millions\\\/#primaryimage\",\"url\":\"https:\\\/\\\/content.redfoxlotto.com\\\/uploads\\\/sites\\\/9\\\/1_results_mega_millions.jpg\",\"contentUrl\":\"https:\\\/\\\/content.redfoxlotto.com\\\/uploads\\\/sites\\\/9\\\/1_results_mega_millions.jpg\"},{\"@type\":\"BreadcrumbList\",\"@id\":\"https:\\\/\\\/redfoxlotto.com\\\/fr\\\/resultats\\\/mega-millions\\\/#breadcrumb\",\"itemListElement\":[{\"@type\":\"ListItem\",\"position\":1,\"name\":\"Home\",\"item\":\"https:\\\/\\\/redfoxlotto.com\\\/fr\\\/\"},{\"@type\":\"ListItem\",\"position\":2,\"name\":\"R\u00e9sultats des loteries internationales\",\"item\":\"https:\\\/\\\/redfoxlotto.com\\\/fr\\\/resultats\\\/\"},{\"@type\":\"ListItem\",\"position\":3,\"name\":\"Les R\u00e9sultats du Mega Millions\"}]},{\"@type\":\"WebSite\",\"@id\":\"https:\\\/\\\/redfoxlotto.com\\\/fr\\\/#website\",\"url\":\"https:\\\/\\\/redfoxlotto.com\\\/fr\\\/\",\"name\":\"Get Tickets for the World\u2019s largest jackpots\",\"description\":\"Participate in worldwide lottery jackpots from any country\",\"publisher\":{\"@id\":\"https:\\\/\\\/redfoxlotto.com\\\/fr\\\/#organization\"},\"potentialAction\":[{\"@type\":\"SearchAction\",\"target\":{\"@type\":\"EntryPoint\",\"urlTemplate\":\"https:\\\/\\\/redfoxlotto.com\\\/fr\\\/?s={search_term_string}\"},\"query-input\":{\"@type\":\"PropertyValueSpecification\",\"valueRequired\":true,\"valueName\":\"search_term_string\"}}],\"inLanguage\":\"fr-FR\"},{\"@type\":\"Organization\",\"@id\":\"https:\\\/\\\/redfoxlotto.com\\\/fr\\\/#organization\",\"name\":\"Get Tickets for the World\u2019s largest jackpots\",\"url\":\"https:\\\/\\\/redfoxlotto.com\\\/fr\\\/\",\"logo\":{\"@type\":\"ImageObject\",\"inLanguage\":\"fr-FR\",\"@id\":\"https:\\\/\\\/redfoxlotto.com\\\/fr\\\/#\\\/schema\\\/logo\\\/image\\\/\",\"url\":\"https:\\\/\\\/redfoxlotto.com\\\/wp-content\\\/uploads\\\/2023\\\/04\\\/logo.png\",\"contentUrl\":\"https:\\\/\\\/redfoxlotto.com\\\/wp-content\\\/uploads\\\/2023\\\/04\\\/logo.png\",\"width\":269,\"height\":53,\"caption\":\"Get Tickets for the World\u2019s largest jackpots\"},\"image\":{\"@id\":\"https:\\\/\\\/redfoxlotto.com\\\/fr\\\/#\\\/schema\\\/logo\\\/image\\\/\"}}]}<\/script>\n<!-- \/ Yoast SEO plugin. -->","yoast_head_json":{"title":"Mega Millions Etats-Unis, numeros gagnants et resultats!","description":"Les resultats plus recents et archive de numeros de la loterie Mega Millions","robots":{"index":"index","follow":"follow","max-snippet":"max-snippet:-1","max-image-preview":"max-image-preview:large","max-video-preview":"max-video-preview:-1"},"canonical":"https:\/\/redfoxlotto.com\/fr\/resultats\/mega-millions\/","og_locale":"fr_FR","og_type":"article","og_title":"Mega Millions Etats-Unis, numeros gagnants et resultats!","og_description":"Les resultats plus recents et archive de numeros de la loterie Mega Millions","og_url":"https:\/\/redfoxlotto.com\/fr\/resultats\/mega-millions\/","og_site_name":"Get Tickets for the World\u2019s largest jackpots","article_modified_time":"2025-12-18T06:41:43+00:00","og_image":[{"url":"https:\/\/content.redfoxlotto.com\/uploads\/sites\/9\/1_results_mega_millions.jpg","type":"","width":"","height":""}],"twitter_card":"summary_large_image","twitter_misc":{"Dur\u00e9e de lecture estim\u00e9e":"2 minutes"},"schema":{"@context":"https:\/\/schema.org","@graph":[{"@type":"WebPage","@id":"https:\/\/redfoxlotto.com\/fr\/resultats\/mega-millions\/","url":"https:\/\/redfoxlotto.com\/fr\/resultats\/mega-millions\/","name":"Mega Millions Etats-Unis, numeros gagnants et resultats!","isPartOf":{"@id":"https:\/\/redfoxlotto.com\/fr\/#website"},"primaryImageOfPage":{"@id":"https:\/\/redfoxlotto.com\/fr\/resultats\/mega-millions\/#primaryimage"},"image":{"@id":"https:\/\/redfoxlotto.com\/fr\/resultats\/mega-millions\/#primaryimage"},"thumbnailUrl":"https:\/\/content.redfoxlotto.com\/uploads\/sites\/9\/1_results_mega_millions.jpg","datePublished":"2018-11-18T08:54:25+00:00","dateModified":"2025-12-18T06:41:43+00:00","description":"Les resultats plus recents et archive de numeros de la loterie Mega Millions","breadcrumb":{"@id":"https:\/\/redfoxlotto.com\/fr\/resultats\/mega-millions\/#breadcrumb"},"inLanguage":"fr-FR","potentialAction":[{"@type":"ReadAction","target":["https:\/\/redfoxlotto.com\/fr\/resultats\/mega-millions\/"]}]},{"@type":"ImageObject","inLanguage":"fr-FR","@id":"https:\/\/redfoxlotto.com\/fr\/resultats\/mega-millions\/#primaryimage","url":"https:\/\/content.redfoxlotto.com\/uploads\/sites\/9\/1_results_mega_millions.jpg","contentUrl":"https:\/\/content.redfoxlotto.com\/uploads\/sites\/9\/1_results_mega_millions.jpg"},{"@type":"BreadcrumbList","@id":"https:\/\/redfoxlotto.com\/fr\/resultats\/mega-millions\/#breadcrumb","itemListElement":[{"@type":"ListItem","position":1,"name":"Home","item":"https:\/\/redfoxlotto.com\/fr\/"},{"@type":"ListItem","position":2,"name":"R\u00e9sultats des loteries internationales","item":"https:\/\/redfoxlotto.com\/fr\/resultats\/"},{"@type":"ListItem","position":3,"name":"Les R\u00e9sultats du Mega Millions"}]},{"@type":"WebSite","@id":"https:\/\/redfoxlotto.com\/fr\/#website","url":"https:\/\/redfoxlotto.com\/fr\/","name":"Get Tickets for the World\u2019s largest jackpots","description":"Participate in worldwide lottery jackpots from any country","publisher":{"@id":"https:\/\/redfoxlotto.com\/fr\/#organization"},"potentialAction":[{"@type":"SearchAction","target":{"@type":"EntryPoint","urlTemplate":"https:\/\/redfoxlotto.com\/fr\/?s={search_term_string}"},"query-input":{"@type":"PropertyValueSpecification","valueRequired":true,"valueName":"search_term_string"}}],"inLanguage":"fr-FR"},{"@type":"Organization","@id":"https:\/\/redfoxlotto.com\/fr\/#organization","name":"Get Tickets for the World\u2019s largest jackpots","url":"https:\/\/redfoxlotto.com\/fr\/","logo":{"@type":"ImageObject","inLanguage":"fr-FR","@id":"https:\/\/redfoxlotto.com\/fr\/#\/schema\/logo\/image\/","url":"https:\/\/redfoxlotto.com\/wp-content\/uploads\/2023\/04\/logo.png","contentUrl":"https:\/\/redfoxlotto.com\/wp-content\/uploads\/2023\/04\/logo.png","width":269,"height":53,"caption":"Get Tickets for the World\u2019s largest jackpots"},"image":{"@id":"https:\/\/redfoxlotto.com\/fr\/#\/schema\/logo\/image\/"}}]}},"_links":{"self":[{"href":"https:\/\/redfoxlotto.com\/fr\/wp-json\/wp\/v2\/pages\/1532","targetHints":{"allow":["GET"]}}],"collection":[{"href":"https:\/\/redfoxlotto.com\/fr\/wp-json\/wp\/v2\/pages"}],"about":[{"href":"https:\/\/redfoxlotto.com\/fr\/wp-json\/wp\/v2\/types\/page"}],"author":[{"embeddable":true,"href":"https:\/\/redfoxlotto.com\/fr\/wp-json\/wp\/v2\/users\/1"}],"replies":[{"embeddable":true,"href":"https:\/\/redfoxlotto.com\/fr\/wp-json\/wp\/v2\/comments?post=1532"}],"version-history":[{"count":0,"href":"https:\/\/redfoxlotto.com\/fr\/wp-json\/wp\/v2\/pages\/1532\/revisions"}],"up":[{"embeddable":true,"href":"https:\/\/redfoxlotto.com\/fr\/wp-json\/wp\/v2\/pages\/1528"}],"wp:attachment":[{"href":"https:\/\/redfoxlotto.com\/fr\/wp-json\/wp\/v2\/media?parent=1532"}],"curies":[{"name":"wp","href":"https:\/\/api.w.org\/{rel}","templated":true}]}}