{"id":1528,"date":"2023-04-24T14:13:24","date_gmt":"2023-04-24T14:13:24","guid":{"rendered":"https:\/\/redfoxlotto.com\/?page_id=4709"},"modified":"2025-12-18T08:33:23","modified_gmt":"2025-12-18T08:33:23","slug":"resultats","status":"publish","type":"page","link":"https:\/\/redfoxlotto.com\/fr\/resultats\/","title":{"rendered":"R\u00e9sultats des loteries internationales"},"content":{"rendered":"<p><script type=\"application\/ld+json\">\n{\n  \"@context\": \"https:\/\/schema.org\",\n  \"@type\": \"Service\",\n  \"name\": \"Consultez les r\u00e9sultats des tirages de loteries internationales en ligne\",\n  \"url\": \"https:\/\/redfoxlotto.com\/fr\/resultats\/powerball\",\n  \"description\": \"Visitez RedFoxLotto pour consulter les derniers r\u00e9sultats des plus grandes loteries du monde.\",\n  \"serviceType\": \"Archive mondiale des r\u00e9sultats de loterie\",<\/p>\n<p>  \"provider\": {\n    \"@type\": \"Organization\",\n    \"name\": \"RedFoxLotto\",\n    \"url\": \"https:\/\/redfoxlotto.com\/fr\/\",\n    \"image\": \"https:\/\/redfoxlotto.com\/wp-content\/uploads\/2025\/12\/ticket_scans.jpg\",\n    \"sameAs\": []\n  },<\/p>\n<p>  \"areaServed\": \"Worldwide\",\n  \"termsOfService\": \"https:\/\/redfoxlotto.com\/terms-and-conditions\",<\/p>\n<p>  \"additionalProperty\": {\n    \"@type\": \"PropertyValue\",\n    \"name\": \"FAQ\",\n    \"value\": \"https:\/\/redfoxlotto.com\/fr\/faq\/\"\n  },<\/p>\n<p>  \"hasOfferCatalog\": {\n    \"@type\": \"OfferCatalog\",\n    \"name\": \"R\u00e9sultats des loteries mondiales\",\n    \"itemListElement\": [\n      {\n        \"@type\": \"Offer\",\n        \"name\": \"Billet Powerball\",\n        \"url\": \"https:\/\/redfoxlotto.com\/fr\/resultats\/\",\n        \"description\": \"Retrouvez ici les r\u00e9sultats r\u00e9cents et historiques des plus grandes loteries du monde\",\n        \"itemOffered\": {\n          \"@type\": \"Service\",\n          \"name\": \"R\u00e9sultats de loterie internationaux\",\n          \"description\": \"Num\u00e9ros tir\u00e9s en ligne pour les plus grandes loteries, r\u00e9sultats r\u00e9cents et anciens.\"\n        }\n      }\n    ]\n  },<\/p>\n<p>  \"mainEntityOfPage\": {\n    \"@type\": \"WebPage\",\n    \"@id\": \"https:\/\/redfoxlotto.com\/fr\/resultats\/\"\n  }\n}\n<\/script><\/p>\n<p>Ici, semaine apr\u00e8s semaine, nous publions les derniers num\u00e9ros gagnants de toutes les loteries internationales pour lesquelles vous pouvez acheter les billets chez nous. Les num\u00e9ros proviennent des op\u00e9rateurs de loterie officiels. <strong>Les r\u00e9sultats seront publi\u00e9s ici imm\u00e9diatement apr\u00e8s le tirage au sort.<\/strong> De cette fa\u00e7on, vous pourrez rapidement comparer vos billets aux num\u00e9ros gagnants et voir si vous avez gagn\u00e9. Vous pouvez \u00e9galement voir les montants des gains correspondant aux niveaux des lots respectifs en cliquant sur le nom de la loterie.<br \/>\n<!--more--><img loading=\"lazy\" decoding=\"async\" class=\" wp-image alignright\" src=\"https:\/\/content.redfoxlotto.com\/uploads\/sites\/9\/1_winning_lottery_numbers.jpg\" alt=\"num\u00e9ros gagnants loteries internationales\" width=\"206\" height=\"206\" \/>Cela vous indiquera \u00e9galement si le dernier jackpot a \u00e9t\u00e9 gagn\u00e9 ou non. Nous vous montrons \u00e9galement les num\u00e9ros des tirages des derni\u00e8res semaines.<\/p>\n<p>Bien s\u00fbr, si vous le souhaitez, vous pouvez utiliser ces informations sur les loteries internationales pour choisir les num\u00e9ros de vos prochains billets de loterie.<\/p>\n<h2>Les num\u00e9ros fr\u00e9quents et rares<\/h2>\n<p>Vous avez \u00e0 votre disposition un aper\u00e7u des chiffres \u00ab\u00a0fr\u00e9quents\u00a0\u00bb (les plus fr\u00e9quemment tir\u00e9s au cours des derni\u00e8res semaines) et \u00ab\u00a0rares\u00a0\u00bb (les moins fr\u00e9quemment tir\u00e9s au cours des derni\u00e8res semaines). Beaucoup de joueurs utilisent ces informations pour choisir leurs num\u00e9ros gagnants. C&rsquo;est une strat\u00e9gie qui promet de r\u00e9ussir.<img loading=\"lazy\" decoding=\"async\" class=\" wp-image-4673 alignright\" src=\"https:\/\/content.redfoxlotto.com\/uploads\/sites\/9\/1_lotto_draw_results.jpg\" alt=\"r\u00e9sultats loto\" width=\"306\" height=\"204\" \/><\/p>\n<p>De m\u00eame, vous pouvez utiliser les num\u00e9ros gagnants de la semaine ou des semaines pr\u00e9c\u00e9dentes pour cr\u00e9er de nouvelles combinaisons pour votre prochain billet. Un exemple serait d&rsquo;utiliser le premier num\u00e9ro du dernier tirage en <a href=\"https:\/\/redfoxlotto.com\/fr\/jouer\/mega-millions\/\">Megamillions<\/a>, le deuxi\u00e8me num\u00e9ro tir\u00e9 des r\u00e9sultats de Euromillions et le troisi\u00e8me num\u00e9ro de Eurojackpot, et ainsi de suite.<\/p>\n","protected":false},"excerpt":{"rendered":"<p>Ici, semaine apr\u00e8s semaine, nous publions les derniers num\u00e9ros gagnants de toutes les loteries internationales pour lesquelles vous pouvez acheter les billets chez nous. Les num\u00e9ros proviennent des op\u00e9rateurs de loterie officiels. Les r\u00e9sultats seront publi\u00e9s ici imm\u00e9diatement apr\u00e8s le tirage au sort. De cette fa\u00e7on, vous pourrez rapidement comparer vos billets aux num\u00e9ros gagnants [&hellip;]<\/p>\n","protected":false},"author":1,"featured_media":0,"parent":0,"menu_order":4,"comment_status":"closed","ping_status":"closed","template":"Results.php","meta":{"_et_pb_use_builder":"","_et_pb_old_content":"","_et_gb_content_width":"","exclude_from_search":false,"footnotes":""},"class_list":["post-1528","page","type-page","status-publish","hentry"],"yoast_head":"<!-- This site is optimized with the Yoast SEO plugin v27.4 - https:\/\/yoast.com\/product\/yoast-seo-wordpress\/ -->\n<title>Les r\u00e9sultats de toutes les grandes loteries internationales<\/title>\n<meta name=\"description\" content=\"Trouvez ici les resultats des plus grandes loteries du monde\" \/>\n<meta name=\"robots\" content=\"index, follow, max-snippet:-1, max-image-preview:large, max-video-preview:-1\" \/>\n<link rel=\"canonical\" href=\"https:\/\/redfoxlotto.com\/fr\/resultats\/\" \/>\n<meta property=\"og:locale\" content=\"fr_FR\" \/>\n<meta property=\"og:type\" content=\"article\" \/>\n<meta property=\"og:title\" content=\"Les r\u00e9sultats de toutes les grandes loteries internationales\" \/>\n<meta property=\"og:description\" content=\"Trouvez ici les resultats des plus grandes loteries du monde\" \/>\n<meta property=\"og:url\" content=\"https:\/\/redfoxlotto.com\/fr\/resultats\/\" \/>\n<meta property=\"og:site_name\" content=\"Get Tickets for the World\u2019s largest jackpots\" \/>\n<meta property=\"article:modified_time\" content=\"2025-12-18T08:33:23+00:00\" \/>\n<meta property=\"og:image\" content=\"https:\/\/content.redfoxlotto.com\/uploads\/sites\/9\/1_winning_lottery_numbers.jpg\" \/>\n<meta name=\"twitter:card\" content=\"summary_large_image\" \/>\n<meta name=\"twitter:label1\" content=\"Dur\u00e9e de lecture estim\u00e9e\" \/>\n\t<meta name=\"twitter:data1\" content=\"2 minutes\" \/>\n<script type=\"application\/ld+json\" class=\"yoast-schema-graph\">{\"@context\":\"https:\\\/\\\/schema.org\",\"@graph\":[{\"@type\":\"WebPage\",\"@id\":\"https:\\\/\\\/redfoxlotto.com\\\/fr\\\/resultats\\\/\",\"url\":\"https:\\\/\\\/redfoxlotto.com\\\/fr\\\/resultats\\\/\",\"name\":\"Les r\u00e9sultats de toutes les grandes loteries internationales\",\"isPartOf\":{\"@id\":\"https:\\\/\\\/redfoxlotto.com\\\/fr\\\/#website\"},\"primaryImageOfPage\":{\"@id\":\"https:\\\/\\\/redfoxlotto.com\\\/fr\\\/resultats\\\/#primaryimage\"},\"image\":{\"@id\":\"https:\\\/\\\/redfoxlotto.com\\\/fr\\\/resultats\\\/#primaryimage\"},\"thumbnailUrl\":\"https:\\\/\\\/content.redfoxlotto.com\\\/uploads\\\/sites\\\/9\\\/1_winning_lottery_numbers.jpg\",\"datePublished\":\"2023-04-24T14:13:24+00:00\",\"dateModified\":\"2025-12-18T08:33:23+00:00\",\"description\":\"Trouvez ici les resultats des plus grandes loteries du monde\",\"breadcrumb\":{\"@id\":\"https:\\\/\\\/redfoxlotto.com\\\/fr\\\/resultats\\\/#breadcrumb\"},\"inLanguage\":\"fr-FR\",\"potentialAction\":[{\"@type\":\"ReadAction\",\"target\":[\"https:\\\/\\\/redfoxlotto.com\\\/fr\\\/resultats\\\/\"]}]},{\"@type\":\"ImageObject\",\"inLanguage\":\"fr-FR\",\"@id\":\"https:\\\/\\\/redfoxlotto.com\\\/fr\\\/resultats\\\/#primaryimage\",\"url\":\"https:\\\/\\\/content.redfoxlotto.com\\\/uploads\\\/sites\\\/9\\\/1_winning_lottery_numbers.jpg\",\"contentUrl\":\"https:\\\/\\\/content.redfoxlotto.com\\\/uploads\\\/sites\\\/9\\\/1_winning_lottery_numbers.jpg\"},{\"@type\":\"BreadcrumbList\",\"@id\":\"https:\\\/\\\/redfoxlotto.com\\\/fr\\\/resultats\\\/#breadcrumb\",\"itemListElement\":[{\"@type\":\"ListItem\",\"position\":1,\"name\":\"Home\",\"item\":\"https:\\\/\\\/redfoxlotto.com\\\/fr\\\/\"},{\"@type\":\"ListItem\",\"position\":2,\"name\":\"R\u00e9sultats des loteries internationales\"}]},{\"@type\":\"WebSite\",\"@id\":\"https:\\\/\\\/redfoxlotto.com\\\/fr\\\/#website\",\"url\":\"https:\\\/\\\/redfoxlotto.com\\\/fr\\\/\",\"name\":\"Get Tickets for the World\u2019s largest jackpots\",\"description\":\"Participate in worldwide lottery jackpots from any country\",\"publisher\":{\"@id\":\"https:\\\/\\\/redfoxlotto.com\\\/fr\\\/#organization\"},\"potentialAction\":[{\"@type\":\"SearchAction\",\"target\":{\"@type\":\"EntryPoint\",\"urlTemplate\":\"https:\\\/\\\/redfoxlotto.com\\\/fr\\\/?s={search_term_string}\"},\"query-input\":{\"@type\":\"PropertyValueSpecification\",\"valueRequired\":true,\"valueName\":\"search_term_string\"}}],\"inLanguage\":\"fr-FR\"},{\"@type\":\"Organization\",\"@id\":\"https:\\\/\\\/redfoxlotto.com\\\/fr\\\/#organization\",\"name\":\"Get Tickets for the World\u2019s largest jackpots\",\"url\":\"https:\\\/\\\/redfoxlotto.com\\\/fr\\\/\",\"logo\":{\"@type\":\"ImageObject\",\"inLanguage\":\"fr-FR\",\"@id\":\"https:\\\/\\\/redfoxlotto.com\\\/fr\\\/#\\\/schema\\\/logo\\\/image\\\/\",\"url\":\"https:\\\/\\\/redfoxlotto.com\\\/wp-content\\\/uploads\\\/2023\\\/04\\\/logo.png\",\"contentUrl\":\"https:\\\/\\\/redfoxlotto.com\\\/wp-content\\\/uploads\\\/2023\\\/04\\\/logo.png\",\"width\":269,\"height\":53,\"caption\":\"Get Tickets for the World\u2019s largest jackpots\"},\"image\":{\"@id\":\"https:\\\/\\\/redfoxlotto.com\\\/fr\\\/#\\\/schema\\\/logo\\\/image\\\/\"}}]}<\/script>\n<!-- \/ Yoast SEO plugin. -->","yoast_head_json":{"title":"Les r\u00e9sultats de toutes les grandes loteries internationales","description":"Trouvez ici les resultats des plus grandes loteries du monde","robots":{"index":"index","follow":"follow","max-snippet":"max-snippet:-1","max-image-preview":"max-image-preview:large","max-video-preview":"max-video-preview:-1"},"canonical":"https:\/\/redfoxlotto.com\/fr\/resultats\/","og_locale":"fr_FR","og_type":"article","og_title":"Les r\u00e9sultats de toutes les grandes loteries internationales","og_description":"Trouvez ici les resultats des plus grandes loteries du monde","og_url":"https:\/\/redfoxlotto.com\/fr\/resultats\/","og_site_name":"Get Tickets for the World\u2019s largest jackpots","article_modified_time":"2025-12-18T08:33:23+00:00","og_image":[{"url":"https:\/\/content.redfoxlotto.com\/uploads\/sites\/9\/1_winning_lottery_numbers.jpg","type":"","width":"","height":""}],"twitter_card":"summary_large_image","twitter_misc":{"Dur\u00e9e de lecture estim\u00e9e":"2 minutes"},"schema":{"@context":"https:\/\/schema.org","@graph":[{"@type":"WebPage","@id":"https:\/\/redfoxlotto.com\/fr\/resultats\/","url":"https:\/\/redfoxlotto.com\/fr\/resultats\/","name":"Les r\u00e9sultats de toutes les grandes loteries internationales","isPartOf":{"@id":"https:\/\/redfoxlotto.com\/fr\/#website"},"primaryImageOfPage":{"@id":"https:\/\/redfoxlotto.com\/fr\/resultats\/#primaryimage"},"image":{"@id":"https:\/\/redfoxlotto.com\/fr\/resultats\/#primaryimage"},"thumbnailUrl":"https:\/\/content.redfoxlotto.com\/uploads\/sites\/9\/1_winning_lottery_numbers.jpg","datePublished":"2023-04-24T14:13:24+00:00","dateModified":"2025-12-18T08:33:23+00:00","description":"Trouvez ici les resultats des plus grandes loteries du monde","breadcrumb":{"@id":"https:\/\/redfoxlotto.com\/fr\/resultats\/#breadcrumb"},"inLanguage":"fr-FR","potentialAction":[{"@type":"ReadAction","target":["https:\/\/redfoxlotto.com\/fr\/resultats\/"]}]},{"@type":"ImageObject","inLanguage":"fr-FR","@id":"https:\/\/redfoxlotto.com\/fr\/resultats\/#primaryimage","url":"https:\/\/content.redfoxlotto.com\/uploads\/sites\/9\/1_winning_lottery_numbers.jpg","contentUrl":"https:\/\/content.redfoxlotto.com\/uploads\/sites\/9\/1_winning_lottery_numbers.jpg"},{"@type":"BreadcrumbList","@id":"https:\/\/redfoxlotto.com\/fr\/resultats\/#breadcrumb","itemListElement":[{"@type":"ListItem","position":1,"name":"Home","item":"https:\/\/redfoxlotto.com\/fr\/"},{"@type":"ListItem","position":2,"name":"R\u00e9sultats des loteries internationales"}]},{"@type":"WebSite","@id":"https:\/\/redfoxlotto.com\/fr\/#website","url":"https:\/\/redfoxlotto.com\/fr\/","name":"Get Tickets for the World\u2019s largest jackpots","description":"Participate in worldwide lottery jackpots from any country","publisher":{"@id":"https:\/\/redfoxlotto.com\/fr\/#organization"},"potentialAction":[{"@type":"SearchAction","target":{"@type":"EntryPoint","urlTemplate":"https:\/\/redfoxlotto.com\/fr\/?s={search_term_string}"},"query-input":{"@type":"PropertyValueSpecification","valueRequired":true,"valueName":"search_term_string"}}],"inLanguage":"fr-FR"},{"@type":"Organization","@id":"https:\/\/redfoxlotto.com\/fr\/#organization","name":"Get Tickets for the World\u2019s largest jackpots","url":"https:\/\/redfoxlotto.com\/fr\/","logo":{"@type":"ImageObject","inLanguage":"fr-FR","@id":"https:\/\/redfoxlotto.com\/fr\/#\/schema\/logo\/image\/","url":"https:\/\/redfoxlotto.com\/wp-content\/uploads\/2023\/04\/logo.png","contentUrl":"https:\/\/redfoxlotto.com\/wp-content\/uploads\/2023\/04\/logo.png","width":269,"height":53,"caption":"Get Tickets for the World\u2019s largest jackpots"},"image":{"@id":"https:\/\/redfoxlotto.com\/fr\/#\/schema\/logo\/image\/"}}]}},"_links":{"self":[{"href":"https:\/\/redfoxlotto.com\/fr\/wp-json\/wp\/v2\/pages\/1528","targetHints":{"allow":["GET"]}}],"collection":[{"href":"https:\/\/redfoxlotto.com\/fr\/wp-json\/wp\/v2\/pages"}],"about":[{"href":"https:\/\/redfoxlotto.com\/fr\/wp-json\/wp\/v2\/types\/page"}],"author":[{"embeddable":true,"href":"https:\/\/redfoxlotto.com\/fr\/wp-json\/wp\/v2\/users\/1"}],"replies":[{"embeddable":true,"href":"https:\/\/redfoxlotto.com\/fr\/wp-json\/wp\/v2\/comments?post=1528"}],"version-history":[{"count":0,"href":"https:\/\/redfoxlotto.com\/fr\/wp-json\/wp\/v2\/pages\/1528\/revisions"}],"wp:attachment":[{"href":"https:\/\/redfoxlotto.com\/fr\/wp-json\/wp\/v2\/media?parent=1528"}],"curies":[{"name":"wp","href":"https:\/\/api.w.org\/{rel}","templated":true}]}}