{"id":1527,"date":"2018-11-18T08:54:25","date_gmt":"2018-11-18T08:54:25","guid":{"rendered":"https:\/\/redfoxlotto.com\/?page_id=4707"},"modified":"2023-04-29T07:30:52","modified_gmt":"2023-04-29T07:30:52","slug":"lotto-uk","status":"publish","type":"page","link":"https:\/\/redfoxlotto.com\/fr\/loterie\/lotto-uk\/","title":{"rendered":"\u00c0 propos de la loterie britannique"},"content":{"rendered":"<p>La loterie britannique est la plus grande loterie nationale du Royaume-Uni, sans compter les loteries paneurop\u00e9ennes telles que <a href=\"https:\/\/redfoxlotto.com\/fr\/loterie\/euromillions\/\">Euromillions <\/a>et <a href=\"https:\/\/redfoxlotto.com\/fr\/loterie\/eurojackpot\/\">Eurojackpot<\/a>.<\/p><p><!--more--><\/p><p><img loading=\"lazy\" decoding=\"async\" class=\" wp-image alignright\" src=\"https:\/\/content.redfoxlotto.com\/uploads\/sites\/9\/2_ticket_uk_lottery2.jpg\" alt=\"billets de loterie UK\" width=\"173\" height=\"273\" \/><\/p>\r\n<p>De nos jours, les joueurs de loto hors du Royaume-Uni peuvent tenter leur chance \u00e0 cette loterie populaire. Les chances sont meilleures que dans la plupart des autres loteries europ\u00e9ennes.<\/p><p>La loterie britannique, comme son nom l&rsquo;indique, est la loterie officielle du Royaume-Uni. En 1994, lorsque le jeu a commenc\u00e9, il a \u00e9t\u00e9 connu sous le nom de loterie nationale, mais a \u00e9t\u00e9 chang\u00e9 \u00e0 la loterie en l&rsquo;an 2002. La loterie britannique est franchis\u00e9e par le gouvernement du Royaume-Uni et la licence d&rsquo;exploitation de la loterie a \u00e9t\u00e9 accord\u00e9e \u00e0 un groupe connu sous le nom de groupe Camelot tandis que les op\u00e9rations r\u00e9glementaires de la loterie est faite par la commission des jeux de hasard.<\/p><p>Seules les personnes \u00e2g\u00e9es d&rsquo;au moins 16 ans sont autoris\u00e9es \u00e0 participer \u00e0 la loterie britannique. Bien que les billets puissent \u00eatre achet\u00e9s en ligne sur le site Web de la loterie nationale, ils ne sont disponibles que pour les personnes qui r\u00e9pondent aux crit\u00e8res ci-dessus.<\/p><p><img decoding=\"async\" class=\"size-full wp-image alignright\" src=\"https:\/\/content.redfoxlotto.com\/uploads\/sites\/9\/1_win_lottery_online3.jpg\" alt=\"acheter un billet UK Lottery\" \/><\/p><p>Pour participer au loto britannique, les joueurs doivent acheter un billet de loterie et sont autoris\u00e9s \u00e0 choisir 6 num\u00e9ros parmi un choix de 59 et ont \u00e9galement la possibilit\u00e9 de choisir un dip chanceux dans lequel les num\u00e9ros sont choisis au hasard pour vous. Les tirages ont lieu deux fois par semaine, six num\u00e9ros sont choisis au hasard et un num\u00e9ro bonus est \u00e9galement choisi parmi les 53 autres. Si les num\u00e9ros sur votre billet correspondent exactement aux 6 num\u00e9ros principaux tir\u00e9s au sort, vous avez gagn\u00e9 le jackpot. M\u00eame si votre billet ne correspond pas \u00e0 l&rsquo;ensemble des 6 num\u00e9ros tir\u00e9s au sort, vous avez toujours une chance de gagner quelque chose car il y a des prix pour l&rsquo;association de 2, 3, 4 ou 5 des num\u00e9ros tir\u00e9s sans exclure le num\u00e9ro bonus.<\/p><p>Le plus gros jackpot gagn\u00e9 \u00e0 ce jour au loto britannique est la victoire de 161,6 millions de livres sterling du 12 juillet 2011 par Collins Weir et son \u00e9pouse. La probabilit\u00e9 de toucher le jackpot \u00e0 la loterie britannique est de 1:45 millions.<\/p><p><strong>Achetez votre billet en ligne maintenant pour la loterie britannique!<\/strong><\/p>","protected":false},"excerpt":{"rendered":"<p>La loterie britannique est la plus grande loterie nationale du Royaume-Uni, sans compter les loteries paneurop\u00e9ennes telles que Euromillions et Eurojackpot.<\/p>\n","protected":false},"author":1,"featured_media":0,"parent":1513,"menu_order":9,"comment_status":"closed","ping_status":"closed","template":"lotto-uk-info.php","meta":{"_et_pb_use_builder":"","_et_pb_old_content":"","_et_gb_content_width":"","exclude_from_search":false,"footnotes":""},"class_list":["post-1527","page","type-page","status-publish","hentry"],"yoast_head":"<!-- This site is optimized with the Yoast SEO plugin v23.8 - https:\/\/yoast.com\/wordpress\/plugins\/seo\/ -->\n<title>La loterie du Royaume-Uni | Informations pertinentes que vous devez savoir sur la loterie du Royaume-Uni.<\/title>\n<meta name=\"description\" content=\"Vous avez une meilleure chance avec la loterie du Royaume-Uni juste en connaissant cette information \u00e0 leur sujet.\" \/>\n<meta name=\"robots\" content=\"index, follow, max-snippet:-1, max-image-preview:large, max-video-preview:-1\" \/>\n<link rel=\"canonical\" href=\"https:\/\/redfoxlotto.com\/fr\/loterie\/lotto-uk\/\" \/>\n<meta property=\"og:locale\" content=\"fr_FR\" \/>\n<meta property=\"og:type\" content=\"article\" \/>\n<meta property=\"og:title\" content=\"La loterie du Royaume-Uni | Informations pertinentes que vous devez savoir sur la loterie du Royaume-Uni.\" \/>\n<meta property=\"og:description\" content=\"Vous avez une meilleure chance avec la loterie du Royaume-Uni juste en connaissant cette information \u00e0 leur sujet.\" \/>\n<meta property=\"og:url\" content=\"https:\/\/redfoxlotto.com\/fr\/loterie\/lotto-uk\/\" \/>\n<meta property=\"og:site_name\" content=\"Get Tickets for the World\u2019s largest jackpots\" \/>\n<meta property=\"article:modified_time\" content=\"2023-04-29T07:30:52+00:00\" \/>\n<meta property=\"og:image\" content=\"https:\/\/content.redfoxlotto.com\/uploads\/sites\/9\/2_ticket_uk_lottery2.jpg\" \/>\n<meta name=\"twitter:card\" content=\"summary_large_image\" \/>\n<meta name=\"twitter:label1\" content=\"Dur\u00e9e de lecture estim\u00e9e\" \/>\n\t<meta name=\"twitter:data1\" content=\"3 minutes\" \/>\n<script type=\"application\/ld+json\" class=\"yoast-schema-graph\">{\"@context\":\"https:\/\/schema.org\",\"@graph\":[{\"@type\":\"WebPage\",\"@id\":\"https:\/\/redfoxlotto.com\/fr\/loterie\/lotto-uk\/\",\"url\":\"https:\/\/redfoxlotto.com\/fr\/loterie\/lotto-uk\/\",\"name\":\"La loterie du Royaume-Uni | Informations pertinentes que vous devez savoir sur la loterie du Royaume-Uni.\",\"isPartOf\":{\"@id\":\"https:\/\/redfoxlotto.com\/fr\/#website\"},\"primaryImageOfPage\":{\"@id\":\"https:\/\/redfoxlotto.com\/fr\/loterie\/lotto-uk\/#primaryimage\"},\"image\":{\"@id\":\"https:\/\/redfoxlotto.com\/fr\/loterie\/lotto-uk\/#primaryimage\"},\"thumbnailUrl\":\"https:\/\/content.redfoxlotto.com\/uploads\/sites\/9\/2_ticket_uk_lottery2.jpg\",\"datePublished\":\"2018-11-18T08:54:25+00:00\",\"dateModified\":\"2023-04-29T07:30:52+00:00\",\"description\":\"Vous avez une meilleure chance avec la loterie du Royaume-Uni juste en connaissant cette information \u00e0 leur sujet.\",\"breadcrumb\":{\"@id\":\"https:\/\/redfoxlotto.com\/fr\/loterie\/lotto-uk\/#breadcrumb\"},\"inLanguage\":\"fr-FR\",\"potentialAction\":[{\"@type\":\"ReadAction\",\"target\":[\"https:\/\/redfoxlotto.com\/fr\/loterie\/lotto-uk\/\"]}]},{\"@type\":\"ImageObject\",\"inLanguage\":\"fr-FR\",\"@id\":\"https:\/\/redfoxlotto.com\/fr\/loterie\/lotto-uk\/#primaryimage\",\"url\":\"https:\/\/content.redfoxlotto.com\/uploads\/sites\/9\/2_ticket_uk_lottery2.jpg\",\"contentUrl\":\"https:\/\/content.redfoxlotto.com\/uploads\/sites\/9\/2_ticket_uk_lottery2.jpg\"},{\"@type\":\"BreadcrumbList\",\"@id\":\"https:\/\/redfoxlotto.com\/fr\/loterie\/lotto-uk\/#breadcrumb\",\"itemListElement\":[{\"@type\":\"ListItem\",\"position\":1,\"name\":\"Home\",\"item\":\"https:\/\/redfoxlotto.com\/fr\/\"},{\"@type\":\"ListItem\",\"position\":2,\"name\":\"Processus d&rsquo;achat de billets de loterie internationaux en ligne\",\"item\":\"https:\/\/redfoxlotto.com\/fr\/loterie\/\"},{\"@type\":\"ListItem\",\"position\":3,\"name\":\"\u00c0 propos de la loterie britannique\"}]},{\"@type\":\"WebSite\",\"@id\":\"https:\/\/redfoxlotto.com\/fr\/#website\",\"url\":\"https:\/\/redfoxlotto.com\/fr\/\",\"name\":\"Get Tickets for the World\u2019s largest jackpots\",\"description\":\"Participate in worldwide lottery jackpots from any country\",\"publisher\":{\"@id\":\"https:\/\/redfoxlotto.com\/fr\/#organization\"},\"potentialAction\":[{\"@type\":\"SearchAction\",\"target\":{\"@type\":\"EntryPoint\",\"urlTemplate\":\"https:\/\/redfoxlotto.com\/fr\/?s={search_term_string}\"},\"query-input\":{\"@type\":\"PropertyValueSpecification\",\"valueRequired\":true,\"valueName\":\"search_term_string\"}}],\"inLanguage\":\"fr-FR\"},{\"@type\":\"Organization\",\"@id\":\"https:\/\/redfoxlotto.com\/fr\/#organization\",\"name\":\"Get Tickets for the World\u2019s largest jackpots\",\"url\":\"https:\/\/redfoxlotto.com\/fr\/\",\"logo\":{\"@type\":\"ImageObject\",\"inLanguage\":\"fr-FR\",\"@id\":\"https:\/\/redfoxlotto.com\/fr\/#\/schema\/logo\/image\/\",\"url\":\"https:\/\/redfoxlotto.com\/wp-content\/uploads\/2023\/04\/logo.png\",\"contentUrl\":\"https:\/\/redfoxlotto.com\/wp-content\/uploads\/2023\/04\/logo.png\",\"width\":269,\"height\":53,\"caption\":\"Get Tickets for the World\u2019s largest jackpots\"},\"image\":{\"@id\":\"https:\/\/redfoxlotto.com\/fr\/#\/schema\/logo\/image\/\"}}]}<\/script>\n<!-- \/ Yoast SEO plugin. -->","yoast_head_json":{"title":"La loterie du Royaume-Uni | Informations pertinentes que vous devez savoir sur la loterie du Royaume-Uni.","description":"Vous avez une meilleure chance avec la loterie du Royaume-Uni juste en connaissant cette information \u00e0 leur sujet.","robots":{"index":"index","follow":"follow","max-snippet":"max-snippet:-1","max-image-preview":"max-image-preview:large","max-video-preview":"max-video-preview:-1"},"canonical":"https:\/\/redfoxlotto.com\/fr\/loterie\/lotto-uk\/","og_locale":"fr_FR","og_type":"article","og_title":"La loterie du Royaume-Uni | Informations pertinentes que vous devez savoir sur la loterie du Royaume-Uni.","og_description":"Vous avez une meilleure chance avec la loterie du Royaume-Uni juste en connaissant cette information \u00e0 leur sujet.","og_url":"https:\/\/redfoxlotto.com\/fr\/loterie\/lotto-uk\/","og_site_name":"Get Tickets for the World\u2019s largest jackpots","article_modified_time":"2023-04-29T07:30:52+00:00","og_image":[{"url":"https:\/\/content.redfoxlotto.com\/uploads\/sites\/9\/2_ticket_uk_lottery2.jpg"}],"twitter_card":"summary_large_image","twitter_misc":{"Dur\u00e9e de lecture estim\u00e9e":"3 minutes"},"schema":{"@context":"https:\/\/schema.org","@graph":[{"@type":"WebPage","@id":"https:\/\/redfoxlotto.com\/fr\/loterie\/lotto-uk\/","url":"https:\/\/redfoxlotto.com\/fr\/loterie\/lotto-uk\/","name":"La loterie du Royaume-Uni | Informations pertinentes que vous devez savoir sur la loterie du Royaume-Uni.","isPartOf":{"@id":"https:\/\/redfoxlotto.com\/fr\/#website"},"primaryImageOfPage":{"@id":"https:\/\/redfoxlotto.com\/fr\/loterie\/lotto-uk\/#primaryimage"},"image":{"@id":"https:\/\/redfoxlotto.com\/fr\/loterie\/lotto-uk\/#primaryimage"},"thumbnailUrl":"https:\/\/content.redfoxlotto.com\/uploads\/sites\/9\/2_ticket_uk_lottery2.jpg","datePublished":"2018-11-18T08:54:25+00:00","dateModified":"2023-04-29T07:30:52+00:00","description":"Vous avez une meilleure chance avec la loterie du Royaume-Uni juste en connaissant cette information \u00e0 leur sujet.","breadcrumb":{"@id":"https:\/\/redfoxlotto.com\/fr\/loterie\/lotto-uk\/#breadcrumb"},"inLanguage":"fr-FR","potentialAction":[{"@type":"ReadAction","target":["https:\/\/redfoxlotto.com\/fr\/loterie\/lotto-uk\/"]}]},{"@type":"ImageObject","inLanguage":"fr-FR","@id":"https:\/\/redfoxlotto.com\/fr\/loterie\/lotto-uk\/#primaryimage","url":"https:\/\/content.redfoxlotto.com\/uploads\/sites\/9\/2_ticket_uk_lottery2.jpg","contentUrl":"https:\/\/content.redfoxlotto.com\/uploads\/sites\/9\/2_ticket_uk_lottery2.jpg"},{"@type":"BreadcrumbList","@id":"https:\/\/redfoxlotto.com\/fr\/loterie\/lotto-uk\/#breadcrumb","itemListElement":[{"@type":"ListItem","position":1,"name":"Home","item":"https:\/\/redfoxlotto.com\/fr\/"},{"@type":"ListItem","position":2,"name":"Processus d&rsquo;achat de billets de loterie internationaux en ligne","item":"https:\/\/redfoxlotto.com\/fr\/loterie\/"},{"@type":"ListItem","position":3,"name":"\u00c0 propos de la loterie britannique"}]},{"@type":"WebSite","@id":"https:\/\/redfoxlotto.com\/fr\/#website","url":"https:\/\/redfoxlotto.com\/fr\/","name":"Get Tickets for the World\u2019s largest jackpots","description":"Participate in worldwide lottery jackpots from any country","publisher":{"@id":"https:\/\/redfoxlotto.com\/fr\/#organization"},"potentialAction":[{"@type":"SearchAction","target":{"@type":"EntryPoint","urlTemplate":"https:\/\/redfoxlotto.com\/fr\/?s={search_term_string}"},"query-input":{"@type":"PropertyValueSpecification","valueRequired":true,"valueName":"search_term_string"}}],"inLanguage":"fr-FR"},{"@type":"Organization","@id":"https:\/\/redfoxlotto.com\/fr\/#organization","name":"Get Tickets for the World\u2019s largest jackpots","url":"https:\/\/redfoxlotto.com\/fr\/","logo":{"@type":"ImageObject","inLanguage":"fr-FR","@id":"https:\/\/redfoxlotto.com\/fr\/#\/schema\/logo\/image\/","url":"https:\/\/redfoxlotto.com\/wp-content\/uploads\/2023\/04\/logo.png","contentUrl":"https:\/\/redfoxlotto.com\/wp-content\/uploads\/2023\/04\/logo.png","width":269,"height":53,"caption":"Get Tickets for the World\u2019s largest jackpots"},"image":{"@id":"https:\/\/redfoxlotto.com\/fr\/#\/schema\/logo\/image\/"}}]}},"_links":{"self":[{"href":"https:\/\/redfoxlotto.com\/fr\/wp-json\/wp\/v2\/pages\/1527","targetHints":{"allow":["GET"]}}],"collection":[{"href":"https:\/\/redfoxlotto.com\/fr\/wp-json\/wp\/v2\/pages"}],"about":[{"href":"https:\/\/redfoxlotto.com\/fr\/wp-json\/wp\/v2\/types\/page"}],"author":[{"embeddable":true,"href":"https:\/\/redfoxlotto.com\/fr\/wp-json\/wp\/v2\/users\/1"}],"replies":[{"embeddable":true,"href":"https:\/\/redfoxlotto.com\/fr\/wp-json\/wp\/v2\/comments?post=1527"}],"version-history":[{"count":0,"href":"https:\/\/redfoxlotto.com\/fr\/wp-json\/wp\/v2\/pages\/1527\/revisions"}],"up":[{"embeddable":true,"href":"https:\/\/redfoxlotto.com\/fr\/wp-json\/wp\/v2\/pages\/1513"}],"wp:attachment":[{"href":"https:\/\/redfoxlotto.com\/fr\/wp-json\/wp\/v2\/media?parent=1527"}],"curies":[{"name":"wp","href":"https:\/\/api.w.org\/{rel}","templated":true}]}}