{"id":1526,"date":"2018-11-18T08:54:25","date_gmt":"2018-11-18T08:54:25","guid":{"rendered":"https:\/\/redfoxlotto.com\/?page_id=4705"},"modified":"2019-02-07T06:48:16","modified_gmt":"2019-02-07T06:48:16","slug":"superenalotto","status":"publish","type":"page","link":"https:\/\/redfoxlotto.com\/fr\/loterie\/superenalotto\/","title":{"rendered":"Informations sur SuperEnalotto"},"content":{"rendered":"<p>Ce loto italien a \u00e9t\u00e9 introduit dans les ann\u00e9es 50 sous le nom \u00ab\u00a0EnaLotto\u00a0\u00bb, puis renomm\u00e9 SuperEnaLotto. La plus grande victoire enregistr\u00e9e au Superenalotto a \u00e9t\u00e9 de 177 729 043,16 \u20ac. Cette loterie a trois tirages par semaine &#8211; chaque mardi, jeudi et samedi.<\/p>\n<p><!--more--><\/p>\n<h2>Comment acheter votre billet de Superenalotto en ligne<\/h2>\n<p><img loading=\"lazy\" decoding=\"async\" class=\" wp-image alignright\" src=\"https:\/\/content.redfoxlotto.com\/uploads\/sites\/9\/2_ticket_superenalotto4.jpg\" alt=\"Superenalotto jouer en ligne\" width=\"223\" height=\"318\" \/><\/p>\n<p>La proc\u00e9dure d&rsquo;achat de votre billet de Superenalotto en ligne est tr\u00e8s simple. Notre site web vous guidera dans l&rsquo;achat du billet et le paiement.<\/p>\n<p>Lorsque vous \u00eates pr\u00eat \u00e0 acheter votre billet en ligne, vous pouvez le faire de deux mani\u00e8res diff\u00e9rentes :<\/p>\n<ul>\n<li>Commencez par cr\u00e9er un compte sur RedFoxLotto (n&rsquo;oubliez pas de cliquer sur le lien dans l&rsquo;e-mail de v\u00e9rification que nous vous enverrons !), puis d\u00e9posez d&rsquo;abord de l&rsquo;argent sur votre compte. Maintenant que vous avez de l&rsquo;argent sur votre compte, vous pouvez choisir une loterie, choisir vos num\u00e9ros et payer avec le solde de votre compte. Cette m\u00e9thode est id\u00e9ale si vous souhaitez acheter des billets en ligne aujourd&rsquo;hui et revenir plus tard pour en acheter d&rsquo;autres.<\/li>\n<\/ul>\n<p>Ou :<\/p>\n<ul>\n<li>Choisissez d&rsquo;abord une loterie, puis choisissez vos num\u00e9ros. Ajoutez d&rsquo;autres loteries et d&rsquo;autres billets si vous le souhaitez. Cliquez ensuite sur le bouton \u00ab\u00a0payer maintenant\u00a0\u00bb. Ensuite, vous verrez l&rsquo;\u00e9cran de connexion. Comme vous n&rsquo;avez pas encore de compte, vous devrez en cr\u00e9er un en cliquant sur le bouton \u00ab\u00a0S&rsquo;inscrire\u00a0\u00bb. Une fois que vous avez enregistr\u00e9 et v\u00e9rifi\u00e9 votre nouveau compte, cherchez le symbole du panier et cliquez dessus. Ensuite, vous pouvez payer en ligne, en utilisant la m\u00e9thode qui vous convient le mieux.<\/li>\n<\/ul>\n<p>Assurez-vous d&rsquo;avoir effectu\u00e9 toutes les \u00e9tapes n\u00e9cessaires pour le paiement. Une fois que vous avez achet\u00e9 vos billets avec succ\u00e8s, vous recevrez un courriel de confirmation. Apr\u00e8s cela, il ne vous reste plus qu&rsquo;\u00e0 attendre le tirage au sort pour savoir si vous avez gagn\u00e9 !<\/p>\n<h2>SuperEnalotto dans le monde<\/h2>\n<p><img loading=\"lazy\" decoding=\"async\" class=\" wp-image alignright\" src=\"https:\/\/content.redfoxlotto.com\/uploads\/sites\/9\/1_buy_ticket_jackpot.jpg\" alt=\"gagner Superenalotto\" width=\"255\" height=\"169\" \/><br \/>\nJusqu&rsquo;\u00e0 l&rsquo;introduction de <a href=\"https:\/\/redfoxlotto.com\/fr\/jouer\/eurojackpot\/\">Eurojackpot<\/a>, la loterie Superenalotto \u00e9tait la reine des loteries europ\u00e9ennes. De nos jours, il n&rsquo;est pas jou\u00e9 uniquement en Italie mais aussi en ligne par des joueurs d&rsquo;autres pays.<\/p>\n<h2>Les r\u00e8gles du SuperEnalotto<\/h2>\n<p>SuperEnaLotto est un jeu de 6 sur 90, sans num\u00e9ros suppl\u00e9mentaires. En frappant 6 <a href=\"https:\/\/redfoxlotto.com\/fr\/resultats\/\">num\u00e9ros, vous gagnez le jackpot<\/a>. Si vous avez au moins 3 num\u00e9ros correctement, vous \u00eates qualifi\u00e9 pour l&rsquo;un des prix les plus bas.<\/p>\n","protected":false},"excerpt":{"rendered":"<p>Ce loto italien a \u00e9t\u00e9 introduit dans les ann\u00e9es 50 sous le nom \u00ab\u00a0EnaLotto\u00a0\u00bb, puis renomm\u00e9 SuperEnaLotto. La plus grande victoire enregistr\u00e9e au Superenalotto a \u00e9t\u00e9 de 177 729 043,16 \u20ac. Cette loterie a trois tirages par semaine &#8211; chaque mardi, jeudi et samedi.<\/p>\n","protected":false},"author":1,"featured_media":0,"parent":1513,"menu_order":5,"comment_status":"closed","ping_status":"closed","template":"superenalotto-info.php","meta":{"_et_pb_use_builder":"","_et_pb_old_content":"","_et_gb_content_width":"","exclude_from_search":false,"footnotes":""},"class_list":["post-1526","page","type-page","status-publish","hentry"],"yoast_head":"<!-- This site is optimized with the Yoast SEO plugin v23.8 - https:\/\/yoast.com\/wordpress\/plugins\/seo\/ -->\n<title>Informations, regles, prix et billets en ligne du Superenalotto<\/title>\n<meta name=\"description\" content=\"Achetez vos billets Superenalotto ici - plus d&#039;informations sur le site\" \/>\n<meta name=\"robots\" content=\"index, follow, max-snippet:-1, max-image-preview:large, max-video-preview:-1\" \/>\n<link rel=\"canonical\" href=\"https:\/\/redfoxlotto.com\/fr\/loterie\/superenalotto\/\" \/>\n<meta property=\"og:locale\" content=\"fr_FR\" \/>\n<meta property=\"og:type\" content=\"article\" \/>\n<meta property=\"og:title\" content=\"Informations, regles, prix et billets en ligne du Superenalotto\" \/>\n<meta property=\"og:description\" content=\"Achetez vos billets Superenalotto ici - plus d&#039;informations sur le site\" \/>\n<meta property=\"og:url\" content=\"https:\/\/redfoxlotto.com\/fr\/loterie\/superenalotto\/\" \/>\n<meta property=\"og:site_name\" content=\"Get Tickets for the World\u2019s largest jackpots\" \/>\n<meta property=\"article:modified_time\" content=\"2019-02-07T06:48:16+00:00\" \/>\n<meta property=\"og:image\" content=\"https:\/\/content.redfoxlotto.com\/uploads\/sites\/9\/2_ticket_superenalotto4.jpg\" \/>\n<meta name=\"twitter:card\" content=\"summary_large_image\" \/>\n<meta name=\"twitter:label1\" content=\"Dur\u00e9e de lecture estim\u00e9e\" \/>\n\t<meta name=\"twitter:data1\" content=\"3 minutes\" \/>\n<script type=\"application\/ld+json\" class=\"yoast-schema-graph\">{\"@context\":\"https:\/\/schema.org\",\"@graph\":[{\"@type\":\"WebPage\",\"@id\":\"https:\/\/redfoxlotto.com\/fr\/loterie\/superenalotto\/\",\"url\":\"https:\/\/redfoxlotto.com\/fr\/loterie\/superenalotto\/\",\"name\":\"Informations, regles, prix et billets en ligne du Superenalotto\",\"isPartOf\":{\"@id\":\"https:\/\/redfoxlotto.com\/fr\/#website\"},\"primaryImageOfPage\":{\"@id\":\"https:\/\/redfoxlotto.com\/fr\/loterie\/superenalotto\/#primaryimage\"},\"image\":{\"@id\":\"https:\/\/redfoxlotto.com\/fr\/loterie\/superenalotto\/#primaryimage\"},\"thumbnailUrl\":\"https:\/\/content.redfoxlotto.com\/uploads\/sites\/9\/2_ticket_superenalotto4.jpg\",\"datePublished\":\"2018-11-18T08:54:25+00:00\",\"dateModified\":\"2019-02-07T06:48:16+00:00\",\"description\":\"Achetez vos billets Superenalotto ici - plus d'informations sur le site\",\"breadcrumb\":{\"@id\":\"https:\/\/redfoxlotto.com\/fr\/loterie\/superenalotto\/#breadcrumb\"},\"inLanguage\":\"fr-FR\",\"potentialAction\":[{\"@type\":\"ReadAction\",\"target\":[\"https:\/\/redfoxlotto.com\/fr\/loterie\/superenalotto\/\"]}]},{\"@type\":\"ImageObject\",\"inLanguage\":\"fr-FR\",\"@id\":\"https:\/\/redfoxlotto.com\/fr\/loterie\/superenalotto\/#primaryimage\",\"url\":\"https:\/\/content.redfoxlotto.com\/uploads\/sites\/9\/2_ticket_superenalotto4.jpg\",\"contentUrl\":\"https:\/\/content.redfoxlotto.com\/uploads\/sites\/9\/2_ticket_superenalotto4.jpg\"},{\"@type\":\"BreadcrumbList\",\"@id\":\"https:\/\/redfoxlotto.com\/fr\/loterie\/superenalotto\/#breadcrumb\",\"itemListElement\":[{\"@type\":\"ListItem\",\"position\":1,\"name\":\"Home\",\"item\":\"https:\/\/redfoxlotto.com\/fr\/\"},{\"@type\":\"ListItem\",\"position\":2,\"name\":\"Processus d&rsquo;achat de billets de loterie internationaux en ligne\",\"item\":\"https:\/\/redfoxlotto.com\/fr\/loterie\/\"},{\"@type\":\"ListItem\",\"position\":3,\"name\":\"Informations sur SuperEnalotto\"}]},{\"@type\":\"WebSite\",\"@id\":\"https:\/\/redfoxlotto.com\/fr\/#website\",\"url\":\"https:\/\/redfoxlotto.com\/fr\/\",\"name\":\"Get Tickets for the World\u2019s largest jackpots\",\"description\":\"Participate in worldwide lottery jackpots from any country\",\"publisher\":{\"@id\":\"https:\/\/redfoxlotto.com\/fr\/#organization\"},\"potentialAction\":[{\"@type\":\"SearchAction\",\"target\":{\"@type\":\"EntryPoint\",\"urlTemplate\":\"https:\/\/redfoxlotto.com\/fr\/?s={search_term_string}\"},\"query-input\":{\"@type\":\"PropertyValueSpecification\",\"valueRequired\":true,\"valueName\":\"search_term_string\"}}],\"inLanguage\":\"fr-FR\"},{\"@type\":\"Organization\",\"@id\":\"https:\/\/redfoxlotto.com\/fr\/#organization\",\"name\":\"Get Tickets for the World\u2019s largest jackpots\",\"url\":\"https:\/\/redfoxlotto.com\/fr\/\",\"logo\":{\"@type\":\"ImageObject\",\"inLanguage\":\"fr-FR\",\"@id\":\"https:\/\/redfoxlotto.com\/fr\/#\/schema\/logo\/image\/\",\"url\":\"https:\/\/redfoxlotto.com\/wp-content\/uploads\/2023\/04\/logo.png\",\"contentUrl\":\"https:\/\/redfoxlotto.com\/wp-content\/uploads\/2023\/04\/logo.png\",\"width\":269,\"height\":53,\"caption\":\"Get Tickets for the World\u2019s largest jackpots\"},\"image\":{\"@id\":\"https:\/\/redfoxlotto.com\/fr\/#\/schema\/logo\/image\/\"}}]}<\/script>\n<!-- \/ Yoast SEO plugin. -->","yoast_head_json":{"title":"Informations, regles, prix et billets en ligne du Superenalotto","description":"Achetez vos billets Superenalotto ici - plus d'informations sur le site","robots":{"index":"index","follow":"follow","max-snippet":"max-snippet:-1","max-image-preview":"max-image-preview:large","max-video-preview":"max-video-preview:-1"},"canonical":"https:\/\/redfoxlotto.com\/fr\/loterie\/superenalotto\/","og_locale":"fr_FR","og_type":"article","og_title":"Informations, regles, prix et billets en ligne du Superenalotto","og_description":"Achetez vos billets Superenalotto ici - plus d'informations sur le site","og_url":"https:\/\/redfoxlotto.com\/fr\/loterie\/superenalotto\/","og_site_name":"Get Tickets for the World\u2019s largest jackpots","article_modified_time":"2019-02-07T06:48:16+00:00","og_image":[{"url":"https:\/\/content.redfoxlotto.com\/uploads\/sites\/9\/2_ticket_superenalotto4.jpg"}],"twitter_card":"summary_large_image","twitter_misc":{"Dur\u00e9e de lecture estim\u00e9e":"3 minutes"},"schema":{"@context":"https:\/\/schema.org","@graph":[{"@type":"WebPage","@id":"https:\/\/redfoxlotto.com\/fr\/loterie\/superenalotto\/","url":"https:\/\/redfoxlotto.com\/fr\/loterie\/superenalotto\/","name":"Informations, regles, prix et billets en ligne du Superenalotto","isPartOf":{"@id":"https:\/\/redfoxlotto.com\/fr\/#website"},"primaryImageOfPage":{"@id":"https:\/\/redfoxlotto.com\/fr\/loterie\/superenalotto\/#primaryimage"},"image":{"@id":"https:\/\/redfoxlotto.com\/fr\/loterie\/superenalotto\/#primaryimage"},"thumbnailUrl":"https:\/\/content.redfoxlotto.com\/uploads\/sites\/9\/2_ticket_superenalotto4.jpg","datePublished":"2018-11-18T08:54:25+00:00","dateModified":"2019-02-07T06:48:16+00:00","description":"Achetez vos billets Superenalotto ici - plus d'informations sur le site","breadcrumb":{"@id":"https:\/\/redfoxlotto.com\/fr\/loterie\/superenalotto\/#breadcrumb"},"inLanguage":"fr-FR","potentialAction":[{"@type":"ReadAction","target":["https:\/\/redfoxlotto.com\/fr\/loterie\/superenalotto\/"]}]},{"@type":"ImageObject","inLanguage":"fr-FR","@id":"https:\/\/redfoxlotto.com\/fr\/loterie\/superenalotto\/#primaryimage","url":"https:\/\/content.redfoxlotto.com\/uploads\/sites\/9\/2_ticket_superenalotto4.jpg","contentUrl":"https:\/\/content.redfoxlotto.com\/uploads\/sites\/9\/2_ticket_superenalotto4.jpg"},{"@type":"BreadcrumbList","@id":"https:\/\/redfoxlotto.com\/fr\/loterie\/superenalotto\/#breadcrumb","itemListElement":[{"@type":"ListItem","position":1,"name":"Home","item":"https:\/\/redfoxlotto.com\/fr\/"},{"@type":"ListItem","position":2,"name":"Processus d&rsquo;achat de billets de loterie internationaux en ligne","item":"https:\/\/redfoxlotto.com\/fr\/loterie\/"},{"@type":"ListItem","position":3,"name":"Informations sur SuperEnalotto"}]},{"@type":"WebSite","@id":"https:\/\/redfoxlotto.com\/fr\/#website","url":"https:\/\/redfoxlotto.com\/fr\/","name":"Get Tickets for the World\u2019s largest jackpots","description":"Participate in worldwide lottery jackpots from any country","publisher":{"@id":"https:\/\/redfoxlotto.com\/fr\/#organization"},"potentialAction":[{"@type":"SearchAction","target":{"@type":"EntryPoint","urlTemplate":"https:\/\/redfoxlotto.com\/fr\/?s={search_term_string}"},"query-input":{"@type":"PropertyValueSpecification","valueRequired":true,"valueName":"search_term_string"}}],"inLanguage":"fr-FR"},{"@type":"Organization","@id":"https:\/\/redfoxlotto.com\/fr\/#organization","name":"Get Tickets for the World\u2019s largest jackpots","url":"https:\/\/redfoxlotto.com\/fr\/","logo":{"@type":"ImageObject","inLanguage":"fr-FR","@id":"https:\/\/redfoxlotto.com\/fr\/#\/schema\/logo\/image\/","url":"https:\/\/redfoxlotto.com\/wp-content\/uploads\/2023\/04\/logo.png","contentUrl":"https:\/\/redfoxlotto.com\/wp-content\/uploads\/2023\/04\/logo.png","width":269,"height":53,"caption":"Get Tickets for the World\u2019s largest jackpots"},"image":{"@id":"https:\/\/redfoxlotto.com\/fr\/#\/schema\/logo\/image\/"}}]}},"_links":{"self":[{"href":"https:\/\/redfoxlotto.com\/fr\/wp-json\/wp\/v2\/pages\/1526","targetHints":{"allow":["GET"]}}],"collection":[{"href":"https:\/\/redfoxlotto.com\/fr\/wp-json\/wp\/v2\/pages"}],"about":[{"href":"https:\/\/redfoxlotto.com\/fr\/wp-json\/wp\/v2\/types\/page"}],"author":[{"embeddable":true,"href":"https:\/\/redfoxlotto.com\/fr\/wp-json\/wp\/v2\/users\/1"}],"replies":[{"embeddable":true,"href":"https:\/\/redfoxlotto.com\/fr\/wp-json\/wp\/v2\/comments?post=1526"}],"version-history":[{"count":0,"href":"https:\/\/redfoxlotto.com\/fr\/wp-json\/wp\/v2\/pages\/1526\/revisions"}],"up":[{"embeddable":true,"href":"https:\/\/redfoxlotto.com\/fr\/wp-json\/wp\/v2\/pages\/1513"}],"wp:attachment":[{"href":"https:\/\/redfoxlotto.com\/fr\/wp-json\/wp\/v2\/media?parent=1526"}],"curies":[{"name":"wp","href":"https:\/\/api.w.org\/{rel}","templated":true}]}}