{"id":1524,"date":"2018-11-18T08:54:25","date_gmt":"2018-11-18T08:54:25","guid":{"rendered":"https:\/\/redfoxlotto.com\/?page_id=4701"},"modified":"2025-12-18T10:52:40","modified_gmt":"2025-12-18T10:52:40","slug":"powerball","status":"publish","type":"page","link":"https:\/\/redfoxlotto.com\/fr\/loterie\/powerball\/","title":{"rendered":"A propos de Powerball"},"content":{"rendered":"<p><script type=\"application\/ld+json\">\n{\n  \"@context\": \"https:\/\/schema.org\",\n  \"@type\": \"Service\",\n  \"name\": \"Jouez au Powerball en ligne\",\n  \"url\": \"https:\/\/redfoxlotto.com\/fr\/lotteries\/powerball\",\n  \"description\": \"Achetez des billets officiels du Powerball en ligne depuis n\u2019importe quel pays. Visitez RedFoxLotto, choisissez vos num\u00e9ros et participez au prochain tirage.\",\n  \"serviceType\": \"Service en ligne de billetterie de loterie\",<\/p>\n<p>  \"provider\": {\n    \"@type\": \"Organization\",\n    \"name\": \"RedFoxLotto\",\n    \"url\": \"https:\/\/redfoxlotto.com\/fr\/\",\n    \"image\": \"https:\/\/redfoxlotto.com\/wp-content\/uploads\/2025\/12\/ticket_scans.jpg\",\n    \"sameAs\": []\n  },<\/p>\n<p>  \"areaServed\": \"Worldwide\",\n  \"termsOfService\": \"https:\/\/redfoxlotto.com\/terms-and-conditions\",<\/p>\n<p>  \"additionalProperty\": {\n    \"@type\": \"PropertyValue\",\n    \"name\": \"FAQ\",\n    \"value\": \"https:\/\/redfoxlotto.com\/fr\/faq\/\"\n  },<\/p>\n<p>  \"hasOfferCatalog\": {\n    \"@type\": \"OfferCatalog\",\n    \"name\": \"Billets de loterie Powerball\",\n    \"itemListElement\": [\n      {\n        \"@type\": \"Offer\",\n        \"name\": \"Billets Powerball\",\n        \"url\": \"https:\/\/redfoxlotto.com\/fr\/lotteries\/powerball\",\n        \"description\": \"Achetez des billets r\u00e9els en ligne pour le prochain tirage Powerball sur RedFoxLotto.\",\n        \"price\": \"5.90\",\n        \"priceCurrency\": \"\u20ac\",\n        \"availability\": \"https:\/\/schema.org\/InStock\",<\/p>\n<p>        \"itemOffered\": {\n          \"@type\": \"Service\",\n          \"name\": \"Billets de loterie Powerball\",\n          \"description\": \"Participez au prochain tirage Powerball \u2013 achetez vos billets en ligne via RedFoxLotto.\"\n        }\n      }\n    ]\n  },<\/p>\n<p>  \"mainEntityOfPage\": {\n    \"@type\": \"WebPage\",\n    \"@id\": \"https:\/\/redfoxlotto.com\/fr\/lotteries\/powerball\"\n  }\n}\n<\/script><\/p>\n<p>Powerball est probablement la loterie la plus connue au monde et il y a de tr\u00e8s bonnes raisons \u00e0 cela.<\/p>\n<p>Des millions de joueurs du monde entier jouent \u00e0 ce jeu. Plus encore, non seulement aux \u00c9tats-Unis, mais aussi en ligne \u00e0 partir d&rsquo;autres pays comme l&rsquo;Estonie, o\u00f9 vous pouvez choisir d&rsquo;acheter des billets Powerball en ligne.<\/p>\n<p>Les tirages ont lieu tous les samedis et mercredis, ce qui signifie que vous aurez deux fois plus d&rsquo;occasions de participer et d&rsquo;acheter un billet. Ce qui est vraiment passionnant, c&rsquo;est que le plus gros jackpot jamais atteint au Powerball \u00e9tait de 1 586 400 000 dollars !<\/p>\n<h2>Le loto Powerball dans le monde entier<\/h2>\n<p>Avec l&rsquo;aide de notre site web, vous pouvez maintenant devenir un multi-millionnaire du Powerball. Nous vous offrons la possibilit\u00e9 d&rsquo;acheter des tickets Powerball en ligne. Tout ce que vous avez \u00e0 faire, c&rsquo;est de jeter un coup d&rsquo;\u0153il \u00e0 notre syst\u00e8me. Vous verrez que vous pouvez passer de la simple consultation de notre site Internet \u00e0 l&rsquo;obtention de votre premier ticket sur votre compte en quelques \u00e9tapes simples. Voyons donc de plus pr\u00e8s ce que vous devez faire.<img decoding=\"async\" class=\"wp-image alignright\" src=\"https:\/\/redfoxlotto.com\/wp-content\/uploads\/sites\/9\/ticket_powerball3.jpg\" alt=\"loterie powerball\" \/><\/p>\n<h2>Comment acheter votre ticket Powerball en ligne depuis la France<\/h2>\n<p>La premi\u00e8re \u00e9tape consiste simplement \u00e0 consulter les diff\u00e9rents jeux de loterie disponibles. Heureusement pour vous, il y a un certain nombre de billets et de jeux int\u00e9ressants disponibles, car nous voulons nous assurer que vous pouvez participer \u00e0 tous les jackpots les plus importants. Ainsi, tous les plus grands jeux du monde sont disponibles en Estonie, sur notre site Web. Il vous suffit de jeter un coup d&rsquo;\u0153il aux jeux disponibles et de d\u00e9cider lequel vous voulez jouer.<\/p>\n<p>Une fois que vous avez choisi un jeu (dans ce cas, le Powerball), il vous suffit de cliquer sur le lien et d&rsquo;acc\u00e9der \u00e0 la page. Vous y trouverez de plus amples informations sur le jeu et sur la mani\u00e8re d&rsquo;obtenir votre propre billet. Il vous suffit de choisir les num\u00e9ros que vous voulez. Bien s\u00fbr, vous pouvez aussi choisir un choix rapide si vous ne savez pas quels num\u00e9ros vous voulez.<\/p>\n<p>Sur notre site web, lorsque vous commencez \u00e0 choisir vos num\u00e9ros, nous vous indiquons exactement le nombre de num\u00e9ros dont vous avez besoin et nous nous assurons que vous n&rsquo;en avez pas trop ou pas assez pour obtenir un billet valide. Vous aurez \u00e9galement la possibilit\u00e9 de choisir une combinaison de num\u00e9ros s\u00e9lectionn\u00e9s au hasard et de num\u00e9ros s\u00e9lectionn\u00e9s personnellement, comme vous le souhaitez. Vous pouvez \u00e9galement s\u00e9lectionner plusieurs billets pour le jeu.<\/p>\n<p>Vous pourrez ensuite ajouter les billets \u00e0 votre panier et choisir d&rsquo;autres billets pour le Powerball ou d&rsquo;autres jeux auxquels vous souhaitez jouer. Il ne vous reste plus qu&rsquo;\u00e0 cr\u00e9er votre propre compte. Nous vous demanderons alors quelques informations personnelles qui vous permettront d&rsquo;acheter des billets en toute s\u00e9curit\u00e9 et de retirer de l&rsquo;argent de votre compte. Vous pourrez \u00e9galement cr\u00e9er tous les comptes que vous souhaitez.<\/p>\n<h2>Les r\u00e8gles des billets Powerball en ligne<\/h2>\n<p>Lorsqu&rsquo;il s&rsquo;agit de cr\u00e9er votre ticket Powerball, vous devez conna\u00eetre les r\u00e8gles \u00e0 suivre et la mani\u00e8re dont vous allez choisir votre ticket. Que devez-vous faire ?<\/p>\n<p>Vous devez choisir 5 num\u00e9ros entre 1 et 69, plus un num\u00e9ro Powerball entre 1 et 26. Les six num\u00e9ros doivent \u00eatre identiques sur votre billet. Vous avez alors gagn\u00e9 le jackpot. Si vous n&rsquo;avez que les cinq premiers num\u00e9ros, votre billet remporte le deuxi\u00e8me prix. Vous gagnez tout de m\u00eame 1 million de dollars. Les gains du jackpot Powerball peuvent \u00eatre vers\u00e9s en une seule fois ou en 30 versements annuels.<\/p>\n<h2>Achetez un billet Powerball en ligne et gagnez !<\/h2>\n<p>Que se passera-t-il si vous gagnez le jackpot du Powerball ? Ce sera tr\u00e8s amusant et vous serez certainement tr\u00e8s excit\u00e9. Mais vous devrez aussi pr\u00e9voir un voyage aux \u00c9tats-Unis, car les Am\u00e9ricains adorent faire toute une histoire avec ceux qui gagnent.<\/p>\n<p>Cela signifie qu&rsquo;ils prendront des photos, vous remettront un gros ch\u00e8que et bien d&rsquo;autres choses encore, et nous veillerons \u00e0 ce que vous soyez pr\u00e9par\u00e9 \u00e0 cela avec le billet et les informations dont vous avez besoin pour r\u00e9clamer votre prix.<\/p>\n<p>Si vous gagnez un prix de moindre importance, nous pouvons verser l&rsquo;argent directement sur votre compte pour que vous puissiez le retirer ou l&rsquo;utiliser pour acheter des billets suppl\u00e9mentaires. Pour ceux qui gagnent des prix plus importants, mais pas le jackpot, vous pourrez obtenir un transfert direct sur votre compte et nous vous contacterons pour vous indiquer ce que vous devez faire et comment vous pouvez mettre tout cela en place. Mais comment le saurez-vous ?<br \/>\n<img decoding=\"async\" class=\"size-full wp-image alignright\" src=\"https:\/\/content.redfoxlotto.com\/uploads\/sites\/9\/1_buy_lottery_online.jpg\" alt=\"acheter des tickets en ligne\" \/><br \/>\nSi vous consultez r\u00e9guli\u00e8rement votre compte, vous verrez les mises \u00e0 jour de votre billet et vous verrez les num\u00e9ros qui correspondent. Vous recevrez \u00e9galement l&rsquo;argent des petits montants imm\u00e9diatement transf\u00e9r\u00e9 sur votre compte. En revanche, toute somme gagn\u00e9e sera affich\u00e9e dans votre courrier \u00e9lectronique. Cela signifie qu&rsquo;il vous suffira de consulter votre courrier \u00e9lectronique et de voir que vous avez gagn\u00e9 pour vous rendre imm\u00e9diatement sur votre compte.<\/p>\n<h2>Jouer \u00e0 de nouveaux jeux<\/h2>\n<p>Si vous \u00eates pr\u00eat \u00e0 jouer et que vous voulez acheter des tickets Powerball en ligne, vous voudrez certainement jeter un coup d&rsquo;\u0153il aux autres options que nous avons aussi. En fait, nous avons les jeux de loterie les plus chauds du monde et tout ce que vous avez \u00e0 faire, c&rsquo;est de d\u00e9cider lequel sera votre pr\u00e9f\u00e9r\u00e9 et lequel vous voulez essayer ensuite.<\/p>\n<p>Jetez donc un coup d&rsquo;\u0153il rapide \u00e0 ce qui est disponible et \u00e0 la fa\u00e7on dont vous pouvez obtenir tous les billets que vous voulez. Assurez-vous \u00e9galement de consulter toutes les informations que vous pouvez trouver sur chacun des jeux, quand ils seront tir\u00e9s, combien vous pouvez gagner et bien d&rsquo;autres choses encore.<\/p>\n<p>Voulez-vous jouer et obtenir des billets Powerball en ligne ? Commencez d\u00e8s maintenant, ici m\u00eame.<\/p>\n","protected":false},"excerpt":{"rendered":"<p>Powerball est probablement la loterie la plus connue au monde et il y a de tr\u00e8s bonnes raisons \u00e0 cela. Des millions de joueurs du monde entier jouent \u00e0 ce jeu. Plus encore, non seulement aux \u00c9tats-Unis, mais aussi en ligne \u00e0 partir d&rsquo;autres pays comme l&rsquo;Estonie, o\u00f9 vous pouvez choisir d&rsquo;acheter des billets Powerball [&hellip;]<\/p>\n","protected":false},"author":1,"featured_media":0,"parent":1513,"menu_order":1,"comment_status":"closed","ping_status":"closed","template":"powerball-usa-info.php","meta":{"_et_pb_use_builder":"","_et_pb_old_content":"","_et_gb_content_width":"","exclude_from_search":false,"footnotes":""},"class_list":["post-1524","page","type-page","status-publish","hentry"],"yoast_head":"<!-- This site is optimized with the Yoast SEO plugin v27.3 - https:\/\/yoast.com\/product\/yoast-seo-wordpress\/ -->\n<title>Achetez des billets Powerball en ligne sur le site France | Gagnez Powerball ici<\/title>\n<meta name=\"description\" content=\"Comment acheter un ticket en ligne pour Powerball Lotto USA ? Notre service vous permet de participer au Powerball USA depuis la France.\" \/>\n<meta name=\"robots\" content=\"index, follow, max-snippet:-1, max-image-preview:large, max-video-preview:-1\" \/>\n<link rel=\"canonical\" href=\"https:\/\/redfoxlotto.com\/fr\/loterie\/powerball\/\" \/>\n<meta property=\"og:locale\" content=\"fr_FR\" \/>\n<meta property=\"og:type\" content=\"article\" \/>\n<meta property=\"og:title\" content=\"Achetez des billets Powerball en ligne sur le site France | Gagnez Powerball ici\" \/>\n<meta property=\"og:description\" content=\"Comment acheter un ticket en ligne pour Powerball Lotto USA ? Notre service vous permet de participer au Powerball USA depuis la France.\" \/>\n<meta property=\"og:url\" content=\"https:\/\/redfoxlotto.com\/fr\/loterie\/powerball\/\" \/>\n<meta property=\"og:site_name\" content=\"Get Tickets for the World\u2019s largest jackpots\" \/>\n<meta property=\"article:modified_time\" content=\"2025-12-18T10:52:40+00:00\" \/>\n<meta property=\"og:image\" content=\"https:\/\/redfoxlotto.com\/wp-content\/uploads\/sites\/9\/ticket_powerball3.jpg\" \/>\n<meta name=\"twitter:card\" content=\"summary_large_image\" \/>\n<meta name=\"twitter:label1\" content=\"Dur\u00e9e de lecture estim\u00e9e\" \/>\n\t<meta name=\"twitter:data1\" content=\"5 minutes\" \/>\n<script type=\"application\/ld+json\" class=\"yoast-schema-graph\">{\"@context\":\"https:\\\/\\\/schema.org\",\"@graph\":[{\"@type\":\"WebPage\",\"@id\":\"https:\\\/\\\/redfoxlotto.com\\\/fr\\\/loterie\\\/powerball\\\/\",\"url\":\"https:\\\/\\\/redfoxlotto.com\\\/fr\\\/loterie\\\/powerball\\\/\",\"name\":\"Achetez des billets Powerball en ligne sur le site France | Gagnez Powerball ici\",\"isPartOf\":{\"@id\":\"https:\\\/\\\/redfoxlotto.com\\\/fr\\\/#website\"},\"primaryImageOfPage\":{\"@id\":\"https:\\\/\\\/redfoxlotto.com\\\/fr\\\/loterie\\\/powerball\\\/#primaryimage\"},\"image\":{\"@id\":\"https:\\\/\\\/redfoxlotto.com\\\/fr\\\/loterie\\\/powerball\\\/#primaryimage\"},\"thumbnailUrl\":\"https:\\\/\\\/redfoxlotto.com\\\/wp-content\\\/uploads\\\/sites\\\/9\\\/ticket_powerball3.jpg\",\"datePublished\":\"2018-11-18T08:54:25+00:00\",\"dateModified\":\"2025-12-18T10:52:40+00:00\",\"description\":\"Comment acheter un ticket en ligne pour Powerball Lotto USA ? Notre service vous permet de participer au Powerball USA depuis la France.\",\"breadcrumb\":{\"@id\":\"https:\\\/\\\/redfoxlotto.com\\\/fr\\\/loterie\\\/powerball\\\/#breadcrumb\"},\"inLanguage\":\"fr-FR\",\"potentialAction\":[{\"@type\":\"ReadAction\",\"target\":[\"https:\\\/\\\/redfoxlotto.com\\\/fr\\\/loterie\\\/powerball\\\/\"]}]},{\"@type\":\"ImageObject\",\"inLanguage\":\"fr-FR\",\"@id\":\"https:\\\/\\\/redfoxlotto.com\\\/fr\\\/loterie\\\/powerball\\\/#primaryimage\",\"url\":\"https:\\\/\\\/redfoxlotto.com\\\/wp-content\\\/uploads\\\/sites\\\/9\\\/ticket_powerball3.jpg\",\"contentUrl\":\"https:\\\/\\\/redfoxlotto.com\\\/wp-content\\\/uploads\\\/sites\\\/9\\\/ticket_powerball3.jpg\"},{\"@type\":\"BreadcrumbList\",\"@id\":\"https:\\\/\\\/redfoxlotto.com\\\/fr\\\/loterie\\\/powerball\\\/#breadcrumb\",\"itemListElement\":[{\"@type\":\"ListItem\",\"position\":1,\"name\":\"Home\",\"item\":\"https:\\\/\\\/redfoxlotto.com\\\/fr\\\/\"},{\"@type\":\"ListItem\",\"position\":2,\"name\":\"Processus d&rsquo;achat de billets de loterie internationaux en ligne\",\"item\":\"https:\\\/\\\/redfoxlotto.com\\\/fr\\\/loterie\\\/\"},{\"@type\":\"ListItem\",\"position\":3,\"name\":\"A propos de Powerball\"}]},{\"@type\":\"WebSite\",\"@id\":\"https:\\\/\\\/redfoxlotto.com\\\/fr\\\/#website\",\"url\":\"https:\\\/\\\/redfoxlotto.com\\\/fr\\\/\",\"name\":\"Get Tickets for the World\u2019s largest jackpots\",\"description\":\"Participate in worldwide lottery jackpots from any country\",\"publisher\":{\"@id\":\"https:\\\/\\\/redfoxlotto.com\\\/fr\\\/#organization\"},\"potentialAction\":[{\"@type\":\"SearchAction\",\"target\":{\"@type\":\"EntryPoint\",\"urlTemplate\":\"https:\\\/\\\/redfoxlotto.com\\\/fr\\\/?s={search_term_string}\"},\"query-input\":{\"@type\":\"PropertyValueSpecification\",\"valueRequired\":true,\"valueName\":\"search_term_string\"}}],\"inLanguage\":\"fr-FR\"},{\"@type\":\"Organization\",\"@id\":\"https:\\\/\\\/redfoxlotto.com\\\/fr\\\/#organization\",\"name\":\"Get Tickets for the World\u2019s largest jackpots\",\"url\":\"https:\\\/\\\/redfoxlotto.com\\\/fr\\\/\",\"logo\":{\"@type\":\"ImageObject\",\"inLanguage\":\"fr-FR\",\"@id\":\"https:\\\/\\\/redfoxlotto.com\\\/fr\\\/#\\\/schema\\\/logo\\\/image\\\/\",\"url\":\"https:\\\/\\\/redfoxlotto.com\\\/wp-content\\\/uploads\\\/2023\\\/04\\\/logo.png\",\"contentUrl\":\"https:\\\/\\\/redfoxlotto.com\\\/wp-content\\\/uploads\\\/2023\\\/04\\\/logo.png\",\"width\":269,\"height\":53,\"caption\":\"Get Tickets for the World\u2019s largest jackpots\"},\"image\":{\"@id\":\"https:\\\/\\\/redfoxlotto.com\\\/fr\\\/#\\\/schema\\\/logo\\\/image\\\/\"}}]}<\/script>\n<!-- \/ Yoast SEO plugin. -->","yoast_head_json":{"title":"Achetez des billets Powerball en ligne sur le site France | Gagnez Powerball ici","description":"Comment acheter un ticket en ligne pour Powerball Lotto USA ? Notre service vous permet de participer au Powerball USA depuis la France.","robots":{"index":"index","follow":"follow","max-snippet":"max-snippet:-1","max-image-preview":"max-image-preview:large","max-video-preview":"max-video-preview:-1"},"canonical":"https:\/\/redfoxlotto.com\/fr\/loterie\/powerball\/","og_locale":"fr_FR","og_type":"article","og_title":"Achetez des billets Powerball en ligne sur le site France | Gagnez Powerball ici","og_description":"Comment acheter un ticket en ligne pour Powerball Lotto USA ? Notre service vous permet de participer au Powerball USA depuis la France.","og_url":"https:\/\/redfoxlotto.com\/fr\/loterie\/powerball\/","og_site_name":"Get Tickets for the World\u2019s largest jackpots","article_modified_time":"2025-12-18T10:52:40+00:00","og_image":[{"url":"https:\/\/redfoxlotto.com\/wp-content\/uploads\/sites\/9\/ticket_powerball3.jpg","type":"","width":"","height":""}],"twitter_card":"summary_large_image","twitter_misc":{"Dur\u00e9e de lecture estim\u00e9e":"5 minutes"},"schema":{"@context":"https:\/\/schema.org","@graph":[{"@type":"WebPage","@id":"https:\/\/redfoxlotto.com\/fr\/loterie\/powerball\/","url":"https:\/\/redfoxlotto.com\/fr\/loterie\/powerball\/","name":"Achetez des billets Powerball en ligne sur le site France | Gagnez Powerball ici","isPartOf":{"@id":"https:\/\/redfoxlotto.com\/fr\/#website"},"primaryImageOfPage":{"@id":"https:\/\/redfoxlotto.com\/fr\/loterie\/powerball\/#primaryimage"},"image":{"@id":"https:\/\/redfoxlotto.com\/fr\/loterie\/powerball\/#primaryimage"},"thumbnailUrl":"https:\/\/redfoxlotto.com\/wp-content\/uploads\/sites\/9\/ticket_powerball3.jpg","datePublished":"2018-11-18T08:54:25+00:00","dateModified":"2025-12-18T10:52:40+00:00","description":"Comment acheter un ticket en ligne pour Powerball Lotto USA ? Notre service vous permet de participer au Powerball USA depuis la France.","breadcrumb":{"@id":"https:\/\/redfoxlotto.com\/fr\/loterie\/powerball\/#breadcrumb"},"inLanguage":"fr-FR","potentialAction":[{"@type":"ReadAction","target":["https:\/\/redfoxlotto.com\/fr\/loterie\/powerball\/"]}]},{"@type":"ImageObject","inLanguage":"fr-FR","@id":"https:\/\/redfoxlotto.com\/fr\/loterie\/powerball\/#primaryimage","url":"https:\/\/redfoxlotto.com\/wp-content\/uploads\/sites\/9\/ticket_powerball3.jpg","contentUrl":"https:\/\/redfoxlotto.com\/wp-content\/uploads\/sites\/9\/ticket_powerball3.jpg"},{"@type":"BreadcrumbList","@id":"https:\/\/redfoxlotto.com\/fr\/loterie\/powerball\/#breadcrumb","itemListElement":[{"@type":"ListItem","position":1,"name":"Home","item":"https:\/\/redfoxlotto.com\/fr\/"},{"@type":"ListItem","position":2,"name":"Processus d&rsquo;achat de billets de loterie internationaux en ligne","item":"https:\/\/redfoxlotto.com\/fr\/loterie\/"},{"@type":"ListItem","position":3,"name":"A propos de Powerball"}]},{"@type":"WebSite","@id":"https:\/\/redfoxlotto.com\/fr\/#website","url":"https:\/\/redfoxlotto.com\/fr\/","name":"Get Tickets for the World\u2019s largest jackpots","description":"Participate in worldwide lottery jackpots from any country","publisher":{"@id":"https:\/\/redfoxlotto.com\/fr\/#organization"},"potentialAction":[{"@type":"SearchAction","target":{"@type":"EntryPoint","urlTemplate":"https:\/\/redfoxlotto.com\/fr\/?s={search_term_string}"},"query-input":{"@type":"PropertyValueSpecification","valueRequired":true,"valueName":"search_term_string"}}],"inLanguage":"fr-FR"},{"@type":"Organization","@id":"https:\/\/redfoxlotto.com\/fr\/#organization","name":"Get Tickets for the World\u2019s largest jackpots","url":"https:\/\/redfoxlotto.com\/fr\/","logo":{"@type":"ImageObject","inLanguage":"fr-FR","@id":"https:\/\/redfoxlotto.com\/fr\/#\/schema\/logo\/image\/","url":"https:\/\/redfoxlotto.com\/wp-content\/uploads\/2023\/04\/logo.png","contentUrl":"https:\/\/redfoxlotto.com\/wp-content\/uploads\/2023\/04\/logo.png","width":269,"height":53,"caption":"Get Tickets for the World\u2019s largest jackpots"},"image":{"@id":"https:\/\/redfoxlotto.com\/fr\/#\/schema\/logo\/image\/"}}]}},"_links":{"self":[{"href":"https:\/\/redfoxlotto.com\/fr\/wp-json\/wp\/v2\/pages\/1524","targetHints":{"allow":["GET"]}}],"collection":[{"href":"https:\/\/redfoxlotto.com\/fr\/wp-json\/wp\/v2\/pages"}],"about":[{"href":"https:\/\/redfoxlotto.com\/fr\/wp-json\/wp\/v2\/types\/page"}],"author":[{"embeddable":true,"href":"https:\/\/redfoxlotto.com\/fr\/wp-json\/wp\/v2\/users\/1"}],"replies":[{"embeddable":true,"href":"https:\/\/redfoxlotto.com\/fr\/wp-json\/wp\/v2\/comments?post=1524"}],"version-history":[{"count":0,"href":"https:\/\/redfoxlotto.com\/fr\/wp-json\/wp\/v2\/pages\/1524\/revisions"}],"up":[{"embeddable":true,"href":"https:\/\/redfoxlotto.com\/fr\/wp-json\/wp\/v2\/pages\/1513"}],"wp:attachment":[{"href":"https:\/\/redfoxlotto.com\/fr\/wp-json\/wp\/v2\/media?parent=1524"}],"curies":[{"name":"wp","href":"https:\/\/api.w.org\/{rel}","templated":true}]}}