{"id":1523,"date":"2018-11-18T08:54:25","date_gmt":"2018-11-18T08:54:25","guid":{"rendered":"https:\/\/redfoxlotto.com\/?page_id=4699"},"modified":"2019-02-07T06:48:16","modified_gmt":"2019-02-07T06:48:16","slug":"powerball-au","status":"publish","type":"page","link":"https:\/\/redfoxlotto.com\/fr\/loterie\/powerball-au\/","title":{"rendered":"Information sur Powerball (AU)"},"content":{"rendered":"<p>Le Powerball australien est une loterie en Australie. Le fonctionnement de la Powerball est g\u00e9r\u00e9 par un groupe connu sous le nom de groupe Tatts. The Lott est une marque du groupe Tatts dont la licence permet d&rsquo;administrer la loterie dans tous les \u00c9tats australiens, \u00e0 l&rsquo;exception de l&rsquo;Australie-Occidentale, o\u00f9 la loterie est g\u00e9r\u00e9e par le gouvernement, qui en est propri\u00e9taire.<\/p><p><img loading=\"lazy\" decoding=\"async\" class=\" wp-image alignright\" src=\"https:\/\/content.redfoxlotto.com\/uploads\/sites\/9\/2_ticket_powerball_au2.jpg\" alt=\"Powerball Australia\" width=\"99\" height=\"182\" \/><\/p><!--more--><p>Le tirage Powerball a lieu tous les jeudis \u00e0 21 h (heure de l&rsquo;Est). 7 num\u00e9ros sont tir\u00e9s d&rsquo;une poule contenant des num\u00e9ros de 1 \u00e0 35 tandis qu&rsquo;un num\u00e9ro Powerball est tir\u00e9 d&rsquo;une autre poule contenant des num\u00e9ros de 1 \u00e0 20. Pour gagner le jackpot, les joueurs doivent faire correspondre les sept num\u00e9ros obtenus de la premi\u00e8re poule et aussi le num\u00e9ro Powerball obtenu de la deuxi\u00e8me poule. <\/p><p>Les billets d&rsquo;Australian Powerball peuvent \u00eatre obtenus physiquement ou en ligne, donc il n&rsquo;y a aucune restriction \u00e0 la participation \u00e0 la loterie car vous pouvez obtenir les billets de n&rsquo;importe o\u00f9 dans le monde. Les joueurs doivent \u00eatre \u00e2g\u00e9s de 18 ans et plus pour pouvoir participer \u00e0 la loterie. <\/p><p><img loading=\"lazy\" decoding=\"async\" class=\" wp-image alignright\" src=\"https:\/\/content.redfoxlotto.com\/uploads\/sites\/9\/1_buy_ticket_online.jpg\" alt=\"Achetez Powerball Australia\" width=\"179\" height=\"134\" \/><\/p><p>Tout r\u00e9cemment, l&rsquo;histoire de la loterie Powerball australienne a \u00e9t\u00e9 marqu\u00e9e par le fait qu&rsquo;une m\u00e8re de Sydney a remport\u00e9 le prix individuel le plus \u00e9lev\u00e9 de l&rsquo;histoire du Powerball. Elle a gagn\u00e9 107 millions de dollars australiens. Elle est en effet ce que nous pouvons appeler la d\u00e9finition parfaite de la chance car la probabilit\u00e9 de gagner le jackpot dans le Powerball est de 1 sur 134,4 millions.<\/p>","protected":false},"excerpt":{"rendered":"<p>Le Powerball australien est une loterie en Australie. Le fonctionnement de la Powerball est g\u00e9r\u00e9 par un groupe connu sous le nom de groupe Tatts. The Lott est une marque du groupe Tatts dont la licence permet d&rsquo;administrer la loterie dans tous les \u00c9tats australiens, \u00e0 l&rsquo;exception de l&rsquo;Australie-Occidentale, o\u00f9 la loterie est g\u00e9r\u00e9e par [&hellip;]<\/p>\n","protected":false},"author":1,"featured_media":0,"parent":1513,"menu_order":20,"comment_status":"closed","ping_status":"closed","template":"powerball-au-info.php","meta":{"_et_pb_use_builder":"","_et_pb_old_content":"","_et_gb_content_width":"","exclude_from_search":false,"footnotes":""},"class_list":["post-1523","page","type-page","status-publish","hentry"],"yoast_head":"<!-- This site is optimized with the Yoast SEO plugin v27.3 - https:\/\/yoast.com\/product\/yoast-seo-wordpress\/ -->\n<title>Ce que vous devez savoir sur l&#039;une des meilleures loteries d&#039;Australie.<\/title>\n<meta name=\"description\" content=\"La Powerball Au Powerball est un des plus gros jackpots parmi les loteries d&#039;Australie, cette information pourrait vous prendre un pas plus pr\u00e8s de frapper le jackpot.\" \/>\n<meta name=\"robots\" content=\"index, follow, max-snippet:-1, max-image-preview:large, max-video-preview:-1\" \/>\n<link rel=\"canonical\" href=\"https:\/\/redfoxlotto.com\/fr\/loterie\/powerball-au\/\" \/>\n<meta property=\"og:locale\" content=\"fr_FR\" \/>\n<meta property=\"og:type\" content=\"article\" \/>\n<meta property=\"og:title\" content=\"Ce que vous devez savoir sur l&#039;une des meilleures loteries d&#039;Australie.\" \/>\n<meta property=\"og:description\" content=\"La Powerball Au Powerball est un des plus gros jackpots parmi les loteries d&#039;Australie, cette information pourrait vous prendre un pas plus pr\u00e8s de frapper le jackpot.\" \/>\n<meta property=\"og:url\" content=\"https:\/\/redfoxlotto.com\/fr\/loterie\/powerball-au\/\" \/>\n<meta property=\"og:site_name\" content=\"Get Tickets for the World\u2019s largest jackpots\" \/>\n<meta property=\"article:modified_time\" content=\"2019-02-07T06:48:16+00:00\" \/>\n<meta property=\"og:image\" content=\"https:\/\/content.redfoxlotto.com\/uploads\/sites\/9\/2_ticket_powerball_au2.jpg\" \/>\n<meta name=\"twitter:card\" content=\"summary_large_image\" \/>\n<meta name=\"twitter:label1\" content=\"Dur\u00e9e de lecture estim\u00e9e\" \/>\n\t<meta name=\"twitter:data1\" content=\"2 minutes\" \/>\n<script type=\"application\/ld+json\" class=\"yoast-schema-graph\">{\"@context\":\"https:\\\/\\\/schema.org\",\"@graph\":[{\"@type\":\"WebPage\",\"@id\":\"https:\\\/\\\/redfoxlotto.com\\\/fr\\\/loterie\\\/powerball-au\\\/\",\"url\":\"https:\\\/\\\/redfoxlotto.com\\\/fr\\\/loterie\\\/powerball-au\\\/\",\"name\":\"Ce que vous devez savoir sur l'une des meilleures loteries d'Australie.\",\"isPartOf\":{\"@id\":\"https:\\\/\\\/redfoxlotto.com\\\/fr\\\/#website\"},\"primaryImageOfPage\":{\"@id\":\"https:\\\/\\\/redfoxlotto.com\\\/fr\\\/loterie\\\/powerball-au\\\/#primaryimage\"},\"image\":{\"@id\":\"https:\\\/\\\/redfoxlotto.com\\\/fr\\\/loterie\\\/powerball-au\\\/#primaryimage\"},\"thumbnailUrl\":\"https:\\\/\\\/content.redfoxlotto.com\\\/uploads\\\/sites\\\/9\\\/2_ticket_powerball_au2.jpg\",\"datePublished\":\"2018-11-18T08:54:25+00:00\",\"dateModified\":\"2019-02-07T06:48:16+00:00\",\"description\":\"La Powerball Au Powerball est un des plus gros jackpots parmi les loteries d'Australie, cette information pourrait vous prendre un pas plus pr\u00e8s de frapper le jackpot.\",\"breadcrumb\":{\"@id\":\"https:\\\/\\\/redfoxlotto.com\\\/fr\\\/loterie\\\/powerball-au\\\/#breadcrumb\"},\"inLanguage\":\"fr-FR\",\"potentialAction\":[{\"@type\":\"ReadAction\",\"target\":[\"https:\\\/\\\/redfoxlotto.com\\\/fr\\\/loterie\\\/powerball-au\\\/\"]}]},{\"@type\":\"ImageObject\",\"inLanguage\":\"fr-FR\",\"@id\":\"https:\\\/\\\/redfoxlotto.com\\\/fr\\\/loterie\\\/powerball-au\\\/#primaryimage\",\"url\":\"https:\\\/\\\/content.redfoxlotto.com\\\/uploads\\\/sites\\\/9\\\/2_ticket_powerball_au2.jpg\",\"contentUrl\":\"https:\\\/\\\/content.redfoxlotto.com\\\/uploads\\\/sites\\\/9\\\/2_ticket_powerball_au2.jpg\"},{\"@type\":\"BreadcrumbList\",\"@id\":\"https:\\\/\\\/redfoxlotto.com\\\/fr\\\/loterie\\\/powerball-au\\\/#breadcrumb\",\"itemListElement\":[{\"@type\":\"ListItem\",\"position\":1,\"name\":\"Home\",\"item\":\"https:\\\/\\\/redfoxlotto.com\\\/fr\\\/\"},{\"@type\":\"ListItem\",\"position\":2,\"name\":\"Processus d&rsquo;achat de billets de loterie internationaux en ligne\",\"item\":\"https:\\\/\\\/redfoxlotto.com\\\/fr\\\/loterie\\\/\"},{\"@type\":\"ListItem\",\"position\":3,\"name\":\"Information sur Powerball (AU)\"}]},{\"@type\":\"WebSite\",\"@id\":\"https:\\\/\\\/redfoxlotto.com\\\/fr\\\/#website\",\"url\":\"https:\\\/\\\/redfoxlotto.com\\\/fr\\\/\",\"name\":\"Get Tickets for the World\u2019s largest jackpots\",\"description\":\"Participate in worldwide lottery jackpots from any country\",\"publisher\":{\"@id\":\"https:\\\/\\\/redfoxlotto.com\\\/fr\\\/#organization\"},\"potentialAction\":[{\"@type\":\"SearchAction\",\"target\":{\"@type\":\"EntryPoint\",\"urlTemplate\":\"https:\\\/\\\/redfoxlotto.com\\\/fr\\\/?s={search_term_string}\"},\"query-input\":{\"@type\":\"PropertyValueSpecification\",\"valueRequired\":true,\"valueName\":\"search_term_string\"}}],\"inLanguage\":\"fr-FR\"},{\"@type\":\"Organization\",\"@id\":\"https:\\\/\\\/redfoxlotto.com\\\/fr\\\/#organization\",\"name\":\"Get Tickets for the World\u2019s largest jackpots\",\"url\":\"https:\\\/\\\/redfoxlotto.com\\\/fr\\\/\",\"logo\":{\"@type\":\"ImageObject\",\"inLanguage\":\"fr-FR\",\"@id\":\"https:\\\/\\\/redfoxlotto.com\\\/fr\\\/#\\\/schema\\\/logo\\\/image\\\/\",\"url\":\"https:\\\/\\\/redfoxlotto.com\\\/wp-content\\\/uploads\\\/2023\\\/04\\\/logo.png\",\"contentUrl\":\"https:\\\/\\\/redfoxlotto.com\\\/wp-content\\\/uploads\\\/2023\\\/04\\\/logo.png\",\"width\":269,\"height\":53,\"caption\":\"Get Tickets for the World\u2019s largest jackpots\"},\"image\":{\"@id\":\"https:\\\/\\\/redfoxlotto.com\\\/fr\\\/#\\\/schema\\\/logo\\\/image\\\/\"}}]}<\/script>\n<!-- \/ Yoast SEO plugin. -->","yoast_head_json":{"title":"Ce que vous devez savoir sur l'une des meilleures loteries d'Australie.","description":"La Powerball Au Powerball est un des plus gros jackpots parmi les loteries d'Australie, cette information pourrait vous prendre un pas plus pr\u00e8s de frapper le jackpot.","robots":{"index":"index","follow":"follow","max-snippet":"max-snippet:-1","max-image-preview":"max-image-preview:large","max-video-preview":"max-video-preview:-1"},"canonical":"https:\/\/redfoxlotto.com\/fr\/loterie\/powerball-au\/","og_locale":"fr_FR","og_type":"article","og_title":"Ce que vous devez savoir sur l'une des meilleures loteries d'Australie.","og_description":"La Powerball Au Powerball est un des plus gros jackpots parmi les loteries d'Australie, cette information pourrait vous prendre un pas plus pr\u00e8s de frapper le jackpot.","og_url":"https:\/\/redfoxlotto.com\/fr\/loterie\/powerball-au\/","og_site_name":"Get Tickets for the World\u2019s largest jackpots","article_modified_time":"2019-02-07T06:48:16+00:00","og_image":[{"url":"https:\/\/content.redfoxlotto.com\/uploads\/sites\/9\/2_ticket_powerball_au2.jpg","type":"","width":"","height":""}],"twitter_card":"summary_large_image","twitter_misc":{"Dur\u00e9e de lecture estim\u00e9e":"2 minutes"},"schema":{"@context":"https:\/\/schema.org","@graph":[{"@type":"WebPage","@id":"https:\/\/redfoxlotto.com\/fr\/loterie\/powerball-au\/","url":"https:\/\/redfoxlotto.com\/fr\/loterie\/powerball-au\/","name":"Ce que vous devez savoir sur l'une des meilleures loteries d'Australie.","isPartOf":{"@id":"https:\/\/redfoxlotto.com\/fr\/#website"},"primaryImageOfPage":{"@id":"https:\/\/redfoxlotto.com\/fr\/loterie\/powerball-au\/#primaryimage"},"image":{"@id":"https:\/\/redfoxlotto.com\/fr\/loterie\/powerball-au\/#primaryimage"},"thumbnailUrl":"https:\/\/content.redfoxlotto.com\/uploads\/sites\/9\/2_ticket_powerball_au2.jpg","datePublished":"2018-11-18T08:54:25+00:00","dateModified":"2019-02-07T06:48:16+00:00","description":"La Powerball Au Powerball est un des plus gros jackpots parmi les loteries d'Australie, cette information pourrait vous prendre un pas plus pr\u00e8s de frapper le jackpot.","breadcrumb":{"@id":"https:\/\/redfoxlotto.com\/fr\/loterie\/powerball-au\/#breadcrumb"},"inLanguage":"fr-FR","potentialAction":[{"@type":"ReadAction","target":["https:\/\/redfoxlotto.com\/fr\/loterie\/powerball-au\/"]}]},{"@type":"ImageObject","inLanguage":"fr-FR","@id":"https:\/\/redfoxlotto.com\/fr\/loterie\/powerball-au\/#primaryimage","url":"https:\/\/content.redfoxlotto.com\/uploads\/sites\/9\/2_ticket_powerball_au2.jpg","contentUrl":"https:\/\/content.redfoxlotto.com\/uploads\/sites\/9\/2_ticket_powerball_au2.jpg"},{"@type":"BreadcrumbList","@id":"https:\/\/redfoxlotto.com\/fr\/loterie\/powerball-au\/#breadcrumb","itemListElement":[{"@type":"ListItem","position":1,"name":"Home","item":"https:\/\/redfoxlotto.com\/fr\/"},{"@type":"ListItem","position":2,"name":"Processus d&rsquo;achat de billets de loterie internationaux en ligne","item":"https:\/\/redfoxlotto.com\/fr\/loterie\/"},{"@type":"ListItem","position":3,"name":"Information sur Powerball (AU)"}]},{"@type":"WebSite","@id":"https:\/\/redfoxlotto.com\/fr\/#website","url":"https:\/\/redfoxlotto.com\/fr\/","name":"Get Tickets for the World\u2019s largest jackpots","description":"Participate in worldwide lottery jackpots from any country","publisher":{"@id":"https:\/\/redfoxlotto.com\/fr\/#organization"},"potentialAction":[{"@type":"SearchAction","target":{"@type":"EntryPoint","urlTemplate":"https:\/\/redfoxlotto.com\/fr\/?s={search_term_string}"},"query-input":{"@type":"PropertyValueSpecification","valueRequired":true,"valueName":"search_term_string"}}],"inLanguage":"fr-FR"},{"@type":"Organization","@id":"https:\/\/redfoxlotto.com\/fr\/#organization","name":"Get Tickets for the World\u2019s largest jackpots","url":"https:\/\/redfoxlotto.com\/fr\/","logo":{"@type":"ImageObject","inLanguage":"fr-FR","@id":"https:\/\/redfoxlotto.com\/fr\/#\/schema\/logo\/image\/","url":"https:\/\/redfoxlotto.com\/wp-content\/uploads\/2023\/04\/logo.png","contentUrl":"https:\/\/redfoxlotto.com\/wp-content\/uploads\/2023\/04\/logo.png","width":269,"height":53,"caption":"Get Tickets for the World\u2019s largest jackpots"},"image":{"@id":"https:\/\/redfoxlotto.com\/fr\/#\/schema\/logo\/image\/"}}]}},"_links":{"self":[{"href":"https:\/\/redfoxlotto.com\/fr\/wp-json\/wp\/v2\/pages\/1523","targetHints":{"allow":["GET"]}}],"collection":[{"href":"https:\/\/redfoxlotto.com\/fr\/wp-json\/wp\/v2\/pages"}],"about":[{"href":"https:\/\/redfoxlotto.com\/fr\/wp-json\/wp\/v2\/types\/page"}],"author":[{"embeddable":true,"href":"https:\/\/redfoxlotto.com\/fr\/wp-json\/wp\/v2\/users\/1"}],"replies":[{"embeddable":true,"href":"https:\/\/redfoxlotto.com\/fr\/wp-json\/wp\/v2\/comments?post=1523"}],"version-history":[{"count":0,"href":"https:\/\/redfoxlotto.com\/fr\/wp-json\/wp\/v2\/pages\/1523\/revisions"}],"up":[{"embeddable":true,"href":"https:\/\/redfoxlotto.com\/fr\/wp-json\/wp\/v2\/pages\/1513"}],"wp:attachment":[{"href":"https:\/\/redfoxlotto.com\/fr\/wp-json\/wp\/v2\/media?parent=1523"}],"curies":[{"name":"wp","href":"https:\/\/api.w.org\/{rel}","templated":true}]}}