{"id":1519,"date":"2018-11-18T08:54:25","date_gmt":"2018-11-18T08:54:25","guid":{"rendered":"https:\/\/redfoxlotto.com\/?page_id=4691"},"modified":"2025-12-18T12:57:19","modified_gmt":"2025-12-18T12:57:19","slug":"mega-millions","status":"publish","type":"page","link":"https:\/\/redfoxlotto.com\/fr\/loterie\/mega-millions\/","title":{"rendered":"A propos de Mega Millions"},"content":{"rendered":"<p><script type=\"application\/ld+json\">\n{\n  \"@context\": \"https:\/\/schema.org\",\n  \"@type\": \"Service\",\n  \"name\": \"Jouer \u00e0 Mega Millions en ligne\",\n  \"url\": \"https:\/\/redfoxlotto.com\/fr\/lotteries\/mega-millions\",\n  \"description\": \"Achetez des billets officiels Mega Millions en ligne depuis n\u2019importe quel pays. Visitez RedFoxLotto, choisissez vos num\u00e9ros et participez au prochain tirage.\",\n  \"serviceType\": \"Service de messagerie de billets de loterie en ligne\",<\/p>\n<p>  \"provider\": {\n    \"@type\": \"Organization\",\n    \"name\": \"RedFoxLotto\",\n    \"url\": \"https:\/\/redfoxlotto.com\/fr\",\n    \"image\": \"https:\/\/redfoxlotto.com\/fr\/wp-content\/uploads\/2025\/12\/ticket_scans.jpg\",\n    \"sameAs\": []\n  },<\/p>\n<p>  \"areaServed\": \"Worldwide\",\n  \"termsOfService\": \"https:\/\/redfoxlotto.com\/terms-and-conditions\",<\/p>\n<p>  \"additionalProperty\": {\n    \"@type\": \"PropertyValue\",\n    \"name\": \"FAQ\",\n    \"value\": \"https:\/\/redfoxlotto.com\/fr\/faq\/\"\n  },<\/p>\n<p>  \"hasOfferCatalog\": {\n    \"@type\": \"OfferCatalog\",\n    \"name\": \"Billets Mega Millions\",\n    \"itemListElement\": [\n      {\n        \"@type\": \"Offer\",\n        \"name\": \"Billets Mega Millions\",\n        \"url\": \"https:\/\/redfoxlotto.com\/fr\/lotteries\/powerball\",\n        \"description\": \"Achetez de vrais billets en ligne pour le prochain tirage Mega Millions sur RedFoxLotto.\",\n        \"price\": \"13.00\",\n        \"priceCurrency\": \"\u20ac\",\n        \"availability\": \"https:\/\/schema.org\/InStock\",<\/p>\n<p>        \"itemOffered\": {\n          \"@type\": \"Service\",\n          \"name\": \"Billets de loterie Mega Millions\",\n          \"description\": \"Participez au prochain tirage Mega Millions \u2013 achetez vos billets en ligne via RedFoxLotto.\"\n        }\n      }\n    ]\n  },<\/p>\n<p>  \"mainEntityOfPage\": {\n    \"@type\": \"WebPage\",\n    \"@id\": \"https:\/\/redfoxlotto.com\/fr\/lotteries\/mega-millions\"\n  }\n}\n<\/script><\/p>\n<p>Connue sous le nom de \u00ab\u00a0The Big Game\u00a0\u00bb jusqu&rsquo;en 2002, cette loterie de 44 \u00c9tats am\u00e9ricains est d\u00e9sormais connue dans le monde entier sous le nom de Mega Millions. Deux tirages par semaine (tous les mardis et vendredis) sont organis\u00e9s \u00e0 cet effet. Si vous n&rsquo;avez jamais entendu parler de ce jeu ou si vous n&rsquo;y avez pas vraiment pr\u00eat\u00e9 attention jusqu&rsquo;\u00e0 pr\u00e9sent, vous aurez certainement envie d&rsquo;y jeter un coup d&rsquo;\u0153il et de voir ce que vous pouvez en tirer.<\/p>\n<p>C&rsquo;est un prix que vous voudrez certainement gagner et c&rsquo;est un jeu tr\u00e8s facile \u00e0 jouer. Vous avez donc tout \u00e0 gagner \u00e0 acheter des tickets Mega Millions en ligne depuis la France.<\/p>\n<h2>Jackpot Mega Millions<\/h2>\n<p>Mega Millions est connu pour ses gros jackpots. En 2018, un jackpot record de plus de 1,5 milliard de dollars a \u00e9t\u00e9 remport\u00e9 par un seul chanceux. C&rsquo;est certainement le type de jackpot que vous voulez gagner, n&rsquo;est-ce pas ? Et les chances ne sont certainement pas aussi mauvaises que pour certains jackpots.<br \/>\n<img loading=\"lazy\" decoding=\"async\" class=\"alignright wp-image\" src=\"https:\/\/content.redfoxlotto.com\/uploads\/sites\/9\/2_ticket_mega_millions2.jpg\" alt=\"Mega Millions en ligne\" width=\"200\" height=\"207\" \/><br \/>\nCe qui est encore mieux avec le Mega Millions, c&rsquo;est que les jackpots sont toujours \u00e9lev\u00e9s. En effet, le jackpot commence \u00e0 40 millions de dollars. Ainsi, m\u00eame si vous gagnez le jackpot de base avant qu&rsquo;il ne commence \u00e0 augmenter (ce qui arrive rarement), vous obtiendrez toujours un excellent paiement.<\/p>\n<p>Si vous remportez le jackpot plus tard, lorsqu&rsquo;il commence \u00e0 augmenter, vous pouvez gagner beaucoup plus. Mieux encore, ces jackpots augmentent tr\u00e8s rapidement. Ainsi, ce qui commence \u00e0 40 millions de dollars aujourd&rsquo;hui peut facilement d\u00e9passer les 100 millions de dollars en l&rsquo;espace d&rsquo;une semaine ou moins. \u00c0 partir de l\u00e0, le jackpot peut atteindre plusieurs centaines de millions et vous pouvez m\u00eame participer \u00e0 un nouveau tirage d&rsquo;un milliard de dollars. Cela vaudrait vraiment la peine d&rsquo;investir quelques dollars dans des billets, n&rsquo;est-ce pas ?<\/p>\n<p>Sur notre site web, vous avez la possibilit\u00e9 d&rsquo;acheter des billets Mega Millions en ligne, m\u00eame si vous habitez en France. Il vous suffit de choisir vos num\u00e9ros, d&rsquo;acheter votre billet et d&rsquo;attendre les r\u00e9sultats du tirage ! Nous verrons dans une minute les diff\u00e9rentes \u00e9tapes et ce qu&rsquo;il faut faire pour commencer, mais concentrons-nous d&rsquo;abord sur le Mega Millions lui-m\u00eame, d&rsquo;accord ?<\/p>\n<h2>Les r\u00e8gles du Mega Millions<\/h2>\n<p>Les r\u00e8gles du jeu Mega Millions sont simples. Vous devez s\u00e9lectionner 5 num\u00e9ros entre 1 et 70, plus un num\u00e9ro MegaBall suppl\u00e9mentaire. Tous les num\u00e9ros doivent \u00eatre identiques pour remporter le jackpot. Cela ne signifie pas que vous ne pouvez rien gagner si vous n&rsquo;obtenez pas le jackpot. Il existe en effet un certain nombre de prix diff\u00e9rents que vous pouvez gagner. Au Mega Millions, vous pouvez gagner dans neuf cat\u00e9gories de prix.<\/p>\n<p>Ce qui est vraiment g\u00e9nial, c&rsquo;est que vous pouvez gagner en ne faisant correspondre qu&rsquo;un seul num\u00e9ro, \u00e0 condition que ce num\u00e9ro soit la MegaBall. Si vous faites correspondre ce num\u00e9ro, vous gagnerez un prix automatique et ce n&rsquo;est que le d\u00e9but. Vous pouvez gagner de tr\u00e8s petits prix qui vous permettent simplement de r\u00e9cup\u00e9rer l&rsquo;argent que vous avez d\u00e9pens\u00e9 pour acheter le billet, ou vous pouvez gagner de gros prix qui sont encore plus petits que le jackpot r\u00e9el.<br \/>\nDe plus, chaque prix sous le jackpot est gagn\u00e9 individuellement. Cela signifie que vous n&rsquo;avez pas \u00e0 partager l&rsquo;argent si quelqu&rsquo;un d&rsquo;autre gagne \u00e9galement ce prix.<\/p>\n<h2>Acheter un billet Mega Millions en ligne en France<\/h2>\n<p>\u00cates-vous pr\u00eat \u00e0 acheter votre premier billet Mega Millions en ligne ? Si c&rsquo;est le cas, vous voudrez certainement jeter un coup d&rsquo;\u0153il aux \u00e9tapes de la proc\u00e9dure. Nous rendons les choses aussi simples que possible parce que nous savons que vous voulez vraiment acheter votre billet, participer au tirage et ensuite vaquer \u00e0 d&rsquo;autres occupations. C&rsquo;est pourquoi la proc\u00e9dure ne comporte que quelques \u00e9tapes.<\/p>\n<p>La premi\u00e8re \u00e9tape consiste \u00e0 d\u00e9cider ce que vous allez acheter. Si vous voulez acheter des billets Mega Millions en ligne, ce sera facile. Il vous suffit de trouver le jeu et d&rsquo;aller sur la page qui lui est consacr\u00e9e.<\/p>\n<p>Si vous voulez acheter des billets pour d&rsquo;autres jeux, vous pourrez voir chacun d&rsquo;entre eux ainsi que leurs jackpots actuels disponibles sur le m\u00eame \u00e9cran et vous pourrez acc\u00e9der \u00e0 chacun d&rsquo;entre eux individuellement. Il est donc tr\u00e8s facile pour vous de d\u00e9cider ce que vous allez faire et de choisir les billets que vous voulez.<br \/>\n<img loading=\"lazy\" decoding=\"async\" class=\"alignright wp-image\" src=\"https:\/\/content.redfoxlotto.com\/uploads\/sites\/9\/1_buy_mega_millions_lottery_tickets.jpg\" alt=\"acheter des billets en ligne\" width=\"287\" height=\"202\" \/><br \/>\nUne fois sur la page, vous pouvez en savoir plus sur le Mega Millions et choisir les num\u00e9ros que vous voulez jouer. Si vous avez des num\u00e9ros sp\u00e9cifiques, vous pouvez les choisir directement sur cet \u00e9cran. Si vous n&rsquo;avez que quelques num\u00e9ros et que vous souhaitez que les autres soient attribu\u00e9s de mani\u00e8re al\u00e9atoire, c&rsquo;est \u00e9galement une option. Vous pouvez \u00e9galement choisir d&rsquo;obtenir un billet enti\u00e8rement al\u00e9atoire. C&rsquo;est vous qui d\u00e9cidez. Dans tous les cas, vous saurez si vous avez assez de num\u00e9ros, trop peu ou trop de num\u00e9ros, car nous nous assurerons que votre billet est valide avant m\u00eame que vous ne passiez \u00e0 la page suivante.<\/p>\n<h2>Processus de paiement<\/h2>\n<p>Apr\u00e8s avoir choisi les billets Mega Millions que vous voulez, vous pouvez les ajouter \u00e0 votre panier et s\u00e9lectionner des billets suppl\u00e9mentaires si vous le souhaitez, ou vous pouvez passer \u00e0 la proc\u00e9dure de paiement. Pour r\u00e9gler votre commande, vous aurez besoin de cr\u00e9er un compte chez nous, ce qui est tr\u00e8s facile \u00e0 faire.<\/p>\n<p>Il vous suffit de fournir quelques informations de base vous concernant afin de pouvoir r\u00e9clamer les prix si n\u00e9cessaire.<\/p>\n<p>C&rsquo;est tout ce qu&rsquo;il y a \u00e0 faire. Vous confirmez votre achat, nous obtenons les billets pour vous et ils apparaissent directement sur votre compte pour que vous puissiez regarder et voir si vous avez gagn\u00e9. Nous vous enverrons m\u00eame un e-mail si votre billet est gagnant et nous vous indiquerons directement sur votre compte quels num\u00e9ros ont \u00e9t\u00e9 tir\u00e9s au sort. Vous n&rsquo;aurez aucun mal \u00e0 vivre une exp\u00e9rience exceptionnelle avec le Mega Millions et vous voudrez continuer \u00e0 jouer \u00e0 chaque jeu.<\/p>\n","protected":false},"excerpt":{"rendered":"<p>Connue sous le nom de \u00ab\u00a0The Big Game\u00a0\u00bb jusqu&rsquo;en 2002, cette loterie de 44 \u00c9tats am\u00e9ricains est d\u00e9sormais connue dans le monde entier sous le nom de Mega Millions. Deux tirages par semaine (tous les mardis et vendredis) sont organis\u00e9s \u00e0 cet effet. Si vous n&rsquo;avez jamais entendu parler de ce jeu ou si vous [&hellip;]<\/p>\n","protected":false},"author":1,"featured_media":0,"parent":1513,"menu_order":2,"comment_status":"closed","ping_status":"closed","template":"megamillion-info.php","meta":{"_et_pb_use_builder":"","_et_pb_old_content":"","_et_gb_content_width":"","exclude_from_search":false,"footnotes":""},"class_list":["post-1519","page","type-page","status-publish","hentry"],"yoast_head":"<!-- This site is optimized with the Yoast SEO plugin v23.8 - https:\/\/yoast.com\/wordpress\/plugins\/seo\/ -->\n<title>Acheter des tickets Mega Millions en ligne | Mega Millions est maintenant disponible en France<\/title>\n<meta name=\"description\" content=\"D\u00e9couvrez Mega Millions Lotto USA et comment vous pouvez acheter des billets Mega Millions en ligne, depuis la France ou depuis n&#039;importe quel pays du monde.\" \/>\n<meta name=\"robots\" content=\"index, follow, max-snippet:-1, max-image-preview:large, max-video-preview:-1\" \/>\n<link rel=\"canonical\" href=\"https:\/\/redfoxlotto.com\/fr\/lotteries\/mega-millions\/\" \/>\n<meta property=\"og:locale\" content=\"fr_FR\" \/>\n<meta property=\"og:type\" content=\"article\" \/>\n<meta property=\"og:title\" content=\"Acheter des tickets Mega Millions en ligne | Mega Millions est maintenant disponible en France\" \/>\n<meta property=\"og:description\" content=\"D\u00e9couvrez Mega Millions Lotto USA et comment vous pouvez acheter des billets Mega Millions en ligne, depuis la France ou depuis n&#039;importe quel pays du monde.\" \/>\n<meta property=\"og:url\" content=\"https:\/\/redfoxlotto.com\/lotteries\/mega-millions\/\" \/>\n<meta property=\"og:site_name\" content=\"Get Tickets for the World\u2019s largest jackpots\" \/>\n<meta property=\"article:modified_time\" content=\"2025-12-18T12:57:19+00:00\" \/>\n<meta property=\"og:image\" content=\"https:\/\/content.redfoxlotto.com\/uploads\/sites\/9\/2_ticket_mega_millions2.jpg\" \/>\n<meta name=\"twitter:card\" content=\"summary_large_image\" \/>\n<meta name=\"twitter:label1\" content=\"Dur\u00e9e de lecture estim\u00e9e\" \/>\n\t<meta name=\"twitter:data1\" content=\"5 minutes\" \/>\n<script type=\"application\/ld+json\" class=\"yoast-schema-graph\">{\"@context\":\"https:\/\/schema.org\",\"@graph\":[{\"@type\":\"WebPage\",\"@id\":\"https:\/\/redfoxlotto.com\/fr\/loterie\/mega-millions\/\",\"url\":\"https:\/\/redfoxlotto.com\/lotteries\/mega-millions\/\",\"name\":\"Acheter des tickets Mega Millions en ligne | Mega Millions est maintenant disponible en France\",\"isPartOf\":{\"@id\":\"https:\/\/redfoxlotto.com\/fr\/#website\"},\"primaryImageOfPage\":{\"@id\":\"https:\/\/redfoxlotto.com\/lotteries\/mega-millions\/#primaryimage\"},\"image\":{\"@id\":\"https:\/\/redfoxlotto.com\/lotteries\/mega-millions\/#primaryimage\"},\"thumbnailUrl\":\"https:\/\/content.redfoxlotto.com\/uploads\/sites\/9\/2_ticket_mega_millions2.jpg\",\"datePublished\":\"2018-11-18T08:54:25+00:00\",\"dateModified\":\"2025-12-18T12:57:19+00:00\",\"description\":\"D\u00e9couvrez Mega Millions Lotto USA et comment vous pouvez acheter des billets Mega Millions en ligne, depuis la France ou depuis n'importe quel pays du monde.\",\"breadcrumb\":{\"@id\":\"https:\/\/redfoxlotto.com\/lotteries\/mega-millions\/#breadcrumb\"},\"inLanguage\":\"fr-FR\",\"potentialAction\":[{\"@type\":\"ReadAction\",\"target\":[\"https:\/\/redfoxlotto.com\/lotteries\/mega-millions\/\"]}]},{\"@type\":\"ImageObject\",\"inLanguage\":\"fr-FR\",\"@id\":\"https:\/\/redfoxlotto.com\/lotteries\/mega-millions\/#primaryimage\",\"url\":\"https:\/\/content.redfoxlotto.com\/uploads\/sites\/9\/2_ticket_mega_millions2.jpg\",\"contentUrl\":\"https:\/\/content.redfoxlotto.com\/uploads\/sites\/9\/2_ticket_mega_millions2.jpg\"},{\"@type\":\"BreadcrumbList\",\"@id\":\"https:\/\/redfoxlotto.com\/lotteries\/mega-millions\/#breadcrumb\",\"itemListElement\":[{\"@type\":\"ListItem\",\"position\":1,\"name\":\"Home\",\"item\":\"https:\/\/redfoxlotto.com\/fr\/\"},{\"@type\":\"ListItem\",\"position\":2,\"name\":\"Processus d&rsquo;achat de billets de loterie internationaux en ligne\",\"item\":\"https:\/\/redfoxlotto.com\/fr\/loterie\/\"},{\"@type\":\"ListItem\",\"position\":3,\"name\":\"A propos de Mega Millions\"}]},{\"@type\":\"WebSite\",\"@id\":\"https:\/\/redfoxlotto.com\/fr\/#website\",\"url\":\"https:\/\/redfoxlotto.com\/fr\/\",\"name\":\"Get Tickets for the World\u2019s largest jackpots\",\"description\":\"Participate in worldwide lottery jackpots from any country\",\"publisher\":{\"@id\":\"https:\/\/redfoxlotto.com\/fr\/#organization\"},\"potentialAction\":[{\"@type\":\"SearchAction\",\"target\":{\"@type\":\"EntryPoint\",\"urlTemplate\":\"https:\/\/redfoxlotto.com\/fr\/?s={search_term_string}\"},\"query-input\":{\"@type\":\"PropertyValueSpecification\",\"valueRequired\":true,\"valueName\":\"search_term_string\"}}],\"inLanguage\":\"fr-FR\"},{\"@type\":\"Organization\",\"@id\":\"https:\/\/redfoxlotto.com\/fr\/#organization\",\"name\":\"Get Tickets for the World\u2019s largest jackpots\",\"url\":\"https:\/\/redfoxlotto.com\/fr\/\",\"logo\":{\"@type\":\"ImageObject\",\"inLanguage\":\"fr-FR\",\"@id\":\"https:\/\/redfoxlotto.com\/fr\/#\/schema\/logo\/image\/\",\"url\":\"https:\/\/redfoxlotto.com\/wp-content\/uploads\/2023\/04\/logo.png\",\"contentUrl\":\"https:\/\/redfoxlotto.com\/wp-content\/uploads\/2023\/04\/logo.png\",\"width\":269,\"height\":53,\"caption\":\"Get Tickets for the World\u2019s largest jackpots\"},\"image\":{\"@id\":\"https:\/\/redfoxlotto.com\/fr\/#\/schema\/logo\/image\/\"}}]}<\/script>\n<!-- \/ Yoast SEO plugin. -->","yoast_head_json":{"title":"Acheter des tickets Mega Millions en ligne | Mega Millions est maintenant disponible en France","description":"D\u00e9couvrez Mega Millions Lotto USA et comment vous pouvez acheter des billets Mega Millions en ligne, depuis la France ou depuis n'importe quel pays du monde.","robots":{"index":"index","follow":"follow","max-snippet":"max-snippet:-1","max-image-preview":"max-image-preview:large","max-video-preview":"max-video-preview:-1"},"canonical":"https:\/\/redfoxlotto.com\/fr\/lotteries\/mega-millions\/","og_locale":"fr_FR","og_type":"article","og_title":"Acheter des tickets Mega Millions en ligne | Mega Millions est maintenant disponible en France","og_description":"D\u00e9couvrez Mega Millions Lotto USA et comment vous pouvez acheter des billets Mega Millions en ligne, depuis la France ou depuis n'importe quel pays du monde.","og_url":"https:\/\/redfoxlotto.com\/lotteries\/mega-millions\/","og_site_name":"Get Tickets for the World\u2019s largest jackpots","article_modified_time":"2025-12-18T12:57:19+00:00","og_image":[{"url":"https:\/\/content.redfoxlotto.com\/uploads\/sites\/9\/2_ticket_mega_millions2.jpg"}],"twitter_card":"summary_large_image","twitter_misc":{"Dur\u00e9e de lecture estim\u00e9e":"5 minutes"},"schema":{"@context":"https:\/\/schema.org","@graph":[{"@type":"WebPage","@id":"https:\/\/redfoxlotto.com\/fr\/loterie\/mega-millions\/","url":"https:\/\/redfoxlotto.com\/lotteries\/mega-millions\/","name":"Acheter des tickets Mega Millions en ligne | Mega Millions est maintenant disponible en France","isPartOf":{"@id":"https:\/\/redfoxlotto.com\/fr\/#website"},"primaryImageOfPage":{"@id":"https:\/\/redfoxlotto.com\/lotteries\/mega-millions\/#primaryimage"},"image":{"@id":"https:\/\/redfoxlotto.com\/lotteries\/mega-millions\/#primaryimage"},"thumbnailUrl":"https:\/\/content.redfoxlotto.com\/uploads\/sites\/9\/2_ticket_mega_millions2.jpg","datePublished":"2018-11-18T08:54:25+00:00","dateModified":"2025-12-18T12:57:19+00:00","description":"D\u00e9couvrez Mega Millions Lotto USA et comment vous pouvez acheter des billets Mega Millions en ligne, depuis la France ou depuis n'importe quel pays du monde.","breadcrumb":{"@id":"https:\/\/redfoxlotto.com\/lotteries\/mega-millions\/#breadcrumb"},"inLanguage":"fr-FR","potentialAction":[{"@type":"ReadAction","target":["https:\/\/redfoxlotto.com\/lotteries\/mega-millions\/"]}]},{"@type":"ImageObject","inLanguage":"fr-FR","@id":"https:\/\/redfoxlotto.com\/lotteries\/mega-millions\/#primaryimage","url":"https:\/\/content.redfoxlotto.com\/uploads\/sites\/9\/2_ticket_mega_millions2.jpg","contentUrl":"https:\/\/content.redfoxlotto.com\/uploads\/sites\/9\/2_ticket_mega_millions2.jpg"},{"@type":"BreadcrumbList","@id":"https:\/\/redfoxlotto.com\/lotteries\/mega-millions\/#breadcrumb","itemListElement":[{"@type":"ListItem","position":1,"name":"Home","item":"https:\/\/redfoxlotto.com\/fr\/"},{"@type":"ListItem","position":2,"name":"Processus d&rsquo;achat de billets de loterie internationaux en ligne","item":"https:\/\/redfoxlotto.com\/fr\/loterie\/"},{"@type":"ListItem","position":3,"name":"A propos de Mega Millions"}]},{"@type":"WebSite","@id":"https:\/\/redfoxlotto.com\/fr\/#website","url":"https:\/\/redfoxlotto.com\/fr\/","name":"Get Tickets for the World\u2019s largest jackpots","description":"Participate in worldwide lottery jackpots from any country","publisher":{"@id":"https:\/\/redfoxlotto.com\/fr\/#organization"},"potentialAction":[{"@type":"SearchAction","target":{"@type":"EntryPoint","urlTemplate":"https:\/\/redfoxlotto.com\/fr\/?s={search_term_string}"},"query-input":{"@type":"PropertyValueSpecification","valueRequired":true,"valueName":"search_term_string"}}],"inLanguage":"fr-FR"},{"@type":"Organization","@id":"https:\/\/redfoxlotto.com\/fr\/#organization","name":"Get Tickets for the World\u2019s largest jackpots","url":"https:\/\/redfoxlotto.com\/fr\/","logo":{"@type":"ImageObject","inLanguage":"fr-FR","@id":"https:\/\/redfoxlotto.com\/fr\/#\/schema\/logo\/image\/","url":"https:\/\/redfoxlotto.com\/wp-content\/uploads\/2023\/04\/logo.png","contentUrl":"https:\/\/redfoxlotto.com\/wp-content\/uploads\/2023\/04\/logo.png","width":269,"height":53,"caption":"Get Tickets for the World\u2019s largest jackpots"},"image":{"@id":"https:\/\/redfoxlotto.com\/fr\/#\/schema\/logo\/image\/"}}]}},"_links":{"self":[{"href":"https:\/\/redfoxlotto.com\/fr\/wp-json\/wp\/v2\/pages\/1519","targetHints":{"allow":["GET"]}}],"collection":[{"href":"https:\/\/redfoxlotto.com\/fr\/wp-json\/wp\/v2\/pages"}],"about":[{"href":"https:\/\/redfoxlotto.com\/fr\/wp-json\/wp\/v2\/types\/page"}],"author":[{"embeddable":true,"href":"https:\/\/redfoxlotto.com\/fr\/wp-json\/wp\/v2\/users\/1"}],"replies":[{"embeddable":true,"href":"https:\/\/redfoxlotto.com\/fr\/wp-json\/wp\/v2\/comments?post=1519"}],"version-history":[{"count":0,"href":"https:\/\/redfoxlotto.com\/fr\/wp-json\/wp\/v2\/pages\/1519\/revisions"}],"up":[{"embeddable":true,"href":"https:\/\/redfoxlotto.com\/fr\/wp-json\/wp\/v2\/pages\/1513"}],"wp:attachment":[{"href":"https:\/\/redfoxlotto.com\/fr\/wp-json\/wp\/v2\/media?parent=1519"}],"curies":[{"name":"wp","href":"https:\/\/api.w.org\/{rel}","templated":true}]}}